
{"id":108795,"date":"2020-12-18T10:43:41","date_gmt":"2020-12-18T10:43:41","guid":{"rendered":"https:\/\/127.0.0.1\/resources\/success-story-samtige-haut\/"},"modified":"2020-12-18T10:43:41","modified_gmt":"2020-12-18T10:43:41","slug":"success-story-samtige-haut","status":"publish","type":"page","link":"https:\/\/www.sellerlogic.com\/cs\/resources\/success-story-samtige-haut\/","title":{"rendered":"\u00dasp\u011b\u0161n\u00fd p\u0159\u00edb\u011bh: Sametov\u00e1 ple\u0165 EN"},"content":{"rendered":"\n\t<div  class=\"theme-wp-block theme-block-main-header is-style-full-height desktop-align-full xl-align-full lg-align-full md-align-full sm-align-full desktop-content-align-y-center desktop-content-align-x-center xl-content-align-y-center xl-content-align-x-center lg-content-align-y-center lg-content-align-x-center md-content-align-y-center md-content-align-x-center sm-content-align-y-center sm-content-align-x-center gb-responsive-911782-identifier theme-block-cover\">\n\t\t<div class=\"bg-cover theme-lazy-load-bg\"><\/div>\n\t\t<div class=\"wrap-content-main-header\">\n\t\t\t\t\t<div  class=\"theme-wp-block theme-block-text-and-text desktop-blockDirection-row xl-blockDirection-row lg-blockDirection-row md-blockDirection-row sm-blockDirection-row gb-responsive-289238-identifier desktop-align-full xl-align-full lg-align-full md-align-full sm-align-full alignfull\">\n\t\t<div class=\"tat-column-wrap-wrapper\">\n\t\t\t<div class=\"tat-column-wrapper\">\n\t\t\t\t\t<div  class=\"theme-wp-block theme-block-text-and-text-column gb-responsive-421034-identifier desktop-horizontal-center xl-horizontal-center lg-horizontal-center md-horizontal-center sm-horizontal-center\">\n\t\t<div class=\"inner-wrap-column-content\">\n\t\t\t<div class=\"inner-column-content\">\n\t\t\t\t\t\t<h1  class=\"theme-wp-block theme-block-heading is-style-default sm-text-center md-text-center desktop-text-center xl-text-center lg-text-center gb-responsive-292481-identifier desktop-align-full xl-align-full lg-align-full md-align-full sm-align-full alignfull h1 has-text-align\">\n\t\tVr\u00e1t\u00ed s kliknut\u00edm\t<\/h1>\n\n\t\t<h2  class=\"theme-wp-block theme-block-heading is-style-default sm-text-center md-text-center desktop-text-center xl-text-center lg-text-center gb-responsive-831018-identifier desktop-align-full xl-align-full lg-align-full md-align-full sm-align-full alignfull h1 has-text-align\">\n\t\t&#8220;Samtige Haut&#8221; dost\u00e1v\u00e1 n\u00e1hrady od Amazonu prost\u0159ednictv\u00edm Ztr\u00e1t a n\u00e1lez\u016f\t<\/h2>\n\n\t\t\t<\/div>\n\t\t<\/div>\n\t<\/div>\n\t<div  class=\"theme-wp-block theme-block-text-and-text-column gb-responsive-929552-identifier\">\n\t\t<div class=\"inner-wrap-column-content\">\n\t\t\t<div class=\"inner-column-content\">\n\t\t\t\t\t\t\t<\/div>\n\t\t<\/div>\n\t<\/div>\n\t\t\t<\/div>\n\t\t<\/div>\n\t<\/div>\n\n\t\t<\/div>\n\t<\/div>\n\n<div style=\"height:50px\" aria-hidden=\"true\" class=\"theme-wp-block wp-block-spacer\"><\/div><div class=\"theme-wp-block wp-block-columns gb-responsive-655645-identifier is-layout-flex wp-container-core-columns-is-layout-9d6595d7 wp-block-columns-is-layout-flex\"><div class=\"theme-wp-block wp-block-column gb-responsive-959393-identifier is-layout-flow wp-block-column-is-layout-flow\" style=\"flex-basis:25%\"><figure class=\"theme-wp-block wp-block-image size-large is-resized gb-responsive-62921-identifier\"><img decoding=\"async\" src=\"https:\/\/d2bw95mh2ee04s.cloudfront.net\/prod\/content\/wp-content\/uploads\/2020\/12\/23142732\/samtige-haut-logo.png\" alt=\"\u00dasp\u011b\u0161n\u00fd p\u0159\u00edb\u011bh: Sametov\u00e1 ple\u0165 EN\" class=\"wp-image-4561\" width=\"300\" height=\"84\" srcset=\"https:\/\/d2bw95mh2ee04s.cloudfront.net\/prod\/content\/wp-content\/uploads\/2020\/12\/23142732\/samtige-haut-logo-407x113.png 407w, https:\/\/d2bw95mh2ee04s.cloudfront.net\/prod\/content\/wp-content\/uploads\/2020\/12\/23142732\/samtige-haut-logo.png 600w\" sizes=\"(max-width: 300px) 100vw, 300px\" \/><\/figure><p class=\"theme-wp-block gb-responsive-312552-identifier\"><strong><strong>Zakladatel<\/strong>:<\/strong><br>Listopad 2016<\/p><p class=\"theme-wp-block gb-responsive-353708-identifier\"><strong><strong>Odv\u011btv\u00ed<\/strong>:<\/strong><br>Kosmetika, v\u00fd\u017eivov\u00e9 dopl\u0148ky, organick\u00e9 produkty<\/p><p class=\"theme-wp-block gb-responsive-164518-identifier\"><strong><strong>Polo\u017eky na Amazonu:<\/strong><\/strong><br>1 000<\/p><p class=\"theme-wp-block gb-responsive-888870-identifier\"><strong><strong>Odesl\u00e1n\u00ed<\/strong>:\u00a0<\/strong><br>p\u0159ibli\u017en\u011b 8 000 za m\u011bs\u00edc<\/p><\/div><div class=\"theme-wp-block wp-block-column gb-responsive-252265-identifier is-layout-flow wp-block-column-is-layout-flow\" style=\"flex-basis:50%\"><h3 class=\"theme-wp-block wp-block-heading gb-responsive-34353-identifier\" id=\"block-c06fce04-ef87-4ffc-a3d6-b768ba377d17\">Pozad\u00ed:<\/h3><p class=\"theme-wp-block gb-responsive-620393-identifier\">V roce 2018 m\u011bl Amazon obrat 232,9 miliardy americk\u00fdch dolar\u016f. P\u0159ibli\u017en\u011b 45 procent n\u011bmeck\u00fdch prodejc\u016f na Amazonu odes\u00edl\u00e1 sv\u00e9 zbo\u017e\u00ed prost\u0159ednictv\u00edm Fulfillment by Amazon (FBA). Sandra Schriewer \u2013 majitelka obchodu na Amazonu \u201eSamtige Haut\u201c (n\u011bmecky \u201eNejhlad\u0161\u00ed ple\u0165\u201c) \u2013 je jednou z nich. Navzdory v\u0161em v\u00fdhod\u00e1m programu FBA nen\u00ed pro online obchodn\u00edky ji\u017e mo\u017en\u00e9 sledovat tok dat FBA transakc\u00ed, jak se zvy\u0161uj\u00ed prodeje. Z tohoto d\u016fvodu anal\u00fdza nen\u00ed prov\u00e1d\u011bna v\u016fbec.<\/p><h3 class=\"theme-wp-block wp-block-heading gb-responsive-182281-identifier\">V\u00fdzva:<\/h3><p class=\"theme-wp-block gb-responsive-880667-identifier\">Sandra Schriewer poch\u00e1z\u00ed p\u016fvodn\u011b z kosmetick\u00e9ho pr\u016fmyslu. B\u011bhem sv\u00e9 pr\u00e1ce v oblasti E-commerce v Berl\u00edn\u011b dokon\u010dila studium online marketingu a E-commerce.<\/p><p class=\"theme-wp-block gb-responsive-3897-identifier\">Cht\u011bla uplatnit znalosti, kter\u00e9 z\u00edskala, v praxi a spojit je se svou v\u00e1\u0161n\u00ed pro kosmetiku a v\u00fd\u017eivu. Tak vznikl obchod na Amazonu \u201eSamtige Haut\u201c. S p\u0159ibli\u017en\u011b 1 000 polo\u017ekami a kolem 8 000 odesl\u00e1n\u00edmi za m\u011bs\u00edc prost\u0159ednictv\u00edm programu FBA bylo t\u00e9m\u011b\u0159 nemo\u017en\u00e9 sledovat obrovsk\u00fd tok dat na Amazonu. Brzy si uv\u011bdomila, \u017ee pot\u0159ebuje poskytovatele slu\u017eeb, kter\u00fd j\u00ed m\u016f\u017ee pomoci \u0159\u00eddit procesy programu FBA. \u201eJako online obchodn\u00edk se spol\u00e9h\u00e1te na Fulfillment by Amazon, proto\u017ee program usnad\u0148uje logistick\u00e9 procesy ve spole\u010dnosti. Nicm\u00e9n\u011b nikdo nen\u00ed dokonal\u00fd a samoz\u0159ejm\u011b i vedouc\u00ed spole\u010dnosti jako Amazon mohou ud\u011blat chyby.<\/p><p class=\"theme-wp-block gb-responsive-135542-identifier\">Manualkontrolov\u00e1n\u00ed chyb bylo vylou\u010deno. Anal\u00fdza zdroj\u016f probl\u00e9m\u016f je velmi slo\u017eit\u00e1 a vy\u017eaduje obrovsk\u00e9 mno\u017estv\u00ed \u010dasu. \u201eTo by p\u0159es\u00e1hlo jak\u00fdkoli ekonomick\u00fd r\u00e1mec,\u201c \u0159ekla n\u00e1m Sandra. \u201e\u0158e\u0161en\u00ed Lost &#038; Found od SELLERLOGIC mi doporu\u010dil m\u016fj man\u017eel, kter\u00fd ji\u017e spolupracuje s poskytovatelem slu\u017eeb Repricer a je s produktem velmi spokojen. Na trhu je mnoho \u0159e\u0161en\u00ed, kter\u00e1 Amazonsk\u00fd obchod pot\u0159ebuje, aby byl \u00fasp\u011b\u0161n\u00fd na sv\u00fdch p\u0159\u00edslu\u0161n\u00fdch trz\u00edch. V\u011b\u0159\u00edm, \u017ee Lost &#038; Found je jedine\u010dn\u00e9 a nepostradateln\u00e9 pro prodejce FBA\u201c.<\/p><h3 class=\"theme-wp-block wp-block-heading gb-responsive-115756-identifier\">\u0158e\u0161en\u00ed:<\/h3><p class=\"theme-wp-block gb-responsive-907939-identifier\">\u201eN\u00e1stroj se snadno pou\u017e\u00edv\u00e1 a lze jej rychle a jednodu\u0161e integrovat. Pokyny krok za krokem \u2013 stejn\u011b jako znalostn\u00ed b\u00e1ze \u2013 jsou velmi u\u017eite\u010dn\u00e9 a nevy\u017eaduj\u00ed \u017e\u00e1dnou podporu od SELLERLOGIC. Lost &#038; Found hl\u00e1s\u00ed nov\u00e9 p\u0159\u00edpady ka\u017ed\u00fd den a poskytuje p\u0159eddefinovan\u00e9 textov\u00e9 moduly, kter\u00e9 lze jednodu\u0161e zkop\u00edrovat a vlo\u017eit do Amazon Seller Central. Sta\u010d\u00ed jen zkop\u00edrovat a vlo\u017eit pr\u00e1ci, abych z\u00edskala n\u00e1hradu od Amazonu. Vzhledem k tomu, \u017ee p\u0159edlo\u017een\u00e9 p\u0159\u00edpady jsou obvykle p\u0159ij\u00edm\u00e1ny bez dal\u0161\u00edch ot\u00e1zek, je cel\u00fd proces velmi jednoduch\u00fd!\u201c<\/p><div class=\"theme-block-group-wrap\"><div class=\"theme-wp-block wp-block-group gb-responsive-88118-identifier\">\t\t<div  class=\"theme-wp-block theme-block-user-card gb-responsive-799176-identifier is-style-full-width-line\">\n\t\t<div class=\"wrap-inner-content\">\n\t\t\t<div class=\"card-user-head\">\n\t\t\t\t<div class=\"card-user-avatar\">\n\t\t\t\t\t<div class=\"cover-avatar\" style=\"background-image: url(https:\/\/d2bw95mh2ee04s.cloudfront.net\/prod\/content\/wp-content\/uploads\/2020\/12\/23142733\/sandra-schriewer-raute.png);\"><\/div>\n\t\t\t\t<\/div>\n\t\t\t\t<div class=\"wrap-title\">\n\t\t\t\t\t<div class=\"card-user-name\">\n\t\t\t\t\t\t<div class=\"title\">\n\t\t\t\t\t\t\t<h3 class=\"heading-text\"><strong>Sandra Schriewer<\/strong><\/h3>\n\t\t\t\t\t\t<\/div>\n\t\t\t\t\t\t<div class=\"card-user-position\">\n\t\t\t\t\t\t\t<div class=\"card-text\"><strong>CEO \u201eSamtige Haut\u201c<\/strong><\/div>\n\t\t\t\t\t\t<\/div>\n\t\t\t\t\t<\/div>\n\t\t\t\t\t<div class=\"card-user-quote-icon\">\n\t\t\t\t\t<\/div>\n\t\t\t\t<\/div>\n\t\t\t<\/div>\n\t\t\t<div class=\"card-user-text\">\n\t\t\t\t<div class=\"card-text\"><p>&#8220;Na trhu je mnoho \u0159e\u0161en\u00ed, kter\u00e1 Amazonsk\u00fd obchod pot\u0159ebuje, aby byl \u00fasp\u011b\u0161n\u00fd na sv\u00fdch p\u0159\u00edslu\u0161n\u00fdch trz\u00edch. V\u011b\u0159\u00edm, \u017ee Ztr\u00e1ty a n\u00e1lezy jsou jedine\u010dn\u00e9 a nepostradateln\u00e9 pro prodejce FBA\u201d.<\/p><\/div>\n\t\t\t<\/div>\n\t\t<\/div>\n\t<\/div>\n\n<\/div><\/div><h3 class=\"theme-wp-block wp-block-heading gb-responsive-595368-identifier\">\u00dasp\u011b\u0161n\u00e9 v\u00fdsledky s SELLERLOGIC:<\/h3><p class=\"theme-wp-block gb-responsive-414432-identifier\">\u201eJeliko\u017e Lost &#038; Found sleduje jednotliv\u00e9 transakce a\u017e 18 m\u011bs\u00edc\u016f zp\u011btn\u011b, obdr\u017eela jsem n\u00e1hradu p\u0159ibli\u017en\u011b 1 300 EUR ihned po integraci n\u00e1stroje, kterou bych nikdy nezaznamenala bez SELLERLOGIC. P\u0159ed integrac\u00ed Lost &#038; Found pro m\u011b nebylo jasn\u00e9, kolik bal\u00ed\u010dk\u016f se mezit\u00edm jednodu\u0161e ztratilo. Nem\u016f\u017eete ru\u010dn\u011b zkontrolovat mno\u017estv\u00ed dat a obvykle v\u00e1m Amazon neposkytuje \u017e\u00e1dnou zp\u011btnou vazbu o chyb\u011bj\u00edc\u00edm zbo\u017e\u00ed. S Lost &#038; Found dostanete sv\u00e9 pen\u00edze zp\u011bt a u\u0161et\u0159\u00edte si obrovsk\u00e9 mno\u017estv\u00ed \u010dasu \u2013 d\u00edky automatizovan\u00e9mu v\u00fdzkumu a p\u0159edkl\u00e1d\u00e1n\u00ed p\u0159\u00edpad\u016f pomoc\u00ed funkce Kop\u00edrovat a vlo\u017eit.\u201c<\/p><p class=\"theme-wp-block gb-responsive-57813-identifier\">\u201eMohu jen doporu\u010dit v\u0161em, aby integrovali \u0159e\u0161en\u00ed do sv\u00e9ho vlastn\u00edho syst\u00e9mu. Nem\u00e1te co ztratit! N\u00e1klady na SELLERLOGIC Lost &#038; Found jsou z m\u00e9ho pohledu velmi spravedliv\u00e9, proto\u017ee jsou vypo\u010d\u00edt\u00e1v\u00e1ny proporcion\u00e1ln\u011b k skute\u010dn\u00e9 n\u00e1hrad\u011b od Amazonu. Pokud se nic nenajde, nebudou \u00fa\u010dtov\u00e1ny \u017e\u00e1dn\u00e9 poplatky. Ka\u017ed\u00fd den, kter\u00fd ub\u011bhne bez Lost &#038; Found, stoj\u00ed prodejce pen\u00edze. Krom\u011b toho m\u00e1te maxim\u00e1ln\u011b 18 m\u011bs\u00edc\u016f na pod\u00e1n\u00ed sv\u00fdch n\u00e1rok\u016f, v n\u011bkter\u00fdch p\u0159\u00edpadech dokonce m\u00e9n\u011b,\u201c uzav\u00edr\u00e1 pro n\u00e1s Sandra.<a href=\"https:\/\/d2bw95mh2ee04s.cloudfront.net\/prod\/content\/files\/SUCCESS-STORIES\/EN\/NEU_SELLERLOGIC_SN_Success-Story_Samtige-Haut-EN.pdf\" target=\"_blank\" rel=\"noreferrer noopener nofollow\"><\/a><\/p><div class=\"theme-wp-block wp-block-buttons gb-responsive-497426-identifier is-layout-flex wp-block-buttons-is-layout-flex\"><div class=\"theme-wp-block wp-block-button gb-responsive-38220-identifier is-style-theme-transparent-with-arrow\"><a class=\"wp-block-button__link wp-element-button\" href=\"https:\/\/d2bw95mh2ee04s.cloudfront.net\/prod\/content\/files\/SUCCESS-STORIES\/EN\/SELLERLOGIC_SN_Success-Story_Samtige-Haut-EN.pdf\" target=\"_blank\" rel=\"noreferrer noopener nofollow\">St\u00e1hn\u011bte si \u00fasp\u011b\u0161n\u00fd p\u0159\u00edb\u011bh!  <\/a><\/div><\/div><\/div><div class=\"theme-wp-block wp-block-column gb-responsive-147753-identifier is-layout-flow wp-block-column-is-layout-flow\" style=\"flex-basis:25%\"><\/div><\/div><p class=\"theme-wp-block gb-responsive-527070-identifier\"><\/p>","protected":false},"excerpt":{"rendered":"<p>Zakladatel:Listopad 2016 Odv\u011btv\u00ed:Kosmetika, v\u00fd\u017eivov\u00e9 dopl\u0148ky, organick\u00e9 produkty Polo\u017eky na Amazonu:1 000 Odesl\u00e1n\u00ed:\u00a0p\u0159ibli\u017en\u011b 8 000 za m\u011bs\u00edc Pozad\u00ed: V roce 2018 m\u011bl Amazon obrat 232,9 miliardy americk\u00fdch dolar\u016f. P\u0159ibli\u017en\u011b 45 procent n\u011bmeck\u00fdch prodejc\u016f na Amazonu odes\u00edl\u00e1 sv\u00e9 zbo\u017e\u00ed prost\u0159ednictv\u00edm Fulfillment by Amazon (FBA). Sandra Schriewer \u2013 majitelka obchodu na Amazonu \u201eSamtige Haut\u201c (n\u011bmecky \u201eNejhlad\u0161\u00ed ple\u0165\u201c) \u2013<\/p>\n","protected":false},"author":8,"featured_media":0,"parent":109215,"menu_order":0,"comment_status":"closed","ping_status":"closed","template":"","meta":{"sidebar_recommended_resources":{"data":[]},"sidebar_header_settings":{"hide_buttons":{"register":false}},"_use_new_theme":false,"inline_featured_image":false,"footnotes":""},"class_list":["post-108795","page","type-page","status-publish","hentry"],"yoast_head":"<!-- This site is optimized with the Yoast SEO plugin v26.8 - https:\/\/yoast.com\/product\/yoast-seo-wordpress\/ -->\n<title>&quot;Samtige Haut&quot; z\u00edsk\u00e1v\u00e1 n\u00e1hradu od Amazonu prost\u0159ednictv\u00edm SELLERLOGIC Lost &amp; Found<\/title>\n<meta name=\"description\" content=\"N\u00e1hrady jedn\u00edm kliknut\u00edm: Z\u00e1kazn\u00edk SELLERLOGIC &quot;Samtige Haut&quot; z\u00edsk\u00e1v\u00e1 sv\u00e9 n\u00e1hrady od Amazonu prost\u0159ednictv\u00edm Lost &amp; Found.\" \/>\n<meta name=\"robots\" content=\"index, follow, max-snippet:-1, max-image-preview:large, max-video-preview:-1\" \/>\n<link rel=\"canonical\" href=\"https:\/\/www.sellerlogic.com\/cs\/resources\/success-story-samtige-haut\/\" \/>\n<meta property=\"og:locale\" content=\"cs_CZ\" \/>\n<meta property=\"og:type\" content=\"article\" \/>\n<meta property=\"og:title\" content=\"&quot;Samtige Haut&quot; z\u00edsk\u00e1v\u00e1 n\u00e1hradu od Amazonu prost\u0159ednictv\u00edm SELLERLOGIC Lost &amp; Found\" \/>\n<meta property=\"og:description\" content=\"N\u00e1hrady jedn\u00edm kliknut\u00edm: Z\u00e1kazn\u00edk SELLERLOGIC &quot;Samtige Haut&quot; z\u00edsk\u00e1v\u00e1 sv\u00e9 n\u00e1hrady od Amazonu prost\u0159ednictv\u00edm Lost &amp; Found.\" \/>\n<meta property=\"og:url\" content=\"https:\/\/www.sellerlogic.com\/cs\/resources\/success-story-samtige-haut\/\" \/>\n<meta property=\"og:site_name\" content=\"SELLERLOGIC - Smarte Tools f\u00fcr Amazon-Seller\" \/>\n<meta property=\"article:publisher\" content=\"https:\/\/www.facebook.com\/SellerLogic\/\" \/>\n<meta property=\"og:image\" content=\"https:\/\/www.sellerlogic.com\/wp-content\/uploads\/2020\/12\/samtige-haut-logo.png\" \/>\n<meta name=\"twitter:card\" content=\"summary_large_image\" \/>\n<meta name=\"twitter:site\" content=\"@sellerlogic\" \/>\n<meta name=\"twitter:label1\" content=\"Est. reading time\" \/>\n\t<meta name=\"twitter:data1\" content=\"3 minutes\" \/>\n<script type=\"application\/ld+json\" class=\"yoast-schema-graph\">{\"@context\":\"https:\/\/schema.org\",\"@graph\":[{\"@type\":\"WebPage\",\"@id\":\"https:\/\/www.sellerlogic.com\/cs\/resources\/success-story-samtige-haut\/\",\"url\":\"https:\/\/www.sellerlogic.com\/cs\/resources\/success-story-samtige-haut\/\",\"name\":\"\\\"Samtige Haut\\\" z\u00edsk\u00e1v\u00e1 n\u00e1hradu od Amazonu prost\u0159ednictv\u00edm SELLERLOGIC Lost & Found\",\"isPartOf\":{\"@id\":\"https:\/\/www.sellerlogic.com\/cs\/#website\"},\"primaryImageOfPage\":{\"@id\":\"https:\/\/www.sellerlogic.com\/cs\/resources\/success-story-samtige-haut\/#primaryimage\"},\"image\":{\"@id\":\"https:\/\/www.sellerlogic.com\/cs\/resources\/success-story-samtige-haut\/#primaryimage\"},\"thumbnailUrl\":\"https:\/\/www.sellerlogic.com\/wp-content\/uploads\/2020\/12\/samtige-haut-logo.png\",\"datePublished\":\"2020-12-18T10:43:41+00:00\",\"description\":\"N\u00e1hrady jedn\u00edm kliknut\u00edm: Z\u00e1kazn\u00edk SELLERLOGIC \\\"Samtige Haut\\\" z\u00edsk\u00e1v\u00e1 sv\u00e9 n\u00e1hrady od Amazonu prost\u0159ednictv\u00edm Lost & Found.\",\"breadcrumb\":{\"@id\":\"https:\/\/www.sellerlogic.com\/cs\/resources\/success-story-samtige-haut\/#breadcrumb\"},\"inLanguage\":\"cs-CZ\",\"potentialAction\":[{\"@type\":\"ReadAction\",\"target\":[\"https:\/\/www.sellerlogic.com\/cs\/resources\/success-story-samtige-haut\/\"]}]},{\"@type\":\"ImageObject\",\"inLanguage\":\"cs-CZ\",\"@id\":\"https:\/\/www.sellerlogic.com\/cs\/resources\/success-story-samtige-haut\/#primaryimage\",\"url\":\"https:\/\/www.sellerlogic.com\/wp-content\/uploads\/2020\/12\/samtige-haut-logo.png\",\"contentUrl\":\"https:\/\/www.sellerlogic.com\/wp-content\/uploads\/2020\/12\/samtige-haut-logo.png\"},{\"@type\":\"BreadcrumbList\",\"@id\":\"https:\/\/www.sellerlogic.com\/cs\/resources\/success-story-samtige-haut\/#breadcrumb\",\"itemListElement\":[{\"@type\":\"ListItem\",\"position\":1,\"name\":\"Home\",\"item\":\"https:\/\/www.sellerlogic.com\/cs\/\"},{\"@type\":\"ListItem\",\"position\":2,\"name\":\"Zdroje EN\",\"item\":\"https:\/\/www.sellerlogic.com\/cs\/resources\/\"},{\"@type\":\"ListItem\",\"position\":3,\"name\":\"\u00dasp\u011b\u0161n\u00fd p\u0159\u00edb\u011bh: Sametov\u00e1 ple\u0165 EN\"}]},{\"@type\":\"WebSite\",\"@id\":\"https:\/\/www.sellerlogic.com\/cs\/#website\",\"url\":\"https:\/\/www.sellerlogic.com\/cs\/\",\"name\":\"SELLERLOGIC - Smarte Tools f\u00fcr Amazon-Seller\",\"description\":\"Intelligente Prozessoptimierung und Gewinnmaximierung\",\"publisher\":{\"@id\":\"https:\/\/www.sellerlogic.com\/cs\/#organization\"},\"potentialAction\":[{\"@type\":\"SearchAction\",\"target\":{\"@type\":\"EntryPoint\",\"urlTemplate\":\"https:\/\/www.sellerlogic.com\/cs\/?s={search_term_string}\"},\"query-input\":{\"@type\":\"PropertyValueSpecification\",\"valueRequired\":true,\"valueName\":\"search_term_string\"}}],\"inLanguage\":\"cs-CZ\"},{\"@type\":\"Organization\",\"@id\":\"https:\/\/www.sellerlogic.com\/cs\/#organization\",\"name\":\"SELLERLOGIC\",\"url\":\"https:\/\/www.sellerlogic.com\/cs\/\",\"logo\":{\"@type\":\"ImageObject\",\"inLanguage\":\"cs-CZ\",\"@id\":\"https:\/\/www.sellerlogic.com\/cs\/#\/schema\/logo\/image\/\",\"url\":\"https:\/\/d2bw95mh2ee04s.cloudfront.net\/prod\/content\/wp-content\/uploads\/2025\/01\/02134814\/Property-Logo-Main.svg\",\"contentUrl\":\"https:\/\/d2bw95mh2ee04s.cloudfront.net\/prod\/content\/wp-content\/uploads\/2025\/01\/02134814\/Property-Logo-Main.svg\",\"width\":184,\"height\":40,\"caption\":\"SELLERLOGIC\"},\"image\":{\"@id\":\"https:\/\/www.sellerlogic.com\/cs\/#\/schema\/logo\/image\/\"},\"sameAs\":[\"https:\/\/www.facebook.com\/SellerLogic\/\",\"https:\/\/x.com\/sellerlogic\",\"https:\/\/www.instagram.com\/sellerlogic\/\",\"https:\/\/www.linkedin.com\/company\/18402037\/\",\"https:\/\/www.youtube.com\/channel\/UC-gULUur-fNj08sprantKsQ\"]}]}<\/script>\n<!-- \/ Yoast SEO plugin. -->","yoast_head_json":{"title":"\"Samtige Haut\" z\u00edsk\u00e1v\u00e1 n\u00e1hradu od Amazonu prost\u0159ednictv\u00edm SELLERLOGIC Lost & Found","description":"N\u00e1hrady jedn\u00edm kliknut\u00edm: Z\u00e1kazn\u00edk SELLERLOGIC \"Samtige Haut\" z\u00edsk\u00e1v\u00e1 sv\u00e9 n\u00e1hrady od Amazonu prost\u0159ednictv\u00edm Lost & Found.","robots":{"index":"index","follow":"follow","max-snippet":"max-snippet:-1","max-image-preview":"max-image-preview:large","max-video-preview":"max-video-preview:-1"},"canonical":"https:\/\/www.sellerlogic.com\/cs\/resources\/success-story-samtige-haut\/","og_locale":"cs_CZ","og_type":"article","og_title":"\"Samtige Haut\" z\u00edsk\u00e1v\u00e1 n\u00e1hradu od Amazonu prost\u0159ednictv\u00edm SELLERLOGIC Lost & Found","og_description":"N\u00e1hrady jedn\u00edm kliknut\u00edm: Z\u00e1kazn\u00edk SELLERLOGIC \"Samtige Haut\" z\u00edsk\u00e1v\u00e1 sv\u00e9 n\u00e1hrady od Amazonu prost\u0159ednictv\u00edm Lost & Found.","og_url":"https:\/\/www.sellerlogic.com\/cs\/resources\/success-story-samtige-haut\/","og_site_name":"SELLERLOGIC - Smarte Tools f\u00fcr Amazon-Seller","article_publisher":"https:\/\/www.facebook.com\/SellerLogic\/","og_image":[{"url":"https:\/\/www.sellerlogic.com\/wp-content\/uploads\/2020\/12\/samtige-haut-logo.png","type":"","width":"","height":""}],"twitter_card":"summary_large_image","twitter_site":"@sellerlogic","twitter_misc":{"Est. reading time":"3 minutes"},"schema":{"@context":"https:\/\/schema.org","@graph":[{"@type":"WebPage","@id":"https:\/\/www.sellerlogic.com\/cs\/resources\/success-story-samtige-haut\/","url":"https:\/\/www.sellerlogic.com\/cs\/resources\/success-story-samtige-haut\/","name":"\"Samtige Haut\" z\u00edsk\u00e1v\u00e1 n\u00e1hradu od Amazonu prost\u0159ednictv\u00edm SELLERLOGIC Lost & Found","isPartOf":{"@id":"https:\/\/www.sellerlogic.com\/cs\/#website"},"primaryImageOfPage":{"@id":"https:\/\/www.sellerlogic.com\/cs\/resources\/success-story-samtige-haut\/#primaryimage"},"image":{"@id":"https:\/\/www.sellerlogic.com\/cs\/resources\/success-story-samtige-haut\/#primaryimage"},"thumbnailUrl":"https:\/\/www.sellerlogic.com\/wp-content\/uploads\/2020\/12\/samtige-haut-logo.png","datePublished":"2020-12-18T10:43:41+00:00","description":"N\u00e1hrady jedn\u00edm kliknut\u00edm: Z\u00e1kazn\u00edk SELLERLOGIC \"Samtige Haut\" z\u00edsk\u00e1v\u00e1 sv\u00e9 n\u00e1hrady od Amazonu prost\u0159ednictv\u00edm Lost & Found.","breadcrumb":{"@id":"https:\/\/www.sellerlogic.com\/cs\/resources\/success-story-samtige-haut\/#breadcrumb"},"inLanguage":"cs-CZ","potentialAction":[{"@type":"ReadAction","target":["https:\/\/www.sellerlogic.com\/cs\/resources\/success-story-samtige-haut\/"]}]},{"@type":"ImageObject","inLanguage":"cs-CZ","@id":"https:\/\/www.sellerlogic.com\/cs\/resources\/success-story-samtige-haut\/#primaryimage","url":"https:\/\/www.sellerlogic.com\/wp-content\/uploads\/2020\/12\/samtige-haut-logo.png","contentUrl":"https:\/\/www.sellerlogic.com\/wp-content\/uploads\/2020\/12\/samtige-haut-logo.png"},{"@type":"BreadcrumbList","@id":"https:\/\/www.sellerlogic.com\/cs\/resources\/success-story-samtige-haut\/#breadcrumb","itemListElement":[{"@type":"ListItem","position":1,"name":"Home","item":"https:\/\/www.sellerlogic.com\/cs\/"},{"@type":"ListItem","position":2,"name":"Zdroje EN","item":"https:\/\/www.sellerlogic.com\/cs\/resources\/"},{"@type":"ListItem","position":3,"name":"\u00dasp\u011b\u0161n\u00fd p\u0159\u00edb\u011bh: Sametov\u00e1 ple\u0165 EN"}]},{"@type":"WebSite","@id":"https:\/\/www.sellerlogic.com\/cs\/#website","url":"https:\/\/www.sellerlogic.com\/cs\/","name":"SELLERLOGIC - Smarte Tools f\u00fcr Amazon-Seller","description":"Intelligente Prozessoptimierung und Gewinnmaximierung","publisher":{"@id":"https:\/\/www.sellerlogic.com\/cs\/#organization"},"potentialAction":[{"@type":"SearchAction","target":{"@type":"EntryPoint","urlTemplate":"https:\/\/www.sellerlogic.com\/cs\/?s={search_term_string}"},"query-input":{"@type":"PropertyValueSpecification","valueRequired":true,"valueName":"search_term_string"}}],"inLanguage":"cs-CZ"},{"@type":"Organization","@id":"https:\/\/www.sellerlogic.com\/cs\/#organization","name":"SELLERLOGIC","url":"https:\/\/www.sellerlogic.com\/cs\/","logo":{"@type":"ImageObject","inLanguage":"cs-CZ","@id":"https:\/\/www.sellerlogic.com\/cs\/#\/schema\/logo\/image\/","url":"https:\/\/d2bw95mh2ee04s.cloudfront.net\/prod\/content\/wp-content\/uploads\/2025\/01\/02134814\/Property-Logo-Main.svg","contentUrl":"https:\/\/d2bw95mh2ee04s.cloudfront.net\/prod\/content\/wp-content\/uploads\/2025\/01\/02134814\/Property-Logo-Main.svg","width":184,"height":40,"caption":"SELLERLOGIC"},"image":{"@id":"https:\/\/www.sellerlogic.com\/cs\/#\/schema\/logo\/image\/"},"sameAs":["https:\/\/www.facebook.com\/SellerLogic\/","https:\/\/x.com\/sellerlogic","https:\/\/www.instagram.com\/sellerlogic\/","https:\/\/www.linkedin.com\/company\/18402037\/","https:\/\/www.youtube.com\/channel\/UC-gULUur-fNj08sprantKsQ"]}]}},"_links":{"self":[{"href":"https:\/\/www.sellerlogic.com\/cs\/wp-json\/wp\/v2\/pages\/108795","targetHints":{"allow":["GET"]}}],"collection":[{"href":"https:\/\/www.sellerlogic.com\/cs\/wp-json\/wp\/v2\/pages"}],"about":[{"href":"https:\/\/www.sellerlogic.com\/cs\/wp-json\/wp\/v2\/types\/page"}],"author":[{"embeddable":true,"href":"https:\/\/www.sellerlogic.com\/cs\/wp-json\/wp\/v2\/users\/8"}],"replies":[{"embeddable":true,"href":"https:\/\/www.sellerlogic.com\/cs\/wp-json\/wp\/v2\/comments?post=108795"}],"version-history":[{"count":0,"href":"https:\/\/www.sellerlogic.com\/cs\/wp-json\/wp\/v2\/pages\/108795\/revisions"}],"up":[{"embeddable":true,"href":"https:\/\/www.sellerlogic.com\/cs\/wp-json\/wp\/v2\/pages\/109215"}],"wp:attachment":[{"href":"https:\/\/www.sellerlogic.com\/cs\/wp-json\/wp\/v2\/media?parent=108795"}],"curies":[{"name":"wp","href":"https:\/\/api.w.org\/{rel}","templated":true}]}}