
{"id":108831,"date":"2020-12-17T16:17:58","date_gmt":"2020-12-17T16:17:58","guid":{"rendered":"https:\/\/127.0.0.1\/resources\/success-story-rewu-eu\/"},"modified":"2020-12-17T16:17:58","modified_gmt":"2020-12-17T16:17:58","slug":"success-story-rewu-eu","status":"publish","type":"page","link":"https:\/\/www.sellerlogic.com\/cs\/resources\/success-story-rewu-eu\/","title":{"rendered":"\u00dasp\u011b\u0161n\u00fd p\u0159\u00edb\u011bh: ReWu EN"},"content":{"rendered":"\n\t<div  class=\"theme-wp-block theme-block-main-header is-style-full-height desktop-align-full xl-align-full lg-align-full md-align-full sm-align-full desktop-content-align-y-center desktop-content-align-x-center xl-content-align-y-center xl-content-align-x-center lg-content-align-y-center lg-content-align-x-center md-content-align-y-center md-content-align-x-center sm-content-align-y-center sm-content-align-x-center gb-responsive-650367-identifier theme-block-cover\">\n\t\t<div class=\"bg-cover theme-lazy-load-bg\"><\/div>\n\t\t<div class=\"wrap-content-main-header\">\n\t\t\t\t\t<div  class=\"theme-wp-block theme-block-text-and-text gb-responsive-130700-identifier desktop-blockDirection-column xl-blockDirection-column lg-blockDirection-column md-blockDirection-column sm-blockDirection-column desktop-align-wide xl-align-wide lg-align-wide md-align-wide sm-align-wide\">\n\t\t<div class=\"tat-column-wrap-wrapper\">\n\t\t\t<div class=\"tat-column-wrapper\">\n\t\t\t\t\t<div  class=\"theme-wp-block theme-block-text-and-text-column gb-responsive-420800-identifier desktop-horizontal-center xl-horizontal-center lg-horizontal-center md-horizontal-center sm-horizontal-center\">\n\t\t<div class=\"inner-wrap-column-content\">\n\t\t\t<div class=\"inner-column-content\">\n\t\t\t\t\t\t<h1  class=\"theme-wp-block theme-block-heading is-style-default desktop-text-center xl-text-center lg-text-center md-text-center sm-text-center gb-responsive-178195-identifier h1\">\n\t\tLuxusn\u00ed bytov\u00e9 dopl\u0148ky za perfektn\u00ed cenu\t<\/h1>\n\n\t\t<h2  class=\"theme-wp-block theme-block-heading is-style-default desktop-text-center xl-text-center lg-text-center md-text-center sm-text-center gb-responsive-77462-identifier desktop-align-center xl-align-center lg-align-center md-align-center sm-align-center aligncenter h2 has-text-align\">\n\t\tJak ReWu.eu vyhr\u00e1v\u00e1 Amazon Buy Box\t<\/h2>\n\n\t\t\t<\/div>\n\t\t<\/div>\n\t<\/div>\n\t<div  class=\"theme-wp-block theme-block-text-and-text-column gb-responsive-983379-identifier\">\n\t\t<div class=\"inner-wrap-column-content\">\n\t\t\t<div class=\"inner-column-content\">\n\t\t\t\t\t\t\t<\/div>\n\t\t<\/div>\n\t<\/div>\n\t\t\t<\/div>\n\t\t<\/div>\n\t<\/div>\n\n\t\t<\/div>\n\t<\/div>\n\n<div style=\"height:50px\" aria-hidden=\"true\" class=\"theme-wp-block wp-block-spacer\"><\/div><div class=\"theme-wp-block wp-block-columns gb-responsive-678291-identifier is-layout-flex wp-container-core-columns-is-layout-9d6595d7 wp-block-columns-is-layout-flex\"><div class=\"theme-wp-block wp-block-column gb-responsive-277127-identifier is-layout-flow wp-block-column-is-layout-flow\" style=\"flex-basis:25%\"><figure class=\"theme-wp-block wp-block-image size-large is-resized gb-responsive-62921-identifier\"><img decoding=\"async\" src=\"https:\/\/d2bw95mh2ee04s.cloudfront.net\/prod\/content\/wp-content\/uploads\/2020\/12\/23142722\/logo_rewu.png\" alt=\"\u00dasp\u011b\u0161n\u00fd p\u0159\u00edb\u011bh: ReWu EN\" class=\"wp-image-4882\" width=\"300\" height=\"143\" srcset=\"https:\/\/d2bw95mh2ee04s.cloudfront.net\/prod\/content\/wp-content\/uploads\/2020\/12\/23142722\/logo_rewu-407x194.png 407w, https:\/\/d2bw95mh2ee04s.cloudfront.net\/prod\/content\/wp-content\/uploads\/2020\/12\/23142722\/logo_rewu.png 479w\" sizes=\"(max-width: 300px) 100vw, 300px\" \/><\/figure><p class=\"theme-wp-block gb-responsive-589628-identifier\"><strong>Zakladatel:<\/strong><br>\u010cervenec 2017<\/p><p class=\"theme-wp-block gb-responsive-203014-identifier\"><strong>Odv\u011btv\u00ed:<\/strong><br>\u00daklid, n\u00e1bytek,<br>hra\u010dky<\/p><p class=\"theme-wp-block gb-responsive-55456-identifier\"><strong>Polo\u017eky na Amazonu:\u00a0<\/strong><br>p\u0159ibli\u017en\u011b 900<\/p><p class=\"theme-wp-block gb-responsive-107672-identifier\"><strong>Odesl\u00e1n\u00ed:<\/strong><br>p\u0159ibli\u017en\u011b 7.200 za m\u011bs\u00edc<\/p><\/div><div class=\"theme-wp-block wp-block-column gb-responsive-745505-identifier is-layout-flow wp-block-column-is-layout-flow\" style=\"flex-basis:50%\"><h3 class=\"theme-wp-block wp-block-heading gb-responsive-34353-identifier\" id=\"block-c06fce04-ef87-4ffc-a3d6-b768ba377d17\">Pozad\u00ed:<\/h3><p class=\"theme-wp-block gb-responsive-175924-identifier desktop-gb-has-no-icon xl-gb-has-no-icon lg-gb-has-no-icon md-gb-has-no-icon sm-gb-has-no-icon\">Florian Wucherpfennig hledal nov\u00e9 zku\u0161enosti krom\u011b sv\u00e9 pr\u00e1ce na pln\u00fd \u00favazek v rodinn\u00e9m elektroobchod\u011b. Na doporu\u010den\u00ed p\u0159\u00edtele za\u010dal zkoumat prodej na Amazonu.<\/p><p class=\"theme-wp-block gb-responsive-353482-identifier desktop-gb-has-no-icon xl-gb-has-no-icon lg-gb-has-no-icon md-gb-has-no-icon sm-gb-has-no-icon\">Aby byl prodejce \u00fasp\u011b\u0161n\u00fd na online platform\u011b, mus\u00ed p\u0159ekonat n\u011bkolik p\u0159ek\u00e1\u017eek a jednat. Z\u00e1kaznick\u00fd servis a optimalizace cen tvo\u0159\u00ed z\u00e1klad \u00fasp\u011bchu na trhu a odli\u0161uj\u00ed prodejce od ostatn\u00edch. Po spu\u0161t\u011bn\u00ed sv\u00e9ho obchodu na Amazonu ReWu.eu Florian okam\u017eit\u011b rozpoznal v\u00fdznam z\u00e1kaznick\u00e9ho servisu a cenov\u00e9 politiky.<\/p><h3 class=\"theme-wp-block wp-block-heading gb-responsive-182281-identifier\">V\u00fdzva:<\/h3><p class=\"theme-wp-block gb-responsive-432341-identifier desktop-gb-has-no-icon xl-gb-has-no-icon lg-gb-has-no-icon md-gb-has-no-icon sm-gb-has-no-icon\">T\u00e9m\u011b\u0159 ka\u017ed\u00fd druh\u00fd euro utracen\u00fd online kon\u010d\u00ed na Amazonu. V tomto vysoce konkuren\u010dn\u00edm online podnik\u00e1n\u00ed se mus\u00ed ReWu.eu prosadit mezi ostatn\u00edmi 100 000 online prodejci v N\u011bmecku. Proto\u017ee Florian prod\u00e1v\u00e1 v\u00fdhradn\u011b velkoobchod, mus\u00ed se gener\u00e1ln\u00ed \u0159editel ka\u017ed\u00fd den pot\u00fdkat s rostouc\u00ed konkurenc\u00ed. Ceny mohou klesat a kvalita zbo\u017e\u00ed t\u00edm trp\u00ed.<\/p><p class=\"theme-wp-block gb-responsive-926294-identifier desktop-gb-has-no-icon xl-gb-has-no-icon lg-gb-has-no-icon md-gb-has-no-icon sm-gb-has-no-icon\">\u201eNechceme prod\u00e1vat z\u00e1kazn\u00edk\u016fm nekvalitn\u00ed produkty za nejni\u017e\u0161\u00ed cenu. Na\u0161\u00edm c\u00edlem je nab\u00edzet vysoce kvalitn\u00ed produkty se z\u00e1kaznick\u00fdm servisem, kter\u00fd \u017e\u00e1dn\u00fd z na\u0161ich konkurent\u016f nem\u016f\u017ee p\u0159ekonat. To je na\u0161e nejvy\u0161\u0161\u00ed priorita. Takto z\u016fst\u00e1v\u00e1me konkurenceschopn\u00ed. Samoz\u0159ejm\u011b, \u017ee cenov\u00e1 v\u00e1lka je tak\u00e9 p\u0159\u00edtomna v segmentu kvality. Proto jsme pot\u0159ebovali partnera pro optimalizaci cen, kter\u00fd se nezam\u011b\u0159uje na nejni\u017e\u0161\u00ed cenu, aby se dostal do Buy Box, ale sp\u00ed\u0161e jedn\u00e1 dynamicky a p\u0159izp\u016fsobuje ceny podle tr\u017en\u00ed situace,\u201c vysv\u011btluje Florian.<\/p><h3 class=\"theme-wp-block wp-block-heading gb-responsive-115756-identifier\">\u0158e\u0161en\u00ed:<\/h3><p class=\"theme-wp-block gb-responsive-578168-identifier desktop-gb-has-no-icon xl-gb-has-no-icon lg-gb-has-no-icon md-gb-has-no-icon sm-gb-has-no-icon\">Florian vsadil na SELLERLOGIC Repricer, proto\u017ee v\u00e1m to p\u0159in\u00e1\u0161\u00ed Buy Box a nejvy\u0161\u0161\u00ed cenu. Jakmile jsou produkty um\u00edst\u011bny v Buy Box, Repricer optimalizuje cenu dan\u00e9ho produktu na mo\u017en\u00e9 maximum. \u201eV sou\u010dasnosti jsme zam\u011b\u0159eni na zbo\u017e\u00ed. Proto je produkt SELLERLOGIC pro n\u00e1s nezbytn\u00fd. P\u0159izp\u016fsobuje ceny tr\u017en\u00ed situaci, ale tak\u00e9 pom\u00e1h\u00e1 rychle z\u00edskat p\u0159ehled o segmentech, ve kter\u00fdch mus\u00edme je\u0161t\u011b iterovat nebo je pot\u0159ebujeme sledovat podrobn\u011bji,\u201c potvrzuje Florian.<\/p><div class=\"theme-block-group-wrap\"><div class=\"theme-wp-block wp-block-group gb-responsive-88118-identifier\">\t\t<div  class=\"theme-wp-block theme-block-user-card gb-responsive-799176-identifier is-style-full-width-line desktop-gb-has-no-icon xl-gb-has-no-icon lg-gb-has-no-icon md-gb-has-no-icon sm-gb-has-no-icon\">\n\t\t<div class=\"wrap-inner-content\">\n\t\t\t<div class=\"card-user-head\">\n\t\t\t\t<div class=\"card-user-avatar\">\n\t\t\t\t\t<div class=\"cover-avatar\" style=\"background-image: url(https:\/\/d2bw95mh2ee04s.cloudfront.net\/prod\/content\/wp-content\/uploads\/2020\/12\/23142721\/florian_wucherpfennig_raute.png);\"><\/div>\n\t\t\t\t<\/div>\n\t\t\t\t<div class=\"wrap-title\">\n\t\t\t\t\t<div class=\"card-user-name\">\n\t\t\t\t\t\t<div class=\"title\">\n\t\t\t\t\t\t\t<h3 class=\"heading-text\"><strong>Florian Wucherpfennig<\/strong><\/h3>\n\t\t\t\t\t\t<\/div>\n\t\t\t\t\t\t<div class=\"card-user-position\">\n\t\t\t\t\t\t\t<div class=\"card-text\"><strong>Gener\u00e1ln\u00ed \u0159editel ReWu.eu<\/strong><\/div>\n\t\t\t\t\t\t<\/div>\n\t\t\t\t\t<\/div>\n\t\t\t\t\t<div class=\"card-user-quote-icon\">\n\t\t\t\t\t<\/div>\n\t\t\t\t<\/div>\n\t\t\t<\/div>\n\t\t\t<div class=\"card-user-text\">\n\t\t\t\t<div class=\"card-text\"><p>\u201eOpravdu si mysl\u00edm, \u017ee SELLERLOGIC n\u00e1m \u0161et\u0159\u00ed obrovsk\u00e9 zdroje. Nyn\u00ed m\u016f\u017eeme investovat \u010das, pracovn\u00ed s\u00edlu a pen\u00edze do z\u00e1kaznick\u00e9ho servisu. Samoz\u0159ejm\u011b, \u017ee vy\u0161\u0161\u00ed zisk je stejn\u011b d\u016fle\u017eit\u00fd a Repricer to dod\u00e1v\u00e1 poka\u017ed\u00e9.\u201c<\/p><\/div>\n\t\t\t<\/div>\n\t\t<\/div>\n\t<\/div>\n\n<\/div><\/div><h3 class=\"theme-wp-block wp-block-heading gb-responsive-595368-identifier\">\u00dasp\u011b\u0161n\u00e9 v\u00fdsledky s SELLERLOGIC:<\/h3><p class=\"theme-wp-block gb-responsive-295853-identifier desktop-gb-has-no-icon xl-gb-has-no-icon lg-gb-has-no-icon md-gb-has-no-icon sm-gb-has-no-icon\">Z\u00e1kaznick\u00fd servis m\u00e1 u ReWU.eu vysokou v\u00e1hu. Florian vysv\u011btluje pro\u010d: \u201eJe dob\u0159e zn\u00e1mo, \u017ee dobr\u00fd z\u00e1kaznick\u00fd servis je energeticky n\u00e1ro\u010dn\u00fd, ale na konci se vyplat\u00ed dvojn\u00e1sobn\u011b. Je to tak\u00e9 spolehliv\u00e1 metoda, jak se odli\u0161it od konkurence. Pou\u017eit\u00ed Repricer n\u00e1m umo\u017e\u0148uje u\u0161et\u0159it obrovsk\u00e9 mno\u017estv\u00ed energie, kter\u00e9 m\u016f\u017eeme sm\u011b\u0159ovat do na\u0161eho z\u00e1kaznick\u00e9ho servisu, co\u017e zase prosp\u00edv\u00e1 na\u0161im klient\u016fm. Samoz\u0159ejm\u011b, \u017ee vy\u0161\u0161\u00ed zisk, kter\u00fd Repricer poskytuje, je stejn\u011b d\u016fle\u017eit\u00fd a dod\u00e1v\u00e1 se poka\u017ed\u00e9.\u201c<\/p><p class=\"theme-wp-block gb-responsive-525743-identifier desktop-gb-has-no-icon xl-gb-has-no-icon lg-gb-has-no-icon md-gb-has-no-icon sm-gb-has-no-icon\">\u201eJe t\u011b\u017ek\u00e9 si p\u0159edstavit, \u017ee bychom ka\u017ed\u00fd produkt znovu a znovu proch\u00e1zeli ru\u010dn\u011b, kdy\u017e se konkurence m\u011bn\u00ed. M\u00edsto toho se na na\u0161e produkty d\u00edv\u00e1me jednou t\u00fddn\u011b, kontrolujeme, kter\u00e9 nejsou v Buy Box, a prov\u00e1d\u00edme \u00fapravy. Repricer se postar\u00e1 o zbytek,\u201c pokra\u010duje Florian. \u201eV\u011b\u0159\u00edm v\u0161ak, \u017ee tento n\u00e1stroj je\u0161t\u011b nevyu\u017e\u00edv\u00e1me na 100 % jeho schopnost\u00ed a st\u00e1le existuje n\u011bkolik vychyt\u00e1vek a funkc\u00ed, kter\u00e9 by mohly b\u00fdt u\u017eite\u010dn\u00e9 a z\u00e1bavn\u00e9.\u201c<\/p><div class=\"theme-wp-block wp-block-buttons gb-responsive-497426-identifier is-layout-flex wp-block-buttons-is-layout-flex\"><div class=\"theme-wp-block wp-block-button gb-responsive-38220-identifier is-style-theme-transparent-with-arrow\"><a class=\"wp-block-button__link wp-element-button\" href=\"https:\/\/d2bw95mh2ee04s.cloudfront.net\/prod\/content\/files\/SUCCESS-STORIES\/EN\/SELLERLOGIC_SN_Success-Story_ReWu_EN.pdf\" target=\"_blank\" rel=\"noreferrer noopener nofollow\">St\u00e1hnout nyn\u00ed!<\/a><\/div><\/div><\/div><div class=\"theme-wp-block wp-block-column gb-responsive-561369-identifier is-layout-flow wp-block-column-is-layout-flow\" style=\"flex-basis:25%\"><\/div><\/div>","protected":false},"excerpt":{"rendered":"<p>Zakladatel:\u010cervenec 2017 Odv\u011btv\u00ed:\u00daklid, n\u00e1bytek,hra\u010dky Polo\u017eky na Amazonu:\u00a0p\u0159ibli\u017en\u011b 900 Odesl\u00e1n\u00ed:p\u0159ibli\u017en\u011b 7.200 za m\u011bs\u00edc Pozad\u00ed: Florian Wucherpfennig hledal nov\u00e9 zku\u0161enosti krom\u011b sv\u00e9 pr\u00e1ce na pln\u00fd \u00favazek v rodinn\u00e9m elektroobchod\u011b. Na doporu\u010den\u00ed p\u0159\u00edtele za\u010dal zkoumat prodej na Amazonu. Aby byl prodejce \u00fasp\u011b\u0161n\u00fd na online platform\u011b, mus\u00ed p\u0159ekonat n\u011bkolik p\u0159ek\u00e1\u017eek a jednat. Z\u00e1kaznick\u00fd servis a optimalizace cen tvo\u0159\u00ed z\u00e1klad<\/p>\n","protected":false},"author":3,"featured_media":4796,"parent":109215,"menu_order":0,"comment_status":"closed","ping_status":"closed","template":"","meta":{"sidebar_recommended_resources":{"data":[]},"sidebar_header_settings":{"hide_buttons":{"register":false}},"_use_new_theme":false,"inline_featured_image":false,"footnotes":""},"class_list":["post-108831","page","type-page","status-publish","has-post-thumbnail","hentry"],"yoast_head":"<!-- This site is optimized with the Yoast SEO plugin v26.8 - https:\/\/yoast.com\/product\/yoast-seo-wordpress\/ -->\n<title>Jak ReWu.eu vyhr\u00e1v\u00e1 Amazon Buy Box | SELLERLOGIC<\/title>\n<meta name=\"description\" content=\"Vyhr\u00e1t Buy Box je na Amazonu kl\u00ed\u010dov\u00e9. Pod\u00edvejte se nyn\u00ed, jak ReWu.eu p\u0159ekon\u00e1v\u00e1 tuto p\u0159ek\u00e1\u017eku s SELLERLOGIC Repricer!\" \/>\n<meta name=\"robots\" content=\"index, follow, max-snippet:-1, max-image-preview:large, max-video-preview:-1\" \/>\n<link rel=\"canonical\" href=\"https:\/\/www.sellerlogic.com\/cs\/resources\/success-story-rewu-eu\/\" \/>\n<meta property=\"og:locale\" content=\"cs_CZ\" \/>\n<meta property=\"og:type\" content=\"article\" \/>\n<meta property=\"og:title\" content=\"Jak ReWu.eu vyhr\u00e1v\u00e1 Amazon Buy Box | SELLERLOGIC\" \/>\n<meta property=\"og:description\" content=\"Vyhr\u00e1t Buy Box je na Amazonu kl\u00ed\u010dov\u00e9. Pod\u00edvejte se nyn\u00ed, jak ReWu.eu p\u0159ekon\u00e1v\u00e1 tuto p\u0159ek\u00e1\u017eku s SELLERLOGIC Repricer!\" \/>\n<meta property=\"og:url\" content=\"https:\/\/www.sellerlogic.com\/cs\/resources\/success-story-rewu-eu\/\" \/>\n<meta property=\"og:site_name\" content=\"SELLERLOGIC - Smarte Tools f\u00fcr Amazon-Seller\" \/>\n<meta property=\"article:publisher\" content=\"https:\/\/www.facebook.com\/SellerLogic\/\" \/>\n<meta property=\"og:image\" content=\"http:\/\/d2bw95mh2ee04s.cloudfront.net\/prod\/content\/wp-content\/uploads\/2020\/12\/23142724\/header-success-story-rewu.jpg\" \/>\n\t<meta property=\"og:image:width\" content=\"2500\" \/>\n\t<meta property=\"og:image:height\" content=\"1667\" \/>\n\t<meta property=\"og:image:type\" content=\"image\/jpeg\" \/>\n<meta name=\"twitter:card\" content=\"summary_large_image\" \/>\n<meta name=\"twitter:site\" content=\"@sellerlogic\" \/>\n<meta name=\"twitter:label1\" content=\"Est. reading time\" \/>\n\t<meta name=\"twitter:data1\" content=\"3 minutes\" \/>\n<script type=\"application\/ld+json\" class=\"yoast-schema-graph\">{\"@context\":\"https:\/\/schema.org\",\"@graph\":[{\"@type\":\"WebPage\",\"@id\":\"https:\/\/www.sellerlogic.com\/cs\/resources\/success-story-rewu-eu\/\",\"url\":\"https:\/\/www.sellerlogic.com\/cs\/resources\/success-story-rewu-eu\/\",\"name\":\"Jak ReWu.eu vyhr\u00e1v\u00e1 Amazon Buy Box | SELLERLOGIC\",\"isPartOf\":{\"@id\":\"https:\/\/www.sellerlogic.com\/cs\/#website\"},\"primaryImageOfPage\":{\"@id\":\"https:\/\/www.sellerlogic.com\/cs\/resources\/success-story-rewu-eu\/#primaryimage\"},\"image\":{\"@id\":\"https:\/\/www.sellerlogic.com\/cs\/resources\/success-story-rewu-eu\/#primaryimage\"},\"thumbnailUrl\":\"https:\/\/d2bw95mh2ee04s.cloudfront.net\/prod\/content\/wp-content\/uploads\/2020\/12\/23142724\/header-success-story-rewu.jpg\",\"datePublished\":\"2020-12-17T16:17:58+00:00\",\"description\":\"Vyhr\u00e1t Buy Box je na Amazonu kl\u00ed\u010dov\u00e9. Pod\u00edvejte se nyn\u00ed, jak ReWu.eu p\u0159ekon\u00e1v\u00e1 tuto p\u0159ek\u00e1\u017eku s SELLERLOGIC Repricer!\",\"breadcrumb\":{\"@id\":\"https:\/\/www.sellerlogic.com\/cs\/resources\/success-story-rewu-eu\/#breadcrumb\"},\"inLanguage\":\"cs-CZ\",\"potentialAction\":[{\"@type\":\"ReadAction\",\"target\":[\"https:\/\/www.sellerlogic.com\/cs\/resources\/success-story-rewu-eu\/\"]}]},{\"@type\":\"ImageObject\",\"inLanguage\":\"cs-CZ\",\"@id\":\"https:\/\/www.sellerlogic.com\/cs\/resources\/success-story-rewu-eu\/#primaryimage\",\"url\":\"https:\/\/d2bw95mh2ee04s.cloudfront.net\/prod\/content\/wp-content\/uploads\/2020\/12\/23142724\/header-success-story-rewu.jpg\",\"contentUrl\":\"https:\/\/d2bw95mh2ee04s.cloudfront.net\/prod\/content\/wp-content\/uploads\/2020\/12\/23142724\/header-success-story-rewu.jpg\",\"width\":2500,\"height\":1667,\"caption\":\"Amazon seller software for professionals: SELLERLOGIC Repricer\"},{\"@type\":\"BreadcrumbList\",\"@id\":\"https:\/\/www.sellerlogic.com\/cs\/resources\/success-story-rewu-eu\/#breadcrumb\",\"itemListElement\":[{\"@type\":\"ListItem\",\"position\":1,\"name\":\"Home\",\"item\":\"https:\/\/www.sellerlogic.com\/cs\/\"},{\"@type\":\"ListItem\",\"position\":2,\"name\":\"Zdroje EN\",\"item\":\"https:\/\/www.sellerlogic.com\/cs\/resources\/\"},{\"@type\":\"ListItem\",\"position\":3,\"name\":\"\u00dasp\u011b\u0161n\u00fd p\u0159\u00edb\u011bh: ReWu EN\"}]},{\"@type\":\"WebSite\",\"@id\":\"https:\/\/www.sellerlogic.com\/cs\/#website\",\"url\":\"https:\/\/www.sellerlogic.com\/cs\/\",\"name\":\"SELLERLOGIC - Smarte Tools f\u00fcr Amazon-Seller\",\"description\":\"Intelligente Prozessoptimierung und Gewinnmaximierung\",\"publisher\":{\"@id\":\"https:\/\/www.sellerlogic.com\/cs\/#organization\"},\"potentialAction\":[{\"@type\":\"SearchAction\",\"target\":{\"@type\":\"EntryPoint\",\"urlTemplate\":\"https:\/\/www.sellerlogic.com\/cs\/?s={search_term_string}\"},\"query-input\":{\"@type\":\"PropertyValueSpecification\",\"valueRequired\":true,\"valueName\":\"search_term_string\"}}],\"inLanguage\":\"cs-CZ\"},{\"@type\":\"Organization\",\"@id\":\"https:\/\/www.sellerlogic.com\/cs\/#organization\",\"name\":\"SELLERLOGIC\",\"url\":\"https:\/\/www.sellerlogic.com\/cs\/\",\"logo\":{\"@type\":\"ImageObject\",\"inLanguage\":\"cs-CZ\",\"@id\":\"https:\/\/www.sellerlogic.com\/cs\/#\/schema\/logo\/image\/\",\"url\":\"https:\/\/d2bw95mh2ee04s.cloudfront.net\/prod\/content\/wp-content\/uploads\/2025\/01\/02134814\/Property-Logo-Main.svg\",\"contentUrl\":\"https:\/\/d2bw95mh2ee04s.cloudfront.net\/prod\/content\/wp-content\/uploads\/2025\/01\/02134814\/Property-Logo-Main.svg\",\"width\":184,\"height\":40,\"caption\":\"SELLERLOGIC\"},\"image\":{\"@id\":\"https:\/\/www.sellerlogic.com\/cs\/#\/schema\/logo\/image\/\"},\"sameAs\":[\"https:\/\/www.facebook.com\/SellerLogic\/\",\"https:\/\/x.com\/sellerlogic\",\"https:\/\/www.instagram.com\/sellerlogic\/\",\"https:\/\/www.linkedin.com\/company\/18402037\/\",\"https:\/\/www.youtube.com\/channel\/UC-gULUur-fNj08sprantKsQ\"]}]}<\/script>\n<!-- \/ Yoast SEO plugin. -->","yoast_head_json":{"title":"Jak ReWu.eu vyhr\u00e1v\u00e1 Amazon Buy Box | SELLERLOGIC","description":"Vyhr\u00e1t Buy Box je na Amazonu kl\u00ed\u010dov\u00e9. Pod\u00edvejte se nyn\u00ed, jak ReWu.eu p\u0159ekon\u00e1v\u00e1 tuto p\u0159ek\u00e1\u017eku s SELLERLOGIC Repricer!","robots":{"index":"index","follow":"follow","max-snippet":"max-snippet:-1","max-image-preview":"max-image-preview:large","max-video-preview":"max-video-preview:-1"},"canonical":"https:\/\/www.sellerlogic.com\/cs\/resources\/success-story-rewu-eu\/","og_locale":"cs_CZ","og_type":"article","og_title":"Jak ReWu.eu vyhr\u00e1v\u00e1 Amazon Buy Box | SELLERLOGIC","og_description":"Vyhr\u00e1t Buy Box je na Amazonu kl\u00ed\u010dov\u00e9. Pod\u00edvejte se nyn\u00ed, jak ReWu.eu p\u0159ekon\u00e1v\u00e1 tuto p\u0159ek\u00e1\u017eku s SELLERLOGIC Repricer!","og_url":"https:\/\/www.sellerlogic.com\/cs\/resources\/success-story-rewu-eu\/","og_site_name":"SELLERLOGIC - Smarte Tools f\u00fcr Amazon-Seller","article_publisher":"https:\/\/www.facebook.com\/SellerLogic\/","og_image":[{"width":2500,"height":1667,"url":"http:\/\/d2bw95mh2ee04s.cloudfront.net\/prod\/content\/wp-content\/uploads\/2020\/12\/23142724\/header-success-story-rewu.jpg","type":"image\/jpeg"}],"twitter_card":"summary_large_image","twitter_site":"@sellerlogic","twitter_misc":{"Est. reading time":"3 minutes"},"schema":{"@context":"https:\/\/schema.org","@graph":[{"@type":"WebPage","@id":"https:\/\/www.sellerlogic.com\/cs\/resources\/success-story-rewu-eu\/","url":"https:\/\/www.sellerlogic.com\/cs\/resources\/success-story-rewu-eu\/","name":"Jak ReWu.eu vyhr\u00e1v\u00e1 Amazon Buy Box | SELLERLOGIC","isPartOf":{"@id":"https:\/\/www.sellerlogic.com\/cs\/#website"},"primaryImageOfPage":{"@id":"https:\/\/www.sellerlogic.com\/cs\/resources\/success-story-rewu-eu\/#primaryimage"},"image":{"@id":"https:\/\/www.sellerlogic.com\/cs\/resources\/success-story-rewu-eu\/#primaryimage"},"thumbnailUrl":"https:\/\/d2bw95mh2ee04s.cloudfront.net\/prod\/content\/wp-content\/uploads\/2020\/12\/23142724\/header-success-story-rewu.jpg","datePublished":"2020-12-17T16:17:58+00:00","description":"Vyhr\u00e1t Buy Box je na Amazonu kl\u00ed\u010dov\u00e9. Pod\u00edvejte se nyn\u00ed, jak ReWu.eu p\u0159ekon\u00e1v\u00e1 tuto p\u0159ek\u00e1\u017eku s SELLERLOGIC Repricer!","breadcrumb":{"@id":"https:\/\/www.sellerlogic.com\/cs\/resources\/success-story-rewu-eu\/#breadcrumb"},"inLanguage":"cs-CZ","potentialAction":[{"@type":"ReadAction","target":["https:\/\/www.sellerlogic.com\/cs\/resources\/success-story-rewu-eu\/"]}]},{"@type":"ImageObject","inLanguage":"cs-CZ","@id":"https:\/\/www.sellerlogic.com\/cs\/resources\/success-story-rewu-eu\/#primaryimage","url":"https:\/\/d2bw95mh2ee04s.cloudfront.net\/prod\/content\/wp-content\/uploads\/2020\/12\/23142724\/header-success-story-rewu.jpg","contentUrl":"https:\/\/d2bw95mh2ee04s.cloudfront.net\/prod\/content\/wp-content\/uploads\/2020\/12\/23142724\/header-success-story-rewu.jpg","width":2500,"height":1667,"caption":"Amazon seller software for professionals: SELLERLOGIC Repricer"},{"@type":"BreadcrumbList","@id":"https:\/\/www.sellerlogic.com\/cs\/resources\/success-story-rewu-eu\/#breadcrumb","itemListElement":[{"@type":"ListItem","position":1,"name":"Home","item":"https:\/\/www.sellerlogic.com\/cs\/"},{"@type":"ListItem","position":2,"name":"Zdroje EN","item":"https:\/\/www.sellerlogic.com\/cs\/resources\/"},{"@type":"ListItem","position":3,"name":"\u00dasp\u011b\u0161n\u00fd p\u0159\u00edb\u011bh: ReWu EN"}]},{"@type":"WebSite","@id":"https:\/\/www.sellerlogic.com\/cs\/#website","url":"https:\/\/www.sellerlogic.com\/cs\/","name":"SELLERLOGIC - Smarte Tools f\u00fcr Amazon-Seller","description":"Intelligente Prozessoptimierung und Gewinnmaximierung","publisher":{"@id":"https:\/\/www.sellerlogic.com\/cs\/#organization"},"potentialAction":[{"@type":"SearchAction","target":{"@type":"EntryPoint","urlTemplate":"https:\/\/www.sellerlogic.com\/cs\/?s={search_term_string}"},"query-input":{"@type":"PropertyValueSpecification","valueRequired":true,"valueName":"search_term_string"}}],"inLanguage":"cs-CZ"},{"@type":"Organization","@id":"https:\/\/www.sellerlogic.com\/cs\/#organization","name":"SELLERLOGIC","url":"https:\/\/www.sellerlogic.com\/cs\/","logo":{"@type":"ImageObject","inLanguage":"cs-CZ","@id":"https:\/\/www.sellerlogic.com\/cs\/#\/schema\/logo\/image\/","url":"https:\/\/d2bw95mh2ee04s.cloudfront.net\/prod\/content\/wp-content\/uploads\/2025\/01\/02134814\/Property-Logo-Main.svg","contentUrl":"https:\/\/d2bw95mh2ee04s.cloudfront.net\/prod\/content\/wp-content\/uploads\/2025\/01\/02134814\/Property-Logo-Main.svg","width":184,"height":40,"caption":"SELLERLOGIC"},"image":{"@id":"https:\/\/www.sellerlogic.com\/cs\/#\/schema\/logo\/image\/"},"sameAs":["https:\/\/www.facebook.com\/SellerLogic\/","https:\/\/x.com\/sellerlogic","https:\/\/www.instagram.com\/sellerlogic\/","https:\/\/www.linkedin.com\/company\/18402037\/","https:\/\/www.youtube.com\/channel\/UC-gULUur-fNj08sprantKsQ"]}]}},"_links":{"self":[{"href":"https:\/\/www.sellerlogic.com\/cs\/wp-json\/wp\/v2\/pages\/108831","targetHints":{"allow":["GET"]}}],"collection":[{"href":"https:\/\/www.sellerlogic.com\/cs\/wp-json\/wp\/v2\/pages"}],"about":[{"href":"https:\/\/www.sellerlogic.com\/cs\/wp-json\/wp\/v2\/types\/page"}],"author":[{"embeddable":true,"href":"https:\/\/www.sellerlogic.com\/cs\/wp-json\/wp\/v2\/users\/3"}],"replies":[{"embeddable":true,"href":"https:\/\/www.sellerlogic.com\/cs\/wp-json\/wp\/v2\/comments?post=108831"}],"version-history":[{"count":0,"href":"https:\/\/www.sellerlogic.com\/cs\/wp-json\/wp\/v2\/pages\/108831\/revisions"}],"up":[{"embeddable":true,"href":"https:\/\/www.sellerlogic.com\/cs\/wp-json\/wp\/v2\/pages\/109215"}],"wp:featuredmedia":[{"embeddable":true,"href":"https:\/\/www.sellerlogic.com\/cs\/wp-json\/wp\/v2\/media\/4796"}],"wp:attachment":[{"href":"https:\/\/www.sellerlogic.com\/cs\/wp-json\/wp\/v2\/media?parent=108831"}],"curies":[{"name":"wp","href":"https:\/\/api.w.org\/{rel}","templated":true}]}}