
{"id":108849,"date":"2022-03-17T08:40:47","date_gmt":"2022-03-17T08:40:47","guid":{"rendered":"https:\/\/127.0.0.1\/registration-for-the-webinar\/"},"modified":"2022-03-17T08:40:47","modified_gmt":"2022-03-17T08:40:47","slug":"registration-for-the-webinar","status":"publish","type":"page","link":"https:\/\/www.sellerlogic.com\/cs\/registration-for-the-webinar\/","title":{"rendered":"Registrace na webin\u00e1\u0159"},"content":{"rendered":"\n\t<div  class=\"theme-wp-block theme-block-main-header desktop-content-align-y-center desktop-content-align-x-center xl-content-align-y-center xl-content-align-x-center lg-content-align-y-center lg-content-align-x-center md-content-align-y-center md-content-align-x-center sm-content-align-y-center sm-content-align-x-center gb-responsive-349165-identifier desktop-align-full xl-align-full lg-align-full md-align-full sm-align-full is-style-default theme-block-cover\">\n\t\t<div class=\"bg-cover theme-lazy-load-bg\"><\/div>\n\t\t<div class=\"wrap-content-main-header\">\n\t\t\t\t\t<div  class=\"theme-wp-block theme-block-text-and-text desktop-align-wide xl-align-wide lg-align-wide md-align-wide sm-align-wide desktop-blockDirection-row xl-blockDirection-row lg-blockDirection-row md-blockDirection-row sm-blockDirection-row gb-responsive-473561-identifier desktop-vertical-center xl-vertical-center lg-vertical-center md-vertical-center sm-vertical-center alignwide\">\n\t\t<div class=\"tat-column-wrap-wrapper\">\n\t\t\t<div class=\"tat-column-wrapper\">\n\t\t\t\t\t<div  class=\"theme-wp-block theme-block-text-and-text-column gb-responsive-667797-identifier desktop-horizontal-center xl-horizontal-center lg-horizontal-center md-horizontal-center sm-horizontal-center\">\n\t\t<div class=\"inner-wrap-column-content\">\n\t\t\t<div class=\"inner-column-content\">\n\t\t\t\t<div class=\"theme-wp-block wp-block-columns are-vertically-aligned-center gb-responsive-685022-identifier is-layout-flex wp-container-core-columns-is-layout-9d6595d7 wp-block-columns-is-layout-flex\"><div class=\"theme-wp-block wp-block-column is-vertically-aligned-center gb-responsive-821359-identifier is-layout-flow wp-block-column-is-layout-flow\"><div class=\"theme-block-group-wrap\"><div class=\"theme-wp-block wp-block-group gb-responsive-395462-identifier has-white-color has-text-color\"><h1 class=\"theme-wp-block wp-block-heading has-text-align-center gb-responsive-181751-identifier desktop-text-center xl-text-center lg-text-center md-text-center sm-text-center\">Chcete se pod\u00edvat za obzor Amazonu?<\/h1><h2 class=\"theme-wp-block wp-block-heading has-text-align-center gb-responsive-42443-identifier desktop-text-center xl-text-center lg-text-center md-text-center sm-text-center\">Pak se zaregistrujte na n\u00e1\u0161 webin\u00e1\u0159!<\/h2><hr class=\"theme-wp-block wp-block-separator has-css-opacity\"><\/hr><\/div><\/div><\/div><div class=\"theme-wp-block wp-block-column is-vertically-aligned-center gb-responsive-247885-identifier is-layout-flow wp-block-column-is-layout-flow\"><div class=\"theme-block-group-wrap\"><div class=\"theme-wp-block wp-block-group gb-responsive-539307-identifier has-theme-light-gray-background-color has-background\"><h3 class=\"theme-wp-block wp-block-heading has-text-align-center gb-responsive-488462-identifier desktop-text-center xl-text-center lg-text-center md-text-center sm-text-center\">Bu\u010fte tam od sam\u00e9ho za\u010d\u00e1tku!<\/h3><div id=\"webinar-form\" class=\"theme-wp-block webinar-form\" style=\"position: relative;\"><p>Zadejte sv\u00e9 jm\u00e9no a e-mailovou adresu pro registraci na n\u00e1\u0161 webin\u00e1\u0159.<br><\/p><form id=\"leadform\" action=\"#\" method=\"post\"><input type=\"text\" name=\"name\" id=\"name\" placeholder=\"Va\u0161e jm\u00e9no\" required=\"required\" style=\"padding: 10px; font-size: 18px; width: 100%; margin-bottom: 15px; color: rgb(88, 88, 88);\"><\/input><input type=\"email\" name=\"email\" id=\"email\" placeholder=\"Va\u0161e e-mailov\u00e1 adresa\" required=\"required\" data-com-onepassword-filled=\"light\" style=\"padding: 10px; font-size: 18px; width: 100%; margin-bottom: 15px; color: rgb(88, 88, 88);\"><\/input><input type=\"submit\" value=\"Zaregistrujte se zdarma nyn\u00ed\" id=\"submit\" style=\"padding: 10px; font-size: 18px; width: 100%; margin-bottom: 15px; color: rgb(255, 255, 255); background-color: rgb(255, 170, 1); cursor: pointer;\"><\/input><p style=\"margin-bottom: 10px; font-size: 12px;\">Zpracov\u00e1n\u00ed \u00fadaj\u016f se prov\u00e1d\u00ed v souladu s na\u0161imi <a href=\"https:\/\/www.sellerlogic.com\/en\/privacy-policy\/\" target=\"_blank\" draggable=\"false\" rel=\"noopener noreferrer\">z\u00e1sadami ochrany osobn\u00edch \u00fadaj\u016f<\/a>. Registrac\u00ed n\u00ed\u017ee souhlas\u00edte s t\u00edm, \u017ee SELLERLOGIC GmbH m\u016f\u017ee pou\u017e\u00edvat a sd\u00edlet va\u0161e osobn\u00ed \u00fadaje pro marketingov\u00e9 \u00fa\u010dely. Tak\u00e9 souhlas\u00edte s t\u00edm, \u017ee SELLERLOGIC GmbH m\u016f\u017ee p\u0159edat informace, kter\u00e9 poskytnete, na\u0161im partnersk\u00fdm \u00fa\u010dastn\u00edk\u016fm webin\u00e1\u0159e, kte\u0159\u00ed budou uchov\u00e1vat \u00fadaje v souladu se sv\u00fdmi z\u00e1sadami ochrany osobn\u00edch \u00fadaj\u016f a v souladu s platn\u00fdmi pr\u00e1vn\u00edmi po\u017eadavky podle GDPR a zpracov\u00e1vat je pro poskytov\u00e1n\u00ed marketingov\u00e9ho materi\u00e1lu.<\/p><\/form><\/div><hr class=\"theme-wp-block wp-block-separator has-css-opacity\"><\/hr><p class=\"theme-wp-block gb-responsive-658111-identifier\">Aby bylo mo\u017en\u00e9 se zaregistrovat na webin\u00e1\u0159, je nutn\u00e9 p\u0159edem povolit v\u0161echny cookies. Chcete-li upravit sv\u00e1 nastaven\u00ed, klikn\u011bte pros\u00edm na n\u00e1sleduj\u00edc\u00ed tla\u010d\u00edtko.<\/p><p class=\"theme-wp-block\"><span class=\"borlabs-cookie-open-dialog-preferences brlbs-cmpnt-container\" data-borlabs-cookie-title=\"Otev\u0159\u00edt nastaven\u00ed cookies\" data-borlabs-cookie-type=\"button\" ><\/span><\/p><\/div><\/div><\/div><\/div>\t\t\t<\/div>\n\t\t<\/div>\n\t<\/div>\n\t<div  class=\"theme-wp-block theme-block-text-and-text-column gb-responsive-761697-identifier\">\n\t\t<div class=\"inner-wrap-column-content\">\n\t\t\t<div class=\"inner-column-content\">\n\t\t\t\t\t\t\t<\/div>\n\t\t<\/div>\n\t<\/div>\n\t\t\t<\/div>\n\t\t<\/div>\n\t<\/div>\n\n\t\t<\/div>\n\t<\/div>\n\n<div class=\"theme-wp-block wp-block-columns alignfull are-vertically-aligned-center desktop-align-full xl-align-full lg-align-full md-align-full sm-align-full gb-responsive-162396-identifier has-theme-light-gray-background-color has-background is-layout-flex wp-container-core-columns-is-layout-9d6595d7 wp-block-columns-is-layout-flex\"><div class=\"theme-wp-block wp-block-column is-vertically-aligned-center gb-responsive-969772-identifier is-layout-flow wp-block-column-is-layout-flow\" style=\"flex-basis:25%\"><\/div><div class=\"theme-wp-block wp-block-column is-vertically-aligned-center gb-responsive-872757-identifier is-layout-flow wp-block-column-is-layout-flow\" style=\"flex-basis:50%\"><div style=\"height:20px\" aria-hidden=\"true\" class=\"theme-wp-block wp-block-spacer\"><\/div><h2 class=\"theme-wp-block wp-block-heading gb-responsive-995743-identifier\">Multikan\u00e1l: Nez\u00e1vislost na Amazonu? <br> Nebo \u010dist\u00e1 utopie?<\/h2><h3 class=\"theme-wp-block wp-block-heading gb-responsive-330077-identifier\">Webin\u00e1\u0159 v podcastov\u00e9m form\u00e1tu s Annemarie Raluca Schuster<\/h3><p class=\"theme-wp-block gb-responsive-312004-identifier\">Amazon dominuje n\u011bmeck\u00e9mu online maloobchodn\u00edmu trhu s pod\u00edlem na tr\u017eb\u00e1ch 53 procent. P\u0159ibli\u017en\u011b 94 procent n\u011bmeck\u00fdch online nakupuj\u00edc\u00edch nakoupilo na Amazonu v n\u011bjak\u00e9m okam\u017eiku. Pouze v N\u011bmecku m\u00e1 Amazon kolem 46,2 milionu z\u00e1kazn\u00edk\u016f. To vyvol\u00e1v\u00e1 ot\u00e1zku, zda je Amazon v sou\u010dasnosti jedin\u00fdm zp\u016fsobem, jak b\u00fdt \u00fasp\u011b\u0161n\u00fd v online podnik\u00e1n\u00ed. Z\u00e1rove\u0148 cht\u011bj\u00ed online prodejci v\u00fdrazn\u011b sn\u00ed\u017eit svou z\u00e1vislost na Amazonu. Ale jak\u00e9 p\u0159ek\u00e1\u017eky \u010del\u00ed prodejci na cest\u011b k nez\u00e1vislosti na velk\u00fdch tr\u017ei\u0161t\u00edch, jako je Amazon?<\/p><p class=\"theme-wp-block gb-responsive-541245-identifier\">Annemarie Raluca Schuster vysv\u011btluje v na\u0161em webin\u00e1\u0159i v podcastov\u00e9m form\u00e1tu &#8220;Multikan\u00e1l: Nez\u00e1vislost na Amazonu? Nebo \u010dist\u00e1 utopie?&#8221; jak umis\u0165uje svou zna\u010dku &#8220;SiAura Materials&#8221; nap\u0159\u00ed\u010d r\u016fzn\u00fdmi tr\u017ei\u0161ti a jak se vyrovn\u00e1v\u00e1 se m\u011bn\u00edc\u00edmi v\u00fdzvami a inovacemi, aby mohla \u00fasp\u011b\u0161n\u011b prod\u00e1vat.<\/p>\t\t<div  class=\"theme-wp-block theme-block-guest-author gb-responsive-122623-identifier\">\n\t\t<div class=\"wrap-inner-content\">\n\t\t\t<div class=\"guest-author-avatar\">\n\t\t\t\t<div class=\"cover-avatar\" style=\"background-image: url(https:\/\/d2bw95mh2ee04s.cloudfront.net\/prod\/content\/wp-content\/uploads\/2022\/02\/23140433\/annemarie-raluca-schuster-siaura-material.png);\"><\/div>\n\t\t\t<\/div>\n\t\t\t<div class=\"guest-author-sign\">\n\t\t\t\t<div class=\"author-sign\">SiAura Materials &#038; Annythinks<\/div>\n\t\t\t<\/div>\n\t\t\t<div class=\"wrap-title\">\n\t\t\t\t<div class=\"guest-author-name\">\n\t\t\t\t\t<div class=\"title\">\n\t\t\t\t\t\t<div class=\"heading-text\">Annemarie Raluca Schuster<\/div>\n\t\t\t\t\t<\/div>\n\t\t\t\t<\/div>\n\t\t\t<\/div>\n\t\t\t<div class=\"guest-author-description\">\n\t\t\t\t<div class=\"description\"><p>CEO a zakladatelka &#8220;SiAura Materials&#8221; a e-commerce agentury &#8220;Annythinks,&#8221; \u00fasp\u011b\u0161n\u011b p\u016fsob\u00ed jako online prodejce se svou zna\u010dkou na r\u016fzn\u00fdch tr\u017ei\u0161t\u00edch, jako jsou Amazon, Etsy a eBay, od roku 2013. Se svou zna\u010dkou spravuje v\u00edce ne\u017e 3 000 produkt\u016f souvisej\u00edc\u00edch s \u0159emeslnou v\u00fdrobou a ru\u010dn\u011b vyr\u00e1b\u011bn\u00fdmi p\u0159edm\u011bty. V roce 2018 zalo\u017eila svou vlastn\u00ed e-commerce agenturu &#8220;Annythinks&#8221; a rad\u00ed online prodejc\u016fm v oblasti online prodeje. Jako vyu\u010den\u00e1 po\u010d\u00edta\u010dov\u00e1 v\u011bdkyn\u011b velmi oce\u0148uje pou\u017e\u00edv\u00e1n\u00ed dynamick\u00fdch a inteligentn\u00edch n\u00e1stroj\u016f a zam\u011b\u0159uje se na automatizaci proces\u016f.<\/p><\/div>\n\t\t\t<\/div>\n\t\t<\/div>\n\t<\/div>\n\n<\/div><div class=\"theme-wp-block wp-block-column is-vertically-aligned-center gb-responsive-678736-identifier is-layout-flow wp-block-column-is-layout-flow\" style=\"flex-basis:25%\"><\/div><\/div><div class=\"theme-block-group-wrap  desktop-align-full xl-align-full lg-align-full md-align-full sm-align-full\"><div class=\"theme-wp-block wp-block-group alignfull questions desktop-align-full xl-align-full lg-align-full md-align-full sm-align-full gb-responsive-identifier-981778 desktop-gb-has-no-icon xl-gb-has-no-icon lg-gb-has-no-icon md-gb-has-no-icon sm-gb-has-no-icon\">\t\t<h2  class=\"theme-wp-block theme-block-heading  desktop-align-center xl-align-center lg-align-center md-align-center sm-align-center desktop-text-center only-editor-has-text-align-center xl-text-center lg-text-center md-text-center sm-text-center gb-responsive-identifier-408021 aligncenter has-text-align\">\n\t\tM\u00e1te n\u011bjak\u00e9 ot\u00e1zky?\t<\/h2>\n\n<p class=\"theme-wp-block has-text-align-center gb-responsive-identifier-361793 desktop-text-center xl-text-center lg-text-center md-text-center sm-text-center\">Na\u0161e podpora v\u00e1m r\u00e1da pom\u016f\u017ee.<\/p>\t\t<div  class=\"theme-wp-block theme-block-contact-phone gb-responsive-499055-identifier desktop-text-center xl-text-center lg-text-center md-text-center sm-text-center desktop-gb-has-no-icon xl-gb-has-no-icon lg-gb-has-no-icon md-gb-has-no-icon sm-gb-has-no-icon\">\n\t\t\t\t\t<svg class=\"icon\" width=\"24px\" height=\"24px\" viewBox=\"0 0 24 24\" version=\"1.1\" xmlns=\"http:\/\/www.w3.org\/2000\/svg\">\n\t\t\t\t\t\t<g id=\"global--menu-collapsed\" stroke=\"none\" stroke-width=\"1\" fill=\"none\" fill-rule=\"evenodd\" transform=\"translate(-24.000000, -8.000000)\">\n\t\t\t\t\t\t\t<g id=\"menu--2nd-level\">\n\t\t\t\t\t\t\t\t<g id=\"icn--phone-24px--blue\" transform=\"translate(24.000000, 8.000000)\">\n\t\t\t\t\t\t\t\t\t<polygon id=\"Shape\" points=\"0 0 24 0 24 24 0 24\"><\/polygon>\n\t\t\t\t\t\t\t\t\t<path d=\"M7,6 L7,18.6666667 L16.3333333,18.6666667 L16.3333333,6 L7,6 Z M5,4 L18.3333333,4 L18.3333333,20.6666667 L5,20.6666667 L5,4 Z M11.6666667,18.1666667 C12.126904,18.1666667 12.5,17.7935706 12.5,17.3333333 C12.5,16.873096 12.126904,16.5 11.6666667,16.5 C11.2064294,16.5 10.8333333,16.873096 10.8333333,17.3333333 C10.8333333,17.7935706 11.2064294,18.1666667 11.6666667,18.1666667 Z M6.66666667,15.8333333 L6.66666667,13.8333333 L16.6651355,13.8333333 L16.6651355,15.8333333 L6.66666667,15.8333333 Z\" id=\"Rectangle-20\" fill=\"#0055CC\" fill-rule=\"nonzero\"><\/path>\n\t\t\t\t\t\t\t\t<\/g>\n\t\t\t\t\t\t\t<\/g>\n\t\t\t\t\t\t<\/g>\n\t\t\t\t\t<\/svg>\n\t\t<span class=\"phone\">+49 211 900 64 120<\/span>\n\t<\/div>\n\n<\/div><\/div>","protected":false},"excerpt":{"rendered":"<p>Multikan\u00e1l: Nez\u00e1vislost na Amazonu? Nebo \u010dist\u00e1 utopie? Webin\u00e1\u0159 v podcastov\u00e9m form\u00e1tu s Annemarie Raluca Schuster Amazon dominuje n\u011bmeck\u00e9mu online maloobchodn\u00edmu trhu s pod\u00edlem na tr\u017eb\u00e1ch 53 procent. P\u0159ibli\u017en\u011b 94 procent n\u011bmeck\u00fdch online nakupuj\u00edc\u00edch nakoupilo na Amazonu v n\u011bjak\u00e9m okam\u017eiku. Pouze v N\u011bmecku m\u00e1 Amazon kolem 46,2 milionu z\u00e1kazn\u00edk\u016f. To vyvol\u00e1v\u00e1 ot\u00e1zku, zda je Amazon v<\/p>\n","protected":false},"author":8,"featured_media":0,"parent":0,"menu_order":0,"comment_status":"closed","ping_status":"closed","template":"","meta":{"sidebar_recommended_resources":{"data":[]},"sidebar_header_settings":{"hide_buttons":{"register":false}},"_use_new_theme":false,"inline_featured_image":false,"footnotes":""},"class_list":["post-108849","page","type-page","status-publish","hentry"],"yoast_head":"<!-- This site is optimized with the Yoast SEO plugin v26.8 - https:\/\/yoast.com\/product\/yoast-seo-wordpress\/ -->\n<title>Registrace na webin\u00e1\u0159 | SELLERLOGIC - Smarte Tools f\u00fcr Amazon-Seller<\/title>\n<meta name=\"robots\" content=\"noindex, follow\" \/>\n<meta property=\"og:locale\" content=\"cs_CZ\" \/>\n<meta property=\"og:type\" content=\"article\" \/>\n<meta property=\"og:title\" content=\"Registrace na webin\u00e1\u0159 | SELLERLOGIC - Smarte Tools f\u00fcr Amazon-Seller\" \/>\n<meta property=\"og:description\" content=\"Multikan\u00e1l: Nez\u00e1vislost na Amazonu? Nebo \u010dist\u00e1 utopie? Webin\u00e1\u0159 v podcastov\u00e9m form\u00e1tu s Annemarie Raluca Schuster Amazon dominuje n\u011bmeck\u00e9mu online maloobchodn\u00edmu trhu s pod\u00edlem na tr\u017eb\u00e1ch 53 procent. P\u0159ibli\u017en\u011b 94 procent n\u011bmeck\u00fdch online nakupuj\u00edc\u00edch nakoupilo na Amazonu v n\u011bjak\u00e9m okam\u017eiku. Pouze v N\u011bmecku m\u00e1 Amazon kolem 46,2 milionu z\u00e1kazn\u00edk\u016f. To vyvol\u00e1v\u00e1 ot\u00e1zku, zda je Amazon v\" \/>\n<meta property=\"og:url\" content=\"https:\/\/www.sellerlogic.com\/cs\/registration-for-the-webinar\/\" \/>\n<meta property=\"og:site_name\" content=\"SELLERLOGIC - Smarte Tools f\u00fcr Amazon-Seller\" \/>\n<meta property=\"article:publisher\" content=\"https:\/\/www.facebook.com\/SellerLogic\/\" \/>\n<meta property=\"og:image\" content=\"https:\/\/d2bw95mh2ee04s.cloudfront.net\/prod\/content\/wp-content\/uploads\/2025\/06\/09094621\/Social-OG-Image-Link.jpg\" \/>\n\t<meta property=\"og:image:width\" content=\"2400\" \/>\n\t<meta property=\"og:image:height\" content=\"1270\" \/>\n\t<meta property=\"og:image:type\" content=\"image\/jpeg\" \/>\n<meta name=\"twitter:card\" content=\"summary_large_image\" \/>\n<meta name=\"twitter:site\" content=\"@sellerlogic\" \/>\n<meta name=\"twitter:label1\" content=\"Est. reading time\" \/>\n\t<meta name=\"twitter:data1\" content=\"2 minutes\" \/>\n<script type=\"application\/ld+json\" class=\"yoast-schema-graph\">{\"@context\":\"https:\/\/schema.org\",\"@graph\":[{\"@type\":\"WebPage\",\"@id\":\"https:\/\/www.sellerlogic.com\/cs\/registration-for-the-webinar\/\",\"url\":\"https:\/\/www.sellerlogic.com\/cs\/registration-for-the-webinar\/\",\"name\":\"Registrace na webin\u00e1\u0159 | SELLERLOGIC - Smarte Tools f\u00fcr Amazon-Seller\",\"isPartOf\":{\"@id\":\"https:\/\/www.sellerlogic.com\/cs\/#website\"},\"datePublished\":\"2022-03-17T08:40:47+00:00\",\"breadcrumb\":{\"@id\":\"https:\/\/www.sellerlogic.com\/cs\/registration-for-the-webinar\/#breadcrumb\"},\"inLanguage\":\"cs-CZ\",\"potentialAction\":[{\"@type\":\"ReadAction\",\"target\":[\"https:\/\/www.sellerlogic.com\/cs\/registration-for-the-webinar\/\"]}]},{\"@type\":\"BreadcrumbList\",\"@id\":\"https:\/\/www.sellerlogic.com\/cs\/registration-for-the-webinar\/#breadcrumb\",\"itemListElement\":[{\"@type\":\"ListItem\",\"position\":1,\"name\":\"Home\",\"item\":\"https:\/\/www.sellerlogic.com\/cs\/\"},{\"@type\":\"ListItem\",\"position\":2,\"name\":\"Registrace na webin\u00e1\u0159\"}]},{\"@type\":\"WebSite\",\"@id\":\"https:\/\/www.sellerlogic.com\/cs\/#website\",\"url\":\"https:\/\/www.sellerlogic.com\/cs\/\",\"name\":\"SELLERLOGIC - Smarte Tools f\u00fcr Amazon-Seller\",\"description\":\"Intelligente Prozessoptimierung und Gewinnmaximierung\",\"publisher\":{\"@id\":\"https:\/\/www.sellerlogic.com\/cs\/#organization\"},\"potentialAction\":[{\"@type\":\"SearchAction\",\"target\":{\"@type\":\"EntryPoint\",\"urlTemplate\":\"https:\/\/www.sellerlogic.com\/cs\/?s={search_term_string}\"},\"query-input\":{\"@type\":\"PropertyValueSpecification\",\"valueRequired\":true,\"valueName\":\"search_term_string\"}}],\"inLanguage\":\"cs-CZ\"},{\"@type\":\"Organization\",\"@id\":\"https:\/\/www.sellerlogic.com\/cs\/#organization\",\"name\":\"SELLERLOGIC\",\"url\":\"https:\/\/www.sellerlogic.com\/cs\/\",\"logo\":{\"@type\":\"ImageObject\",\"inLanguage\":\"cs-CZ\",\"@id\":\"https:\/\/www.sellerlogic.com\/cs\/#\/schema\/logo\/image\/\",\"url\":\"https:\/\/d2bw95mh2ee04s.cloudfront.net\/prod\/content\/wp-content\/uploads\/2025\/01\/02134814\/Property-Logo-Main.svg\",\"contentUrl\":\"https:\/\/d2bw95mh2ee04s.cloudfront.net\/prod\/content\/wp-content\/uploads\/2025\/01\/02134814\/Property-Logo-Main.svg\",\"width\":184,\"height\":40,\"caption\":\"SELLERLOGIC\"},\"image\":{\"@id\":\"https:\/\/www.sellerlogic.com\/cs\/#\/schema\/logo\/image\/\"},\"sameAs\":[\"https:\/\/www.facebook.com\/SellerLogic\/\",\"https:\/\/x.com\/sellerlogic\",\"https:\/\/www.instagram.com\/sellerlogic\/\",\"https:\/\/www.linkedin.com\/company\/18402037\/\",\"https:\/\/www.youtube.com\/channel\/UC-gULUur-fNj08sprantKsQ\"]}]}<\/script>\n<!-- \/ Yoast SEO plugin. -->","yoast_head_json":{"title":"Registrace na webin\u00e1\u0159 | SELLERLOGIC - Smarte Tools f\u00fcr Amazon-Seller","robots":{"index":"noindex","follow":"follow"},"og_locale":"cs_CZ","og_type":"article","og_title":"Registrace na webin\u00e1\u0159 | SELLERLOGIC - Smarte Tools f\u00fcr Amazon-Seller","og_description":"Multikan\u00e1l: Nez\u00e1vislost na Amazonu? Nebo \u010dist\u00e1 utopie? Webin\u00e1\u0159 v podcastov\u00e9m form\u00e1tu s Annemarie Raluca Schuster Amazon dominuje n\u011bmeck\u00e9mu online maloobchodn\u00edmu trhu s pod\u00edlem na tr\u017eb\u00e1ch 53 procent. P\u0159ibli\u017en\u011b 94 procent n\u011bmeck\u00fdch online nakupuj\u00edc\u00edch nakoupilo na Amazonu v n\u011bjak\u00e9m okam\u017eiku. Pouze v N\u011bmecku m\u00e1 Amazon kolem 46,2 milionu z\u00e1kazn\u00edk\u016f. To vyvol\u00e1v\u00e1 ot\u00e1zku, zda je Amazon v","og_url":"https:\/\/www.sellerlogic.com\/cs\/registration-for-the-webinar\/","og_site_name":"SELLERLOGIC - Smarte Tools f\u00fcr Amazon-Seller","article_publisher":"https:\/\/www.facebook.com\/SellerLogic\/","og_image":[{"width":2400,"height":1270,"url":"https:\/\/d2bw95mh2ee04s.cloudfront.net\/prod\/content\/wp-content\/uploads\/2025\/06\/09094621\/Social-OG-Image-Link.jpg","type":"image\/jpeg"}],"twitter_card":"summary_large_image","twitter_site":"@sellerlogic","twitter_misc":{"Est. reading time":"2 minutes"},"schema":{"@context":"https:\/\/schema.org","@graph":[{"@type":"WebPage","@id":"https:\/\/www.sellerlogic.com\/cs\/registration-for-the-webinar\/","url":"https:\/\/www.sellerlogic.com\/cs\/registration-for-the-webinar\/","name":"Registrace na webin\u00e1\u0159 | SELLERLOGIC - Smarte Tools f\u00fcr Amazon-Seller","isPartOf":{"@id":"https:\/\/www.sellerlogic.com\/cs\/#website"},"datePublished":"2022-03-17T08:40:47+00:00","breadcrumb":{"@id":"https:\/\/www.sellerlogic.com\/cs\/registration-for-the-webinar\/#breadcrumb"},"inLanguage":"cs-CZ","potentialAction":[{"@type":"ReadAction","target":["https:\/\/www.sellerlogic.com\/cs\/registration-for-the-webinar\/"]}]},{"@type":"BreadcrumbList","@id":"https:\/\/www.sellerlogic.com\/cs\/registration-for-the-webinar\/#breadcrumb","itemListElement":[{"@type":"ListItem","position":1,"name":"Home","item":"https:\/\/www.sellerlogic.com\/cs\/"},{"@type":"ListItem","position":2,"name":"Registrace na webin\u00e1\u0159"}]},{"@type":"WebSite","@id":"https:\/\/www.sellerlogic.com\/cs\/#website","url":"https:\/\/www.sellerlogic.com\/cs\/","name":"SELLERLOGIC - Smarte Tools f\u00fcr Amazon-Seller","description":"Intelligente Prozessoptimierung und Gewinnmaximierung","publisher":{"@id":"https:\/\/www.sellerlogic.com\/cs\/#organization"},"potentialAction":[{"@type":"SearchAction","target":{"@type":"EntryPoint","urlTemplate":"https:\/\/www.sellerlogic.com\/cs\/?s={search_term_string}"},"query-input":{"@type":"PropertyValueSpecification","valueRequired":true,"valueName":"search_term_string"}}],"inLanguage":"cs-CZ"},{"@type":"Organization","@id":"https:\/\/www.sellerlogic.com\/cs\/#organization","name":"SELLERLOGIC","url":"https:\/\/www.sellerlogic.com\/cs\/","logo":{"@type":"ImageObject","inLanguage":"cs-CZ","@id":"https:\/\/www.sellerlogic.com\/cs\/#\/schema\/logo\/image\/","url":"https:\/\/d2bw95mh2ee04s.cloudfront.net\/prod\/content\/wp-content\/uploads\/2025\/01\/02134814\/Property-Logo-Main.svg","contentUrl":"https:\/\/d2bw95mh2ee04s.cloudfront.net\/prod\/content\/wp-content\/uploads\/2025\/01\/02134814\/Property-Logo-Main.svg","width":184,"height":40,"caption":"SELLERLOGIC"},"image":{"@id":"https:\/\/www.sellerlogic.com\/cs\/#\/schema\/logo\/image\/"},"sameAs":["https:\/\/www.facebook.com\/SellerLogic\/","https:\/\/x.com\/sellerlogic","https:\/\/www.instagram.com\/sellerlogic\/","https:\/\/www.linkedin.com\/company\/18402037\/","https:\/\/www.youtube.com\/channel\/UC-gULUur-fNj08sprantKsQ"]}]}},"_links":{"self":[{"href":"https:\/\/www.sellerlogic.com\/cs\/wp-json\/wp\/v2\/pages\/108849","targetHints":{"allow":["GET"]}}],"collection":[{"href":"https:\/\/www.sellerlogic.com\/cs\/wp-json\/wp\/v2\/pages"}],"about":[{"href":"https:\/\/www.sellerlogic.com\/cs\/wp-json\/wp\/v2\/types\/page"}],"author":[{"embeddable":true,"href":"https:\/\/www.sellerlogic.com\/cs\/wp-json\/wp\/v2\/users\/8"}],"replies":[{"embeddable":true,"href":"https:\/\/www.sellerlogic.com\/cs\/wp-json\/wp\/v2\/comments?post=108849"}],"version-history":[{"count":0,"href":"https:\/\/www.sellerlogic.com\/cs\/wp-json\/wp\/v2\/pages\/108849\/revisions"}],"wp:attachment":[{"href":"https:\/\/www.sellerlogic.com\/cs\/wp-json\/wp\/v2\/media?parent=108849"}],"curies":[{"name":"wp","href":"https:\/\/api.w.org\/{rel}","templated":true}]}}