
{"id":108897,"date":"2020-12-18T11:33:09","date_gmt":"2020-12-18T11:33:09","guid":{"rendered":"https:\/\/127.0.0.1\/resources\/success-story-outlet-sofa-direct\/"},"modified":"2020-12-18T11:33:09","modified_gmt":"2020-12-18T11:33:09","slug":"success-story-outlet-sofa-direct","status":"publish","type":"page","link":"https:\/\/www.sellerlogic.com\/cs\/resources\/success-story-outlet-sofa-direct\/","title":{"rendered":"\u00dasp\u011b\u0161n\u00fd p\u0159\u00edb\u011bh: Outlet Sofa Direct EN"},"content":{"rendered":"\n\t<div  class=\"theme-wp-block theme-block-main-header is-style-full-height desktop-align-full xl-align-full lg-align-full md-align-full sm-align-full desktop-content-align-y-center desktop-content-align-x-center xl-content-align-y-center xl-content-align-x-center lg-content-align-y-center lg-content-align-x-center md-content-align-y-center md-content-align-x-center sm-content-align-y-center sm-content-align-x-center gb-responsive-52704-identifier theme-block-cover\">\n\t\t<div class=\"bg-cover theme-lazy-load-bg\"><\/div>\n\t\t<div class=\"wrap-content-main-header\">\n\t\t\t\t\t<div  class=\"theme-wp-block theme-block-text-and-text desktop-blockDirection-row xl-blockDirection-row lg-blockDirection-row md-blockDirection-row sm-blockDirection-row gb-responsive-903753-identifier desktop-align-full xl-align-full lg-align-full md-align-full sm-align-full alignfull\">\n\t\t<div class=\"tat-column-wrap-wrapper\">\n\t\t\t<div class=\"tat-column-wrapper\">\n\t\t\t\t\t<div  class=\"theme-wp-block theme-block-text-and-text-column gb-responsive-974454-identifier desktop-horizontal-center xl-horizontal-center lg-horizontal-center md-horizontal-center sm-horizontal-center\">\n\t\t<div class=\"inner-wrap-column-content\">\n\t\t\t<div class=\"inner-column-content\">\n\t\t\t\t\t\t<h1  class=\"theme-wp-block theme-block-heading is-style-default gb-responsive-560595-identifier desktop-align-wide xl-align-wide lg-align-wide md-align-wide sm-align-wide desktop-text-center xl-text-center lg-text-center md-text-center sm-text-center alignwide h1 has-text-align\">\n\t\t20k Telefon\u00e1t\t<\/h1>\n\n\t\t<h2  class=\"theme-wp-block theme-block-heading is-style-default gb-responsive-64452-identifier desktop-text-center xl-text-center lg-text-center md-text-center sm-text-center h1\">\n\t\tJak Outlet-Sofa Direct dok\u00e1zal u\u0161et\u0159it \u010das, \u00fasil\u00ed a tis\u00edce eur\t<\/h2>\n\n<p class=\"theme-wp-block gb-responsive-93774-identifier\"><a href=\"\/cs\/resources\/success-story-outlet-sofa-direct\/\" target=\"_blank\" rel=\"noreferrer noopener\"><\/a><\/p>\t\t\t<\/div>\n\t\t<\/div>\n\t<\/div>\n\t<div  class=\"theme-wp-block theme-block-text-and-text-column gb-responsive-681128-identifier\">\n\t\t<div class=\"inner-wrap-column-content\">\n\t\t\t<div class=\"inner-column-content\">\n\t\t\t\t\t\t\t<\/div>\n\t\t<\/div>\n\t<\/div>\n\t\t\t<\/div>\n\t\t<\/div>\n\t<\/div>\n\n\t\t<\/div>\n\t<\/div>\n\n<div style=\"height:50px\" aria-hidden=\"true\" class=\"theme-wp-block wp-block-spacer\"><\/div><div class=\"theme-wp-block wp-block-columns gb-responsive-608602-identifier is-layout-flex wp-container-core-columns-is-layout-9d6595d7 wp-block-columns-is-layout-flex\"><div class=\"theme-wp-block wp-block-column gb-responsive-696523-identifier is-layout-flow wp-block-column-is-layout-flow\" style=\"flex-basis:25%\"><figure class=\"theme-wp-block wp-block-image size-large is-resized gb-responsive-62921-identifier\"><img decoding=\"async\" src=\"https:\/\/d2bw95mh2ee04s.cloudfront.net\/prod\/content\/wp-content\/uploads\/2020\/12\/23142714\/outletsofadirect-logo.png\" alt=\"\u00dasp\u011b\u0161n\u00fd p\u0159\u00edb\u011bh: Outlet Sofa Direct EN\" class=\"wp-image-5164\" width=\"250\" height=\"89\"><\/figure><p class=\"theme-wp-block gb-responsive-312552-identifier\"><strong><strong><strong>Zakladatel<\/strong><\/strong>:<\/strong><br>2005<\/p><p class=\"theme-wp-block gb-responsive-353708-identifier\"><strong><strong><strong>Odv\u011btv\u00ed<\/strong><\/strong>:<\/strong><br>N\u00e1bytek\/Ob\u00fdvac\u00ed pokoj-Dod\u00e1vky lo\u017en\u00edho pr\u00e1dla<\/p><p class=\"theme-wp-block gb-responsive-741269-identifier\"><strong><strong><strong>Polo\u017eky na Amazonu:\u00a0<\/strong>\u00a0<\/strong><\/strong><br>asi 2 000 SKU<\/p><p class=\"theme-wp-block gb-responsive-218030-identifier\"><strong><strong><strong>Odesl\u00e1n\u00ed<\/strong><\/strong>:\u00a0<\/strong><br>p\u0159ibli\u017en\u011b 8 000 \/ m\u011bs\u00edc<\/p><\/div><div class=\"theme-wp-block wp-block-column gb-responsive-409151-identifier is-layout-flow wp-block-column-is-layout-flow\" style=\"flex-basis:50%\"><h3 class=\"theme-wp-block wp-block-heading gb-responsive-34353-identifier\" id=\"block-c06fce04-ef87-4ffc-a3d6-b768ba377d17\">Pozad\u00ed:<\/h3><p class=\"theme-wp-block gb-responsive-710769-identifier\">My\u0161lenka Outlet-Sofa Direct se zrodila, kdy\u017e se n\u011bkolik v\u00fdrobc\u016f specializuj\u00edc\u00edch se na v\u00fdrobu dod\u00e1vek pro lo\u017en\u00ed pr\u00e1dlo a pohodu spojilo, aby sv\u00fdm z\u00e1kazn\u00edk\u016fm nab\u00eddli mo\u017enost p\u0159\u00edm\u00e9ho p\u0159\u00edstupu ke v\u0161em t\u011bmto polo\u017ek\u00e1m, kter\u00e9 proch\u00e1zej\u00ed v\u00fdrobou a jsou vyprod\u00e1ny, \u010d\u00edm\u017e poskytuj\u00ed spot\u0159ebiteli nejlep\u0161\u00ed kvalitu za ide\u00e1ln\u00ed cenu. V roce 2005, v d\u016fsledku nevyhnuteln\u00e9 digit\u00e1ln\u00ed transformace n\u00e1bytkov\u00e9ho sektoru, se spole\u010dnost ani na okam\u017eik nerozhodla zvolit online obchodov\u00e1n\u00ed.<\/p><h3 class=\"theme-wp-block wp-block-heading gb-responsive-182281-identifier\">Po\u010d\u00e1te\u010dn\u00ed situace:<\/h3><p class=\"theme-wp-block gb-responsive-548283-identifier\">Vzhledem k solidn\u00ed a dob\u0159e zn\u00e1m\u00e9 pov\u011bsti e-commerce giganta se Outlet-Sofa Direct v roce 2015 rozhodl za\u010d\u00edt prod\u00e1vat sv\u00e9 produkty na Amazonu: &#8220;Cht\u00edt m\u00edt velk\u00e9 mno\u017estv\u00ed online prodej\u016f a neprod\u00e1vat na Amazonu je dnes \u010dasto nemo\u017en\u00e9,&#8221; \u0159\u00edk\u00e1 Francesco, mana\u017eer spole\u010dnosti pro trhy.<\/p><p class=\"theme-wp-block gb-responsive-940523-identifier\">&#8220;V sou\u010dasnosti prod\u00e1v\u00e1me na n\u011bkolika tr\u017ei\u0161t\u00edch: eBay, Cdiscount, ale prodej na Amazonu a vyu\u017e\u00edv\u00e1n\u00ed slu\u017eeb Amazon FBA n\u00e1m v\u00fdrazn\u011b zv\u00fd\u0161ilo prodeje,&#8221; uv\u00e1d\u00ed Francesco. &#8220;Samoz\u0159ejm\u011b, \u017ee v\u0161e m\u00e1 sv\u00e9 v\u00fdhody a nev\u00fdhody a v p\u0159\u00edpad\u011b Amazon FBA m\u011b ztr\u00e1ta kontroly nad vr\u00e1cen\u00edm zbo\u017e\u00ed p\u0159im\u011bla uv\u011bdomit si, \u017ee n\u011bco nen\u00ed v po\u0159\u00e1dku. N\u011bkter\u00e1 data poskytovan\u00e1 Amazonem se neshodovala s t\u00edm, co jsme m\u011bli na na\u0161\u00ed stran\u011b, ale ve v\u011bt\u0161in\u011b p\u0159\u00edpad\u016f jsem jednodu\u0161e d\u016fv\u011b\u0159oval, \u017ee n\u00e1s Amazon spr\u00e1vn\u011b informuje o chyb\u00e1ch; bohu\u017eel, to nebyl p\u0159\u00edpad,&#8221; vysv\u011btluje Francesco.<\/p><h3 class=\"theme-wp-block wp-block-heading gb-responsive-115756-identifier\">\u0158e\u0161en\u00ed:<\/h3><p class=\"theme-wp-block gb-responsive-49178-identifier\">&#8220;A\u010dkoli jsem si p\u0159edstavoval, \u017ee v transakc\u00edch FBA jsou chyby, byla to z\u00e1le\u017eitost, kterou jsme odlo\u017eili, proto\u017ee vy\u017eaduje obrovsk\u00e9 mno\u017estv\u00ed \u010dasu a \u00fasil\u00ed pro n\u00e1\u0161 t\u00fdm. Nicm\u00e9n\u011b, to se v\u0161echno zm\u011bnilo s ne\u010dekan\u00fdm telefon\u00e1tem od Moniky, \u010dlenky t\u00fdmu SELLERLOGIC. Jej\u00ed laskavost a profesionalita m\u011b p\u0159esv\u011bd\u010dily od sam\u00e9ho za\u010d\u00e1tku, kdy\u017e v\u0161e vysv\u011btlila rychle a podrobn\u011b.&#8221;<\/p><div class=\"theme-block-group-wrap\"><div class=\"theme-wp-block wp-block-group gb-responsive-88118-identifier\">\t\t<div  class=\"theme-wp-block theme-block-user-card gb-responsive-799176-identifier is-style-full-width-line\">\n\t\t<div class=\"wrap-inner-content\">\n\t\t\t<div class=\"card-user-head\">\n\t\t\t\t<div class=\"card-user-avatar\">\n\t\t\t\t\t<div class=\"cover-avatar\" style=\"background-image: url(https:\/\/d2bw95mh2ee04s.cloudfront.net\/prod\/content\/wp-content\/uploads\/2020\/12\/23142714\/francesco_azzi-_raute.png);\"><\/div>\n\t\t\t\t<\/div>\n\t\t\t\t<div class=\"wrap-title\">\n\t\t\t\t\t<div class=\"card-user-name\">\n\t\t\t\t\t\t<div class=\"title\">\n\t\t\t\t\t\t\t<h3 class=\"heading-text\"><strong>Francesco Azzi<\/strong><\/h3>\n\t\t\t\t\t\t<\/div>\n\t\t\t\t\t\t<div class=\"card-user-position\">\n\t\t\t\t\t\t\t<div class=\"card-text\"><strong>Mana\u017eer trhu<\/strong><\/div>\n\t\t\t\t\t\t<\/div>\n\t\t\t\t\t<\/div>\n\t\t\t\t\t<div class=\"card-user-quote-icon\">\n\t\t\t\t\t<\/div>\n\t\t\t\t<\/div>\n\t\t\t<\/div>\n\t\t\t<div class=\"card-user-text\">\n\t\t\t\t<div class=\"card-text\"><p>Flexibilita produktu. Neexistuje \u017e\u00e1dn\u00fd z\u00e1vazek a plat\u00edte pouze za to, co v\u00e1m bylo vr\u00e1ceno, co\u017e je v\u00edt\u011bzn\u00e1 strategie.<\/p><\/div>\n\t\t\t<\/div>\n\t\t<\/div>\n\t<\/div>\n\n<\/div><\/div><h3 class=\"theme-wp-block wp-block-heading gb-responsive-595368-identifier\">\u00dasp\u011b\u0161n\u00e9 v\u00fdsledky s SELLERLOGIC:<\/h3><p class=\"theme-wp-block gb-responsive-514579-identifier\">&#8220;Vzhledem k situaci, ve kter\u00e9 jsme byli s na\u0161\u00edm zbo\u017e\u00edm ve skladech FBA, jsem v\u011bd\u011bl, \u017ee existuje velk\u00e1 pravd\u011bpodobnost, \u017ee objem chyb bude vysok\u00fd, ale zpo\u010d\u00e1tku jsem si nemyslel, \u017ee by n\u00e1m to u\u0161et\u0159ilo tolik pen\u011bz. V pr\u016fb\u011bhu 3 m\u011bs\u00edc\u016f se pou\u017eit\u00ed Lost &#038; Found uk\u00e1zalo jako opak, ji\u017e jsme z\u00edskali zp\u011bt 20 000 eur a jsme zcela p\u0159esv\u011bd\u010deni, \u017ee n\u00e1stroj funguje,&#8221; \u0159\u00edk\u00e1 Francesco.<\/p><p class=\"theme-wp-block gb-responsive-750322-identifier\">&#8220;Monica m\u011b vedla od sam\u00e9ho za\u010d\u00e1tku; b\u011bhem registra\u010dn\u00edho procesu m\u011b informovala o v\u0161ech kroc\u00edch, kter\u00e9 je t\u0159eba dodr\u017eet, jakmile byl n\u00e1stroj spu\u0161t\u011bn. Tak\u00e9 stoj\u00ed za zm\u00ednku, \u017ee zbytek t\u00fdmu SELLERLOGIC byl v\u017edy extr\u00e9mn\u011b dostupn\u00fd a p\u0159\u00edtomn\u00fd. I kdy\u017e byli informov\u00e1ni o probl\u00e9mech na posledn\u00ed chv\u00edli. D\u00edky cel\u00e9mu t\u00fdmu a intuitivn\u00edmu pou\u017e\u00edv\u00e1n\u00ed n\u00e1stroje n\u00e1m nejen uplatn\u011bn\u00ed p\u0159\u00edpad\u016f u\u0161et\u0159ilo spoustu \u010dasu, ale tak\u00e9 n\u00e1m pomohlo z\u00edskat zp\u011bt pen\u00edze, na kter\u00e9 jsme m\u011bli n\u00e1rok.&#8221;<\/p><div class=\"theme-wp-block wp-block-buttons gb-responsive-497426-identifier is-layout-flex wp-block-buttons-is-layout-flex\"><div class=\"theme-wp-block wp-block-button gb-responsive-38220-identifier is-style-theme-transparent-with-arrow\"><a class=\"wp-block-button__link wp-element-button\" href=\"https:\/\/d2bw95mh2ee04s.cloudfront.net\/prod\/content\/files\/SUCCESS-STORIES\/EN\/SELLERLOGIC_Success-Story_Outlet-Sofa-Direct_EN.pdf\" target=\"_blank\" rel=\"noreferrer noopener nofollow\">St\u00e1hnout nyn\u00ed!<\/a><\/div><\/div><\/div><div class=\"theme-wp-block wp-block-column gb-responsive-276018-identifier is-layout-flow wp-block-column-is-layout-flow\" style=\"flex-basis:25%\"><\/div><\/div><p class=\"theme-wp-block gb-responsive-437508-identifier\"><\/p>","protected":false},"excerpt":{"rendered":"<p>Zakladatel:2005 Odv\u011btv\u00ed:N\u00e1bytek\/Ob\u00fdvac\u00ed pokoj-Dod\u00e1vky lo\u017en\u00edho pr\u00e1dla Polo\u017eky na Amazonu:\u00a0\u00a0asi 2 000 SKU Odesl\u00e1n\u00ed:\u00a0p\u0159ibli\u017en\u011b 8 000 \/ m\u011bs\u00edc Pozad\u00ed: My\u0161lenka Outlet-Sofa Direct se zrodila, kdy\u017e se n\u011bkolik v\u00fdrobc\u016f specializuj\u00edc\u00edch se na v\u00fdrobu dod\u00e1vek pro lo\u017en\u00ed pr\u00e1dlo a pohodu spojilo, aby sv\u00fdm z\u00e1kazn\u00edk\u016fm nab\u00eddli mo\u017enost p\u0159\u00edm\u00e9ho p\u0159\u00edstupu ke v\u0161em t\u011bmto polo\u017ek\u00e1m, kter\u00e9 proch\u00e1zej\u00ed v\u00fdrobou a jsou vyprod\u00e1ny, \u010d\u00edm\u017e<\/p>\n","protected":false},"author":8,"featured_media":0,"parent":109215,"menu_order":0,"comment_status":"closed","ping_status":"closed","template":"","meta":{"sidebar_recommended_resources":{"data":[]},"sidebar_header_settings":{"hide_buttons":{"register":false}},"_use_new_theme":false,"inline_featured_image":false,"footnotes":""},"class_list":["post-108897","page","type-page","status-publish","hentry"],"yoast_head":"<!-- This site is optimized with the Yoast SEO plugin v26.8 - https:\/\/yoast.com\/product\/yoast-seo-wordpress\/ -->\n<title>SELLERLOGIC - \u00dasp\u011b\u0161n\u00fd p\u0159\u00edb\u011bh: Outlet-Sofa Direct<\/title>\n<meta name=\"description\" content=\"SELLERLOGIC Lost &amp; Found \u00fapln\u011b p\u0159esv\u011bd\u010dil Outlet-Sofa Direct - Telefon\u00e1t v hodnot\u011b 20 000 eur! P\u0159e\u010dt\u011bte si n\u00e1\u0161 \u00fasp\u011b\u0161n\u00fd p\u0159\u00edb\u011bh nyn\u00ed!\" \/>\n<meta name=\"robots\" content=\"index, follow, max-snippet:-1, max-image-preview:large, max-video-preview:-1\" \/>\n<link rel=\"canonical\" href=\"https:\/\/www.sellerlogic.com\/cs\/resources\/success-story-outlet-sofa-direct\/\" \/>\n<meta property=\"og:locale\" content=\"cs_CZ\" \/>\n<meta property=\"og:type\" content=\"article\" \/>\n<meta property=\"og:title\" content=\"SELLERLOGIC - \u00dasp\u011b\u0161n\u00fd p\u0159\u00edb\u011bh: Outlet-Sofa Direct\" \/>\n<meta property=\"og:description\" content=\"SELLERLOGIC Lost &amp; Found \u00fapln\u011b p\u0159esv\u011bd\u010dil Outlet-Sofa Direct - Telefon\u00e1t v hodnot\u011b 20 000 eur! P\u0159e\u010dt\u011bte si n\u00e1\u0161 \u00fasp\u011b\u0161n\u00fd p\u0159\u00edb\u011bh nyn\u00ed!\" \/>\n<meta property=\"og:url\" content=\"https:\/\/www.sellerlogic.com\/cs\/resources\/success-story-outlet-sofa-direct\/\" \/>\n<meta property=\"og:site_name\" content=\"SELLERLOGIC - Smarte Tools f\u00fcr Amazon-Seller\" \/>\n<meta property=\"article:publisher\" content=\"https:\/\/www.facebook.com\/SellerLogic\/\" \/>\n<meta property=\"og:image\" content=\"https:\/\/www.sellerlogic.com\/wp-content\/uploads\/2020\/12\/outletsofadirect-logo.png\" \/>\n<meta name=\"twitter:card\" content=\"summary_large_image\" \/>\n<meta name=\"twitter:site\" content=\"@sellerlogic\" \/>\n<meta name=\"twitter:label1\" content=\"Est. reading time\" \/>\n\t<meta name=\"twitter:data1\" content=\"3 minutes\" \/>\n<script type=\"application\/ld+json\" class=\"yoast-schema-graph\">{\"@context\":\"https:\/\/schema.org\",\"@graph\":[{\"@type\":\"WebPage\",\"@id\":\"https:\/\/www.sellerlogic.com\/cs\/resources\/success-story-outlet-sofa-direct\/\",\"url\":\"https:\/\/www.sellerlogic.com\/cs\/resources\/success-story-outlet-sofa-direct\/\",\"name\":\"SELLERLOGIC - \u00dasp\u011b\u0161n\u00fd p\u0159\u00edb\u011bh: Outlet-Sofa Direct\",\"isPartOf\":{\"@id\":\"https:\/\/www.sellerlogic.com\/cs\/#website\"},\"primaryImageOfPage\":{\"@id\":\"https:\/\/www.sellerlogic.com\/cs\/resources\/success-story-outlet-sofa-direct\/#primaryimage\"},\"image\":{\"@id\":\"https:\/\/www.sellerlogic.com\/cs\/resources\/success-story-outlet-sofa-direct\/#primaryimage\"},\"thumbnailUrl\":\"https:\/\/www.sellerlogic.com\/wp-content\/uploads\/2020\/12\/outletsofadirect-logo.png\",\"datePublished\":\"2020-12-18T11:33:09+00:00\",\"description\":\"SELLERLOGIC Lost & Found \u00fapln\u011b p\u0159esv\u011bd\u010dil Outlet-Sofa Direct - Telefon\u00e1t v hodnot\u011b 20 000 eur! P\u0159e\u010dt\u011bte si n\u00e1\u0161 \u00fasp\u011b\u0161n\u00fd p\u0159\u00edb\u011bh nyn\u00ed!\",\"breadcrumb\":{\"@id\":\"https:\/\/www.sellerlogic.com\/cs\/resources\/success-story-outlet-sofa-direct\/#breadcrumb\"},\"inLanguage\":\"cs-CZ\",\"potentialAction\":[{\"@type\":\"ReadAction\",\"target\":[\"https:\/\/www.sellerlogic.com\/cs\/resources\/success-story-outlet-sofa-direct\/\"]}]},{\"@type\":\"ImageObject\",\"inLanguage\":\"cs-CZ\",\"@id\":\"https:\/\/www.sellerlogic.com\/cs\/resources\/success-story-outlet-sofa-direct\/#primaryimage\",\"url\":\"https:\/\/www.sellerlogic.com\/wp-content\/uploads\/2020\/12\/outletsofadirect-logo.png\",\"contentUrl\":\"https:\/\/www.sellerlogic.com\/wp-content\/uploads\/2020\/12\/outletsofadirect-logo.png\"},{\"@type\":\"BreadcrumbList\",\"@id\":\"https:\/\/www.sellerlogic.com\/cs\/resources\/success-story-outlet-sofa-direct\/#breadcrumb\",\"itemListElement\":[{\"@type\":\"ListItem\",\"position\":1,\"name\":\"Home\",\"item\":\"https:\/\/www.sellerlogic.com\/cs\/\"},{\"@type\":\"ListItem\",\"position\":2,\"name\":\"Zdroje EN\",\"item\":\"https:\/\/127.0.0.1\/de\/ressourcen\/\"},{\"@type\":\"ListItem\",\"position\":3,\"name\":\"\u00dasp\u011b\u0161n\u00fd p\u0159\u00edb\u011bh: Outlet Sofa Direct EN\"}]},{\"@type\":\"WebSite\",\"@id\":\"https:\/\/www.sellerlogic.com\/cs\/#website\",\"url\":\"https:\/\/www.sellerlogic.com\/cs\/\",\"name\":\"SELLERLOGIC - Smarte Tools f\u00fcr Amazon-Seller\",\"description\":\"Intelligente Prozessoptimierung und Gewinnmaximierung\",\"publisher\":{\"@id\":\"https:\/\/www.sellerlogic.com\/cs\/#organization\"},\"potentialAction\":[{\"@type\":\"SearchAction\",\"target\":{\"@type\":\"EntryPoint\",\"urlTemplate\":\"https:\/\/www.sellerlogic.com\/cs\/?s={search_term_string}\"},\"query-input\":{\"@type\":\"PropertyValueSpecification\",\"valueRequired\":true,\"valueName\":\"search_term_string\"}}],\"inLanguage\":\"cs-CZ\"},{\"@type\":\"Organization\",\"@id\":\"https:\/\/www.sellerlogic.com\/cs\/#organization\",\"name\":\"SELLERLOGIC\",\"url\":\"https:\/\/www.sellerlogic.com\/cs\/\",\"logo\":{\"@type\":\"ImageObject\",\"inLanguage\":\"cs-CZ\",\"@id\":\"https:\/\/www.sellerlogic.com\/cs\/#\/schema\/logo\/image\/\",\"url\":\"https:\/\/d2bw95mh2ee04s.cloudfront.net\/prod\/content\/wp-content\/uploads\/2025\/01\/02134814\/Property-Logo-Main.svg\",\"contentUrl\":\"https:\/\/d2bw95mh2ee04s.cloudfront.net\/prod\/content\/wp-content\/uploads\/2025\/01\/02134814\/Property-Logo-Main.svg\",\"width\":184,\"height\":40,\"caption\":\"SELLERLOGIC\"},\"image\":{\"@id\":\"https:\/\/www.sellerlogic.com\/cs\/#\/schema\/logo\/image\/\"},\"sameAs\":[\"https:\/\/www.facebook.com\/SellerLogic\/\",\"https:\/\/x.com\/sellerlogic\",\"https:\/\/www.instagram.com\/sellerlogic\/\",\"https:\/\/www.linkedin.com\/company\/18402037\/\",\"https:\/\/www.youtube.com\/channel\/UC-gULUur-fNj08sprantKsQ\"]}]}<\/script>\n<!-- \/ Yoast SEO plugin. -->","yoast_head_json":{"title":"SELLERLOGIC - \u00dasp\u011b\u0161n\u00fd p\u0159\u00edb\u011bh: Outlet-Sofa Direct","description":"SELLERLOGIC Lost & Found \u00fapln\u011b p\u0159esv\u011bd\u010dil Outlet-Sofa Direct - Telefon\u00e1t v hodnot\u011b 20 000 eur! P\u0159e\u010dt\u011bte si n\u00e1\u0161 \u00fasp\u011b\u0161n\u00fd p\u0159\u00edb\u011bh nyn\u00ed!","robots":{"index":"index","follow":"follow","max-snippet":"max-snippet:-1","max-image-preview":"max-image-preview:large","max-video-preview":"max-video-preview:-1"},"canonical":"https:\/\/www.sellerlogic.com\/cs\/resources\/success-story-outlet-sofa-direct\/","og_locale":"cs_CZ","og_type":"article","og_title":"SELLERLOGIC - \u00dasp\u011b\u0161n\u00fd p\u0159\u00edb\u011bh: Outlet-Sofa Direct","og_description":"SELLERLOGIC Lost & Found \u00fapln\u011b p\u0159esv\u011bd\u010dil Outlet-Sofa Direct - Telefon\u00e1t v hodnot\u011b 20 000 eur! P\u0159e\u010dt\u011bte si n\u00e1\u0161 \u00fasp\u011b\u0161n\u00fd p\u0159\u00edb\u011bh nyn\u00ed!","og_url":"https:\/\/www.sellerlogic.com\/cs\/resources\/success-story-outlet-sofa-direct\/","og_site_name":"SELLERLOGIC - Smarte Tools f\u00fcr Amazon-Seller","article_publisher":"https:\/\/www.facebook.com\/SellerLogic\/","og_image":[{"url":"https:\/\/www.sellerlogic.com\/wp-content\/uploads\/2020\/12\/outletsofadirect-logo.png","type":"","width":"","height":""}],"twitter_card":"summary_large_image","twitter_site":"@sellerlogic","twitter_misc":{"Est. reading time":"3 minutes"},"schema":{"@context":"https:\/\/schema.org","@graph":[{"@type":"WebPage","@id":"https:\/\/www.sellerlogic.com\/cs\/resources\/success-story-outlet-sofa-direct\/","url":"https:\/\/www.sellerlogic.com\/cs\/resources\/success-story-outlet-sofa-direct\/","name":"SELLERLOGIC - \u00dasp\u011b\u0161n\u00fd p\u0159\u00edb\u011bh: Outlet-Sofa Direct","isPartOf":{"@id":"https:\/\/www.sellerlogic.com\/cs\/#website"},"primaryImageOfPage":{"@id":"https:\/\/www.sellerlogic.com\/cs\/resources\/success-story-outlet-sofa-direct\/#primaryimage"},"image":{"@id":"https:\/\/www.sellerlogic.com\/cs\/resources\/success-story-outlet-sofa-direct\/#primaryimage"},"thumbnailUrl":"https:\/\/www.sellerlogic.com\/wp-content\/uploads\/2020\/12\/outletsofadirect-logo.png","datePublished":"2020-12-18T11:33:09+00:00","description":"SELLERLOGIC Lost & Found \u00fapln\u011b p\u0159esv\u011bd\u010dil Outlet-Sofa Direct - Telefon\u00e1t v hodnot\u011b 20 000 eur! P\u0159e\u010dt\u011bte si n\u00e1\u0161 \u00fasp\u011b\u0161n\u00fd p\u0159\u00edb\u011bh nyn\u00ed!","breadcrumb":{"@id":"https:\/\/www.sellerlogic.com\/cs\/resources\/success-story-outlet-sofa-direct\/#breadcrumb"},"inLanguage":"cs-CZ","potentialAction":[{"@type":"ReadAction","target":["https:\/\/www.sellerlogic.com\/cs\/resources\/success-story-outlet-sofa-direct\/"]}]},{"@type":"ImageObject","inLanguage":"cs-CZ","@id":"https:\/\/www.sellerlogic.com\/cs\/resources\/success-story-outlet-sofa-direct\/#primaryimage","url":"https:\/\/www.sellerlogic.com\/wp-content\/uploads\/2020\/12\/outletsofadirect-logo.png","contentUrl":"https:\/\/www.sellerlogic.com\/wp-content\/uploads\/2020\/12\/outletsofadirect-logo.png"},{"@type":"BreadcrumbList","@id":"https:\/\/www.sellerlogic.com\/cs\/resources\/success-story-outlet-sofa-direct\/#breadcrumb","itemListElement":[{"@type":"ListItem","position":1,"name":"Home","item":"https:\/\/www.sellerlogic.com\/cs\/"},{"@type":"ListItem","position":2,"name":"Zdroje EN","item":"https:\/\/127.0.0.1\/de\/ressourcen\/"},{"@type":"ListItem","position":3,"name":"\u00dasp\u011b\u0161n\u00fd p\u0159\u00edb\u011bh: Outlet Sofa Direct EN"}]},{"@type":"WebSite","@id":"https:\/\/www.sellerlogic.com\/cs\/#website","url":"https:\/\/www.sellerlogic.com\/cs\/","name":"SELLERLOGIC - Smarte Tools f\u00fcr Amazon-Seller","description":"Intelligente Prozessoptimierung und Gewinnmaximierung","publisher":{"@id":"https:\/\/www.sellerlogic.com\/cs\/#organization"},"potentialAction":[{"@type":"SearchAction","target":{"@type":"EntryPoint","urlTemplate":"https:\/\/www.sellerlogic.com\/cs\/?s={search_term_string}"},"query-input":{"@type":"PropertyValueSpecification","valueRequired":true,"valueName":"search_term_string"}}],"inLanguage":"cs-CZ"},{"@type":"Organization","@id":"https:\/\/www.sellerlogic.com\/cs\/#organization","name":"SELLERLOGIC","url":"https:\/\/www.sellerlogic.com\/cs\/","logo":{"@type":"ImageObject","inLanguage":"cs-CZ","@id":"https:\/\/www.sellerlogic.com\/cs\/#\/schema\/logo\/image\/","url":"https:\/\/d2bw95mh2ee04s.cloudfront.net\/prod\/content\/wp-content\/uploads\/2025\/01\/02134814\/Property-Logo-Main.svg","contentUrl":"https:\/\/d2bw95mh2ee04s.cloudfront.net\/prod\/content\/wp-content\/uploads\/2025\/01\/02134814\/Property-Logo-Main.svg","width":184,"height":40,"caption":"SELLERLOGIC"},"image":{"@id":"https:\/\/www.sellerlogic.com\/cs\/#\/schema\/logo\/image\/"},"sameAs":["https:\/\/www.facebook.com\/SellerLogic\/","https:\/\/x.com\/sellerlogic","https:\/\/www.instagram.com\/sellerlogic\/","https:\/\/www.linkedin.com\/company\/18402037\/","https:\/\/www.youtube.com\/channel\/UC-gULUur-fNj08sprantKsQ"]}]}},"_links":{"self":[{"href":"https:\/\/www.sellerlogic.com\/cs\/wp-json\/wp\/v2\/pages\/108897","targetHints":{"allow":["GET"]}}],"collection":[{"href":"https:\/\/www.sellerlogic.com\/cs\/wp-json\/wp\/v2\/pages"}],"about":[{"href":"https:\/\/www.sellerlogic.com\/cs\/wp-json\/wp\/v2\/types\/page"}],"author":[{"embeddable":true,"href":"https:\/\/www.sellerlogic.com\/cs\/wp-json\/wp\/v2\/users\/8"}],"replies":[{"embeddable":true,"href":"https:\/\/www.sellerlogic.com\/cs\/wp-json\/wp\/v2\/comments?post=108897"}],"version-history":[{"count":0,"href":"https:\/\/www.sellerlogic.com\/cs\/wp-json\/wp\/v2\/pages\/108897\/revisions"}],"up":[{"embeddable":true,"href":"https:\/\/www.sellerlogic.com\/cs\/wp-json\/wp\/v2\/pages\/109215"}],"wp:attachment":[{"href":"https:\/\/www.sellerlogic.com\/cs\/wp-json\/wp\/v2\/media?parent=108897"}],"curies":[{"name":"wp","href":"https:\/\/api.w.org\/{rel}","templated":true}]}}