
{"id":108930,"date":"2020-12-22T10:05:12","date_gmt":"2020-12-22T10:05:12","guid":{"rendered":"https:\/\/127.0.0.1\/resources\/success-story-dadaro\/"},"modified":"2020-12-22T10:05:12","modified_gmt":"2020-12-22T10:05:12","slug":"success-story-dadaro","status":"publish","type":"page","link":"https:\/\/www.sellerlogic.com\/cs\/resources\/success-story-dadaro\/","title":{"rendered":"\u00dasp\u011b\u0161n\u00fd p\u0159\u00edb\u011bh: Dadaro EN"},"content":{"rendered":"\n\t<div  class=\"theme-wp-block theme-block-main-header is-style-full-height desktop-align-full xl-align-full lg-align-full md-align-full sm-align-full desktop-content-align-y-center desktop-content-align-x-center xl-content-align-y-center xl-content-align-x-center lg-content-align-y-center lg-content-align-x-center md-content-align-y-center md-content-align-x-center sm-content-align-y-center sm-content-align-x-center gb-responsive-439567-identifier theme-block-cover\">\n\t\t<div class=\"bg-cover theme-lazy-load-bg\"><\/div>\n\t\t<div class=\"wrap-content-main-header\">\n\t\t\t\t\t<div  class=\"theme-wp-block theme-block-text-and-text desktop-align-wide xl-align-wide lg-align-wide md-align-wide sm-align-wide gb-responsive-511761-identifier desktop-blockDirection-column xl-blockDirection-column lg-blockDirection-column md-blockDirection-column sm-blockDirection-column\">\n\t\t<div class=\"tat-column-wrap-wrapper\">\n\t\t\t<div class=\"tat-column-wrapper\">\n\t\t\t\t\t<div  class=\"theme-wp-block theme-block-text-and-text-column gb-responsive-24925-identifier desktop-horizontal-center xl-horizontal-center lg-horizontal-center md-horizontal-center sm-horizontal-center\">\n\t\t<div class=\"inner-wrap-column-content\">\n\t\t\t<div class=\"inner-column-content\">\n\t\t\t\t\t\t<h1  class=\"theme-wp-block theme-block-heading gb-responsive-62496-identifier desktop-text-center xl-text-center lg-text-center md-text-center sm-text-center desktop-gb-has-no-icon xl-gb-has-no-icon lg-gb-has-no-icon md-gb-has-no-icon sm-gb-has-no-icon\">\n\t\tPro\u010d celosv\u011btov\u00e1 pandemie neovliv\u0148uje Dadaro\t<\/h1>\n\n\t\t\t<\/div>\n\t\t<\/div>\n\t<\/div>\n\t<div  class=\"theme-wp-block theme-block-text-and-text-column gb-responsive-195365-identifier\">\n\t\t<div class=\"inner-wrap-column-content\">\n\t\t\t<div class=\"inner-column-content\">\n\t\t\t\t\t\t\t<\/div>\n\t\t<\/div>\n\t<\/div>\n\t\t\t<\/div>\n\t\t<\/div>\n\t<\/div>\n\n\t\t<\/div>\n\t<\/div>\n\n<div style=\"height:50px\" aria-hidden=\"true\" class=\"theme-wp-block wp-block-spacer\"><\/div><div class=\"theme-wp-block wp-block-columns gb-responsive-586014-identifier is-layout-flex wp-container-core-columns-is-layout-9d6595d7 wp-block-columns-is-layout-flex\"><div class=\"theme-wp-block wp-block-column gb-responsive-33587-identifier is-layout-flow wp-block-column-is-layout-flow\" style=\"flex-basis:25%\"><figure class=\"theme-wp-block wp-block-image size-large is-resized gb-responsive-62921-identifier\"><img decoding=\"async\" src=\"https:\/\/d2bw95mh2ee04s.cloudfront.net\/prod\/content\/wp-content\/uploads\/2020\/12\/23142718\/logo-monde-petit.png\" alt=\"\u00dasp\u011b\u0161n\u00fd p\u0159\u00edb\u011bh: Dadaro EN\" class=\"wp-image-5012\" width=\"300\" height=\"264\" srcset=\"https:\/\/d2bw95mh2ee04s.cloudfront.net\/prod\/content\/wp-content\/uploads\/2020\/12\/23142718\/logo-monde-petit-407x358.png 407w, https:\/\/d2bw95mh2ee04s.cloudfront.net\/prod\/content\/wp-content\/uploads\/2020\/12\/23142718\/logo-monde-petit.png 600w\" sizes=\"(max-width: 300px) 100vw, 300px\" \/><\/figure><p class=\"theme-wp-block gb-responsive-263243-identifier\"><strong>Zakl\u00e1d\u00e1n\u00ed:<\/strong><br>2004<\/p><p class=\"theme-wp-block gb-responsive-412647-identifier\"><strong>Odv\u011btv\u00ed:<\/strong><br>\u0160perky a drah\u00e9 kovy<\/p><p class=\"theme-wp-block gb-responsive-679138-identifier\"><strong>Polo\u017eky na Amazonu:\u00a0<\/strong><br>p\u0159ibli\u017en\u011b 1.600 SKU<\/p><p class=\"theme-wp-block gb-responsive-236096-identifier\"><strong>Odesl\u00e1n\u00ed:<\/strong><br>p\u0159ibli\u017en\u011b 700 za m\u011bs\u00edc<\/p><\/div><div class=\"theme-wp-block wp-block-column gb-responsive-980941-identifier is-layout-flow wp-block-column-is-layout-flow\" style=\"flex-basis:50%\"><h3 class=\"theme-wp-block wp-block-heading gb-responsive-34353-identifier\" id=\"block-c06fce04-ef87-4ffc-a3d6-b768ba377d17\">Pozad\u00ed:<\/h3><p class=\"theme-wp-block gb-responsive-414178-identifier desktop-gb-has-no-icon xl-gb-has-no-icon lg-gb-has-no-icon md-gb-has-no-icon sm-gb-has-no-icon\">V roce 2008 rodinn\u00e1 firma \u2013 zalo\u017een\u00e1 v roce 2004 a specializuj\u00edc\u00ed se na v\u00fdrobu, n\u00e1kup a prodej \u0161perk\u016f \u2013 vid\u011bla, jak tradi\u010dn\u00ed velkoobchodn\u00ed kan\u00e1l pomalu kon\u010d\u00ed. V d\u016fsledku hospod\u00e1\u0159sk\u00e9 krize a vzr\u016fstu ceny zlata do\u0161lo k poklesu popt\u00e1vky po n\u00e1kupu \u0161perk\u016f, co\u017e negativn\u011b ovlivnilo jejich prodeje. V tomto okam\u017eiku m\u011bl Luis G\u00f3mez, gener\u00e1ln\u00ed \u0159editel Dadaro, jasno, \u017ee aby zachr\u00e1nil rodinn\u00fd podnik, mus\u00ed sko\u010dit do online prodeje.<\/p><h3 class=\"theme-wp-block wp-block-heading gb-responsive-846776-identifier desktop-gb-has-no-icon xl-gb-has-no-icon lg-gb-has-no-icon md-gb-has-no-icon sm-gb-has-no-icon\">Za\u010d\u00e1tky:<\/h3><p class=\"theme-wp-block gb-responsive-166194-identifier desktop-gb-has-no-icon xl-gb-has-no-icon lg-gb-has-no-icon md-gb-has-no-icon sm-gb-has-no-icon\">Pot\u00e9, co vytvo\u0159il e-commerce obchod se \u0161perky MondePetit, se Luis v roce 2015 rozhodl st\u00e1t se prodejcem na Amazonu. Pro Dadaro, jeho aktivn\u00ed obchod na Amazonu ve \u0160pan\u011blsku, okam\u017eit\u011b rozpoznal mo\u017enosti, kter\u00e9 mu Marketplace nab\u00edzel v oblasti mezin\u00e1rodn\u00edho prodeje jeho produkt\u016f. V roce 2017 za\u010dal spolupracovat se slu\u017ebami Amazon FBA a t\u00edm posunul rodinn\u00fd podnik na mezin\u00e1rodn\u00ed \u00farove\u0148, prod\u00e1vaj\u00edc\u00ed na trz\u00edch jako It\u00e1lie, N\u011bmecko, Francie a Spojen\u00e9 kr\u00e1lovstv\u00ed.<\/p><p class=\"theme-wp-block gb-responsive-6809-identifier\">\u201eVyu\u017eit\u00ed slu\u017eeb FBA Amazonu a v\u00edcestup\u0148ov\u00e9 logistiky prost\u0159ednictv\u00edm na\u0161\u00ed webov\u00e9 str\u00e1nky m\u011blo obrovsk\u00fd dopad na n\u00e1\u0161 podnik,\u201c potvrzuje Luis. \u201eZ hlediska z\u00e1kaznick\u00e9ho servisu n\u00e1m to velmi pomohlo, proto\u017ee Amazon p\u0159\u00edmo zpracov\u00e1v\u00e1 po\u017eadavky z\u00e1kazn\u00edk\u016f. Na druhou stranu jsem si byl v\u011bdom toho, \u017ee \u2013 s mno\u017estv\u00edm transakc\u00ed, kter\u00e9 zpracov\u00e1v\u00e1me \u2013 existoval zbo\u017e\u00ed, kter\u00e9 by se mohlo ztratit v jejich logistick\u00fdch centrech.\u201c<\/p><h3 class=\"theme-wp-block wp-block-heading gb-responsive-826598-identifier\">\u0158e\u0161en\u00ed:<\/h3><p class=\"theme-wp-block gb-responsive-981559-identifier desktop-gb-has-no-icon xl-gb-has-no-icon lg-gb-has-no-icon md-gb-has-no-icon sm-gb-has-no-icon\">B\u011bhem obdob\u00ed p\u0159\u00edsn\u00fdch uzamykac\u00edch opat\u0159en\u00ed ve \u0160pan\u011blsku v\u011bnoval Luis pozornost nab\u00eddk\u00e1m, kter\u00e9 se objevovaly v jeho doru\u010den\u00e9 po\u0161t\u011b. Takto narazil na e-mail, kter\u00fd obdr\u017eel od VGAMZ, prvn\u00ed poradensk\u00e9 agentury pro tr\u017ei\u0161t\u011b ve \u0160pan\u011blsku, specializuj\u00edc\u00ed se na Amazon: \u201eE-mail m\u011b zaujal a proto\u017ee jsem m\u011bl n\u011bjak\u00fd \u010das, rozhodl jsem se poslechnout si podcast VGAMZ. Tak\u00e9 jsem na\u0161el jejich YouTube kan\u00e1l, kde jsem sledoval video tutori\u00e1ly o n\u00e1stroji Lost &#038; Found, a zde jsem objevil SELLERLOGIC!\u201c vysv\u011btluje Luis. \u201eOkam\u017eit\u011b jsem si \u0159ekl, to je p\u0159esn\u011b to, co te\u010f pot\u0159ebuji. Zapsal jsem si to a za p\u00e1r dn\u00ed jsem si zakl\u00e1dal \u00fa\u010det na SELLERLOGIC.\u201c<\/p><div class=\"theme-block-group-wrap\"><div class=\"theme-wp-block wp-block-group gb-responsive-88118-identifier\">\t\t<div  class=\"theme-wp-block theme-block-user-card gb-responsive-799176-identifier is-style-full-width-line\">\n\t\t<div class=\"wrap-inner-content\">\n\t\t\t<div class=\"card-user-head\">\n\t\t\t\t<div class=\"card-user-avatar\">\n\t\t\t\t\t<div class=\"cover-avatar\" style=\"background-image: url(https:\/\/d2bw95mh2ee04s.cloudfront.net\/prod\/content\/wp-content\/uploads\/2020\/12\/23142718\/luis-gomez_raute.png);\"><\/div>\n\t\t\t\t<\/div>\n\t\t\t\t<div class=\"wrap-title\">\n\t\t\t\t\t<div class=\"card-user-name\">\n\t\t\t\t\t\t<div class=\"title\">\n\t\t\t\t\t\t\t<h3 class=\"heading-text\"><strong>Luis G\u00f3mez<\/strong><\/h3>\n\t\t\t\t\t\t<\/div>\n\t\t\t\t\t\t<div class=\"card-user-position\">\n\t\t\t\t\t\t\t<div class=\"card-text\"><strong>Gener\u00e1ln\u00ed \u0159editel v Dadaro<\/strong><\/div>\n\t\t\t\t\t\t<\/div>\n\t\t\t\t\t<\/div>\n\t\t\t\t\t<div class=\"card-user-quote-icon\">\n\t\t\t\t\t<\/div>\n\t\t\t\t<\/div>\n\t\t\t<\/div>\n\t\t\t<div class=\"card-user-text\">\n\t\t\t\t<div class=\"card-text\"><p>\u201eFirmy nemaj\u00ed co ztratit pou\u017e\u00edv\u00e1n\u00edm tohoto n\u00e1stroje, doporu\u010duji ho v\u0161em typ\u016fm prodejc\u016f na Amazonu.\u201c<\/p><p><\/p><\/div>\n\t\t\t<\/div>\n\t\t<\/div>\n\t<\/div>\n\n<\/div><\/div><h3 class=\"theme-wp-block wp-block-heading gb-responsive-727373-identifier desktop-gb-has-no-icon xl-gb-has-no-icon lg-gb-has-no-icon md-gb-has-no-icon sm-gb-has-no-icon\">\u00dasp\u011b\u0161n\u00e9 v\u00fdsledky s SELLERLOGIC:<\/h3><p class=\"theme-wp-block gb-responsive-306957-identifier\">V\u0161echno bylo rychl\u00e9 a snadn\u00e9 od za\u010d\u00e1tku, ani\u017e bych musel po\u017e\u00e1dat o pomoc t\u00fdm SELLERLOGIC z\u00e1kaznick\u00e9ho servisu, \u0159\u00edk\u00e1 Luis. &#8220;Proces registrace byl snadn\u00fd a implementace n\u00e1stroje je velmi jednoduch\u00e1. V velmi kr\u00e1tk\u00e9m obdob\u00ed se za\u010daly objevovat prvn\u00ed p\u0159\u00edpady proplacen\u00ed. Nemohl jsem uv\u011b\u0159it, kdy\u017e jsem vid\u011bl, \u017ee bylo 117 p\u0159\u00edpad\u016f.&#8221;<\/p><p class=\"theme-wp-block gb-responsive-412864-identifier\">&#8220;Skute\u010dnost, \u017ee jsem automatizoval cel\u00fd proces sledov\u00e1n\u00ed a hl\u00e1\u0161en\u00ed transakc\u00ed FBA, se velmi hodila, zejm\u00e9na v dob\u011b, ve kter\u00e9 v sou\u010dasnosti \u017eijeme. Kop\u00edrov\u00e1n\u00ed a vkl\u00e1d\u00e1n\u00ed informac\u00ed k hl\u00e1\u0161en\u00ed m\u00fdch p\u0159\u00edpad\u016f n\u00e1rok\u016f na Amazon nikdy nebylo tak snadn\u00e9!&#8221;<\/p><p class=\"theme-wp-block gb-responsive-741970-identifier\">&#8220;Bez SELLERLOGIC bych nebyl schopen obdr\u017eet toto proplacen\u00ed ve v\u00fd\u0161i 3886,91 \u20ac. V tuto chv\u00edli, kv\u016fli sou\u010dasn\u00e9 situaci, s pracovn\u00edm zat\u00ed\u017een\u00edm a v\u0161emi zm\u011bnami, kter\u00e9 se neust\u00e1le d\u011bj\u00ed na Amazonu, by pro m\u011b bylo nemo\u017en\u00e9 se o tuto z\u00e1le\u017eitost postarat,&#8221; vysv\u011btluje Luis. &#8220;V t\u011bchto \u010dasech koronaviru byl SELLERLOGIC skute\u010dn\u011b darem, douf\u00e1m, \u017ee ho budu moci pou\u017e\u00edvat je\u0161t\u011b dlouho.&#8221;<\/p><div class=\"theme-wp-block wp-block-buttons gb-responsive-497426-identifier is-layout-flex wp-block-buttons-is-layout-flex\"><div class=\"theme-wp-block wp-block-button gb-responsive-38220-identifier is-style-theme-transparent-with-arrow\"><a class=\"wp-block-button__link wp-element-button\" href=\"https:\/\/d2bw95mh2ee04s.cloudfront.net\/prod\/content\/files\/SUCCESS-STORIES\/EN\/SELLERLOGIC_SN_Success-Story_Dadaro_EN.pdf\" target=\"_blank\" rel=\"noreferrer noopener nofollow\">St\u00e1hnout nyn\u00ed!<\/a><\/div><\/div><\/div><div class=\"theme-wp-block wp-block-column gb-responsive-405774-identifier is-layout-flow wp-block-column-is-layout-flow\" style=\"flex-basis:25%\"><\/div><\/div><p class=\"theme-wp-block gb-responsive-527070-identifier\"><\/p>","protected":false},"excerpt":{"rendered":"<p>Zakl\u00e1d\u00e1n\u00ed:2004 Odv\u011btv\u00ed:\u0160perky a drah\u00e9 kovy Polo\u017eky na Amazonu:\u00a0p\u0159ibli\u017en\u011b 1.600 SKU Odesl\u00e1n\u00ed:p\u0159ibli\u017en\u011b 700 za m\u011bs\u00edc Pozad\u00ed: V roce 2008 rodinn\u00e1 firma \u2013 zalo\u017een\u00e1 v roce 2004 a specializuj\u00edc\u00ed se na v\u00fdrobu, n\u00e1kup a prodej \u0161perk\u016f \u2013 vid\u011bla, jak tradi\u010dn\u00ed velkoobchodn\u00ed kan\u00e1l pomalu kon\u010d\u00ed. V d\u016fsledku hospod\u00e1\u0159sk\u00e9 krize a vzr\u016fstu ceny zlata do\u0161lo k poklesu popt\u00e1vky po<\/p>\n","protected":false},"author":3,"featured_media":0,"parent":109215,"menu_order":0,"comment_status":"closed","ping_status":"closed","template":"","meta":{"sidebar_recommended_resources":{"data":[]},"sidebar_header_settings":{"hide_buttons":{"register":false}},"_use_new_theme":false,"inline_featured_image":false,"footnotes":""},"class_list":["post-108930","page","type-page","status-publish","hentry"],"yoast_head":"<!-- This site is optimized with the Yoast SEO plugin v26.8 - https:\/\/yoast.com\/product\/yoast-seo-wordpress\/ -->\n<title>Jak Lost &amp; Found pomohl Dadaro b\u011bhem koronavirov\u00e9 krize | SELLERLOGIC<\/title>\n<meta name=\"description\" content=\"Pro mnoho prodejc\u016f byl rok 2020 obt\u00ed\u017en\u00fdm rokem. Zjist\u011bte, jak Dadaro vyu\u017eil n\u00e1stroj Lost &amp; Found k \u0159\u00edzen\u00ed krize. P\u0159e\u010dt\u011bte si to nyn\u00ed!\" \/>\n<meta name=\"robots\" content=\"index, follow, max-snippet:-1, max-image-preview:large, max-video-preview:-1\" \/>\n<link rel=\"canonical\" href=\"https:\/\/www.sellerlogic.com\/cs\/resources\/success-story-dadaro\/\" \/>\n<meta property=\"og:locale\" content=\"cs_CZ\" \/>\n<meta property=\"og:type\" content=\"article\" \/>\n<meta property=\"og:title\" content=\"Jak Lost &amp; Found pomohl Dadaro b\u011bhem koronavirov\u00e9 krize | SELLERLOGIC\" \/>\n<meta property=\"og:description\" content=\"Pro mnoho prodejc\u016f byl rok 2020 obt\u00ed\u017en\u00fdm rokem. Zjist\u011bte, jak Dadaro vyu\u017eil n\u00e1stroj Lost &amp; Found k \u0159\u00edzen\u00ed krize. P\u0159e\u010dt\u011bte si to nyn\u00ed!\" \/>\n<meta property=\"og:url\" content=\"https:\/\/www.sellerlogic.com\/cs\/resources\/success-story-dadaro\/\" \/>\n<meta property=\"og:site_name\" content=\"SELLERLOGIC - Smarte Tools f\u00fcr Amazon-Seller\" \/>\n<meta property=\"article:publisher\" content=\"https:\/\/www.facebook.com\/SellerLogic\/\" \/>\n<meta property=\"og:image\" content=\"https:\/\/www.sellerlogic.com\/wp-content\/uploads\/2020\/12\/logo-monde-petit.png\" \/>\n<meta name=\"twitter:card\" content=\"summary_large_image\" \/>\n<meta name=\"twitter:site\" content=\"@sellerlogic\" \/>\n<meta name=\"twitter:label1\" content=\"Est. reading time\" \/>\n\t<meta name=\"twitter:data1\" content=\"3 minutes\" \/>\n<script type=\"application\/ld+json\" class=\"yoast-schema-graph\">{\"@context\":\"https:\/\/schema.org\",\"@graph\":[{\"@type\":\"WebPage\",\"@id\":\"https:\/\/www.sellerlogic.com\/cs\/resources\/success-story-dadaro\/\",\"url\":\"https:\/\/www.sellerlogic.com\/cs\/resources\/success-story-dadaro\/\",\"name\":\"Jak Lost & Found pomohl Dadaro b\u011bhem koronavirov\u00e9 krize | SELLERLOGIC\",\"isPartOf\":{\"@id\":\"https:\/\/www.sellerlogic.com\/cs\/#website\"},\"primaryImageOfPage\":{\"@id\":\"https:\/\/www.sellerlogic.com\/cs\/resources\/success-story-dadaro\/#primaryimage\"},\"image\":{\"@id\":\"https:\/\/www.sellerlogic.com\/cs\/resources\/success-story-dadaro\/#primaryimage\"},\"thumbnailUrl\":\"https:\/\/www.sellerlogic.com\/wp-content\/uploads\/2020\/12\/logo-monde-petit.png\",\"datePublished\":\"2020-12-22T10:05:12+00:00\",\"description\":\"Pro mnoho prodejc\u016f byl rok 2020 obt\u00ed\u017en\u00fdm rokem. Zjist\u011bte, jak Dadaro vyu\u017eil n\u00e1stroj Lost & Found k \u0159\u00edzen\u00ed krize. P\u0159e\u010dt\u011bte si to nyn\u00ed!\",\"breadcrumb\":{\"@id\":\"https:\/\/www.sellerlogic.com\/cs\/resources\/success-story-dadaro\/#breadcrumb\"},\"inLanguage\":\"cs-CZ\",\"potentialAction\":[{\"@type\":\"ReadAction\",\"target\":[\"https:\/\/www.sellerlogic.com\/cs\/resources\/success-story-dadaro\/\"]}]},{\"@type\":\"ImageObject\",\"inLanguage\":\"cs-CZ\",\"@id\":\"https:\/\/www.sellerlogic.com\/cs\/resources\/success-story-dadaro\/#primaryimage\",\"url\":\"https:\/\/www.sellerlogic.com\/wp-content\/uploads\/2020\/12\/logo-monde-petit.png\",\"contentUrl\":\"https:\/\/www.sellerlogic.com\/wp-content\/uploads\/2020\/12\/logo-monde-petit.png\"},{\"@type\":\"BreadcrumbList\",\"@id\":\"https:\/\/www.sellerlogic.com\/cs\/resources\/success-story-dadaro\/#breadcrumb\",\"itemListElement\":[{\"@type\":\"ListItem\",\"position\":1,\"name\":\"Home\",\"item\":\"https:\/\/www.sellerlogic.com\/cs\/\"},{\"@type\":\"ListItem\",\"position\":2,\"name\":\"Zdroje EN\",\"item\":\"https:\/\/www.sellerlogic.com\/cs\/resources\/\"},{\"@type\":\"ListItem\",\"position\":3,\"name\":\"\u00dasp\u011b\u0161n\u00fd p\u0159\u00edb\u011bh: Dadaro EN\"}]},{\"@type\":\"WebSite\",\"@id\":\"https:\/\/www.sellerlogic.com\/cs\/#website\",\"url\":\"https:\/\/www.sellerlogic.com\/cs\/\",\"name\":\"SELLERLOGIC - Smarte Tools f\u00fcr Amazon-Seller\",\"description\":\"Intelligente Prozessoptimierung und Gewinnmaximierung\",\"publisher\":{\"@id\":\"https:\/\/www.sellerlogic.com\/cs\/#organization\"},\"potentialAction\":[{\"@type\":\"SearchAction\",\"target\":{\"@type\":\"EntryPoint\",\"urlTemplate\":\"https:\/\/www.sellerlogic.com\/cs\/?s={search_term_string}\"},\"query-input\":{\"@type\":\"PropertyValueSpecification\",\"valueRequired\":true,\"valueName\":\"search_term_string\"}}],\"inLanguage\":\"cs-CZ\"},{\"@type\":\"Organization\",\"@id\":\"https:\/\/www.sellerlogic.com\/cs\/#organization\",\"name\":\"SELLERLOGIC\",\"url\":\"https:\/\/www.sellerlogic.com\/cs\/\",\"logo\":{\"@type\":\"ImageObject\",\"inLanguage\":\"cs-CZ\",\"@id\":\"https:\/\/www.sellerlogic.com\/cs\/#\/schema\/logo\/image\/\",\"url\":\"https:\/\/d2bw95mh2ee04s.cloudfront.net\/prod\/content\/wp-content\/uploads\/2025\/01\/02134814\/Property-Logo-Main.svg\",\"contentUrl\":\"https:\/\/d2bw95mh2ee04s.cloudfront.net\/prod\/content\/wp-content\/uploads\/2025\/01\/02134814\/Property-Logo-Main.svg\",\"width\":184,\"height\":40,\"caption\":\"SELLERLOGIC\"},\"image\":{\"@id\":\"https:\/\/www.sellerlogic.com\/cs\/#\/schema\/logo\/image\/\"},\"sameAs\":[\"https:\/\/www.facebook.com\/SellerLogic\/\",\"https:\/\/x.com\/sellerlogic\",\"https:\/\/www.instagram.com\/sellerlogic\/\",\"https:\/\/www.linkedin.com\/company\/18402037\/\",\"https:\/\/www.youtube.com\/channel\/UC-gULUur-fNj08sprantKsQ\"]}]}<\/script>\n<!-- \/ Yoast SEO plugin. -->","yoast_head_json":{"title":"Jak Lost & Found pomohl Dadaro b\u011bhem koronavirov\u00e9 krize | SELLERLOGIC","description":"Pro mnoho prodejc\u016f byl rok 2020 obt\u00ed\u017en\u00fdm rokem. Zjist\u011bte, jak Dadaro vyu\u017eil n\u00e1stroj Lost & Found k \u0159\u00edzen\u00ed krize. P\u0159e\u010dt\u011bte si to nyn\u00ed!","robots":{"index":"index","follow":"follow","max-snippet":"max-snippet:-1","max-image-preview":"max-image-preview:large","max-video-preview":"max-video-preview:-1"},"canonical":"https:\/\/www.sellerlogic.com\/cs\/resources\/success-story-dadaro\/","og_locale":"cs_CZ","og_type":"article","og_title":"Jak Lost & Found pomohl Dadaro b\u011bhem koronavirov\u00e9 krize | SELLERLOGIC","og_description":"Pro mnoho prodejc\u016f byl rok 2020 obt\u00ed\u017en\u00fdm rokem. Zjist\u011bte, jak Dadaro vyu\u017eil n\u00e1stroj Lost & Found k \u0159\u00edzen\u00ed krize. P\u0159e\u010dt\u011bte si to nyn\u00ed!","og_url":"https:\/\/www.sellerlogic.com\/cs\/resources\/success-story-dadaro\/","og_site_name":"SELLERLOGIC - Smarte Tools f\u00fcr Amazon-Seller","article_publisher":"https:\/\/www.facebook.com\/SellerLogic\/","og_image":[{"url":"https:\/\/www.sellerlogic.com\/wp-content\/uploads\/2020\/12\/logo-monde-petit.png","type":"","width":"","height":""}],"twitter_card":"summary_large_image","twitter_site":"@sellerlogic","twitter_misc":{"Est. reading time":"3 minutes"},"schema":{"@context":"https:\/\/schema.org","@graph":[{"@type":"WebPage","@id":"https:\/\/www.sellerlogic.com\/cs\/resources\/success-story-dadaro\/","url":"https:\/\/www.sellerlogic.com\/cs\/resources\/success-story-dadaro\/","name":"Jak Lost & Found pomohl Dadaro b\u011bhem koronavirov\u00e9 krize | SELLERLOGIC","isPartOf":{"@id":"https:\/\/www.sellerlogic.com\/cs\/#website"},"primaryImageOfPage":{"@id":"https:\/\/www.sellerlogic.com\/cs\/resources\/success-story-dadaro\/#primaryimage"},"image":{"@id":"https:\/\/www.sellerlogic.com\/cs\/resources\/success-story-dadaro\/#primaryimage"},"thumbnailUrl":"https:\/\/www.sellerlogic.com\/wp-content\/uploads\/2020\/12\/logo-monde-petit.png","datePublished":"2020-12-22T10:05:12+00:00","description":"Pro mnoho prodejc\u016f byl rok 2020 obt\u00ed\u017en\u00fdm rokem. Zjist\u011bte, jak Dadaro vyu\u017eil n\u00e1stroj Lost & Found k \u0159\u00edzen\u00ed krize. P\u0159e\u010dt\u011bte si to nyn\u00ed!","breadcrumb":{"@id":"https:\/\/www.sellerlogic.com\/cs\/resources\/success-story-dadaro\/#breadcrumb"},"inLanguage":"cs-CZ","potentialAction":[{"@type":"ReadAction","target":["https:\/\/www.sellerlogic.com\/cs\/resources\/success-story-dadaro\/"]}]},{"@type":"ImageObject","inLanguage":"cs-CZ","@id":"https:\/\/www.sellerlogic.com\/cs\/resources\/success-story-dadaro\/#primaryimage","url":"https:\/\/www.sellerlogic.com\/wp-content\/uploads\/2020\/12\/logo-monde-petit.png","contentUrl":"https:\/\/www.sellerlogic.com\/wp-content\/uploads\/2020\/12\/logo-monde-petit.png"},{"@type":"BreadcrumbList","@id":"https:\/\/www.sellerlogic.com\/cs\/resources\/success-story-dadaro\/#breadcrumb","itemListElement":[{"@type":"ListItem","position":1,"name":"Home","item":"https:\/\/www.sellerlogic.com\/cs\/"},{"@type":"ListItem","position":2,"name":"Zdroje EN","item":"https:\/\/www.sellerlogic.com\/cs\/resources\/"},{"@type":"ListItem","position":3,"name":"\u00dasp\u011b\u0161n\u00fd p\u0159\u00edb\u011bh: Dadaro EN"}]},{"@type":"WebSite","@id":"https:\/\/www.sellerlogic.com\/cs\/#website","url":"https:\/\/www.sellerlogic.com\/cs\/","name":"SELLERLOGIC - Smarte Tools f\u00fcr Amazon-Seller","description":"Intelligente Prozessoptimierung und Gewinnmaximierung","publisher":{"@id":"https:\/\/www.sellerlogic.com\/cs\/#organization"},"potentialAction":[{"@type":"SearchAction","target":{"@type":"EntryPoint","urlTemplate":"https:\/\/www.sellerlogic.com\/cs\/?s={search_term_string}"},"query-input":{"@type":"PropertyValueSpecification","valueRequired":true,"valueName":"search_term_string"}}],"inLanguage":"cs-CZ"},{"@type":"Organization","@id":"https:\/\/www.sellerlogic.com\/cs\/#organization","name":"SELLERLOGIC","url":"https:\/\/www.sellerlogic.com\/cs\/","logo":{"@type":"ImageObject","inLanguage":"cs-CZ","@id":"https:\/\/www.sellerlogic.com\/cs\/#\/schema\/logo\/image\/","url":"https:\/\/d2bw95mh2ee04s.cloudfront.net\/prod\/content\/wp-content\/uploads\/2025\/01\/02134814\/Property-Logo-Main.svg","contentUrl":"https:\/\/d2bw95mh2ee04s.cloudfront.net\/prod\/content\/wp-content\/uploads\/2025\/01\/02134814\/Property-Logo-Main.svg","width":184,"height":40,"caption":"SELLERLOGIC"},"image":{"@id":"https:\/\/www.sellerlogic.com\/cs\/#\/schema\/logo\/image\/"},"sameAs":["https:\/\/www.facebook.com\/SellerLogic\/","https:\/\/x.com\/sellerlogic","https:\/\/www.instagram.com\/sellerlogic\/","https:\/\/www.linkedin.com\/company\/18402037\/","https:\/\/www.youtube.com\/channel\/UC-gULUur-fNj08sprantKsQ"]}]}},"_links":{"self":[{"href":"https:\/\/www.sellerlogic.com\/cs\/wp-json\/wp\/v2\/pages\/108930","targetHints":{"allow":["GET"]}}],"collection":[{"href":"https:\/\/www.sellerlogic.com\/cs\/wp-json\/wp\/v2\/pages"}],"about":[{"href":"https:\/\/www.sellerlogic.com\/cs\/wp-json\/wp\/v2\/types\/page"}],"author":[{"embeddable":true,"href":"https:\/\/www.sellerlogic.com\/cs\/wp-json\/wp\/v2\/users\/3"}],"replies":[{"embeddable":true,"href":"https:\/\/www.sellerlogic.com\/cs\/wp-json\/wp\/v2\/comments?post=108930"}],"version-history":[{"count":0,"href":"https:\/\/www.sellerlogic.com\/cs\/wp-json\/wp\/v2\/pages\/108930\/revisions"}],"up":[{"embeddable":true,"href":"https:\/\/www.sellerlogic.com\/cs\/wp-json\/wp\/v2\/pages\/109215"}],"wp:attachment":[{"href":"https:\/\/www.sellerlogic.com\/cs\/wp-json\/wp\/v2\/media?parent=108930"}],"curies":[{"name":"wp","href":"https:\/\/api.w.org\/{rel}","templated":true}]}}