
{"id":108939,"date":"2020-12-18T08:11:11","date_gmt":"2020-12-18T08:11:11","guid":{"rendered":"https:\/\/127.0.0.1\/resources\/success-story-meinemarkenmode\/"},"modified":"2020-12-18T08:11:11","modified_gmt":"2020-12-18T08:11:11","slug":"success-story-meinemarkenmode","status":"publish","type":"page","link":"https:\/\/www.sellerlogic.com\/cs\/resources\/success-story-meinemarkenmode\/","title":{"rendered":"Success Story: meinemarkenmode.de CZ"},"content":{"rendered":"\n\t<div  class=\"theme-wp-block theme-block-main-header is-style-full-height desktop-align-full xl-align-full lg-align-full md-align-full sm-align-full desktop-content-align-y-center desktop-content-align-x-center xl-content-align-y-center xl-content-align-x-center lg-content-align-y-center lg-content-align-x-center md-content-align-y-center md-content-align-x-center sm-content-align-y-center sm-content-align-x-center gb-responsive-720212-identifier theme-block-cover\">\n\t\t<div class=\"bg-cover theme-lazy-load-bg\"><\/div>\n\t\t<div class=\"wrap-content-main-header\">\n\t\t\t\t\t<div  class=\"theme-wp-block theme-block-text-and-text desktop-align-wide xl-align-wide lg-align-wide md-align-wide sm-align-wide gb-responsive-366658-identifier desktop-blockDirection-column xl-blockDirection-column lg-blockDirection-column md-blockDirection-column sm-blockDirection-column\">\n\t\t<div class=\"tat-column-wrap-wrapper\">\n\t\t\t<div class=\"tat-column-wrapper\">\n\t\t\t\t\t<div  class=\"theme-wp-block theme-block-text-and-text-column gb-responsive-923660-identifier desktop-horizontal-center xl-horizontal-center lg-horizontal-center md-horizontal-center sm-horizontal-center\">\n\t\t<div class=\"inner-wrap-column-content\">\n\t\t\t<div class=\"inner-column-content\">\n\t\t\t\t\t\t<p  class=\"theme-wp-block theme-block-heading is-style-default desktop-text-center xl-text-center lg-text-center md-text-center sm-text-center gb-responsive-948994-identifier h2\">\n\t\tV\u00edce pen\u011bz, m\u00e9n\u011b probl\u00e9m\u016f\t<\/p>\n\n\t\t<h1  class=\"theme-wp-block theme-block-heading gb-responsive-522772-identifier is-style-default desktop-text-center xl-text-center lg-text-center md-text-center sm-text-center h1\">\n\t\tJak meinmarkenmode obdr\u017eel n\u00e1hradu ve v\u00fd\u0161i 6 \u010d\u00edslic od Amazonu\t<\/h1>\n\n\t\t\t<\/div>\n\t\t<\/div>\n\t<\/div>\n\t<div  class=\"theme-wp-block theme-block-text-and-text-column gb-responsive-441362-identifier\">\n\t\t<div class=\"inner-wrap-column-content\">\n\t\t\t<div class=\"inner-column-content\">\n\t\t\t\t\t\t\t<\/div>\n\t\t<\/div>\n\t<\/div>\n\t\t\t<\/div>\n\t\t<\/div>\n\t<\/div>\n\n\t\t<\/div>\n\t<\/div>\n\n<div style=\"height:50px\" aria-hidden=\"true\" class=\"theme-wp-block wp-block-spacer\"><\/div><div class=\"theme-wp-block wp-block-columns gb-responsive-34913-identifier is-layout-flex wp-container-core-columns-is-layout-9d6595d7 wp-block-columns-is-layout-flex\"><div class=\"theme-wp-block wp-block-column gb-responsive-118097-identifier is-layout-flow wp-block-column-is-layout-flow\" style=\"flex-basis:25%\"><figure class=\"theme-wp-block wp-block-image size-large is-resized gb-responsive-62921-identifier\"><img decoding=\"async\" src=\"https:\/\/d2bw95mh2ee04s.cloudfront.net\/prod\/content\/wp-content\/uploads\/2020\/12\/23142728\/MMM-Logo_2-844x154.png\" alt=\"\u00dasp\u011b\u0161n\u00fd p\u0159\u00edb\u011bh: meinemarkenmode.de EN\" class=\"wp-image-4742\" width=\"300\" height=\"55\" srcset=\"https:\/\/d2bw95mh2ee04s.cloudfront.net\/prod\/content\/wp-content\/uploads\/2020\/12\/23142728\/MMM-Logo_2-407x74.png 407w, https:\/\/d2bw95mh2ee04s.cloudfront.net\/prod\/content\/wp-content\/uploads\/2020\/12\/23142728\/MMM-Logo_2-768x141.png 768w, https:\/\/d2bw95mh2ee04s.cloudfront.net\/prod\/content\/wp-content\/uploads\/2020\/12\/23142728\/MMM-Logo_2-844x154.png 844w, https:\/\/d2bw95mh2ee04s.cloudfront.net\/prod\/content\/wp-content\/uploads\/2020\/12\/23142728\/MMM-Logo_2.png 1000w\" sizes=\"(max-width: 300px) 100vw, 300px\" \/><\/figure><p class=\"theme-wp-block gb-responsive-595107-identifier\"><strong>Zaklad:<\/strong><br>2009<\/p><p class=\"theme-wp-block gb-responsive-627172-identifier\"><strong>Odv\u011btv\u00ed:<\/strong><br>M\u00f3da<\/p><p class=\"theme-wp-block gb-responsive-331586-identifier\"><strong>Polo\u017eky na Amazonu:\u00a0<\/strong><br>30.000<\/p><p class=\"theme-wp-block gb-responsive-485766-identifier\"><strong>Odesl\u00e1n\u00ed:<\/strong><br>p\u0159ibli\u017en\u011b 150.000 za m\u011bs\u00edc<\/p><\/div><div class=\"theme-wp-block wp-block-column gb-responsive-36942-identifier is-layout-flow wp-block-column-is-layout-flow\" style=\"flex-basis:50%\"><h3 class=\"theme-wp-block wp-block-heading gb-responsive-34353-identifier\" id=\"block-c06fce04-ef87-4ffc-a3d6-b768ba377d17\">Pozad\u00ed:<\/h3><p class=\"theme-wp-block gb-responsive-767855-identifier desktop-gb-has-no-icon xl-gb-has-no-icon lg-gb-has-no-icon md-gb-has-no-icon sm-gb-has-no-icon\">S ve\u0161ker\u00fdm zbo\u017e\u00edm, kter\u00e9 p\u0159ich\u00e1zelo a odch\u00e1zelo z jejich sklad\u016f, si Alexander Charatzoglou uv\u011bdomoval, \u017ee chyby se nevyhnuteln\u011b vyskytnou. Doposud nem\u011bla z\u00e1silkov\u00e1 spole\u010dnost \u017e\u00e1dn\u00fd proces, kter\u00fd by umo\u017enil identifikaci ka\u017ed\u00e9 jednotliv\u00e9 chyby, dokud Alexander nenav\u0161t\u00edvil workshop pro prodejce na Amazonu, kter\u00fd poskytl \u0159e\u0161en\u00ed.<\/p><p class=\"theme-wp-block desktop-gb-has-no-icon xl-gb-has-no-icon lg-gb-has-no-icon md-gb-has-no-icon sm-gb-has-no-icon gb-responsive-7132-identifier\">P\u0159\u00edb\u011bh meinmarkenmode.de vypad\u00e1 velmi podobn\u011b jako prototyp americk\u00e9ho snu.<\/p><p class=\"theme-wp-block desktop-gb-has-no-icon xl-gb-has-no-icon lg-gb-has-no-icon md-gb-has-no-icon sm-gb-has-no-icon gb-responsive-663910-identifier\">Aby financoval sv\u00e1 studia, sou\u010dasn\u00fd jednatel Eugen Allerborn za\u010dal obchodovat na eBay v roce 2009. Jak spole\u010dnost rostla, musel \u010delit rozhodnut\u00ed, zda dokon\u010dit sv\u00e1 studia, nebo opustit univerzitu a v\u011bnovat ve\u0161ker\u00fd sv\u016fj \u010das pr\u00e1ci. Zvolil druhou mo\u017enost: rozhodnut\u00ed, kter\u00e9 vedlo k mnoha tvrd\u00e9 pr\u00e1ci, ale je\u0161t\u011b v\u011bt\u0161\u00edmu \u00fasp\u011bchu. Dnes spolu se sv\u00fdm obchodn\u00edm partnerem a p\u0159\u00edtelem Timem Bethlehemem provozuje \u00fasp\u011b\u0161n\u00fd online podnik s 50 zam\u011bstnanci na dvou m\u00edstech.<\/p><h3 class=\"theme-wp-block wp-block-heading gb-responsive-182281-identifier desktop-gb-has-no-icon xl-gb-has-no-icon lg-gb-has-no-icon md-gb-has-no-icon sm-gb-has-no-icon\">Za\u010d\u00e1tky:<\/h3><p class=\"theme-wp-block gb-responsive-262664-identifier desktop-gb-has-no-icon xl-gb-has-no-icon lg-gb-has-no-icon md-gb-has-no-icon sm-gb-has-no-icon\">\u201eBylo n\u00e1m jasn\u00e9, \u017ee ztr\u00e1c\u00edme zbo\u017e\u00ed ve skladech FBA. S v\u00edce ne\u017e 30 000 polo\u017ekami ve 20 skladech a s t\u00edm souvisej\u00edc\u00edmi pohyby zbo\u017e\u00ed je to nevyhnuteln\u00e9,\u201c vysv\u011btluje Alexander, kter\u00fd pracuje jako vedouc\u00ed prodeje ve spole\u010dnosti meinmarkenmode.de od roku 2012. \u201eAle jak to \u010dasto b\u00fdv\u00e1, bylo p\u0159\u00edli\u0161 mnoho dal\u0161\u00edch \u00fakol\u016f, kter\u00e9 m\u011bly vy\u0161\u0161\u00ed prioritu. Krom\u011b toho n\u00e1m chyb\u011bla kapacita na manu\u00e1ln\u00ed kontrolu proces\u016f.\u201c<\/p><p class=\"theme-wp-block gb-responsive-587817-identifier desktop-gb-has-no-icon xl-gb-has-no-icon lg-gb-has-no-icon md-gb-has-no-icon sm-gb-has-no-icon\">To se zm\u011bnilo a\u017e ve chv\u00edli, kdy m\u011bl Alexander rozhovor o tomto t\u00e9matu s kolegou obchodn\u00edkem b\u011bhem workshopu na Amazonu. \u201eM\u016fj kolega obchodn\u00edk byl jedn\u00edm z pilotn\u00edch<br>z\u00e1kazn\u00edk\u016f SELLERLOGIC Lost &#038; Found. Kdy\u017e mi vypr\u00e1v\u011bl o po\u010d\u00e1te\u010dn\u00edm vr\u00e1cen\u00ed pen\u011bz v hodnot\u011b mal\u00e9ho auta, byl jsem tak ohromen, \u017ee vyzkou\u0161en\u00ed tohoto n\u00e1stroje bylo na vrcholu m\u00e9ho seznamu priorit,\u201c vzpom\u00edn\u00e1 Alexander.<\/p><h3 class=\"theme-wp-block wp-block-heading gb-responsive-115756-identifier\">\u0158e\u0161en\u00ed:<\/h3><p class=\"theme-wp-block gb-responsive-231780-identifier\">Na z\u00e1klad\u011b pozitivn\u00ed zku\u0161enosti jeho kolegy obchodn\u00edka nebylo pro meinmarkenmode.de nikdy zva\u017eov\u00e1no \u017e\u00e1dn\u00e9 jin\u00e9 \u0159e\u0161en\u00ed ne\u017e Lost &#038; Found.<\/p><p class=\"theme-wp-block gb-responsive-392728-identifier desktop-gb-has-no-icon xl-gb-has-no-icon lg-gb-has-no-icon md-gb-has-no-icon sm-gb-has-no-icon\"><br>Alexander vzpom\u00edn\u00e1 na prvn\u00ed zku\u0161enosti se softwarem SELLERLOGIC: \u201eZaveden\u00ed s SELLERLOGIC bylo extr\u00e9mn\u011b snadn\u00e9 a p\u0159\u00edjemn\u00e9. \u0158e\u0161en\u00ed je intuitivn\u00ed a m\u016f\u017ee ho pou\u017e\u00edvat kdokoli po kr\u00e1tk\u00e9m \u0161kolen\u00ed. Od spu\u0161t\u011bn\u00ed nebyla pot\u0159eba \u017e\u00e1dn\u00e1 podpora. Ani kdy\u017e jsme p\u0159edali spr\u00e1vu p\u0159\u00edpad\u016f nov\u00fdm zam\u011bstnanc\u016fm \u2013 to je docela pozoruhodn\u00e9!\u201c. Po chvilce dod\u00e1v\u00e1: \u201eN\u00e1stroj je tak\u00e9 neuv\u011b\u0159iteln\u011b efektivn\u00ed. Za jeho intuitivn\u00edm ovl\u00e1d\u00e1n\u00edm se skr\u00fdv\u00e1 velmi sofistikovan\u00fd syst\u00e9m, kter\u00fd v\u00fdrazn\u011b zjednodu\u0161uje zpracov\u00e1n\u00ed p\u0159\u00edpad\u016f.\u201c<\/p><div class=\"theme-block-group-wrap\"><div class=\"theme-wp-block wp-block-group gb-responsive-88118-identifier\">\t\t<div  class=\"theme-wp-block theme-block-user-card gb-responsive-799176-identifier is-style-full-width-line desktop-gb-has-no-icon xl-gb-has-no-icon lg-gb-has-no-icon md-gb-has-no-icon sm-gb-has-no-icon\">\n\t\t<div class=\"wrap-inner-content\">\n\t\t\t<div class=\"card-user-head\">\n\t\t\t\t<div class=\"card-user-avatar\">\n\t\t\t\t\t<div class=\"cover-avatar\" style=\"background-image: url(https:\/\/d2bw95mh2ee04s.cloudfront.net\/prod\/content\/wp-content\/uploads\/2020\/12\/23142728\/alexander_charatzoglou_raute.png);\"><\/div>\n\t\t\t\t<\/div>\n\t\t\t\t<div class=\"wrap-title\">\n\t\t\t\t\t<div class=\"card-user-name\">\n\t\t\t\t\t\t<div class=\"title\">\n\t\t\t\t\t\t\t<h3 class=\"heading-text\"><strong>Alexander Charatzoglou<\/strong><\/h3>\n\t\t\t\t\t\t<\/div>\n\t\t\t\t\t\t<div class=\"card-user-position\">\n\t\t\t\t\t\t\t<div class=\"card-text\"><strong>Vedouc\u00ed prodeje ve spole\u010dnosti meinmarkenmode.de<\/strong><\/div>\n\t\t\t\t\t\t<\/div>\n\t\t\t\t\t<\/div>\n\t\t\t\t\t<div class=\"card-user-quote-icon\">\n\t\t\t\t\t<\/div>\n\t\t\t\t<\/div>\n\t\t\t<\/div>\n\t\t\t<div class=\"card-user-text\">\n\t\t\t\t<div class=\"card-text\"><p>&#8220;SELLERLOGIC Ztr\u00e1ty a n\u00e1lezy je skute\u010dn\u011b jednoduch\u00e9 rozhodnut\u00ed. A to nejen z ekonomick\u00e9ho hlediska. N\u00edzk\u00e9 n\u00e1klady, n\u00e1stroj, technologie za n\u00edm, slu\u017eby a t\u00fdm za n\u00edm \u2013 jednodu\u0161e v\u0161e \u2013 p\u0159isp\u00edv\u00e1 k na\u0161\u00ed \u00fapln\u00e9 spokojenosti.&#8221;<\/p><p><\/p><\/div>\n\t\t\t<\/div>\n\t\t<\/div>\n\t<\/div>\n\n<\/div><\/div><h3 class=\"theme-wp-block wp-block-heading gb-responsive-595368-identifier\">\u00dasp\u011b\u0161n\u00e9 v\u00fdsledky s SELLERLOGIC:<\/h3><p class=\"theme-wp-block gb-responsive-905876-identifier desktop-gb-has-no-icon xl-gb-has-no-icon lg-gb-has-no-icon md-gb-has-no-icon sm-gb-has-no-icon\">Od sv\u00e9ho spu\u0161t\u011bn\u00ed s SELLERLOGIC Lost &#038; Found dok\u00e1zala meinmarkenmode.de z\u00edskat vr\u00e1cen\u00ed pen\u011bz v hodnot\u011b p\u0159ibli\u017en\u011b 200 000 eur. \u201eTo u\u017e nen\u00ed mal\u00e9 auto, ale cel\u00fd d\u016fm,\u201c sm\u011bje se Alexander.<\/p><p class=\"theme-wp-block gb-responsive-208143-identifier desktop-gb-has-no-icon xl-gb-has-no-icon lg-gb-has-no-icon md-gb-has-no-icon sm-gb-has-no-icon\">Skute\u010dn\u00e1 ztr\u00e1ta zbo\u017e\u00ed ve skladech FBA tedy jasn\u011b p\u0159ekro\u010dila o\u010dek\u00e1v\u00e1n\u00ed spole\u010dnosti. Z\u00e1rove\u0148 meinmarkenmode.de t\u011b\u017e\u00ed z sofistikovan\u00e9ho syst\u00e9mu, kter\u00fd tak\u00e9 nach\u00e1z\u00ed chyby, kter\u00e9 by pravd\u011bpodobn\u011b z\u016fstaly p\u0159i manu\u00e1ln\u00edm hled\u00e1n\u00ed neodhaleny. Pro Alexandera je lidsk\u00fd kontakt s SELLERLOGIC stejn\u011b d\u016fle\u017eit\u00fd. Pro n\u011bj nen\u00ed SELLERLOGIC pouze n\u00e1stroj, kter\u00fd jeho spole\u010dnost pou\u017e\u00edv\u00e1, ale tak\u00e9 si cen\u00ed cel\u00e9ho t\u00fdmu a jeho slu\u017eeb.<\/p><p class=\"theme-wp-block gb-responsive-355671-identifier desktop-gb-has-no-icon xl-gb-has-no-icon lg-gb-has-no-icon md-gb-has-no-icon sm-gb-has-no-icon\">Na z\u00e1v\u011br nach\u00e1z\u00ed jasn\u00e1 slova chv\u00e1ly: \u201eSELLERLOGIC Lost &#038; Found je skute\u010dn\u011b jednoduch\u00e9 rozhodnut\u00ed. A to nejen z ekonomick\u00e9ho hlediska. N\u00edzk\u00e9 n\u00e1klady, n\u00e1stroj, technologie za n\u00edm, slu\u017eby a t\u00fdm za n\u00edm \u2013 jednodu\u0161e v\u0161e \u2013 p\u0159isp\u00edv\u00e1 k na\u0161\u00ed \u00fapln\u00e9 spokojenosti\u201c.<\/p><div class=\"theme-wp-block wp-block-buttons gb-responsive-497426-identifier is-layout-flex wp-block-buttons-is-layout-flex\"><div class=\"theme-wp-block wp-block-button gb-responsive-38220-identifier is-style-theme-transparent-with-arrow\"><a class=\"wp-block-button__link wp-element-button\" href=\"https:\/\/d2bw95mh2ee04s.cloudfront.net\/prod\/content\/files\/SUCCESS-STORIES\/EN\/NEU_SELLERLOGIC_Success-Story_meinemarkenmode_EN.pdf\" target=\"_blank\" rel=\"noreferrer noopener nofollow\">St\u00e1hnout nyn\u00ed!<\/a><\/div><\/div><\/div><div class=\"theme-wp-block wp-block-column gb-responsive-638649-identifier is-layout-flow wp-block-column-is-layout-flow\" style=\"flex-basis:25%\"><\/div><\/div><p class=\"theme-wp-block gb-responsive-554668-identifier\"><\/p>","protected":false},"excerpt":{"rendered":"<p>Zaklad:2009 Odv\u011btv\u00ed:M\u00f3da Polo\u017eky na Amazonu:\u00a030.000 Odesl\u00e1n\u00ed:p\u0159ibli\u017en\u011b 150.000 za m\u011bs\u00edc Pozad\u00ed: S ve\u0161ker\u00fdm zbo\u017e\u00edm, kter\u00e9 p\u0159ich\u00e1zelo a odch\u00e1zelo z jejich sklad\u016f, si Alexander Charatzoglou uv\u011bdomoval, \u017ee chyby se nevyhnuteln\u011b vyskytnou. Doposud nem\u011bla z\u00e1silkov\u00e1 spole\u010dnost \u017e\u00e1dn\u00fd proces, kter\u00fd by umo\u017enil identifikaci ka\u017ed\u00e9 jednotliv\u00e9 chyby, dokud Alexander nenav\u0161t\u00edvil workshop pro prodejce na Amazonu, kter\u00fd poskytl \u0159e\u0161en\u00ed. P\u0159\u00edb\u011bh meinmarkenmode.de<\/p>\n","protected":false},"author":3,"featured_media":0,"parent":109215,"menu_order":0,"comment_status":"closed","ping_status":"closed","template":"","meta":{"sidebar_recommended_resources":{"data":[]},"sidebar_header_settings":{"hide_buttons":{"register":false}},"_use_new_theme":false,"inline_featured_image":false,"footnotes":""},"class_list":["post-108939","page","type-page","status-publish","hentry"],"yoast_head":"<!-- This site is optimized with the Yoast SEO plugin v26.8 - https:\/\/yoast.com\/product\/yoast-seo-wordpress\/ -->\n<title>Jak z\u00edskat 6m\u00edstn\u00e9 vr\u00e1cen\u00ed pen\u011bz od Amazonu | SELLERLOGIC<\/title>\n<meta name=\"description\" content=\"SELLERLOGIC Lost &amp; Found analyzuje v\u0161echny chyby FBA. P\u0159e\u010dt\u011bte si zde, jak meinmarkenmode.de z\u00edskala vr\u00e1cen\u00ed pen\u011bz v hodnot\u011b rodinn\u00e9ho domu!\" \/>\n<meta name=\"robots\" content=\"index, follow, max-snippet:-1, max-image-preview:large, max-video-preview:-1\" \/>\n<link rel=\"canonical\" href=\"https:\/\/www.sellerlogic.com\/cs\/resources\/success-story-meinemarkenmode\/\" \/>\n<meta property=\"og:locale\" content=\"cs_CZ\" \/>\n<meta property=\"og:type\" content=\"article\" \/>\n<meta property=\"og:title\" content=\"Jak z\u00edskat 6m\u00edstn\u00e9 vr\u00e1cen\u00ed pen\u011bz od Amazonu | SELLERLOGIC\" \/>\n<meta property=\"og:description\" content=\"SELLERLOGIC Lost &amp; Found analyzuje v\u0161echny chyby FBA. P\u0159e\u010dt\u011bte si zde, jak meinmarkenmode.de z\u00edskala vr\u00e1cen\u00ed pen\u011bz v hodnot\u011b rodinn\u00e9ho domu!\" \/>\n<meta property=\"og:url\" content=\"https:\/\/www.sellerlogic.com\/cs\/resources\/success-story-meinemarkenmode\/\" \/>\n<meta property=\"og:site_name\" content=\"SELLERLOGIC - Smarte Tools f\u00fcr Amazon-Seller\" \/>\n<meta property=\"article:publisher\" content=\"https:\/\/www.facebook.com\/SellerLogic\/\" \/>\n<meta property=\"og:image\" content=\"https:\/\/www.sellerlogic.com\/wp-content\/uploads\/2020\/12\/MMM-Logo_2-844x154.png\" \/>\n<meta name=\"twitter:card\" content=\"summary_large_image\" \/>\n<meta name=\"twitter:site\" content=\"@sellerlogic\" \/>\n<meta name=\"twitter:label1\" content=\"Est. reading time\" \/>\n\t<meta name=\"twitter:data1\" content=\"3 minutes\" \/>\n<script type=\"application\/ld+json\" class=\"yoast-schema-graph\">{\"@context\":\"https:\/\/schema.org\",\"@graph\":[{\"@type\":\"WebPage\",\"@id\":\"https:\/\/www.sellerlogic.com\/cs\/resources\/success-story-meinemarkenmode\/\",\"url\":\"https:\/\/www.sellerlogic.com\/cs\/resources\/success-story-meinemarkenmode\/\",\"name\":\"Jak z\u00edskat 6m\u00edstn\u00e9 vr\u00e1cen\u00ed pen\u011bz od Amazonu | SELLERLOGIC\",\"isPartOf\":{\"@id\":\"https:\/\/www.sellerlogic.com\/cs\/#website\"},\"primaryImageOfPage\":{\"@id\":\"https:\/\/www.sellerlogic.com\/cs\/resources\/success-story-meinemarkenmode\/#primaryimage\"},\"image\":{\"@id\":\"https:\/\/www.sellerlogic.com\/cs\/resources\/success-story-meinemarkenmode\/#primaryimage\"},\"thumbnailUrl\":\"https:\/\/www.sellerlogic.com\/wp-content\/uploads\/2020\/12\/MMM-Logo_2-844x154.png\",\"datePublished\":\"2020-12-18T08:11:11+00:00\",\"description\":\"SELLERLOGIC Lost & Found analyzuje v\u0161echny chyby FBA. P\u0159e\u010dt\u011bte si zde, jak meinmarkenmode.de z\u00edskala vr\u00e1cen\u00ed pen\u011bz v hodnot\u011b rodinn\u00e9ho domu!\",\"breadcrumb\":{\"@id\":\"https:\/\/www.sellerlogic.com\/cs\/resources\/success-story-meinemarkenmode\/#breadcrumb\"},\"inLanguage\":\"cs-CZ\",\"potentialAction\":[{\"@type\":\"ReadAction\",\"target\":[\"https:\/\/www.sellerlogic.com\/cs\/resources\/success-story-meinemarkenmode\/\"]}]},{\"@type\":\"ImageObject\",\"inLanguage\":\"cs-CZ\",\"@id\":\"https:\/\/www.sellerlogic.com\/cs\/resources\/success-story-meinemarkenmode\/#primaryimage\",\"url\":\"https:\/\/www.sellerlogic.com\/wp-content\/uploads\/2020\/12\/MMM-Logo_2-844x154.png\",\"contentUrl\":\"https:\/\/www.sellerlogic.com\/wp-content\/uploads\/2020\/12\/MMM-Logo_2-844x154.png\"},{\"@type\":\"BreadcrumbList\",\"@id\":\"https:\/\/www.sellerlogic.com\/cs\/resources\/success-story-meinemarkenmode\/#breadcrumb\",\"itemListElement\":[{\"@type\":\"ListItem\",\"position\":1,\"name\":\"Home\",\"item\":\"https:\/\/www.sellerlogic.com\/cs\/\"},{\"@type\":\"ListItem\",\"position\":2,\"name\":\"Zdroje EN\",\"item\":\"https:\/\/www.sellerlogic.com\/cs\/resources\/\"},{\"@type\":\"ListItem\",\"position\":3,\"name\":\"Success Story: meinemarkenmode.de CZ\"}]},{\"@type\":\"WebSite\",\"@id\":\"https:\/\/www.sellerlogic.com\/cs\/#website\",\"url\":\"https:\/\/www.sellerlogic.com\/cs\/\",\"name\":\"SELLERLOGIC - Smarte Tools f\u00fcr Amazon-Seller\",\"description\":\"Intelligente Prozessoptimierung und Gewinnmaximierung\",\"publisher\":{\"@id\":\"https:\/\/www.sellerlogic.com\/cs\/#organization\"},\"potentialAction\":[{\"@type\":\"SearchAction\",\"target\":{\"@type\":\"EntryPoint\",\"urlTemplate\":\"https:\/\/www.sellerlogic.com\/cs\/?s={search_term_string}\"},\"query-input\":{\"@type\":\"PropertyValueSpecification\",\"valueRequired\":true,\"valueName\":\"search_term_string\"}}],\"inLanguage\":\"cs-CZ\"},{\"@type\":\"Organization\",\"@id\":\"https:\/\/www.sellerlogic.com\/cs\/#organization\",\"name\":\"SELLERLOGIC\",\"url\":\"https:\/\/www.sellerlogic.com\/cs\/\",\"logo\":{\"@type\":\"ImageObject\",\"inLanguage\":\"cs-CZ\",\"@id\":\"https:\/\/www.sellerlogic.com\/cs\/#\/schema\/logo\/image\/\",\"url\":\"https:\/\/d2bw95mh2ee04s.cloudfront.net\/prod\/content\/wp-content\/uploads\/2025\/01\/02134814\/Property-Logo-Main.svg\",\"contentUrl\":\"https:\/\/d2bw95mh2ee04s.cloudfront.net\/prod\/content\/wp-content\/uploads\/2025\/01\/02134814\/Property-Logo-Main.svg\",\"width\":184,\"height\":40,\"caption\":\"SELLERLOGIC\"},\"image\":{\"@id\":\"https:\/\/www.sellerlogic.com\/cs\/#\/schema\/logo\/image\/\"},\"sameAs\":[\"https:\/\/www.facebook.com\/SellerLogic\/\",\"https:\/\/x.com\/sellerlogic\",\"https:\/\/www.instagram.com\/sellerlogic\/\",\"https:\/\/www.linkedin.com\/company\/18402037\/\",\"https:\/\/www.youtube.com\/channel\/UC-gULUur-fNj08sprantKsQ\"]}]}<\/script>\n<!-- \/ Yoast SEO plugin. -->","yoast_head_json":{"title":"Jak z\u00edskat 6m\u00edstn\u00e9 vr\u00e1cen\u00ed pen\u011bz od Amazonu | SELLERLOGIC","description":"SELLERLOGIC Lost & Found analyzuje v\u0161echny chyby FBA. P\u0159e\u010dt\u011bte si zde, jak meinmarkenmode.de z\u00edskala vr\u00e1cen\u00ed pen\u011bz v hodnot\u011b rodinn\u00e9ho domu!","robots":{"index":"index","follow":"follow","max-snippet":"max-snippet:-1","max-image-preview":"max-image-preview:large","max-video-preview":"max-video-preview:-1"},"canonical":"https:\/\/www.sellerlogic.com\/cs\/resources\/success-story-meinemarkenmode\/","og_locale":"cs_CZ","og_type":"article","og_title":"Jak z\u00edskat 6m\u00edstn\u00e9 vr\u00e1cen\u00ed pen\u011bz od Amazonu | SELLERLOGIC","og_description":"SELLERLOGIC Lost & Found analyzuje v\u0161echny chyby FBA. P\u0159e\u010dt\u011bte si zde, jak meinmarkenmode.de z\u00edskala vr\u00e1cen\u00ed pen\u011bz v hodnot\u011b rodinn\u00e9ho domu!","og_url":"https:\/\/www.sellerlogic.com\/cs\/resources\/success-story-meinemarkenmode\/","og_site_name":"SELLERLOGIC - Smarte Tools f\u00fcr Amazon-Seller","article_publisher":"https:\/\/www.facebook.com\/SellerLogic\/","og_image":[{"url":"https:\/\/www.sellerlogic.com\/wp-content\/uploads\/2020\/12\/MMM-Logo_2-844x154.png","type":"","width":"","height":""}],"twitter_card":"summary_large_image","twitter_site":"@sellerlogic","twitter_misc":{"Est. reading time":"3 minutes"},"schema":{"@context":"https:\/\/schema.org","@graph":[{"@type":"WebPage","@id":"https:\/\/www.sellerlogic.com\/cs\/resources\/success-story-meinemarkenmode\/","url":"https:\/\/www.sellerlogic.com\/cs\/resources\/success-story-meinemarkenmode\/","name":"Jak z\u00edskat 6m\u00edstn\u00e9 vr\u00e1cen\u00ed pen\u011bz od Amazonu | SELLERLOGIC","isPartOf":{"@id":"https:\/\/www.sellerlogic.com\/cs\/#website"},"primaryImageOfPage":{"@id":"https:\/\/www.sellerlogic.com\/cs\/resources\/success-story-meinemarkenmode\/#primaryimage"},"image":{"@id":"https:\/\/www.sellerlogic.com\/cs\/resources\/success-story-meinemarkenmode\/#primaryimage"},"thumbnailUrl":"https:\/\/www.sellerlogic.com\/wp-content\/uploads\/2020\/12\/MMM-Logo_2-844x154.png","datePublished":"2020-12-18T08:11:11+00:00","description":"SELLERLOGIC Lost & Found analyzuje v\u0161echny chyby FBA. P\u0159e\u010dt\u011bte si zde, jak meinmarkenmode.de z\u00edskala vr\u00e1cen\u00ed pen\u011bz v hodnot\u011b rodinn\u00e9ho domu!","breadcrumb":{"@id":"https:\/\/www.sellerlogic.com\/cs\/resources\/success-story-meinemarkenmode\/#breadcrumb"},"inLanguage":"cs-CZ","potentialAction":[{"@type":"ReadAction","target":["https:\/\/www.sellerlogic.com\/cs\/resources\/success-story-meinemarkenmode\/"]}]},{"@type":"ImageObject","inLanguage":"cs-CZ","@id":"https:\/\/www.sellerlogic.com\/cs\/resources\/success-story-meinemarkenmode\/#primaryimage","url":"https:\/\/www.sellerlogic.com\/wp-content\/uploads\/2020\/12\/MMM-Logo_2-844x154.png","contentUrl":"https:\/\/www.sellerlogic.com\/wp-content\/uploads\/2020\/12\/MMM-Logo_2-844x154.png"},{"@type":"BreadcrumbList","@id":"https:\/\/www.sellerlogic.com\/cs\/resources\/success-story-meinemarkenmode\/#breadcrumb","itemListElement":[{"@type":"ListItem","position":1,"name":"Home","item":"https:\/\/www.sellerlogic.com\/cs\/"},{"@type":"ListItem","position":2,"name":"Zdroje EN","item":"https:\/\/www.sellerlogic.com\/cs\/resources\/"},{"@type":"ListItem","position":3,"name":"Success Story: meinemarkenmode.de CZ"}]},{"@type":"WebSite","@id":"https:\/\/www.sellerlogic.com\/cs\/#website","url":"https:\/\/www.sellerlogic.com\/cs\/","name":"SELLERLOGIC - Smarte Tools f\u00fcr Amazon-Seller","description":"Intelligente Prozessoptimierung und Gewinnmaximierung","publisher":{"@id":"https:\/\/www.sellerlogic.com\/cs\/#organization"},"potentialAction":[{"@type":"SearchAction","target":{"@type":"EntryPoint","urlTemplate":"https:\/\/www.sellerlogic.com\/cs\/?s={search_term_string}"},"query-input":{"@type":"PropertyValueSpecification","valueRequired":true,"valueName":"search_term_string"}}],"inLanguage":"cs-CZ"},{"@type":"Organization","@id":"https:\/\/www.sellerlogic.com\/cs\/#organization","name":"SELLERLOGIC","url":"https:\/\/www.sellerlogic.com\/cs\/","logo":{"@type":"ImageObject","inLanguage":"cs-CZ","@id":"https:\/\/www.sellerlogic.com\/cs\/#\/schema\/logo\/image\/","url":"https:\/\/d2bw95mh2ee04s.cloudfront.net\/prod\/content\/wp-content\/uploads\/2025\/01\/02134814\/Property-Logo-Main.svg","contentUrl":"https:\/\/d2bw95mh2ee04s.cloudfront.net\/prod\/content\/wp-content\/uploads\/2025\/01\/02134814\/Property-Logo-Main.svg","width":184,"height":40,"caption":"SELLERLOGIC"},"image":{"@id":"https:\/\/www.sellerlogic.com\/cs\/#\/schema\/logo\/image\/"},"sameAs":["https:\/\/www.facebook.com\/SellerLogic\/","https:\/\/x.com\/sellerlogic","https:\/\/www.instagram.com\/sellerlogic\/","https:\/\/www.linkedin.com\/company\/18402037\/","https:\/\/www.youtube.com\/channel\/UC-gULUur-fNj08sprantKsQ"]}]}},"_links":{"self":[{"href":"https:\/\/www.sellerlogic.com\/cs\/wp-json\/wp\/v2\/pages\/108939","targetHints":{"allow":["GET"]}}],"collection":[{"href":"https:\/\/www.sellerlogic.com\/cs\/wp-json\/wp\/v2\/pages"}],"about":[{"href":"https:\/\/www.sellerlogic.com\/cs\/wp-json\/wp\/v2\/types\/page"}],"author":[{"embeddable":true,"href":"https:\/\/www.sellerlogic.com\/cs\/wp-json\/wp\/v2\/users\/3"}],"replies":[{"embeddable":true,"href":"https:\/\/www.sellerlogic.com\/cs\/wp-json\/wp\/v2\/comments?post=108939"}],"version-history":[{"count":0,"href":"https:\/\/www.sellerlogic.com\/cs\/wp-json\/wp\/v2\/pages\/108939\/revisions"}],"up":[{"embeddable":true,"href":"https:\/\/www.sellerlogic.com\/cs\/wp-json\/wp\/v2\/pages\/109215"}],"wp:attachment":[{"href":"https:\/\/www.sellerlogic.com\/cs\/wp-json\/wp\/v2\/media?parent=108939"}],"curies":[{"name":"wp","href":"https:\/\/api.w.org\/{rel}","templated":true}]}}