
{"id":108945,"date":"2020-12-09T14:09:30","date_gmt":"2020-12-09T14:09:30","guid":{"rendered":"https:\/\/127.0.0.1\/resources\/download-factsheet-repricer\/"},"modified":"2020-12-09T14:09:30","modified_gmt":"2020-12-09T14:09:30","slug":"download-factsheet-repricer","status":"publish","type":"page","link":"https:\/\/www.sellerlogic.com\/cs\/resources\/download-factsheet-repricer\/","title":{"rendered":"St\u00e1hnout faktick\u00fd list Repricer"},"content":{"rendered":"\n\t<div  class=\"theme-wp-block theme-block-main-header desktop-align-full xl-align-full lg-align-full md-align-full sm-align-full desktop-content-align-y-center desktop-content-align-x-center xl-content-align-y-center xl-content-align-x-center lg-content-align-y-center lg-content-align-x-center md-content-align-y-center md-content-align-x-center sm-content-align-y-center sm-content-align-x-center desktop-gb-has-no-icon xl-gb-has-no-icon lg-gb-has-no-icon md-gb-has-no-icon sm-gb-has-no-icon gb-responsive-537623-identifier is-style-default theme-block-cover\">\n\t\t<div class=\"bg-cover theme-lazy-load-bg\"><\/div>\n\t\t<div class=\"wrap-content-main-header\">\n\t\t\t\t\t<div  class=\"theme-wp-block theme-block-text-and-text desktop-align-wide xl-align-wide lg-align-wide md-align-wide sm-align-wide desktop-gb-has-no-icon xl-gb-has-no-icon lg-gb-has-no-icon md-gb-has-no-icon sm-gb-has-no-icon desktop-blockDirection-row xl-blockDirection-row lg-blockDirection-row md-blockDirection-row sm-blockDirection-row gb-responsive-557074-identifier alignwide\">\n\t\t<div class=\"tat-column-wrap-wrapper\">\n\t\t\t<div class=\"tat-column-wrapper\">\n\t\t\t\t\t<div  class=\"theme-wp-block theme-block-text-and-text-column desktop-gb-has-no-icon xl-gb-has-no-icon lg-gb-has-no-icon md-gb-has-no-icon sm-gb-has-no-icon gb-responsive-901442-identifier desktop-horizontal-center xl-horizontal-center lg-horizontal-center md-horizontal-center sm-horizontal-center\">\n\t\t<div class=\"inner-wrap-column-content\">\n\t\t\t<div class=\"inner-column-content\">\n\t\t\t\t\t\t<h1 id=\"block-12e198b5-f8eb-4a3c-9e0c-18467e9637af\" class=\"theme-wp-block theme-block-heading desktop-gb-has-no-icon xl-gb-has-no-icon lg-gb-has-no-icon md-gb-has-no-icon sm-gb-has-no-icon desktop-text-center xl-text-center lg-text-center md-text-center sm-text-center gb-responsive-378554-identifier h1\">\n\t\tSELLERLOGIC Repricer pro Amazon\t<\/h1>\n\n\t\t<h2 id=\"block-12e198b5-f8eb-4a3c-9e0c-18467e9637af\" class=\"theme-wp-block theme-block-heading desktop-text-center xl-text-center lg-text-center md-text-center sm-text-center gb-responsive-844401-identifier h2\">\n\t\tDynamick\u00e9, samou\u010d\u00edc\u00ed se ur\u010dov\u00e1n\u00ed cen\t<\/h2>\n\n\t\t\t<\/div>\n\t\t<\/div>\n\t<\/div>\n\t<div  class=\"theme-wp-block theme-block-text-and-text-column desktop-gb-has-no-icon xl-gb-has-no-icon lg-gb-has-no-icon md-gb-has-no-icon sm-gb-has-no-icon gb-responsive-971381-identifier\">\n\t\t<div class=\"inner-wrap-column-content\">\n\t\t\t<div class=\"inner-column-content\">\n\t\t\t\t\t\t\t<\/div>\n\t\t<\/div>\n\t<\/div>\n\t\t\t<\/div>\n\t\t<\/div>\n\t<\/div>\n\n\t\t<\/div>\n\t<\/div>\n\n<div style=\"height:50px\" aria-hidden=\"true\" class=\"theme-wp-block wp-block-spacer\"><\/div>\t\t<div  class=\"theme-wp-block theme-block-text-and-text desktop-blockDirection-row xl-blockDirection-row lg-blockDirection-row md-blockDirection-row gb-responsive-91863-identifier sm-blockDirection-column\">\n\t\t<div class=\"tat-column-wrap-wrapper\">\n\t\t\t<div class=\"tat-column-wrapper\">\n\t\t\t\t\t<div  class=\"theme-wp-block theme-block-text-and-text-column gb-responsive-724792-identifier\">\n\t\t<div class=\"inner-wrap-column-content\">\n\t\t\t<div class=\"inner-column-content\">\n\t\t\t\t\t\t<h2  class=\"theme-wp-block theme-block-heading gb-responsive-276790-identifier is-style-default h3\">\n\t\tRecept na \u00fasp\u011bch pro prodejce na Amazonu: Nejlep\u0161\u00ed cena v Buy Box\t<\/h2>\n\n<p class=\"theme-wp-block is-style-default gb-responsive-488408-identifier\">Na Amazonu sout\u011b\u017e\u00ed 100 000 prodejc\u016f o vysoce cen\u011bn\u00e9 pole n\u00e1kupn\u00edho ko\u0161\u00edku (anglicky: Buy Box). Tento boj se vede urputn\u011b, zvl\u00e1\u0161\u0165 kdy\u017e Amazon nezve\u0159ej\u0148uje faktory, kter\u00e9 se pou\u017e\u00edvaj\u00ed k ur\u010den\u00ed Buy Box.<\/p><p class=\"theme-wp-block is-style-default gb-responsive-712622-identifier\">Mnoho faktor\u016f nen\u00ed p\u0159\u00edmo pod kontrolou prodejce. Jeden faktor v\u0161ak ur\u010dit\u011b je: CENA.<\/p>\t\t<h3  class=\"theme-wp-block theme-block-heading gb-responsive-764810-identifier is-style-default h3\">\n\t\tNe s nejni\u017e\u0161\u00ed cenou, ale s optim\u00e1ln\u00ed.\t<\/h3>\n\n<p class=\"theme-wp-block is-style-default gb-responsive-924998-identifier\">V z\u00e1vislosti na v\u00fdkonnostn\u00edm stavu SELLERLOGIC Repricer pro Amazon nejprve ur\u010duje cenu, za kterou prodejce na Amazonu vyhraje Buy Box. Jakmile je toho dosa\u017eeno, cena je d\u00e1le optimalizov\u00e1na. T\u00edmto zp\u016fsobem nen\u00ed Buy Box vyhr\u00e1no s nejni\u017e\u0161\u00ed cenou, ale s co nejvy\u0161\u0161\u00ed mo\u017enou cenou.<\/p><p class=\"theme-wp-block is-style-default gb-responsive-79005-identifier\">Co odli\u0161uje SELLERLOGIC Repricer pro Amazon od ostatn\u00edch repricer\u016f a jak\u00e9 strategie v\u00e1m mohou pomoci vyhr\u00e1t Buy Box pro sebe, naleznete v na\u0161em faktick\u00e9m listu.<\/p><div class=\"theme-wp-block wp-block-buttons gb-responsive-998044-identifier is-layout-flex wp-block-buttons-is-layout-flex\"><div class=\"theme-wp-block wp-block-button gb-responsive-547103-identifier is-style-theme-blue\"><a class=\"wp-block-button__link wp-element-button\" href=\"https:\/\/d2bw95mh2ee04s.cloudfront.net\/prod\/content\/files\/FACTSHEETS\/DE\/FactSheet_Repricer.pdf\" target=\"_blank\" rel=\"noreferrer noopener nofollow\"><strong>St\u00e1hnout faktick\u00fd list nyn\u00ed<\/strong>!<\/a><\/div><\/div>\t\t\t<\/div>\n\t\t<\/div>\n\t<\/div>\n\t<div  class=\"theme-wp-block theme-block-text-and-text-column gb-responsive-626207-identifier\">\n\t\t<div class=\"inner-wrap-column-content\">\n\t\t\t<div class=\"inner-column-content\">\n\t\t\t\t<figure class=\"theme-wp-block wp-block-image size-large is-resized gb-responsive-773053-identifier is-style-default\"><img decoding=\"async\" width=\"476\" height=\"674\" src=\"https:\/\/d2bw95mh2ee04s.cloudfront.net\/prod\/content\/wp-content\/uploads\/2020\/12\/23140627\/factsheet_repricer.gif\" alt=\"St\u00e1hnout faktick\u00fd list Repricer\" class=\"wp-image-4477\" style=\"width:407px;height:576px\"><\/figure>\t\t\t<\/div>\n\t\t<\/div>\n\t<\/div>\n\t\t\t<\/div>\n\t\t<\/div>\n\t<\/div>\n\n<div style=\"height:50px\" aria-hidden=\"true\" class=\"theme-wp-block wp-block-spacer\"><\/div>","protected":false},"excerpt":{"rendered":"","protected":false},"author":8,"featured_media":4489,"parent":109215,"menu_order":0,"comment_status":"closed","ping_status":"closed","template":"","meta":{"sidebar_recommended_resources":{"data":[]},"sidebar_header_settings":{"hide_buttons":{"register":false}},"_use_new_theme":false,"inline_featured_image":false,"footnotes":""},"class_list":["post-108945","page","type-page","status-publish","has-post-thumbnail","hentry"],"yoast_head":"<!-- This site is optimized with the Yoast SEO plugin v26.8 - https:\/\/yoast.com\/product\/yoast-seo-wordpress\/ -->\n<title>SELLERLOGIC - St\u00e1hnout faktick\u00fd list: SELLERLOGIC Repricer pro Amazon<\/title>\n<meta name=\"description\" content=\"Kr\u00e1tce a stru\u010dn\u011b v\u0161e o SELLERLOGIC Repricer pro Amazon \u2013 Dynamick\u00e9, samou\u010d\u00edc\u00ed se ur\u010dov\u00e1n\u00ed cen pro v\u00edt\u011bzstv\u00ed v Buy Box.\" \/>\n<meta name=\"robots\" content=\"index, follow, max-snippet:-1, max-image-preview:large, max-video-preview:-1\" \/>\n<link rel=\"canonical\" href=\"https:\/\/www.sellerlogic.com\/cs\/resources\/download-factsheet-repricer\/\" \/>\n<meta property=\"og:locale\" content=\"cs_CZ\" \/>\n<meta property=\"og:type\" content=\"article\" \/>\n<meta property=\"og:title\" content=\"SELLERLOGIC - St\u00e1hnout faktick\u00fd list: SELLERLOGIC Repricer pro Amazon\" \/>\n<meta property=\"og:description\" content=\"Kr\u00e1tce a stru\u010dn\u011b v\u0161e o SELLERLOGIC Repricer pro Amazon \u2013 Dynamick\u00e9, samou\u010d\u00edc\u00ed se ur\u010dov\u00e1n\u00ed cen pro v\u00edt\u011bzstv\u00ed v Buy Box.\" \/>\n<meta property=\"og:url\" content=\"https:\/\/www.sellerlogic.com\/cs\/resources\/download-factsheet-repricer\/\" \/>\n<meta property=\"og:site_name\" content=\"SELLERLOGIC - Smarte Tools f\u00fcr Amazon-Seller\" \/>\n<meta property=\"article:publisher\" content=\"https:\/\/www.facebook.com\/SellerLogic\/\" \/>\n<meta property=\"og:image\" content=\"https:\/\/d2bw95mh2ee04s.cloudfront.net\/prod\/content\/wp-content\/uploads\/2020\/12\/23140626\/blog-min.jpg\" \/>\n\t<meta property=\"og:image:width\" content=\"844\" \/>\n\t<meta property=\"og:image:height\" content=\"302\" \/>\n\t<meta property=\"og:image:type\" content=\"image\/jpeg\" \/>\n<meta name=\"twitter:card\" content=\"summary_large_image\" \/>\n<meta name=\"twitter:site\" content=\"@sellerlogic\" \/>\n<meta name=\"twitter:label1\" content=\"Est. reading time\" \/>\n\t<meta name=\"twitter:data1\" content=\"1 minute\" \/>\n<script type=\"application\/ld+json\" class=\"yoast-schema-graph\">{\"@context\":\"https:\/\/schema.org\",\"@graph\":[{\"@type\":\"WebPage\",\"@id\":\"https:\/\/www.sellerlogic.com\/cs\/resources\/download-factsheet-repricer\/\",\"url\":\"https:\/\/www.sellerlogic.com\/cs\/resources\/download-factsheet-repricer\/\",\"name\":\"SELLERLOGIC - St\u00e1hnout faktick\u00fd list: SELLERLOGIC Repricer pro Amazon\",\"isPartOf\":{\"@id\":\"https:\/\/www.sellerlogic.com\/cs\/#website\"},\"primaryImageOfPage\":{\"@id\":\"https:\/\/www.sellerlogic.com\/cs\/resources\/download-factsheet-repricer\/#primaryimage\"},\"image\":{\"@id\":\"https:\/\/www.sellerlogic.com\/cs\/resources\/download-factsheet-repricer\/#primaryimage\"},\"thumbnailUrl\":\"https:\/\/d2bw95mh2ee04s.cloudfront.net\/prod\/content\/wp-content\/uploads\/2020\/12\/23140626\/blog-min.jpg\",\"datePublished\":\"2020-12-09T14:09:30+00:00\",\"description\":\"Kr\u00e1tce a stru\u010dn\u011b v\u0161e o SELLERLOGIC Repricer pro Amazon \u2013 Dynamick\u00e9, samou\u010d\u00edc\u00ed se ur\u010dov\u00e1n\u00ed cen pro v\u00edt\u011bzstv\u00ed v Buy Box.\",\"breadcrumb\":{\"@id\":\"https:\/\/www.sellerlogic.com\/cs\/resources\/download-factsheet-repricer\/#breadcrumb\"},\"inLanguage\":\"cs-CZ\",\"potentialAction\":[{\"@type\":\"ReadAction\",\"target\":[\"https:\/\/www.sellerlogic.com\/cs\/resources\/download-factsheet-repricer\/\"]}]},{\"@type\":\"ImageObject\",\"inLanguage\":\"cs-CZ\",\"@id\":\"https:\/\/www.sellerlogic.com\/cs\/resources\/download-factsheet-repricer\/#primaryimage\",\"url\":\"https:\/\/d2bw95mh2ee04s.cloudfront.net\/prod\/content\/wp-content\/uploads\/2020\/12\/23140626\/blog-min.jpg\",\"contentUrl\":\"https:\/\/d2bw95mh2ee04s.cloudfront.net\/prod\/content\/wp-content\/uploads\/2020\/12\/23140626\/blog-min.jpg\",\"width\":844,\"height\":302},{\"@type\":\"BreadcrumbList\",\"@id\":\"https:\/\/www.sellerlogic.com\/cs\/resources\/download-factsheet-repricer\/#breadcrumb\",\"itemListElement\":[{\"@type\":\"ListItem\",\"position\":1,\"name\":\"Home\",\"item\":\"https:\/\/www.sellerlogic.com\/cs\/\"},{\"@type\":\"ListItem\",\"position\":2,\"name\":\"Zdroje EN\",\"item\":\"https:\/\/www.sellerlogic.com\/cs\/resources\/\"},{\"@type\":\"ListItem\",\"position\":3,\"name\":\"St\u00e1hnout faktick\u00fd list Repricer\"}]},{\"@type\":\"WebSite\",\"@id\":\"https:\/\/www.sellerlogic.com\/cs\/#website\",\"url\":\"https:\/\/www.sellerlogic.com\/cs\/\",\"name\":\"SELLERLOGIC - Smarte Tools f\u00fcr Amazon-Seller\",\"description\":\"Intelligente Prozessoptimierung und Gewinnmaximierung\",\"publisher\":{\"@id\":\"https:\/\/www.sellerlogic.com\/cs\/#organization\"},\"potentialAction\":[{\"@type\":\"SearchAction\",\"target\":{\"@type\":\"EntryPoint\",\"urlTemplate\":\"https:\/\/www.sellerlogic.com\/cs\/?s={search_term_string}\"},\"query-input\":{\"@type\":\"PropertyValueSpecification\",\"valueRequired\":true,\"valueName\":\"search_term_string\"}}],\"inLanguage\":\"cs-CZ\"},{\"@type\":\"Organization\",\"@id\":\"https:\/\/www.sellerlogic.com\/cs\/#organization\",\"name\":\"SELLERLOGIC\",\"url\":\"https:\/\/www.sellerlogic.com\/cs\/\",\"logo\":{\"@type\":\"ImageObject\",\"inLanguage\":\"cs-CZ\",\"@id\":\"https:\/\/www.sellerlogic.com\/cs\/#\/schema\/logo\/image\/\",\"url\":\"https:\/\/d2bw95mh2ee04s.cloudfront.net\/prod\/content\/wp-content\/uploads\/2025\/01\/02134814\/Property-Logo-Main.svg\",\"contentUrl\":\"https:\/\/d2bw95mh2ee04s.cloudfront.net\/prod\/content\/wp-content\/uploads\/2025\/01\/02134814\/Property-Logo-Main.svg\",\"width\":184,\"height\":40,\"caption\":\"SELLERLOGIC\"},\"image\":{\"@id\":\"https:\/\/www.sellerlogic.com\/cs\/#\/schema\/logo\/image\/\"},\"sameAs\":[\"https:\/\/www.facebook.com\/SellerLogic\/\",\"https:\/\/x.com\/sellerlogic\",\"https:\/\/www.instagram.com\/sellerlogic\/\",\"https:\/\/www.linkedin.com\/company\/18402037\/\",\"https:\/\/www.youtube.com\/channel\/UC-gULUur-fNj08sprantKsQ\"]}]}<\/script>\n<!-- \/ Yoast SEO plugin. -->","yoast_head_json":{"title":"SELLERLOGIC - St\u00e1hnout faktick\u00fd list: SELLERLOGIC Repricer pro Amazon","description":"Kr\u00e1tce a stru\u010dn\u011b v\u0161e o SELLERLOGIC Repricer pro Amazon \u2013 Dynamick\u00e9, samou\u010d\u00edc\u00ed se ur\u010dov\u00e1n\u00ed cen pro v\u00edt\u011bzstv\u00ed v Buy Box.","robots":{"index":"index","follow":"follow","max-snippet":"max-snippet:-1","max-image-preview":"max-image-preview:large","max-video-preview":"max-video-preview:-1"},"canonical":"https:\/\/www.sellerlogic.com\/cs\/resources\/download-factsheet-repricer\/","og_locale":"cs_CZ","og_type":"article","og_title":"SELLERLOGIC - St\u00e1hnout faktick\u00fd list: SELLERLOGIC Repricer pro Amazon","og_description":"Kr\u00e1tce a stru\u010dn\u011b v\u0161e o SELLERLOGIC Repricer pro Amazon \u2013 Dynamick\u00e9, samou\u010d\u00edc\u00ed se ur\u010dov\u00e1n\u00ed cen pro v\u00edt\u011bzstv\u00ed v Buy Box.","og_url":"https:\/\/www.sellerlogic.com\/cs\/resources\/download-factsheet-repricer\/","og_site_name":"SELLERLOGIC - Smarte Tools f\u00fcr Amazon-Seller","article_publisher":"https:\/\/www.facebook.com\/SellerLogic\/","og_image":[{"width":844,"height":302,"url":"https:\/\/d2bw95mh2ee04s.cloudfront.net\/prod\/content\/wp-content\/uploads\/2020\/12\/23140626\/blog-min.jpg","type":"image\/jpeg"}],"twitter_card":"summary_large_image","twitter_site":"@sellerlogic","twitter_misc":{"Est. reading time":"1 minute"},"schema":{"@context":"https:\/\/schema.org","@graph":[{"@type":"WebPage","@id":"https:\/\/www.sellerlogic.com\/cs\/resources\/download-factsheet-repricer\/","url":"https:\/\/www.sellerlogic.com\/cs\/resources\/download-factsheet-repricer\/","name":"SELLERLOGIC - St\u00e1hnout faktick\u00fd list: SELLERLOGIC Repricer pro Amazon","isPartOf":{"@id":"https:\/\/www.sellerlogic.com\/cs\/#website"},"primaryImageOfPage":{"@id":"https:\/\/www.sellerlogic.com\/cs\/resources\/download-factsheet-repricer\/#primaryimage"},"image":{"@id":"https:\/\/www.sellerlogic.com\/cs\/resources\/download-factsheet-repricer\/#primaryimage"},"thumbnailUrl":"https:\/\/d2bw95mh2ee04s.cloudfront.net\/prod\/content\/wp-content\/uploads\/2020\/12\/23140626\/blog-min.jpg","datePublished":"2020-12-09T14:09:30+00:00","description":"Kr\u00e1tce a stru\u010dn\u011b v\u0161e o SELLERLOGIC Repricer pro Amazon \u2013 Dynamick\u00e9, samou\u010d\u00edc\u00ed se ur\u010dov\u00e1n\u00ed cen pro v\u00edt\u011bzstv\u00ed v Buy Box.","breadcrumb":{"@id":"https:\/\/www.sellerlogic.com\/cs\/resources\/download-factsheet-repricer\/#breadcrumb"},"inLanguage":"cs-CZ","potentialAction":[{"@type":"ReadAction","target":["https:\/\/www.sellerlogic.com\/cs\/resources\/download-factsheet-repricer\/"]}]},{"@type":"ImageObject","inLanguage":"cs-CZ","@id":"https:\/\/www.sellerlogic.com\/cs\/resources\/download-factsheet-repricer\/#primaryimage","url":"https:\/\/d2bw95mh2ee04s.cloudfront.net\/prod\/content\/wp-content\/uploads\/2020\/12\/23140626\/blog-min.jpg","contentUrl":"https:\/\/d2bw95mh2ee04s.cloudfront.net\/prod\/content\/wp-content\/uploads\/2020\/12\/23140626\/blog-min.jpg","width":844,"height":302},{"@type":"BreadcrumbList","@id":"https:\/\/www.sellerlogic.com\/cs\/resources\/download-factsheet-repricer\/#breadcrumb","itemListElement":[{"@type":"ListItem","position":1,"name":"Home","item":"https:\/\/www.sellerlogic.com\/cs\/"},{"@type":"ListItem","position":2,"name":"Zdroje EN","item":"https:\/\/www.sellerlogic.com\/cs\/resources\/"},{"@type":"ListItem","position":3,"name":"St\u00e1hnout faktick\u00fd list Repricer"}]},{"@type":"WebSite","@id":"https:\/\/www.sellerlogic.com\/cs\/#website","url":"https:\/\/www.sellerlogic.com\/cs\/","name":"SELLERLOGIC - Smarte Tools f\u00fcr Amazon-Seller","description":"Intelligente Prozessoptimierung und Gewinnmaximierung","publisher":{"@id":"https:\/\/www.sellerlogic.com\/cs\/#organization"},"potentialAction":[{"@type":"SearchAction","target":{"@type":"EntryPoint","urlTemplate":"https:\/\/www.sellerlogic.com\/cs\/?s={search_term_string}"},"query-input":{"@type":"PropertyValueSpecification","valueRequired":true,"valueName":"search_term_string"}}],"inLanguage":"cs-CZ"},{"@type":"Organization","@id":"https:\/\/www.sellerlogic.com\/cs\/#organization","name":"SELLERLOGIC","url":"https:\/\/www.sellerlogic.com\/cs\/","logo":{"@type":"ImageObject","inLanguage":"cs-CZ","@id":"https:\/\/www.sellerlogic.com\/cs\/#\/schema\/logo\/image\/","url":"https:\/\/d2bw95mh2ee04s.cloudfront.net\/prod\/content\/wp-content\/uploads\/2025\/01\/02134814\/Property-Logo-Main.svg","contentUrl":"https:\/\/d2bw95mh2ee04s.cloudfront.net\/prod\/content\/wp-content\/uploads\/2025\/01\/02134814\/Property-Logo-Main.svg","width":184,"height":40,"caption":"SELLERLOGIC"},"image":{"@id":"https:\/\/www.sellerlogic.com\/cs\/#\/schema\/logo\/image\/"},"sameAs":["https:\/\/www.facebook.com\/SellerLogic\/","https:\/\/x.com\/sellerlogic","https:\/\/www.instagram.com\/sellerlogic\/","https:\/\/www.linkedin.com\/company\/18402037\/","https:\/\/www.youtube.com\/channel\/UC-gULUur-fNj08sprantKsQ"]}]}},"_links":{"self":[{"href":"https:\/\/www.sellerlogic.com\/cs\/wp-json\/wp\/v2\/pages\/108945","targetHints":{"allow":["GET"]}}],"collection":[{"href":"https:\/\/www.sellerlogic.com\/cs\/wp-json\/wp\/v2\/pages"}],"about":[{"href":"https:\/\/www.sellerlogic.com\/cs\/wp-json\/wp\/v2\/types\/page"}],"author":[{"embeddable":true,"href":"https:\/\/www.sellerlogic.com\/cs\/wp-json\/wp\/v2\/users\/8"}],"replies":[{"embeddable":true,"href":"https:\/\/www.sellerlogic.com\/cs\/wp-json\/wp\/v2\/comments?post=108945"}],"version-history":[{"count":0,"href":"https:\/\/www.sellerlogic.com\/cs\/wp-json\/wp\/v2\/pages\/108945\/revisions"}],"up":[{"embeddable":true,"href":"https:\/\/www.sellerlogic.com\/cs\/wp-json\/wp\/v2\/pages\/109215"}],"wp:featuredmedia":[{"embeddable":true,"href":"https:\/\/www.sellerlogic.com\/cs\/wp-json\/wp\/v2\/media\/4489"}],"wp:attachment":[{"href":"https:\/\/www.sellerlogic.com\/cs\/wp-json\/wp\/v2\/media?parent=108945"}],"curies":[{"name":"wp","href":"https:\/\/api.w.org\/{rel}","templated":true}]}}