
{"id":109209,"date":"2021-01-05T16:03:47","date_gmt":"2021-01-05T16:03:47","guid":{"rendered":"https:\/\/127.0.0.1\/resources\/wb-en-202001\/"},"modified":"2021-01-05T16:03:47","modified_gmt":"2021-01-05T16:03:47","slug":"wb-en-202001","status":"publish","type":"page","link":"https:\/\/www.sellerlogic.com\/cs\/resources\/wb-en-202001\/","title":{"rendered":"Workbook 6 FBA-Tipps EN"},"content":{"rendered":"\n\t<div  class=\"theme-wp-block theme-block-main-header is-style-default gb-responsive-748093-identifier desktop-content-align-y-center xl-content-align-y-center lg-content-align-y-center md-content-align-y-center sm-content-align-y-center desktop-content-align-x-center xl-content-align-x-center lg-content-align-x-center md-content-align-x-center sm-content-align-x-center theme-block-cover\">\n\t\t<div class=\"bg-cover theme-lazy-load-bg\"><\/div>\n\t\t<div class=\"wrap-content-main-header\">\n\t\t\t\t\t<div  class=\"theme-wp-block theme-block-text-and-text desktop-blockDirection-column xl-blockDirection-column lg-blockDirection-column md-blockDirection-column sm-blockDirection-column desktop-vertical-center xl-vertical-center lg-vertical-center md-vertical-center sm-vertical-center desktop-align-wide xl-align-wide lg-align-wide md-align-wide sm-align-wide is-style-default gb-responsive-4434-identifier\">\n\t\t<div class=\"tat-column-wrap-wrapper\">\n\t\t\t<div class=\"tat-column-wrapper\">\n\t\t\t\t\t<div  class=\"theme-wp-block theme-block-text-and-text-column desktop-horizontal-center xl-horizontal-center lg-horizontal-center md-horizontal-center sm-horizontal-center gb-responsive-528051-identifier\">\n\t\t<div class=\"inner-wrap-column-content\">\n\t\t\t<div class=\"inner-column-content\">\n\t\t\t\t<div class=\"theme-block-group-wrap\"><div class=\"theme-wp-block wp-block-group gb-responsive-653977-identifier has-background\" style=\"background:linear-gradient(19deg,rgba(245,247,250,0.65) 44%,rgba(255,255,255,0.65) 100%)\"><div class=\"wp-block-group__inner-container is-layout-flow wp-block-group-is-layout-flow\">\t\t<h1  class=\"theme-wp-block theme-block-heading is-style-default desktop-text-center xl-text-center lg-text-center md-text-center sm-text-center gb-responsive-120765-identifier h1\">\n\t\t6 tip\u016f pro prodejce FBA\t<\/h1>\n\n\t\t<h2  class=\"theme-wp-block theme-block-heading is-style-default desktop-text-center xl-text-center lg-text-center md-text-center sm-text-center gb-responsive-727744-identifier h2\">\n\t\tJak \u00fasp\u011b\u0161n\u011b prod\u00e1vat na Amazonu!\t<\/h2>\n\n<\/div><\/div><\/div>\t\t\t<\/div>\n\t\t<\/div>\n\t<\/div>\n\t<div  class=\"theme-wp-block theme-block-text-and-text-column gb-responsive-958875-identifier\">\n\t\t<div class=\"inner-wrap-column-content\">\n\t\t\t<div class=\"inner-column-content\">\n\t\t\t\t\t\t\t<\/div>\n\t\t<\/div>\n\t<\/div>\n\t\t\t<\/div>\n\t\t<\/div>\n\t<\/div>\n\n\t\t<\/div>\n\t<\/div>\n\n<div style=\"height:50px\" aria-hidden=\"true\" class=\"theme-wp-block wp-block-spacer\"><\/div><div class=\"theme-wp-block wp-block-columns gb-responsive-794599-identifier is-layout-flex wp-container-core-columns-is-layout-9d6595d7 wp-block-columns-is-layout-flex\"><div class=\"theme-wp-block wp-block-column gb-responsive-745006-identifier is-layout-flow wp-block-column-is-layout-flow\"><h3 class=\"theme-wp-block gb-responsive-499688-identifier wp-block-heading\">Nechte svou konkurenci za sebou &#8230;<\/h3><div class=\"theme-wp-block wp-block-image gb-responsive-606236-identifier\"><figure class=\"alignright size-large is-resized\"><img decoding=\"async\" src=\"https:\/\/d2bw95mh2ee04s.cloudfront.net\/prod\/content\/wp-content\/uploads\/2021\/01\/23142708\/six-tips-fba-sellers-workbook.png\" alt=\"Zde je \u0161est tip\u016f pro prodejce FBA v jednom pracovn\u00edm se\u0161it\u011b!\" class=\"wp-image-6077\" width=\"320\" height=\"349\" srcset=\"https:\/\/d2bw95mh2ee04s.cloudfront.net\/prod\/content\/wp-content\/uploads\/2021\/01\/23142708\/six-tips-fba-sellers-workbook-407x443.png 407w, https:\/\/d2bw95mh2ee04s.cloudfront.net\/prod\/content\/wp-content\/uploads\/2021\/01\/23142708\/six-tips-fba-sellers-workbook.png 738w\" sizes=\"(max-width: 320px) 100vw, 320px\" \/><\/figure><\/div><p class=\"theme-wp-block gb-responsive-838421-identifier\" style=\"line-height:1.5\">&#8230; Proto\u017ee p\u0159ece jen, prod\u00e1vat na Amazonu nen\u00ed p\u0159esn\u011b raketov\u00e1 v\u011bda. Nejen\u017ee v\u00e1m uk\u00e1\u017eeme, jak\u00e9 v\u00fdhody m\u00e1 logistick\u00fd program Amazonu &#8220;Fulfillment by Amazon&#8221; pro va\u0161e podnik\u00e1n\u00ed, ale tak\u00e9 jak p\u0159ipravit va\u0161e str\u00e1nky s detaily produkt\u016f pomoc\u00ed SEO, kter\u00e9 je specificky p\u0159izp\u016fsobeno Amazonu!<\/p><p class=\"theme-wp-block gb-responsive-909901-identifier\">Z\u00edsk\u00e1n\u00ed Buy Box je tak\u00e9 d\u016fle\u017eit\u00fdm faktorem na va\u0161\u00ed cest\u011b na vrchol. V\u00edte, kter\u00e1 krit\u00e9ria jsou z\u00e1sadn\u00ed pro jeho z\u00edsk\u00e1n\u00ed? N\u00e1\u0161 pracovn\u00ed se\u0161it v\u00e1m to \u0159ekne!<\/p><p class=\"theme-wp-block gb-responsive-679601-identifier\"><strong>St\u00e1hn\u011bte si n\u00e1\u0161 bezplatn\u00fd pracovn\u00ed se\u0161it &#8220;6 tip\u016f pro prodejce FBA&#8221; nyn\u00ed a nenechte si uj\u00edt \u017e\u00e1dn\u00e9 d\u016fle\u017eit\u00e9 informace p\u0159edt\u00edm, ne\u017e za\u010dnete svou cestu!<\/strong><\/p><div id=\"wb-form\" class=\"theme-wp-block wb-form\"><form id=\"leadform\" action=\"#\" method=\"post\"><label>Jm\u00e9no a p\u0159\u00edjmen\u00ed<sup style=\"color: rgb(255, 0, 0);\">*<\/sup><\/label><br> <input type=\"text\" placeholder=\"Jm\u00e9no a p\u0159\u00edjmen\u00ed\" name=\"first-name\" id=\"first-name\" required=\"required\" style=\"padding: 10px; font-size: 18px; width: 100%; margin-bottom: 15px; color: rgb(88, 88, 88);\"><br> <label>Emailov\u00e1 adresa<sup style=\"color: rgb(255, 0, 0);\">*<\/sup><\/label><br> <input type=\"email\" required=\"required\" placeholder=\"Emailov\u00e1 adresa\" name=\"email\" id=\"email\" style=\"padding: 10px; font-size: 18px; width: 100%; margin-bottom: 15px; color: rgb(88, 88, 88);\"><br> <label>Telefon<sup style=\"color: rgb(255, 0, 0);\">*<\/sup> <span style=\"font-size: 12px;\">(Pros\u00edm, uve\u010fte k\u00f3d zem\u011b)<\/span><\/label><br> <input type=\"number\" required=\"required\" placeholder=\"Telefon\" name=\"telephone\" id=\"telephone\" style=\"padding: 10px; font-size: 18px; width: 100%; margin-bottom: 15px; color: rgb(88, 88, 88);\"><br> <label>URL obchodu Amazon<sup style=\"color: rgb(255, 0, 0);\">*<\/sup><\/label><br> <input type=\"text\" required=\"required\" placeholder=\"Webov\u00e1 str\u00e1nka\" name=\"website\" id=\"website\" style=\"padding: 10px; font-size: 18px; width: 100%; margin-bottom: 15px; color: rgb(88, 88, 88);\"><br><label>Po\u010det SKU<\/label><br> <input type=\"text\" placeholder=\"Po\u010det SKU\" name=\"sku_count\" id=\"sku_count\" style=\"padding: 10px; font-size: 18px; width: 100%; margin-bottom: 15px; color: rgb(88, 88, 88);\"><br><input type=\"submit\" value=\"Objednejte si pracovn\u00ed se\u0161it nyn\u00ed!\" id=\"submit\" style=\"padding: 10px; font-size: 18px; width: 100%; margin-bottom: 15px; color: rgb(255, 255, 255); background-color: rgb(255, 170, 1); cursor: pointer;\"> <p style=\"margin-bottom: 10px; font-size: 12px;\">Zpracov\u00e1n\u00ed \u00fadaj\u016f prob\u00edh\u00e1 podle na\u0161ich <a href=\"https:\/\/www.sellerlogic.com\/en\/privacy-policy\/\" target=\"_blank\" draggable=\"false\" rel=\"noopener noreferrer\">z\u00e1sad ochrany osobn\u00edch \u00fadaj\u016f<\/a>.<\/p><\/form><\/div><\/div><div class=\"theme-wp-block wp-block-column gb-responsive-795940-identifier is-layout-flow wp-block-column-is-layout-flow\" style=\"flex-basis:25%\"><\/div><\/div><div class=\"theme-wp-block wp-block-columns gb-responsive-311266-identifier is-layout-flex wp-container-core-columns-is-layout-9d6595d7 wp-block-columns-is-layout-flex\"><div class=\"theme-wp-block wp-block-column gb-responsive-543079-identifier is-layout-flow wp-block-column-is-layout-flow\"><h3 class=\"theme-wp-block gb-responsive-330478-identifier wp-block-heading\">\u00a0<\/h3><\/div><\/div><div class=\"theme-wp-block wp-block-columns gb-responsive-483071-identifier is-layout-flex wp-container-core-columns-is-layout-9d6595d7 wp-block-columns-is-layout-flex\"><div class=\"theme-wp-block wp-block-column gb-responsive-321787-identifier is-layout-flow wp-block-column-is-layout-flow\"><div class=\"theme-wp-block wp-block-columns gb-responsive-295103-identifier is-layout-flex wp-container-core-columns-is-layout-9d6595d7 wp-block-columns-is-layout-flex\"><div class=\"theme-wp-block wp-block-column gb-responsive-736519-identifier is-layout-flow wp-block-column-is-layout-flow\"><\/div><\/div><\/div><div class=\"theme-wp-block wp-block-column gb-responsive-606172-identifier is-layout-flow wp-block-column-is-layout-flow\" style=\"flex-basis:25%\"><\/div><\/div><p class=\"theme-wp-block gb-responsive-395798-identifier\"><\/p>","protected":false},"excerpt":{"rendered":"<p>Nechte svou konkurenci za sebou &#8230; &#8230; Proto\u017ee p\u0159ece jen, prod\u00e1vat na Amazonu nen\u00ed p\u0159esn\u011b raketov\u00e1 v\u011bda. Nejen\u017ee v\u00e1m uk\u00e1\u017eeme, jak\u00e9 v\u00fdhody m\u00e1 logistick\u00fd program Amazonu &#8220;Fulfillment by Amazon&#8221; pro va\u0161e podnik\u00e1n\u00ed, ale tak\u00e9 jak p\u0159ipravit va\u0161e str\u00e1nky s detaily produkt\u016f pomoc\u00ed SEO, kter\u00e9 je specificky p\u0159izp\u016fsobeno Amazonu! Z\u00edsk\u00e1n\u00ed Buy Box je tak\u00e9 d\u016fle\u017eit\u00fdm faktorem<\/p>\n","protected":false},"author":6,"featured_media":0,"parent":109215,"menu_order":0,"comment_status":"closed","ping_status":"closed","template":"","meta":{"sidebar_recommended_resources":{"data":[]},"sidebar_header_settings":{"hide_buttons":{"register":false}},"_use_new_theme":false,"inline_featured_image":false,"footnotes":""},"class_list":["post-109209","page","type-page","status-publish","hentry"],"yoast_head":"<!-- This site is optimized with the Yoast SEO plugin v26.8 - https:\/\/yoast.com\/product\/yoast-seo-wordpress\/ -->\n<title>St\u00e1hn\u011bte si zdarma: 6 nejlep\u0161\u00edch tip\u016f pro prodejce FBA!<\/title>\n<meta name=\"description\" content=\"\u00dasp\u011bch na Amazonu nep\u0159ich\u00e1z\u00ed s\u00e1m od sebe! Ale s t\u011bmito 6 tipy je cesta na vrchol va\u0161\u00ed e-commerce cesty o n\u011bco snaz\u0161\u00ed. P\u0159e\u010dt\u011bte si nyn\u00ed!\" \/>\n<meta name=\"robots\" content=\"index, follow, max-snippet:-1, max-image-preview:large, max-video-preview:-1\" \/>\n<link rel=\"canonical\" href=\"https:\/\/www.sellerlogic.com\/cs\/resources\/wb-en-202001\/\" \/>\n<meta property=\"og:locale\" content=\"cs_CZ\" \/>\n<meta property=\"og:type\" content=\"article\" \/>\n<meta property=\"og:title\" content=\"St\u00e1hn\u011bte si zdarma: 6 nejlep\u0161\u00edch tip\u016f pro prodejce FBA!\" \/>\n<meta property=\"og:description\" content=\"\u00dasp\u011bch na Amazonu nep\u0159ich\u00e1z\u00ed s\u00e1m od sebe! Ale s t\u011bmito 6 tipy je cesta na vrchol va\u0161\u00ed e-commerce cesty o n\u011bco snaz\u0161\u00ed. P\u0159e\u010dt\u011bte si nyn\u00ed!\" \/>\n<meta property=\"og:url\" content=\"https:\/\/www.sellerlogic.com\/cs\/resources\/wb-en-202001\/\" \/>\n<meta property=\"og:site_name\" content=\"SELLERLOGIC - Smarte Tools f\u00fcr Amazon-Seller\" \/>\n<meta property=\"article:publisher\" content=\"https:\/\/www.facebook.com\/SellerLogic\/\" \/>\n<meta property=\"og:image\" content=\"https:\/\/www.sellerlogic.com\/wp-content\/uploads\/2021\/01\/six-tips-fba-sellers-workbook.png\" \/>\n<meta name=\"twitter:card\" content=\"summary_large_image\" \/>\n<meta name=\"twitter:site\" content=\"@sellerlogic\" \/>\n<meta name=\"twitter:label1\" content=\"Est. reading time\" \/>\n\t<meta name=\"twitter:data1\" content=\"1 minute\" \/>\n<script type=\"application\/ld+json\" class=\"yoast-schema-graph\">{\"@context\":\"https:\/\/schema.org\",\"@graph\":[{\"@type\":\"WebPage\",\"@id\":\"https:\/\/www.sellerlogic.com\/cs\/resources\/wb-en-202001\/\",\"url\":\"https:\/\/www.sellerlogic.com\/cs\/resources\/wb-en-202001\/\",\"name\":\"St\u00e1hn\u011bte si zdarma: 6 nejlep\u0161\u00edch tip\u016f pro prodejce FBA!\",\"isPartOf\":{\"@id\":\"https:\/\/www.sellerlogic.com\/cs\/#website\"},\"primaryImageOfPage\":{\"@id\":\"https:\/\/www.sellerlogic.com\/cs\/resources\/wb-en-202001\/#primaryimage\"},\"image\":{\"@id\":\"https:\/\/www.sellerlogic.com\/cs\/resources\/wb-en-202001\/#primaryimage\"},\"thumbnailUrl\":\"https:\/\/www.sellerlogic.com\/wp-content\/uploads\/2021\/01\/six-tips-fba-sellers-workbook.png\",\"datePublished\":\"2021-01-05T16:03:47+00:00\",\"description\":\"\u00dasp\u011bch na Amazonu nep\u0159ich\u00e1z\u00ed s\u00e1m od sebe! Ale s t\u011bmito 6 tipy je cesta na vrchol va\u0161\u00ed e-commerce cesty o n\u011bco snaz\u0161\u00ed. P\u0159e\u010dt\u011bte si nyn\u00ed!\",\"breadcrumb\":{\"@id\":\"https:\/\/www.sellerlogic.com\/cs\/resources\/wb-en-202001\/#breadcrumb\"},\"inLanguage\":\"cs-CZ\",\"potentialAction\":[{\"@type\":\"ReadAction\",\"target\":[\"https:\/\/www.sellerlogic.com\/cs\/resources\/wb-en-202001\/\"]}]},{\"@type\":\"ImageObject\",\"inLanguage\":\"cs-CZ\",\"@id\":\"https:\/\/www.sellerlogic.com\/cs\/resources\/wb-en-202001\/#primaryimage\",\"url\":\"https:\/\/www.sellerlogic.com\/wp-content\/uploads\/2021\/01\/six-tips-fba-sellers-workbook.png\",\"contentUrl\":\"https:\/\/www.sellerlogic.com\/wp-content\/uploads\/2021\/01\/six-tips-fba-sellers-workbook.png\"},{\"@type\":\"BreadcrumbList\",\"@id\":\"https:\/\/www.sellerlogic.com\/cs\/resources\/wb-en-202001\/#breadcrumb\",\"itemListElement\":[{\"@type\":\"ListItem\",\"position\":1,\"name\":\"Home\",\"item\":\"https:\/\/www.sellerlogic.com\/cs\/\"},{\"@type\":\"ListItem\",\"position\":2,\"name\":\"Zdroje EN\",\"item\":\"https:\/\/www.sellerlogic.com\/cs\/resources\/\"},{\"@type\":\"ListItem\",\"position\":3,\"name\":\"Workbook 6 FBA-Tipps EN\"}]},{\"@type\":\"WebSite\",\"@id\":\"https:\/\/www.sellerlogic.com\/cs\/#website\",\"url\":\"https:\/\/www.sellerlogic.com\/cs\/\",\"name\":\"SELLERLOGIC - Smarte Tools f\u00fcr Amazon-Seller\",\"description\":\"Intelligente Prozessoptimierung und Gewinnmaximierung\",\"publisher\":{\"@id\":\"https:\/\/www.sellerlogic.com\/cs\/#organization\"},\"potentialAction\":[{\"@type\":\"SearchAction\",\"target\":{\"@type\":\"EntryPoint\",\"urlTemplate\":\"https:\/\/www.sellerlogic.com\/cs\/?s={search_term_string}\"},\"query-input\":{\"@type\":\"PropertyValueSpecification\",\"valueRequired\":true,\"valueName\":\"search_term_string\"}}],\"inLanguage\":\"cs-CZ\"},{\"@type\":\"Organization\",\"@id\":\"https:\/\/www.sellerlogic.com\/cs\/#organization\",\"name\":\"SELLERLOGIC\",\"url\":\"https:\/\/www.sellerlogic.com\/cs\/\",\"logo\":{\"@type\":\"ImageObject\",\"inLanguage\":\"cs-CZ\",\"@id\":\"https:\/\/www.sellerlogic.com\/cs\/#\/schema\/logo\/image\/\",\"url\":\"https:\/\/d2bw95mh2ee04s.cloudfront.net\/prod\/content\/wp-content\/uploads\/2025\/01\/02134814\/Property-Logo-Main.svg\",\"contentUrl\":\"https:\/\/d2bw95mh2ee04s.cloudfront.net\/prod\/content\/wp-content\/uploads\/2025\/01\/02134814\/Property-Logo-Main.svg\",\"width\":184,\"height\":40,\"caption\":\"SELLERLOGIC\"},\"image\":{\"@id\":\"https:\/\/www.sellerlogic.com\/cs\/#\/schema\/logo\/image\/\"},\"sameAs\":[\"https:\/\/www.facebook.com\/SellerLogic\/\",\"https:\/\/x.com\/sellerlogic\",\"https:\/\/www.instagram.com\/sellerlogic\/\",\"https:\/\/www.linkedin.com\/company\/18402037\/\",\"https:\/\/www.youtube.com\/channel\/UC-gULUur-fNj08sprantKsQ\"]}]}<\/script>\n<!-- \/ Yoast SEO plugin. -->","yoast_head_json":{"title":"St\u00e1hn\u011bte si zdarma: 6 nejlep\u0161\u00edch tip\u016f pro prodejce FBA!","description":"\u00dasp\u011bch na Amazonu nep\u0159ich\u00e1z\u00ed s\u00e1m od sebe! Ale s t\u011bmito 6 tipy je cesta na vrchol va\u0161\u00ed e-commerce cesty o n\u011bco snaz\u0161\u00ed. P\u0159e\u010dt\u011bte si nyn\u00ed!","robots":{"index":"index","follow":"follow","max-snippet":"max-snippet:-1","max-image-preview":"max-image-preview:large","max-video-preview":"max-video-preview:-1"},"canonical":"https:\/\/www.sellerlogic.com\/cs\/resources\/wb-en-202001\/","og_locale":"cs_CZ","og_type":"article","og_title":"St\u00e1hn\u011bte si zdarma: 6 nejlep\u0161\u00edch tip\u016f pro prodejce FBA!","og_description":"\u00dasp\u011bch na Amazonu nep\u0159ich\u00e1z\u00ed s\u00e1m od sebe! Ale s t\u011bmito 6 tipy je cesta na vrchol va\u0161\u00ed e-commerce cesty o n\u011bco snaz\u0161\u00ed. P\u0159e\u010dt\u011bte si nyn\u00ed!","og_url":"https:\/\/www.sellerlogic.com\/cs\/resources\/wb-en-202001\/","og_site_name":"SELLERLOGIC - Smarte Tools f\u00fcr Amazon-Seller","article_publisher":"https:\/\/www.facebook.com\/SellerLogic\/","og_image":[{"url":"https:\/\/www.sellerlogic.com\/wp-content\/uploads\/2021\/01\/six-tips-fba-sellers-workbook.png","type":"","width":"","height":""}],"twitter_card":"summary_large_image","twitter_site":"@sellerlogic","twitter_misc":{"Est. reading time":"1 minute"},"schema":{"@context":"https:\/\/schema.org","@graph":[{"@type":"WebPage","@id":"https:\/\/www.sellerlogic.com\/cs\/resources\/wb-en-202001\/","url":"https:\/\/www.sellerlogic.com\/cs\/resources\/wb-en-202001\/","name":"St\u00e1hn\u011bte si zdarma: 6 nejlep\u0161\u00edch tip\u016f pro prodejce FBA!","isPartOf":{"@id":"https:\/\/www.sellerlogic.com\/cs\/#website"},"primaryImageOfPage":{"@id":"https:\/\/www.sellerlogic.com\/cs\/resources\/wb-en-202001\/#primaryimage"},"image":{"@id":"https:\/\/www.sellerlogic.com\/cs\/resources\/wb-en-202001\/#primaryimage"},"thumbnailUrl":"https:\/\/www.sellerlogic.com\/wp-content\/uploads\/2021\/01\/six-tips-fba-sellers-workbook.png","datePublished":"2021-01-05T16:03:47+00:00","description":"\u00dasp\u011bch na Amazonu nep\u0159ich\u00e1z\u00ed s\u00e1m od sebe! Ale s t\u011bmito 6 tipy je cesta na vrchol va\u0161\u00ed e-commerce cesty o n\u011bco snaz\u0161\u00ed. P\u0159e\u010dt\u011bte si nyn\u00ed!","breadcrumb":{"@id":"https:\/\/www.sellerlogic.com\/cs\/resources\/wb-en-202001\/#breadcrumb"},"inLanguage":"cs-CZ","potentialAction":[{"@type":"ReadAction","target":["https:\/\/www.sellerlogic.com\/cs\/resources\/wb-en-202001\/"]}]},{"@type":"ImageObject","inLanguage":"cs-CZ","@id":"https:\/\/www.sellerlogic.com\/cs\/resources\/wb-en-202001\/#primaryimage","url":"https:\/\/www.sellerlogic.com\/wp-content\/uploads\/2021\/01\/six-tips-fba-sellers-workbook.png","contentUrl":"https:\/\/www.sellerlogic.com\/wp-content\/uploads\/2021\/01\/six-tips-fba-sellers-workbook.png"},{"@type":"BreadcrumbList","@id":"https:\/\/www.sellerlogic.com\/cs\/resources\/wb-en-202001\/#breadcrumb","itemListElement":[{"@type":"ListItem","position":1,"name":"Home","item":"https:\/\/www.sellerlogic.com\/cs\/"},{"@type":"ListItem","position":2,"name":"Zdroje EN","item":"https:\/\/www.sellerlogic.com\/cs\/resources\/"},{"@type":"ListItem","position":3,"name":"Workbook 6 FBA-Tipps EN"}]},{"@type":"WebSite","@id":"https:\/\/www.sellerlogic.com\/cs\/#website","url":"https:\/\/www.sellerlogic.com\/cs\/","name":"SELLERLOGIC - Smarte Tools f\u00fcr Amazon-Seller","description":"Intelligente Prozessoptimierung und Gewinnmaximierung","publisher":{"@id":"https:\/\/www.sellerlogic.com\/cs\/#organization"},"potentialAction":[{"@type":"SearchAction","target":{"@type":"EntryPoint","urlTemplate":"https:\/\/www.sellerlogic.com\/cs\/?s={search_term_string}"},"query-input":{"@type":"PropertyValueSpecification","valueRequired":true,"valueName":"search_term_string"}}],"inLanguage":"cs-CZ"},{"@type":"Organization","@id":"https:\/\/www.sellerlogic.com\/cs\/#organization","name":"SELLERLOGIC","url":"https:\/\/www.sellerlogic.com\/cs\/","logo":{"@type":"ImageObject","inLanguage":"cs-CZ","@id":"https:\/\/www.sellerlogic.com\/cs\/#\/schema\/logo\/image\/","url":"https:\/\/d2bw95mh2ee04s.cloudfront.net\/prod\/content\/wp-content\/uploads\/2025\/01\/02134814\/Property-Logo-Main.svg","contentUrl":"https:\/\/d2bw95mh2ee04s.cloudfront.net\/prod\/content\/wp-content\/uploads\/2025\/01\/02134814\/Property-Logo-Main.svg","width":184,"height":40,"caption":"SELLERLOGIC"},"image":{"@id":"https:\/\/www.sellerlogic.com\/cs\/#\/schema\/logo\/image\/"},"sameAs":["https:\/\/www.facebook.com\/SellerLogic\/","https:\/\/x.com\/sellerlogic","https:\/\/www.instagram.com\/sellerlogic\/","https:\/\/www.linkedin.com\/company\/18402037\/","https:\/\/www.youtube.com\/channel\/UC-gULUur-fNj08sprantKsQ"]}]}},"_links":{"self":[{"href":"https:\/\/www.sellerlogic.com\/cs\/wp-json\/wp\/v2\/pages\/109209","targetHints":{"allow":["GET"]}}],"collection":[{"href":"https:\/\/www.sellerlogic.com\/cs\/wp-json\/wp\/v2\/pages"}],"about":[{"href":"https:\/\/www.sellerlogic.com\/cs\/wp-json\/wp\/v2\/types\/page"}],"author":[{"embeddable":true,"href":"https:\/\/www.sellerlogic.com\/cs\/wp-json\/wp\/v2\/users\/6"}],"replies":[{"embeddable":true,"href":"https:\/\/www.sellerlogic.com\/cs\/wp-json\/wp\/v2\/comments?post=109209"}],"version-history":[{"count":0,"href":"https:\/\/www.sellerlogic.com\/cs\/wp-json\/wp\/v2\/pages\/109209\/revisions"}],"up":[{"embeddable":true,"href":"https:\/\/www.sellerlogic.com\/cs\/wp-json\/wp\/v2\/pages\/109215"}],"wp:attachment":[{"href":"https:\/\/www.sellerlogic.com\/cs\/wp-json\/wp\/v2\/media?parent=109209"}],"curies":[{"name":"wp","href":"https:\/\/api.w.org\/{rel}","templated":true}]}}