
{"id":109299,"date":"2020-12-18T10:57:32","date_gmt":"2020-12-18T10:57:32","guid":{"rendered":"https:\/\/127.0.0.1\/resources\/success-story-sport-hesse\/"},"modified":"2020-12-18T10:57:32","modified_gmt":"2020-12-18T10:57:32","slug":"success-story-sport-hesse","status":"publish","type":"page","link":"https:\/\/www.sellerlogic.com\/cs\/resources\/success-story-sport-hesse\/","title":{"rendered":"P\u0159\u00edb\u011bh \u00fasp\u011bchu: Sport Hesse EN"},"content":{"rendered":"\n\t<div  class=\"theme-wp-block theme-block-main-header is-style-full-height desktop-align-full xl-align-full lg-align-full md-align-full sm-align-full desktop-content-align-y-center desktop-content-align-x-center xl-content-align-y-center xl-content-align-x-center lg-content-align-y-center lg-content-align-x-center md-content-align-y-center md-content-align-x-center sm-content-align-y-center sm-content-align-x-center gb-responsive-131969-identifier theme-block-cover\">\n\t\t<div class=\"bg-cover theme-lazy-load-bg\"><\/div>\n\t\t<div class=\"wrap-content-main-header\">\n\t\t\t\t\t<div  class=\"theme-wp-block theme-block-text-and-text desktop-blockDirection-row xl-blockDirection-row lg-blockDirection-row md-blockDirection-row sm-blockDirection-row gb-responsive-2306-identifier desktop-align-full xl-align-full lg-align-full md-align-full sm-align-full desktop-vertical-top xl-vertical-top lg-vertical-top md-vertical-top sm-vertical-top alignfull\">\n\t\t<div class=\"tat-column-wrap-wrapper\">\n\t\t\t<div class=\"tat-column-wrapper\">\n\t\t\t\t\t<div  class=\"theme-wp-block theme-block-text-and-text-column gb-responsive-708373-identifier\">\n\t\t<div class=\"inner-wrap-column-content\">\n\t\t\t<div class=\"inner-column-content\">\n\t\t\t\t\t\t<h1  class=\"theme-wp-block theme-block-heading is-style-default desktop-text-center xl-text-center lg-text-center md-text-center sm-text-center desktop-align-wide xl-align-wide lg-align-wide md-align-wide sm-align-wide gb-responsive-599464-identifier alignwide h1 has-text-align\">\n\t\tV\u00edt\u011bzstv\u00ed prost\u0159ednictv\u00edm personalizovan\u00e9 odbornosti\t<\/h1>\n\n\t\t<h2  class=\"theme-wp-block theme-block-heading is-style-default desktop-text-center xl-text-center lg-text-center md-text-center sm-text-center desktop-align-wide xl-align-wide lg-align-wide md-align-wide sm-align-wide gb-responsive-17576-identifier alignwide h2 has-text-align\">\n\t\tSport-Hesse &amp; SELLERLOGIC\t<\/h2>\n\n\t\t\t<\/div>\n\t\t<\/div>\n\t<\/div>\n\t<div  class=\"theme-wp-block theme-block-text-and-text-column gb-responsive-976923-identifier\">\n\t\t<div class=\"inner-wrap-column-content\">\n\t\t\t<div class=\"inner-column-content\">\n\t\t\t\t\t\t\t<\/div>\n\t\t<\/div>\n\t<\/div>\n\t\t\t<\/div>\n\t\t<\/div>\n\t<\/div>\n\n\t\t<\/div>\n\t<\/div>\n\n<div style=\"height:50px\" aria-hidden=\"true\" class=\"theme-wp-block wp-block-spacer\"><\/div><div class=\"theme-wp-block wp-block-columns gb-responsive-759712-identifier is-layout-flex wp-container-core-columns-is-layout-9d6595d7 wp-block-columns-is-layout-flex\"><div class=\"theme-wp-block wp-block-column gb-responsive-24590-identifier is-layout-flow wp-block-column-is-layout-flow\" style=\"flex-basis:25%\"><figure class=\"theme-wp-block wp-block-image size-large is-resized gb-responsive-62921-identifier\"><img decoding=\"async\" width=\"500\" height=\"357\" src=\"https:\/\/d2bw95mh2ee04s.cloudfront.net\/prod\/content\/wp-content\/uploads\/2020\/12\/23142723\/logo-sport-hesse.png\" alt=\"P\u0159\u00edb\u011bh \u00fasp\u011bchu: Sport Hesse EN\" class=\"wp-image-4836\" style=\"width:176px;height:125px\" srcset=\"https:\/\/d2bw95mh2ee04s.cloudfront.net\/prod\/content\/wp-content\/uploads\/2020\/12\/23142723\/logo-sport-hesse-407x291.png 407w, https:\/\/d2bw95mh2ee04s.cloudfront.net\/prod\/content\/wp-content\/uploads\/2020\/12\/23142723\/logo-sport-hesse.png 500w\" sizes=\"(max-width: 500px) 100vw, 500px\" \/><\/figure><p class=\"theme-wp-block gb-responsive-160011-identifier\"><strong>Zakl\u00e1d\u00e1n\u00ed:<\/strong><br>1984<\/p><p class=\"theme-wp-block gb-responsive-297884-identifier\"><strong>Odv\u011btv\u00ed:<\/strong><br>Sportovn\u00ed vybaven\u00ed, t\u00fdmov\u00e9 sporty, sportovn\u00ed zna\u010dky<\/p><p class=\"theme-wp-block gb-responsive-938889-identifier\"><strong>Polo\u017eky na Amazonu:\u00a0<\/strong><br>p\u0159ibli\u017en\u011b 6.000 SKUs<\/p><p class=\"theme-wp-block gb-responsive-337749-identifier\"><strong>Odesl\u00e1n\u00ed:<\/strong><br>p\u0159ibli\u017en\u011b 30.000 za m\u011bs\u00edc<\/p><\/div><div class=\"theme-wp-block wp-block-column gb-responsive-542944-identifier is-layout-flow wp-block-column-is-layout-flow\" style=\"flex-basis:50%\"><h3 class=\"theme-wp-block wp-block-heading gb-responsive-34353-identifier\" id=\"block-c06fce04-ef87-4ffc-a3d6-b768ba377d17\">Pozad\u00ed:<\/h3><p class=\"theme-wp-block gb-responsive-772271-identifier desktop-gb-has-no-icon xl-gb-has-no-icon lg-gb-has-no-icon md-gb-has-no-icon sm-gb-has-no-icon\">Christoph J. Hesse za\u010dal prod\u00e1vat sv\u00e9 sportovn\u00ed vybaven\u00ed p\u0159\u00edmo na h\u0159i\u0161ti po z\u00e1pasech, kdy\u017e je\u0161t\u011b studoval podnikov\u00e9 hospod\u00e1\u0159stv\u00ed. Tak se zrodila my\u0161lenka na zalo\u017een\u00ed jeho spole\u010dnosti. V roce 1984 Christoph otev\u0159el sv\u016fj prvn\u00ed obchod se sportovn\u00edmi pot\u0159ebami s prodejn\u00ed plochou 45 m\u00b2. Jen o n\u011bkolik let pozd\u011bji museli nejprve roz\u0161\u00ed\u0159it na 100 m\u00b2 a pot\u00e9 na 500 m\u00b2. Dnes Sport-Hesse prod\u00e1v\u00e1 na plo\u0161e p\u0159ibli\u017en\u011b 1000 m\u00b2 a je vysoce \u00fasp\u011b\u0161n\u00fdm dodavatelem vybaven\u00ed pro t\u00fdmov\u00e9 sporty, kter\u00e9 pou\u017e\u00edvaj\u00ed z\u00e1kazn\u00edci po cel\u00e9m sv\u011bt\u011b.<\/p><h3 class=\"theme-wp-block wp-block-heading gb-responsive-530046-identifier desktop-gb-has-no-icon xl-gb-has-no-icon lg-gb-has-no-icon md-gb-has-no-icon sm-gb-has-no-icon\">Za\u010d\u00e1tky:<\/h3><p class=\"theme-wp-block gb-responsive-657993-identifier\">Od roku 2014 spole\u010dnost tak\u00e9 prod\u00e1v\u00e1 sv\u00e9 produkty na Amazonu. To, co za\u010dalo s odesl\u00e1n\u00edm n\u011bkolika fotbal\u016f, se nakonec vyvinulo v prodej po cel\u00e9 Evrop\u011b v r\u00e1mci PAN EU. S p\u0159ibli\u017en\u011b 6 000 polo\u017ekami si Christoph Hesse byl v\u011bdom, \u017ee v Amazonov\u00fdch skladech se chyby nevyhnuteln\u011b vyskytnou.<\/p><p class=\"theme-wp-block gb-responsive-780031-identifier\">\u201eNa Amazonu m\u00e1me \u0161irokou \u0161k\u00e1lu produkt\u016f a porovn\u00e1v\u00e1n\u00ed tolika mezin\u00e1rodn\u00edch trh\u016f je slo\u017eit\u00e9 a \u010dasov\u011b n\u00e1ro\u010dn\u00e9,\u201c vysv\u011btluje Christoph. \u201eManu\u00e1ln\u011b jsme analyzovali dodac\u00ed zpr\u00e1vy, proto\u017ee jsme si byli v\u011bdomi z\u00e1kladn\u00edho probl\u00e9mu, ale kv\u016fli velk\u00e9mu mno\u017estv\u00ed \u010dasu, kter\u00e9 to vy\u017eaduje, jsme mohli prov\u00e1d\u011bt monitoring pouze v mal\u00e9m m\u011b\u0159\u00edtku.\u201c<\/p><h3 class=\"theme-wp-block wp-block-heading gb-responsive-749842-identifier\">\u0158e\u0161en\u00ed:<\/h3><p class=\"theme-wp-block gb-responsive-642257-identifier desktop-gb-has-no-icon xl-gb-has-no-icon lg-gb-has-no-icon md-gb-has-no-icon sm-gb-has-no-icon\">Pot\u00e9 se Christoph z\u00fa\u010dastnil konference pro prodejce na Amazonu. Proto\u017ee ji\u017e obdr\u017eel pozv\u00e1n\u00ed od SELLERLOGIC ohledn\u011b \u0159e\u0161en\u00ed Lost &#038; Found, vyhledal n\u00e1s a poslechl si jednu z na\u0161ich prezentac\u00ed na konferenci. \u201eWorkshop m\u011b ji\u017e p\u0159esv\u011bd\u010dil o Lost &#038; Found. Ale konstruktivn\u00ed diskuse se speakerem pot\u00e9 byla t\u0159e\u0161ni\u010dkou na dortu a zcela potvrdila m\u016fj prvn\u00ed dojem,\u201c vzpom\u00edn\u00e1 Christoph. \u201eJakmile jsem se vr\u00e1til dom\u016f, zaregistroval jsem se p\u0159\u00edmo.\u201c<\/p><div class=\"theme-block-group-wrap\"><div class=\"theme-wp-block wp-block-group gb-responsive-88118-identifier\">\t\t<div  class=\"theme-wp-block theme-block-user-card gb-responsive-799176-identifier is-style-full-width-line\">\n\t\t<div class=\"wrap-inner-content\">\n\t\t\t<div class=\"card-user-head\">\n\t\t\t\t<div class=\"card-user-avatar\">\n\t\t\t\t\t<div class=\"cover-avatar\" style=\"background-image: url(https:\/\/d2bw95mh2ee04s.cloudfront.net\/prod\/content\/wp-content\/uploads\/2020\/12\/23142724\/sport-hesse-raute.png);\"><\/div>\n\t\t\t\t<\/div>\n\t\t\t\t<div class=\"wrap-title\">\n\t\t\t\t\t<div class=\"card-user-name\">\n\t\t\t\t\t\t<div class=\"title\">\n\t\t\t\t\t\t\t<h3 class=\"heading-text\"><strong>Christoph Hesse<\/strong><\/h3>\n\t\t\t\t\t\t<\/div>\n\t\t\t\t\t\t<div class=\"card-user-position\">\n\t\t\t\t\t\t\t<div class=\"card-text\"><strong>CEO ve Sport-Hesse<\/strong><\/div>\n\t\t\t\t\t\t<\/div>\n\t\t\t\t\t<\/div>\n\t\t\t\t\t<div class=\"card-user-quote-icon\">\n\t\t\t\t\t<\/div>\n\t\t\t\t<\/div>\n\t\t\t<\/div>\n\t\t\t<div class=\"card-user-text\">\n\t\t\t\t<div class=\"card-text\"><p>&#8220;SELLERLOGIC Ztr\u00e1ty a n\u00e1lezy je jednodu\u0161e skv\u011bl\u00fd n\u00e1stroj, v\u0161echno perfektn\u011b funguje, provoz, vracen\u00ed pen\u011bz, onboarding a slu\u017eba! Ur\u010dit\u011b se nechceme vracet k manu\u00e1ln\u00edmu zpracov\u00e1v\u00e1n\u00ed mo\u017en\u00fdch n\u00e1rok\u016f na vr\u00e1cen\u00ed pen\u011bz.&#8221;<\/p><\/div>\n\t\t\t<\/div>\n\t\t<\/div>\n\t<\/div>\n\n<\/div><\/div><h3 class=\"theme-wp-block wp-block-heading gb-responsive-260858-identifier\">\u00dasp\u011b\u0161n\u00e9 v\u00fdsledky s SELLERLOGIC:<\/h3><p class=\"theme-wp-block gb-responsive-536715-identifier desktop-gb-has-no-icon xl-gb-has-no-icon lg-gb-has-no-icon md-gb-has-no-icon sm-gb-has-no-icon\">Dokonce i implementace \u0159e\u0161en\u00ed p\u0159ekonala jeho o\u010dek\u00e1v\u00e1n\u00ed. A\u010dkoli Christophova osobn\u00ed zku\u0161enost s CSO SELLERLOGIC b\u011bhem konference byla ji\u017e v\u0161e, co pot\u0159eboval k rozhodnut\u00ed, \u201epo\u010d\u00e1te\u010dn\u00ed vr\u00e1cen\u00ed m\u011b stejn\u011b p\u0159ekvapilo: Sport-Hesse dostal zp\u011bt 15 000 eur od Amazonu!\u201c.<\/p><p class=\"theme-wp-block gb-responsive-557617-identifier desktop-gb-has-no-icon xl-gb-has-no-icon lg-gb-has-no-icon md-gb-has-no-icon sm-gb-has-no-icon\">P\u0159\u00edslib SELLERLOGIC u\u0161et\u0159it \u010das a snadn\u00e9 ovl\u00e1d\u00e1n\u00ed se tak\u00e9 potvrdil. \u201eNab\u00edzej\u00ed tak\u00e9 bezchybnou slu\u017ebu &#8211; dokonce v sobotu jsem dostal odpov\u011b\u010f od t\u00fdmu z\u00e1kaznick\u00e9 podpory!\u201c vysv\u011btluje Christoph. \u201eObecn\u011b bylo jedn\u00e1n\u00ed s t\u00fdmem z\u00e1kaznick\u00e9 podpory velmi p\u0159\u00edjemn\u00e9. V\u017edy maj\u00ed spr\u00e1vnou odpov\u011b\u010f na m\u00e9 probl\u00e9my.\u201c<\/p><p class=\"theme-wp-block gb-responsive-570460-identifier desktop-gb-has-no-icon xl-gb-has-no-icon lg-gb-has-no-icon md-gb-has-no-icon sm-gb-has-no-icon\">\u201eN\u00e1stroj s\u00e1m o sob\u011b funguje velmi dob\u0159e, proto\u017ee provozn\u00ed komponenta je jasn\u00e1 a lze ji snadno integrovat do va\u0161\u00ed ka\u017edodenn\u00ed rutiny. Krom\u011b toho existuje datab\u00e1ze znalost\u00ed \u2013 kter\u00e1 n\u00e1m vedle t\u00fdmu z\u00e1kaznick\u00e9 podpory tak\u00e9 velmi pomohla, kdy\u017e jsme m\u011bli pochybnosti nebo ot\u00e1zky.\u201c<\/p><p class=\"theme-wp-block gb-responsive-270774-identifier desktop-gb-has-no-icon xl-gb-has-no-icon lg-gb-has-no-icon md-gb-has-no-icon sm-gb-has-no-icon\">\u201eV\u00fdkon n\u00e1stroje je jednodu\u0161e p\u0159esv\u011bd\u010div\u00fd a zcela ospravedl\u0148uje cenu!\u201c prohla\u0161uje Christoph. \u201eV ka\u017ed\u00e9m p\u0159\u00edpad\u011b manu\u00e1ln\u00ed kontrola ji\u017e nen\u00ed probl\u00e9mem ve Sport-Hesse.\u201c<\/p><div class=\"theme-wp-block wp-block-buttons gb-responsive-497426-identifier is-layout-flex wp-block-buttons-is-layout-flex\"><div class=\"theme-wp-block wp-block-button gb-responsive-38220-identifier is-style-theme-transparent-with-arrow\"><a class=\"wp-block-button__link wp-element-button\" href=\"https:\/\/d2bw95mh2ee04s.cloudfront.net\/prod\/content\/files\/SUCCESS-STORIES\/EN\/SELLERLOGIC_SN_Success-Story_Sport-Hesse_EN.pdf\" target=\"_blank\" rel=\"noreferrer noopener nofollow\">St\u00e1hnout nyn\u00ed!<\/a><\/div><\/div><\/div><div class=\"theme-wp-block wp-block-column gb-responsive-271329-identifier is-layout-flow wp-block-column-is-layout-flow\" style=\"flex-basis:25%\"><\/div><\/div>","protected":false},"excerpt":{"rendered":"<p>Zakl\u00e1d\u00e1n\u00ed:1984 Odv\u011btv\u00ed:Sportovn\u00ed vybaven\u00ed, t\u00fdmov\u00e9 sporty, sportovn\u00ed zna\u010dky Polo\u017eky na Amazonu:\u00a0p\u0159ibli\u017en\u011b 6.000 SKUs Odesl\u00e1n\u00ed:p\u0159ibli\u017en\u011b 30.000 za m\u011bs\u00edc Pozad\u00ed: Christoph J. Hesse za\u010dal prod\u00e1vat sv\u00e9 sportovn\u00ed vybaven\u00ed p\u0159\u00edmo na h\u0159i\u0161ti po z\u00e1pasech, kdy\u017e je\u0161t\u011b studoval podnikov\u00e9 hospod\u00e1\u0159stv\u00ed. Tak se zrodila my\u0161lenka na zalo\u017een\u00ed jeho spole\u010dnosti. V roce 1984 Christoph otev\u0159el sv\u016fj prvn\u00ed obchod se sportovn\u00edmi pot\u0159ebami s<\/p>\n","protected":false},"author":3,"featured_media":4855,"parent":109215,"menu_order":0,"comment_status":"closed","ping_status":"closed","template":"","meta":{"sidebar_recommended_resources":{"data":[]},"sidebar_header_settings":{"hide_buttons":{"register":false}},"_use_new_theme":false,"inline_featured_image":false,"footnotes":""},"class_list":["post-109299","page","type-page","status-publish","has-post-thumbnail","hentry"],"yoast_head":"<!-- This site is optimized with the Yoast SEO plugin v26.8 - https:\/\/yoast.com\/product\/yoast-seo-wordpress\/ -->\n<title>Pro\u010d Lost &amp; Found p\u0159esv\u011bd\u010dil Sport-Hesse | SELLERLOGIC<\/title>\n<meta name=\"description\" content=\"\u201eV\u017edy maj\u00ed spr\u00e1vnou odpov\u011b\u010f na m\u00e9 probl\u00e9my\u201c - Jak Sport-Hesse z\u00edskal p\u011btim\u00edstn\u00e9 vr\u00e1cen\u00ed pen\u011bz od Amazonu d\u00edky Lost &amp; Found.\" \/>\n<meta name=\"robots\" content=\"index, follow, max-snippet:-1, max-image-preview:large, max-video-preview:-1\" \/>\n<link rel=\"canonical\" href=\"https:\/\/www.sellerlogic.com\/cs\/resources\/success-story-sport-hesse\/\" \/>\n<meta property=\"og:locale\" content=\"cs_CZ\" \/>\n<meta property=\"og:type\" content=\"article\" \/>\n<meta property=\"og:title\" content=\"Pro\u010d Lost &amp; Found p\u0159esv\u011bd\u010dil Sport-Hesse | SELLERLOGIC\" \/>\n<meta property=\"og:description\" content=\"\u201eV\u017edy maj\u00ed spr\u00e1vnou odpov\u011b\u010f na m\u00e9 probl\u00e9my\u201c - Jak Sport-Hesse z\u00edskal p\u011btim\u00edstn\u00e9 vr\u00e1cen\u00ed pen\u011bz od Amazonu d\u00edky Lost &amp; Found.\" \/>\n<meta property=\"og:url\" content=\"https:\/\/www.sellerlogic.com\/cs\/resources\/success-story-sport-hesse\/\" \/>\n<meta property=\"og:site_name\" content=\"SELLERLOGIC - Smarte Tools f\u00fcr Amazon-Seller\" \/>\n<meta property=\"article:publisher\" content=\"https:\/\/www.facebook.com\/SellerLogic\/\" \/>\n<meta property=\"og:image\" content=\"https:\/\/d2bw95mh2ee04s.cloudfront.net\/prod\/content\/wp-content\/uploads\/2020\/12\/23142722\/sport-hesse-header-neu.jpeg\" \/>\n\t<meta property=\"og:image:width\" content=\"2500\" \/>\n\t<meta property=\"og:image:height\" content=\"1667\" \/>\n\t<meta property=\"og:image:type\" content=\"image\/jpeg\" \/>\n<meta name=\"twitter:card\" content=\"summary_large_image\" \/>\n<meta name=\"twitter:site\" content=\"@sellerlogic\" \/>\n<meta name=\"twitter:label1\" content=\"Est. reading time\" \/>\n\t<meta name=\"twitter:data1\" content=\"3 minutes\" \/>\n<script type=\"application\/ld+json\" class=\"yoast-schema-graph\">{\"@context\":\"https:\/\/schema.org\",\"@graph\":[{\"@type\":\"WebPage\",\"@id\":\"https:\/\/www.sellerlogic.com\/cs\/resources\/success-story-sport-hesse\/\",\"url\":\"https:\/\/www.sellerlogic.com\/cs\/resources\/success-story-sport-hesse\/\",\"name\":\"Pro\u010d Lost & Found p\u0159esv\u011bd\u010dil Sport-Hesse | SELLERLOGIC\",\"isPartOf\":{\"@id\":\"https:\/\/www.sellerlogic.com\/cs\/#website\"},\"primaryImageOfPage\":{\"@id\":\"https:\/\/www.sellerlogic.com\/cs\/resources\/success-story-sport-hesse\/#primaryimage\"},\"image\":{\"@id\":\"https:\/\/www.sellerlogic.com\/cs\/resources\/success-story-sport-hesse\/#primaryimage\"},\"thumbnailUrl\":\"https:\/\/d2bw95mh2ee04s.cloudfront.net\/prod\/content\/wp-content\/uploads\/2020\/12\/23142722\/sport-hesse-header-neu.jpeg\",\"datePublished\":\"2020-12-18T10:57:32+00:00\",\"description\":\"\u201eV\u017edy maj\u00ed spr\u00e1vnou odpov\u011b\u010f na m\u00e9 probl\u00e9my\u201c - Jak Sport-Hesse z\u00edskal p\u011btim\u00edstn\u00e9 vr\u00e1cen\u00ed pen\u011bz od Amazonu d\u00edky Lost & Found.\",\"breadcrumb\":{\"@id\":\"https:\/\/www.sellerlogic.com\/cs\/resources\/success-story-sport-hesse\/#breadcrumb\"},\"inLanguage\":\"cs-CZ\",\"potentialAction\":[{\"@type\":\"ReadAction\",\"target\":[\"https:\/\/www.sellerlogic.com\/cs\/resources\/success-story-sport-hesse\/\"]}]},{\"@type\":\"ImageObject\",\"inLanguage\":\"cs-CZ\",\"@id\":\"https:\/\/www.sellerlogic.com\/cs\/resources\/success-story-sport-hesse\/#primaryimage\",\"url\":\"https:\/\/d2bw95mh2ee04s.cloudfront.net\/prod\/content\/wp-content\/uploads\/2020\/12\/23142722\/sport-hesse-header-neu.jpeg\",\"contentUrl\":\"https:\/\/d2bw95mh2ee04s.cloudfront.net\/prod\/content\/wp-content\/uploads\/2020\/12\/23142722\/sport-hesse-header-neu.jpeg\",\"width\":2500,\"height\":1667,\"caption\":\"Sport-Hesse: Header\"},{\"@type\":\"BreadcrumbList\",\"@id\":\"https:\/\/www.sellerlogic.com\/cs\/resources\/success-story-sport-hesse\/#breadcrumb\",\"itemListElement\":[{\"@type\":\"ListItem\",\"position\":1,\"name\":\"Home\",\"item\":\"https:\/\/www.sellerlogic.com\/cs\/\"},{\"@type\":\"ListItem\",\"position\":2,\"name\":\"Zdroje EN\",\"item\":\"https:\/\/www.sellerlogic.com\/cs\/resources\/\"},{\"@type\":\"ListItem\",\"position\":3,\"name\":\"P\u0159\u00edb\u011bh \u00fasp\u011bchu: Sport Hesse EN\"}]},{\"@type\":\"WebSite\",\"@id\":\"https:\/\/www.sellerlogic.com\/cs\/#website\",\"url\":\"https:\/\/www.sellerlogic.com\/cs\/\",\"name\":\"SELLERLOGIC - Smarte Tools f\u00fcr Amazon-Seller\",\"description\":\"Intelligente Prozessoptimierung und Gewinnmaximierung\",\"publisher\":{\"@id\":\"https:\/\/www.sellerlogic.com\/cs\/#organization\"},\"potentialAction\":[{\"@type\":\"SearchAction\",\"target\":{\"@type\":\"EntryPoint\",\"urlTemplate\":\"https:\/\/www.sellerlogic.com\/cs\/?s={search_term_string}\"},\"query-input\":{\"@type\":\"PropertyValueSpecification\",\"valueRequired\":true,\"valueName\":\"search_term_string\"}}],\"inLanguage\":\"cs-CZ\"},{\"@type\":\"Organization\",\"@id\":\"https:\/\/www.sellerlogic.com\/cs\/#organization\",\"name\":\"SELLERLOGIC\",\"url\":\"https:\/\/www.sellerlogic.com\/cs\/\",\"logo\":{\"@type\":\"ImageObject\",\"inLanguage\":\"cs-CZ\",\"@id\":\"https:\/\/www.sellerlogic.com\/cs\/#\/schema\/logo\/image\/\",\"url\":\"https:\/\/d2bw95mh2ee04s.cloudfront.net\/prod\/content\/wp-content\/uploads\/2025\/01\/02134814\/Property-Logo-Main.svg\",\"contentUrl\":\"https:\/\/d2bw95mh2ee04s.cloudfront.net\/prod\/content\/wp-content\/uploads\/2025\/01\/02134814\/Property-Logo-Main.svg\",\"width\":184,\"height\":40,\"caption\":\"SELLERLOGIC\"},\"image\":{\"@id\":\"https:\/\/www.sellerlogic.com\/cs\/#\/schema\/logo\/image\/\"},\"sameAs\":[\"https:\/\/www.facebook.com\/SellerLogic\/\",\"https:\/\/x.com\/sellerlogic\",\"https:\/\/www.instagram.com\/sellerlogic\/\",\"https:\/\/www.linkedin.com\/company\/18402037\/\",\"https:\/\/www.youtube.com\/channel\/UC-gULUur-fNj08sprantKsQ\"]}]}<\/script>\n<!-- \/ Yoast SEO plugin. -->","yoast_head_json":{"title":"Pro\u010d Lost & Found p\u0159esv\u011bd\u010dil Sport-Hesse | SELLERLOGIC","description":"\u201eV\u017edy maj\u00ed spr\u00e1vnou odpov\u011b\u010f na m\u00e9 probl\u00e9my\u201c - Jak Sport-Hesse z\u00edskal p\u011btim\u00edstn\u00e9 vr\u00e1cen\u00ed pen\u011bz od Amazonu d\u00edky Lost & Found.","robots":{"index":"index","follow":"follow","max-snippet":"max-snippet:-1","max-image-preview":"max-image-preview:large","max-video-preview":"max-video-preview:-1"},"canonical":"https:\/\/www.sellerlogic.com\/cs\/resources\/success-story-sport-hesse\/","og_locale":"cs_CZ","og_type":"article","og_title":"Pro\u010d Lost & Found p\u0159esv\u011bd\u010dil Sport-Hesse | SELLERLOGIC","og_description":"\u201eV\u017edy maj\u00ed spr\u00e1vnou odpov\u011b\u010f na m\u00e9 probl\u00e9my\u201c - Jak Sport-Hesse z\u00edskal p\u011btim\u00edstn\u00e9 vr\u00e1cen\u00ed pen\u011bz od Amazonu d\u00edky Lost & Found.","og_url":"https:\/\/www.sellerlogic.com\/cs\/resources\/success-story-sport-hesse\/","og_site_name":"SELLERLOGIC - Smarte Tools f\u00fcr Amazon-Seller","article_publisher":"https:\/\/www.facebook.com\/SellerLogic\/","og_image":[{"width":2500,"height":1667,"url":"https:\/\/d2bw95mh2ee04s.cloudfront.net\/prod\/content\/wp-content\/uploads\/2020\/12\/23142722\/sport-hesse-header-neu.jpeg","type":"image\/jpeg"}],"twitter_card":"summary_large_image","twitter_site":"@sellerlogic","twitter_misc":{"Est. reading time":"3 minutes"},"schema":{"@context":"https:\/\/schema.org","@graph":[{"@type":"WebPage","@id":"https:\/\/www.sellerlogic.com\/cs\/resources\/success-story-sport-hesse\/","url":"https:\/\/www.sellerlogic.com\/cs\/resources\/success-story-sport-hesse\/","name":"Pro\u010d Lost & Found p\u0159esv\u011bd\u010dil Sport-Hesse | SELLERLOGIC","isPartOf":{"@id":"https:\/\/www.sellerlogic.com\/cs\/#website"},"primaryImageOfPage":{"@id":"https:\/\/www.sellerlogic.com\/cs\/resources\/success-story-sport-hesse\/#primaryimage"},"image":{"@id":"https:\/\/www.sellerlogic.com\/cs\/resources\/success-story-sport-hesse\/#primaryimage"},"thumbnailUrl":"https:\/\/d2bw95mh2ee04s.cloudfront.net\/prod\/content\/wp-content\/uploads\/2020\/12\/23142722\/sport-hesse-header-neu.jpeg","datePublished":"2020-12-18T10:57:32+00:00","description":"\u201eV\u017edy maj\u00ed spr\u00e1vnou odpov\u011b\u010f na m\u00e9 probl\u00e9my\u201c - Jak Sport-Hesse z\u00edskal p\u011btim\u00edstn\u00e9 vr\u00e1cen\u00ed pen\u011bz od Amazonu d\u00edky Lost & Found.","breadcrumb":{"@id":"https:\/\/www.sellerlogic.com\/cs\/resources\/success-story-sport-hesse\/#breadcrumb"},"inLanguage":"cs-CZ","potentialAction":[{"@type":"ReadAction","target":["https:\/\/www.sellerlogic.com\/cs\/resources\/success-story-sport-hesse\/"]}]},{"@type":"ImageObject","inLanguage":"cs-CZ","@id":"https:\/\/www.sellerlogic.com\/cs\/resources\/success-story-sport-hesse\/#primaryimage","url":"https:\/\/d2bw95mh2ee04s.cloudfront.net\/prod\/content\/wp-content\/uploads\/2020\/12\/23142722\/sport-hesse-header-neu.jpeg","contentUrl":"https:\/\/d2bw95mh2ee04s.cloudfront.net\/prod\/content\/wp-content\/uploads\/2020\/12\/23142722\/sport-hesse-header-neu.jpeg","width":2500,"height":1667,"caption":"Sport-Hesse: Header"},{"@type":"BreadcrumbList","@id":"https:\/\/www.sellerlogic.com\/cs\/resources\/success-story-sport-hesse\/#breadcrumb","itemListElement":[{"@type":"ListItem","position":1,"name":"Home","item":"https:\/\/www.sellerlogic.com\/cs\/"},{"@type":"ListItem","position":2,"name":"Zdroje EN","item":"https:\/\/www.sellerlogic.com\/cs\/resources\/"},{"@type":"ListItem","position":3,"name":"P\u0159\u00edb\u011bh \u00fasp\u011bchu: Sport Hesse EN"}]},{"@type":"WebSite","@id":"https:\/\/www.sellerlogic.com\/cs\/#website","url":"https:\/\/www.sellerlogic.com\/cs\/","name":"SELLERLOGIC - Smarte Tools f\u00fcr Amazon-Seller","description":"Intelligente Prozessoptimierung und Gewinnmaximierung","publisher":{"@id":"https:\/\/www.sellerlogic.com\/cs\/#organization"},"potentialAction":[{"@type":"SearchAction","target":{"@type":"EntryPoint","urlTemplate":"https:\/\/www.sellerlogic.com\/cs\/?s={search_term_string}"},"query-input":{"@type":"PropertyValueSpecification","valueRequired":true,"valueName":"search_term_string"}}],"inLanguage":"cs-CZ"},{"@type":"Organization","@id":"https:\/\/www.sellerlogic.com\/cs\/#organization","name":"SELLERLOGIC","url":"https:\/\/www.sellerlogic.com\/cs\/","logo":{"@type":"ImageObject","inLanguage":"cs-CZ","@id":"https:\/\/www.sellerlogic.com\/cs\/#\/schema\/logo\/image\/","url":"https:\/\/d2bw95mh2ee04s.cloudfront.net\/prod\/content\/wp-content\/uploads\/2025\/01\/02134814\/Property-Logo-Main.svg","contentUrl":"https:\/\/d2bw95mh2ee04s.cloudfront.net\/prod\/content\/wp-content\/uploads\/2025\/01\/02134814\/Property-Logo-Main.svg","width":184,"height":40,"caption":"SELLERLOGIC"},"image":{"@id":"https:\/\/www.sellerlogic.com\/cs\/#\/schema\/logo\/image\/"},"sameAs":["https:\/\/www.facebook.com\/SellerLogic\/","https:\/\/x.com\/sellerlogic","https:\/\/www.instagram.com\/sellerlogic\/","https:\/\/www.linkedin.com\/company\/18402037\/","https:\/\/www.youtube.com\/channel\/UC-gULUur-fNj08sprantKsQ"]}]}},"_links":{"self":[{"href":"https:\/\/www.sellerlogic.com\/cs\/wp-json\/wp\/v2\/pages\/109299","targetHints":{"allow":["GET"]}}],"collection":[{"href":"https:\/\/www.sellerlogic.com\/cs\/wp-json\/wp\/v2\/pages"}],"about":[{"href":"https:\/\/www.sellerlogic.com\/cs\/wp-json\/wp\/v2\/types\/page"}],"author":[{"embeddable":true,"href":"https:\/\/www.sellerlogic.com\/cs\/wp-json\/wp\/v2\/users\/3"}],"replies":[{"embeddable":true,"href":"https:\/\/www.sellerlogic.com\/cs\/wp-json\/wp\/v2\/comments?post=109299"}],"version-history":[{"count":0,"href":"https:\/\/www.sellerlogic.com\/cs\/wp-json\/wp\/v2\/pages\/109299\/revisions"}],"up":[{"embeddable":true,"href":"https:\/\/www.sellerlogic.com\/cs\/wp-json\/wp\/v2\/pages\/109215"}],"wp:featuredmedia":[{"embeddable":true,"href":"https:\/\/www.sellerlogic.com\/cs\/wp-json\/wp\/v2\/media\/4855"}],"wp:attachment":[{"href":"https:\/\/www.sellerlogic.com\/cs\/wp-json\/wp\/v2\/media?parent=109299"}],"curies":[{"name":"wp","href":"https:\/\/api.w.org\/{rel}","templated":true}]}}