
{"id":109326,"date":"2020-12-14T12:23:44","date_gmt":"2020-12-14T12:23:44","guid":{"rendered":"https:\/\/127.0.0.1\/callback-service\/"},"modified":"2020-12-14T12:23:44","modified_gmt":"2020-12-14T12:23:44","slug":"callback-service","status":"publish","type":"page","link":"https:\/\/www.sellerlogic.com\/cs\/callback-service\/","title":{"rendered":"Slu\u017eba zp\u011btn\u00e9ho vol\u00e1n\u00ed"},"content":{"rendered":"\n\t<div  class=\"theme-wp-block theme-block-main-header desktop-align-full xl-align-full lg-align-full md-align-full sm-align-full desktop-content-align-y-center desktop-content-align-x-center xl-content-align-y-center xl-content-align-x-center lg-content-align-y-center lg-content-align-x-center md-content-align-y-center md-content-align-x-center sm-content-align-y-center sm-content-align-x-center gb-responsive-185006-identifier is-style-default theme-block-cover\">\n\t\t<div class=\"bg-cover theme-lazy-load-bg\"><\/div>\n\t\t<div class=\"wrap-content-main-header\">\n\t\t\t\t\t<div  class=\"theme-wp-block theme-block-text-and-text desktop-align-wide xl-align-wide lg-align-wide md-align-wide sm-align-wide desktop-blockDirection-row xl-blockDirection-row lg-blockDirection-row md-blockDirection-row sm-blockDirection-row gb-responsive-519943-identifier alignwide\">\n\t\t<div class=\"tat-column-wrap-wrapper\">\n\t\t\t<div class=\"tat-column-wrapper\">\n\t\t\t\t\t<div  class=\"theme-wp-block theme-block-text-and-text-column desktop-horizontal-left xl-horizontal-left lg-horizontal-left md-horizontal-left sm-horizontal-left gb-responsive-308449-identifier\">\n\t\t<div class=\"inner-wrap-column-content\">\n\t\t\t<div class=\"inner-column-content\">\n\t\t\t\t<div class=\"theme-wp-block wp-block-buttons gb-responsive-72683-identifier is-layout-flex wp-block-buttons-is-layout-flex\"><\/div>\t\t\t<\/div>\n\t\t<\/div>\n\t<\/div>\n\t<div  class=\"theme-wp-block theme-block-text-and-text-column gb-responsive-973542-identifier\">\n\t\t<div class=\"inner-wrap-column-content\">\n\t\t\t<div class=\"inner-column-content\">\n\t\t\t\t\t\t\t<\/div>\n\t\t<\/div>\n\t<\/div>\n\t\t\t<\/div>\n\t\t<\/div>\n\t<\/div>\n\n\t\t<\/div>\n\t<\/div>\n\n<h2 class=\"theme-wp-block wp-block-heading alignfull has-text-align-center gb-responsive-339839-identifier desktop-text-full xl-text-full lg-text-full md-text-full sm-text-full is-style-default\">Slu\u017eba zp\u011btn\u00e9ho vol\u00e1n\u00ed SELLERLOGIC<\/h2><div class=\"theme-wp-block wp-block-columns alignfull are-vertically-aligned-center desktop-align-full xl-align-full lg-align-full md-align-full sm-align-full gb-responsive-511729-identifier has-white-background-color has-background is-layout-flex wp-container-core-columns-is-layout-9d6595d7 wp-block-columns-is-layout-flex\"><div class=\"theme-wp-block wp-block-column is-vertically-aligned-center gb-responsive-830185-identifier is-layout-flow wp-block-column-is-layout-flow\" style=\"flex-basis:25%\"><\/div><div class=\"theme-wp-block wp-block-column is-vertically-aligned-center gb-responsive-58846-identifier is-layout-flow wp-block-column-is-layout-flow\" style=\"flex-basis:50%\"><div class=\"theme-block-group-wrap\"><div class=\"theme-wp-block wp-block-group gb-responsive-486569-identifier has-theme-light-gray-background-color has-background\"><p class=\"theme-wp-block has-text-align-center gb-responsive-22131-identifier\">Zadejte sv\u00e9 jm\u00e9no, telefonn\u00ed \u010d\u00edslo a e-mailovou adresu,<br>abyste byli od n\u00e1s zp\u011btn\u011b kontaktov\u00e1ni. Ozveme se v\u00e1m<br>co nejd\u0159\u00edve!<\/p><div id=\"callback-form\" class=\"theme-wp-block callback-form\"><form id=\"leadform\" action=\"#\" method=\"post\"><p id=\"salutation\" style=\"margin-top: 10px;\"><label for=\"salutation\">Osloven\u00ed<sup style=\"color: rgb(255, 0, 0);\">*<\/sup><\/label><br> <input type=\"radio\" name=\"gender\" value=\"Pan.\" required=\"required\"> <label for=\"herr\" style=\"margin-right: 30px;\">Pan.<\/label> <input type=\"radio\" name=\"gender\" value=\"Pan\u00ed\"> <label for=\"frau\">Pan\u00ed<\/label><br><br><\/p> <label>Jm\u00e9no<sup style=\"color: rgb(255, 0, 0);\">*<\/sup><\/label><br> <input type=\"text\" placeholder=\"Jm\u00e9no\" name=\"first-name\" id=\"first-name\" required=\"required\" style=\"padding: 10px; font-size: 18px; width: 100%; margin-bottom: 15px; color: rgb(88, 88, 88);\"><br> <label>P\u0159\u00edjmen\u00ed<sup style=\"color: rgb(255, 0, 0);\">*<\/sup><\/label><br> <input type=\"text\" required=\"required\" placeholder=\"P\u0159\u00edjmen\u00ed\" name=\"last-name\" id=\"last-name\" style=\"padding: 10px; font-size: 18px; width: 100%; margin-bottom: 15px; color: rgb(88, 88, 88);\"><br> <label>E-mailov\u00e1 adresa<sup style=\"color: rgb(255, 0, 0);\">*<\/sup><\/label><br> <input type=\"email\" required=\"required\" placeholder=\"E-mailov\u00e1 adresa\" name=\"email\" id=\"email\" style=\"padding: 10px; font-size: 18px; width: 100%; margin-bottom: 15px; color: rgb(88, 88, 88);\"><br> <label>Telefonn\u00ed \u010d\u00edslo<sup style=\"color: rgb(255, 0, 0);\">*<\/sup><\/label><br> <input type=\"number\" required=\"required\" placeholder=\"Telefonn\u00ed \u010d\u00edslo\" name=\"telephone\" id=\"telephone\" style=\"padding: 10px; font-size: 18px; width: 100%; margin-bottom: 15px; color: rgb(88, 88, 88);\"><br> <label>N\u00e1zev spole\u010dnosti<sup style=\"color: rgb(255, 0, 0);\">*<\/sup><\/label><br> <input type=\"text\" required=\"required\" placeholder=\"N\u00e1zev spole\u010dnosti\" name=\"company\" id=\"company\" style=\"padding: 10px; font-size: 18px; width: 100%; margin-bottom: 15px; color: rgb(88, 88, 88);\"><br> <label>T\u00e9ma<sup style=\"color: rgb(255, 0, 0);\">*<\/sup><\/label><br> <input type=\"text\" required=\"required\" placeholder=\"T\u00e9ma\" name=\"topic\" id=\"topic\" style=\"padding: 10px; font-size: 18px; width: 100%; margin-bottom: 15px; color: rgb(88, 88, 88);\"><br><p id=\"timeframe\" style=\"margin-top: 10px;\"><label for=\"timeframe\">Preferovan\u00fd \u010das<sup style=\"color: rgb(255, 0, 0);\">*<\/sup><\/label><br> <input type=\"radio\" name=\"timeframe\" value=\"r\u00e1no\" required=\"required\"> <label for=\"vormittags\" style=\"margin-right: 30px;\">r\u00e1no<\/label> <input type=\"radio\" name=\"timeframe\" value=\"odpoledne\"> <label for=\"nachmittags\">odpoledne<\/label><br><br><\/p> <input type=\"hidden\" id=\"lead-source\" name=\"lead-source\" value=\"Formul\u00e1\u0159 zp\u011btn\u00e9ho vol\u00e1n\u00ed\"><input type=\"submit\" value=\"Po\u017e\u00e1dat o zp\u011btn\u00e9 vol\u00e1n\u00ed nyn\u00ed!\" id=\"submit\" style=\"padding: 10px; font-size: 18px; width: 100%; margin-bottom: 15px; color: rgb(255, 255, 255); background-color: rgb(255, 170, 1); cursor: pointer;\"> <p style=\"margin-bottom: 10px; font-size: 12px;\">Zpracov\u00e1n\u00ed \u00fadaj\u016f se prov\u00e1d\u00ed v souladu s na\u0161imi <a href=\"https:\/\/www.sellerlogic.com\/en\/privacy-policy\/\" target=\"_blank\" draggable=\"false\" rel=\"noopener noreferrer\">z\u00e1sadami ochrany osobn\u00edch \u00fadaj\u016f<\/a>.<\/p><\/form><\/div><\/div><\/div><\/div><div class=\"theme-wp-block wp-block-column is-vertically-aligned-center gb-responsive-719519-identifier is-layout-flow wp-block-column-is-layout-flow\" style=\"flex-basis:25%\"><\/div><\/div>","protected":false},"excerpt":{"rendered":"<p>Slu\u017eba zp\u011btn\u00e9ho vol\u00e1n\u00ed SELLERLOGIC Zadejte sv\u00e9 jm\u00e9no, telefonn\u00ed \u010d\u00edslo a e-mailovou adresu,abyste byli od n\u00e1s zp\u011btn\u011b kontaktov\u00e1ni. Ozveme se v\u00e1mco nejd\u0159\u00edve! Osloven\u00ed* Pan. Pan\u00ed Jm\u00e9no* P\u0159\u00edjmen\u00ed* E-mailov\u00e1 adresa* Telefonn\u00ed \u010d\u00edslo* N\u00e1zev spole\u010dnosti* T\u00e9ma* Preferovan\u00fd \u010das* r\u00e1no odpoledne Zpracov\u00e1n\u00ed \u00fadaj\u016f se prov\u00e1d\u00ed v souladu s na\u0161imi z\u00e1sadami ochrany osobn\u00edch \u00fadaj\u016f.<\/p>\n","protected":false},"author":8,"featured_media":0,"parent":0,"menu_order":0,"comment_status":"closed","ping_status":"closed","template":"","meta":{"sidebar_recommended_resources":{"data":[]},"sidebar_header_settings":{"hide_buttons":{"register":false}},"_use_new_theme":false,"inline_featured_image":false,"footnotes":""},"class_list":["post-109326","page","type-page","status-publish","hentry"],"yoast_head":"<!-- This site is optimized with the Yoast SEO plugin v26.8 - https:\/\/yoast.com\/product\/yoast-seo-wordpress\/ -->\n<title>SELLERLOGIC: Slu\u017eba zp\u011btn\u00e9ho vol\u00e1n\u00ed pro v\u0161echny dotazy ohledn\u011b SELLERLOGIC<\/title>\n<meta name=\"description\" content=\"M\u00e1te dotazy? Pak zadejte sv\u00e9 \u00fadaje a my v\u00e1m zavol\u00e1me co nejd\u0159\u00edve. N\u00e1\u0161 t\u00fdm z\u00e1kaznick\u00e9ho \u00fasp\u011bchu se t\u011b\u0161\u00ed na va\u0161i zpr\u00e1vu!\" \/>\n<meta name=\"robots\" content=\"index, follow, max-snippet:-1, max-image-preview:large, max-video-preview:-1\" \/>\n<link rel=\"canonical\" href=\"https:\/\/www.sellerlogic.com\/cs\/callback-service\/\" \/>\n<meta property=\"og:locale\" content=\"cs_CZ\" \/>\n<meta property=\"og:type\" content=\"article\" \/>\n<meta property=\"og:title\" content=\"SELLERLOGIC: Slu\u017eba zp\u011btn\u00e9ho vol\u00e1n\u00ed pro v\u0161echny dotazy ohledn\u011b SELLERLOGIC\" \/>\n<meta property=\"og:description\" content=\"M\u00e1te dotazy? Pak zadejte sv\u00e9 \u00fadaje a my v\u00e1m zavol\u00e1me co nejd\u0159\u00edve. N\u00e1\u0161 t\u00fdm z\u00e1kaznick\u00e9ho \u00fasp\u011bchu se t\u011b\u0161\u00ed na va\u0161i zpr\u00e1vu!\" \/>\n<meta property=\"og:url\" content=\"https:\/\/www.sellerlogic.com\/cs\/callback-service\/\" \/>\n<meta property=\"og:site_name\" content=\"SELLERLOGIC - Smarte Tools f\u00fcr Amazon-Seller\" \/>\n<meta property=\"article:publisher\" content=\"https:\/\/www.facebook.com\/SellerLogic\/\" \/>\n<meta property=\"og:image\" content=\"https:\/\/d2bw95mh2ee04s.cloudfront.net\/prod\/content\/wp-content\/uploads\/2025\/06\/09094621\/Social-OG-Image-Link.jpg\" \/>\n\t<meta property=\"og:image:width\" content=\"2400\" \/>\n\t<meta property=\"og:image:height\" content=\"1270\" \/>\n\t<meta property=\"og:image:type\" content=\"image\/jpeg\" \/>\n<meta name=\"twitter:card\" content=\"summary_large_image\" \/>\n<meta name=\"twitter:site\" content=\"@sellerlogic\" \/>\n<script type=\"application\/ld+json\" class=\"yoast-schema-graph\">{\"@context\":\"https:\/\/schema.org\",\"@graph\":[{\"@type\":\"WebPage\",\"@id\":\"https:\/\/www.sellerlogic.com\/cs\/callback-service\/\",\"url\":\"https:\/\/www.sellerlogic.com\/cs\/callback-service\/\",\"name\":\"SELLERLOGIC: Slu\u017eba zp\u011btn\u00e9ho vol\u00e1n\u00ed pro v\u0161echny dotazy ohledn\u011b SELLERLOGIC\",\"isPartOf\":{\"@id\":\"https:\/\/www.sellerlogic.com\/cs\/#website\"},\"datePublished\":\"2020-12-14T12:23:44+00:00\",\"description\":\"M\u00e1te dotazy? Pak zadejte sv\u00e9 \u00fadaje a my v\u00e1m zavol\u00e1me co nejd\u0159\u00edve. N\u00e1\u0161 t\u00fdm z\u00e1kaznick\u00e9ho \u00fasp\u011bchu se t\u011b\u0161\u00ed na va\u0161i zpr\u00e1vu!\",\"breadcrumb\":{\"@id\":\"https:\/\/www.sellerlogic.com\/cs\/callback-service\/#breadcrumb\"},\"inLanguage\":\"cs-CZ\",\"potentialAction\":[{\"@type\":\"ReadAction\",\"target\":[\"https:\/\/www.sellerlogic.com\/cs\/callback-service\/\"]}]},{\"@type\":\"BreadcrumbList\",\"@id\":\"https:\/\/www.sellerlogic.com\/cs\/callback-service\/#breadcrumb\",\"itemListElement\":[{\"@type\":\"ListItem\",\"position\":1,\"name\":\"Home\",\"item\":\"https:\/\/www.sellerlogic.com\/cs\/\"},{\"@type\":\"ListItem\",\"position\":2,\"name\":\"Slu\u017eba zp\u011btn\u00e9ho vol\u00e1n\u00ed\"}]},{\"@type\":\"WebSite\",\"@id\":\"https:\/\/www.sellerlogic.com\/cs\/#website\",\"url\":\"https:\/\/www.sellerlogic.com\/cs\/\",\"name\":\"SELLERLOGIC - Smarte Tools f\u00fcr Amazon-Seller\",\"description\":\"Intelligente Prozessoptimierung und Gewinnmaximierung\",\"publisher\":{\"@id\":\"https:\/\/www.sellerlogic.com\/cs\/#organization\"},\"potentialAction\":[{\"@type\":\"SearchAction\",\"target\":{\"@type\":\"EntryPoint\",\"urlTemplate\":\"https:\/\/www.sellerlogic.com\/cs\/?s={search_term_string}\"},\"query-input\":{\"@type\":\"PropertyValueSpecification\",\"valueRequired\":true,\"valueName\":\"search_term_string\"}}],\"inLanguage\":\"cs-CZ\"},{\"@type\":\"Organization\",\"@id\":\"https:\/\/www.sellerlogic.com\/cs\/#organization\",\"name\":\"SELLERLOGIC\",\"url\":\"https:\/\/www.sellerlogic.com\/cs\/\",\"logo\":{\"@type\":\"ImageObject\",\"inLanguage\":\"cs-CZ\",\"@id\":\"https:\/\/www.sellerlogic.com\/cs\/#\/schema\/logo\/image\/\",\"url\":\"https:\/\/d2bw95mh2ee04s.cloudfront.net\/prod\/content\/wp-content\/uploads\/2025\/01\/02134814\/Property-Logo-Main.svg\",\"contentUrl\":\"https:\/\/d2bw95mh2ee04s.cloudfront.net\/prod\/content\/wp-content\/uploads\/2025\/01\/02134814\/Property-Logo-Main.svg\",\"width\":184,\"height\":40,\"caption\":\"SELLERLOGIC\"},\"image\":{\"@id\":\"https:\/\/www.sellerlogic.com\/cs\/#\/schema\/logo\/image\/\"},\"sameAs\":[\"https:\/\/www.facebook.com\/SellerLogic\/\",\"https:\/\/x.com\/sellerlogic\",\"https:\/\/www.instagram.com\/sellerlogic\/\",\"https:\/\/www.linkedin.com\/company\/18402037\/\",\"https:\/\/www.youtube.com\/channel\/UC-gULUur-fNj08sprantKsQ\"]}]}<\/script>\n<!-- \/ Yoast SEO plugin. -->","yoast_head_json":{"title":"SELLERLOGIC: Slu\u017eba zp\u011btn\u00e9ho vol\u00e1n\u00ed pro v\u0161echny dotazy ohledn\u011b SELLERLOGIC","description":"M\u00e1te dotazy? Pak zadejte sv\u00e9 \u00fadaje a my v\u00e1m zavol\u00e1me co nejd\u0159\u00edve. N\u00e1\u0161 t\u00fdm z\u00e1kaznick\u00e9ho \u00fasp\u011bchu se t\u011b\u0161\u00ed na va\u0161i zpr\u00e1vu!","robots":{"index":"index","follow":"follow","max-snippet":"max-snippet:-1","max-image-preview":"max-image-preview:large","max-video-preview":"max-video-preview:-1"},"canonical":"https:\/\/www.sellerlogic.com\/cs\/callback-service\/","og_locale":"cs_CZ","og_type":"article","og_title":"SELLERLOGIC: Slu\u017eba zp\u011btn\u00e9ho vol\u00e1n\u00ed pro v\u0161echny dotazy ohledn\u011b SELLERLOGIC","og_description":"M\u00e1te dotazy? Pak zadejte sv\u00e9 \u00fadaje a my v\u00e1m zavol\u00e1me co nejd\u0159\u00edve. N\u00e1\u0161 t\u00fdm z\u00e1kaznick\u00e9ho \u00fasp\u011bchu se t\u011b\u0161\u00ed na va\u0161i zpr\u00e1vu!","og_url":"https:\/\/www.sellerlogic.com\/cs\/callback-service\/","og_site_name":"SELLERLOGIC - Smarte Tools f\u00fcr Amazon-Seller","article_publisher":"https:\/\/www.facebook.com\/SellerLogic\/","og_image":[{"width":2400,"height":1270,"url":"https:\/\/d2bw95mh2ee04s.cloudfront.net\/prod\/content\/wp-content\/uploads\/2025\/06\/09094621\/Social-OG-Image-Link.jpg","type":"image\/jpeg"}],"twitter_card":"summary_large_image","twitter_site":"@sellerlogic","schema":{"@context":"https:\/\/schema.org","@graph":[{"@type":"WebPage","@id":"https:\/\/www.sellerlogic.com\/cs\/callback-service\/","url":"https:\/\/www.sellerlogic.com\/cs\/callback-service\/","name":"SELLERLOGIC: Slu\u017eba zp\u011btn\u00e9ho vol\u00e1n\u00ed pro v\u0161echny dotazy ohledn\u011b SELLERLOGIC","isPartOf":{"@id":"https:\/\/www.sellerlogic.com\/cs\/#website"},"datePublished":"2020-12-14T12:23:44+00:00","description":"M\u00e1te dotazy? Pak zadejte sv\u00e9 \u00fadaje a my v\u00e1m zavol\u00e1me co nejd\u0159\u00edve. N\u00e1\u0161 t\u00fdm z\u00e1kaznick\u00e9ho \u00fasp\u011bchu se t\u011b\u0161\u00ed na va\u0161i zpr\u00e1vu!","breadcrumb":{"@id":"https:\/\/www.sellerlogic.com\/cs\/callback-service\/#breadcrumb"},"inLanguage":"cs-CZ","potentialAction":[{"@type":"ReadAction","target":["https:\/\/www.sellerlogic.com\/cs\/callback-service\/"]}]},{"@type":"BreadcrumbList","@id":"https:\/\/www.sellerlogic.com\/cs\/callback-service\/#breadcrumb","itemListElement":[{"@type":"ListItem","position":1,"name":"Home","item":"https:\/\/www.sellerlogic.com\/cs\/"},{"@type":"ListItem","position":2,"name":"Slu\u017eba zp\u011btn\u00e9ho vol\u00e1n\u00ed"}]},{"@type":"WebSite","@id":"https:\/\/www.sellerlogic.com\/cs\/#website","url":"https:\/\/www.sellerlogic.com\/cs\/","name":"SELLERLOGIC - Smarte Tools f\u00fcr Amazon-Seller","description":"Intelligente Prozessoptimierung und Gewinnmaximierung","publisher":{"@id":"https:\/\/www.sellerlogic.com\/cs\/#organization"},"potentialAction":[{"@type":"SearchAction","target":{"@type":"EntryPoint","urlTemplate":"https:\/\/www.sellerlogic.com\/cs\/?s={search_term_string}"},"query-input":{"@type":"PropertyValueSpecification","valueRequired":true,"valueName":"search_term_string"}}],"inLanguage":"cs-CZ"},{"@type":"Organization","@id":"https:\/\/www.sellerlogic.com\/cs\/#organization","name":"SELLERLOGIC","url":"https:\/\/www.sellerlogic.com\/cs\/","logo":{"@type":"ImageObject","inLanguage":"cs-CZ","@id":"https:\/\/www.sellerlogic.com\/cs\/#\/schema\/logo\/image\/","url":"https:\/\/d2bw95mh2ee04s.cloudfront.net\/prod\/content\/wp-content\/uploads\/2025\/01\/02134814\/Property-Logo-Main.svg","contentUrl":"https:\/\/d2bw95mh2ee04s.cloudfront.net\/prod\/content\/wp-content\/uploads\/2025\/01\/02134814\/Property-Logo-Main.svg","width":184,"height":40,"caption":"SELLERLOGIC"},"image":{"@id":"https:\/\/www.sellerlogic.com\/cs\/#\/schema\/logo\/image\/"},"sameAs":["https:\/\/www.facebook.com\/SellerLogic\/","https:\/\/x.com\/sellerlogic","https:\/\/www.instagram.com\/sellerlogic\/","https:\/\/www.linkedin.com\/company\/18402037\/","https:\/\/www.youtube.com\/channel\/UC-gULUur-fNj08sprantKsQ"]}]}},"_links":{"self":[{"href":"https:\/\/www.sellerlogic.com\/cs\/wp-json\/wp\/v2\/pages\/109326","targetHints":{"allow":["GET"]}}],"collection":[{"href":"https:\/\/www.sellerlogic.com\/cs\/wp-json\/wp\/v2\/pages"}],"about":[{"href":"https:\/\/www.sellerlogic.com\/cs\/wp-json\/wp\/v2\/types\/page"}],"author":[{"embeddable":true,"href":"https:\/\/www.sellerlogic.com\/cs\/wp-json\/wp\/v2\/users\/8"}],"replies":[{"embeddable":true,"href":"https:\/\/www.sellerlogic.com\/cs\/wp-json\/wp\/v2\/comments?post=109326"}],"version-history":[{"count":0,"href":"https:\/\/www.sellerlogic.com\/cs\/wp-json\/wp\/v2\/pages\/109326\/revisions"}],"wp:attachment":[{"href":"https:\/\/www.sellerlogic.com\/cs\/wp-json\/wp\/v2\/media?parent=109326"}],"curies":[{"name":"wp","href":"https:\/\/api.w.org\/{rel}","templated":true}]}}