
{"id":109380,"date":"2020-12-21T22:08:33","date_gmt":"2020-12-21T22:08:33","guid":{"rendered":"https:\/\/127.0.0.1\/resources\/success-story-fj-trading\/"},"modified":"2020-12-21T22:08:33","modified_gmt":"2020-12-21T22:08:33","slug":"success-story-fj-trading","status":"publish","type":"page","link":"https:\/\/www.sellerlogic.com\/cs\/resources\/success-story-fj-trading\/","title":{"rendered":"Success Story: FJ Trading EN"},"content":{"rendered":"\n\t<div  class=\"theme-wp-block theme-block-main-header is-style-full-height desktop-content-align-y-center desktop-content-align-x-center xl-content-align-y-center xl-content-align-x-center lg-content-align-y-center lg-content-align-x-center md-content-align-y-center md-content-align-x-center sm-content-align-y-center sm-content-align-x-center gb-responsive-853195-identifier desktop-align-full xl-align-full lg-align-full md-align-full sm-align-full theme-block-cover\">\n\t\t<div class=\"bg-cover theme-lazy-load-bg\"><\/div>\n\t\t<div class=\"wrap-content-main-header\">\n\t\t\t\t\t<div  class=\"theme-wp-block theme-block-text-and-text gb-responsive-170032-identifier desktop-vertical-center xl-vertical-center lg-vertical-center md-vertical-center sm-vertical-center md-blockDirection-column sm-blockDirection-column desktop-blockDirection-column xl-blockDirection-column lg-blockDirection-column alignfull\">\n\t\t<div class=\"tat-column-wrap-wrapper\">\n\t\t\t<div class=\"tat-column-wrapper\">\n\t\t\t\t\t<div  class=\"theme-wp-block theme-block-text-and-text-column gb-responsive-644092-identifier md-horizontal-center desktop-horizontal-right sm-horizontal-center xl-horizontal-center lg-horizontal-center\">\n\t\t<div class=\"inner-wrap-column-content\">\n\t\t\t<div class=\"inner-column-content\">\n\t\t\t\t\t\t<h1  class=\"theme-wp-block theme-block-heading gb-responsive-482560-identifier desktop-text-center xl-text-center lg-text-center md-text-center sm-text-center h1\">\n\t\tV\u00edce Buy Box, v\u00edce obratu!\t<\/h1>\n\n\t\t<h2  class=\"theme-wp-block theme-block-heading gb-responsive-539815-identifier desktop-text-center xl-text-center lg-text-center md-text-center sm-text-center desktop-gb-has-no-icon xl-gb-has-no-icon lg-gb-has-no-icon md-gb-has-no-icon sm-gb-has-no-icon h1\">\n\t\tJak FJ Trading zvy\u0161uje procento Buy Box a obrat s SELLERLOGIC!\t<\/h2>\n\n\t\t\t<\/div>\n\t\t<\/div>\n\t<\/div>\n\t<div  class=\"theme-wp-block theme-block-text-and-text-column gb-responsive-840598-identifier desktop-horizontal-center xl-horizontal-center lg-horizontal-center md-horizontal-center sm-horizontal-center\">\n\t\t<div class=\"inner-wrap-column-content\">\n\t\t\t<div class=\"inner-column-content\">\n\t\t\t\t\t\t\t<\/div>\n\t\t<\/div>\n\t<\/div>\n\t\t\t<\/div>\n\t\t<\/div>\n\t<\/div>\n\n\t\t<\/div>\n\t<\/div>\n\n<div style=\"height:50px\" aria-hidden=\"true\" class=\"theme-wp-block wp-block-spacer\"><\/div><div class=\"theme-wp-block wp-block-columns gb-responsive-492868-identifier is-layout-flex wp-container-core-columns-is-layout-9d6595d7 wp-block-columns-is-layout-flex\"><div class=\"theme-wp-block wp-block-column gb-responsive-633979-identifier is-layout-flow wp-block-column-is-layout-flow\" style=\"flex-basis:25%\"><figure class=\"theme-wp-block wp-block-image size-large is-resized gb-responsive-62921-identifier\"><img decoding=\"async\" src=\"https:\/\/d2bw95mh2ee04s.cloudfront.net\/prod\/content\/wp-content\/uploads\/2020\/12\/23142716\/fj-trading-logo.jpg\" alt=\"Success Story: FJ Trading EN\" class=\"wp-image-5127\" width=\"300\" height=\"167\"><\/figure><p class=\"theme-wp-block gb-responsive-312552-identifier\"><strong><strong>Z\u00e1klad<\/strong>:<\/strong><br>2013<\/p><p class=\"theme-wp-block gb-responsive-353708-identifier\"><strong><strong>Odv\u011btv\u00ed<\/strong>:<\/strong><br>Boty<\/p><p class=\"theme-wp-block gb-responsive-741269-identifier\"><strong><strong>Polo\u017eky na Amazonu:\u00a0<\/strong><\/strong><br>p\u0159ibli\u017en\u011b 100.000 SKU<\/p><p class=\"theme-wp-block gb-responsive-218030-identifier\"><strong><strong>Odesl\u00e1n\u00ed<\/strong>:\u00a0<\/strong><br>p\u0159ibli\u017en\u011b 50.000 za m\u011bs\u00edc<\/p><\/div><div class=\"theme-wp-block wp-block-column gb-responsive-243785-identifier is-layout-flow wp-block-column-is-layout-flow\" style=\"flex-basis:50%\"><h3 class=\"theme-wp-block wp-block-heading gb-responsive-34353-identifier\" id=\"block-c06fce04-ef87-4ffc-a3d6-b768ba377d17\">Pozad\u00ed:<\/h3><p class=\"theme-wp-block gb-responsive-710769-identifier desktop-gb-has-no-icon xl-gb-has-no-icon lg-gb-has-no-icon md-gb-has-no-icon sm-gb-has-no-icon\">Frank Jemetz aktivn\u011b prod\u00e1v\u00e1 ve sv\u011bt\u011b online tr\u017ei\u0161\u0165 od roku 2004. Na za\u010d\u00e1tku to bylo p\u0159ev\u00e1\u017en\u011b p\u0159es eBay, ale nyn\u00ed se p\u0159esunul na Amazon. &#8220;Experimentovali jsme s mnoha produkty,&#8221; \u0159\u00edk\u00e1 dnes gener\u00e1ln\u00ed \u0159editel. &#8220;Od nafukovac\u00edch \u010dlun\u016f po ml\u00e9\u010dn\u00e9 \u0161leha\u010de.&#8221; Frank se pot\u00e9 rozhodl p\u0159idat tenisky Adidas do sv\u00e9ho portfolia. &#8220;A n\u011bjak se to opravdu uchytilo.&#8221; Dnes FJ Trading p\u0159ev\u00e1\u017en\u011b prod\u00e1v\u00e1 boty p\u0159es online tr\u017ei\u0161t\u011b a d\u011blaj\u00ed to s neust\u00e1le rostouc\u00edm \u00fasp\u011bchem.<\/p><h3 class=\"theme-wp-block wp-block-heading gb-responsive-182281-identifier desktop-gb-has-no-icon xl-gb-has-no-icon lg-gb-has-no-icon md-gb-has-no-icon sm-gb-has-no-icon\">Za\u010d\u00e1tky:<\/h3><p class=\"theme-wp-block gb-responsive-318425-identifier desktop-gb-has-no-icon xl-gb-has-no-icon lg-gb-has-no-icon md-gb-has-no-icon sm-gb-has-no-icon\">Podle Franka by FJ Trading dnes neexistoval bez Amazonu a neuv\u011b\u0159iteln\u011b vysok\u00e9ho po\u010dtu kupuj\u00edc\u00edch, kte\u0159\u00ed nav\u0161t\u011bvuj\u00ed online tr\u017ei\u0161t\u011b ka\u017ed\u00fd m\u011bs\u00edc. &#8220;Ale konkuren\u010dn\u00ed tlak v maloobchodu je obzvl\u00e1\u0161\u0165 siln\u00fd. Nen\u00ed neobvykl\u00e9, \u017ee ceny klesaj\u00ed pod n\u00e1kupn\u00ed cenu.&#8221;<\/p><p class=\"theme-wp-block gb-responsive-730648-identifier desktop-gb-has-no-icon xl-gb-has-no-icon lg-gb-has-no-icon md-gb-has-no-icon sm-gb-has-no-icon\">Nicm\u00e9n\u011b uzav\u0159en\u00ed obchodu, p\u0159i kter\u00e9m by spole\u010dnost prod\u011blala, je pro Franka nep\u0159ijateln\u00e9. &#8220;Z\u00e1rove\u0148 jsme v\u011bd\u011bli, \u017ee mus\u00edme z\u016fstat na Amazonu, vzhledem k tomu, \u017ee to byla \u2013 a st\u00e1le je \u2013 na\u0161e nejd\u016fle\u017eit\u011bj\u0161\u00ed prodejn\u00ed platforma.&#8221; Bylo jasn\u00e9, \u017ee je pot\u0159eba jin\u00e1 strategie. &#8220;Nem\u016f\u017eete dlouhodob\u011b obst\u00e1t, pokud neust\u00e1le up\u0159ednost\u0148ujete uzav\u0159en\u00ed obchodu p\u0159ed dosa\u017een\u00edm dobr\u00e9 mar\u017ee.&#8221; FJ Trading pot\u0159eboval zp\u016fsob, jak dynamicky optimalizovat sv\u00e9 ceny a p\u0159\u00edmo reagovat na konkurenci. S p\u0159ibli\u017en\u011b 100 000 SKU v\u0161ak rychle vy\u0161lo najevo, \u017ee manu\u00e1ln\u00ed zpracov\u00e1n\u00ed ji\u017e nen\u00ed mo\u017enost\u00ed. V tomto okam\u017eiku bylo pot\u0159eba automatizovan\u00e9 n\u00e1stroje.<\/p><h3 class=\"theme-wp-block wp-block-heading gb-responsive-115756-identifier\">\u0158e\u0161en\u00ed:<\/h3><p class=\"theme-wp-block gb-responsive-49178-identifier desktop-gb-has-no-icon xl-gb-has-no-icon lg-gb-has-no-icon md-gb-has-no-icon sm-gb-has-no-icon\">&#8220;Nem\u016f\u017eete nic d\u011blat bez n\u00e1stroje na zm\u011bnu cen,&#8221; prohla\u0161uje Frank. &#8220;Od t\u00e9 doby, co pou\u017e\u00edv\u00e1me SELLERLOGIC Repricer, se pod\u00edl Buy Box na\u0161ich produkt\u016f v\u00fdrazn\u011b zv\u00fd\u0161il.&#8221; Zejm\u00e9na integrace strategie Buy Box byla d\u016fle\u017eit\u00fdm faktorem v rozhodnut\u00ed FJ Trading: &#8220;D\u0159\u00edve jsme spolupracovali s jin\u00fdm poskytovatelem, ale n\u00e1stroj neoptimalizoval specificky pro Buy Box.&#8221; Dokonce ani naprogramovan\u00fd repricer nedos\u00e1hl po\u017eadovan\u00fdch v\u00fdsledk\u016f, proto\u017ee pot\u0159ebn\u00e1 n\u00e1maha byla p\u0159\u00edli\u0161 vysok\u00e1.<\/p><div class=\"theme-block-group-wrap\"><div class=\"theme-wp-block wp-block-group gb-responsive-88118-identifier\">\t\t<div  class=\"theme-wp-block theme-block-user-card gb-responsive-799176-identifier is-style-full-width-line desktop-gb-has-no-icon xl-gb-has-no-icon lg-gb-has-no-icon md-gb-has-no-icon sm-gb-has-no-icon\">\n\t\t<div class=\"wrap-inner-content\">\n\t\t\t<div class=\"card-user-head\">\n\t\t\t\t<div class=\"card-user-avatar\">\n\t\t\t\t\t<div class=\"cover-avatar\" style=\"background-image: url(https:\/\/d2bw95mh2ee04s.cloudfront.net\/prod\/content\/wp-content\/uploads\/2020\/12\/23142717\/frank-jemetz.png);\"><\/div>\n\t\t\t\t<\/div>\n\t\t\t\t<div class=\"wrap-title\">\n\t\t\t\t\t<div class=\"card-user-name\">\n\t\t\t\t\t\t<div class=\"title\">\n\t\t\t\t\t\t\t<h3 class=\"heading-text\"><strong>Frank Jemetz<\/strong><\/h3>\n\t\t\t\t\t\t<\/div>\n\t\t\t\t\t\t<div class=\"card-user-position\">\n\t\t\t\t\t\t\t<div class=\"card-text\"><strong>CEO FJ Trading<\/strong><\/div>\n\t\t\t\t\t\t<\/div>\n\t\t\t\t\t<\/div>\n\t\t\t\t\t<div class=\"card-user-quote-icon\">\n\t\t\t\t\t<\/div>\n\t\t\t\t<\/div>\n\t\t\t<\/div>\n\t\t\t<div class=\"card-user-text\">\n\t\t\t\t<div class=\"card-text\"><p>Strategie Buy Box, kter\u00e1 vy\u017eaduje minim\u00e1ln\u00ed manu\u00e1ln\u00ed \u00fasil\u00ed, n\u00edzk\u00e1 chybovost a skute\u010dnost, \u017ee Repricer funguje skv\u011ble, hovo\u0159\u00ed ve prosp\u011bch produkt\u016f SELLERLOGIC!<\/p><\/div>\n\t\t\t<\/div>\n\t\t<\/div>\n\t<\/div>\n\n<\/div><\/div><h3 class=\"theme-wp-block wp-block-heading gb-responsive-595368-identifier desktop-gb-has-no-icon xl-gb-has-no-icon lg-gb-has-no-icon md-gb-has-no-icon sm-gb-has-no-icon\">\u00dasp\u011b\u0161n\u00e9 v\u00fdsledky s SELLERLOGIC:<\/h3><p class=\"theme-wp-block gb-responsive-439964-identifier desktop-gb-has-no-icon xl-gb-has-no-icon lg-gb-has-no-icon md-gb-has-no-icon sm-gb-has-no-icon\">SELLERLOGIC&#8217;s Repricer funguje jinak: &#8220;Jakmile jsem definoval pravidla, nemus\u00edm se o nic dal\u0161\u00edho starat.&#8221; D\u00edky automatick\u00fdm import\u016fm bylo nastaven\u00ed velmi snadn\u00e9 a v\u00fdsledky Repricer byly tak\u00e9 p\u0159esv\u011bd\u010div\u00e9: &#8220;Pod\u00edl Buy Box je velmi dobr\u00fd. Krom\u011b toho je z\u00e1kaznick\u00fd servis vynikaj\u00edc\u00ed a n\u00e1stroj se neust\u00e1le vyv\u00edj\u00ed.&#8221;<\/p><p class=\"theme-wp-block gb-responsive-668364-identifier\">&#8220;Tak\u00e9 SELLERLOGIC Repricer m\u00e1 vysokou dostupnost. Chyby jsou velmi vz\u00e1cn\u00e9 a rychle se \u0159e\u0161\u00ed,&#8221; \u0159\u00edk\u00e1 Frank Jemetz. &#8220;Je tak\u00e9 d\u016fle\u017eit\u00e9, \u017ee syst\u00e9m nikdy neklesne pod stanovenou minim\u00e1ln\u00ed cenu. &#8220;Nechceme podn\u011bcovat cenovou v\u00e1lku na Amazonu. S SELLERLOGIC se na to m\u016f\u017eeme spolehnout!&#8221;<\/p><p class=\"theme-wp-block gb-responsive-697003-identifier desktop-gb-has-no-icon xl-gb-has-no-icon lg-gb-has-no-icon md-gb-has-no-icon sm-gb-has-no-icon\">Frank je zcela spokojen s SELLERLOGIC\u2018s Repricer: &#8220;Strategie Buy Box \u2013 kter\u00e1 vy\u017eaduje pouze minim\u00e1ln\u00ed manu\u00e1ln\u00ed \u00fasil\u00ed \u2013 a n\u00edzk\u00e1 chybovost ji\u017e hovo\u0159\u00ed ve prosp\u011bch SELLERLOGIC. Ale nejd\u016fle\u017eit\u011bj\u0161\u00ed je: Repricer prost\u011b funguje jako sen!&#8221;<\/p><div class=\"theme-wp-block wp-block-buttons gb-responsive-497426-identifier is-layout-flex wp-block-buttons-is-layout-flex\"><div class=\"theme-wp-block wp-block-button gb-responsive-38220-identifier is-style-theme-transparent-with-arrow\"><a class=\"wp-block-button__link wp-element-button\" href=\"https:\/\/d2bw95mh2ee04s.cloudfront.net\/prod\/content\/files\/SUCCESS-STORIES\/EN\/SELLERLOGIC_SN_Success-Story_FJ-Trading_EN.pdf\" target=\"_blank\" rel=\"noreferrer noopener nofollow\">St\u00e1hnout nyn\u00ed!<\/a><\/div><\/div><\/div><div class=\"theme-wp-block wp-block-column gb-responsive-252189-identifier is-layout-flow wp-block-column-is-layout-flow\" style=\"flex-basis:25%\"><\/div><\/div><p class=\"theme-wp-block gb-responsive-527070-identifier\"><\/p>","protected":false},"excerpt":{"rendered":"<p>Z\u00e1klad:2013 Odv\u011btv\u00ed:Boty Polo\u017eky na Amazonu:\u00a0p\u0159ibli\u017en\u011b 100.000 SKU Odesl\u00e1n\u00ed:\u00a0p\u0159ibli\u017en\u011b 50.000 za m\u011bs\u00edc Pozad\u00ed: Frank Jemetz aktivn\u011b prod\u00e1v\u00e1 ve sv\u011bt\u011b online tr\u017ei\u0161\u0165 od roku 2004. Na za\u010d\u00e1tku to bylo p\u0159ev\u00e1\u017en\u011b p\u0159es eBay, ale nyn\u00ed se p\u0159esunul na Amazon. &#8220;Experimentovali jsme s mnoha produkty,&#8221; \u0159\u00edk\u00e1 dnes gener\u00e1ln\u00ed \u0159editel. &#8220;Od nafukovac\u00edch \u010dlun\u016f po ml\u00e9\u010dn\u00e9 \u0161leha\u010de.&#8221; Frank se pot\u00e9 rozhodl<\/p>\n","protected":false},"author":8,"featured_media":5113,"parent":109215,"menu_order":0,"comment_status":"closed","ping_status":"closed","template":"","meta":{"sidebar_recommended_resources":{"data":[]},"sidebar_header_settings":{"hide_buttons":{"register":false}},"_use_new_theme":false,"inline_featured_image":false,"footnotes":""},"class_list":["post-109380","page","type-page","status-publish","has-post-thumbnail","hentry"],"yoast_head":"<!-- This site is optimized with the Yoast SEO plugin v26.8 - https:\/\/yoast.com\/product\/yoast-seo-wordpress\/ -->\n<title>V\u00edce Buy Box, v\u00edce obratu \u2013 s SELLERLOGIC Repricer<\/title>\n<meta name=\"description\" content=\"SELLERLOGIC Repricer pro Amazon vyhr\u00e1v\u00e1 Buy Box a zvy\u0161uje va\u0161e prodeje. N\u00e1\u0161 z\u00e1kazn\u00edk FJ Trading to m\u016f\u017ee potvrdit. Zjist\u011bte v\u00edce nyn\u00ed!\" \/>\n<meta name=\"robots\" content=\"index, follow, max-snippet:-1, max-image-preview:large, max-video-preview:-1\" \/>\n<link rel=\"canonical\" href=\"https:\/\/www.sellerlogic.com\/cs\/resources\/success-story-fj-trading\/\" \/>\n<meta property=\"og:locale\" content=\"cs_CZ\" \/>\n<meta property=\"og:type\" content=\"article\" \/>\n<meta property=\"og:title\" content=\"V\u00edce Buy Box, v\u00edce obratu \u2013 s SELLERLOGIC Repricer\" \/>\n<meta property=\"og:description\" content=\"SELLERLOGIC Repricer pro Amazon vyhr\u00e1v\u00e1 Buy Box a zvy\u0161uje va\u0161e prodeje. N\u00e1\u0161 z\u00e1kazn\u00edk FJ Trading to m\u016f\u017ee potvrdit. Zjist\u011bte v\u00edce nyn\u00ed!\" \/>\n<meta property=\"og:url\" content=\"https:\/\/www.sellerlogic.com\/cs\/resources\/success-story-fj-trading\/\" \/>\n<meta property=\"og:site_name\" content=\"SELLERLOGIC - Smarte Tools f\u00fcr Amazon-Seller\" \/>\n<meta property=\"article:publisher\" content=\"https:\/\/www.facebook.com\/SellerLogic\/\" \/>\n<meta property=\"og:image\" content=\"http:\/\/d2bw95mh2ee04s.cloudfront.net\/prod\/content\/wp-content\/uploads\/2020\/12\/23142717\/header-success-story-fj-trading.jpg\" \/>\n\t<meta property=\"og:image:width\" content=\"2500\" \/>\n\t<meta property=\"og:image:height\" content=\"1667\" \/>\n\t<meta property=\"og:image:type\" content=\"image\/jpeg\" \/>\n<meta name=\"twitter:card\" content=\"summary_large_image\" \/>\n<meta name=\"twitter:site\" content=\"@sellerlogic\" \/>\n<meta name=\"twitter:label1\" content=\"Est. reading time\" \/>\n\t<meta name=\"twitter:data1\" content=\"3 minutes\" \/>\n<script type=\"application\/ld+json\" class=\"yoast-schema-graph\">{\"@context\":\"https:\/\/schema.org\",\"@graph\":[{\"@type\":\"WebPage\",\"@id\":\"https:\/\/www.sellerlogic.com\/cs\/resources\/success-story-fj-trading\/\",\"url\":\"https:\/\/www.sellerlogic.com\/cs\/resources\/success-story-fj-trading\/\",\"name\":\"V\u00edce Buy Box, v\u00edce obratu \u2013 s SELLERLOGIC Repricer\",\"isPartOf\":{\"@id\":\"https:\/\/www.sellerlogic.com\/cs\/#website\"},\"primaryImageOfPage\":{\"@id\":\"https:\/\/www.sellerlogic.com\/cs\/resources\/success-story-fj-trading\/#primaryimage\"},\"image\":{\"@id\":\"https:\/\/www.sellerlogic.com\/cs\/resources\/success-story-fj-trading\/#primaryimage\"},\"thumbnailUrl\":\"https:\/\/d2bw95mh2ee04s.cloudfront.net\/prod\/content\/wp-content\/uploads\/2020\/12\/23142717\/header-success-story-fj-trading.jpg\",\"datePublished\":\"2020-12-21T22:08:33+00:00\",\"description\":\"SELLERLOGIC Repricer pro Amazon vyhr\u00e1v\u00e1 Buy Box a zvy\u0161uje va\u0161e prodeje. N\u00e1\u0161 z\u00e1kazn\u00edk FJ Trading to m\u016f\u017ee potvrdit. Zjist\u011bte v\u00edce nyn\u00ed!\",\"breadcrumb\":{\"@id\":\"https:\/\/www.sellerlogic.com\/cs\/resources\/success-story-fj-trading\/#breadcrumb\"},\"inLanguage\":\"cs-CZ\",\"potentialAction\":[{\"@type\":\"ReadAction\",\"target\":[\"https:\/\/www.sellerlogic.com\/cs\/resources\/success-story-fj-trading\/\"]}]},{\"@type\":\"ImageObject\",\"inLanguage\":\"cs-CZ\",\"@id\":\"https:\/\/www.sellerlogic.com\/cs\/resources\/success-story-fj-trading\/#primaryimage\",\"url\":\"https:\/\/d2bw95mh2ee04s.cloudfront.net\/prod\/content\/wp-content\/uploads\/2020\/12\/23142717\/header-success-story-fj-trading.jpg\",\"contentUrl\":\"https:\/\/d2bw95mh2ee04s.cloudfront.net\/prod\/content\/wp-content\/uploads\/2020\/12\/23142717\/header-success-story-fj-trading.jpg\",\"width\":2500,\"height\":1667},{\"@type\":\"BreadcrumbList\",\"@id\":\"https:\/\/www.sellerlogic.com\/cs\/resources\/success-story-fj-trading\/#breadcrumb\",\"itemListElement\":[{\"@type\":\"ListItem\",\"position\":1,\"name\":\"Home\",\"item\":\"https:\/\/www.sellerlogic.com\/cs\/\"},{\"@type\":\"ListItem\",\"position\":2,\"name\":\"Zdroje EN\",\"item\":\"https:\/\/127.0.0.1\/de\/ressourcen\/\"},{\"@type\":\"ListItem\",\"position\":3,\"name\":\"Success Story: FJ Trading EN\"}]},{\"@type\":\"WebSite\",\"@id\":\"https:\/\/www.sellerlogic.com\/cs\/#website\",\"url\":\"https:\/\/www.sellerlogic.com\/cs\/\",\"name\":\"SELLERLOGIC - Smarte Tools f\u00fcr Amazon-Seller\",\"description\":\"Intelligente Prozessoptimierung und Gewinnmaximierung\",\"publisher\":{\"@id\":\"https:\/\/www.sellerlogic.com\/cs\/#organization\"},\"potentialAction\":[{\"@type\":\"SearchAction\",\"target\":{\"@type\":\"EntryPoint\",\"urlTemplate\":\"https:\/\/www.sellerlogic.com\/cs\/?s={search_term_string}\"},\"query-input\":{\"@type\":\"PropertyValueSpecification\",\"valueRequired\":true,\"valueName\":\"search_term_string\"}}],\"inLanguage\":\"cs-CZ\"},{\"@type\":\"Organization\",\"@id\":\"https:\/\/www.sellerlogic.com\/cs\/#organization\",\"name\":\"SELLERLOGIC\",\"url\":\"https:\/\/www.sellerlogic.com\/cs\/\",\"logo\":{\"@type\":\"ImageObject\",\"inLanguage\":\"cs-CZ\",\"@id\":\"https:\/\/www.sellerlogic.com\/cs\/#\/schema\/logo\/image\/\",\"url\":\"https:\/\/d2bw95mh2ee04s.cloudfront.net\/prod\/content\/wp-content\/uploads\/2025\/01\/02134814\/Property-Logo-Main.svg\",\"contentUrl\":\"https:\/\/d2bw95mh2ee04s.cloudfront.net\/prod\/content\/wp-content\/uploads\/2025\/01\/02134814\/Property-Logo-Main.svg\",\"width\":184,\"height\":40,\"caption\":\"SELLERLOGIC\"},\"image\":{\"@id\":\"https:\/\/www.sellerlogic.com\/cs\/#\/schema\/logo\/image\/\"},\"sameAs\":[\"https:\/\/www.facebook.com\/SellerLogic\/\",\"https:\/\/x.com\/sellerlogic\",\"https:\/\/www.instagram.com\/sellerlogic\/\",\"https:\/\/www.linkedin.com\/company\/18402037\/\",\"https:\/\/www.youtube.com\/channel\/UC-gULUur-fNj08sprantKsQ\"]}]}<\/script>\n<!-- \/ Yoast SEO plugin. -->","yoast_head_json":{"title":"V\u00edce Buy Box, v\u00edce obratu \u2013 s SELLERLOGIC Repricer","description":"SELLERLOGIC Repricer pro Amazon vyhr\u00e1v\u00e1 Buy Box a zvy\u0161uje va\u0161e prodeje. N\u00e1\u0161 z\u00e1kazn\u00edk FJ Trading to m\u016f\u017ee potvrdit. Zjist\u011bte v\u00edce nyn\u00ed!","robots":{"index":"index","follow":"follow","max-snippet":"max-snippet:-1","max-image-preview":"max-image-preview:large","max-video-preview":"max-video-preview:-1"},"canonical":"https:\/\/www.sellerlogic.com\/cs\/resources\/success-story-fj-trading\/","og_locale":"cs_CZ","og_type":"article","og_title":"V\u00edce Buy Box, v\u00edce obratu \u2013 s SELLERLOGIC Repricer","og_description":"SELLERLOGIC Repricer pro Amazon vyhr\u00e1v\u00e1 Buy Box a zvy\u0161uje va\u0161e prodeje. N\u00e1\u0161 z\u00e1kazn\u00edk FJ Trading to m\u016f\u017ee potvrdit. Zjist\u011bte v\u00edce nyn\u00ed!","og_url":"https:\/\/www.sellerlogic.com\/cs\/resources\/success-story-fj-trading\/","og_site_name":"SELLERLOGIC - Smarte Tools f\u00fcr Amazon-Seller","article_publisher":"https:\/\/www.facebook.com\/SellerLogic\/","og_image":[{"width":2500,"height":1667,"url":"http:\/\/d2bw95mh2ee04s.cloudfront.net\/prod\/content\/wp-content\/uploads\/2020\/12\/23142717\/header-success-story-fj-trading.jpg","type":"image\/jpeg"}],"twitter_card":"summary_large_image","twitter_site":"@sellerlogic","twitter_misc":{"Est. reading time":"3 minutes"},"schema":{"@context":"https:\/\/schema.org","@graph":[{"@type":"WebPage","@id":"https:\/\/www.sellerlogic.com\/cs\/resources\/success-story-fj-trading\/","url":"https:\/\/www.sellerlogic.com\/cs\/resources\/success-story-fj-trading\/","name":"V\u00edce Buy Box, v\u00edce obratu \u2013 s SELLERLOGIC Repricer","isPartOf":{"@id":"https:\/\/www.sellerlogic.com\/cs\/#website"},"primaryImageOfPage":{"@id":"https:\/\/www.sellerlogic.com\/cs\/resources\/success-story-fj-trading\/#primaryimage"},"image":{"@id":"https:\/\/www.sellerlogic.com\/cs\/resources\/success-story-fj-trading\/#primaryimage"},"thumbnailUrl":"https:\/\/d2bw95mh2ee04s.cloudfront.net\/prod\/content\/wp-content\/uploads\/2020\/12\/23142717\/header-success-story-fj-trading.jpg","datePublished":"2020-12-21T22:08:33+00:00","description":"SELLERLOGIC Repricer pro Amazon vyhr\u00e1v\u00e1 Buy Box a zvy\u0161uje va\u0161e prodeje. N\u00e1\u0161 z\u00e1kazn\u00edk FJ Trading to m\u016f\u017ee potvrdit. Zjist\u011bte v\u00edce nyn\u00ed!","breadcrumb":{"@id":"https:\/\/www.sellerlogic.com\/cs\/resources\/success-story-fj-trading\/#breadcrumb"},"inLanguage":"cs-CZ","potentialAction":[{"@type":"ReadAction","target":["https:\/\/www.sellerlogic.com\/cs\/resources\/success-story-fj-trading\/"]}]},{"@type":"ImageObject","inLanguage":"cs-CZ","@id":"https:\/\/www.sellerlogic.com\/cs\/resources\/success-story-fj-trading\/#primaryimage","url":"https:\/\/d2bw95mh2ee04s.cloudfront.net\/prod\/content\/wp-content\/uploads\/2020\/12\/23142717\/header-success-story-fj-trading.jpg","contentUrl":"https:\/\/d2bw95mh2ee04s.cloudfront.net\/prod\/content\/wp-content\/uploads\/2020\/12\/23142717\/header-success-story-fj-trading.jpg","width":2500,"height":1667},{"@type":"BreadcrumbList","@id":"https:\/\/www.sellerlogic.com\/cs\/resources\/success-story-fj-trading\/#breadcrumb","itemListElement":[{"@type":"ListItem","position":1,"name":"Home","item":"https:\/\/www.sellerlogic.com\/cs\/"},{"@type":"ListItem","position":2,"name":"Zdroje EN","item":"https:\/\/127.0.0.1\/de\/ressourcen\/"},{"@type":"ListItem","position":3,"name":"Success Story: FJ Trading EN"}]},{"@type":"WebSite","@id":"https:\/\/www.sellerlogic.com\/cs\/#website","url":"https:\/\/www.sellerlogic.com\/cs\/","name":"SELLERLOGIC - Smarte Tools f\u00fcr Amazon-Seller","description":"Intelligente Prozessoptimierung und Gewinnmaximierung","publisher":{"@id":"https:\/\/www.sellerlogic.com\/cs\/#organization"},"potentialAction":[{"@type":"SearchAction","target":{"@type":"EntryPoint","urlTemplate":"https:\/\/www.sellerlogic.com\/cs\/?s={search_term_string}"},"query-input":{"@type":"PropertyValueSpecification","valueRequired":true,"valueName":"search_term_string"}}],"inLanguage":"cs-CZ"},{"@type":"Organization","@id":"https:\/\/www.sellerlogic.com\/cs\/#organization","name":"SELLERLOGIC","url":"https:\/\/www.sellerlogic.com\/cs\/","logo":{"@type":"ImageObject","inLanguage":"cs-CZ","@id":"https:\/\/www.sellerlogic.com\/cs\/#\/schema\/logo\/image\/","url":"https:\/\/d2bw95mh2ee04s.cloudfront.net\/prod\/content\/wp-content\/uploads\/2025\/01\/02134814\/Property-Logo-Main.svg","contentUrl":"https:\/\/d2bw95mh2ee04s.cloudfront.net\/prod\/content\/wp-content\/uploads\/2025\/01\/02134814\/Property-Logo-Main.svg","width":184,"height":40,"caption":"SELLERLOGIC"},"image":{"@id":"https:\/\/www.sellerlogic.com\/cs\/#\/schema\/logo\/image\/"},"sameAs":["https:\/\/www.facebook.com\/SellerLogic\/","https:\/\/x.com\/sellerlogic","https:\/\/www.instagram.com\/sellerlogic\/","https:\/\/www.linkedin.com\/company\/18402037\/","https:\/\/www.youtube.com\/channel\/UC-gULUur-fNj08sprantKsQ"]}]}},"_links":{"self":[{"href":"https:\/\/www.sellerlogic.com\/cs\/wp-json\/wp\/v2\/pages\/109380","targetHints":{"allow":["GET"]}}],"collection":[{"href":"https:\/\/www.sellerlogic.com\/cs\/wp-json\/wp\/v2\/pages"}],"about":[{"href":"https:\/\/www.sellerlogic.com\/cs\/wp-json\/wp\/v2\/types\/page"}],"author":[{"embeddable":true,"href":"https:\/\/www.sellerlogic.com\/cs\/wp-json\/wp\/v2\/users\/8"}],"replies":[{"embeddable":true,"href":"https:\/\/www.sellerlogic.com\/cs\/wp-json\/wp\/v2\/comments?post=109380"}],"version-history":[{"count":0,"href":"https:\/\/www.sellerlogic.com\/cs\/wp-json\/wp\/v2\/pages\/109380\/revisions"}],"up":[{"embeddable":true,"href":"https:\/\/www.sellerlogic.com\/cs\/wp-json\/wp\/v2\/pages\/109215"}],"wp:featuredmedia":[{"embeddable":true,"href":"https:\/\/www.sellerlogic.com\/cs\/wp-json\/wp\/v2\/media\/5113"}],"wp:attachment":[{"href":"https:\/\/www.sellerlogic.com\/cs\/wp-json\/wp\/v2\/media?parent=109380"}],"curies":[{"name":"wp","href":"https:\/\/api.w.org\/{rel}","templated":true}]}}