
{"id":109386,"date":"2025-05-16T16:42:23","date_gmt":"2025-05-16T16:42:23","guid":{"rendered":"https:\/\/127.0.0.1\/wiki\/"},"modified":"2025-09-15T08:28:18","modified_gmt":"2025-09-15T08:28:18","slug":"wiki","status":"publish","type":"page","link":"https:\/\/www.sellerlogic.com\/cs\/wiki\/","title":{"rendered":"Wiki"},"content":{"rendered":"<div class=\"theme-block-group-wrap\">\n<div class=\"theme-wp-block wp-block-group gb-responsive-439204-identifier has-custom-width\"><div class=\"wp-block-group__inner-container is-layout-flow wp-block-group-is-layout-flow\"><div class=\"theme-block-group-wrap\">\n<div class=\"theme-wp-block wp-block-group gb-responsive-523307-identifier\"><div class=\"wp-block-group__inner-container is-layout-constrained wp-block-group-is-layout-constrained\">\n<h2 class=\"theme-wp-block wp-block-heading has-text-align-center gb-responsive-551389-identifier desktop-text-full xl-text-full lg-text-full md-text-full sm-text-full desktop-text-center xl-text-center lg-text-center md-text-center sm-text-center desktop-gb-has-no-icon xl-gb-has-no-icon lg-gb-has-no-icon md-gb-has-no-icon sm-gb-has-no-icon\">SELLERLOGIC Wiki<\/h2>\n\n\n\t\n\t<div class=\"theme-wp-block theme-block-wiki-search gb-responsive-921661-identifier theme-block-wiki-search\">\n\t\t<label class=\"wrap-input-search\">\n\t\t\t<span class=\"icon-search\"><\/span>\n\t\t\t<input class=\"theme-block-wiki-search-input\" type=\"text\" placeholder=\"Wiki vyhled\u00e1v\u00e1n\u00ed\">\n\t\t<\/label>\n\t<\/div>\n\n\n\n\t\n\t<div class=\"theme-wp-block theme-block-wiki-categories gb-responsive-537485-identifier theme-block-wiki-categories\">\n\t\t<ul>\n\t\t\t\t\t\t\t\t\t\t\t<li class=\"wiki-categories-item\">\n\t\t\t\t\t<a href=\"https:\/\/www.sellerlogic.com\/cs\/wiki\/category\/amazon\/\" class=\"wiki-categories-item-content-wrapper\">\n\t\t\t\t\t\t<div class=\"wrap-image\">\n\t\t\t\t\t\t\t<img decoding=\"async\" width=\"37\" height=\"36\" src=\"https:\/\/d2bw95mh2ee04s.cloudfront.net\/prod\/content\/wp-content\/uploads\/2024\/09\/12101120\/amazon.png\" class=\"attachment-thumbnail size-thumbnail\" alt=\"\" style=\"max-width: 40px; max-height: 40px;\" \/>\t\t\t\t\t\t<\/div>\n\t\t\t\t\t\t<div class=\"label\">Amazon<\/div>\n\t\t\t\t\t<\/a>\n\t\t\t\t<\/li>\n\t\t\t\t\t\t\t\t\t\t\t<li class=\"wiki-categories-item\">\n\t\t\t\t\t<a href=\"https:\/\/www.sellerlogic.com\/cs\/wiki\/category\/marketing\/\" class=\"wiki-categories-item-content-wrapper\">\n\t\t\t\t\t\t<div class=\"wrap-image\">\n\t\t\t\t\t\t\t<img decoding=\"async\" width=\"405\" height=\"240\" src=\"https:\/\/d2bw95mh2ee04s.cloudfront.net\/prod\/content\/wp-content\/uploads\/2021\/02\/15070337\/marketing.svg\" class=\"attachment-thumbnail size-thumbnail\" alt=\"Treten Sie mit den Marketing Team von SELLERLOGIC in Kontakt\" style=\"max-width: 40px; max-height: 40px;\" \/>\t\t\t\t\t\t<\/div>\n\t\t\t\t\t\t<div class=\"label\">Marketing<\/div>\n\t\t\t\t\t<\/a>\n\t\t\t\t<\/li>\n\t\t\t\t\t\t\t\t\t\t\t<li class=\"wiki-categories-item\">\n\t\t\t\t\t<a href=\"https:\/\/www.sellerlogic.com\/cs\/wiki\/category\/prodej\/\" class=\"wiki-categories-item-content-wrapper\">\n\t\t\t\t\t\t<div class=\"wrap-image\">\n\t\t\t\t\t\t\t<img decoding=\"async\" width=\"405\" height=\"240\" src=\"https:\/\/d2bw95mh2ee04s.cloudfront.net\/prod\/content\/wp-content\/uploads\/2021\/02\/15070337\/sales.svg\" class=\"attachment-thumbnail size-thumbnail\" alt=\"Treten Sie mit dem Sales Team von SELLERLOGIC in Kontakt\" style=\"max-width: 40px; max-height: 40px;\" \/>\t\t\t\t\t\t<\/div>\n\t\t\t\t\t\t<div class=\"label\">Prodej<\/div>\n\t\t\t\t\t<\/a>\n\t\t\t\t<\/li>\n\t\t\t\t\t\t\t\t\t\t\t<li class=\"wiki-categories-item\">\n\t\t\t\t\t<a href=\"https:\/\/www.sellerlogic.com\/cs\/wiki\/category\/zakaznicka-podpora\/\" class=\"wiki-categories-item-content-wrapper\">\n\t\t\t\t\t\t<div class=\"wrap-image\">\n\t\t\t\t\t\t\t<img decoding=\"async\" width=\"405\" height=\"240\" src=\"https:\/\/d2bw95mh2ee04s.cloudfront.net\/prod\/content\/wp-content\/uploads\/2021\/02\/15070337\/customer-support.svg\" class=\"attachment-thumbnail size-thumbnail\" alt=\"SELLERLOGIC bietet den besten Customer Support\" style=\"max-width: 40px; max-height: 40px;\" \/>\t\t\t\t\t\t<\/div>\n\t\t\t\t\t\t<div class=\"label\">Z\u00e1kaznick\u00e1 podpora<\/div>\n\t\t\t\t\t<\/a>\n\t\t\t\t<\/li>\n\t\t\t\t\t<\/ul>\n\t<\/div>\n\n<\/div>\n<\/div><\/div><\/div>\n<\/div><\/div>","protected":false},"excerpt":{"rendered":"<p>SELLERLOGIC Wiki<\/p>\n","protected":false},"author":1,"featured_media":0,"parent":0,"menu_order":0,"comment_status":"closed","ping_status":"closed","template":"","meta":{"sidebar_recommended_resources":{"data":[]},"sidebar_header_settings":{"hide_buttons":{"register":false}},"_use_new_theme":false,"inline_featured_image":false,"footnotes":""},"class_list":["post-109386","page","type-page","status-publish","hentry"],"yoast_head":"<!-- This site is optimized with the Yoast SEO plugin v26.8 - https:\/\/yoast.com\/product\/yoast-seo-wordpress\/ -->\n<title>SELLERLOGIC Wiki: V\u0161e o Amazonu<\/title>\n<meta name=\"description\" content=\"Zaj\u00edm\u00e1 v\u00e1s, co je ASIN nebo SKU? SELLERLOGIC Wiki zn\u00e1 odpov\u011b\u010f. Te\u010f prozkoumejte!\" \/>\n<meta name=\"robots\" content=\"index, follow, max-snippet:-1, max-image-preview:large, max-video-preview:-1\" \/>\n<link rel=\"canonical\" href=\"https:\/\/www.sellerlogic.com\/cs\/wiki\/\" \/>\n<meta property=\"og:locale\" content=\"cs_CZ\" \/>\n<meta property=\"og:type\" content=\"article\" \/>\n<meta property=\"og:title\" content=\"SELLERLOGIC Wiki: V\u0161e o Amazonu\" \/>\n<meta property=\"og:description\" content=\"Zaj\u00edm\u00e1 v\u00e1s, co je ASIN nebo SKU? SELLERLOGIC Wiki zn\u00e1 odpov\u011b\u010f. Te\u010f prozkoumejte!\" \/>\n<meta property=\"og:url\" content=\"https:\/\/www.sellerlogic.com\/cs\/wiki\/\" \/>\n<meta property=\"og:site_name\" content=\"SELLERLOGIC - Smarte Tools f\u00fcr Amazon-Seller\" \/>\n<meta property=\"article:publisher\" content=\"https:\/\/www.facebook.com\/SellerLogic\/\" \/>\n<meta property=\"article:modified_time\" content=\"2025-09-15T08:28:18+00:00\" \/>\n<meta property=\"og:image\" content=\"https:\/\/d2bw95mh2ee04s.cloudfront.net\/prod\/content\/wp-content\/uploads\/2025\/06\/09094621\/Social-OG-Image-Link.jpg\" \/>\n\t<meta property=\"og:image:width\" content=\"2400\" \/>\n\t<meta property=\"og:image:height\" content=\"1270\" \/>\n\t<meta property=\"og:image:type\" content=\"image\/jpeg\" \/>\n<meta name=\"twitter:card\" content=\"summary_large_image\" \/>\n<meta name=\"twitter:site\" content=\"@sellerlogic\" \/>\n<meta name=\"twitter:label1\" content=\"Est. reading time\" \/>\n\t<meta name=\"twitter:data1\" content=\"1 minute\" \/>\n<script type=\"application\/ld+json\" class=\"yoast-schema-graph\">{\"@context\":\"https:\/\/schema.org\",\"@graph\":[{\"@type\":\"WebPage\",\"@id\":\"https:\/\/www.sellerlogic.com\/cs\/wiki\/\",\"url\":\"https:\/\/www.sellerlogic.com\/cs\/wiki\/\",\"name\":\"SELLERLOGIC Wiki: V\u0161e o Amazonu\",\"isPartOf\":{\"@id\":\"https:\/\/www.sellerlogic.com\/cs\/#website\"},\"datePublished\":\"2025-05-16T16:42:23+00:00\",\"dateModified\":\"2025-09-15T08:28:18+00:00\",\"description\":\"Zaj\u00edm\u00e1 v\u00e1s, co je ASIN nebo SKU? SELLERLOGIC Wiki zn\u00e1 odpov\u011b\u010f. Te\u010f prozkoumejte!\",\"breadcrumb\":{\"@id\":\"https:\/\/www.sellerlogic.com\/cs\/wiki\/#breadcrumb\"},\"inLanguage\":\"cs-CZ\",\"potentialAction\":[{\"@type\":\"ReadAction\",\"target\":[\"https:\/\/www.sellerlogic.com\/cs\/wiki\/\"]}]},{\"@type\":\"BreadcrumbList\",\"@id\":\"https:\/\/www.sellerlogic.com\/cs\/wiki\/#breadcrumb\",\"itemListElement\":[{\"@type\":\"ListItem\",\"position\":1,\"name\":\"Home\",\"item\":\"https:\/\/www.sellerlogic.com\/cs\/\"},{\"@type\":\"ListItem\",\"position\":2,\"name\":\"Wiki\"}]},{\"@type\":\"WebSite\",\"@id\":\"https:\/\/www.sellerlogic.com\/cs\/#website\",\"url\":\"https:\/\/www.sellerlogic.com\/cs\/\",\"name\":\"SELLERLOGIC - Smarte Tools f\u00fcr Amazon-Seller\",\"description\":\"Intelligente Prozessoptimierung und Gewinnmaximierung\",\"publisher\":{\"@id\":\"https:\/\/www.sellerlogic.com\/cs\/#organization\"},\"potentialAction\":[{\"@type\":\"SearchAction\",\"target\":{\"@type\":\"EntryPoint\",\"urlTemplate\":\"https:\/\/www.sellerlogic.com\/cs\/?s={search_term_string}\"},\"query-input\":{\"@type\":\"PropertyValueSpecification\",\"valueRequired\":true,\"valueName\":\"search_term_string\"}}],\"inLanguage\":\"cs-CZ\"},{\"@type\":\"Organization\",\"@id\":\"https:\/\/www.sellerlogic.com\/cs\/#organization\",\"name\":\"SELLERLOGIC\",\"url\":\"https:\/\/www.sellerlogic.com\/cs\/\",\"logo\":{\"@type\":\"ImageObject\",\"inLanguage\":\"cs-CZ\",\"@id\":\"https:\/\/www.sellerlogic.com\/cs\/#\/schema\/logo\/image\/\",\"url\":\"https:\/\/d2bw95mh2ee04s.cloudfront.net\/prod\/content\/wp-content\/uploads\/2025\/01\/02134814\/Property-Logo-Main.svg\",\"contentUrl\":\"https:\/\/d2bw95mh2ee04s.cloudfront.net\/prod\/content\/wp-content\/uploads\/2025\/01\/02134814\/Property-Logo-Main.svg\",\"width\":184,\"height\":40,\"caption\":\"SELLERLOGIC\"},\"image\":{\"@id\":\"https:\/\/www.sellerlogic.com\/cs\/#\/schema\/logo\/image\/\"},\"sameAs\":[\"https:\/\/www.facebook.com\/SellerLogic\/\",\"https:\/\/x.com\/sellerlogic\",\"https:\/\/www.instagram.com\/sellerlogic\/\",\"https:\/\/www.linkedin.com\/company\/18402037\/\",\"https:\/\/www.youtube.com\/channel\/UC-gULUur-fNj08sprantKsQ\"]}]}<\/script>\n<!-- \/ Yoast SEO plugin. -->","yoast_head_json":{"title":"SELLERLOGIC Wiki: V\u0161e o Amazonu","description":"Zaj\u00edm\u00e1 v\u00e1s, co je ASIN nebo SKU? SELLERLOGIC Wiki zn\u00e1 odpov\u011b\u010f. Te\u010f prozkoumejte!","robots":{"index":"index","follow":"follow","max-snippet":"max-snippet:-1","max-image-preview":"max-image-preview:large","max-video-preview":"max-video-preview:-1"},"canonical":"https:\/\/www.sellerlogic.com\/cs\/wiki\/","og_locale":"cs_CZ","og_type":"article","og_title":"SELLERLOGIC Wiki: V\u0161e o Amazonu","og_description":"Zaj\u00edm\u00e1 v\u00e1s, co je ASIN nebo SKU? SELLERLOGIC Wiki zn\u00e1 odpov\u011b\u010f. Te\u010f prozkoumejte!","og_url":"https:\/\/www.sellerlogic.com\/cs\/wiki\/","og_site_name":"SELLERLOGIC - Smarte Tools f\u00fcr Amazon-Seller","article_publisher":"https:\/\/www.facebook.com\/SellerLogic\/","article_modified_time":"2025-09-15T08:28:18+00:00","og_image":[{"width":2400,"height":1270,"url":"https:\/\/d2bw95mh2ee04s.cloudfront.net\/prod\/content\/wp-content\/uploads\/2025\/06\/09094621\/Social-OG-Image-Link.jpg","type":"image\/jpeg"}],"twitter_card":"summary_large_image","twitter_site":"@sellerlogic","twitter_misc":{"Est. reading time":"1 minute"},"schema":{"@context":"https:\/\/schema.org","@graph":[{"@type":"WebPage","@id":"https:\/\/www.sellerlogic.com\/cs\/wiki\/","url":"https:\/\/www.sellerlogic.com\/cs\/wiki\/","name":"SELLERLOGIC Wiki: V\u0161e o Amazonu","isPartOf":{"@id":"https:\/\/www.sellerlogic.com\/cs\/#website"},"datePublished":"2025-05-16T16:42:23+00:00","dateModified":"2025-09-15T08:28:18+00:00","description":"Zaj\u00edm\u00e1 v\u00e1s, co je ASIN nebo SKU? SELLERLOGIC Wiki zn\u00e1 odpov\u011b\u010f. Te\u010f prozkoumejte!","breadcrumb":{"@id":"https:\/\/www.sellerlogic.com\/cs\/wiki\/#breadcrumb"},"inLanguage":"cs-CZ","potentialAction":[{"@type":"ReadAction","target":["https:\/\/www.sellerlogic.com\/cs\/wiki\/"]}]},{"@type":"BreadcrumbList","@id":"https:\/\/www.sellerlogic.com\/cs\/wiki\/#breadcrumb","itemListElement":[{"@type":"ListItem","position":1,"name":"Home","item":"https:\/\/www.sellerlogic.com\/cs\/"},{"@type":"ListItem","position":2,"name":"Wiki"}]},{"@type":"WebSite","@id":"https:\/\/www.sellerlogic.com\/cs\/#website","url":"https:\/\/www.sellerlogic.com\/cs\/","name":"SELLERLOGIC - Smarte Tools f\u00fcr Amazon-Seller","description":"Intelligente Prozessoptimierung und Gewinnmaximierung","publisher":{"@id":"https:\/\/www.sellerlogic.com\/cs\/#organization"},"potentialAction":[{"@type":"SearchAction","target":{"@type":"EntryPoint","urlTemplate":"https:\/\/www.sellerlogic.com\/cs\/?s={search_term_string}"},"query-input":{"@type":"PropertyValueSpecification","valueRequired":true,"valueName":"search_term_string"}}],"inLanguage":"cs-CZ"},{"@type":"Organization","@id":"https:\/\/www.sellerlogic.com\/cs\/#organization","name":"SELLERLOGIC","url":"https:\/\/www.sellerlogic.com\/cs\/","logo":{"@type":"ImageObject","inLanguage":"cs-CZ","@id":"https:\/\/www.sellerlogic.com\/cs\/#\/schema\/logo\/image\/","url":"https:\/\/d2bw95mh2ee04s.cloudfront.net\/prod\/content\/wp-content\/uploads\/2025\/01\/02134814\/Property-Logo-Main.svg","contentUrl":"https:\/\/d2bw95mh2ee04s.cloudfront.net\/prod\/content\/wp-content\/uploads\/2025\/01\/02134814\/Property-Logo-Main.svg","width":184,"height":40,"caption":"SELLERLOGIC"},"image":{"@id":"https:\/\/www.sellerlogic.com\/cs\/#\/schema\/logo\/image\/"},"sameAs":["https:\/\/www.facebook.com\/SellerLogic\/","https:\/\/x.com\/sellerlogic","https:\/\/www.instagram.com\/sellerlogic\/","https:\/\/www.linkedin.com\/company\/18402037\/","https:\/\/www.youtube.com\/channel\/UC-gULUur-fNj08sprantKsQ"]}]}},"_links":{"self":[{"href":"https:\/\/www.sellerlogic.com\/cs\/wp-json\/wp\/v2\/pages\/109386","targetHints":{"allow":["GET"]}}],"collection":[{"href":"https:\/\/www.sellerlogic.com\/cs\/wp-json\/wp\/v2\/pages"}],"about":[{"href":"https:\/\/www.sellerlogic.com\/cs\/wp-json\/wp\/v2\/types\/page"}],"author":[{"embeddable":true,"href":"https:\/\/www.sellerlogic.com\/cs\/wp-json\/wp\/v2\/users\/1"}],"replies":[{"embeddable":true,"href":"https:\/\/www.sellerlogic.com\/cs\/wp-json\/wp\/v2\/comments?post=109386"}],"version-history":[{"count":0,"href":"https:\/\/www.sellerlogic.com\/cs\/wp-json\/wp\/v2\/pages\/109386\/revisions"}],"wp:attachment":[{"href":"https:\/\/www.sellerlogic.com\/cs\/wp-json\/wp\/v2\/media?parent=109386"}],"curies":[{"name":"wp","href":"https:\/\/api.w.org\/{rel}","templated":true}]}}