
{"id":106038,"date":"2021-01-07T11:00:45","date_gmt":"2021-01-07T11:00:45","guid":{"rendered":"https:\/\/127.0.0.1\/short-wb-en-202002\/"},"modified":"2021-01-07T11:00:45","modified_gmt":"2021-01-07T11:00:45","slug":"short-wb-en-202002","status":"publish","type":"page","link":"https:\/\/www.sellerlogic.com\/da\/short-wb-en-202002\/","title":{"rendered":"WB202002: 13 Steps zum Gewinn der Buy Box (LP) EN"},"content":{"rendered":"<div style=\"height:30px\" aria-hidden=\"true\" class=\"theme-wp-block wp-block-spacer\"><\/div><div class=\"wp-block-image gb-responsive-590212-identifier is-style-default desktop-align-center xl-align-center lg-align-center md-align-center sm-align-center\"><figure class=\"theme-wp-block aligncenter size-large is-resized\"><img decoding=\"async\" width=\"184\" height=\"40\" src=\"https:\/\/d2bw95mh2ee04s.cloudfront.net\/prod\/content\/wp-content\/uploads\/2024\/04\/30111140\/Property-Logo-Main-1.svg\" alt=\"WB202002: 13 Steps zum Gewinn der Buy Box (LP) EN\" class=\"wp-image-52651\" style=\"width:170px\"><\/figure><\/div>\t\t<h1  class=\"theme-wp-block theme-block-heading gb-responsive-564749-identifier is-style-default desktop-text-center xl-text-center lg-text-center md-text-center sm-text-center h4\">\n\t\t<strong>Free Workbook<\/strong>\t<\/h1>\n\n\t\t<h2  class=\"theme-wp-block theme-block-heading gb-responsive-412520-identifier is-style-default desktop-text-center xl-text-center lg-text-center md-text-center sm-text-center h1\">\n\t\t<strong><strong>How to Win the Amazon Buy Box!<\/strong><\/strong>\t<\/h2>\n\n<div style=\"height:50px\" aria-hidden=\"true\" class=\"theme-wp-block wp-block-spacer\"><\/div><div class=\"theme-wp-block wp-block-columns gb-responsive-506331-identifier is-layout-flex wp-container-core-columns-is-layout-9d6595d7 wp-block-columns-is-layout-flex\"><div class=\"theme-wp-block wp-block-column gb-responsive-414936-identifier is-layout-flow wp-block-column-is-layout-flow\"><div class=\"wp-block-image gb-responsive-19318-identifier\"><figure class=\"theme-wp-block alignright size-large is-resized\"><img decoding=\"async\" width=\"738\" height=\"804\" src=\"https:\/\/d2bw95mh2ee04s.cloudfront.net\/prod\/content\/wp-content\/uploads\/2021\/01\/23142706\/wb-13-steps-cover-en.png\" alt=\"WB202002: 13 Steps zum Gewinn der Buy Box (LP) EN\" class=\"wp-image-6261\" style=\"width:456px\" srcset=\"https:\/\/d2bw95mh2ee04s.cloudfront.net\/prod\/content\/wp-content\/uploads\/2021\/01\/23142706\/wb-13-steps-cover-en-407x443.png 407w, https:\/\/d2bw95mh2ee04s.cloudfront.net\/prod\/content\/wp-content\/uploads\/2021\/01\/23142706\/wb-13-steps-cover-en.png 738w\" sizes=\"(max-width: 738px) 100vw, 738px\" \/><\/figure><\/div><div style=\"height:30px\" aria-hidden=\"true\" class=\"theme-wp-block wp-block-spacer\"><\/div><\/div><div class=\"theme-wp-block wp-block-column gb-responsive-883894-identifier is-layout-flow wp-block-column-is-layout-flow\">\t\t<h3  class=\"theme-wp-block theme-block-heading gb-responsive-531920-identifier is-style-default desktop-text-center xl-text-center lg-text-center md-text-center sm-text-center h3\">\n\t\t<br>Request the <strong>free Workbook<\/strong> now and find out&#8230;\t<\/h3>\n\n<div class=\"theme-block-list\"><ul class=\"theme-wp-block desktop-bg-style-square xl-bg-style-square lg-bg-style-square md-bg-style-square sm-bg-style-square desktop-gb-has-no-icon xl-gb-has-no-icon lg-gb-has-no-icon md-gb-has-no-icon sm-gb-has-no-icon gb-responsive-513860-identifier wp-block-list\"><li class=\"theme-wp-block gb-responsive-754486-identifier desktop-bg-style-square xl-bg-style-square lg-bg-style-square md-bg-style-square sm-bg-style-square desktop-gb-has-no-icon xl-gb-has-no-icon lg-gb-has-no-icon md-gb-has-no-icon sm-gb-has-no-icon\">Which <strong>key figures<\/strong> are decisive for Amazon dealers<\/li><li class=\"theme-wp-block gb-responsive-196900-identifier desktop-bg-style-square xl-bg-style-square lg-bg-style-square md-bg-style-square sm-bg-style-square desktop-gb-has-no-icon xl-gb-has-no-icon lg-gb-has-no-icon md-gb-has-no-icon sm-gb-has-no-icon\">What <strong>minimum requirements<\/strong> must be met<\/li><li class=\"theme-wp-block gb-responsive-10119-identifier desktop-bg-style-square xl-bg-style-square lg-bg-style-square md-bg-style-square sm-bg-style-square desktop-gb-has-no-icon xl-gb-has-no-icon lg-gb-has-no-icon md-gb-has-no-icon sm-gb-has-no-icon\">Hvilke<strong>\u00a0ideelle v\u00e6rdier\u00a0<\/strong>skal du sigte efter<\/li><\/ul><\/div><div id=\"wb-form\" class=\"theme-wp-block wb-form\"><form id=\"leadform\" action=\"#\" method=\"post\"><label>Fornavn og efternavn<sup style=\"color: rgb(255, 0, 0);\">*<\/sup><\/label><br> <input type=\"text\" placeholder=\"Fornavn og efternavn\" name=\"first-name\" id=\"first-name\" required=\"required\" style=\"padding: 10px; font-size: 18px; width: 100%; margin-bottom: 15px; color: rgb(88, 88, 88);\"><br> <label>Emailadresse<sup style=\"color: rgb(255, 0, 0);\">*<\/sup><\/label><br> <input type=\"email\" required=\"required\" placeholder=\"Emailadresse\" name=\"email\" id=\"email\" style=\"padding: 10px; font-size: 18px; width: 100%; margin-bottom: 15px; color: rgb(88, 88, 88);\"><br> <label>Telefon<sup style=\"color: rgb(255, 0, 0);\">*<\/sup> <span style=\"font-size: 12px;\">(Venligst inkluder landekoden)<\/span><\/label><br> <input type=\"number\" required=\"required\" placeholder=\"Telefon\" name=\"telephone\" id=\"telephone\" style=\"padding: 10px; font-size: 18px; width: 100%; margin-bottom: 15px; color: rgb(88, 88, 88);\"><br> <label>Amazon Butik URL<sup style=\"color: rgb(255, 0, 0);\">*<\/sup><\/label><br> <input type=\"text\" required=\"required\" placeholder=\"Hjemmeside\" name=\"website\" id=\"website\" style=\"padding: 10px; font-size: 18px; width: 100%; margin-bottom: 15px; color: rgb(88, 88, 88);\"><br><label>Antal SKU<\/label><br> <input type=\"text\" placeholder=\"Antal SKU\" name=\"sku_count\" id=\"sku_count\" style=\"padding: 10px; font-size: 18px; width: 100%; margin-bottom: 15px; color: rgb(88, 88, 88);\"><br><input type=\"submit\" value=\"Bestil arbejdsbogen nu!\" id=\"submit\" style=\"padding: 10px; font-size: 18px; width: 100%; margin-bottom: 15px; color: rgb(255, 255, 255); background-color: rgb(255, 170, 1); cursor: pointer;\"> <p style=\"margin-bottom: 10px; font-size: 12px;\">Behandlingen af dataene sker i henhold til vores <a href=\"https:\/\/www.sellerlogic.com\/en\/privacy-policy\/\" target=\"_blank\" draggable=\"false\" rel=\"noopener\">privatlivspolitik<\/a>.<\/p><\/form><\/div><\/div><\/div><div style=\"height:50px\" aria-hidden=\"true\" class=\"theme-wp-block wp-block-spacer\"><\/div><div class=\"theme-wp-block wp-block-columns gb-responsive-213182-identifier is-layout-flex wp-container-core-columns-is-layout-9d6595d7 wp-block-columns-is-layout-flex\"><div class=\"theme-wp-block wp-block-column gb-responsive-480343-identifier is-layout-flow wp-block-column-is-layout-flow\" style=\"flex-basis:25%\"><\/div><div class=\"theme-wp-block wp-block-column gb-responsive-361131-identifier is-layout-flow wp-block-column-is-layout-flow\" style=\"flex-basis:50%\"><div class=\"theme-wp-block wp-block-columns gb-responsive-608617-identifier is-layout-flex wp-container-core-columns-is-layout-9d6595d7 wp-block-columns-is-layout-flex\"><div class=\"theme-wp-block wp-block-column gb-responsive-796136-identifier is-layout-flow wp-block-column-is-layout-flow\"><p class=\"theme-wp-block has-text-align-center gb-responsive-144688-identifier desktop-text-center xl-text-center lg-text-center md-text-center sm-text-center\"><a href=\"https:\/\/www.sellerlogic.com\/en\/legal-notice\/\" rel=\"noreferrer noopener\" target=\"_blank\"><strong>Juridisk meddelelse<\/strong><\/a><\/p><\/div><div class=\"theme-wp-block wp-block-column gb-responsive-929256-identifier is-layout-flow wp-block-column-is-layout-flow\"><p class=\"theme-wp-block has-text-align-center gb-responsive-270263-identifier desktop-text-center xl-text-center lg-text-center md-text-center sm-text-center\"><a href=\"https:\/\/www.sellerlogic.com\/en\/privacy-policy\/\" rel=\"noreferrer noopener\" target=\"_blank\"><strong>Privatlivspolitik<\/strong><\/a><\/p><\/div><div class=\"theme-wp-block wp-block-column gb-responsive-815314-identifier is-layout-flow wp-block-column-is-layout-flow\"><p class=\"theme-wp-block has-text-align-center gb-responsive-71756-identifier desktop-text-center xl-text-center lg-text-center md-text-center sm-text-center\"><a href=\"\" target=\"_blank\" rel=\"noreferrer noopener\"><strong>Vilk\u00e5r og betingelser<\/strong><\/a><\/p><\/div><\/div><\/div><div class=\"theme-wp-block wp-block-column gb-responsive-825796-identifier is-layout-flow wp-block-column-is-layout-flow\" style=\"flex-basis:25%\"><\/div><\/div><p class=\"theme-wp-block gb-responsive-244500-identifier\"><\/p>","protected":false},"excerpt":{"rendered":"<p>Fornavn og efternavn* Emailadresse* Telefon* (Venligst inkluder landekoden) Amazon Butik URL* Antal SKU Behandlingen af dataene sker i henhold til vores privatlivspolitik. Juridisk meddelelse Privatlivspolitik Vilk\u00e5r og betingelser<\/p>\n","protected":false},"author":8,"featured_media":0,"parent":0,"menu_order":0,"comment_status":"closed","ping_status":"closed","template":"","meta":{"sidebar_recommended_resources":{"data":[]},"sidebar_header_settings":{"hide_buttons":{"register":false}},"_use_new_theme":false,"inline_featured_image":false,"footnotes":""},"class_list":["post-106038","page","type-page","status-publish","hentry"],"yoast_head":"<!-- This site is optimized with the Yoast SEO plugin v26.8 - https:\/\/yoast.com\/product\/yoast-seo-wordpress\/ -->\n<title>SELLERLOGIC - Download arbejdsbogen S\u00e5dan vinder du Amazon Buy Box!<\/title>\n<meta name=\"description\" content=\"Hvilke kriterier bruger Amazon-algoritmen, og hvilke m\u00e5linger skal s\u00e6lgere opfylde for at vinde Buy Box p\u00e5 Amazon? Download nu!\" \/>\n<meta name=\"robots\" content=\"index, follow, max-snippet:-1, max-image-preview:large, max-video-preview:-1\" \/>\n<link rel=\"canonical\" href=\"https:\/\/www.sellerlogic.com\/da\/short-wb-en-202002\/\" \/>\n<meta property=\"og:locale\" content=\"da_DK\" \/>\n<meta property=\"og:type\" content=\"article\" \/>\n<meta property=\"og:title\" content=\"SELLERLOGIC - Download arbejdsbogen S\u00e5dan vinder du Amazon Buy Box!\" \/>\n<meta property=\"og:description\" content=\"Hvilke kriterier bruger Amazon-algoritmen, og hvilke m\u00e5linger skal s\u00e6lgere opfylde for at vinde Buy Box p\u00e5 Amazon? Download nu!\" \/>\n<meta property=\"og:url\" content=\"https:\/\/www.sellerlogic.com\/da\/short-wb-en-202002\/\" \/>\n<meta property=\"og:site_name\" content=\"SELLERLOGIC - Smarte Tools f\u00fcr Amazon-Seller\" \/>\n<meta property=\"article:publisher\" content=\"https:\/\/www.facebook.com\/SellerLogic\/\" \/>\n<meta property=\"og:image\" content=\"https:\/\/www.sellerlogic.com\/wp-content\/uploads\/2024\/04\/Property-Logo-Main-1.svg\" \/>\n<meta name=\"twitter:card\" content=\"summary_large_image\" \/>\n<meta name=\"twitter:site\" content=\"@sellerlogic\" \/>\n<meta name=\"twitter:label1\" content=\"Est. reading time\" \/>\n\t<meta name=\"twitter:data1\" content=\"1 minute\" \/>\n<script type=\"application\/ld+json\" class=\"yoast-schema-graph\">{\"@context\":\"https:\/\/schema.org\",\"@graph\":[{\"@type\":\"WebPage\",\"@id\":\"https:\/\/www.sellerlogic.com\/da\/short-wb-en-202002\/\",\"url\":\"https:\/\/www.sellerlogic.com\/da\/short-wb-en-202002\/\",\"name\":\"SELLERLOGIC - Download arbejdsbogen S\u00e5dan vinder du Amazon Buy Box!\",\"isPartOf\":{\"@id\":\"https:\/\/www.sellerlogic.com\/da\/#website\"},\"primaryImageOfPage\":{\"@id\":\"https:\/\/www.sellerlogic.com\/da\/short-wb-en-202002\/#primaryimage\"},\"image\":{\"@id\":\"https:\/\/www.sellerlogic.com\/da\/short-wb-en-202002\/#primaryimage\"},\"thumbnailUrl\":\"https:\/\/www.sellerlogic.com\/wp-content\/uploads\/2024\/04\/Property-Logo-Main-1.svg\",\"datePublished\":\"2021-01-07T11:00:45+00:00\",\"description\":\"Hvilke kriterier bruger Amazon-algoritmen, og hvilke m\u00e5linger skal s\u00e6lgere opfylde for at vinde Buy Box p\u00e5 Amazon? Download nu!\",\"breadcrumb\":{\"@id\":\"https:\/\/www.sellerlogic.com\/da\/short-wb-en-202002\/#breadcrumb\"},\"inLanguage\":\"da-DK\",\"potentialAction\":[{\"@type\":\"ReadAction\",\"target\":[\"https:\/\/www.sellerlogic.com\/da\/short-wb-en-202002\/\"]}]},{\"@type\":\"ImageObject\",\"inLanguage\":\"da-DK\",\"@id\":\"https:\/\/www.sellerlogic.com\/da\/short-wb-en-202002\/#primaryimage\",\"url\":\"https:\/\/www.sellerlogic.com\/wp-content\/uploads\/2024\/04\/Property-Logo-Main-1.svg\",\"contentUrl\":\"https:\/\/www.sellerlogic.com\/wp-content\/uploads\/2024\/04\/Property-Logo-Main-1.svg\"},{\"@type\":\"BreadcrumbList\",\"@id\":\"https:\/\/www.sellerlogic.com\/da\/short-wb-en-202002\/#breadcrumb\",\"itemListElement\":[{\"@type\":\"ListItem\",\"position\":1,\"name\":\"Home\",\"item\":\"https:\/\/www.sellerlogic.com\/da\/\"},{\"@type\":\"ListItem\",\"position\":2,\"name\":\"WB202002: 13 Steps zum Gewinn der Buy Box (LP) EN\"}]},{\"@type\":\"WebSite\",\"@id\":\"https:\/\/www.sellerlogic.com\/da\/#website\",\"url\":\"https:\/\/www.sellerlogic.com\/da\/\",\"name\":\"SELLERLOGIC - Smarte Tools f\u00fcr Amazon-Seller\",\"description\":\"Intelligente Prozessoptimierung und Gewinnmaximierung\",\"publisher\":{\"@id\":\"https:\/\/www.sellerlogic.com\/da\/#organization\"},\"potentialAction\":[{\"@type\":\"SearchAction\",\"target\":{\"@type\":\"EntryPoint\",\"urlTemplate\":\"https:\/\/www.sellerlogic.com\/da\/?s={search_term_string}\"},\"query-input\":{\"@type\":\"PropertyValueSpecification\",\"valueRequired\":true,\"valueName\":\"search_term_string\"}}],\"inLanguage\":\"da-DK\"},{\"@type\":\"Organization\",\"@id\":\"https:\/\/www.sellerlogic.com\/da\/#organization\",\"name\":\"SELLERLOGIC\",\"url\":\"https:\/\/www.sellerlogic.com\/da\/\",\"logo\":{\"@type\":\"ImageObject\",\"inLanguage\":\"da-DK\",\"@id\":\"https:\/\/www.sellerlogic.com\/da\/#\/schema\/logo\/image\/\",\"url\":\"https:\/\/d2bw95mh2ee04s.cloudfront.net\/prod\/content\/wp-content\/uploads\/2025\/01\/02134814\/Property-Logo-Main.svg\",\"contentUrl\":\"https:\/\/d2bw95mh2ee04s.cloudfront.net\/prod\/content\/wp-content\/uploads\/2025\/01\/02134814\/Property-Logo-Main.svg\",\"width\":184,\"height\":40,\"caption\":\"SELLERLOGIC\"},\"image\":{\"@id\":\"https:\/\/www.sellerlogic.com\/da\/#\/schema\/logo\/image\/\"},\"sameAs\":[\"https:\/\/www.facebook.com\/SellerLogic\/\",\"https:\/\/x.com\/sellerlogic\",\"https:\/\/www.instagram.com\/sellerlogic\/\",\"https:\/\/www.linkedin.com\/company\/18402037\/\",\"https:\/\/www.youtube.com\/channel\/UC-gULUur-fNj08sprantKsQ\"]}]}<\/script>\n<!-- \/ Yoast SEO plugin. -->","yoast_head_json":{"title":"SELLERLOGIC - Download arbejdsbogen S\u00e5dan vinder du Amazon Buy Box!","description":"Hvilke kriterier bruger Amazon-algoritmen, og hvilke m\u00e5linger skal s\u00e6lgere opfylde for at vinde Buy Box p\u00e5 Amazon? Download nu!","robots":{"index":"index","follow":"follow","max-snippet":"max-snippet:-1","max-image-preview":"max-image-preview:large","max-video-preview":"max-video-preview:-1"},"canonical":"https:\/\/www.sellerlogic.com\/da\/short-wb-en-202002\/","og_locale":"da_DK","og_type":"article","og_title":"SELLERLOGIC - Download arbejdsbogen S\u00e5dan vinder du Amazon Buy Box!","og_description":"Hvilke kriterier bruger Amazon-algoritmen, og hvilke m\u00e5linger skal s\u00e6lgere opfylde for at vinde Buy Box p\u00e5 Amazon? Download nu!","og_url":"https:\/\/www.sellerlogic.com\/da\/short-wb-en-202002\/","og_site_name":"SELLERLOGIC - Smarte Tools f\u00fcr Amazon-Seller","article_publisher":"https:\/\/www.facebook.com\/SellerLogic\/","og_image":[{"url":"https:\/\/www.sellerlogic.com\/wp-content\/uploads\/2024\/04\/Property-Logo-Main-1.svg","type":"","width":"","height":""}],"twitter_card":"summary_large_image","twitter_site":"@sellerlogic","twitter_misc":{"Est. reading time":"1 minute"},"schema":{"@context":"https:\/\/schema.org","@graph":[{"@type":"WebPage","@id":"https:\/\/www.sellerlogic.com\/da\/short-wb-en-202002\/","url":"https:\/\/www.sellerlogic.com\/da\/short-wb-en-202002\/","name":"SELLERLOGIC - Download arbejdsbogen S\u00e5dan vinder du Amazon Buy Box!","isPartOf":{"@id":"https:\/\/www.sellerlogic.com\/da\/#website"},"primaryImageOfPage":{"@id":"https:\/\/www.sellerlogic.com\/da\/short-wb-en-202002\/#primaryimage"},"image":{"@id":"https:\/\/www.sellerlogic.com\/da\/short-wb-en-202002\/#primaryimage"},"thumbnailUrl":"https:\/\/www.sellerlogic.com\/wp-content\/uploads\/2024\/04\/Property-Logo-Main-1.svg","datePublished":"2021-01-07T11:00:45+00:00","description":"Hvilke kriterier bruger Amazon-algoritmen, og hvilke m\u00e5linger skal s\u00e6lgere opfylde for at vinde Buy Box p\u00e5 Amazon? Download nu!","breadcrumb":{"@id":"https:\/\/www.sellerlogic.com\/da\/short-wb-en-202002\/#breadcrumb"},"inLanguage":"da-DK","potentialAction":[{"@type":"ReadAction","target":["https:\/\/www.sellerlogic.com\/da\/short-wb-en-202002\/"]}]},{"@type":"ImageObject","inLanguage":"da-DK","@id":"https:\/\/www.sellerlogic.com\/da\/short-wb-en-202002\/#primaryimage","url":"https:\/\/www.sellerlogic.com\/wp-content\/uploads\/2024\/04\/Property-Logo-Main-1.svg","contentUrl":"https:\/\/www.sellerlogic.com\/wp-content\/uploads\/2024\/04\/Property-Logo-Main-1.svg"},{"@type":"BreadcrumbList","@id":"https:\/\/www.sellerlogic.com\/da\/short-wb-en-202002\/#breadcrumb","itemListElement":[{"@type":"ListItem","position":1,"name":"Home","item":"https:\/\/www.sellerlogic.com\/da\/"},{"@type":"ListItem","position":2,"name":"WB202002: 13 Steps zum Gewinn der Buy Box (LP) EN"}]},{"@type":"WebSite","@id":"https:\/\/www.sellerlogic.com\/da\/#website","url":"https:\/\/www.sellerlogic.com\/da\/","name":"SELLERLOGIC - Smarte Tools f\u00fcr Amazon-Seller","description":"Intelligente Prozessoptimierung und Gewinnmaximierung","publisher":{"@id":"https:\/\/www.sellerlogic.com\/da\/#organization"},"potentialAction":[{"@type":"SearchAction","target":{"@type":"EntryPoint","urlTemplate":"https:\/\/www.sellerlogic.com\/da\/?s={search_term_string}"},"query-input":{"@type":"PropertyValueSpecification","valueRequired":true,"valueName":"search_term_string"}}],"inLanguage":"da-DK"},{"@type":"Organization","@id":"https:\/\/www.sellerlogic.com\/da\/#organization","name":"SELLERLOGIC","url":"https:\/\/www.sellerlogic.com\/da\/","logo":{"@type":"ImageObject","inLanguage":"da-DK","@id":"https:\/\/www.sellerlogic.com\/da\/#\/schema\/logo\/image\/","url":"https:\/\/d2bw95mh2ee04s.cloudfront.net\/prod\/content\/wp-content\/uploads\/2025\/01\/02134814\/Property-Logo-Main.svg","contentUrl":"https:\/\/d2bw95mh2ee04s.cloudfront.net\/prod\/content\/wp-content\/uploads\/2025\/01\/02134814\/Property-Logo-Main.svg","width":184,"height":40,"caption":"SELLERLOGIC"},"image":{"@id":"https:\/\/www.sellerlogic.com\/da\/#\/schema\/logo\/image\/"},"sameAs":["https:\/\/www.facebook.com\/SellerLogic\/","https:\/\/x.com\/sellerlogic","https:\/\/www.instagram.com\/sellerlogic\/","https:\/\/www.linkedin.com\/company\/18402037\/","https:\/\/www.youtube.com\/channel\/UC-gULUur-fNj08sprantKsQ"]}]}},"_links":{"self":[{"href":"https:\/\/www.sellerlogic.com\/da\/wp-json\/wp\/v2\/pages\/106038","targetHints":{"allow":["GET"]}}],"collection":[{"href":"https:\/\/www.sellerlogic.com\/da\/wp-json\/wp\/v2\/pages"}],"about":[{"href":"https:\/\/www.sellerlogic.com\/da\/wp-json\/wp\/v2\/types\/page"}],"author":[{"embeddable":true,"href":"https:\/\/www.sellerlogic.com\/da\/wp-json\/wp\/v2\/users\/8"}],"replies":[{"embeddable":true,"href":"https:\/\/www.sellerlogic.com\/da\/wp-json\/wp\/v2\/comments?post=106038"}],"version-history":[{"count":0,"href":"https:\/\/www.sellerlogic.com\/da\/wp-json\/wp\/v2\/pages\/106038\/revisions"}],"wp:attachment":[{"href":"https:\/\/www.sellerlogic.com\/da\/wp-json\/wp\/v2\/media?parent=106038"}],"curies":[{"name":"wp","href":"https:\/\/api.w.org\/{rel}","templated":true}]}}