
{"id":106068,"date":"2020-12-18T08:11:11","date_gmt":"2020-12-18T08:11:11","guid":{"rendered":"https:\/\/127.0.0.1\/resources\/success-story-meinemarkenmode-2\/"},"modified":"2020-12-18T08:11:11","modified_gmt":"2020-12-18T08:11:11","slug":"success-story-meinemarkenmode-2","status":"publish","type":"page","link":"https:\/\/www.sellerlogic.com\/da\/resources\/success-story-meinemarkenmode-2\/","title":{"rendered":"Success Story: meinemarkenmode.de EN"},"content":{"rendered":"\n\t<div  class=\"theme-wp-block theme-block-main-header is-style-full-height desktop-align-full xl-align-full lg-align-full md-align-full sm-align-full desktop-content-align-y-center desktop-content-align-x-center xl-content-align-y-center xl-content-align-x-center lg-content-align-y-center lg-content-align-x-center md-content-align-y-center md-content-align-x-center sm-content-align-y-center sm-content-align-x-center gb-responsive-720212-identifier theme-block-cover\">\n\t\t<div class=\"bg-cover theme-lazy-load-bg\"><\/div>\n\t\t<div class=\"wrap-content-main-header\">\n\t\t\t\t\t<div  class=\"theme-wp-block theme-block-text-and-text desktop-align-wide xl-align-wide lg-align-wide md-align-wide sm-align-wide gb-responsive-366658-identifier desktop-blockDirection-column xl-blockDirection-column lg-blockDirection-column md-blockDirection-column sm-blockDirection-column\">\n\t\t<div class=\"tat-column-wrap-wrapper\">\n\t\t\t<div class=\"tat-column-wrapper\">\n\t\t\t\t\t<div  class=\"theme-wp-block theme-block-text-and-text-column gb-responsive-923660-identifier desktop-horizontal-center xl-horizontal-center lg-horizontal-center md-horizontal-center sm-horizontal-center\">\n\t\t<div class=\"inner-wrap-column-content\">\n\t\t\t<div class=\"inner-column-content\">\n\t\t\t\t\t\t<p  class=\"theme-wp-block theme-block-heading is-style-default desktop-text-center xl-text-center lg-text-center md-text-center sm-text-center gb-responsive-948994-identifier h2\">\n\t\tMore Money, Less Problems\t<\/p>\n\n\t\t<h1  class=\"theme-wp-block theme-block-heading gb-responsive-522772-identifier is-style-default desktop-text-center xl-text-center lg-text-center md-text-center sm-text-center h1\">\n\t\tHow meinemarkenmode Received a 6-Digit Reimbursement From Amazon\t<\/h1>\n\n\t\t\t<\/div>\n\t\t<\/div>\n\t<\/div>\n\t<div  class=\"theme-wp-block theme-block-text-and-text-column gb-responsive-441362-identifier\">\n\t\t<div class=\"inner-wrap-column-content\">\n\t\t\t<div class=\"inner-column-content\">\n\t\t\t\t\t\t\t<\/div>\n\t\t<\/div>\n\t<\/div>\n\t\t\t<\/div>\n\t\t<\/div>\n\t<\/div>\n\n\t\t<\/div>\n\t<\/div>\n\n<div style=\"height:50px\" aria-hidden=\"true\" class=\"theme-wp-block wp-block-spacer\"><\/div><div class=\"theme-wp-block wp-block-columns gb-responsive-34913-identifier is-layout-flex wp-container-core-columns-is-layout-9d6595d7 wp-block-columns-is-layout-flex\"><div class=\"theme-wp-block wp-block-column gb-responsive-118097-identifier is-layout-flow wp-block-column-is-layout-flow\" style=\"flex-basis:25%\"><figure class=\"theme-wp-block wp-block-image size-large is-resized gb-responsive-62921-identifier\"><img decoding=\"async\" src=\"https:\/\/d2bw95mh2ee04s.cloudfront.net\/prod\/content\/wp-content\/uploads\/2020\/12\/23142728\/MMM-Logo_2-844x154.png\" alt=\"Success Story: meinemarkenmode.de EN\" class=\"wp-image-4742\" width=\"300\" height=\"55\" srcset=\"https:\/\/d2bw95mh2ee04s.cloudfront.net\/prod\/content\/wp-content\/uploads\/2020\/12\/23142728\/MMM-Logo_2-407x74.png 407w, https:\/\/d2bw95mh2ee04s.cloudfront.net\/prod\/content\/wp-content\/uploads\/2020\/12\/23142728\/MMM-Logo_2-768x141.png 768w, https:\/\/d2bw95mh2ee04s.cloudfront.net\/prod\/content\/wp-content\/uploads\/2020\/12\/23142728\/MMM-Logo_2-844x154.png 844w, https:\/\/d2bw95mh2ee04s.cloudfront.net\/prod\/content\/wp-content\/uploads\/2020\/12\/23142728\/MMM-Logo_2.png 1000w\" sizes=\"(max-width: 300px) 100vw, 300px\" \/><\/figure><p class=\"theme-wp-block gb-responsive-595107-identifier\"><strong>Foundation:<\/strong><br>2009<\/p><p class=\"theme-wp-block gb-responsive-627172-identifier\"><strong>Industry:<\/strong><br>Fashion<\/p><p class=\"theme-wp-block gb-responsive-331586-identifier\"><strong>Items in Amazon:\u00a0<\/strong><br>30.000<\/p><p class=\"theme-wp-block gb-responsive-485766-identifier\"><strong>Shipments:<\/strong><br>approx. 150.000 per month<\/p><\/div><div class=\"theme-wp-block wp-block-column gb-responsive-36942-identifier is-layout-flow wp-block-column-is-layout-flow\" style=\"flex-basis:50%\"><h3 class=\"theme-wp-block wp-block-heading gb-responsive-34353-identifier\" id=\"block-c06fce04-ef87-4ffc-a3d6-b768ba377d17\">Background:<\/h3><p class=\"theme-wp-block gb-responsive-767855-identifier desktop-gb-has-no-icon xl-gb-has-no-icon lg-gb-has-no-icon md-gb-has-no-icon sm-gb-has-no-icon\">With all the inventory going in and out of their warehouses, Alexander Charatzoglou was aware that mistakes were bound to happen. So far, the mail order company had no process that enabled the identification of every single error that was happening, until Alexander visited an Amazon seller workshop which provided a solution.<\/p><p class=\"theme-wp-block desktop-gb-has-no-icon xl-gb-has-no-icon lg-gb-has-no-icon md-gb-has-no-icon sm-gb-has-no-icon gb-responsive-7132-identifier\">Historien om meinmarkenmode.de ligner meget prototypen p\u00e5 den amerikanske dr\u00f8m<\/p><p class=\"theme-wp-block desktop-gb-has-no-icon xl-gb-has-no-icon lg-gb-has-no-icon md-gb-has-no-icon sm-gb-has-no-icon gb-responsive-663910-identifier\">For at finansiere sine studier begyndte den nuv\u00e6rende administrerende direkt\u00f8r Eugen Allerborn at handle p\u00e5 eBay i 2009. Efterh\u00e5nden som virksomheden voksede, m\u00e5tte han tage stilling til, om han skulle afslutte sine studier eller droppe ud af universitetet og dedikere al sin tid til sit arbejde. Han valgte det sidstn\u00e6vnte: en beslutning, der f\u00f8rte til meget h\u00e5rdt arbejde, men til endnu mere succes. I dag driver han sammen med sin forretningspartner og ven Timo Bethlehem en succesfuld online virksomhed med 50 ansatte p\u00e5 to lokationer<\/p><h3 class=\"theme-wp-block wp-block-heading gb-responsive-182281-identifier desktop-gb-has-no-icon xl-gb-has-no-icon lg-gb-has-no-icon md-gb-has-no-icon sm-gb-has-no-icon\">Starting Out:<\/h3><p class=\"theme-wp-block gb-responsive-262664-identifier desktop-gb-has-no-icon xl-gb-has-no-icon lg-gb-has-no-icon md-gb-has-no-icon sm-gb-has-no-icon\">\u201cDet var klart for os, at vi mistede lager i FBA-lagrene. Med over 30.000 varer i 20 lagre og de resulterende lagerbev\u00e6gelser er dette uundg\u00e5eligt,\u201d forklarer Alexander, som har arbejdet som salgschef hos meinmarkenmode.de siden 2012. \u201cMen som det ofte er tilf\u00e6ldet, var der for mange andre opgaver, der blev givet h\u00f8jere prioritet. Derudover manglede vi kapacitet til at kontrollere processerne manuelt.\u201d<\/p>\u201cDet \u00e6ndrede sig f\u00f8rst, da Alexander havde en samtale om dette emne med en kollega i detailhandlen under et Amazon-workshop. \u201cMin kollega i detailhandlen var en af pilot<br class=\"theme-wp-block\">kunderne hos SELLERLOGIC Lost &#038; Found. Da han fortalte mig om en f\u00f8rste refusion svarende til en lille bil, var jeg s\u00e5 imponeret, at det at pr\u00f8ve dette v\u00e6rkt\u00f8j var \u00f8verst p\u00e5 min prioriteringsliste,\u201d husker Alexander.<h3 class=\"theme-wp-block wp-block-heading gb-responsive-115756-identifier\">L\u00f8sning:<\/h3><p class=\"theme-wp-block gb-responsive-231780-identifier\">Baseret p\u00e5 den positive erfaring fra sin kollega i detailhandlen blev der aldrig overvejet nogen anden l\u00f8sning end Lost &#038; Found for meinmarkenmode.de<\/p>Alexander husker de f\u00f8rste erfaringer med SELLERLOGIC&#8217;s software: \u201cOnboarding med SELLERLOGIC var ekstremt nemt og behageligt. L\u00f8sningen er intuitiv og kan bruges af alle efter en kort tr\u00e6ningsperiode. Siden vi har lanceret, har der ikke v\u00e6ret behov for nogen support. Ikke engang da vi overgav sagsbehandlingen til nye medarbejdere \u2013 dette er ret bem\u00e6rkelsesv\u00e6rdigt!\u201d. Efter et \u00f8jeblik tilf\u00f8jer han: \u201cV\u00e6rkt\u00f8jet er ogs\u00e5 utrolig effektivt. Bag sin intuitive betjening ligger et meget sofistikeret system, der i h\u00f8j grad forenkler sagsbehandlingen.\u201d<div class=\"theme-block-group-wrap\"><div class=\"theme-wp-block wp-block-group gb-responsive-88118-identifier\">\t\t<div  class=\"theme-wp-block theme-block-user-card gb-responsive-799176-identifier is-style-full-width-line desktop-gb-has-no-icon xl-gb-has-no-icon lg-gb-has-no-icon md-gb-has-no-icon sm-gb-has-no-icon\">\n\t\t<div class=\"wrap-inner-content\">\n\t\t\t<div class=\"card-user-head\">\n\t\t\t\t<div class=\"card-user-avatar\">\n\t\t\t\t\t<div class=\"cover-avatar\" style=\"background-image: url(https:\/\/d2bw95mh2ee04s.cloudfront.net\/prod\/content\/wp-content\/uploads\/2020\/12\/23142728\/alexander_charatzoglou_raute.png);\"><\/div>\n\t\t\t\t<\/div>\n\t\t\t\t<div class=\"wrap-title\">\n\t\t\t\t\t<div class=\"card-user-name\">\n\t\t\t\t\t\t<div class=\"title\">\n\t\t\t\t\t\t\t<h3 class=\"heading-text\"><strong>Alexander Charatzoglou<\/strong><\/h3>\n\t\t\t\t\t\t<\/div>\n\t\t\t\t\t\t<div class=\"card-user-position\">\n\t\t\t\t\t\t\t<div class=\"card-text\"><strong>Head of sales management at meinemarkenmode.de<\/strong><\/div>\n\t\t\t\t\t\t<\/div>\n\t\t\t\t\t<\/div>\n\t\t\t\t\t<div class=\"card-user-quote-icon\">\n\t\t\t\t\t<\/div>\n\t\t\t\t<\/div>\n\t\t\t<\/div>\n\t\t\t<div class=\"card-user-text\">\n\t\t\t\t<div class=\"card-text\">&#8220;<p>\\&#8221;SELLERLOGIC Lost &amp; Found er en rigtig no-brainer. Og ikke kun i \u00f8konomisk forstand. De lave omkostninger, v\u00e6rkt\u00f8jet, teknologien bag det, tjenesterne og teamet bag det \u2013 simpelthen alt \u2013 bidrager til vores fulde tilfredshed.<\/p><p><\/p>&#8220;<\/div>\n\t\t\t<\/div>\n\t\t<\/div>\n\t<\/div>\n\n<\/div><\/div><h3 class=\"theme-wp-block wp-block-heading gb-responsive-595368-identifier\">Succesfulde resultater med SELLERLOGIC:<\/h3><p class=\"theme-wp-block gb-responsive-905876-identifier desktop-gb-has-no-icon xl-gb-has-no-icon lg-gb-has-no-icon md-gb-has-no-icon sm-gb-has-no-icon\">Siden deres lancering med SELLERLOGIC Lost &#038; Found har meinmarkenmode.de v\u00e6ret i stand til at kr\u00e6ve refusioner til en v\u00e6rdi af ca. 200.000 Euro. \u201cDette er allerede ikke l\u00e6ngere en lille bil, men et helt hus,\u201d griner Alexander.<\/p><p class=\"theme-wp-block gb-responsive-208143-identifier desktop-gb-has-no-icon xl-gb-has-no-icon lg-gb-has-no-icon md-gb-has-no-icon sm-gb-has-no-icon\">S\u00e5 det reelle tab af lager i FBA-lagrene oversteg klart virksomhedens forventninger. Samtidig drager meinmarkenmode.de fordel af det sofistikerede system, som ogs\u00e5 finder fejl, der sandsynligvis ville forblive uopdagede, hvis de blev s\u00f8gt manuelt. For Alexander er den menneskelige kontakt til SELLERLOGIC lige s\u00e5 vigtig. For ham er SELLERLOGIC ikke kun et v\u00e6rkt\u00f8j, som hans virksomhed bruger, han v\u00e6rds\u00e6tter ogs\u00e5 hele teamet og deres service.<\/p><p class=\"theme-wp-block gb-responsive-355671-identifier desktop-gb-has-no-icon xl-gb-has-no-icon lg-gb-has-no-icon md-gb-has-no-icon sm-gb-has-no-icon\">To conclude, he finds clear words of praise: \u201cSELLERLOGIC Lost &#038; Found er en rigtig no-brainer. Og ikke kun i \u00f8konomisk forstand. De lave omkostninger, v\u00e6rkt\u00f8jet, teknologien bag det, tjenesterne og teamet bag det \u2013 simpelthen alt \u2013 bidrager til vores fulde tilfredshed\u201c.<\/p><div class=\"theme-wp-block wp-block-buttons gb-responsive-497426-identifier is-layout-flex wp-block-buttons-is-layout-flex\"><div class=\"theme-wp-block wp-block-button gb-responsive-38220-identifier is-style-theme-transparent-with-arrow\"><a class=\"wp-block-button__link wp-element-button\" href=\"https:\/\/d2bw95mh2ee04s.cloudfront.net\/prod\/content\/files\/SUCCESS-STORIES\/EN\/NEU_SELLERLOGIC_Success-Story_meinemarkenmode_EN.pdf\" target=\"_blank\" rel=\"noreferrer noopener nofollow\">Download nu!<\/a><\/div><\/div><\/div><div class=\"theme-wp-block wp-block-column gb-responsive-638649-identifier is-layout-flow wp-block-column-is-layout-flow\" style=\"flex-basis:25%\"><\/div><\/div><p class=\"theme-wp-block gb-responsive-554668-identifier\"><\/p>","protected":false},"excerpt":{"rendered":"<p>Foundation:2009 Industry:Fashion Items in Amazon:\u00a030.000 Shipments:approx. 150.000 per month Background: With all the inventory going in and out of their warehouses, Alexander Charatzoglou was aware that mistakes were bound to happen. So far, the mail order company had no process that enabled the identification of every single error that was happening, until Alexander visited an<\/p>\n","protected":false},"author":3,"featured_media":0,"parent":106080,"menu_order":0,"comment_status":"closed","ping_status":"closed","template":"","meta":{"sidebar_recommended_resources":{"data":[]},"sidebar_header_settings":{"hide_buttons":{"register":false}},"_use_new_theme":false,"inline_featured_image":false,"footnotes":""},"class_list":["post-106068","page","type-page","status-publish","hentry"],"yoast_head":"<!-- This site is optimized with the Yoast SEO plugin v26.8 - https:\/\/yoast.com\/product\/yoast-seo-wordpress\/ -->\n<title>Hvordan man f\u00e5r 6-cifret refusion fra Amazon | SELLERLOGIC<\/title>\n<meta name=\"description\" content=\"SELLERLOGIC Lost &amp; Found analyserer alle FBA-fejl. L\u00e6s her, hvordan meinmarkenmode.de fik refusioner til en v\u00e6rdi af et enfamiliehus!\" \/>\n<meta name=\"robots\" content=\"index, follow, max-snippet:-1, max-image-preview:large, max-video-preview:-1\" \/>\n<link rel=\"canonical\" href=\"https:\/\/www.sellerlogic.com\/da\/resources\/success-story-meinemarkenmode-2\/\" \/>\n<meta property=\"og:locale\" content=\"da_DK\" \/>\n<meta property=\"og:type\" content=\"article\" \/>\n<meta property=\"og:title\" content=\"Hvordan man f\u00e5r 6-cifret refusion fra Amazon | SELLERLOGIC\" \/>\n<meta property=\"og:description\" content=\"SELLERLOGIC Lost &amp; Found analyserer alle FBA-fejl. L\u00e6s her, hvordan meinmarkenmode.de fik refusioner til en v\u00e6rdi af et enfamiliehus!\" \/>\n<meta property=\"og:url\" content=\"https:\/\/www.sellerlogic.com\/da\/resources\/success-story-meinemarkenmode-2\/\" \/>\n<meta property=\"og:site_name\" content=\"SELLERLOGIC - Smarte Tools f\u00fcr Amazon-Seller\" \/>\n<meta property=\"article:publisher\" content=\"https:\/\/www.facebook.com\/SellerLogic\/\" \/>\n<meta property=\"og:image\" content=\"https:\/\/d2bw95mh2ee04s.cloudfront.net\/prod\/content\/wp-content\/uploads\/2020\/12\/23142728\/MMM-Logo_2.png\" \/>\n\t<meta property=\"og:image:width\" content=\"1000\" \/>\n\t<meta property=\"og:image:height\" content=\"183\" \/>\n\t<meta property=\"og:image:type\" content=\"image\/png\" \/>\n<meta name=\"twitter:card\" content=\"summary_large_image\" \/>\n<meta name=\"twitter:site\" content=\"@sellerlogic\" \/>\n<meta name=\"twitter:label1\" content=\"Est. reading time\" \/>\n\t<meta name=\"twitter:data1\" content=\"3 minutes\" \/>\n<script type=\"application\/ld+json\" class=\"yoast-schema-graph\">{\"@context\":\"https:\/\/schema.org\",\"@graph\":[{\"@type\":\"WebPage\",\"@id\":\"https:\/\/www.sellerlogic.com\/da\/resources\/success-story-meinemarkenmode-2\/\",\"url\":\"https:\/\/www.sellerlogic.com\/da\/resources\/success-story-meinemarkenmode-2\/\",\"name\":\"Hvordan man f\u00e5r 6-cifret refusion fra Amazon | SELLERLOGIC\",\"isPartOf\":{\"@id\":\"https:\/\/www.sellerlogic.com\/da\/#website\"},\"primaryImageOfPage\":{\"@id\":\"https:\/\/www.sellerlogic.com\/da\/resources\/success-story-meinemarkenmode-2\/#primaryimage\"},\"image\":{\"@id\":\"https:\/\/www.sellerlogic.com\/da\/resources\/success-story-meinemarkenmode-2\/#primaryimage\"},\"thumbnailUrl\":\"https:\/\/www.sellerlogic.com\/wp-content\/uploads\/2020\/12\/MMM-Logo_2-844x154.png\",\"datePublished\":\"2020-12-18T08:11:11+00:00\",\"description\":\"SELLERLOGIC Lost & Found analyserer alle FBA-fejl. L\u00e6s her, hvordan meinmarkenmode.de fik refusioner til en v\u00e6rdi af et enfamiliehus!\",\"breadcrumb\":{\"@id\":\"https:\/\/www.sellerlogic.com\/da\/resources\/success-story-meinemarkenmode-2\/#breadcrumb\"},\"inLanguage\":\"da-DK\",\"potentialAction\":[{\"@type\":\"ReadAction\",\"target\":[\"https:\/\/www.sellerlogic.com\/da\/resources\/success-story-meinemarkenmode-2\/\"]}]},{\"@type\":\"ImageObject\",\"inLanguage\":\"da-DK\",\"@id\":\"https:\/\/www.sellerlogic.com\/da\/resources\/success-story-meinemarkenmode-2\/#primaryimage\",\"url\":\"https:\/\/www.sellerlogic.com\/wp-content\/uploads\/2020\/12\/MMM-Logo_2-844x154.png\",\"contentUrl\":\"https:\/\/www.sellerlogic.com\/wp-content\/uploads\/2020\/12\/MMM-Logo_2-844x154.png\"},{\"@type\":\"BreadcrumbList\",\"@id\":\"https:\/\/www.sellerlogic.com\/da\/resources\/success-story-meinemarkenmode-2\/#breadcrumb\",\"itemListElement\":[{\"@type\":\"ListItem\",\"position\":1,\"name\":\"Home\",\"item\":\"https:\/\/www.sellerlogic.com\/da\/\"},{\"@type\":\"ListItem\",\"position\":2,\"name\":\"Ressourcen EN\",\"item\":\"https:\/\/www.sellerlogic.com\/da\/resources\/\"},{\"@type\":\"ListItem\",\"position\":3,\"name\":\"Success Story: meinemarkenmode.de EN\"}]},{\"@type\":\"WebSite\",\"@id\":\"https:\/\/www.sellerlogic.com\/da\/#website\",\"url\":\"https:\/\/www.sellerlogic.com\/da\/\",\"name\":\"SELLERLOGIC - Smarte Tools f\u00fcr Amazon-Seller\",\"description\":\"Intelligente Prozessoptimierung und Gewinnmaximierung\",\"publisher\":{\"@id\":\"https:\/\/www.sellerlogic.com\/da\/#organization\"},\"potentialAction\":[{\"@type\":\"SearchAction\",\"target\":{\"@type\":\"EntryPoint\",\"urlTemplate\":\"https:\/\/www.sellerlogic.com\/da\/?s={search_term_string}\"},\"query-input\":{\"@type\":\"PropertyValueSpecification\",\"valueRequired\":true,\"valueName\":\"search_term_string\"}}],\"inLanguage\":\"da-DK\"},{\"@type\":\"Organization\",\"@id\":\"https:\/\/www.sellerlogic.com\/da\/#organization\",\"name\":\"SELLERLOGIC\",\"url\":\"https:\/\/www.sellerlogic.com\/da\/\",\"logo\":{\"@type\":\"ImageObject\",\"inLanguage\":\"da-DK\",\"@id\":\"https:\/\/www.sellerlogic.com\/da\/#\/schema\/logo\/image\/\",\"url\":\"https:\/\/d2bw95mh2ee04s.cloudfront.net\/prod\/content\/wp-content\/uploads\/2025\/01\/02134814\/Property-Logo-Main.svg\",\"contentUrl\":\"https:\/\/d2bw95mh2ee04s.cloudfront.net\/prod\/content\/wp-content\/uploads\/2025\/01\/02134814\/Property-Logo-Main.svg\",\"width\":184,\"height\":40,\"caption\":\"SELLERLOGIC\"},\"image\":{\"@id\":\"https:\/\/www.sellerlogic.com\/da\/#\/schema\/logo\/image\/\"},\"sameAs\":[\"https:\/\/www.facebook.com\/SellerLogic\/\",\"https:\/\/x.com\/sellerlogic\",\"https:\/\/www.instagram.com\/sellerlogic\/\",\"https:\/\/www.linkedin.com\/company\/18402037\/\",\"https:\/\/www.youtube.com\/channel\/UC-gULUur-fNj08sprantKsQ\"]}]}<\/script>\n<!-- \/ Yoast SEO plugin. -->","yoast_head_json":{"title":"Hvordan man f\u00e5r 6-cifret refusion fra Amazon | SELLERLOGIC","description":"SELLERLOGIC Lost & Found analyserer alle FBA-fejl. L\u00e6s her, hvordan meinmarkenmode.de fik refusioner til en v\u00e6rdi af et enfamiliehus!","robots":{"index":"index","follow":"follow","max-snippet":"max-snippet:-1","max-image-preview":"max-image-preview:large","max-video-preview":"max-video-preview:-1"},"canonical":"https:\/\/www.sellerlogic.com\/da\/resources\/success-story-meinemarkenmode-2\/","og_locale":"da_DK","og_type":"article","og_title":"Hvordan man f\u00e5r 6-cifret refusion fra Amazon | SELLERLOGIC","og_description":"SELLERLOGIC Lost & Found analyserer alle FBA-fejl. L\u00e6s her, hvordan meinmarkenmode.de fik refusioner til en v\u00e6rdi af et enfamiliehus!","og_url":"https:\/\/www.sellerlogic.com\/da\/resources\/success-story-meinemarkenmode-2\/","og_site_name":"SELLERLOGIC - Smarte Tools f\u00fcr Amazon-Seller","article_publisher":"https:\/\/www.facebook.com\/SellerLogic\/","og_image":[{"width":1000,"height":183,"url":"https:\/\/d2bw95mh2ee04s.cloudfront.net\/prod\/content\/wp-content\/uploads\/2020\/12\/23142728\/MMM-Logo_2.png","type":"image\/png"}],"twitter_card":"summary_large_image","twitter_site":"@sellerlogic","twitter_misc":{"Est. reading time":"3 minutes"},"schema":{"@context":"https:\/\/schema.org","@graph":[{"@type":"WebPage","@id":"https:\/\/www.sellerlogic.com\/da\/resources\/success-story-meinemarkenmode-2\/","url":"https:\/\/www.sellerlogic.com\/da\/resources\/success-story-meinemarkenmode-2\/","name":"Hvordan man f\u00e5r 6-cifret refusion fra Amazon | SELLERLOGIC","isPartOf":{"@id":"https:\/\/www.sellerlogic.com\/da\/#website"},"primaryImageOfPage":{"@id":"https:\/\/www.sellerlogic.com\/da\/resources\/success-story-meinemarkenmode-2\/#primaryimage"},"image":{"@id":"https:\/\/www.sellerlogic.com\/da\/resources\/success-story-meinemarkenmode-2\/#primaryimage"},"thumbnailUrl":"https:\/\/www.sellerlogic.com\/wp-content\/uploads\/2020\/12\/MMM-Logo_2-844x154.png","datePublished":"2020-12-18T08:11:11+00:00","description":"SELLERLOGIC Lost & Found analyserer alle FBA-fejl. L\u00e6s her, hvordan meinmarkenmode.de fik refusioner til en v\u00e6rdi af et enfamiliehus!","breadcrumb":{"@id":"https:\/\/www.sellerlogic.com\/da\/resources\/success-story-meinemarkenmode-2\/#breadcrumb"},"inLanguage":"da-DK","potentialAction":[{"@type":"ReadAction","target":["https:\/\/www.sellerlogic.com\/da\/resources\/success-story-meinemarkenmode-2\/"]}]},{"@type":"ImageObject","inLanguage":"da-DK","@id":"https:\/\/www.sellerlogic.com\/da\/resources\/success-story-meinemarkenmode-2\/#primaryimage","url":"https:\/\/www.sellerlogic.com\/wp-content\/uploads\/2020\/12\/MMM-Logo_2-844x154.png","contentUrl":"https:\/\/www.sellerlogic.com\/wp-content\/uploads\/2020\/12\/MMM-Logo_2-844x154.png"},{"@type":"BreadcrumbList","@id":"https:\/\/www.sellerlogic.com\/da\/resources\/success-story-meinemarkenmode-2\/#breadcrumb","itemListElement":[{"@type":"ListItem","position":1,"name":"Home","item":"https:\/\/www.sellerlogic.com\/da\/"},{"@type":"ListItem","position":2,"name":"Ressourcen EN","item":"https:\/\/www.sellerlogic.com\/da\/resources\/"},{"@type":"ListItem","position":3,"name":"Success Story: meinemarkenmode.de EN"}]},{"@type":"WebSite","@id":"https:\/\/www.sellerlogic.com\/da\/#website","url":"https:\/\/www.sellerlogic.com\/da\/","name":"SELLERLOGIC - Smarte Tools f\u00fcr Amazon-Seller","description":"Intelligente Prozessoptimierung und Gewinnmaximierung","publisher":{"@id":"https:\/\/www.sellerlogic.com\/da\/#organization"},"potentialAction":[{"@type":"SearchAction","target":{"@type":"EntryPoint","urlTemplate":"https:\/\/www.sellerlogic.com\/da\/?s={search_term_string}"},"query-input":{"@type":"PropertyValueSpecification","valueRequired":true,"valueName":"search_term_string"}}],"inLanguage":"da-DK"},{"@type":"Organization","@id":"https:\/\/www.sellerlogic.com\/da\/#organization","name":"SELLERLOGIC","url":"https:\/\/www.sellerlogic.com\/da\/","logo":{"@type":"ImageObject","inLanguage":"da-DK","@id":"https:\/\/www.sellerlogic.com\/da\/#\/schema\/logo\/image\/","url":"https:\/\/d2bw95mh2ee04s.cloudfront.net\/prod\/content\/wp-content\/uploads\/2025\/01\/02134814\/Property-Logo-Main.svg","contentUrl":"https:\/\/d2bw95mh2ee04s.cloudfront.net\/prod\/content\/wp-content\/uploads\/2025\/01\/02134814\/Property-Logo-Main.svg","width":184,"height":40,"caption":"SELLERLOGIC"},"image":{"@id":"https:\/\/www.sellerlogic.com\/da\/#\/schema\/logo\/image\/"},"sameAs":["https:\/\/www.facebook.com\/SellerLogic\/","https:\/\/x.com\/sellerlogic","https:\/\/www.instagram.com\/sellerlogic\/","https:\/\/www.linkedin.com\/company\/18402037\/","https:\/\/www.youtube.com\/channel\/UC-gULUur-fNj08sprantKsQ"]}]}},"_links":{"self":[{"href":"https:\/\/www.sellerlogic.com\/da\/wp-json\/wp\/v2\/pages\/106068","targetHints":{"allow":["GET"]}}],"collection":[{"href":"https:\/\/www.sellerlogic.com\/da\/wp-json\/wp\/v2\/pages"}],"about":[{"href":"https:\/\/www.sellerlogic.com\/da\/wp-json\/wp\/v2\/types\/page"}],"author":[{"embeddable":true,"href":"https:\/\/www.sellerlogic.com\/da\/wp-json\/wp\/v2\/users\/3"}],"replies":[{"embeddable":true,"href":"https:\/\/www.sellerlogic.com\/da\/wp-json\/wp\/v2\/comments?post=106068"}],"version-history":[{"count":0,"href":"https:\/\/www.sellerlogic.com\/da\/wp-json\/wp\/v2\/pages\/106068\/revisions"}],"up":[{"embeddable":true,"href":"https:\/\/www.sellerlogic.com\/da\/wp-json\/wp\/v2\/pages\/106080"}],"wp:attachment":[{"href":"https:\/\/www.sellerlogic.com\/da\/wp-json\/wp\/v2\/media?parent=106068"}],"curies":[{"name":"wp","href":"https:\/\/api.w.org\/{rel}","templated":true}]}}