
{"id":106092,"date":"2020-12-22T10:05:12","date_gmt":"2020-12-22T10:05:12","guid":{"rendered":"https:\/\/127.0.0.1\/resources\/success-story-dadaro\/"},"modified":"2020-12-22T10:05:12","modified_gmt":"2020-12-22T10:05:12","slug":"success-story-dadaro","status":"publish","type":"page","link":"https:\/\/www.sellerlogic.com\/da\/resources\/success-story-dadaro\/","title":{"rendered":"Success Story: Dadaro DA"},"content":{"rendered":"\n\t<div  class=\"theme-wp-block theme-block-main-header is-style-full-height desktop-align-full xl-align-full lg-align-full md-align-full sm-align-full desktop-content-align-y-center desktop-content-align-x-center xl-content-align-y-center xl-content-align-x-center lg-content-align-y-center lg-content-align-x-center md-content-align-y-center md-content-align-x-center sm-content-align-y-center sm-content-align-x-center gb-responsive-439567-identifier theme-block-cover\">\n\t\t<div class=\"bg-cover theme-lazy-load-bg\"><\/div>\n\t\t<div class=\"wrap-content-main-header\">\n\t\t\t\t\t<div  class=\"theme-wp-block theme-block-text-and-text desktop-align-wide xl-align-wide lg-align-wide md-align-wide sm-align-wide gb-responsive-511761-identifier desktop-blockDirection-column xl-blockDirection-column lg-blockDirection-column md-blockDirection-column sm-blockDirection-column\">\n\t\t<div class=\"tat-column-wrap-wrapper\">\n\t\t\t<div class=\"tat-column-wrapper\">\n\t\t\t\t\t<div  class=\"theme-wp-block theme-block-text-and-text-column gb-responsive-24925-identifier desktop-horizontal-center xl-horizontal-center lg-horizontal-center md-horizontal-center sm-horizontal-center\">\n\t\t<div class=\"inner-wrap-column-content\">\n\t\t\t<div class=\"inner-column-content\">\n\t\t\t\t\t\t<h1  class=\"theme-wp-block theme-block-heading gb-responsive-62496-identifier desktop-text-center xl-text-center lg-text-center md-text-center sm-text-center desktop-gb-has-no-icon xl-gb-has-no-icon lg-gb-has-no-icon md-gb-has-no-icon sm-gb-has-no-icon\">\n\t\tHvorfor en verdensomsp\u00e6ndende pandemi ikke p\u00e5virker Dadaro\t<\/h1>\n\n\t\t\t<\/div>\n\t\t<\/div>\n\t<\/div>\n\t<div  class=\"theme-wp-block theme-block-text-and-text-column gb-responsive-195365-identifier\">\n\t\t<div class=\"inner-wrap-column-content\">\n\t\t\t<div class=\"inner-column-content\">\n\t\t\t\t\t\t\t<\/div>\n\t\t<\/div>\n\t<\/div>\n\t\t\t<\/div>\n\t\t<\/div>\n\t<\/div>\n\n\t\t<\/div>\n\t<\/div>\n\n<div style=\"height:50px\" aria-hidden=\"true\" class=\"theme-wp-block wp-block-spacer\"><\/div><div class=\"theme-wp-block wp-block-columns gb-responsive-586014-identifier is-layout-flex wp-container-core-columns-is-layout-9d6595d7 wp-block-columns-is-layout-flex\"><div class=\"theme-wp-block wp-block-column gb-responsive-33587-identifier is-layout-flow wp-block-column-is-layout-flow\" style=\"flex-basis:25%\"><figure class=\"theme-wp-block wp-block-image size-large is-resized gb-responsive-62921-identifier\"><img decoding=\"async\" src=\"https:\/\/d2bw95mh2ee04s.cloudfront.net\/prod\/content\/wp-content\/uploads\/2020\/12\/23142718\/logo-monde-petit.png\" alt=\"Success Story: Dadaro DA\" class=\"wp-image-5012\" width=\"300\" height=\"264\" srcset=\"https:\/\/d2bw95mh2ee04s.cloudfront.net\/prod\/content\/wp-content\/uploads\/2020\/12\/23142718\/logo-monde-petit-407x358.png 407w, https:\/\/d2bw95mh2ee04s.cloudfront.net\/prod\/content\/wp-content\/uploads\/2020\/12\/23142718\/logo-monde-petit.png 600w\" sizes=\"(max-width: 300px) 100vw, 300px\" \/><\/figure><p class=\"theme-wp-block gb-responsive-263243-identifier\"><strong>Grundl\u00e6ggelse:<\/strong><br>2004<\/p><p class=\"theme-wp-block gb-responsive-412647-identifier\"><strong>Industri:<\/strong><br>Smykker &#038; \u00c6delmetaller<\/p><p class=\"theme-wp-block gb-responsive-679138-identifier\"><strong>Varer i Amazon:\u00a0<\/strong><br>ca. 1.600 SKUs<\/p><p class=\"theme-wp-block gb-responsive-236096-identifier\"><strong>Forsendelser:<\/strong><br>ca. 700 pr. m\u00e5ned<\/p><\/div><div class=\"theme-wp-block wp-block-column gb-responsive-980941-identifier is-layout-flow wp-block-column-is-layout-flow\" style=\"flex-basis:50%\"><h3 class=\"theme-wp-block wp-block-heading gb-responsive-34353-identifier\" id=\"block-c06fce04-ef87-4ffc-a3d6-b768ba377d17\">Background:<\/h3><p class=\"theme-wp-block gb-responsive-414178-identifier desktop-gb-has-no-icon xl-gb-has-no-icon lg-gb-has-no-icon md-gb-has-no-icon sm-gb-has-no-icon\">I 2008 s\u00e5 familievirksomheden \u2013 grundlagt i 2004 og specialiseret i fremstilling, k\u00f8b og salg af smykker \u2013 hvordan den traditionelle engroskanal langsomt var ved at komme til en ende. P\u00e5 grund af den \u00f8konomiske krise og stigningen i guldprisen var der et fald i eftersp\u00f8rgslen efter k\u00f8b af smykker, hvilket negativt p\u00e5virkede deres salg. P\u00e5 dette tidspunkt havde Luis G\u00f3mez, CEO for Dadaro, ingen tvivl om, at for at redde familievirksomheden m\u00e5tte han tage springet ind i online salg.<\/p><h3 class=\"theme-wp-block wp-block-heading gb-responsive-846776-identifier desktop-gb-has-no-icon xl-gb-has-no-icon lg-gb-has-no-icon md-gb-has-no-icon sm-gb-has-no-icon\">Starting Out:<\/h3><p class=\"theme-wp-block gb-responsive-166194-identifier desktop-gb-has-no-icon xl-gb-has-no-icon lg-gb-has-no-icon md-gb-has-no-icon sm-gb-has-no-icon\">Efter at have oprettet smykke e-handelsbutikken MondePetit, besluttede Luis at blive Amazon-s\u00e6lger i 2015. For Dadaro, hans aktive Amazon-butik i Spanien, genkendte han straks de muligheder, som Marketplace tilb\u00f8d ham med hensyn til at s\u00e6lge sine produkter internationalt. I 2017 begyndte han at arbejde med Amazon FBA-tjenesterne, og dermed tog han familievirksomheden til et internationalt niveau, hvor han solgte p\u00e5 markeder som Italien, Tyskland, Frankrig og Det Forenede Kongerige.<\/p><p class=\"theme-wp-block gb-responsive-6809-identifier\">&#8220;At bruge Amazons FBA-tjenester og multikanallogistik gennem vores hjemmeside har haft en k\u00e6mpe indvirkning p\u00e5 vores forretning,&#8221; bekr\u00e6fter Luis. &#8220;Fra et kundeserviceaspekt har det hjulpet os meget, da Amazon h\u00e5ndterer kundehenvendelser direkte. Men p\u00e5 den anden side var jeg klar over, at \u2013 med det antal transaktioner, vi h\u00e5ndterer \u2013 der var varer, der ville g\u00e5 tabt i deres logistikcentre&#8221;.<\/p><h3 class=\"theme-wp-block wp-block-heading gb-responsive-826598-identifier\">Solution:<\/h3><p class=\"theme-wp-block gb-responsive-981559-identifier desktop-gb-has-no-icon xl-gb-has-no-icon lg-gb-has-no-icon md-gb-has-no-icon sm-gb-has-no-icon\">Under de strenge nedlukningsforanstaltninger i Spanien, holdt Luis n\u00f8je \u00f8je med de tilbud, der dukkede op i hans indbakke. P\u00e5 den m\u00e5de st\u00f8dte han p\u00e5 en e-mail, han modtog fra VGAMZ, det f\u00f8rste markedspladsr\u00e5dgivningsbureau i Spanien, specialiseret i Amazon: &#8220;E-mailen fangede min opm\u00e6rksomhed, og da jeg tilf\u00e6ldigvis havde lidt tid, besluttede jeg at lytte til VGAMZ-podcasten. Det var ogs\u00e5 s\u00e5dan, jeg fandt deres Youtube-kanal, hvor jeg s\u00e5 videotutorials om Lost &#038; Found v\u00e6rkt\u00f8jet, og her opdagede jeg SELLERLOGIC!&#8221; forklarer Luis. &#8220;Jeg sagde straks til mig selv, dette er pr\u00e6cis, hvad jeg har brug for lige nu. Jeg skrev det ned, og efter et par dage oprettede jeg min konto hos SELLERLOGIC&#8221;.<\/p><div class=\"theme-block-group-wrap\"><div class=\"theme-wp-block wp-block-group gb-responsive-88118-identifier\">\t\t<div  class=\"theme-wp-block theme-block-user-card gb-responsive-799176-identifier is-style-full-width-line\">\n\t\t<div class=\"wrap-inner-content\">\n\t\t\t<div class=\"card-user-head\">\n\t\t\t\t<div class=\"card-user-avatar\">\n\t\t\t\t\t<div class=\"cover-avatar\" style=\"background-image: url(https:\/\/d2bw95mh2ee04s.cloudfront.net\/prod\/content\/wp-content\/uploads\/2020\/12\/23142718\/luis-gomez_raute.png);\"><\/div>\n\t\t\t\t<\/div>\n\t\t\t\t<div class=\"wrap-title\">\n\t\t\t\t\t<div class=\"card-user-name\">\n\t\t\t\t\t\t<div class=\"title\">\n\t\t\t\t\t\t\t<h3 class=\"heading-text\"><strong>Luis G\u00f3mez<\/strong><\/h3>\n\t\t\t\t\t\t<\/div>\n\t\t\t\t\t\t<div class=\"card-user-position\">\n\t\t\t\t\t\t\t<div class=\"card-text\"><strong>CEO hos Dadaro<\/strong><\/div>\n\t\t\t\t\t\t<\/div>\n\t\t\t\t\t<\/div>\n\t\t\t\t\t<div class=\"card-user-quote-icon\">\n\t\t\t\t\t<\/div>\n\t\t\t\t<\/div>\n\t\t\t<\/div>\n\t\t\t<div class=\"card-user-text\">\n\t\t\t\t<div class=\"card-text\"><p>\u201cVirksomheder har intet at tabe ved at bruge dette v\u00e6rkt\u00f8j, jeg anbefaler det til alle slags Amazon-s\u00e6lgere.\u201c<\/p><p><\/p><\/div>\n\t\t\t<\/div>\n\t\t<\/div>\n\t<\/div>\n\n<\/div><\/div><h3 class=\"theme-wp-block wp-block-heading gb-responsive-727373-identifier desktop-gb-has-no-icon xl-gb-has-no-icon lg-gb-has-no-icon md-gb-has-no-icon sm-gb-has-no-icon\">Successful Results With SELLERLOGIC:<\/h3><p class=\"theme-wp-block gb-responsive-306957-identifier\">Alt var hurtigt og nemt fra begyndelsen uden engang at skulle anmode om hj\u00e6lp fra SELLERLOGIC kundeserviceteamet, siger Luis. &#8220;Registreringsprocessen var nem, og implementeringen af v\u00e6rkt\u00f8jet er meget simpel. P\u00e5 meget kort tid begyndte de f\u00f8rste tilbagebetalingssager at dukke op. Jeg kunne ikke tro det, da jeg s\u00e5, at der var 117 sager.&#8221;<\/p><p class=\"theme-wp-block gb-responsive-412864-identifier\">&#8220;Det faktum, at jeg har automatiseret hele processen med at spore og rapportere FBA-transaktionerne, har v\u00e6ret meget nyttigt, is\u00e6r i de tider, vi lever i nu. At kopiere og inds\u00e6tte oplysningerne for at rapportere mine kravssager til Amazon har aldrig v\u00e6ret s\u00e5 nemt!&#8221;<\/p><p class=\"theme-wp-block gb-responsive-741970-identifier\">&#8220;Uden SELLERLOGIC ville jeg ikke have v\u00e6ret i stand til at modtage denne tilbagebetaling p\u00e5 3886,91 \u20ac. I \u00f8jeblikket, p\u00e5 grund af den nuv\u00e6rende situation, med arbejdsbyrden og alle de \u00e6ndringer, der konstant finder sted hos Amazon, ville det have v\u00e6ret umuligt for mig at tage mig af dette problem,&#8221; forklarer Luis. &#8220;I disse tider med Coronavirus har SELLERLOGIC v\u00e6ret en sand gave, jeg h\u00e5ber, jeg kan forts\u00e6tte med at bruge det i lang tid.&#8221;<\/p><div class=\"theme-wp-block wp-block-buttons gb-responsive-497426-identifier is-layout-flex wp-block-buttons-is-layout-flex\"><div class=\"theme-wp-block wp-block-button gb-responsive-38220-identifier is-style-theme-transparent-with-arrow\"><a class=\"wp-block-button__link wp-element-button\" href=\"https:\/\/d2bw95mh2ee04s.cloudfront.net\/prod\/content\/files\/SUCCESS-STORIES\/EN\/SELLERLOGIC_SN_Success-Story_Dadaro_EN.pdf\" target=\"_blank\" rel=\"noreferrer noopener nofollow\">Download nu!<\/a><\/div><\/div><\/div><div class=\"theme-wp-block wp-block-column gb-responsive-405774-identifier is-layout-flow wp-block-column-is-layout-flow\" style=\"flex-basis:25%\"><\/div><\/div><p class=\"theme-wp-block gb-responsive-527070-identifier\"><\/p>","protected":false},"excerpt":{"rendered":"<p>Grundl\u00e6ggelse:2004 Industri:Smykker &#038; \u00c6delmetaller Varer i Amazon:\u00a0ca. 1.600 SKUs Forsendelser:ca. 700 pr. m\u00e5ned Background: I 2008 s\u00e5 familievirksomheden \u2013 grundlagt i 2004 og specialiseret i fremstilling, k\u00f8b og salg af smykker \u2013 hvordan den traditionelle engroskanal langsomt var ved at komme til en ende. P\u00e5 grund af den \u00f8konomiske krise og stigningen i guldprisen var<\/p>\n","protected":false},"author":3,"featured_media":0,"parent":106080,"menu_order":0,"comment_status":"closed","ping_status":"closed","template":"","meta":{"sidebar_recommended_resources":{"data":[]},"sidebar_header_settings":{"hide_buttons":{"register":false}},"_use_new_theme":false,"inline_featured_image":false,"footnotes":""},"class_list":["post-106092","page","type-page","status-publish","hentry"],"yoast_head":"<!-- This site is optimized with the Yoast SEO plugin v26.8 - https:\/\/yoast.com\/product\/yoast-seo-wordpress\/ -->\n<title>Hvordan Lost &amp; Found hjalp Dadaro gennem Corona-krisen | SELLERLOGIC<\/title>\n<meta name=\"description\" content=\"For mange s\u00e6lgere var 2020 et sv\u00e6rt \u00e5r. Find ud af, hvordan Dadaro brugte Lost &amp; Found v\u00e6rkt\u00f8jet til at h\u00e5ndtere krisen. L\u00e6s det nu!\" \/>\n<meta name=\"robots\" content=\"index, follow, max-snippet:-1, max-image-preview:large, max-video-preview:-1\" \/>\n<link rel=\"canonical\" href=\"https:\/\/www.sellerlogic.com\/da\/resources\/success-story-dadaro\/\" \/>\n<meta property=\"og:locale\" content=\"da_DK\" \/>\n<meta property=\"og:type\" content=\"article\" \/>\n<meta property=\"og:title\" content=\"Hvordan Lost &amp; Found hjalp Dadaro gennem Corona-krisen | SELLERLOGIC\" \/>\n<meta property=\"og:description\" content=\"For mange s\u00e6lgere var 2020 et sv\u00e6rt \u00e5r. Find ud af, hvordan Dadaro brugte Lost &amp; Found v\u00e6rkt\u00f8jet til at h\u00e5ndtere krisen. L\u00e6s det nu!\" \/>\n<meta property=\"og:url\" content=\"https:\/\/www.sellerlogic.com\/da\/resources\/success-story-dadaro\/\" \/>\n<meta property=\"og:site_name\" content=\"SELLERLOGIC - Smarte Tools f\u00fcr Amazon-Seller\" \/>\n<meta property=\"article:publisher\" content=\"https:\/\/www.facebook.com\/SellerLogic\/\" \/>\n<meta property=\"og:image\" content=\"https:\/\/www.sellerlogic.com\/wp-content\/uploads\/2020\/12\/logo-monde-petit.png\" \/>\n<meta name=\"twitter:card\" content=\"summary_large_image\" \/>\n<meta name=\"twitter:site\" content=\"@sellerlogic\" \/>\n<meta name=\"twitter:label1\" content=\"Est. reading time\" \/>\n\t<meta name=\"twitter:data1\" content=\"3 minutes\" \/>\n<script type=\"application\/ld+json\" class=\"yoast-schema-graph\">{\"@context\":\"https:\/\/schema.org\",\"@graph\":[{\"@type\":\"WebPage\",\"@id\":\"https:\/\/www.sellerlogic.com\/da\/resources\/success-story-dadaro\/\",\"url\":\"https:\/\/www.sellerlogic.com\/da\/resources\/success-story-dadaro\/\",\"name\":\"Hvordan Lost & Found hjalp Dadaro gennem Corona-krisen | SELLERLOGIC\",\"isPartOf\":{\"@id\":\"https:\/\/www.sellerlogic.com\/da\/#website\"},\"primaryImageOfPage\":{\"@id\":\"https:\/\/www.sellerlogic.com\/da\/resources\/success-story-dadaro\/#primaryimage\"},\"image\":{\"@id\":\"https:\/\/www.sellerlogic.com\/da\/resources\/success-story-dadaro\/#primaryimage\"},\"thumbnailUrl\":\"https:\/\/www.sellerlogic.com\/wp-content\/uploads\/2020\/12\/logo-monde-petit.png\",\"datePublished\":\"2020-12-22T10:05:12+00:00\",\"description\":\"For mange s\u00e6lgere var 2020 et sv\u00e6rt \u00e5r. Find ud af, hvordan Dadaro brugte Lost & Found v\u00e6rkt\u00f8jet til at h\u00e5ndtere krisen. L\u00e6s det nu!\",\"breadcrumb\":{\"@id\":\"https:\/\/www.sellerlogic.com\/da\/resources\/success-story-dadaro\/#breadcrumb\"},\"inLanguage\":\"da-DK\",\"potentialAction\":[{\"@type\":\"ReadAction\",\"target\":[\"https:\/\/www.sellerlogic.com\/da\/resources\/success-story-dadaro\/\"]}]},{\"@type\":\"ImageObject\",\"inLanguage\":\"da-DK\",\"@id\":\"https:\/\/www.sellerlogic.com\/da\/resources\/success-story-dadaro\/#primaryimage\",\"url\":\"https:\/\/www.sellerlogic.com\/wp-content\/uploads\/2020\/12\/logo-monde-petit.png\",\"contentUrl\":\"https:\/\/www.sellerlogic.com\/wp-content\/uploads\/2020\/12\/logo-monde-petit.png\"},{\"@type\":\"BreadcrumbList\",\"@id\":\"https:\/\/www.sellerlogic.com\/da\/resources\/success-story-dadaro\/#breadcrumb\",\"itemListElement\":[{\"@type\":\"ListItem\",\"position\":1,\"name\":\"Home\",\"item\":\"https:\/\/www.sellerlogic.com\/da\/\"},{\"@type\":\"ListItem\",\"position\":2,\"name\":\"Ressourcen EN\",\"item\":\"https:\/\/www.sellerlogic.com\/da\/resources\/\"},{\"@type\":\"ListItem\",\"position\":3,\"name\":\"Success Story: Dadaro DA\"}]},{\"@type\":\"WebSite\",\"@id\":\"https:\/\/www.sellerlogic.com\/da\/#website\",\"url\":\"https:\/\/www.sellerlogic.com\/da\/\",\"name\":\"SELLERLOGIC - Smarte Tools f\u00fcr Amazon-Seller\",\"description\":\"Intelligente Prozessoptimierung und Gewinnmaximierung\",\"publisher\":{\"@id\":\"https:\/\/www.sellerlogic.com\/da\/#organization\"},\"potentialAction\":[{\"@type\":\"SearchAction\",\"target\":{\"@type\":\"EntryPoint\",\"urlTemplate\":\"https:\/\/www.sellerlogic.com\/da\/?s={search_term_string}\"},\"query-input\":{\"@type\":\"PropertyValueSpecification\",\"valueRequired\":true,\"valueName\":\"search_term_string\"}}],\"inLanguage\":\"da-DK\"},{\"@type\":\"Organization\",\"@id\":\"https:\/\/www.sellerlogic.com\/da\/#organization\",\"name\":\"SELLERLOGIC\",\"url\":\"https:\/\/www.sellerlogic.com\/da\/\",\"logo\":{\"@type\":\"ImageObject\",\"inLanguage\":\"da-DK\",\"@id\":\"https:\/\/www.sellerlogic.com\/da\/#\/schema\/logo\/image\/\",\"url\":\"https:\/\/d2bw95mh2ee04s.cloudfront.net\/prod\/content\/wp-content\/uploads\/2025\/01\/02134814\/Property-Logo-Main.svg\",\"contentUrl\":\"https:\/\/d2bw95mh2ee04s.cloudfront.net\/prod\/content\/wp-content\/uploads\/2025\/01\/02134814\/Property-Logo-Main.svg\",\"width\":184,\"height\":40,\"caption\":\"SELLERLOGIC\"},\"image\":{\"@id\":\"https:\/\/www.sellerlogic.com\/da\/#\/schema\/logo\/image\/\"},\"sameAs\":[\"https:\/\/www.facebook.com\/SellerLogic\/\",\"https:\/\/x.com\/sellerlogic\",\"https:\/\/www.instagram.com\/sellerlogic\/\",\"https:\/\/www.linkedin.com\/company\/18402037\/\",\"https:\/\/www.youtube.com\/channel\/UC-gULUur-fNj08sprantKsQ\"]}]}<\/script>\n<!-- \/ Yoast SEO plugin. -->","yoast_head_json":{"title":"Hvordan Lost & Found hjalp Dadaro gennem Corona-krisen | SELLERLOGIC","description":"For mange s\u00e6lgere var 2020 et sv\u00e6rt \u00e5r. Find ud af, hvordan Dadaro brugte Lost & Found v\u00e6rkt\u00f8jet til at h\u00e5ndtere krisen. L\u00e6s det nu!","robots":{"index":"index","follow":"follow","max-snippet":"max-snippet:-1","max-image-preview":"max-image-preview:large","max-video-preview":"max-video-preview:-1"},"canonical":"https:\/\/www.sellerlogic.com\/da\/resources\/success-story-dadaro\/","og_locale":"da_DK","og_type":"article","og_title":"Hvordan Lost & Found hjalp Dadaro gennem Corona-krisen | SELLERLOGIC","og_description":"For mange s\u00e6lgere var 2020 et sv\u00e6rt \u00e5r. Find ud af, hvordan Dadaro brugte Lost & Found v\u00e6rkt\u00f8jet til at h\u00e5ndtere krisen. L\u00e6s det nu!","og_url":"https:\/\/www.sellerlogic.com\/da\/resources\/success-story-dadaro\/","og_site_name":"SELLERLOGIC - Smarte Tools f\u00fcr Amazon-Seller","article_publisher":"https:\/\/www.facebook.com\/SellerLogic\/","og_image":[{"url":"https:\/\/www.sellerlogic.com\/wp-content\/uploads\/2020\/12\/logo-monde-petit.png","type":"","width":"","height":""}],"twitter_card":"summary_large_image","twitter_site":"@sellerlogic","twitter_misc":{"Est. reading time":"3 minutes"},"schema":{"@context":"https:\/\/schema.org","@graph":[{"@type":"WebPage","@id":"https:\/\/www.sellerlogic.com\/da\/resources\/success-story-dadaro\/","url":"https:\/\/www.sellerlogic.com\/da\/resources\/success-story-dadaro\/","name":"Hvordan Lost & Found hjalp Dadaro gennem Corona-krisen | SELLERLOGIC","isPartOf":{"@id":"https:\/\/www.sellerlogic.com\/da\/#website"},"primaryImageOfPage":{"@id":"https:\/\/www.sellerlogic.com\/da\/resources\/success-story-dadaro\/#primaryimage"},"image":{"@id":"https:\/\/www.sellerlogic.com\/da\/resources\/success-story-dadaro\/#primaryimage"},"thumbnailUrl":"https:\/\/www.sellerlogic.com\/wp-content\/uploads\/2020\/12\/logo-monde-petit.png","datePublished":"2020-12-22T10:05:12+00:00","description":"For mange s\u00e6lgere var 2020 et sv\u00e6rt \u00e5r. Find ud af, hvordan Dadaro brugte Lost & Found v\u00e6rkt\u00f8jet til at h\u00e5ndtere krisen. L\u00e6s det nu!","breadcrumb":{"@id":"https:\/\/www.sellerlogic.com\/da\/resources\/success-story-dadaro\/#breadcrumb"},"inLanguage":"da-DK","potentialAction":[{"@type":"ReadAction","target":["https:\/\/www.sellerlogic.com\/da\/resources\/success-story-dadaro\/"]}]},{"@type":"ImageObject","inLanguage":"da-DK","@id":"https:\/\/www.sellerlogic.com\/da\/resources\/success-story-dadaro\/#primaryimage","url":"https:\/\/www.sellerlogic.com\/wp-content\/uploads\/2020\/12\/logo-monde-petit.png","contentUrl":"https:\/\/www.sellerlogic.com\/wp-content\/uploads\/2020\/12\/logo-monde-petit.png"},{"@type":"BreadcrumbList","@id":"https:\/\/www.sellerlogic.com\/da\/resources\/success-story-dadaro\/#breadcrumb","itemListElement":[{"@type":"ListItem","position":1,"name":"Home","item":"https:\/\/www.sellerlogic.com\/da\/"},{"@type":"ListItem","position":2,"name":"Ressourcen EN","item":"https:\/\/www.sellerlogic.com\/da\/resources\/"},{"@type":"ListItem","position":3,"name":"Success Story: Dadaro DA"}]},{"@type":"WebSite","@id":"https:\/\/www.sellerlogic.com\/da\/#website","url":"https:\/\/www.sellerlogic.com\/da\/","name":"SELLERLOGIC - Smarte Tools f\u00fcr Amazon-Seller","description":"Intelligente Prozessoptimierung und Gewinnmaximierung","publisher":{"@id":"https:\/\/www.sellerlogic.com\/da\/#organization"},"potentialAction":[{"@type":"SearchAction","target":{"@type":"EntryPoint","urlTemplate":"https:\/\/www.sellerlogic.com\/da\/?s={search_term_string}"},"query-input":{"@type":"PropertyValueSpecification","valueRequired":true,"valueName":"search_term_string"}}],"inLanguage":"da-DK"},{"@type":"Organization","@id":"https:\/\/www.sellerlogic.com\/da\/#organization","name":"SELLERLOGIC","url":"https:\/\/www.sellerlogic.com\/da\/","logo":{"@type":"ImageObject","inLanguage":"da-DK","@id":"https:\/\/www.sellerlogic.com\/da\/#\/schema\/logo\/image\/","url":"https:\/\/d2bw95mh2ee04s.cloudfront.net\/prod\/content\/wp-content\/uploads\/2025\/01\/02134814\/Property-Logo-Main.svg","contentUrl":"https:\/\/d2bw95mh2ee04s.cloudfront.net\/prod\/content\/wp-content\/uploads\/2025\/01\/02134814\/Property-Logo-Main.svg","width":184,"height":40,"caption":"SELLERLOGIC"},"image":{"@id":"https:\/\/www.sellerlogic.com\/da\/#\/schema\/logo\/image\/"},"sameAs":["https:\/\/www.facebook.com\/SellerLogic\/","https:\/\/x.com\/sellerlogic","https:\/\/www.instagram.com\/sellerlogic\/","https:\/\/www.linkedin.com\/company\/18402037\/","https:\/\/www.youtube.com\/channel\/UC-gULUur-fNj08sprantKsQ"]}]}},"_links":{"self":[{"href":"https:\/\/www.sellerlogic.com\/da\/wp-json\/wp\/v2\/pages\/106092","targetHints":{"allow":["GET"]}}],"collection":[{"href":"https:\/\/www.sellerlogic.com\/da\/wp-json\/wp\/v2\/pages"}],"about":[{"href":"https:\/\/www.sellerlogic.com\/da\/wp-json\/wp\/v2\/types\/page"}],"author":[{"embeddable":true,"href":"https:\/\/www.sellerlogic.com\/da\/wp-json\/wp\/v2\/users\/3"}],"replies":[{"embeddable":true,"href":"https:\/\/www.sellerlogic.com\/da\/wp-json\/wp\/v2\/comments?post=106092"}],"version-history":[{"count":0,"href":"https:\/\/www.sellerlogic.com\/da\/wp-json\/wp\/v2\/pages\/106092\/revisions"}],"up":[{"embeddable":true,"href":"https:\/\/www.sellerlogic.com\/da\/wp-json\/wp\/v2\/pages\/106080"}],"wp:attachment":[{"href":"https:\/\/www.sellerlogic.com\/da\/wp-json\/wp\/v2\/media?parent=106092"}],"curies":[{"name":"wp","href":"https:\/\/api.w.org\/{rel}","templated":true}]}}