
{"id":106095,"date":"2021-01-07T08:42:11","date_gmt":"2021-01-07T08:42:11","guid":{"rendered":"https:\/\/127.0.0.1\/resources\/wb-en-202002\/"},"modified":"2021-01-07T08:42:11","modified_gmt":"2021-01-07T08:42:11","slug":"wb-en-202002","status":"publish","type":"page","link":"https:\/\/www.sellerlogic.com\/da\/resources\/wb-en-202002\/","title":{"rendered":"Workbook: In 13 Schritten in die Buy Box EN"},"content":{"rendered":"\n\t<div  class=\"theme-wp-block theme-block-main-header is-style-default desktop-content-align-y-center desktop-content-align-x-center xl-content-align-y-center xl-content-align-x-center lg-content-align-y-center lg-content-align-x-center md-content-align-y-center md-content-align-x-center sm-content-align-y-center sm-content-align-x-center gb-responsive-870765-identifier desktop-gb-has-no-icon xl-gb-has-no-icon lg-gb-has-no-icon md-gb-has-no-icon sm-gb-has-no-icon desktop-align-full xl-align-full lg-align-full md-align-full sm-align-full theme-block-cover\">\n\t\t<div class=\"bg-cover theme-lazy-load-bg\"><\/div>\n\t\t<div class=\"wrap-content-main-header\">\n\t\t\t\t\t<div  class=\"theme-wp-block theme-block-text-and-text desktop-blockDirection-row xl-blockDirection-row lg-blockDirection-row md-blockDirection-row sm-blockDirection-row gb-responsive-668047-identifier\">\n\t\t<div class=\"tat-column-wrap-wrapper\">\n\t\t\t<div class=\"tat-column-wrapper\">\n\t\t\t\t\t<div  class=\"theme-wp-block theme-block-text-and-text-column gb-responsive-12402-identifier desktop-horizontal-center xl-horizontal-center lg-horizontal-center md-horizontal-center sm-horizontal-center\">\n\t\t<div class=\"inner-wrap-column-content\">\n\t\t\t<div class=\"inner-column-content\">\n\t\t\t\t\t\t<h1  class=\"theme-wp-block theme-block-heading desktop-text-center xl-text-center lg-text-center md-text-center sm-text-center is-style-default gb-responsive-934842-identifier desktop-align-center xl-align-center lg-align-center md-align-center sm-align-center aligncenter h1 has-text-align\">\n\t\tInto the Buy Box in 13 Steps\t<\/h1>\n\n\t\t<h2  class=\"theme-wp-block theme-block-heading desktop-text-center xl-text-center lg-text-center md-text-center sm-text-center is-style-default gb-responsive-854417-identifier desktop-align-center xl-align-center lg-align-center md-align-center sm-align-center aligncenter h2 has-text-align\">\n\t\tHow to optimize your metrics!\t<\/h2>\n\n\t\t\t<\/div>\n\t\t<\/div>\n\t<\/div>\n\t<div  class=\"theme-wp-block theme-block-text-and-text-column gb-responsive-288701-identifier\">\n\t\t<div class=\"inner-wrap-column-content\">\n\t\t\t<div class=\"inner-column-content\">\n\t\t\t\t\t\t\t<\/div>\n\t\t<\/div>\n\t<\/div>\n\t\t\t<\/div>\n\t\t<\/div>\n\t<\/div>\n\n\t\t<\/div>\n\t<\/div>\n\n<div style=\"height:50px\" aria-hidden=\"true\" class=\"theme-wp-block wp-block-spacer\"><\/div><div class=\"theme-wp-block wp-block-columns gb-responsive-25107-identifier is-layout-flex wp-container-core-columns-is-layout-9d6595d7 wp-block-columns-is-layout-flex\"><div class=\"theme-wp-block wp-block-column gb-responsive-617598-identifier is-layout-flow wp-block-column-is-layout-flow\"><h2 class=\"theme-wp-block gb-responsive-348831-identifier wp-block-heading\" id=\"13-steps-one-buy-box\">13 steps \u2013 one Buy Box!<\/h2><div class=\"theme-wp-block wp-block-image gb-responsive-796372-identifier\"><figure class=\"alignright size-large is-resized\"><img decoding=\"async\" src=\"https:\/\/d2bw95mh2ee04s.cloudfront.net\/prod\/content\/wp-content\/uploads\/2021\/01\/23142706\/wb-13-steps-cover-en.png\" alt=\"Workbook: In 13 Schritten in die Buy Box EN\" class=\"wp-image-6261\" width=\"385\" srcset=\"https:\/\/d2bw95mh2ee04s.cloudfront.net\/prod\/content\/wp-content\/uploads\/2021\/01\/23142706\/wb-13-steps-cover-en-407x443.png 407w, https:\/\/d2bw95mh2ee04s.cloudfront.net\/prod\/content\/wp-content\/uploads\/2021\/01\/23142706\/wb-13-steps-cover-en.png 738w\" sizes=\"(max-width: 738px) 100vw, 738px\" \/><\/figure><\/div><p class=\"theme-wp-block is-style-default gb-responsive-367803-identifier\">Kender du alle de vigtige kriterier for at vinde Buy Box? Det er ikke kun leveringstiden og prisen, der betyder noget, men ogs\u00e5 andre m\u00e5linger som kundeservice, som du altid b\u00f8r have i tankerne!<\/p><p class=\"theme-wp-block is-style-default gb-responsive-832605-identifier\">Thing er, kun hvis dine produkter er i Buy Box, vil du have chancen for at opn\u00e5 tilstr\u00e6kkelige salg. N\u00e5r alt kommer til alt, placerer 90 ud af 100 kunder deres ordrer via det orange indk\u00f8bskurvfelt.<\/p><p class=\"theme-wp-block is-style-default gb-responsive-299470-identifier\"><strong><strong>Download vores gratis arbejdsbog nu og l\u00e6r, hvilke kriterier du skal opfylde, og hvordan du succesfuldt kan kontrollere dine m\u00e5linger \u2013 fra minimumskravet til den ideelle v\u00e6rdi til den korrekte beregning!<\/strong><\/strong><\/p><div class=\"theme-wp-block wp-block-columns gb-responsive-865137-identifier is-layout-flex wp-container-core-columns-is-layout-9d6595d7 wp-block-columns-is-layout-flex\"><div class=\"theme-wp-block wp-block-column gb-responsive-773470-identifier is-layout-flow wp-block-column-is-layout-flow\"><div id=\"wb-form\" class=\"theme-wp-block wb-form\"><p>\n\t\tVenligst indtast f\u00f8lgende oplysninger for at anmode om arbejdsbogen. Den vil derefter blive sendt til dig efterf\u00f8lgende.<br><\/p><form id=\"leadform\" action=\"#\" method=\"post\"><label>Fornavn og efternavn<sup style=\"color: rgb(255, 0, 0);\">*<\/sup><\/label><br> <input type=\"text\" placeholder=\"Fornavn og efternavn\" name=\"first-name\" id=\"first-name\" required=\"required\" style=\"padding: 10px; font-size: 18px; width: 100%; margin-bottom: 15px; color: rgb(88, 88, 88);\"><br> <label>Emailadresse<sup style=\"color: rgb(255, 0, 0);\">*<\/sup><\/label><br> <input type=\"email\" required=\"required\" placeholder=\"Emailadresse\" name=\"email\" id=\"email\" style=\"padding: 10px; font-size: 18px; width: 100%; margin-bottom: 15px; color: rgb(88, 88, 88);\"><br> <label>Telefon<sup style=\"color: rgb(255, 0, 0);\">*<\/sup> <span style=\"font-size: 12px;\">(Venligst inkluder landekoden)<\/span><\/label><br> <input type=\"number\" required=\"required\" placeholder=\"Telefon\" name=\"telephone\" id=\"telephone\" style=\"padding: 10px; font-size: 18px; width: 100%; margin-bottom: 15px; color: rgb(88, 88, 88);\"><br> <label>Amazon Store URL<sup style=\"color: rgb(255, 0, 0);\">*<\/sup><\/label><br> <input type=\"text\" required=\"required\" placeholder=\"Hjemmeside\" name=\"website\" id=\"website\" style=\"padding: 10px; font-size: 18px; width: 100%; margin-bottom: 15px; color: rgb(88, 88, 88);\"><br><label>Antal SKU<\/label><br> <input type=\"text\" placeholder=\"Antal SKU\" name=\"sku_count\" id=\"sku_count\" style=\"padding: 10px; font-size: 18px; width: 100%; margin-bottom: 15px; color: rgb(88, 88, 88);\"><br><input type=\"submit\" value=\"Bestil arbejdsbogen nu!\" id=\"submitnow\" style=\"padding: 10px; font-size: 18px; width: 100%; margin-bottom: 15px; color: rgb(255, 255, 255); background-color: rgb(255, 170, 1); cursor: pointer;\"> <p style=\"margin-bottom: 10px; font-size: 12px;\">Behandlingen af dataene sker i henhold til vores <a href=\"https:\/\/www.sellerlogic.com\/en\/privacy-policy\/\" target=\"_blank\" rel=\"noopener\">privatlivspolitik<\/a>.<\/p><\/form><\/div><\/div><\/div><\/div><div class=\"theme-wp-block wp-block-column gb-responsive-603254-identifier is-layout-flow wp-block-column-is-layout-flow\" style=\"flex-basis:25%\"><\/div><\/div><h3 class=\"theme-wp-block has-text-align-center gb-responsive-132502-identifier is-style-default desktop-text-center xl-text-center lg-text-center md-text-center sm-text-center wp-block-heading\" id=\"further-content-for-you\">Further Content for You<\/h3>\t\t<div  class=\"theme-wp-block theme-block-card-posts gb-responsive-809039-identifier layout-recommended-resources layout-size-normal\">\n\t\t<div class=\"wrap-inner-blocks\">\n\t\t\t<div class=\"post-card \">\n\t\t\t<a class=\"post-link\" href=\"https:\/\/www.sellerlogic.com\/da\/resources\/success-story-sport-hesse\/\" >SELLERLOGIC hj\u00e6lper med ekspertise, og Sport-Hesse bel\u00f8nnes med en h\u00f8j Amazon-refusion<\/a>\n\t\t<div class=\"bg-image has-image\">\n\t\t<img decoding=\"async\" width=\"434\" height=\"289\" src=\"https:\/\/d2bw95mh2ee04s.cloudfront.net\/prod\/content\/wp-content\/uploads\/2020\/12\/23142722\/sport-hesse-header-neu-post-card-tall.jpeg\" class=\"attachment-0x289 size-0x289 wp-post-image\" alt=\"Sport-Hesse: Header\" srcset=\"https:\/\/d2bw95mh2ee04s.cloudfront.net\/prod\/content\/wp-content\/uploads\/2020\/12\/23142722\/sport-hesse-header-neu-104x69.jpeg 104w, https:\/\/d2bw95mh2ee04s.cloudfront.net\/prod\/content\/wp-content\/uploads\/2020\/12\/23142722\/sport-hesse-header-neu-208x139.jpeg 208w, https:\/\/d2bw95mh2ee04s.cloudfront.net\/prod\/content\/wp-content\/uploads\/2020\/12\/23142722\/sport-hesse-header-neu-medium.jpeg 407w, https:\/\/d2bw95mh2ee04s.cloudfront.net\/prod\/content\/wp-content\/uploads\/2020\/12\/23142722\/sport-hesse-header-neu-medium-large.jpeg 768w, https:\/\/d2bw95mh2ee04s.cloudfront.net\/prod\/content\/wp-content\/uploads\/2020\/12\/23142722\/sport-hesse-header-neu-large.jpeg 844w, https:\/\/d2bw95mh2ee04s.cloudfront.net\/prod\/content\/wp-content\/uploads\/2020\/12\/23142722\/sport-hesse-header-neu-1200x800.jpeg 1200w, https:\/\/d2bw95mh2ee04s.cloudfront.net\/prod\/content\/wp-content\/uploads\/2020\/12\/23142722\/sport-hesse-header-neu-huge.jpeg 1536w, https:\/\/d2bw95mh2ee04s.cloudfront.net\/prod\/content\/wp-content\/uploads\/2020\/12\/23142722\/sport-hesse-header-neu-2048x1366.jpeg 2048w\" sizes=\"(max-width: 434px) 100vw, 434px\" \/>\t<\/div>\n\t<div class=\"inside-wrap-card\">\n\t\t<div class=\"inside-wrap-card-content\">\n\t\t\t<div class=\"wrap-content\">\n\t\t\t\t<div class=\"card-subtitle\">\n\t\t\t\t\tSuccess Story\t\t\t\t<\/div>\n\t\t\t\t<div class=\"title\">\n\t\t\t\t\t<a href=\"https:\/\/www.sellerlogic.com\/da\/resources\/success-story-sport-hesse\/\" >SELLERLOGIC hj\u00e6lper med ekspertise, og Sport-Hesse bel\u00f8nnes med en h\u00f8j Amazon-refusion<\/a>\n\t\t\t\t<\/div>\n\n\t\t\t\t\t\t\t<\/div>\n\t\t<\/div>\n\t<\/div>\n<\/div><div class=\"post-card \">\n\t\t\t<a class=\"post-link\" href=\"https:\/\/www.sellerlogic.com\/da\/resources\/wb-en-202001\/\" >6 Tips til FBA-s\u00e6lgere: Hvordan man s\u00e6lger succesfuldt p\u00e5 Amazon!<\/a>\n\t\t<div class=\"bg-image has-image\">\n\t\t<img decoding=\"async\" width=\"677\" height=\"289\" src=\"https:\/\/d2bw95mh2ee04s.cloudfront.net\/prod\/content\/wp-content\/uploads\/2020\/12\/23142721\/tipps-fba-seller-header-post-card-tall.jpeg\" class=\"attachment-0x289 size-0x289\" alt=\"6 Tipps f\u00fcr FBA Seller\" srcset=\"https:\/\/d2bw95mh2ee04s.cloudfront.net\/prod\/content\/wp-content\/uploads\/2020\/12\/23142721\/tipps-fba-seller-header-medium.jpeg 407w, https:\/\/d2bw95mh2ee04s.cloudfront.net\/prod\/content\/wp-content\/uploads\/2020\/12\/23142721\/tipps-fba-seller-header-medium-large.jpeg 768w, https:\/\/d2bw95mh2ee04s.cloudfront.net\/prod\/content\/wp-content\/uploads\/2020\/12\/23142721\/tipps-fba-seller-header-large.jpeg 844w, https:\/\/d2bw95mh2ee04s.cloudfront.net\/prod\/content\/wp-content\/uploads\/2020\/12\/23142721\/tipps-fba-seller-header-huge.jpeg 1536w, https:\/\/d2bw95mh2ee04s.cloudfront.net\/prod\/content\/wp-content\/uploads\/2020\/12\/23142721\/tipps-fba-seller-header-2048x874.jpeg 2048w\" sizes=\"(max-width: 677px) 100vw, 677px\" \/>\t<\/div>\n\t<div class=\"inside-wrap-card\">\n\t\t<div class=\"inside-wrap-card-content\">\n\t\t\t<div class=\"wrap-content\">\n\t\t\t\t<div class=\"card-subtitle\">\n\t\t\t\t\tWorkbook\t\t\t\t<\/div>\n\t\t\t\t<div class=\"title\">\n\t\t\t\t\t<a href=\"https:\/\/www.sellerlogic.com\/da\/resources\/wb-en-202001\/\" >6 Tips til FBA-s\u00e6lgere: Hvordan man s\u00e6lger succesfuldt p\u00e5 Amazon!<\/a>\n\t\t\t\t<\/div>\n\n\t\t\t\t\t\t\t<\/div>\n\t\t<\/div>\n\t<\/div>\n<\/div><div class=\"post-card \">\n\t\t\t<a class=\"post-link\" href=\"https:\/\/www.sellerlogic.com\/da\/resources\/success-story-univers-cake\/\" >\u201cVi betaler for Repricer med vores Lost &#038; Found refusioner!\u201d<\/a>\n\t\t<div class=\"bg-image has-image\">\n\t\t<img decoding=\"async\" width=\"669\" height=\"289\" src=\"https:\/\/d2bw95mh2ee04s.cloudfront.net\/prod\/content\/wp-content\/uploads\/2020\/12\/23142710\/success-story-univers-cake-header-post-card-tall.jpeg\" class=\"attachment-0x289 size-0x289 wp-post-image\" alt=\"Success Story: Univers Cake\" srcset=\"https:\/\/d2bw95mh2ee04s.cloudfront.net\/prod\/content\/wp-content\/uploads\/2020\/12\/23142710\/success-story-univers-cake-header-104x45.jpeg 104w, https:\/\/d2bw95mh2ee04s.cloudfront.net\/prod\/content\/wp-content\/uploads\/2020\/12\/23142710\/success-story-univers-cake-header-208x90.jpeg 208w, https:\/\/d2bw95mh2ee04s.cloudfront.net\/prod\/content\/wp-content\/uploads\/2020\/12\/23142710\/success-story-univers-cake-header-medium.jpeg 407w, https:\/\/d2bw95mh2ee04s.cloudfront.net\/prod\/content\/wp-content\/uploads\/2020\/12\/23142710\/success-story-univers-cake-header-medium-large.jpeg 768w, https:\/\/d2bw95mh2ee04s.cloudfront.net\/prod\/content\/wp-content\/uploads\/2020\/12\/23142710\/success-story-univers-cake-header-large.jpeg 844w, https:\/\/d2bw95mh2ee04s.cloudfront.net\/prod\/content\/wp-content\/uploads\/2020\/12\/23142710\/success-story-univers-cake-header-1200x519.jpeg 1200w, https:\/\/d2bw95mh2ee04s.cloudfront.net\/prod\/content\/wp-content\/uploads\/2020\/12\/23142710\/success-story-univers-cake-header-huge.jpeg 1536w, https:\/\/d2bw95mh2ee04s.cloudfront.net\/prod\/content\/wp-content\/uploads\/2020\/12\/23142710\/success-story-univers-cake-header-2048x885.jpeg 2048w\" sizes=\"(max-width: 669px) 100vw, 669px\" \/>\t<\/div>\n\t<div class=\"inside-wrap-card\">\n\t\t<div class=\"inside-wrap-card-content\">\n\t\t\t<div class=\"wrap-content\">\n\t\t\t\t<div class=\"card-subtitle\">\n\t\t\t\t\tSuccess Story\t\t\t\t<\/div>\n\t\t\t\t<div class=\"title\">\n\t\t\t\t\t<a href=\"https:\/\/www.sellerlogic.com\/da\/resources\/success-story-univers-cake\/\" >\u201cVi betaler for Repricer med vores Lost &#038; Found refusioner!\u201d<\/a>\n\t\t\t\t<\/div>\n\n\t\t\t\t\t\t\t<\/div>\n\t\t<\/div>\n\t<\/div>\n<\/div>\t\t<\/div>\n\t<\/div>\n","protected":false},"excerpt":{"rendered":"<p>13 steps \u2013 one Buy Box! Kender du alle de vigtige kriterier for at vinde Buy Box? Det er ikke kun leveringstiden og prisen, der betyder noget, men ogs\u00e5 andre m\u00e5linger som kundeservice, som du altid b\u00f8r have i tankerne! Thing er, kun hvis dine produkter er i Buy Box, vil du have chancen for<\/p>\n","protected":false},"author":8,"featured_media":5133,"parent":106080,"menu_order":0,"comment_status":"closed","ping_status":"closed","template":"","meta":{"sidebar_recommended_resources":{"data":[]},"sidebar_header_settings":{"hide_buttons":{"register":false}},"_use_new_theme":false,"inline_featured_image":false,"footnotes":""},"class_list":["post-106095","page","type-page","status-publish","has-post-thumbnail","hentry"],"yoast_head":"<!-- This site is optimized with the Yoast SEO plugin v26.8 - https:\/\/yoast.com\/product\/yoast-seo-wordpress\/ -->\n<title>Gratis arbejdsbog: I 13 trin ind i Buy Box - inklusive beregninger!<\/title>\n<meta name=\"description\" content=\"Hvilke kriterier bruger Amazon-algoritmen, og hvilke m\u00e5linger skal handlende opfylde for at vinde Buy Box p\u00e5 Amazon? Download nu!\" \/>\n<meta name=\"robots\" content=\"index, follow, max-snippet:-1, max-image-preview:large, max-video-preview:-1\" \/>\n<link rel=\"canonical\" href=\"https:\/\/www.sellerlogic.com\/da\/resources\/wb-en-202002\/\" \/>\n<meta property=\"og:locale\" content=\"da_DK\" \/>\n<meta property=\"og:type\" content=\"article\" \/>\n<meta property=\"og:title\" content=\"Gratis arbejdsbog: I 13 trin ind i Buy Box - inklusive beregninger!\" \/>\n<meta property=\"og:description\" content=\"Hvilke kriterier bruger Amazon-algoritmen, og hvilke m\u00e5linger skal handlende opfylde for at vinde Buy Box p\u00e5 Amazon? Download nu!\" \/>\n<meta property=\"og:url\" content=\"https:\/\/www.sellerlogic.com\/da\/resources\/wb-en-202002\/\" \/>\n<meta property=\"og:site_name\" content=\"SELLERLOGIC - Smarte Tools f\u00fcr Amazon-Seller\" \/>\n<meta property=\"article:publisher\" content=\"https:\/\/www.facebook.com\/SellerLogic\/\" \/>\n<meta property=\"og:image\" content=\"https:\/\/d2bw95mh2ee04s.cloudfront.net\/prod\/content\/wp-content\/uploads\/2020\/12\/23142715\/workbook_metriken_optimieren.jpeg\" \/>\n\t<meta property=\"og:image:width\" content=\"2500\" \/>\n\t<meta property=\"og:image:height\" content=\"1017\" \/>\n\t<meta property=\"og:image:type\" content=\"image\/jpeg\" \/>\n<meta name=\"twitter:card\" content=\"summary_large_image\" \/>\n<meta name=\"twitter:site\" content=\"@sellerlogic\" \/>\n<meta name=\"twitter:label1\" content=\"Est. reading time\" \/>\n\t<meta name=\"twitter:data1\" content=\"2 minutes\" \/>\n<script type=\"application\/ld+json\" class=\"yoast-schema-graph\">{\"@context\":\"https:\/\/schema.org\",\"@graph\":[{\"@type\":\"WebPage\",\"@id\":\"https:\/\/www.sellerlogic.com\/da\/resources\/wb-en-202002\/\",\"url\":\"https:\/\/www.sellerlogic.com\/da\/resources\/wb-en-202002\/\",\"name\":\"Gratis arbejdsbog: I 13 trin ind i Buy Box - inklusive beregninger!\",\"isPartOf\":{\"@id\":\"https:\/\/www.sellerlogic.com\/da\/#website\"},\"primaryImageOfPage\":{\"@id\":\"https:\/\/www.sellerlogic.com\/da\/resources\/wb-en-202002\/#primaryimage\"},\"image\":{\"@id\":\"https:\/\/www.sellerlogic.com\/da\/resources\/wb-en-202002\/#primaryimage\"},\"thumbnailUrl\":\"https:\/\/d2bw95mh2ee04s.cloudfront.net\/prod\/content\/wp-content\/uploads\/2020\/12\/23142715\/workbook_metriken_optimieren.jpeg\",\"datePublished\":\"2021-01-07T08:42:11+00:00\",\"description\":\"Hvilke kriterier bruger Amazon-algoritmen, og hvilke m\u00e5linger skal handlende opfylde for at vinde Buy Box p\u00e5 Amazon? Download nu!\",\"breadcrumb\":{\"@id\":\"https:\/\/www.sellerlogic.com\/da\/resources\/wb-en-202002\/#breadcrumb\"},\"inLanguage\":\"da-DK\",\"potentialAction\":[{\"@type\":\"ReadAction\",\"target\":[\"https:\/\/www.sellerlogic.com\/da\/resources\/wb-en-202002\/\"]}]},{\"@type\":\"ImageObject\",\"inLanguage\":\"da-DK\",\"@id\":\"https:\/\/www.sellerlogic.com\/da\/resources\/wb-en-202002\/#primaryimage\",\"url\":\"https:\/\/d2bw95mh2ee04s.cloudfront.net\/prod\/content\/wp-content\/uploads\/2020\/12\/23142715\/workbook_metriken_optimieren.jpeg\",\"contentUrl\":\"https:\/\/d2bw95mh2ee04s.cloudfront.net\/prod\/content\/wp-content\/uploads\/2020\/12\/23142715\/workbook_metriken_optimieren.jpeg\",\"width\":2500,\"height\":1017,\"caption\":\"In 13 Schritten in die Buy Box: So optimieren Sie Ihre Metriken!\"},{\"@type\":\"BreadcrumbList\",\"@id\":\"https:\/\/www.sellerlogic.com\/da\/resources\/wb-en-202002\/#breadcrumb\",\"itemListElement\":[{\"@type\":\"ListItem\",\"position\":1,\"name\":\"Home\",\"item\":\"https:\/\/www.sellerlogic.com\/da\/\"},{\"@type\":\"ListItem\",\"position\":2,\"name\":\"Ressourcen EN\",\"item\":\"https:\/\/127.0.0.1\/de\/ressourcen\/\"},{\"@type\":\"ListItem\",\"position\":3,\"name\":\"Workbook: In 13 Schritten in die Buy Box EN\"}]},{\"@type\":\"WebSite\",\"@id\":\"https:\/\/www.sellerlogic.com\/da\/#website\",\"url\":\"https:\/\/www.sellerlogic.com\/da\/\",\"name\":\"SELLERLOGIC - Smarte Tools f\u00fcr Amazon-Seller\",\"description\":\"Intelligente Prozessoptimierung und Gewinnmaximierung\",\"publisher\":{\"@id\":\"https:\/\/www.sellerlogic.com\/da\/#organization\"},\"potentialAction\":[{\"@type\":\"SearchAction\",\"target\":{\"@type\":\"EntryPoint\",\"urlTemplate\":\"https:\/\/www.sellerlogic.com\/da\/?s={search_term_string}\"},\"query-input\":{\"@type\":\"PropertyValueSpecification\",\"valueRequired\":true,\"valueName\":\"search_term_string\"}}],\"inLanguage\":\"da-DK\"},{\"@type\":\"Organization\",\"@id\":\"https:\/\/www.sellerlogic.com\/da\/#organization\",\"name\":\"SELLERLOGIC\",\"url\":\"https:\/\/www.sellerlogic.com\/da\/\",\"logo\":{\"@type\":\"ImageObject\",\"inLanguage\":\"da-DK\",\"@id\":\"https:\/\/www.sellerlogic.com\/da\/#\/schema\/logo\/image\/\",\"url\":\"https:\/\/d2bw95mh2ee04s.cloudfront.net\/prod\/content\/wp-content\/uploads\/2025\/01\/02134814\/Property-Logo-Main.svg\",\"contentUrl\":\"https:\/\/d2bw95mh2ee04s.cloudfront.net\/prod\/content\/wp-content\/uploads\/2025\/01\/02134814\/Property-Logo-Main.svg\",\"width\":184,\"height\":40,\"caption\":\"SELLERLOGIC\"},\"image\":{\"@id\":\"https:\/\/www.sellerlogic.com\/da\/#\/schema\/logo\/image\/\"},\"sameAs\":[\"https:\/\/www.facebook.com\/SellerLogic\/\",\"https:\/\/x.com\/sellerlogic\",\"https:\/\/www.instagram.com\/sellerlogic\/\",\"https:\/\/www.linkedin.com\/company\/18402037\/\",\"https:\/\/www.youtube.com\/channel\/UC-gULUur-fNj08sprantKsQ\"]}]}<\/script>\n<!-- \/ Yoast SEO plugin. -->","yoast_head_json":{"title":"Gratis arbejdsbog: I 13 trin ind i Buy Box - inklusive beregninger!","description":"Hvilke kriterier bruger Amazon-algoritmen, og hvilke m\u00e5linger skal handlende opfylde for at vinde Buy Box p\u00e5 Amazon? Download nu!","robots":{"index":"index","follow":"follow","max-snippet":"max-snippet:-1","max-image-preview":"max-image-preview:large","max-video-preview":"max-video-preview:-1"},"canonical":"https:\/\/www.sellerlogic.com\/da\/resources\/wb-en-202002\/","og_locale":"da_DK","og_type":"article","og_title":"Gratis arbejdsbog: I 13 trin ind i Buy Box - inklusive beregninger!","og_description":"Hvilke kriterier bruger Amazon-algoritmen, og hvilke m\u00e5linger skal handlende opfylde for at vinde Buy Box p\u00e5 Amazon? Download nu!","og_url":"https:\/\/www.sellerlogic.com\/da\/resources\/wb-en-202002\/","og_site_name":"SELLERLOGIC - Smarte Tools f\u00fcr Amazon-Seller","article_publisher":"https:\/\/www.facebook.com\/SellerLogic\/","og_image":[{"width":2500,"height":1017,"url":"https:\/\/d2bw95mh2ee04s.cloudfront.net\/prod\/content\/wp-content\/uploads\/2020\/12\/23142715\/workbook_metriken_optimieren.jpeg","type":"image\/jpeg"}],"twitter_card":"summary_large_image","twitter_site":"@sellerlogic","twitter_misc":{"Est. reading time":"2 minutes"},"schema":{"@context":"https:\/\/schema.org","@graph":[{"@type":"WebPage","@id":"https:\/\/www.sellerlogic.com\/da\/resources\/wb-en-202002\/","url":"https:\/\/www.sellerlogic.com\/da\/resources\/wb-en-202002\/","name":"Gratis arbejdsbog: I 13 trin ind i Buy Box - inklusive beregninger!","isPartOf":{"@id":"https:\/\/www.sellerlogic.com\/da\/#website"},"primaryImageOfPage":{"@id":"https:\/\/www.sellerlogic.com\/da\/resources\/wb-en-202002\/#primaryimage"},"image":{"@id":"https:\/\/www.sellerlogic.com\/da\/resources\/wb-en-202002\/#primaryimage"},"thumbnailUrl":"https:\/\/d2bw95mh2ee04s.cloudfront.net\/prod\/content\/wp-content\/uploads\/2020\/12\/23142715\/workbook_metriken_optimieren.jpeg","datePublished":"2021-01-07T08:42:11+00:00","description":"Hvilke kriterier bruger Amazon-algoritmen, og hvilke m\u00e5linger skal handlende opfylde for at vinde Buy Box p\u00e5 Amazon? Download nu!","breadcrumb":{"@id":"https:\/\/www.sellerlogic.com\/da\/resources\/wb-en-202002\/#breadcrumb"},"inLanguage":"da-DK","potentialAction":[{"@type":"ReadAction","target":["https:\/\/www.sellerlogic.com\/da\/resources\/wb-en-202002\/"]}]},{"@type":"ImageObject","inLanguage":"da-DK","@id":"https:\/\/www.sellerlogic.com\/da\/resources\/wb-en-202002\/#primaryimage","url":"https:\/\/d2bw95mh2ee04s.cloudfront.net\/prod\/content\/wp-content\/uploads\/2020\/12\/23142715\/workbook_metriken_optimieren.jpeg","contentUrl":"https:\/\/d2bw95mh2ee04s.cloudfront.net\/prod\/content\/wp-content\/uploads\/2020\/12\/23142715\/workbook_metriken_optimieren.jpeg","width":2500,"height":1017,"caption":"In 13 Schritten in die Buy Box: So optimieren Sie Ihre Metriken!"},{"@type":"BreadcrumbList","@id":"https:\/\/www.sellerlogic.com\/da\/resources\/wb-en-202002\/#breadcrumb","itemListElement":[{"@type":"ListItem","position":1,"name":"Home","item":"https:\/\/www.sellerlogic.com\/da\/"},{"@type":"ListItem","position":2,"name":"Ressourcen EN","item":"https:\/\/127.0.0.1\/de\/ressourcen\/"},{"@type":"ListItem","position":3,"name":"Workbook: In 13 Schritten in die Buy Box EN"}]},{"@type":"WebSite","@id":"https:\/\/www.sellerlogic.com\/da\/#website","url":"https:\/\/www.sellerlogic.com\/da\/","name":"SELLERLOGIC - Smarte Tools f\u00fcr Amazon-Seller","description":"Intelligente Prozessoptimierung und Gewinnmaximierung","publisher":{"@id":"https:\/\/www.sellerlogic.com\/da\/#organization"},"potentialAction":[{"@type":"SearchAction","target":{"@type":"EntryPoint","urlTemplate":"https:\/\/www.sellerlogic.com\/da\/?s={search_term_string}"},"query-input":{"@type":"PropertyValueSpecification","valueRequired":true,"valueName":"search_term_string"}}],"inLanguage":"da-DK"},{"@type":"Organization","@id":"https:\/\/www.sellerlogic.com\/da\/#organization","name":"SELLERLOGIC","url":"https:\/\/www.sellerlogic.com\/da\/","logo":{"@type":"ImageObject","inLanguage":"da-DK","@id":"https:\/\/www.sellerlogic.com\/da\/#\/schema\/logo\/image\/","url":"https:\/\/d2bw95mh2ee04s.cloudfront.net\/prod\/content\/wp-content\/uploads\/2025\/01\/02134814\/Property-Logo-Main.svg","contentUrl":"https:\/\/d2bw95mh2ee04s.cloudfront.net\/prod\/content\/wp-content\/uploads\/2025\/01\/02134814\/Property-Logo-Main.svg","width":184,"height":40,"caption":"SELLERLOGIC"},"image":{"@id":"https:\/\/www.sellerlogic.com\/da\/#\/schema\/logo\/image\/"},"sameAs":["https:\/\/www.facebook.com\/SellerLogic\/","https:\/\/x.com\/sellerlogic","https:\/\/www.instagram.com\/sellerlogic\/","https:\/\/www.linkedin.com\/company\/18402037\/","https:\/\/www.youtube.com\/channel\/UC-gULUur-fNj08sprantKsQ"]}]}},"_links":{"self":[{"href":"https:\/\/www.sellerlogic.com\/da\/wp-json\/wp\/v2\/pages\/106095","targetHints":{"allow":["GET"]}}],"collection":[{"href":"https:\/\/www.sellerlogic.com\/da\/wp-json\/wp\/v2\/pages"}],"about":[{"href":"https:\/\/www.sellerlogic.com\/da\/wp-json\/wp\/v2\/types\/page"}],"author":[{"embeddable":true,"href":"https:\/\/www.sellerlogic.com\/da\/wp-json\/wp\/v2\/users\/8"}],"replies":[{"embeddable":true,"href":"https:\/\/www.sellerlogic.com\/da\/wp-json\/wp\/v2\/comments?post=106095"}],"version-history":[{"count":0,"href":"https:\/\/www.sellerlogic.com\/da\/wp-json\/wp\/v2\/pages\/106095\/revisions"}],"up":[{"embeddable":true,"href":"https:\/\/www.sellerlogic.com\/da\/wp-json\/wp\/v2\/pages\/106080"}],"wp:featuredmedia":[{"embeddable":true,"href":"https:\/\/www.sellerlogic.com\/da\/wp-json\/wp\/v2\/media\/5133"}],"wp:attachment":[{"href":"https:\/\/www.sellerlogic.com\/da\/wp-json\/wp\/v2\/media?parent=106095"}],"curies":[{"name":"wp","href":"https:\/\/api.w.org\/{rel}","templated":true}]}}