
{"id":106101,"date":"2020-12-18T10:57:32","date_gmt":"2020-12-18T10:57:32","guid":{"rendered":"https:\/\/127.0.0.1\/resources\/success-story-sport-hesse\/"},"modified":"2020-12-18T10:57:32","modified_gmt":"2020-12-18T10:57:32","slug":"success-story-sport-hesse","status":"publish","type":"page","link":"https:\/\/www.sellerlogic.com\/da\/resources\/success-story-sport-hesse\/","title":{"rendered":"Success Story: Sport Hesse EN"},"content":{"rendered":"\n\t<div  class=\"theme-wp-block theme-block-main-header is-style-full-height desktop-align-full xl-align-full lg-align-full md-align-full sm-align-full desktop-content-align-y-center desktop-content-align-x-center xl-content-align-y-center xl-content-align-x-center lg-content-align-y-center lg-content-align-x-center md-content-align-y-center md-content-align-x-center sm-content-align-y-center sm-content-align-x-center gb-responsive-131969-identifier theme-block-cover\">\n\t\t<div class=\"bg-cover theme-lazy-load-bg\"><\/div>\n\t\t<div class=\"wrap-content-main-header\">\n\t\t\t\t\t<div  class=\"theme-wp-block theme-block-text-and-text desktop-blockDirection-row xl-blockDirection-row lg-blockDirection-row md-blockDirection-row sm-blockDirection-row gb-responsive-2306-identifier desktop-align-full xl-align-full lg-align-full md-align-full sm-align-full desktop-vertical-top xl-vertical-top lg-vertical-top md-vertical-top sm-vertical-top alignfull\">\n\t\t<div class=\"tat-column-wrap-wrapper\">\n\t\t\t<div class=\"tat-column-wrapper\">\n\t\t\t\t\t<div  class=\"theme-wp-block theme-block-text-and-text-column gb-responsive-708373-identifier\">\n\t\t<div class=\"inner-wrap-column-content\">\n\t\t\t<div class=\"inner-column-content\">\n\t\t\t\t\t\t<h1  class=\"theme-wp-block theme-block-heading is-style-default desktop-text-center xl-text-center lg-text-center md-text-center sm-text-center desktop-align-wide xl-align-wide lg-align-wide md-align-wide sm-align-wide gb-responsive-599464-identifier alignwide h1 has-text-align\">\n\t\tVinde gennem personlig ekspertise\t<\/h1>\n\n\t\t<h2  class=\"theme-wp-block theme-block-heading is-style-default desktop-text-center xl-text-center lg-text-center md-text-center sm-text-center desktop-align-wide xl-align-wide lg-align-wide md-align-wide sm-align-wide gb-responsive-17576-identifier alignwide h2 has-text-align\">\n\t\tSport-Hesse &amp; SELLERLOGIC\t<\/h2>\n\n\t\t\t<\/div>\n\t\t<\/div>\n\t<\/div>\n\t<div  class=\"theme-wp-block theme-block-text-and-text-column gb-responsive-976923-identifier\">\n\t\t<div class=\"inner-wrap-column-content\">\n\t\t\t<div class=\"inner-column-content\">\n\t\t\t\t\t\t\t<\/div>\n\t\t<\/div>\n\t<\/div>\n\t\t\t<\/div>\n\t\t<\/div>\n\t<\/div>\n\n\t\t<\/div>\n\t<\/div>\n\n<div style=\"height:50px\" aria-hidden=\"true\" class=\"theme-wp-block wp-block-spacer\"><\/div><div class=\"theme-wp-block wp-block-columns gb-responsive-759712-identifier is-layout-flex wp-container-core-columns-is-layout-9d6595d7 wp-block-columns-is-layout-flex\"><div class=\"theme-wp-block wp-block-column gb-responsive-24590-identifier is-layout-flow wp-block-column-is-layout-flow\" style=\"flex-basis:25%\"><figure class=\"theme-wp-block wp-block-image size-large is-resized gb-responsive-62921-identifier\"><img decoding=\"async\" width=\"500\" height=\"357\" src=\"https:\/\/d2bw95mh2ee04s.cloudfront.net\/prod\/content\/wp-content\/uploads\/2020\/12\/23142723\/logo-sport-hesse.png\" alt=\"Success Story: Sport Hesse EN\" class=\"wp-image-4836\" style=\"width:176px;height:125px\" srcset=\"https:\/\/d2bw95mh2ee04s.cloudfront.net\/prod\/content\/wp-content\/uploads\/2020\/12\/23142723\/logo-sport-hesse-407x291.png 407w, https:\/\/d2bw95mh2ee04s.cloudfront.net\/prod\/content\/wp-content\/uploads\/2020\/12\/23142723\/logo-sport-hesse.png 500w\" sizes=\"(max-width: 500px) 100vw, 500px\" \/><\/figure><p class=\"theme-wp-block gb-responsive-160011-identifier\"><strong>Fundament:<\/strong><br>1984<\/p><p class=\"theme-wp-block gb-responsive-297884-identifier\"><strong>Industri:<\/strong><br>Sportsudstyr, holdsport, sportsm\u00e6rker<\/p><p class=\"theme-wp-block gb-responsive-938889-identifier\"><strong>Varer p\u00e5 Amazon: <\/strong><br>ca. 6.000 SKUs<\/p><p class=\"theme-wp-block gb-responsive-337749-identifier\"><strong>Forsendelser:<\/strong><br>ca. 30.000 pr. m\u00e5ned<\/p><\/div><div class=\"theme-wp-block wp-block-column gb-responsive-542944-identifier is-layout-flow wp-block-column-is-layout-flow\" style=\"flex-basis:50%\"><h3 class=\"theme-wp-block wp-block-heading gb-responsive-34353-identifier\" id=\"block-c06fce04-ef87-4ffc-a3d6-b768ba377d17\">Baggrund:<\/h3><p class=\"theme-wp-block gb-responsive-772271-identifier desktop-gb-has-no-icon xl-gb-has-no-icon lg-gb-has-no-icon md-gb-has-no-icon sm-gb-has-no-icon\">Christoph J. Hesse begyndte at s\u00e6lge sit sportsudstyr direkte p\u00e5 banen efter kampe, da han stadig studerede erhvervs\u00f8konomi. Dette er, hvordan ideen om at skabe sit firma blev f\u00f8dt. I 1984 \u00e5bnede Christoph sin f\u00f8rste sportsbutik med et detailareal p\u00e5 45 kvm. Kun f\u00e5 \u00e5r senere m\u00e5tte de udvide til 100 kvm f\u00f8rst og derefter til 500 kvm. I dag s\u00e6lger Sport-Hesse p\u00e5 en overflade p\u00e5 omkring 1000 kvm og er en meget succesfuld leverand\u00f8r af holdsportsudstyr, der bruges af kunder over hele verden.<\/p><h3 class=\"theme-wp-block wp-block-heading gb-responsive-530046-identifier desktop-gb-has-no-icon xl-gb-has-no-icon lg-gb-has-no-icon md-gb-has-no-icon sm-gb-has-no-icon\">Startende:<\/h3><p class=\"theme-wp-block gb-responsive-657993-identifier\">Siden 2014 s\u00e6lger virksomheden ogs\u00e5 sine produkter p\u00e5 Amazon. Hvad der startede med forsendelsen af et par fodbold har til sidst udviklet sig til et PAN EU salg i hele Europa. Med omkring 6.000 varer var Christoph Hesse klar over, at fejl var uundg\u00e5elige i Amazons lagre.<\/p><p class=\"theme-wp-block gb-responsive-780031-identifier\">\u201eVi har et bredt udvalg af produkter p\u00e5 Amazon, og at sammenligne s\u00e5 mange internationale markeder er komplekst og tidskr\u00e6vende,\u201c forklarer Christoph. \u201eVi analyserede manuelt leveringsrapporter, fordi vi var klar over det grundl\u00e6ggende problem, men p\u00e5 grund af den store m\u00e6ngde tid, dette kr\u00e6ver, kunne vi kun udf\u00f8re overv\u00e5gningen i lille skala\u201c.<\/p><h3 class=\"theme-wp-block wp-block-heading gb-responsive-749842-identifier\">L\u00f8sning:<\/h3><p class=\"theme-wp-block gb-responsive-642257-identifier desktop-gb-has-no-icon xl-gb-has-no-icon lg-gb-has-no-icon md-gb-has-no-icon sm-gb-has-no-icon\">S\u00e5 deltog Christoph i en konference for Amazon-s\u00e6lgere. Da han allerede havde modtaget en invitation fra SELLERLOGIC vedr\u00f8rende Lost &#038; Found l\u00f8sningen, s\u00f8gte han os ud og lyttede til et af vores konferencepr\u00e6sentationer. \u201eWorkshoppens havde allerede overbevist mig om Lost &#038; Found. Men den konstruktive diskussion med taleren bagefter var prikken over i&#8217;et og bekr\u00e6ftede helt min f\u00f8rste indtryk\u201c, husker Christoph. \u201eS\u00e5 snart jeg kom hjem, registrerede jeg mig direkte\u201c.<\/p><div class=\"theme-block-group-wrap\"><div class=\"theme-wp-block wp-block-group gb-responsive-88118-identifier\">\t\t<div  class=\"theme-wp-block theme-block-user-card gb-responsive-799176-identifier is-style-full-width-line\">\n\t\t<div class=\"wrap-inner-content\">\n\t\t\t<div class=\"card-user-head\">\n\t\t\t\t<div class=\"card-user-avatar\">\n\t\t\t\t\t<div class=\"cover-avatar\" style=\"background-image: url(https:\/\/d2bw95mh2ee04s.cloudfront.net\/prod\/content\/wp-content\/uploads\/2020\/12\/23142724\/sport-hesse-raute.png);\"><\/div>\n\t\t\t\t<\/div>\n\t\t\t\t<div class=\"wrap-title\">\n\t\t\t\t\t<div class=\"card-user-name\">\n\t\t\t\t\t\t<div class=\"title\">\n\t\t\t\t\t\t\t<h3 class=\"heading-text\"><strong>Christoph Hesse<\/strong><\/h3>\n\t\t\t\t\t\t<\/div>\n\t\t\t\t\t\t<div class=\"card-user-position\">\n\t\t\t\t\t\t\t<div class=\"card-text\"><strong>CEO hos Sport-Hesse<\/strong><\/div>\n\t\t\t\t\t\t<\/div>\n\t\t\t\t\t<\/div>\n\t\t\t\t\t<div class=\"card-user-quote-icon\">\n\t\t\t\t\t<\/div>\n\t\t\t\t<\/div>\n\t\t\t<\/div>\n\t\t\t<div class=\"card-user-text\">\n\t\t\t\t<div class=\"card-text\"><p>\u201eSELLERLOGIC Lost &amp; Found er simpelthen et fantastisk v\u00e6rkt\u00f8j, alt passer bare perfekt, driften, refusionerne, onboarding og servicen! Vi vil bestemt ikke tilbage til manuelt at udarbejde mulige refusionskrav.\u201c<\/p><\/div>\n\t\t\t<\/div>\n\t\t<\/div>\n\t<\/div>\n\n<\/div><\/div><h3 class=\"theme-wp-block wp-block-heading gb-responsive-260858-identifier\">Succesfulde resultater med SELLERLOGIC:<\/h3><p class=\"theme-wp-block gb-responsive-536715-identifier desktop-gb-has-no-icon xl-gb-has-no-icon lg-gb-has-no-icon md-gb-has-no-icon sm-gb-has-no-icon\">Selv implementeringen af l\u00f8sningen oversteg hans forventninger. Selvom Christophs personlige erfaring med SELLERLOGIC&#8217;s CSO under konferencen allerede var alt, hvad han havde brug for til at tr\u00e6ffe beslutningen, \u201eoverraskede den f\u00f8rste refusion mig alligevel: Sport-Hesse fik 15.000 Euro tilbage fra Amazon!\u201c.<\/p><p class=\"theme-wp-block gb-responsive-557617-identifier desktop-gb-has-no-icon xl-gb-has-no-icon lg-gb-has-no-icon md-gb-has-no-icon sm-gb-has-no-icon\">SELLERLOGIC&#8217;s l\u00f8fte om at spare tid og nem h\u00e5ndtering viste sig ogs\u00e5 at v\u00e6re sandt. \u201eDe tilbyder ogs\u00e5 en up\u00e5klagelig service &#8211; selv p\u00e5 l\u00f8rdag modtog jeg et svar fra kundesupportteamet!\u201c forklarer Christoph. \u201eGenerelt har det v\u00e6ret meget behageligt at have med kundesupportteamet at g\u00f8re. De har altid det rigtige svar p\u00e5 mine problemer\u201c.<\/p><p class=\"theme-wp-block gb-responsive-570460-identifier desktop-gb-has-no-icon xl-gb-has-no-icon lg-gb-has-no-icon md-gb-has-no-icon sm-gb-has-no-icon\">\u201eV\u00e6rkt\u00f8jet fungerer selv meget godt, da den operationelle komponent er klar, og det nemt kan integreres i din egen daglige rutine. Derudover er der en vidensdatabase \u2013 som udover kundesupportteamet \u2013 ogs\u00e5 har hjulpet os meget, n\u00e5r vi havde tvivl eller sp\u00f8rgsm\u00e5l.\u201c<\/p><p class=\"theme-wp-block gb-responsive-270774-identifier desktop-gb-has-no-icon xl-gb-has-no-icon lg-gb-has-no-icon md-gb-has-no-icon sm-gb-has-no-icon\">\u201eYdelsen af v\u00e6rkt\u00f8jet er simpelthen overbevisende og retf\u00e6rdigg\u00f8r helt prisen!\u201c siger Christoph. \u201eI hvert fald er manuel kontrol ikke l\u00e6ngere et problem hos Sport-Hesse\u201c.<\/p><div class=\"theme-wp-block wp-block-buttons gb-responsive-497426-identifier is-layout-flex wp-block-buttons-is-layout-flex\"><div class=\"theme-wp-block wp-block-button gb-responsive-38220-identifier is-style-theme-transparent-with-arrow\"><a class=\"wp-block-button__link wp-element-button\" href=\"https:\/\/d2bw95mh2ee04s.cloudfront.net\/prod\/content\/files\/SUCCESS-STORIES\/EN\/SELLERLOGIC_SN_Success-Story_Sport-Hesse_EN.pdf\" target=\"_blank\" rel=\"noreferrer noopener nofollow\">Download nu!<\/a><\/div><\/div><\/div><div class=\"theme-wp-block wp-block-column gb-responsive-271329-identifier is-layout-flow wp-block-column-is-layout-flow\" style=\"flex-basis:25%\"><\/div><\/div>","protected":false},"excerpt":{"rendered":"<p>Fundament:1984 Industri:Sportsudstyr, holdsport, sportsm\u00e6rker Varer p\u00e5 Amazon: ca. 6.000 SKUs Forsendelser:ca. 30.000 pr. m\u00e5ned Baggrund: Christoph J. Hesse begyndte at s\u00e6lge sit sportsudstyr direkte p\u00e5 banen efter kampe, da han stadig studerede erhvervs\u00f8konomi. Dette er, hvordan ideen om at skabe sit firma blev f\u00f8dt. I 1984 \u00e5bnede Christoph sin f\u00f8rste sportsbutik med et detailareal p\u00e5<\/p>\n","protected":false},"author":3,"featured_media":4855,"parent":106080,"menu_order":0,"comment_status":"closed","ping_status":"closed","template":"","meta":{"sidebar_recommended_resources":{"data":[]},"sidebar_header_settings":{"hide_buttons":{"register":false}},"_use_new_theme":false,"inline_featured_image":false,"footnotes":""},"class_list":["post-106101","page","type-page","status-publish","has-post-thumbnail","hentry"],"yoast_head":"<!-- This site is optimized with the Yoast SEO plugin v26.8 - https:\/\/yoast.com\/product\/yoast-seo-wordpress\/ -->\n<title>Hvorfor Lost &amp; Found overbeviste Sport-Hesse | SELLERLOGIC<\/title>\n<meta name=\"description\" content=\"\u201eDe har altid det rigtige svar p\u00e5 mine problemer\u201c - Hvordan Sport-Hesse fik en 5-cifret refusion fra Amazon takket v\u00e6re Lost &amp; Found.\" \/>\n<meta name=\"robots\" content=\"index, follow, max-snippet:-1, max-image-preview:large, max-video-preview:-1\" \/>\n<link rel=\"canonical\" href=\"https:\/\/www.sellerlogic.com\/da\/resources\/success-story-sport-hesse\/\" \/>\n<meta property=\"og:locale\" content=\"da_DK\" \/>\n<meta property=\"og:type\" content=\"article\" \/>\n<meta property=\"og:title\" content=\"Hvorfor Lost &amp; Found overbeviste Sport-Hesse | SELLERLOGIC\" \/>\n<meta property=\"og:description\" content=\"\u201eDe har altid det rigtige svar p\u00e5 mine problemer\u201c - Hvordan Sport-Hesse fik en 5-cifret refusion fra Amazon takket v\u00e6re Lost &amp; Found.\" \/>\n<meta property=\"og:url\" content=\"https:\/\/www.sellerlogic.com\/da\/resources\/success-story-sport-hesse\/\" \/>\n<meta property=\"og:site_name\" content=\"SELLERLOGIC - Smarte Tools f\u00fcr Amazon-Seller\" \/>\n<meta property=\"article:publisher\" content=\"https:\/\/www.facebook.com\/SellerLogic\/\" \/>\n<meta property=\"og:image\" content=\"https:\/\/d2bw95mh2ee04s.cloudfront.net\/prod\/content\/wp-content\/uploads\/2020\/12\/23142722\/sport-hesse-header-neu.jpeg\" \/>\n\t<meta property=\"og:image:width\" content=\"2500\" \/>\n\t<meta property=\"og:image:height\" content=\"1667\" \/>\n\t<meta property=\"og:image:type\" content=\"image\/jpeg\" \/>\n<meta name=\"twitter:card\" content=\"summary_large_image\" \/>\n<meta name=\"twitter:site\" content=\"@sellerlogic\" \/>\n<meta name=\"twitter:label1\" content=\"Est. reading time\" \/>\n\t<meta name=\"twitter:data1\" content=\"3 minutes\" \/>\n<script type=\"application\/ld+json\" class=\"yoast-schema-graph\">{\"@context\":\"https:\/\/schema.org\",\"@graph\":[{\"@type\":\"WebPage\",\"@id\":\"https:\/\/www.sellerlogic.com\/da\/resources\/success-story-sport-hesse\/\",\"url\":\"https:\/\/www.sellerlogic.com\/da\/resources\/success-story-sport-hesse\/\",\"name\":\"Hvorfor Lost & Found overbeviste Sport-Hesse | SELLERLOGIC\",\"isPartOf\":{\"@id\":\"https:\/\/www.sellerlogic.com\/da\/#website\"},\"primaryImageOfPage\":{\"@id\":\"https:\/\/www.sellerlogic.com\/da\/resources\/success-story-sport-hesse\/#primaryimage\"},\"image\":{\"@id\":\"https:\/\/www.sellerlogic.com\/da\/resources\/success-story-sport-hesse\/#primaryimage\"},\"thumbnailUrl\":\"https:\/\/d2bw95mh2ee04s.cloudfront.net\/prod\/content\/wp-content\/uploads\/2020\/12\/23142722\/sport-hesse-header-neu.jpeg\",\"datePublished\":\"2020-12-18T10:57:32+00:00\",\"description\":\"\u201eDe har altid det rigtige svar p\u00e5 mine problemer\u201c - Hvordan Sport-Hesse fik en 5-cifret refusion fra Amazon takket v\u00e6re Lost & Found.\",\"breadcrumb\":{\"@id\":\"https:\/\/www.sellerlogic.com\/da\/resources\/success-story-sport-hesse\/#breadcrumb\"},\"inLanguage\":\"da-DK\",\"potentialAction\":[{\"@type\":\"ReadAction\",\"target\":[\"https:\/\/www.sellerlogic.com\/da\/resources\/success-story-sport-hesse\/\"]}]},{\"@type\":\"ImageObject\",\"inLanguage\":\"da-DK\",\"@id\":\"https:\/\/www.sellerlogic.com\/da\/resources\/success-story-sport-hesse\/#primaryimage\",\"url\":\"https:\/\/d2bw95mh2ee04s.cloudfront.net\/prod\/content\/wp-content\/uploads\/2020\/12\/23142722\/sport-hesse-header-neu.jpeg\",\"contentUrl\":\"https:\/\/d2bw95mh2ee04s.cloudfront.net\/prod\/content\/wp-content\/uploads\/2020\/12\/23142722\/sport-hesse-header-neu.jpeg\",\"width\":2500,\"height\":1667,\"caption\":\"Sport-Hesse: Header\"},{\"@type\":\"BreadcrumbList\",\"@id\":\"https:\/\/www.sellerlogic.com\/da\/resources\/success-story-sport-hesse\/#breadcrumb\",\"itemListElement\":[{\"@type\":\"ListItem\",\"position\":1,\"name\":\"Home\",\"item\":\"https:\/\/www.sellerlogic.com\/da\/\"},{\"@type\":\"ListItem\",\"position\":2,\"name\":\"Ressourcen EN\",\"item\":\"https:\/\/www.sellerlogic.com\/da\/resources\/\"},{\"@type\":\"ListItem\",\"position\":3,\"name\":\"Success Story: Sport Hesse EN\"}]},{\"@type\":\"WebSite\",\"@id\":\"https:\/\/www.sellerlogic.com\/da\/#website\",\"url\":\"https:\/\/www.sellerlogic.com\/da\/\",\"name\":\"SELLERLOGIC - Smarte Tools f\u00fcr Amazon-Seller\",\"description\":\"Intelligente Prozessoptimierung und Gewinnmaximierung\",\"publisher\":{\"@id\":\"https:\/\/www.sellerlogic.com\/da\/#organization\"},\"potentialAction\":[{\"@type\":\"SearchAction\",\"target\":{\"@type\":\"EntryPoint\",\"urlTemplate\":\"https:\/\/www.sellerlogic.com\/da\/?s={search_term_string}\"},\"query-input\":{\"@type\":\"PropertyValueSpecification\",\"valueRequired\":true,\"valueName\":\"search_term_string\"}}],\"inLanguage\":\"da-DK\"},{\"@type\":\"Organization\",\"@id\":\"https:\/\/www.sellerlogic.com\/da\/#organization\",\"name\":\"SELLERLOGIC\",\"url\":\"https:\/\/www.sellerlogic.com\/da\/\",\"logo\":{\"@type\":\"ImageObject\",\"inLanguage\":\"da-DK\",\"@id\":\"https:\/\/www.sellerlogic.com\/da\/#\/schema\/logo\/image\/\",\"url\":\"https:\/\/d2bw95mh2ee04s.cloudfront.net\/prod\/content\/wp-content\/uploads\/2025\/01\/02134814\/Property-Logo-Main.svg\",\"contentUrl\":\"https:\/\/d2bw95mh2ee04s.cloudfront.net\/prod\/content\/wp-content\/uploads\/2025\/01\/02134814\/Property-Logo-Main.svg\",\"width\":184,\"height\":40,\"caption\":\"SELLERLOGIC\"},\"image\":{\"@id\":\"https:\/\/www.sellerlogic.com\/da\/#\/schema\/logo\/image\/\"},\"sameAs\":[\"https:\/\/www.facebook.com\/SellerLogic\/\",\"https:\/\/x.com\/sellerlogic\",\"https:\/\/www.instagram.com\/sellerlogic\/\",\"https:\/\/www.linkedin.com\/company\/18402037\/\",\"https:\/\/www.youtube.com\/channel\/UC-gULUur-fNj08sprantKsQ\"]}]}<\/script>\n<!-- \/ Yoast SEO plugin. -->","yoast_head_json":{"title":"Hvorfor Lost & Found overbeviste Sport-Hesse | SELLERLOGIC","description":"\u201eDe har altid det rigtige svar p\u00e5 mine problemer\u201c - Hvordan Sport-Hesse fik en 5-cifret refusion fra Amazon takket v\u00e6re Lost & Found.","robots":{"index":"index","follow":"follow","max-snippet":"max-snippet:-1","max-image-preview":"max-image-preview:large","max-video-preview":"max-video-preview:-1"},"canonical":"https:\/\/www.sellerlogic.com\/da\/resources\/success-story-sport-hesse\/","og_locale":"da_DK","og_type":"article","og_title":"Hvorfor Lost & Found overbeviste Sport-Hesse | SELLERLOGIC","og_description":"\u201eDe har altid det rigtige svar p\u00e5 mine problemer\u201c - Hvordan Sport-Hesse fik en 5-cifret refusion fra Amazon takket v\u00e6re Lost & Found.","og_url":"https:\/\/www.sellerlogic.com\/da\/resources\/success-story-sport-hesse\/","og_site_name":"SELLERLOGIC - Smarte Tools f\u00fcr Amazon-Seller","article_publisher":"https:\/\/www.facebook.com\/SellerLogic\/","og_image":[{"width":2500,"height":1667,"url":"https:\/\/d2bw95mh2ee04s.cloudfront.net\/prod\/content\/wp-content\/uploads\/2020\/12\/23142722\/sport-hesse-header-neu.jpeg","type":"image\/jpeg"}],"twitter_card":"summary_large_image","twitter_site":"@sellerlogic","twitter_misc":{"Est. reading time":"3 minutes"},"schema":{"@context":"https:\/\/schema.org","@graph":[{"@type":"WebPage","@id":"https:\/\/www.sellerlogic.com\/da\/resources\/success-story-sport-hesse\/","url":"https:\/\/www.sellerlogic.com\/da\/resources\/success-story-sport-hesse\/","name":"Hvorfor Lost & Found overbeviste Sport-Hesse | SELLERLOGIC","isPartOf":{"@id":"https:\/\/www.sellerlogic.com\/da\/#website"},"primaryImageOfPage":{"@id":"https:\/\/www.sellerlogic.com\/da\/resources\/success-story-sport-hesse\/#primaryimage"},"image":{"@id":"https:\/\/www.sellerlogic.com\/da\/resources\/success-story-sport-hesse\/#primaryimage"},"thumbnailUrl":"https:\/\/d2bw95mh2ee04s.cloudfront.net\/prod\/content\/wp-content\/uploads\/2020\/12\/23142722\/sport-hesse-header-neu.jpeg","datePublished":"2020-12-18T10:57:32+00:00","description":"\u201eDe har altid det rigtige svar p\u00e5 mine problemer\u201c - Hvordan Sport-Hesse fik en 5-cifret refusion fra Amazon takket v\u00e6re Lost & Found.","breadcrumb":{"@id":"https:\/\/www.sellerlogic.com\/da\/resources\/success-story-sport-hesse\/#breadcrumb"},"inLanguage":"da-DK","potentialAction":[{"@type":"ReadAction","target":["https:\/\/www.sellerlogic.com\/da\/resources\/success-story-sport-hesse\/"]}]},{"@type":"ImageObject","inLanguage":"da-DK","@id":"https:\/\/www.sellerlogic.com\/da\/resources\/success-story-sport-hesse\/#primaryimage","url":"https:\/\/d2bw95mh2ee04s.cloudfront.net\/prod\/content\/wp-content\/uploads\/2020\/12\/23142722\/sport-hesse-header-neu.jpeg","contentUrl":"https:\/\/d2bw95mh2ee04s.cloudfront.net\/prod\/content\/wp-content\/uploads\/2020\/12\/23142722\/sport-hesse-header-neu.jpeg","width":2500,"height":1667,"caption":"Sport-Hesse: Header"},{"@type":"BreadcrumbList","@id":"https:\/\/www.sellerlogic.com\/da\/resources\/success-story-sport-hesse\/#breadcrumb","itemListElement":[{"@type":"ListItem","position":1,"name":"Home","item":"https:\/\/www.sellerlogic.com\/da\/"},{"@type":"ListItem","position":2,"name":"Ressourcen EN","item":"https:\/\/www.sellerlogic.com\/da\/resources\/"},{"@type":"ListItem","position":3,"name":"Success Story: Sport Hesse EN"}]},{"@type":"WebSite","@id":"https:\/\/www.sellerlogic.com\/da\/#website","url":"https:\/\/www.sellerlogic.com\/da\/","name":"SELLERLOGIC - Smarte Tools f\u00fcr Amazon-Seller","description":"Intelligente Prozessoptimierung und Gewinnmaximierung","publisher":{"@id":"https:\/\/www.sellerlogic.com\/da\/#organization"},"potentialAction":[{"@type":"SearchAction","target":{"@type":"EntryPoint","urlTemplate":"https:\/\/www.sellerlogic.com\/da\/?s={search_term_string}"},"query-input":{"@type":"PropertyValueSpecification","valueRequired":true,"valueName":"search_term_string"}}],"inLanguage":"da-DK"},{"@type":"Organization","@id":"https:\/\/www.sellerlogic.com\/da\/#organization","name":"SELLERLOGIC","url":"https:\/\/www.sellerlogic.com\/da\/","logo":{"@type":"ImageObject","inLanguage":"da-DK","@id":"https:\/\/www.sellerlogic.com\/da\/#\/schema\/logo\/image\/","url":"https:\/\/d2bw95mh2ee04s.cloudfront.net\/prod\/content\/wp-content\/uploads\/2025\/01\/02134814\/Property-Logo-Main.svg","contentUrl":"https:\/\/d2bw95mh2ee04s.cloudfront.net\/prod\/content\/wp-content\/uploads\/2025\/01\/02134814\/Property-Logo-Main.svg","width":184,"height":40,"caption":"SELLERLOGIC"},"image":{"@id":"https:\/\/www.sellerlogic.com\/da\/#\/schema\/logo\/image\/"},"sameAs":["https:\/\/www.facebook.com\/SellerLogic\/","https:\/\/x.com\/sellerlogic","https:\/\/www.instagram.com\/sellerlogic\/","https:\/\/www.linkedin.com\/company\/18402037\/","https:\/\/www.youtube.com\/channel\/UC-gULUur-fNj08sprantKsQ"]}]}},"_links":{"self":[{"href":"https:\/\/www.sellerlogic.com\/da\/wp-json\/wp\/v2\/pages\/106101","targetHints":{"allow":["GET"]}}],"collection":[{"href":"https:\/\/www.sellerlogic.com\/da\/wp-json\/wp\/v2\/pages"}],"about":[{"href":"https:\/\/www.sellerlogic.com\/da\/wp-json\/wp\/v2\/types\/page"}],"author":[{"embeddable":true,"href":"https:\/\/www.sellerlogic.com\/da\/wp-json\/wp\/v2\/users\/3"}],"replies":[{"embeddable":true,"href":"https:\/\/www.sellerlogic.com\/da\/wp-json\/wp\/v2\/comments?post=106101"}],"version-history":[{"count":0,"href":"https:\/\/www.sellerlogic.com\/da\/wp-json\/wp\/v2\/pages\/106101\/revisions"}],"up":[{"embeddable":true,"href":"https:\/\/www.sellerlogic.com\/da\/wp-json\/wp\/v2\/pages\/106080"}],"wp:featuredmedia":[{"embeddable":true,"href":"https:\/\/www.sellerlogic.com\/da\/wp-json\/wp\/v2\/media\/4855"}],"wp:attachment":[{"href":"https:\/\/www.sellerlogic.com\/da\/wp-json\/wp\/v2\/media?parent=106101"}],"curies":[{"name":"wp","href":"https:\/\/api.w.org\/{rel}","templated":true}]}}