
{"id":19340,"date":"2022-03-17T14:02:31","date_gmt":"2022-03-17T14:02:31","guid":{"rendered":"https:\/\/www.sellerlogic.com\/?page_id=19340"},"modified":"2022-05-11T13:07:35","modified_gmt":"2022-05-11T13:07:35","slug":"sl-webinar-202201","status":"publish","type":"page","link":"https:\/\/www.sellerlogic.com\/de\/sl-webinar-202201\/","title":{"rendered":"Webinarseite"},"content":{"rendered":"\n\t<div  class=\"theme-wp-block theme-block-main-header desktop-content-align-y-center desktop-content-align-x-center xl-content-align-y-center xl-content-align-x-center lg-content-align-y-center lg-content-align-x-center md-content-align-y-center md-content-align-x-center sm-content-align-y-center sm-content-align-x-center gb-responsive-349165-identifier desktop-align-full xl-align-full lg-align-full md-align-full sm-align-full is-style-full-height theme-block-cover\">\n\t\t<div class=\"bg-cover theme-lazy-load-bg\"><\/div>\n\t\t<div class=\"wrap-content-main-header\">\n\t\t\t\n\t\t<div  class=\"theme-wp-block theme-block-text-and-text desktop-align-wide xl-align-wide lg-align-wide md-align-wide sm-align-wide desktop-blockDirection-row xl-blockDirection-row lg-blockDirection-row md-blockDirection-row sm-blockDirection-row gb-responsive-473561-identifier desktop-vertical-center xl-vertical-center lg-vertical-center md-vertical-center sm-vertical-center\">\n\t\t<div class=\"tat-column-wrap-wrapper\">\n\t\t\t<div class=\"tat-column-wrapper\">\n\t\t\t\t\n\t<div  class=\"theme-wp-block theme-block-text-and-text-column gb-responsive-667797-identifier desktop-horizontal-center xl-horizontal-center lg-horizontal-center md-horizontal-center sm-horizontal-center\">\n\t\t<div class=\"inner-wrap-column-content\">\n\t\t\t<div class=\"inner-column-content\">\n\t\t\t\t\n\n<figure class=\"theme-wp-block wp-block-embed is-type-video is-provider-youtube wp-block-embed-youtube wp-embed-aspect-16-9 wp-has-aspect-ratio\"><div class=\"wp-block-embed__wrapper\">\n <div class=\"brlbs-cmpnt-container brlbs-cmpnt-content-blocker brlbs-cmpnt-with-individual-styles\" data-borlabs-cookie-content-blocker-id=\"youtube-content-blocker\" data-borlabs-cookie-content=\"PGlmcmFtZSB0aXRsZT0iTXVsdGljaGFubmVsIFNlbGxpbmcgfCBWZXJrYXVmZW4gYXVmIG1laHJlcmVuIEthbsOkbGVuIOKAkyBXaWUgZ2VodCBkYXM\/IChXZWJpbmFyKSIgd2lkdGg9IjUwMCIgaGVpZ2h0PSIyODEiIHNyYz0iaHR0cHM6Ly93d3cueW91dHViZS5jb20vZW1iZWQvRk45WDk5czhuaFE\/ZmVhdHVyZT1vZW1iZWQiIGZyYW1lYm9yZGVyPSIwIiBhbGxvdz0iYWNjZWxlcm9tZXRlcjsgYXV0b3BsYXk7IGNsaXBib2FyZC13cml0ZTsgZW5jcnlwdGVkLW1lZGlhOyBneXJvc2NvcGU7IHBpY3R1cmUtaW4tcGljdHVyZTsgd2ViLXNoYXJlIiByZWZlcnJlcnBvbGljeT0ic3RyaWN0LW9yaWdpbi13aGVuLWNyb3NzLW9yaWdpbiIgYWxsb3dmdWxsc2NyZWVuPjwvaWZyYW1lPg==\"><div class=\"brlbs-cmpnt-cb-preset-c brlbs-cmpnt-cb-youtube\"> <div class=\"brlbs-cmpnt-cb-thumbnail\" style=\"background-image: url('https:\/\/sellerlogic-dev.sl.local\/wp-content\/uploads\/borlabs-cookie\/1\/brlbs-cb-youtube-main.png')\"><\/div> <div class=\"brlbs-cmpnt-cb-main\"> <div class=\"brlbs-cmpnt-cb-play-button\"><\/div> <div class=\"brlbs-cmpnt-cb-content\"> <p class=\"brlbs-cmpnt-cb-description\">Sie sehen gerade einen Platzhalterinhalt von <strong>Youtube<\/strong>. Um auf den eigentlichen Inhalt zuzugreifen, klicken Sie auf die Schaltfl\u00e4che unten. Bitte beachten Sie, dass dabei Daten an Drittanbieter weitergegeben werden.<\/p> <a class=\"brlbs-cmpnt-cb-provider-toggle\" href=\"#\" data-borlabs-cookie-show-provider-information role=\"button\">Mehr Informationen<\/a> <\/div> <div class=\"brlbs-cmpnt-cb-buttons\"> <a class=\"brlbs-cmpnt-cb-btn\" href=\"#\" data-borlabs-cookie-unblock role=\"button\">Inhalt entsperren<\/a> <a class=\"brlbs-cmpnt-cb-btn\" href=\"#\" data-borlabs-cookie-accept-service role=\"button\" style=\"display: inherit\">Erforderlichen Service akzeptieren und Inhalte entsperren<\/a> <\/div> <\/div> <\/div><\/div>\n<\/div><\/figure>\n\n\t\t\t<\/div>\n\t\t<\/div>\n\t<\/div>\n\n\n\t<div  class=\"theme-wp-block theme-block-text-and-text-column gb-responsive-761697-identifier\">\n\t\t<div class=\"inner-wrap-column-content\">\n\t\t\t<div class=\"inner-column-content\">\n\t\t\t\t\t\t\t<\/div>\n\t\t<\/div>\n\t<\/div>\n\n\t\t\t<\/div>\n\t\t<\/div>\n\t<\/div>\n\n\n\t\t<\/div>\n\t<\/div>\n\n\n\n\n<div class=\"theme-wp-block wp-block-columns alignfull are-vertically-aligned-center desktop-align-full xl-align-full lg-align-full md-align-full sm-align-full gb-responsive-162396-identifier has-theme-light-gray-background-color has-background is-layout-flex wp-container-core-columns-is-layout-9d6595d7 wp-block-columns-is-layout-flex\">\n<div class=\"theme-wp-block wp-block-column is-vertically-aligned-center gb-responsive-969772-identifier is-layout-flow wp-block-column-is-layout-flow\" style=\"flex-basis:25%\"><\/div>\n\n\n\n<div class=\"theme-wp-block wp-block-column is-vertically-aligned-center gb-responsive-872757-identifier is-layout-flow wp-block-column-is-layout-flow\" style=\"flex-basis:50%\">\n<h2 class=\"theme-wp-block gb-responsive-995743-identifier wp-block-heading\">Multichannel: Unabh\u00e4ngigkeit von Amazon oder reine Utopie?<\/h2>\n\n\n\n<h3 class=\"theme-wp-block gb-responsive-330077-identifier wp-block-heading\">Webinar im Podcast-Format mit Annemarie Raluca Schuster<\/h3>\n\n\n\n<p class=\"theme-wp-block gb-responsive-312004-identifier\">Amazon beherrscht mit dem Umsatzanteil von 53 Prozent den deutschen Online-Handel. Etwa 94 Prozent der deutschen Online-Shopper haben schon mal bei Amazon gekauft. Allein in Deutschland habe Amazon damit rund 46,2 Millionen Kunden. So stellt sich die Frage, ob Amazon heutzutage die einzige M\u00f6glichkeit ist, um im Online-Business erfolgreich zu sein? Gleichzeitig m\u00f6chten Online-H\u00e4ndler:innen die Abh\u00e4ngigkeit von Amazon deutlich verringern. Doch welche H\u00fcrden erwarten Verk\u00e4ufer:innen auf dem Weg in die Unabh\u00e4ngigkeit von den gro\u00dfen Marktpl\u00e4tzen wie Amazon? <\/p>\n\n\n\n<p class=\"theme-wp-block gb-responsive-218790-identifier\">In unserem Webinar im Podcast-Format &#8220;Multichannel: Unabh\u00e4ngigkeit von Amazon? Oder reine Utopie?&#8221; erkl\u00e4rt Annemarie Raluca Schuster wie sie ihr Brand &#8220;SiAura Materials&#8221; auf mehreren Marktpl\u00e4tzen aufstellt und wie sie mit den wechselnden Herausforderungen und Neuerungen umgeht, um erfolgreich verkaufen zu k\u00f6nnen.<\/p>\n\n\n\t\t<div  class=\"theme-wp-block theme-block-guest-author gb-responsive-122623-identifier\">\n\t\t<div class=\"wrap-inner-content\">\n\t\t\t<div class=\"guest-author-avatar\">\n\t\t\t\t<div class=\"cover-avatar\" style=\"background-image: url(https:\/\/d2bw95mh2ee04s.cloudfront.net\/prod\/content\/wp-content\/uploads\/2022\/02\/23140433\/annemarie-raluca-schuster-siaura-material.png);\"><\/div>\n\t\t\t<\/div>\n\t\t\t<div class=\"guest-author-sign\">\n\t\t\t\t<div class=\"author-sign\">SiAura Materials &amp; Annythinks<\/div>\n\t\t\t<\/div>\n\t\t\t<div class=\"wrap-title\">\n\t\t\t\t<div class=\"guest-author-name\">\n\t\t\t\t\t<div class=\"title\">\n\t\t\t\t\t\t<div class=\"heading-text\">Annemarie Raluca Schuster<\/div>\n\t\t\t\t\t<\/div>\n\t\t\t\t<\/div>\n\t\t\t<\/div>\n\t\t\t<div class=\"guest-author-description\">\n\t\t\t\t<div class=\"description\"><p>CEO &amp; Gr\u00fcnderin von &#8220;SiAura Materials&#8221; und E-Commerce Agentur &#8220;Annythinks&#8221; ist seit 2013 als Onlineh\u00e4ndlerin mit ihrer Marke auf verschiedenen Marktpl\u00e4tzen wie Amazon, Etsy oder eBay erfolgreiche unterwegs. Mit ihrem Brand verwaltet sie \u00fcber 3.000 Produkte rund um das Thema Basteln und Handmade. 2018 hat sie ihre eigene E-Commerce Agentur &#8220;Annythinks&#8221; gegr\u00fcndet und ber\u00e4t Onlineh\u00e4ndler:innen rund um den Verkauf online. Studierte Informatikerin wei\u00df die Nutzung von dynamischen und intelligenten Tools sehr zu sch\u00e4tzen und setzt auf die Automatisierung der Prozesse.<\/p><\/div>\n\t\t\t<\/div>\n\t\t<\/div>\n\t<\/div>\n\n<\/div>\n\n\n\n<div class=\"theme-wp-block wp-block-column is-vertically-aligned-center gb-responsive-678736-identifier is-layout-flow wp-block-column-is-layout-flow\" style=\"flex-basis:25%\"><\/div>\n<\/div>\n\n\n\n<div class=\"theme-wp-block wp-block-columns alignfull are-vertically-aligned-center desktop-align-full xl-align-full lg-align-full md-align-full sm-align-full gb-responsive-265081-identifier is-layout-flex wp-container-core-columns-is-layout-9d6595d7 wp-block-columns-is-layout-flex\">\n<div class=\"theme-wp-block wp-block-column is-vertically-aligned-center gb-responsive-66766-identifier is-layout-flow wp-block-column-is-layout-flow\" style=\"flex-basis:25%\"><\/div>\n\n\n\n<div class=\"theme-wp-block wp-block-column is-vertically-aligned-center gb-responsive-23551-identifier is-layout-flow wp-block-column-is-layout-flow\" style=\"flex-basis:50%\"><div class=\"theme-block-group-wrap  desktop-align-wide xl-align-wide lg-align-wide md-align-wide sm-align-wide\">\n<div class=\"theme-wp-block wp-block-group alignwide desktop-align-wide xl-align-wide lg-align-wide md-align-wide sm-align-wide gb-responsive-43750-identifier\"><div class=\"wp-block-group__inner-container is-layout-flow wp-block-group-is-layout-flow\">\n<h2 class=\"theme-wp-block alignwide has-text-align-center gb-responsive-214406-identifier desktop-text-full xl-text-full lg-text-full md-text-full sm-text-full desktop-align-wide xl-align-wide lg-align-wide md-align-wide sm-align-wide desktop-text-wide xl-text-wide lg-text-wide md-text-wide sm-text-wide wp-block-heading\">Haben Sie Fragen?<\/h2>\n\n\n\n<div class=\"theme-wp-block wp-block-image gb-responsive-437416-identifier\"><figure class=\"aligncenter size-large\"><img decoding=\"async\" width=\"844\" height=\"184\" src=\"https:\/\/d2bw95mh2ee04s.cloudfront.net\/prod\/content\/wp-content\/uploads\/2020\/12\/23142754\/customer-support-rueckruf-service-scaled-1.jpeg\" alt=\"Webinarseite\" class=\"wp-image-3282\" srcset=\"https:\/\/d2bw95mh2ee04s.cloudfront.net\/prod\/content\/wp-content\/uploads\/2020\/12\/23142754\/customer-support-rueckruf-service-scaled-1-407x89.jpeg 407w, https:\/\/d2bw95mh2ee04s.cloudfront.net\/prod\/content\/wp-content\/uploads\/2020\/12\/23142754\/customer-support-rueckruf-service-scaled-1-768x167.jpeg 768w, https:\/\/d2bw95mh2ee04s.cloudfront.net\/prod\/content\/wp-content\/uploads\/2020\/12\/23142754\/customer-support-rueckruf-service-scaled-1.jpeg 844w\" sizes=\"(max-width: 844px) 100vw, 844px\" \/><\/figure><\/div>\n\n\n\n<p class=\"theme-wp-block has-text-align-center gb-responsive-986471-identifier desktop-text-center xl-text-center lg-text-center md-text-center sm-text-center\">Gerne beantworten wir Ihre Fragen oder beraten Sie zu einem unserer Produkte!<\/p>\n\n\n\n<p class=\"theme-wp-block has-text-align-center gb-responsive-10432-identifier desktop-text-center xl-text-center lg-text-center md-text-center sm-text-center\">Profitieren Sie dazu einfach von unserem&nbsp;<a href=\"https:\/\/www.sellerlogic.com\/de\/rueckruf-service\/\" target=\"_blank\" rel=\"noreferrer noopener\">R\u00fcckrufservice<\/a>&nbsp;oder rufen Sie gleich selbst unter&nbsp;<strong>+49 211 900 64 0&nbsp;<\/strong>bei unserem Customer Success Team an.<\/p>\n\n\n\n<p class=\"theme-wp-block has-text-align-center gb-responsive-813552-identifier desktop-text-center xl-text-center lg-text-center md-text-center sm-text-center\"><strong>Wir freuen uns auf Sie!<\/strong><\/p>\n<\/div>\n<\/div><\/div><\/div>\n\n\n\n<div class=\"theme-wp-block wp-block-column is-vertically-aligned-center gb-responsive-634248-identifier is-layout-flow wp-block-column-is-layout-flow\" style=\"flex-basis:25%\"><\/div>\n<\/div>\n","protected":false},"excerpt":{"rendered":"<p>Multichannel: Unabh\u00e4ngigkeit von Amazon oder reine Utopie? Webinar im Podcast-Format mit Annemarie Raluca Schuster Amazon beherrscht mit dem Umsatzanteil von 53 Prozent den deutschen Online-Handel. Etwa 94 Prozent der deutschen Online-Shopper haben schon mal bei Amazon gekauft. Allein in Deutschland habe Amazon damit rund 46,2 Millionen Kunden. So stellt sich die Frage, ob Amazon heutzutage<\/p>\n","protected":false},"author":8,"featured_media":0,"parent":0,"menu_order":0,"comment_status":"closed","ping_status":"closed","template":"","meta":{"sidebar_recommended_resources":{"data":[]},"sidebar_header_settings":{"hide_buttons":{"register":false}},"_use_new_theme":false,"inline_featured_image":false,"footnotes":""},"class_list":["post-19340","page","type-page","status-publish","hentry"],"yoast_head":"<!-- This site is optimized with the Yoast SEO plugin v26.8 - https:\/\/yoast.com\/product\/yoast-seo-wordpress\/ -->\n<title>Webinarseite | SELLERLOGIC - Smarte Tools f\u00fcr Amazon-Seller<\/title>\n<meta name=\"robots\" content=\"noindex, nofollow\" \/>\n<meta property=\"og:locale\" content=\"de_DE\" \/>\n<meta property=\"og:type\" content=\"article\" \/>\n<meta property=\"og:title\" content=\"Webinarseite | SELLERLOGIC - Smarte Tools f\u00fcr Amazon-Seller\" \/>\n<meta property=\"og:description\" content=\"Multichannel: Unabh\u00e4ngigkeit von Amazon oder reine Utopie? Webinar im Podcast-Format mit Annemarie Raluca Schuster Amazon beherrscht mit dem Umsatzanteil von 53 Prozent den deutschen Online-Handel. Etwa 94 Prozent der deutschen Online-Shopper haben schon mal bei Amazon gekauft. Allein in Deutschland habe Amazon damit rund 46,2 Millionen Kunden. So stellt sich die Frage, ob Amazon heutzutage\" \/>\n<meta property=\"og:url\" content=\"https:\/\/www.sellerlogic.com\/de\/sl-webinar-202201\/\" \/>\n<meta property=\"og:site_name\" content=\"SELLERLOGIC - Smarte Tools f\u00fcr Amazon-Seller\" \/>\n<meta property=\"article:publisher\" content=\"https:\/\/www.facebook.com\/SellerLogic\/\" \/>\n<meta property=\"article:modified_time\" content=\"2022-05-11T13:07:35+00:00\" \/>\n<meta property=\"og:image\" content=\"https:\/\/www.sellerlogic.com\/wp-content\/uploads\/2020\/12\/customer-support-rueckruf-service-scaled-1.jpeg\" \/>\n<meta name=\"twitter:card\" content=\"summary_large_image\" \/>\n<meta name=\"twitter:site\" content=\"@sellerlogic\" \/>\n<meta name=\"twitter:label1\" content=\"Est. reading time\" \/>\n\t<meta name=\"twitter:data1\" content=\"2 minutes\" \/>\n<script type=\"application\/ld+json\" class=\"yoast-schema-graph\">{\"@context\":\"https:\/\/schema.org\",\"@graph\":[{\"@type\":\"WebPage\",\"@id\":\"https:\/\/www.sellerlogic.com\/de\/sl-webinar-202201\/\",\"url\":\"https:\/\/www.sellerlogic.com\/de\/sl-webinar-202201\/\",\"name\":\"Webinarseite | SELLERLOGIC - Smarte Tools f\u00fcr Amazon-Seller\",\"isPartOf\":{\"@id\":\"https:\/\/www.sellerlogic.com\/de\/#website\"},\"primaryImageOfPage\":{\"@id\":\"https:\/\/www.sellerlogic.com\/de\/sl-webinar-202201\/#primaryimage\"},\"image\":{\"@id\":\"https:\/\/www.sellerlogic.com\/de\/sl-webinar-202201\/#primaryimage\"},\"thumbnailUrl\":\"https:\/\/www.sellerlogic.com\/wp-content\/uploads\/2020\/12\/customer-support-rueckruf-service-scaled-1.jpeg\",\"datePublished\":\"2022-03-17T14:02:31+00:00\",\"dateModified\":\"2022-05-11T13:07:35+00:00\",\"breadcrumb\":{\"@id\":\"https:\/\/www.sellerlogic.com\/de\/sl-webinar-202201\/#breadcrumb\"},\"inLanguage\":\"de-DE\",\"potentialAction\":[{\"@type\":\"ReadAction\",\"target\":[\"https:\/\/www.sellerlogic.com\/de\/sl-webinar-202201\/\"]}]},{\"@type\":\"ImageObject\",\"inLanguage\":\"de-DE\",\"@id\":\"https:\/\/www.sellerlogic.com\/de\/sl-webinar-202201\/#primaryimage\",\"url\":\"https:\/\/www.sellerlogic.com\/wp-content\/uploads\/2020\/12\/customer-support-rueckruf-service-scaled-1.jpeg\",\"contentUrl\":\"https:\/\/www.sellerlogic.com\/wp-content\/uploads\/2020\/12\/customer-support-rueckruf-service-scaled-1.jpeg\"},{\"@type\":\"BreadcrumbList\",\"@id\":\"https:\/\/www.sellerlogic.com\/de\/sl-webinar-202201\/#breadcrumb\",\"itemListElement\":[{\"@type\":\"ListItem\",\"position\":1,\"name\":\"Home\",\"item\":\"https:\/\/www.sellerlogic.com\/de\/\"},{\"@type\":\"ListItem\",\"position\":2,\"name\":\"Webinarseite\"}]},{\"@type\":\"WebSite\",\"@id\":\"https:\/\/www.sellerlogic.com\/de\/#website\",\"url\":\"https:\/\/www.sellerlogic.com\/de\/\",\"name\":\"SELLERLOGIC - Smarte Tools f\u00fcr Amazon-Seller\",\"description\":\"Intelligente Prozessoptimierung und Gewinnmaximierung\",\"publisher\":{\"@id\":\"https:\/\/www.sellerlogic.com\/de\/#organization\"},\"potentialAction\":[{\"@type\":\"SearchAction\",\"target\":{\"@type\":\"EntryPoint\",\"urlTemplate\":\"https:\/\/www.sellerlogic.com\/de\/?s={search_term_string}\"},\"query-input\":{\"@type\":\"PropertyValueSpecification\",\"valueRequired\":true,\"valueName\":\"search_term_string\"}}],\"inLanguage\":\"de-DE\"},{\"@type\":\"Organization\",\"@id\":\"https:\/\/www.sellerlogic.com\/de\/#organization\",\"name\":\"SELLERLOGIC\",\"url\":\"https:\/\/www.sellerlogic.com\/de\/\",\"logo\":{\"@type\":\"ImageObject\",\"inLanguage\":\"de-DE\",\"@id\":\"https:\/\/www.sellerlogic.com\/de\/#\/schema\/logo\/image\/\",\"url\":\"https:\/\/d2bw95mh2ee04s.cloudfront.net\/prod\/content\/wp-content\/uploads\/2025\/01\/02134814\/Property-Logo-Main.svg\",\"contentUrl\":\"https:\/\/d2bw95mh2ee04s.cloudfront.net\/prod\/content\/wp-content\/uploads\/2025\/01\/02134814\/Property-Logo-Main.svg\",\"width\":184,\"height\":40,\"caption\":\"SELLERLOGIC\"},\"image\":{\"@id\":\"https:\/\/www.sellerlogic.com\/de\/#\/schema\/logo\/image\/\"},\"sameAs\":[\"https:\/\/www.facebook.com\/SellerLogic\/\",\"https:\/\/x.com\/sellerlogic\",\"https:\/\/www.instagram.com\/sellerlogic\/\",\"https:\/\/www.linkedin.com\/company\/18402037\/\",\"https:\/\/www.youtube.com\/channel\/UC-gULUur-fNj08sprantKsQ\"]}]}<\/script>\n<meta property=\"og:video\" content=\"https:\/\/www.youtube.com\/embed\/FN9X99s8nhQ\" \/>\n<meta property=\"og:video:type\" content=\"text\/html\" \/>\n<meta property=\"og:video:duration\" content=\"2179\" \/>\n<meta property=\"og:video:width\" content=\"480\" \/>\n<meta property=\"og:video:height\" content=\"270\" \/>\n<meta property=\"ya:ovs:adult\" content=\"false\" \/>\n<meta property=\"ya:ovs:upload_date\" content=\"2022-03-17T14:02:31+00:00\" \/>\n<meta property=\"ya:ovs:allow_embed\" content=\"true\" \/>\n<!-- \/ Yoast SEO plugin. -->","yoast_head_json":{"title":"Webinarseite | SELLERLOGIC - Smarte Tools f\u00fcr Amazon-Seller","robots":{"index":"noindex","follow":"nofollow"},"og_locale":"de_DE","og_type":"article","og_title":"Webinarseite | SELLERLOGIC - Smarte Tools f\u00fcr Amazon-Seller","og_description":"Multichannel: Unabh\u00e4ngigkeit von Amazon oder reine Utopie? Webinar im Podcast-Format mit Annemarie Raluca Schuster Amazon beherrscht mit dem Umsatzanteil von 53 Prozent den deutschen Online-Handel. Etwa 94 Prozent der deutschen Online-Shopper haben schon mal bei Amazon gekauft. Allein in Deutschland habe Amazon damit rund 46,2 Millionen Kunden. So stellt sich die Frage, ob Amazon heutzutage","og_url":"https:\/\/www.sellerlogic.com\/de\/sl-webinar-202201\/","og_site_name":"SELLERLOGIC - Smarte Tools f\u00fcr Amazon-Seller","article_publisher":"https:\/\/www.facebook.com\/SellerLogic\/","article_modified_time":"2022-05-11T13:07:35+00:00","og_image":[{"url":"https:\/\/www.sellerlogic.com\/wp-content\/uploads\/2020\/12\/customer-support-rueckruf-service-scaled-1.jpeg","type":"","width":"","height":""}],"twitter_card":"summary_large_image","twitter_site":"@sellerlogic","twitter_misc":{"Est. reading time":"2 minutes"},"schema":{"@context":"https:\/\/schema.org","@graph":[{"@type":"WebPage","@id":"https:\/\/www.sellerlogic.com\/de\/sl-webinar-202201\/","url":"https:\/\/www.sellerlogic.com\/de\/sl-webinar-202201\/","name":"Webinarseite | SELLERLOGIC - Smarte Tools f\u00fcr Amazon-Seller","isPartOf":{"@id":"https:\/\/www.sellerlogic.com\/de\/#website"},"primaryImageOfPage":{"@id":"https:\/\/www.sellerlogic.com\/de\/sl-webinar-202201\/#primaryimage"},"image":{"@id":"https:\/\/www.sellerlogic.com\/de\/sl-webinar-202201\/#primaryimage"},"thumbnailUrl":"https:\/\/www.sellerlogic.com\/wp-content\/uploads\/2020\/12\/customer-support-rueckruf-service-scaled-1.jpeg","datePublished":"2022-03-17T14:02:31+00:00","dateModified":"2022-05-11T13:07:35+00:00","breadcrumb":{"@id":"https:\/\/www.sellerlogic.com\/de\/sl-webinar-202201\/#breadcrumb"},"inLanguage":"de-DE","potentialAction":[{"@type":"ReadAction","target":["https:\/\/www.sellerlogic.com\/de\/sl-webinar-202201\/"]}]},{"@type":"ImageObject","inLanguage":"de-DE","@id":"https:\/\/www.sellerlogic.com\/de\/sl-webinar-202201\/#primaryimage","url":"https:\/\/www.sellerlogic.com\/wp-content\/uploads\/2020\/12\/customer-support-rueckruf-service-scaled-1.jpeg","contentUrl":"https:\/\/www.sellerlogic.com\/wp-content\/uploads\/2020\/12\/customer-support-rueckruf-service-scaled-1.jpeg"},{"@type":"BreadcrumbList","@id":"https:\/\/www.sellerlogic.com\/de\/sl-webinar-202201\/#breadcrumb","itemListElement":[{"@type":"ListItem","position":1,"name":"Home","item":"https:\/\/www.sellerlogic.com\/de\/"},{"@type":"ListItem","position":2,"name":"Webinarseite"}]},{"@type":"WebSite","@id":"https:\/\/www.sellerlogic.com\/de\/#website","url":"https:\/\/www.sellerlogic.com\/de\/","name":"SELLERLOGIC - Smarte Tools f\u00fcr Amazon-Seller","description":"Intelligente Prozessoptimierung und Gewinnmaximierung","publisher":{"@id":"https:\/\/www.sellerlogic.com\/de\/#organization"},"potentialAction":[{"@type":"SearchAction","target":{"@type":"EntryPoint","urlTemplate":"https:\/\/www.sellerlogic.com\/de\/?s={search_term_string}"},"query-input":{"@type":"PropertyValueSpecification","valueRequired":true,"valueName":"search_term_string"}}],"inLanguage":"de-DE"},{"@type":"Organization","@id":"https:\/\/www.sellerlogic.com\/de\/#organization","name":"SELLERLOGIC","url":"https:\/\/www.sellerlogic.com\/de\/","logo":{"@type":"ImageObject","inLanguage":"de-DE","@id":"https:\/\/www.sellerlogic.com\/de\/#\/schema\/logo\/image\/","url":"https:\/\/d2bw95mh2ee04s.cloudfront.net\/prod\/content\/wp-content\/uploads\/2025\/01\/02134814\/Property-Logo-Main.svg","contentUrl":"https:\/\/d2bw95mh2ee04s.cloudfront.net\/prod\/content\/wp-content\/uploads\/2025\/01\/02134814\/Property-Logo-Main.svg","width":184,"height":40,"caption":"SELLERLOGIC"},"image":{"@id":"https:\/\/www.sellerlogic.com\/de\/#\/schema\/logo\/image\/"},"sameAs":["https:\/\/www.facebook.com\/SellerLogic\/","https:\/\/x.com\/sellerlogic","https:\/\/www.instagram.com\/sellerlogic\/","https:\/\/www.linkedin.com\/company\/18402037\/","https:\/\/www.youtube.com\/channel\/UC-gULUur-fNj08sprantKsQ"]}]},"og_video":"https:\/\/www.youtube.com\/embed\/FN9X99s8nhQ","og_video_type":"text\/html","og_video_duration":"2179","og_video_width":"480","og_video_height":"270","ya_ovs_adult":"false","ya_ovs_upload_date":"2022-03-17T14:02:31+00:00","ya_ovs_allow_embed":"true"},"_links":{"self":[{"href":"https:\/\/www.sellerlogic.com\/de\/wp-json\/wp\/v2\/pages\/19340","targetHints":{"allow":["GET"]}}],"collection":[{"href":"https:\/\/www.sellerlogic.com\/de\/wp-json\/wp\/v2\/pages"}],"about":[{"href":"https:\/\/www.sellerlogic.com\/de\/wp-json\/wp\/v2\/types\/page"}],"author":[{"embeddable":true,"href":"https:\/\/www.sellerlogic.com\/de\/wp-json\/wp\/v2\/users\/8"}],"replies":[{"embeddable":true,"href":"https:\/\/www.sellerlogic.com\/de\/wp-json\/wp\/v2\/comments?post=19340"}],"version-history":[{"count":0,"href":"https:\/\/www.sellerlogic.com\/de\/wp-json\/wp\/v2\/pages\/19340\/revisions"}],"wp:attachment":[{"href":"https:\/\/www.sellerlogic.com\/de\/wp-json\/wp\/v2\/media?parent=19340"}],"curies":[{"name":"wp","href":"https:\/\/api.w.org\/{rel}","templated":true}]}}