
{"id":4541,"date":"2020-12-10T11:26:45","date_gmt":"2020-12-10T11:26:45","guid":{"rendered":"https:\/\/www.sellerlogic.com\/?page_id=4541"},"modified":"2024-06-11T08:15:52","modified_gmt":"2024-06-11T08:15:52","slug":"success-story-samtige-haut","status":"publish","type":"page","link":"https:\/\/www.sellerlogic.com\/de\/ressourcen\/success-story-samtige-haut\/","title":{"rendered":"Success Story: Samtige Haut"},"content":{"rendered":"\n\t<div  class=\"theme-wp-block theme-block-main-header is-style-full-height desktop-align-full xl-align-full lg-align-full md-align-full sm-align-full desktop-content-align-y-center desktop-content-align-x-center xl-content-align-y-center xl-content-align-x-center lg-content-align-y-center lg-content-align-x-center md-content-align-y-center md-content-align-x-center sm-content-align-y-center sm-content-align-x-center gb-responsive-911782-identifier theme-block-cover\">\n\t\t<div class=\"bg-cover theme-lazy-load-bg\"><\/div>\n\t\t<div class=\"wrap-content-main-header\">\n\t\t\t\n\t\t<div  class=\"theme-wp-block theme-block-text-and-text desktop-blockDirection-row xl-blockDirection-row lg-blockDirection-row md-blockDirection-row sm-blockDirection-row gb-responsive-289238-identifier desktop-align-full xl-align-full lg-align-full md-align-full sm-align-full alignfull\">\n\t\t<div class=\"tat-column-wrap-wrapper\">\n\t\t\t<div class=\"tat-column-wrapper\">\n\t\t\t\t\n\t<div  class=\"theme-wp-block theme-block-text-and-text-column gb-responsive-421034-identifier desktop-horizontal-center xl-horizontal-center lg-horizontal-center md-horizontal-center sm-horizontal-center\">\n\t\t<div class=\"inner-wrap-column-content\">\n\t\t\t<div class=\"inner-column-content\">\n\t\t\t\t\n\t\t<h1  class=\"theme-wp-block theme-block-heading is-style-default sm-text-center md-text-center desktop-text-center xl-text-center lg-text-center gb-responsive-292481-identifier desktop-align-full xl-align-full lg-align-full md-align-full sm-align-full alignfull h1 has-text-align\">\n\t\tAuf Knopfdruck entdeckt \t<\/h1>\n\n\n\n\t\t<h2  class=\"theme-wp-block theme-block-heading is-style-default sm-text-center md-text-center desktop-text-center xl-text-center lg-text-center gb-responsive-831018-identifier desktop-align-full xl-align-full lg-align-full md-align-full sm-align-full alignfull h1 has-text-align\">\n\t\t\u201eSamtige Haut\u201c erh\u00e4lt durch Lost &amp; Found Erstattungen von Amazon\t<\/h2>\n\n\n\t\t\t<\/div>\n\t\t<\/div>\n\t<\/div>\n\n\n\t<div  class=\"theme-wp-block theme-block-text-and-text-column gb-responsive-929552-identifier\">\n\t\t<div class=\"inner-wrap-column-content\">\n\t\t\t<div class=\"inner-column-content\">\n\t\t\t\t\t\t\t<\/div>\n\t\t<\/div>\n\t<\/div>\n\n\t\t\t<\/div>\n\t\t<\/div>\n\t<\/div>\n\n\n\t\t<\/div>\n\t<\/div>\n\n\n\n\n<div style=\"height:50px\" aria-hidden=\"true\" class=\"theme-wp-block wp-block-spacer\"><\/div>\n\n\n\n<div class=\"theme-wp-block wp-block-columns gb-responsive-571637-identifier is-layout-flex wp-container-core-columns-is-layout-9d6595d7 wp-block-columns-is-layout-flex\">\n<div class=\"theme-wp-block wp-block-column gb-responsive-318485-identifier is-layout-flow wp-block-column-is-layout-flow\" style=\"flex-basis:25%\">\n<figure class=\"theme-wp-block wp-block-image size-large is-resized gb-responsive-62921-identifier\"><img decoding=\"async\" width=\"600\" height=\"167\" src=\"https:\/\/d2bw95mh2ee04s.cloudfront.net\/prod\/content\/wp-content\/uploads\/2020\/12\/23142732\/samtige-haut-logo.png\" alt=\"Success Story: Samtige Haut\" class=\"wp-image-4561\" style=\"width:300px;height:84px\" srcset=\"https:\/\/d2bw95mh2ee04s.cloudfront.net\/prod\/content\/wp-content\/uploads\/2020\/12\/23142732\/samtige-haut-logo-407x113.png 407w, https:\/\/d2bw95mh2ee04s.cloudfront.net\/prod\/content\/wp-content\/uploads\/2020\/12\/23142732\/samtige-haut-logo.png 600w\" sizes=\"(max-width: 600px) 100vw, 600px\" \/><\/figure>\n\n\n\n<p class=\"theme-wp-block gb-responsive-312552-identifier\"><strong>Gr\u00fcndung:<\/strong><\/p>\n\n\n\n<p class=\"theme-wp-block gb-responsive-595323-identifier\">November 2016<\/p>\n\n\n\n<p class=\"theme-wp-block gb-responsive-353708-identifier\"><strong>Branche:<\/strong><\/p>\n\n\n\n<p class=\"theme-wp-block gb-responsive-595875-identifier\">Kosmetik, Nahrungs\u00aderg\u00e4nzungs\u00admittel, Bioprodukte<\/p>\n\n\n\n<p class=\"theme-wp-block gb-responsive-164518-identifier\"><strong>Artikel bei Amazon:<\/strong><\/p>\n\n\n\n<p class=\"theme-wp-block gb-responsive-614521-identifier\">1.000<\/p>\n\n\n\n<p class=\"theme-wp-block gb-responsive-888870-identifier\"><strong>Sendungen:&nbsp;<\/strong><\/p>\n\n\n\n<p class=\"theme-wp-block gb-responsive-511018-identifier\">ca. 8.000 pro Monat<\/p>\n<\/div>\n\n\n\n<div class=\"theme-wp-block wp-block-column gb-responsive-104775-identifier is-layout-flow wp-block-column-is-layout-flow\" style=\"flex-basis:50%\">\n<h3 class=\"theme-wp-block wp-block-heading gb-responsive-34353-identifier\" id=\"block-c06fce04-ef87-4ffc-a3d6-b768ba377d17\">Hintergrund:<\/h3>\n\n\n\n<p class=\"theme-wp-block gb-responsive-620393-identifier\">Im Jahr 2018 hat Amazon einen Umsatz von 232,9 Milliarden US-Dollar erzielt. Rund 45 Prozent der deutschen Amazon-H\u00e4ndler versenden ihre Ware via Fulfillment by Amazon (FBA). Darunter auch Sandra Schriewer mit Ihrem Amazon-Shop \u201eSamtige Haut\u201c. Trotz aller Vorteile des FBA-Programms, ist es f\u00fcr Onlineh\u00e4ndler mit den steigenden Ums\u00e4tzen nicht mehr m\u00f6glich, den Datenfluss der FBA-Transaktionen zu \u00fcberblicken. Daher wird auf die Analyse oft komplett verzichtet.<\/p>\n\n\n\n<h3 class=\"theme-wp-block wp-block-heading gb-responsive-182281-identifier\">Herausforderung:<\/h3>\n\n\n\n<p class=\"theme-wp-block gb-responsive-278477-identifier\">Sandra Schriewer kommt urspr\u00fcnglich aus der Kosmetikbranche. W\u00e4hrend ihrer Arbeit im E-Commerce-Bereich in Berlin absolvierte sie ihr Studium in Online-Marketing und E-Commerce. Das enorme Wissen, das sie sich in dieser Zeit angeeignet hat, wollte sie umsetzen und mit ihrer Leidenschaft f\u00fcr Kosmetik und Ern\u00e4hrung verbinden. So entstand der Amazon-Shop \u201eSamtige Haut\u201c. Mit ca. 1.000 Artikeln und 8.000 Sendungen \u00fcber das FBA-Programm pro Monat war jedoch der immense Datenfluss bei Amazon kaum noch zu \u00fcberblicken. Schnell wurde ihr klar, dass sie einen Dienstleister braucht, der ihr unter die Arme greift und die Prozesse des FBA-Programms kontrolliert.<\/p>\n\n\n\n<p class=\"theme-wp-block gb-responsive-174994-identifier\">\u201eAls Online-H\u00e4ndler verl\u00e4sst man sich auf das Fulfillment by Amazon, da das Programm die Logistikprozesse im Unternehmen enorm erleichtert. Dass auch solche Weltgr\u00f6\u00dfen wie Amazon Fehler machen, ist klar. Nichtsdestotrotz kommt eine manuelle Fehlerpr\u00fcfung nicht in Frage \u2013 die Analyse der Problemquellen ist sehr komplex und bedeutet einen enormen zeitlichen Aufwand. Das w\u00fcrde jeden wirtschaftlichen Rahmen sprengen\u201c, sagt Sandra Schriewer. \u201eDie L\u00f6sung Lost &amp; Found von SELLERLOGIC wurde mir von meinem Mann empfohlen, der bereits mit dem Repricer des Dienstleisters arbeitet und mit dem Produkt sehr zufrieden ist. Auf dem Markt gibt es viele L\u00f6sungen, ohne die sich ein erfolgreiches Business auf dem Marktplatz Amazon kaum aufbauen l\u00e4sst. Doch Lost &amp; Found ist einzigartig und f\u00fcr FBA-Verk\u00e4ufer unverzichtbar!\u201c<\/p>\n\n\n\n<h3 class=\"theme-wp-block wp-block-heading gb-responsive-115756-identifier\">L\u00f6sung:<\/h3>\n\n\n\n<p class=\"theme-wp-block gb-responsive-907939-identifier\">\u201eDas Tool ist sehr simpel zu handhaben und l\u00e4sst sich schnell und einfach einbinden. Die Schritt-f\u00fcr- Schritt Anleitung wie auch eine Wissensdatenbank sind sehr hilfreich und man braucht keinen Support seitens SELLERLOGIC. Lost &amp; Found meldet t\u00e4glich neue F\u00e4lle und stellt vorgegebene Textbausteine bereit, die man nur noch kopiert und im Amazon Seller Central einf\u00fcgt. Es bleibt mir also nur noch die Copy-Paste-Arbeit \u00fcbrig, um eine R\u00fcckerstattung von Amazon zu bekommen. Da die eingereichten F\u00e4lle meist ohne R\u00fcckfragen akzeptiert werden, macht es schon Spa\u00df\u201c, so Sandra Schriewer.<\/p>\n\n\n<div class=\"theme-block-group-wrap\">\n<div class=\"theme-wp-block wp-block-group gb-responsive-88118-identifier\"><div class=\"wp-block-group__inner-container is-layout-flow wp-block-group-is-layout-flow\">\t\t<div  class=\"theme-wp-block theme-block-user-card gb-responsive-799176-identifier is-style-full-width-line aligncenter\">\n\t\t<div class=\"wrap-inner-content\">\n\t\t\t<div class=\"card-user-head\">\n\t\t\t\t<div class=\"card-user-avatar\">\n\t\t\t\t\t<div class=\"cover-avatar\" style=\"background-image: url(https:\/\/d2bw95mh2ee04s.cloudfront.net\/prod\/content\/wp-content\/uploads\/2020\/12\/23142733\/sandra-schriewer-raute.png);\"><\/div>\n\t\t\t\t<\/div>\n\t\t\t\t<div class=\"wrap-title\">\n\t\t\t\t\t<div class=\"card-user-name\">\n\t\t\t\t\t\t<div class=\"title\">\n\t\t\t\t\t\t\t<h3 class=\"heading-text\"><strong>Sandra Schriewer<\/strong><\/h3>\n\t\t\t\t\t\t<\/div>\n\t\t\t\t\t\t<div class=\"card-user-position\">\n\t\t\t\t\t\t\t<div class=\"card-text\"><strong>Gesch\u00e4ftsf\u00fchrerin \u201eSamtige Haut\u201c<\/strong><\/div>\n\t\t\t\t\t\t<\/div>\n\t\t\t\t\t<\/div>\n\t\t\t\t\t<div class=\"card-user-quote-icon\">\n\t\t\t\t\t<\/div>\n\t\t\t\t<\/div>\n\t\t\t<\/div>\n\t\t\t<div class=\"card-user-text\">\n\t\t\t\t<div class=\"card-text\"><p>\u201eAuf dem Markt gibt es viele Dienstleister, ohne die sich ein erfolgreiches Business auf Amazon kaum aufbauen l\u00e4sst. Doch die L\u00f6sung Lost &amp; Found ist einzigartig und f\u00fcr FBA-Verk\u00e4ufer unverzichtbar!\u201c<\/p><\/div>\n\t\t\t<\/div>\n\t\t<\/div>\n\t<\/div>\n\n<\/div>\n<\/div><\/div>\n\n\n<h3 class=\"theme-wp-block wp-block-heading gb-responsive-595368-identifier\">Erfolge mit SELLERLOGIC:<\/h3>\n\n\n\n<p class=\"theme-wp-block gb-responsive-400419-identifier\">\u201eDa Lost &amp; Found einzelne Transaktionen bis zu 18 Monate zur\u00fcckverfolgt, bekam ich direkt nach der Einbindung des Tools eine R\u00fcckerstattung in H\u00f6he von ca. 1.300 EUR, auf die ich ohne SELLERLOGIC nie aufmerksam geworden w\u00e4re. Vor der Einbindung von Lost &amp; Found war mir nicht klar, wie viele Pakete in der Zwischenzeit \u201everschwunden\u201c sind. Die Datenmengen kann man manuell nicht \u00fcberpr\u00fcfen und im Normalfall gibt es von Amazon keine R\u00fcckmeldung zu der verschwundenen Ware. Mit Lost &amp; Found bekommt man sein Geld zur\u00fcck und spart enorm viel Zeit \u2013 durch die automatisierte Recherche und die Einreichung der F\u00e4lle mittels Copy &amp; Paste\u201c, merkt Sandra Schriewer an.<\/p>\n\n\n\n<p class=\"theme-wp-block gb-responsive-694074-identifier\">\u201eIch kann jedem nur empfehlen, die L\u00f6sung bei sich zu integrieren. Man hat nichts zu verlieren! Die Kosten f\u00fcr SELLERLOGIC Lost &amp; Found sind aus meiner Sicht sehr fair, da diese anteilig auf die tats\u00e4chliche R\u00fcckerstattung von Amazon berechnet werden. Wenn nichts gefunden wird, entstehen keine Geb\u00fchren. Jeder Tag, der ohne Lost &amp; Found vergeht, kostet bares Geld. Man hat ja h\u00f6chstens 18 Monate Zeit, in Einzelf\u00e4llen sogar weniger\u201c, f\u00fcgt Schriewer zum Schluss hinzu.<\/p>\n\n\n\n<div class=\"theme-wp-block wp-block-buttons gb-responsive-497426-identifier is-layout-flex wp-block-buttons-is-layout-flex\">\n<div class=\"theme-wp-block wp-block-button gb-responsive-38220-identifier is-style-theme-transparent-with-arrow\"><a class=\"wp-block-button__link wp-element-button\" href=\"https:\/\/d2bw95mh2ee04s.cloudfront.net\/prod\/content\/files\/SUCCESS-STORIES\/DE\/SELLERLOGIC_Success-Story_Samtige-Haut.pdf\" target=\"_blank\" rel=\"noreferrer noopener nofollow\">Jetzt herunterladen!<\/a><\/div>\n<\/div>\n<\/div>\n\n\n\n<div class=\"theme-wp-block wp-block-column gb-responsive-806797-identifier is-layout-flow wp-block-column-is-layout-flow\" style=\"flex-basis:25%\"><\/div>\n<\/div>\n\n\n\n<p class=\"theme-wp-block gb-responsive-527070-identifier\"><\/p>\n","protected":false},"excerpt":{"rendered":"<p>Gr\u00fcndung: November 2016 Branche: Kosmetik, Nahrungs\u00aderg\u00e4nzungs\u00admittel, Bioprodukte Artikel bei Amazon: 1.000 Sendungen:&nbsp; ca. 8.000 pro Monat Hintergrund: Im Jahr 2018 hat Amazon einen Umsatz von 232,9 Milliarden US-Dollar erzielt. Rund 45 Prozent der deutschen Amazon-H\u00e4ndler versenden ihre Ware via Fulfillment by Amazon (FBA). Darunter auch Sandra Schriewer mit Ihrem Amazon-Shop \u201eSamtige Haut\u201c. Trotz aller Vorteile<\/p>\n","protected":false},"author":3,"featured_media":0,"parent":470,"menu_order":0,"comment_status":"closed","ping_status":"closed","template":"","meta":{"sidebar_recommended_resources":{"data":[]},"sidebar_header_settings":{"hide_buttons":{"register":false}},"_use_new_theme":false,"inline_featured_image":false,"footnotes":""},"class_list":["post-4541","page","type-page","status-publish","hentry"],"yoast_head":"<!-- This site is optimized with the Yoast SEO plugin v26.8 - https:\/\/yoast.com\/product\/yoast-seo-wordpress\/ -->\n<title>Succes Story: FBA-Erstattungen dank Lost &amp; Found | SELLERLOGIC<\/title>\n<meta name=\"description\" content=\"FBA-Fehler passieren, aber die d\u00fcrfen nicht unentdeckt bleiben! Erfahren Sie hier, wie \u201eSamtige Haut\u201c alle Fehler aufdeckte!\" \/>\n<meta name=\"robots\" content=\"index, follow, max-snippet:-1, max-image-preview:large, max-video-preview:-1\" \/>\n<link rel=\"canonical\" href=\"https:\/\/www.sellerlogic.com\/de\/ressourcen\/success-story-samtige-haut\/\" \/>\n<meta property=\"og:locale\" content=\"de_DE\" \/>\n<meta property=\"og:type\" content=\"article\" \/>\n<meta property=\"og:title\" content=\"Succes Story: FBA-Erstattungen dank Lost &amp; Found | SELLERLOGIC\" \/>\n<meta property=\"og:description\" content=\"FBA-Fehler passieren, aber die d\u00fcrfen nicht unentdeckt bleiben! Erfahren Sie hier, wie \u201eSamtige Haut\u201c alle Fehler aufdeckte!\" \/>\n<meta property=\"og:url\" content=\"https:\/\/www.sellerlogic.com\/de\/ressourcen\/success-story-samtige-haut\/\" \/>\n<meta property=\"og:site_name\" content=\"SELLERLOGIC - Smarte Tools f\u00fcr Amazon-Seller\" \/>\n<meta property=\"article:publisher\" content=\"https:\/\/www.facebook.com\/SellerLogic\/\" \/>\n<meta property=\"article:modified_time\" content=\"2024-06-11T08:15:52+00:00\" \/>\n<meta property=\"og:image\" content=\"https:\/\/www.sellerlogic.com\/wp-content\/uploads\/2020\/12\/samtige-haut-logo.png\" \/>\n<meta name=\"twitter:card\" content=\"summary_large_image\" \/>\n<meta name=\"twitter:site\" content=\"@sellerlogic\" \/>\n<meta name=\"twitter:label1\" content=\"Est. reading time\" \/>\n\t<meta name=\"twitter:data1\" content=\"3 minutes\" \/>\n<script type=\"application\/ld+json\" class=\"yoast-schema-graph\">{\"@context\":\"https:\/\/schema.org\",\"@graph\":[{\"@type\":\"WebPage\",\"@id\":\"https:\/\/www.sellerlogic.com\/de\/ressourcen\/success-story-samtige-haut\/\",\"url\":\"https:\/\/www.sellerlogic.com\/de\/ressourcen\/success-story-samtige-haut\/\",\"name\":\"Succes Story: FBA-Erstattungen dank Lost & Found | SELLERLOGIC\",\"isPartOf\":{\"@id\":\"https:\/\/www.sellerlogic.com\/de\/#website\"},\"primaryImageOfPage\":{\"@id\":\"https:\/\/www.sellerlogic.com\/de\/ressourcen\/success-story-samtige-haut\/#primaryimage\"},\"image\":{\"@id\":\"https:\/\/www.sellerlogic.com\/de\/ressourcen\/success-story-samtige-haut\/#primaryimage\"},\"thumbnailUrl\":\"https:\/\/www.sellerlogic.com\/wp-content\/uploads\/2020\/12\/samtige-haut-logo.png\",\"datePublished\":\"2020-12-10T11:26:45+00:00\",\"dateModified\":\"2024-06-11T08:15:52+00:00\",\"description\":\"FBA-Fehler passieren, aber die d\u00fcrfen nicht unentdeckt bleiben! Erfahren Sie hier, wie \u201eSamtige Haut\u201c alle Fehler aufdeckte!\",\"breadcrumb\":{\"@id\":\"https:\/\/www.sellerlogic.com\/de\/ressourcen\/success-story-samtige-haut\/#breadcrumb\"},\"inLanguage\":\"de-DE\",\"potentialAction\":[{\"@type\":\"ReadAction\",\"target\":[\"https:\/\/www.sellerlogic.com\/de\/ressourcen\/success-story-samtige-haut\/\"]}]},{\"@type\":\"ImageObject\",\"inLanguage\":\"de-DE\",\"@id\":\"https:\/\/www.sellerlogic.com\/de\/ressourcen\/success-story-samtige-haut\/#primaryimage\",\"url\":\"https:\/\/www.sellerlogic.com\/wp-content\/uploads\/2020\/12\/samtige-haut-logo.png\",\"contentUrl\":\"https:\/\/www.sellerlogic.com\/wp-content\/uploads\/2020\/12\/samtige-haut-logo.png\"},{\"@type\":\"BreadcrumbList\",\"@id\":\"https:\/\/www.sellerlogic.com\/de\/ressourcen\/success-story-samtige-haut\/#breadcrumb\",\"itemListElement\":[{\"@type\":\"ListItem\",\"position\":1,\"name\":\"Home\",\"item\":\"https:\/\/www.sellerlogic.com\/de\/\"},{\"@type\":\"ListItem\",\"position\":2,\"name\":\"Ressourcen\",\"item\":\"https:\/\/www.sellerlogic.com\/de\/ressourcen\/\"},{\"@type\":\"ListItem\",\"position\":3,\"name\":\"Success Story: Samtige Haut\"}]},{\"@type\":\"WebSite\",\"@id\":\"https:\/\/www.sellerlogic.com\/de\/#website\",\"url\":\"https:\/\/www.sellerlogic.com\/de\/\",\"name\":\"SELLERLOGIC - Smarte Tools f\u00fcr Amazon-Seller\",\"description\":\"Intelligente Prozessoptimierung und Gewinnmaximierung\",\"publisher\":{\"@id\":\"https:\/\/www.sellerlogic.com\/de\/#organization\"},\"potentialAction\":[{\"@type\":\"SearchAction\",\"target\":{\"@type\":\"EntryPoint\",\"urlTemplate\":\"https:\/\/www.sellerlogic.com\/de\/?s={search_term_string}\"},\"query-input\":{\"@type\":\"PropertyValueSpecification\",\"valueRequired\":true,\"valueName\":\"search_term_string\"}}],\"inLanguage\":\"de-DE\"},{\"@type\":\"Organization\",\"@id\":\"https:\/\/www.sellerlogic.com\/de\/#organization\",\"name\":\"SELLERLOGIC\",\"url\":\"https:\/\/www.sellerlogic.com\/de\/\",\"logo\":{\"@type\":\"ImageObject\",\"inLanguage\":\"de-DE\",\"@id\":\"https:\/\/www.sellerlogic.com\/de\/#\/schema\/logo\/image\/\",\"url\":\"https:\/\/d2bw95mh2ee04s.cloudfront.net\/prod\/content\/wp-content\/uploads\/2025\/01\/02134814\/Property-Logo-Main.svg\",\"contentUrl\":\"https:\/\/d2bw95mh2ee04s.cloudfront.net\/prod\/content\/wp-content\/uploads\/2025\/01\/02134814\/Property-Logo-Main.svg\",\"width\":184,\"height\":40,\"caption\":\"SELLERLOGIC\"},\"image\":{\"@id\":\"https:\/\/www.sellerlogic.com\/de\/#\/schema\/logo\/image\/\"},\"sameAs\":[\"https:\/\/www.facebook.com\/SellerLogic\/\",\"https:\/\/x.com\/sellerlogic\",\"https:\/\/www.instagram.com\/sellerlogic\/\",\"https:\/\/www.linkedin.com\/company\/18402037\/\",\"https:\/\/www.youtube.com\/channel\/UC-gULUur-fNj08sprantKsQ\"]}]}<\/script>\n<!-- \/ Yoast SEO plugin. -->","yoast_head_json":{"title":"Succes Story: FBA-Erstattungen dank Lost & Found | SELLERLOGIC","description":"FBA-Fehler passieren, aber die d\u00fcrfen nicht unentdeckt bleiben! Erfahren Sie hier, wie \u201eSamtige Haut\u201c alle Fehler aufdeckte!","robots":{"index":"index","follow":"follow","max-snippet":"max-snippet:-1","max-image-preview":"max-image-preview:large","max-video-preview":"max-video-preview:-1"},"canonical":"https:\/\/www.sellerlogic.com\/de\/ressourcen\/success-story-samtige-haut\/","og_locale":"de_DE","og_type":"article","og_title":"Succes Story: FBA-Erstattungen dank Lost & Found | SELLERLOGIC","og_description":"FBA-Fehler passieren, aber die d\u00fcrfen nicht unentdeckt bleiben! Erfahren Sie hier, wie \u201eSamtige Haut\u201c alle Fehler aufdeckte!","og_url":"https:\/\/www.sellerlogic.com\/de\/ressourcen\/success-story-samtige-haut\/","og_site_name":"SELLERLOGIC - Smarte Tools f\u00fcr Amazon-Seller","article_publisher":"https:\/\/www.facebook.com\/SellerLogic\/","article_modified_time":"2024-06-11T08:15:52+00:00","og_image":[{"url":"https:\/\/www.sellerlogic.com\/wp-content\/uploads\/2020\/12\/samtige-haut-logo.png","type":"","width":"","height":""}],"twitter_card":"summary_large_image","twitter_site":"@sellerlogic","twitter_misc":{"Est. reading time":"3 minutes"},"schema":{"@context":"https:\/\/schema.org","@graph":[{"@type":"WebPage","@id":"https:\/\/www.sellerlogic.com\/de\/ressourcen\/success-story-samtige-haut\/","url":"https:\/\/www.sellerlogic.com\/de\/ressourcen\/success-story-samtige-haut\/","name":"Succes Story: FBA-Erstattungen dank Lost & Found | SELLERLOGIC","isPartOf":{"@id":"https:\/\/www.sellerlogic.com\/de\/#website"},"primaryImageOfPage":{"@id":"https:\/\/www.sellerlogic.com\/de\/ressourcen\/success-story-samtige-haut\/#primaryimage"},"image":{"@id":"https:\/\/www.sellerlogic.com\/de\/ressourcen\/success-story-samtige-haut\/#primaryimage"},"thumbnailUrl":"https:\/\/www.sellerlogic.com\/wp-content\/uploads\/2020\/12\/samtige-haut-logo.png","datePublished":"2020-12-10T11:26:45+00:00","dateModified":"2024-06-11T08:15:52+00:00","description":"FBA-Fehler passieren, aber die d\u00fcrfen nicht unentdeckt bleiben! Erfahren Sie hier, wie \u201eSamtige Haut\u201c alle Fehler aufdeckte!","breadcrumb":{"@id":"https:\/\/www.sellerlogic.com\/de\/ressourcen\/success-story-samtige-haut\/#breadcrumb"},"inLanguage":"de-DE","potentialAction":[{"@type":"ReadAction","target":["https:\/\/www.sellerlogic.com\/de\/ressourcen\/success-story-samtige-haut\/"]}]},{"@type":"ImageObject","inLanguage":"de-DE","@id":"https:\/\/www.sellerlogic.com\/de\/ressourcen\/success-story-samtige-haut\/#primaryimage","url":"https:\/\/www.sellerlogic.com\/wp-content\/uploads\/2020\/12\/samtige-haut-logo.png","contentUrl":"https:\/\/www.sellerlogic.com\/wp-content\/uploads\/2020\/12\/samtige-haut-logo.png"},{"@type":"BreadcrumbList","@id":"https:\/\/www.sellerlogic.com\/de\/ressourcen\/success-story-samtige-haut\/#breadcrumb","itemListElement":[{"@type":"ListItem","position":1,"name":"Home","item":"https:\/\/www.sellerlogic.com\/de\/"},{"@type":"ListItem","position":2,"name":"Ressourcen","item":"https:\/\/www.sellerlogic.com\/de\/ressourcen\/"},{"@type":"ListItem","position":3,"name":"Success Story: Samtige Haut"}]},{"@type":"WebSite","@id":"https:\/\/www.sellerlogic.com\/de\/#website","url":"https:\/\/www.sellerlogic.com\/de\/","name":"SELLERLOGIC - Smarte Tools f\u00fcr Amazon-Seller","description":"Intelligente Prozessoptimierung und Gewinnmaximierung","publisher":{"@id":"https:\/\/www.sellerlogic.com\/de\/#organization"},"potentialAction":[{"@type":"SearchAction","target":{"@type":"EntryPoint","urlTemplate":"https:\/\/www.sellerlogic.com\/de\/?s={search_term_string}"},"query-input":{"@type":"PropertyValueSpecification","valueRequired":true,"valueName":"search_term_string"}}],"inLanguage":"de-DE"},{"@type":"Organization","@id":"https:\/\/www.sellerlogic.com\/de\/#organization","name":"SELLERLOGIC","url":"https:\/\/www.sellerlogic.com\/de\/","logo":{"@type":"ImageObject","inLanguage":"de-DE","@id":"https:\/\/www.sellerlogic.com\/de\/#\/schema\/logo\/image\/","url":"https:\/\/d2bw95mh2ee04s.cloudfront.net\/prod\/content\/wp-content\/uploads\/2025\/01\/02134814\/Property-Logo-Main.svg","contentUrl":"https:\/\/d2bw95mh2ee04s.cloudfront.net\/prod\/content\/wp-content\/uploads\/2025\/01\/02134814\/Property-Logo-Main.svg","width":184,"height":40,"caption":"SELLERLOGIC"},"image":{"@id":"https:\/\/www.sellerlogic.com\/de\/#\/schema\/logo\/image\/"},"sameAs":["https:\/\/www.facebook.com\/SellerLogic\/","https:\/\/x.com\/sellerlogic","https:\/\/www.instagram.com\/sellerlogic\/","https:\/\/www.linkedin.com\/company\/18402037\/","https:\/\/www.youtube.com\/channel\/UC-gULUur-fNj08sprantKsQ"]}]}},"_links":{"self":[{"href":"https:\/\/www.sellerlogic.com\/de\/wp-json\/wp\/v2\/pages\/4541","targetHints":{"allow":["GET"]}}],"collection":[{"href":"https:\/\/www.sellerlogic.com\/de\/wp-json\/wp\/v2\/pages"}],"about":[{"href":"https:\/\/www.sellerlogic.com\/de\/wp-json\/wp\/v2\/types\/page"}],"author":[{"embeddable":true,"href":"https:\/\/www.sellerlogic.com\/de\/wp-json\/wp\/v2\/users\/3"}],"replies":[{"embeddable":true,"href":"https:\/\/www.sellerlogic.com\/de\/wp-json\/wp\/v2\/comments?post=4541"}],"version-history":[{"count":0,"href":"https:\/\/www.sellerlogic.com\/de\/wp-json\/wp\/v2\/pages\/4541\/revisions"}],"up":[{"embeddable":true,"href":"https:\/\/www.sellerlogic.com\/de\/wp-json\/wp\/v2\/pages\/470"}],"wp:attachment":[{"href":"https:\/\/www.sellerlogic.com\/de\/wp-json\/wp\/v2\/media?parent=4541"}],"curies":[{"name":"wp","href":"https:\/\/api.w.org\/{rel}","templated":true}]}}