
{"id":4714,"date":"2020-12-10T13:29:32","date_gmt":"2020-12-10T13:29:32","guid":{"rendered":"https:\/\/www.sellerlogic.com\/?page_id=4714"},"modified":"2021-01-14T14:59:08","modified_gmt":"2021-01-14T14:59:08","slug":"success-story-meinemarkenmode-de","status":"publish","type":"page","link":"https:\/\/www.sellerlogic.com\/de\/ressourcen\/success-story-meinemarkenmode-de\/","title":{"rendered":"Success Story: meinemarkenmode.de"},"content":{"rendered":"\n\t<div  class=\"theme-wp-block theme-block-main-header is-style-full-height desktop-align-full xl-align-full lg-align-full md-align-full sm-align-full desktop-content-align-y-center desktop-content-align-x-center xl-content-align-y-center xl-content-align-x-center lg-content-align-y-center lg-content-align-x-center md-content-align-y-center md-content-align-x-center sm-content-align-y-center sm-content-align-x-center gb-responsive-720212-identifier theme-block-cover\">\n\t\t<div class=\"bg-cover theme-lazy-load-bg\"><\/div>\n\t\t<div class=\"wrap-content-main-header\">\n\t\t\t\n\t\t<div  class=\"theme-wp-block theme-block-text-and-text desktop-align-wide xl-align-wide lg-align-wide md-align-wide sm-align-wide gb-responsive-366658-identifier desktop-blockDirection-column xl-blockDirection-column lg-blockDirection-column md-blockDirection-column sm-blockDirection-column\">\n\t\t<div class=\"tat-column-wrap-wrapper\">\n\t\t\t<div class=\"tat-column-wrapper\">\n\t\t\t\t\n\t<div  class=\"theme-wp-block theme-block-text-and-text-column gb-responsive-923660-identifier desktop-horizontal-center xl-horizontal-center lg-horizontal-center md-horizontal-center sm-horizontal-center\">\n\t\t<div class=\"inner-wrap-column-content\">\n\t\t\t<div class=\"inner-column-content\">\n\t\t\t\t\n\t\t<p  class=\"theme-wp-block theme-block-heading is-style-default desktop-text-center xl-text-center lg-text-center md-text-center sm-text-center gb-responsive-948994-identifier h2\">\n\t\tUnerwarteter Geldsegen: \t<\/p>\n\n\n\n\t\t<h1  class=\"theme-wp-block theme-block-heading is-style-default desktop-text-center xl-text-center lg-text-center md-text-center sm-text-center gb-responsive-746584-identifier h1\">\n\t\tWie meinemarkenmode.de\u00a0<br>6-stellige R\u00fcckerstattungen von Amazon erhielt\t<\/h1>\n\n\n\t\t\t<\/div>\n\t\t<\/div>\n\t<\/div>\n\n\n\t<div  class=\"theme-wp-block theme-block-text-and-text-column gb-responsive-441362-identifier\">\n\t\t<div class=\"inner-wrap-column-content\">\n\t\t\t<div class=\"inner-column-content\">\n\t\t\t\t\t\t\t<\/div>\n\t\t<\/div>\n\t<\/div>\n\n\t\t\t<\/div>\n\t\t<\/div>\n\t<\/div>\n\n\n\t\t<\/div>\n\t<\/div>\n\n\n\n\n<div style=\"height:50px\" aria-hidden=\"true\" class=\"theme-wp-block wp-block-spacer\"><\/div>\n\n\n\n<div class=\"theme-wp-block wp-block-columns is-layout-flex wp-container-core-columns-is-layout-9d6595d7 wp-block-columns-is-layout-flex\">\n<div class=\"theme-wp-block wp-block-column is-layout-flow wp-block-column-is-layout-flow\" style=\"flex-basis:25%\">\n<figure class=\"theme-wp-block wp-block-image size-large is-resized gb-responsive-62921-identifier\"><img decoding=\"async\" src=\"https:\/\/d2bw95mh2ee04s.cloudfront.net\/prod\/content\/wp-content\/uploads\/2020\/12\/23142728\/MMM-Logo_2-844x154.png\" alt=\"Success Story: meinemarkenmode.de\" class=\"wp-image-4742\" width=\"300\" height=\"55\" srcset=\"https:\/\/d2bw95mh2ee04s.cloudfront.net\/prod\/content\/wp-content\/uploads\/2020\/12\/23142728\/MMM-Logo_2-407x74.png 407w, https:\/\/d2bw95mh2ee04s.cloudfront.net\/prod\/content\/wp-content\/uploads\/2020\/12\/23142728\/MMM-Logo_2-768x141.png 768w, https:\/\/d2bw95mh2ee04s.cloudfront.net\/prod\/content\/wp-content\/uploads\/2020\/12\/23142728\/MMM-Logo_2-844x154.png 844w, https:\/\/d2bw95mh2ee04s.cloudfront.net\/prod\/content\/wp-content\/uploads\/2020\/12\/23142728\/MMM-Logo_2.png 1000w\" sizes=\"(max-width: 300px) 100vw, 300px\" \/><\/figure>\n\n\n\n<p class=\"theme-wp-block gb-responsive-312552-identifier\"><strong>Gr\u00fcndung:<\/strong><br>2009<\/p>\n\n\n\n<p class=\"theme-wp-block gb-responsive-353708-identifier\"><strong>Branche:<\/strong><br>Mode<\/p>\n\n\n\n<p class=\"theme-wp-block gb-responsive-822947-identifier\"><strong>Artikel bei Amazon:<\/strong><br>ca. 30.000<\/p>\n\n\n\n<p class=\"theme-wp-block gb-responsive-580866-identifier\"><strong>Sendungen:&nbsp;<\/strong><br>ca. 150.000 pro Monat<\/p>\n<\/div>\n\n\n\n<div class=\"theme-wp-block wp-block-column is-layout-flow wp-block-column-is-layout-flow\" style=\"flex-basis:50%\">\n<h3 class=\"theme-wp-block gb-responsive-34353-identifier wp-block-heading\" id=\"block-c06fce04-ef87-4ffc-a3d6-b768ba377d17\">Hintergrund:<\/h3>\n\n\n\n<p class=\"theme-wp-block gb-responsive-620393-identifier\">Die Geschichte von meinemarkenmode.de klingt nach amerikanischem Traum. Um sein Studium zu finanzieren, begann der heutige Gesch\u00e4ftsf\u00fchrer Eugen Allerborn 2009 mit dem Handel auf eBay. Mit dem Zuwachs in der Familie musste sich Eugen entscheiden: 100% Studium oder 100% Gesch\u00e4ft. Er wagte den Schritt in die volle Selbst\u00e4ndigkeit: Eine Entscheidung, die im Nachhinein viel Erfolg mit sich brachte. Heute f\u00fchrt er mit seinem Gesch\u00e4ftspartner und Freund Timo Bethlehem ein erfolgreiches Onlinegesch\u00e4ft mit 50 Mitarbeitern an zwei Standorten.<\/p>\n\n\n\n<h3 class=\"theme-wp-block gb-responsive-182281-identifier wp-block-heading\">Ausgangslage:<\/h3>\n\n\n\n<p class=\"theme-wp-block gb-responsive-902007-identifier\">\u201eEs war uns klar, dass wir einen gewissen \u201aWarenschwund\u2018 in den FBA-L\u00e4gern haben. Bei \u00fcber 30.000 Artikeln an 20 Lagerst\u00e4tten und den daraus resultierenden Lagerbewegungen ist das unvermeidbar\u201c, erkl\u00e4rt Alexander Charatzoglou, seit 2012 Leiter des Sales Management beim Modeversandh\u00e4ndler meinemarkenmode.de. \u201eDoch wie so h\u00e4ufig, gab es zu viele andere Aufgaben, die h\u00f6her priorisiert waren. Dar\u00fcber hinaus fehlten uns Kapazit\u00e4ten, die Vorg\u00e4nge manuell zu \u00fcberpr\u00fcfen\u201c.<\/p>\n\n\n\n<p class=\"theme-wp-block gb-responsive-344723-identifier\">Dies \u00e4nderte sich erst, als Alexander w\u00e4hrend eines Amazon-Workshops mit einem H\u00e4ndlerkollegen ins Gespr\u00e4ch kam. Dabei fiel das Thema auch auf den Warenschwund in den FBA-L\u00e4gern. \u201eMein H\u00e4ndlerkollege geh\u00f6rte zu den Pilotkunden von SELLERLOGIC Lost &amp; Found. Als er von einer initialen R\u00fcckerstattung im Wert eines Kleinwagens berichtete, beeindruckte mich das so sehr, dass ich den Test der Software sofort ganz oben auf meine Priorit\u00e4tenliste gesetzt habe\u201c, erz\u00e4hlt Alexander Charatzoglou.<\/p>\n\n\n\n<h3 class=\"theme-wp-block gb-responsive-115756-identifier wp-block-heading\">L\u00f6sung:<\/h3>\n\n\n\n<p class=\"theme-wp-block gb-responsive-556741-identifier\">Aufgrund der guten Erfahrungen des H\u00e4ndlerkollegen kam f\u00fcr meinemarkenmode.de nie eine andere L\u00f6sung in Frage als Lost &amp; Found.<\/p>\n\n\n\n<p class=\"theme-wp-block gb-responsive-300856-identifier\">\u201eDas Onboarding durch SELLERLOGIC war \u00fcberaus angenehm und verlief sehr einfach. Das Tool ist intuitiv und kann mit kurzer Einarbeitungszeit von jedem bedient werden. Seit dem Onboarding haben wir keine Unterst\u00fctzung mehr gebraucht. Selbst dann nicht, wenn wir neuen Mitarbeitern die Fallbearbeitung \u00fcbergeben haben. Eine echte Auszeichnung!\u201c, erz\u00e4hlt Charatzoglou \u00fcber die Anf\u00e4nge mit SELLERLOGIC Lost &amp; Found. \u201eDas Tool ist unglaublich effizient. Hinter der intuitiven Bedienung steckt ein sehr ausgekl\u00fcgeltes System, das die Fallbearbeitung sehr stark vereinfacht\u201c, erg\u00e4nzt Alexander weiter.<\/p>\n\n\n<div class=\"theme-block-group-wrap\">\n<div class=\"theme-wp-block wp-block-group gb-responsive-88118-identifier\"><div class=\"wp-block-group__inner-container\"><div class=\"wp-block-group__inner-container is-layout-flow wp-block-group-is-layout-flow\">\t\t<div  class=\"theme-wp-block theme-block-user-card gb-responsive-799176-identifier is-style-full-width-line aligncenter\">\n\t\t<div class=\"wrap-inner-content\">\n\t\t\t<div class=\"card-user-head\">\n\t\t\t\t<div class=\"card-user-avatar\">\n\t\t\t\t\t<div class=\"cover-avatar\" style=\"background-image: url(https:\/\/d2bw95mh2ee04s.cloudfront.net\/prod\/content\/wp-content\/uploads\/2020\/12\/23142728\/alexander_charatzoglou_raute.png);\"><\/div>\n\t\t\t\t<\/div>\n\t\t\t\t<div class=\"wrap-title\">\n\t\t\t\t\t<div class=\"card-user-name\">\n\t\t\t\t\t\t<div class=\"title\">\n\t\t\t\t\t\t\t<h3 class=\"heading-text\"><strong>Alexander Charatzoglou<\/strong><\/h3>\n\t\t\t\t\t\t<\/div>\n\t\t\t\t\t\t<div class=\"card-user-position\">\n\t\t\t\t\t\t\t<div class=\"card-text\"><strong>Leiter Salesmanagement bei meinemarkenmode.de<\/strong><\/div>\n\t\t\t\t\t\t<\/div>\n\t\t\t\t\t<\/div>\n\t\t\t\t\t<div class=\"card-user-quote-icon\">\n\t\t\t\t\t<\/div>\n\t\t\t\t<\/div>\n\t\t\t<\/div>\n\t\t\t<div class=\"card-user-text\">\n\t\t\t\t<div class=\"card-text\"><p>Lost &amp; Found ist ein echter No-Brainer. Und das nicht nur wirtschaftlich. Die geringen Kosten, das Tool, die Technik dahinter, die erbrachten Dienstleistungen und das Team, einfach alles tr\u00e4gt dazu bei, dass wir rundum zufrieden sind.<\/p><\/div>\n\t\t\t<\/div>\n\t\t<\/div>\n\t<\/div>\n\n<\/div><\/div>\n<\/div><\/div>\n\n\n<h3 class=\"theme-wp-block gb-responsive-595368-identifier wp-block-heading\">Erfolge mit SELLERLOGIC:<\/h3>\n\n\n\n<p class=\"theme-wp-block gb-responsive-638851-identifier\">meinemarkenmode.de konnte seit dem Start mit SELLERLOGIC Lost &amp; Found R\u00fcckzahlungen im Wert von ca. 200.000 Euro geltend machen. \u201eDas ist schon kein Kleinwagen mehr, sondern ein ganzes Haus\u201c, lacht Herr Charatzoglou.<\/p>\n\n\n\n<p class=\"theme-wp-block gb-responsive-561658-identifier\">So \u00fcberstieg der wirkliche Warenverlust in den FBA-L\u00e4gern deutlich die Erwartungen des Unternehmens. Dabei profitiert meinemarkenmode.de vom ausgekl\u00fcgelten System, das auch solche Fehler findet, die manuell vermutlich unentdeckt blieben. Doch f\u00fcr Alexander Charatzoglou ist der menschliche Kontakt zu SELLERLOGIC nicht weniger wichtig. F\u00fcr ihn ist SELLERLOGIC nicht nur ein Tool, das sein Unternehmen verwendet, sondern er wertsch\u00e4tzt das komplette Team und dessen Service.<\/p>\n\n\n\n<p class=\"theme-wp-block gb-responsive-486274-identifier\">So findet er abschlie\u00dfend auch deutlich lobende Worte: \u201eSELLERLOGIC Lost &amp; Found ist ein echter No-Brainer. Und das nicht nur in wirtschaftlicher Hinsicht. Die geringen Kosten, das Tool, die Technik dahinter, die erbrachten Dienstleistungen und das Team, einfach alles tr\u00e4gt dazu bei, dass wir rundum zufrieden sind.\u201c<\/p>\n\n\n\n<div class=\"theme-wp-block wp-block-buttons gb-responsive-497426-identifier is-layout-flex wp-block-buttons-is-layout-flex\">\n<div class=\"theme-wp-block wp-block-button gb-responsive-38220-identifier is-style-theme-transparent-with-arrow\"><a class=\"wp-block-button__link\" href=\"https:\/\/d2bw95mh2ee04s.cloudfront.net\/prod\/content\/files\/SUCCESS-STORIES\/DE\/SELLERLOGIC_SS_meinemarkenmode_DE_web.pdf\" target=\"_blank\" rel=\"noreferrer noopener nofollow\">Jetzt herunterladen!<\/a><\/div>\n<\/div>\n<\/div>\n\n\n\n<div class=\"theme-wp-block wp-block-column is-layout-flow wp-block-column-is-layout-flow\" style=\"flex-basis:25%\"><\/div>\n<\/div>\n\n\n\n<p class=\"theme-wp-block gb-responsive-554668-identifier\"><\/p>\n","protected":false},"excerpt":{"rendered":"<p>Gr\u00fcndung:2009 Branche:Mode Artikel bei Amazon:ca. 30.000 Sendungen:&nbsp;ca. 150.000 pro Monat Hintergrund: Die Geschichte von meinemarkenmode.de klingt nach amerikanischem Traum. Um sein Studium zu finanzieren, begann der heutige Gesch\u00e4ftsf\u00fchrer Eugen Allerborn 2009 mit dem Handel auf eBay. Mit dem Zuwachs in der Familie musste sich Eugen entscheiden: 100% Studium oder 100% Gesch\u00e4ft. Er wagte den Schritt<\/p>\n","protected":false},"author":8,"featured_media":4780,"parent":470,"menu_order":0,"comment_status":"closed","ping_status":"closed","template":"","meta":{"sidebar_recommended_resources":{"data":[]},"sidebar_header_settings":{"hide_buttons":{"register":false}},"_use_new_theme":false,"inline_featured_image":false,"footnotes":""},"class_list":["post-4714","page","type-page","status-publish","has-post-thumbnail","hentry"],"yoast_head":"<!-- This site is optimized with the Yoast SEO plugin v26.8 - https:\/\/yoast.com\/product\/yoast-seo-wordpress\/ -->\n<title>Wie man 6-stellige Erstattungen von Amazon erh\u00e4lt | SELLERLOGIC<\/title>\n<meta name=\"description\" content=\"Dass bei \u00fcber 150.000 Sendungen im Monat FBA-Fehler passieren, war Meine Markenmode klar. Dass es mit 200.000 \u20ac zu Buche schl\u00e4gt nicht!\" \/>\n<meta name=\"robots\" content=\"index, follow, max-snippet:-1, max-image-preview:large, max-video-preview:-1\" \/>\n<link rel=\"canonical\" href=\"https:\/\/www.sellerlogic.com\/de\/ressourcen\/success-story-meinemarkenmode-de\/\" \/>\n<meta property=\"og:locale\" content=\"de_DE\" \/>\n<meta property=\"og:type\" content=\"article\" \/>\n<meta property=\"og:title\" content=\"Wie man 6-stellige Erstattungen von Amazon erh\u00e4lt | SELLERLOGIC\" \/>\n<meta property=\"og:description\" content=\"Dass bei \u00fcber 150.000 Sendungen im Monat FBA-Fehler passieren, war Meine Markenmode klar. Dass es mit 200.000 \u20ac zu Buche schl\u00e4gt nicht!\" \/>\n<meta property=\"og:url\" content=\"https:\/\/www.sellerlogic.com\/de\/ressourcen\/success-story-meinemarkenmode-de\/\" \/>\n<meta property=\"og:site_name\" content=\"SELLERLOGIC - Smarte Tools f\u00fcr Amazon-Seller\" \/>\n<meta property=\"article:publisher\" content=\"https:\/\/www.facebook.com\/SellerLogic\/\" \/>\n<meta property=\"article:modified_time\" content=\"2021-01-14T14:59:08+00:00\" \/>\n<meta property=\"og:image\" content=\"https:\/\/d2bw95mh2ee04s.cloudfront.net\/prod\/content\/wp-content\/uploads\/2020\/12\/23142726\/header-success-story-meinemarkenmode-sw.jpg\" \/>\n\t<meta property=\"og:image:width\" content=\"2500\" \/>\n\t<meta property=\"og:image:height\" content=\"1667\" \/>\n\t<meta property=\"og:image:type\" content=\"image\/jpeg\" \/>\n<meta name=\"twitter:card\" content=\"summary_large_image\" \/>\n<meta name=\"twitter:site\" content=\"@sellerlogic\" \/>\n<meta name=\"twitter:label1\" content=\"Est. reading time\" \/>\n\t<meta name=\"twitter:data1\" content=\"3 minutes\" \/>\n<script type=\"application\/ld+json\" class=\"yoast-schema-graph\">{\"@context\":\"https:\/\/schema.org\",\"@graph\":[{\"@type\":\"WebPage\",\"@id\":\"https:\/\/www.sellerlogic.com\/de\/ressourcen\/success-story-meinemarkenmode-de\/\",\"url\":\"https:\/\/www.sellerlogic.com\/de\/ressourcen\/success-story-meinemarkenmode-de\/\",\"name\":\"Wie man 6-stellige Erstattungen von Amazon erh\u00e4lt | SELLERLOGIC\",\"isPartOf\":{\"@id\":\"https:\/\/www.sellerlogic.com\/de\/#website\"},\"primaryImageOfPage\":{\"@id\":\"https:\/\/www.sellerlogic.com\/de\/ressourcen\/success-story-meinemarkenmode-de\/#primaryimage\"},\"image\":{\"@id\":\"https:\/\/www.sellerlogic.com\/de\/ressourcen\/success-story-meinemarkenmode-de\/#primaryimage\"},\"thumbnailUrl\":\"https:\/\/d2bw95mh2ee04s.cloudfront.net\/prod\/content\/wp-content\/uploads\/2020\/12\/23142726\/header-success-story-meinemarkenmode-sw.jpg\",\"datePublished\":\"2020-12-10T13:29:32+00:00\",\"dateModified\":\"2021-01-14T14:59:08+00:00\",\"description\":\"Dass bei \u00fcber 150.000 Sendungen im Monat FBA-Fehler passieren, war Meine Markenmode klar. Dass es mit 200.000 \u20ac zu Buche schl\u00e4gt nicht!\",\"breadcrumb\":{\"@id\":\"https:\/\/www.sellerlogic.com\/de\/ressourcen\/success-story-meinemarkenmode-de\/#breadcrumb\"},\"inLanguage\":\"de-DE\",\"potentialAction\":[{\"@type\":\"ReadAction\",\"target\":[\"https:\/\/www.sellerlogic.com\/de\/ressourcen\/success-story-meinemarkenmode-de\/\"]}]},{\"@type\":\"ImageObject\",\"inLanguage\":\"de-DE\",\"@id\":\"https:\/\/www.sellerlogic.com\/de\/ressourcen\/success-story-meinemarkenmode-de\/#primaryimage\",\"url\":\"https:\/\/d2bw95mh2ee04s.cloudfront.net\/prod\/content\/wp-content\/uploads\/2020\/12\/23142726\/header-success-story-meinemarkenmode-sw.jpg\",\"contentUrl\":\"https:\/\/d2bw95mh2ee04s.cloudfront.net\/prod\/content\/wp-content\/uploads\/2020\/12\/23142726\/header-success-story-meinemarkenmode-sw.jpg\",\"width\":2500,\"height\":1667,\"caption\":\"Amazon-Verk\u00e4ufer sind zufrieden mit SELLERLOGICs Repricer f\u00fcr optimale Preisgestaltung.\"},{\"@type\":\"BreadcrumbList\",\"@id\":\"https:\/\/www.sellerlogic.com\/de\/ressourcen\/success-story-meinemarkenmode-de\/#breadcrumb\",\"itemListElement\":[{\"@type\":\"ListItem\",\"position\":1,\"name\":\"Home\",\"item\":\"https:\/\/www.sellerlogic.com\/de\/\"},{\"@type\":\"ListItem\",\"position\":2,\"name\":\"Ressourcen\",\"item\":\"https:\/\/www.sellerlogic.com\/de\/ressourcen\/\"},{\"@type\":\"ListItem\",\"position\":3,\"name\":\"Success Story: meinemarkenmode.de\"}]},{\"@type\":\"WebSite\",\"@id\":\"https:\/\/www.sellerlogic.com\/de\/#website\",\"url\":\"https:\/\/www.sellerlogic.com\/de\/\",\"name\":\"SELLERLOGIC - Smarte Tools f\u00fcr Amazon-Seller\",\"description\":\"Intelligente Prozessoptimierung und Gewinnmaximierung\",\"publisher\":{\"@id\":\"https:\/\/www.sellerlogic.com\/de\/#organization\"},\"potentialAction\":[{\"@type\":\"SearchAction\",\"target\":{\"@type\":\"EntryPoint\",\"urlTemplate\":\"https:\/\/www.sellerlogic.com\/de\/?s={search_term_string}\"},\"query-input\":{\"@type\":\"PropertyValueSpecification\",\"valueRequired\":true,\"valueName\":\"search_term_string\"}}],\"inLanguage\":\"de-DE\"},{\"@type\":\"Organization\",\"@id\":\"https:\/\/www.sellerlogic.com\/de\/#organization\",\"name\":\"SELLERLOGIC\",\"url\":\"https:\/\/www.sellerlogic.com\/de\/\",\"logo\":{\"@type\":\"ImageObject\",\"inLanguage\":\"de-DE\",\"@id\":\"https:\/\/www.sellerlogic.com\/de\/#\/schema\/logo\/image\/\",\"url\":\"https:\/\/d2bw95mh2ee04s.cloudfront.net\/prod\/content\/wp-content\/uploads\/2025\/01\/02134814\/Property-Logo-Main.svg\",\"contentUrl\":\"https:\/\/d2bw95mh2ee04s.cloudfront.net\/prod\/content\/wp-content\/uploads\/2025\/01\/02134814\/Property-Logo-Main.svg\",\"width\":184,\"height\":40,\"caption\":\"SELLERLOGIC\"},\"image\":{\"@id\":\"https:\/\/www.sellerlogic.com\/de\/#\/schema\/logo\/image\/\"},\"sameAs\":[\"https:\/\/www.facebook.com\/SellerLogic\/\",\"https:\/\/x.com\/sellerlogic\",\"https:\/\/www.instagram.com\/sellerlogic\/\",\"https:\/\/www.linkedin.com\/company\/18402037\/\",\"https:\/\/www.youtube.com\/channel\/UC-gULUur-fNj08sprantKsQ\"]}]}<\/script>\n<!-- \/ Yoast SEO plugin. -->","yoast_head_json":{"title":"Wie man 6-stellige Erstattungen von Amazon erh\u00e4lt | SELLERLOGIC","description":"Dass bei \u00fcber 150.000 Sendungen im Monat FBA-Fehler passieren, war Meine Markenmode klar. Dass es mit 200.000 \u20ac zu Buche schl\u00e4gt nicht!","robots":{"index":"index","follow":"follow","max-snippet":"max-snippet:-1","max-image-preview":"max-image-preview:large","max-video-preview":"max-video-preview:-1"},"canonical":"https:\/\/www.sellerlogic.com\/de\/ressourcen\/success-story-meinemarkenmode-de\/","og_locale":"de_DE","og_type":"article","og_title":"Wie man 6-stellige Erstattungen von Amazon erh\u00e4lt | SELLERLOGIC","og_description":"Dass bei \u00fcber 150.000 Sendungen im Monat FBA-Fehler passieren, war Meine Markenmode klar. Dass es mit 200.000 \u20ac zu Buche schl\u00e4gt nicht!","og_url":"https:\/\/www.sellerlogic.com\/de\/ressourcen\/success-story-meinemarkenmode-de\/","og_site_name":"SELLERLOGIC - Smarte Tools f\u00fcr Amazon-Seller","article_publisher":"https:\/\/www.facebook.com\/SellerLogic\/","article_modified_time":"2021-01-14T14:59:08+00:00","og_image":[{"width":2500,"height":1667,"url":"https:\/\/d2bw95mh2ee04s.cloudfront.net\/prod\/content\/wp-content\/uploads\/2020\/12\/23142726\/header-success-story-meinemarkenmode-sw.jpg","type":"image\/jpeg"}],"twitter_card":"summary_large_image","twitter_site":"@sellerlogic","twitter_misc":{"Est. reading time":"3 minutes"},"schema":{"@context":"https:\/\/schema.org","@graph":[{"@type":"WebPage","@id":"https:\/\/www.sellerlogic.com\/de\/ressourcen\/success-story-meinemarkenmode-de\/","url":"https:\/\/www.sellerlogic.com\/de\/ressourcen\/success-story-meinemarkenmode-de\/","name":"Wie man 6-stellige Erstattungen von Amazon erh\u00e4lt | SELLERLOGIC","isPartOf":{"@id":"https:\/\/www.sellerlogic.com\/de\/#website"},"primaryImageOfPage":{"@id":"https:\/\/www.sellerlogic.com\/de\/ressourcen\/success-story-meinemarkenmode-de\/#primaryimage"},"image":{"@id":"https:\/\/www.sellerlogic.com\/de\/ressourcen\/success-story-meinemarkenmode-de\/#primaryimage"},"thumbnailUrl":"https:\/\/d2bw95mh2ee04s.cloudfront.net\/prod\/content\/wp-content\/uploads\/2020\/12\/23142726\/header-success-story-meinemarkenmode-sw.jpg","datePublished":"2020-12-10T13:29:32+00:00","dateModified":"2021-01-14T14:59:08+00:00","description":"Dass bei \u00fcber 150.000 Sendungen im Monat FBA-Fehler passieren, war Meine Markenmode klar. Dass es mit 200.000 \u20ac zu Buche schl\u00e4gt nicht!","breadcrumb":{"@id":"https:\/\/www.sellerlogic.com\/de\/ressourcen\/success-story-meinemarkenmode-de\/#breadcrumb"},"inLanguage":"de-DE","potentialAction":[{"@type":"ReadAction","target":["https:\/\/www.sellerlogic.com\/de\/ressourcen\/success-story-meinemarkenmode-de\/"]}]},{"@type":"ImageObject","inLanguage":"de-DE","@id":"https:\/\/www.sellerlogic.com\/de\/ressourcen\/success-story-meinemarkenmode-de\/#primaryimage","url":"https:\/\/d2bw95mh2ee04s.cloudfront.net\/prod\/content\/wp-content\/uploads\/2020\/12\/23142726\/header-success-story-meinemarkenmode-sw.jpg","contentUrl":"https:\/\/d2bw95mh2ee04s.cloudfront.net\/prod\/content\/wp-content\/uploads\/2020\/12\/23142726\/header-success-story-meinemarkenmode-sw.jpg","width":2500,"height":1667,"caption":"Amazon-Verk\u00e4ufer sind zufrieden mit SELLERLOGICs Repricer f\u00fcr optimale Preisgestaltung."},{"@type":"BreadcrumbList","@id":"https:\/\/www.sellerlogic.com\/de\/ressourcen\/success-story-meinemarkenmode-de\/#breadcrumb","itemListElement":[{"@type":"ListItem","position":1,"name":"Home","item":"https:\/\/www.sellerlogic.com\/de\/"},{"@type":"ListItem","position":2,"name":"Ressourcen","item":"https:\/\/www.sellerlogic.com\/de\/ressourcen\/"},{"@type":"ListItem","position":3,"name":"Success Story: meinemarkenmode.de"}]},{"@type":"WebSite","@id":"https:\/\/www.sellerlogic.com\/de\/#website","url":"https:\/\/www.sellerlogic.com\/de\/","name":"SELLERLOGIC - Smarte Tools f\u00fcr Amazon-Seller","description":"Intelligente Prozessoptimierung und Gewinnmaximierung","publisher":{"@id":"https:\/\/www.sellerlogic.com\/de\/#organization"},"potentialAction":[{"@type":"SearchAction","target":{"@type":"EntryPoint","urlTemplate":"https:\/\/www.sellerlogic.com\/de\/?s={search_term_string}"},"query-input":{"@type":"PropertyValueSpecification","valueRequired":true,"valueName":"search_term_string"}}],"inLanguage":"de-DE"},{"@type":"Organization","@id":"https:\/\/www.sellerlogic.com\/de\/#organization","name":"SELLERLOGIC","url":"https:\/\/www.sellerlogic.com\/de\/","logo":{"@type":"ImageObject","inLanguage":"de-DE","@id":"https:\/\/www.sellerlogic.com\/de\/#\/schema\/logo\/image\/","url":"https:\/\/d2bw95mh2ee04s.cloudfront.net\/prod\/content\/wp-content\/uploads\/2025\/01\/02134814\/Property-Logo-Main.svg","contentUrl":"https:\/\/d2bw95mh2ee04s.cloudfront.net\/prod\/content\/wp-content\/uploads\/2025\/01\/02134814\/Property-Logo-Main.svg","width":184,"height":40,"caption":"SELLERLOGIC"},"image":{"@id":"https:\/\/www.sellerlogic.com\/de\/#\/schema\/logo\/image\/"},"sameAs":["https:\/\/www.facebook.com\/SellerLogic\/","https:\/\/x.com\/sellerlogic","https:\/\/www.instagram.com\/sellerlogic\/","https:\/\/www.linkedin.com\/company\/18402037\/","https:\/\/www.youtube.com\/channel\/UC-gULUur-fNj08sprantKsQ"]}]}},"_links":{"self":[{"href":"https:\/\/www.sellerlogic.com\/de\/wp-json\/wp\/v2\/pages\/4714","targetHints":{"allow":["GET"]}}],"collection":[{"href":"https:\/\/www.sellerlogic.com\/de\/wp-json\/wp\/v2\/pages"}],"about":[{"href":"https:\/\/www.sellerlogic.com\/de\/wp-json\/wp\/v2\/types\/page"}],"author":[{"embeddable":true,"href":"https:\/\/www.sellerlogic.com\/de\/wp-json\/wp\/v2\/users\/8"}],"replies":[{"embeddable":true,"href":"https:\/\/www.sellerlogic.com\/de\/wp-json\/wp\/v2\/comments?post=4714"}],"version-history":[{"count":1,"href":"https:\/\/www.sellerlogic.com\/de\/wp-json\/wp\/v2\/pages\/4714\/revisions"}],"predecessor-version":[{"id":291813,"href":"https:\/\/www.sellerlogic.com\/de\/wp-json\/wp\/v2\/pages\/4714\/revisions\/291813"}],"up":[{"embeddable":true,"href":"https:\/\/www.sellerlogic.com\/de\/wp-json\/wp\/v2\/pages\/470"}],"wp:featuredmedia":[{"embeddable":true,"href":"https:\/\/www.sellerlogic.com\/de\/wp-json\/wp\/v2\/media\/4780"}],"wp:attachment":[{"href":"https:\/\/www.sellerlogic.com\/de\/wp-json\/wp\/v2\/media?parent=4714"}],"curies":[{"name":"wp","href":"https:\/\/api.w.org\/{rel}","templated":true}]}}