
{"id":4794,"date":"2020-12-11T08:56:47","date_gmt":"2020-12-11T08:56:47","guid":{"rendered":"https:\/\/www.sellerlogic.com\/?page_id=4794"},"modified":"2021-01-14T15:02:14","modified_gmt":"2021-01-14T15:02:14","slug":"success-story-rewu-eu","status":"publish","type":"page","link":"https:\/\/www.sellerlogic.com\/de\/ressourcen\/success-story-rewu-eu\/","title":{"rendered":"Success Story: ReWu.eu"},"content":{"rendered":"\n\t<div  class=\"theme-wp-block theme-block-main-header is-style-full-height desktop-content-align-y-center desktop-content-align-x-center xl-content-align-y-center xl-content-align-x-center lg-content-align-y-center lg-content-align-x-center md-content-align-y-center md-content-align-x-center sm-content-align-y-center sm-content-align-x-center gb-responsive-853195-identifier desktop-align-full xl-align-full lg-align-full md-align-full sm-align-full theme-block-cover\">\n\t\t<div class=\"bg-cover theme-lazy-load-bg\"><\/div>\n\t\t<div class=\"wrap-content-main-header\">\n\t\t\t\n\t\t<div  class=\"theme-wp-block theme-block-text-and-text gb-responsive-170032-identifier desktop-vertical-center xl-vertical-center lg-vertical-center md-vertical-center sm-vertical-center md-blockDirection-column sm-blockDirection-column desktop-blockDirection-column xl-blockDirection-column lg-blockDirection-column alignfull\">\n\t\t<div class=\"tat-column-wrap-wrapper\">\n\t\t\t<div class=\"tat-column-wrapper\">\n\t\t\t\t\n\t<div  class=\"theme-wp-block theme-block-text-and-text-column gb-responsive-644092-identifier md-horizontal-center desktop-horizontal-right sm-horizontal-center xl-horizontal-center lg-horizontal-center\">\n\t\t<div class=\"inner-wrap-column-content\">\n\t\t\t<div class=\"inner-column-content\">\n\t\t\t\t\n\t\t<h1  class=\"theme-wp-block theme-block-heading is-style-default sm-text-center md-text-center desktop-text-center xl-text-center lg-text-center gb-responsive-113637-identifier alignfull h1 has-text-align\">\n\t\tEdle Wohnaccesoires zum richtigen Preis\t<\/h1>\n\n\n\n\t\t<h2  class=\"theme-wp-block theme-block-heading is-style-default sm-text-center md-text-center desktop-text-center xl-text-center lg-text-center gb-responsive-178015-identifier alignfull h1 has-text-align\">\n\t\tWie ReWu.eu mit SELLERLOGIC die Buy Box gewinnt\t<\/h2>\n\n\n\t\t\t<\/div>\n\t\t<\/div>\n\t<\/div>\n\n\n\t<div  class=\"theme-wp-block theme-block-text-and-text-column gb-responsive-840598-identifier desktop-horizontal-center xl-horizontal-center lg-horizontal-center md-horizontal-center sm-horizontal-center\">\n\t\t<div class=\"inner-wrap-column-content\">\n\t\t\t<div class=\"inner-column-content\">\n\t\t\t\t\t\t\t<\/div>\n\t\t<\/div>\n\t<\/div>\n\n\t\t\t<\/div>\n\t\t<\/div>\n\t<\/div>\n\n\n\t\t<\/div>\n\t<\/div>\n\n\n\n\n<div style=\"height:50px\" aria-hidden=\"true\" class=\"theme-wp-block wp-block-spacer\"><\/div>\n\n\n\n<div class=\"theme-wp-block wp-block-columns gb-responsive-49465-identifier is-layout-flex wp-container-core-columns-is-layout-9d6595d7 wp-block-columns-is-layout-flex\">\n<div class=\"theme-wp-block wp-block-column gb-responsive-941721-identifier is-layout-flow wp-block-column-is-layout-flow\" style=\"flex-basis:25%\">\n<figure class=\"theme-wp-block wp-block-image size-large is-resized gb-responsive-62921-identifier\"><img decoding=\"async\" src=\"https:\/\/d2bw95mh2ee04s.cloudfront.net\/prod\/content\/wp-content\/uploads\/2020\/12\/23142722\/logo_rewu.png\" alt=\"Success Story: ReWu.eu\" class=\"wp-image-4882\" width=\"300\" height=\"143\" srcset=\"https:\/\/d2bw95mh2ee04s.cloudfront.net\/prod\/content\/wp-content\/uploads\/2020\/12\/23142722\/logo_rewu-407x194.png 407w, https:\/\/d2bw95mh2ee04s.cloudfront.net\/prod\/content\/wp-content\/uploads\/2020\/12\/23142722\/logo_rewu.png 479w\" sizes=\"(max-width: 300px) 100vw, 300px\" \/><\/figure>\n\n\n\n<p class=\"theme-wp-block gb-responsive-312552-identifier\"><strong>Gr\u00fcndung:<\/strong><br>November 2017<\/p>\n\n\n\n<p class=\"theme-wp-block gb-responsive-353708-identifier\"><strong>Branche:<\/strong><br>Haushalt, M\u00f6bel, Spielwaren<\/p>\n\n\n\n<p class=\"theme-wp-block gb-responsive-741269-identifier\"><strong>Artikel bei Amazon:<\/strong><br>ca. 900<\/p>\n\n\n\n<p class=\"theme-wp-block gb-responsive-218030-identifier\"><strong>Sendungen:&nbsp;<\/strong><br>ca. 7.200 pro Monat<\/p>\n<\/div>\n\n\n\n<div class=\"theme-wp-block wp-block-column gb-responsive-328832-identifier is-layout-flow wp-block-column-is-layout-flow\" style=\"flex-basis:50%\">\n<h3 class=\"theme-wp-block gb-responsive-34353-identifier wp-block-heading\" id=\"block-c06fce04-ef87-4ffc-a3d6-b768ba377d17\">Hintergrund:<\/h3>\n\n\n\n<p class=\"theme-wp-block gb-responsive-604337-identifier\">Florian Wucherpfennig suchte neben seinem Vollzeitjob im famili\u00e4ren Elektrobetrieb nach neuen Erfolgserlebnissen. Auf das Anraten eines Freundes fing er an, sich mit dem Thema Business auf Amazon auseinander zu setzen.<\/p>\n\n\n\n<p class=\"theme-wp-block gb-responsive-983965-identifier\">F\u00fcr den stetigen Erfolg auf Amazon m\u00fcssen Online-H\u00e4ndler einige H\u00fcrden \u00fcberbr\u00fccken und Ma\u00dfnahmen treffen. Der Kundenservice und die Preisoptimierung bilden dabei die Grundlage f\u00fcr den Erfolg auf dem Marktplatz und lassen den H\u00e4ndler sich von der Masse an Konkurrenz abheben. Nach dem Start des Amazon-Shops ReWu.eu erkannte Florian Wucherpfennig sofort, dass er sein Business auf dem Marktplatz nur dann erfolgreich f\u00fchren kann, wenn die Qualit\u00e4t, der Kundenservice und der Preis stimmen.&nbsp;<\/p>\n\n\n\n<h3 class=\"theme-wp-block gb-responsive-182281-identifier wp-block-heading\">Herausforderung:<\/h3>\n\n\n\n<p class=\"theme-wp-block gb-responsive-265169-identifier\">Auf Amazon tobt das Leben: Fast jeder zweite ausgegebene Euro im Netz landet beim E-Commerce-Riesen. Im preisaggressiven Onlinegesch\u00e4ft muss sich der Amazon-Shop ReWu.eu unter den 100.000 Onlineh\u00e4ndlern in Deutschland behaupten. Da Florian Wucherpfennig bei Amazon ausschlie\u00dflich Handelsware verkauft, hat der Gesch\u00e4ftsf\u00fchrer mit der wachsenden Konkurrenz zu k\u00e4mpfen. Die Auswirkungen einer zu gro\u00dfen Konkurrenz liegen darin, dass es zu einem Preisverfall kommen kann und die Waren nur noch durchgereicht werden.&nbsp;<\/p>\n\n\n\n<p class=\"theme-wp-block gb-responsive-409951-identifier\">\u201eWir legen keinen Wert darauf, Ramschprodukte zum niedrigsten Preis an den Kunden zu bringen. Unser Anspruch ist es, qualitative und edle Produkte anzubieten, sowie den Kundenservice auf dem h\u00f6chsten Level zu halten und als erste Priorit\u00e4t zu sehen. Nur so k\u00f6nnen wir konkurrenzf\u00e4hig bleiben. Nichtsdestotrotz ist der Preiskampf auch im qualitativen Segment da. Es war uns daher wichtig, einen Partner f\u00fcr die Preisoptimierung zu finden, der nicht auf den niedrigsten Preis setzt, um in die Buy Box zu gelangen, sondern klug vorgeht und die Preise der Marktsituation anpasst\u201c, so Wucherpfennig.<\/p>\n\n\n\n<h3 class=\"theme-wp-block gb-responsive-115756-identifier wp-block-heading\">L\u00f6sung:<\/h3>\n\n\n\n<p class=\"theme-wp-block gb-responsive-997129-identifier\">Mit der Unternehmensgr\u00fcndung setzte Florian Wucherpfennig direkt auf den SELLERLOGIC Repricer f\u00fcr Amazon, der die Angebote des Onlineh\u00e4ndlers f\u00fcr K\u00e4ufer attraktiv und gut sichtbar in der Amazon Buy Box positioniert. Der Repricer geht dabei so vor, dass die Produkte erst in der Buy Box platziert werden und dann der Preis so optimiert wird, dass die Produkte zum m\u00f6glichen Maximalpreis verkauft werden.<\/p>\n\n\n\n<p class=\"theme-wp-block gb-responsive-663659-identifier\">\u201eDerzeit sind wir auf Handelsware ausgelegt. Daher ist das Produkt von SELLERLOGIC unabdingbar f\u00fcr uns. Er passt nicht nur die Preise an die Marktsituation an, sondern hilft, uns relativ schnell einen \u00dcberblick zu verschaffen, in welchen Segmenten wir noch nachzuarbeiten haben oder was wir genauer beobachten m\u00fcssen\u201c, best\u00e4tigt der Gesch\u00e4ftsf\u00fchrer von ReWu.eu seine Wahl.<\/p>\n\n\n<div class=\"theme-block-group-wrap\">\n<div class=\"theme-wp-block wp-block-group gb-responsive-88118-identifier\"><div class=\"wp-block-group__inner-container\"><div class=\"wp-block-group__inner-container is-layout-flow wp-block-group-is-layout-flow\">\t\t<div  class=\"theme-wp-block theme-block-user-card gb-responsive-799176-identifier is-style-full-width-line\">\n\t\t<div class=\"wrap-inner-content\">\n\t\t\t<div class=\"card-user-head\">\n\t\t\t\t<div class=\"card-user-avatar\">\n\t\t\t\t\t<div class=\"cover-avatar\" style=\"background-image: url(https:\/\/d2bw95mh2ee04s.cloudfront.net\/prod\/content\/wp-content\/uploads\/2020\/12\/23142721\/florian_wucherpfennig_raute.png);\"><\/div>\n\t\t\t\t<\/div>\n\t\t\t\t<div class=\"wrap-title\">\n\t\t\t\t\t<div class=\"card-user-name\">\n\t\t\t\t\t\t<div class=\"title\">\n\t\t\t\t\t\t\t<h3 class=\"heading-text\"><strong>Florian Wucherpfennig<\/strong><\/h3>\n\t\t\t\t\t\t<\/div>\n\t\t\t\t\t\t<div class=\"card-user-position\">\n\t\t\t\t\t\t\t<div class=\"card-text\"><strong>Gesch\u00e4ftsf\u00fchrer Rewu.eu<\/strong><\/div>\n\t\t\t\t\t\t<\/div>\n\t\t\t\t\t<\/div>\n\t\t\t\t\t<div class=\"card-user-quote-icon\">\n\t\t\t\t\t<\/div>\n\t\t\t\t<\/div>\n\t\t\t<\/div>\n\t\t\t<div class=\"card-user-text\">\n\t\t\t\t<div class=\"card-text\"><p>\u201eEs war uns wichtig, f\u00fcr die Preisoptimierung einen Partner zu finden, der nicht auf den niedrigsten Preis setzt, sondern klug vorgeht und die Preise der Marktsituation anpasst. Mit SELLERLOGIC haben wir eindeutig den richtigen Partner gefunden.\u201c<\/p><\/div>\n\t\t\t<\/div>\n\t\t<\/div>\n\t<\/div>\n\n<\/div><\/div>\n<\/div><\/div>\n\n\n<h3 class=\"theme-wp-block gb-responsive-595368-identifier wp-block-heading\">Ergebnis:<\/h3>\n\n\n\n<p class=\"theme-wp-block gb-responsive-997470-identifier\">Mit der Unternehmensgr\u00fcndung setzte Florian Wucherpfennig direkt auf den SELLERLOGIC Repricer f\u00fcr Amazon, der die Angebote des Onlineh\u00e4ndlers f\u00fcr K\u00e4ufer attraktiv und gut sichtbar in der Amazon Buy Box positioniert. Der Repricer geht dabei so vor, dass die Produkte erst in der Buy Box platziert werden und dann der Preis so optimiert wird, dass die Produkte zum m\u00f6glichen Maximalpreis verkauft werden.<\/p>\n\n\n\n<p class=\"theme-wp-block gb-responsive-708970-identifier\">\u201eDerzeit sind wir auf Handelsware ausgelegt. Daher ist das Produkt von SELLERLOGIC unabdingbar f\u00fcr uns. Er passt nicht nur die Preise an die Marktsituation an, sondern hilft, uns relativ schnell einen \u00dcberblick zu verschaffen, in welchen Segmenten wir noch nachzuarbeiten haben oder was wir genauer beobachten m\u00fcssen\u201c, best\u00e4tigt der Gesch\u00e4ftsf\u00fchrer von ReWu.eu seine Wahl.<\/p>\n\n\n\n<div class=\"theme-wp-block wp-block-buttons gb-responsive-497426-identifier is-layout-flex wp-block-buttons-is-layout-flex\">\n<div class=\"theme-wp-block wp-block-button gb-responsive-38220-identifier is-style-theme-transparent-with-arrow\"><a class=\"wp-block-button__link\" href=\"https:\/\/d2bw95mh2ee04s.cloudfront.net\/prod\/content\/files\/SUCCESS-STORIES\/DE\/SELLERLOGIC_Success-Story_ReWu_web.pdf\" target=\"_blank\" rel=\"noreferrer noopener nofollow\">Jetzt herunterladen!<\/a><\/div>\n<\/div>\n<\/div>\n\n\n\n<div class=\"theme-wp-block wp-block-column gb-responsive-485172-identifier is-layout-flow wp-block-column-is-layout-flow\" style=\"flex-basis:25%\"><\/div>\n<\/div>\n\n\n\n<p class=\"theme-wp-block gb-responsive-527070-identifier\"><\/p>\n","protected":false},"excerpt":{"rendered":"<p>Gr\u00fcndung:November 2017 Branche:Haushalt, M\u00f6bel, Spielwaren Artikel bei Amazon:ca. 900 Sendungen:&nbsp;ca. 7.200 pro Monat Hintergrund: Florian Wucherpfennig suchte neben seinem Vollzeitjob im famili\u00e4ren Elektrobetrieb nach neuen Erfolgserlebnissen. Auf das Anraten eines Freundes fing er an, sich mit dem Thema Business auf Amazon auseinander zu setzen. F\u00fcr den stetigen Erfolg auf Amazon m\u00fcssen Online-H\u00e4ndler einige H\u00fcrden \u00fcberbr\u00fccken<\/p>\n","protected":false},"author":8,"featured_media":4795,"parent":470,"menu_order":0,"comment_status":"closed","ping_status":"closed","template":"","meta":{"sidebar_recommended_resources":{"data":[]},"sidebar_header_settings":{"hide_buttons":{"register":false}},"_use_new_theme":false,"inline_featured_image":false,"footnotes":""},"class_list":["post-4794","page","type-page","status-publish","has-post-thumbnail","hentry"],"yoast_head":"<!-- This site is optimized with the Yoast SEO plugin v26.8 - https:\/\/yoast.com\/product\/yoast-seo-wordpress\/ -->\n<title>Wie Rewu mit SELLERLOGIC die Amazon Buy Box gewinnt<\/title>\n<meta name=\"description\" content=\"So gewinnt ReWu mit Kundenservice und Preisoptimierung die Amazon Buy Box. Jetzt lesen.\" \/>\n<meta name=\"robots\" content=\"index, follow, max-snippet:-1, max-image-preview:large, max-video-preview:-1\" \/>\n<link rel=\"canonical\" href=\"https:\/\/www.sellerlogic.com\/de\/ressourcen\/success-story-rewu-eu\/\" \/>\n<meta property=\"og:locale\" content=\"de_DE\" \/>\n<meta property=\"og:type\" content=\"article\" \/>\n<meta property=\"og:title\" content=\"Wie Rewu mit SELLERLOGIC die Amazon Buy Box gewinnt\" \/>\n<meta property=\"og:description\" content=\"So gewinnt ReWu mit Kundenservice und Preisoptimierung die Amazon Buy Box. Jetzt lesen.\" \/>\n<meta property=\"og:url\" content=\"https:\/\/www.sellerlogic.com\/de\/ressourcen\/success-story-rewu-eu\/\" \/>\n<meta property=\"og:site_name\" content=\"SELLERLOGIC - Smarte Tools f\u00fcr Amazon-Seller\" \/>\n<meta property=\"article:publisher\" content=\"https:\/\/www.facebook.com\/SellerLogic\/\" \/>\n<meta property=\"article:modified_time\" content=\"2021-01-14T15:02:14+00:00\" \/>\n<meta property=\"og:image\" content=\"http:\/\/d2bw95mh2ee04s.cloudfront.net\/prod\/content\/wp-content\/uploads\/2020\/12\/23142724\/header-success-story-rewu.jpg\" \/>\n\t<meta property=\"og:image:width\" content=\"2500\" \/>\n\t<meta property=\"og:image:height\" content=\"1667\" \/>\n\t<meta property=\"og:image:type\" content=\"image\/jpeg\" \/>\n<meta name=\"twitter:card\" content=\"summary_large_image\" \/>\n<meta name=\"twitter:site\" content=\"@sellerlogic\" \/>\n<meta name=\"twitter:label1\" content=\"Est. reading time\" \/>\n\t<meta name=\"twitter:data1\" content=\"3\u00a0Minuten\" \/>\n<script type=\"application\/ld+json\" class=\"yoast-schema-graph\">{\"@context\":\"https:\/\/schema.org\",\"@graph\":[{\"@type\":\"WebPage\",\"@id\":\"https:\/\/www.sellerlogic.com\/de\/ressourcen\/success-story-rewu-eu\/\",\"url\":\"https:\/\/www.sellerlogic.com\/de\/ressourcen\/success-story-rewu-eu\/\",\"name\":\"Wie Rewu mit SELLERLOGIC die Amazon Buy Box gewinnt\",\"isPartOf\":{\"@id\":\"https:\/\/www.sellerlogic.com\/de\/#website\"},\"primaryImageOfPage\":{\"@id\":\"https:\/\/www.sellerlogic.com\/de\/ressourcen\/success-story-rewu-eu\/#primaryimage\"},\"image\":{\"@id\":\"https:\/\/www.sellerlogic.com\/de\/ressourcen\/success-story-rewu-eu\/#primaryimage\"},\"thumbnailUrl\":\"https:\/\/d2bw95mh2ee04s.cloudfront.net\/prod\/content\/wp-content\/uploads\/2020\/12\/23142724\/header-success-story-rewu.jpg\",\"datePublished\":\"2020-12-11T08:56:47+00:00\",\"dateModified\":\"2021-01-14T15:02:14+00:00\",\"description\":\"So gewinnt ReWu mit Kundenservice und Preisoptimierung die Amazon Buy Box. Jetzt lesen.\",\"breadcrumb\":{\"@id\":\"https:\/\/www.sellerlogic.com\/de\/ressourcen\/success-story-rewu-eu\/#breadcrumb\"},\"inLanguage\":\"de\",\"potentialAction\":[{\"@type\":\"ReadAction\",\"target\":[\"https:\/\/www.sellerlogic.com\/de\/ressourcen\/success-story-rewu-eu\/\"]}]},{\"@type\":\"ImageObject\",\"inLanguage\":\"de\",\"@id\":\"https:\/\/www.sellerlogic.com\/de\/ressourcen\/success-story-rewu-eu\/#primaryimage\",\"url\":\"https:\/\/d2bw95mh2ee04s.cloudfront.net\/prod\/content\/wp-content\/uploads\/2020\/12\/23142724\/header-success-story-rewu.jpg\",\"contentUrl\":\"https:\/\/d2bw95mh2ee04s.cloudfront.net\/prod\/content\/wp-content\/uploads\/2020\/12\/23142724\/header-success-story-rewu.jpg\",\"width\":2500,\"height\":1667,\"caption\":\"SELLERLOGIC: Zufriedene Kunden dank Repricer auf Amazon.\"},{\"@type\":\"BreadcrumbList\",\"@id\":\"https:\/\/www.sellerlogic.com\/de\/ressourcen\/success-story-rewu-eu\/#breadcrumb\",\"itemListElement\":[{\"@type\":\"ListItem\",\"position\":1,\"name\":\"Home\",\"item\":\"https:\/\/www.sellerlogic.com\/de\/\"},{\"@type\":\"ListItem\",\"position\":2,\"name\":\"Ressourcen\",\"item\":\"https:\/\/127.0.0.1\/de\/ressourcen\/\"},{\"@type\":\"ListItem\",\"position\":3,\"name\":\"Success Story: ReWu.eu\"}]},{\"@type\":\"WebSite\",\"@id\":\"https:\/\/www.sellerlogic.com\/de\/#website\",\"url\":\"https:\/\/www.sellerlogic.com\/de\/\",\"name\":\"SELLERLOGIC - Smarte Tools f\u00fcr Amazon-Seller\",\"description\":\"Intelligente Prozessoptimierung und Gewinnmaximierung\",\"publisher\":{\"@id\":\"https:\/\/www.sellerlogic.com\/de\/#organization\"},\"potentialAction\":[{\"@type\":\"SearchAction\",\"target\":{\"@type\":\"EntryPoint\",\"urlTemplate\":\"https:\/\/www.sellerlogic.com\/de\/?s={search_term_string}\"},\"query-input\":{\"@type\":\"PropertyValueSpecification\",\"valueRequired\":true,\"valueName\":\"search_term_string\"}}],\"inLanguage\":\"de\"},{\"@type\":\"Organization\",\"@id\":\"https:\/\/www.sellerlogic.com\/de\/#organization\",\"name\":\"SELLERLOGIC\",\"url\":\"https:\/\/www.sellerlogic.com\/de\/\",\"logo\":{\"@type\":\"ImageObject\",\"inLanguage\":\"de\",\"@id\":\"https:\/\/www.sellerlogic.com\/de\/#\/schema\/logo\/image\/\",\"url\":\"https:\/\/d2bw95mh2ee04s.cloudfront.net\/prod\/content\/wp-content\/uploads\/2025\/01\/02134814\/Property-Logo-Main.svg\",\"contentUrl\":\"https:\/\/d2bw95mh2ee04s.cloudfront.net\/prod\/content\/wp-content\/uploads\/2025\/01\/02134814\/Property-Logo-Main.svg\",\"width\":184,\"height\":40,\"caption\":\"SELLERLOGIC\"},\"image\":{\"@id\":\"https:\/\/www.sellerlogic.com\/de\/#\/schema\/logo\/image\/\"},\"sameAs\":[\"https:\/\/www.facebook.com\/SellerLogic\/\",\"https:\/\/x.com\/sellerlogic\",\"https:\/\/www.instagram.com\/sellerlogic\/\",\"https:\/\/www.linkedin.com\/company\/18402037\/\",\"https:\/\/www.youtube.com\/channel\/UC-gULUur-fNj08sprantKsQ\"]}]}<\/script>\n<!-- \/ Yoast SEO plugin. -->","yoast_head_json":{"title":"Wie Rewu mit SELLERLOGIC die Amazon Buy Box gewinnt","description":"So gewinnt ReWu mit Kundenservice und Preisoptimierung die Amazon Buy Box. Jetzt lesen.","robots":{"index":"index","follow":"follow","max-snippet":"max-snippet:-1","max-image-preview":"max-image-preview:large","max-video-preview":"max-video-preview:-1"},"canonical":"https:\/\/www.sellerlogic.com\/de\/ressourcen\/success-story-rewu-eu\/","og_locale":"de_DE","og_type":"article","og_title":"Wie Rewu mit SELLERLOGIC die Amazon Buy Box gewinnt","og_description":"So gewinnt ReWu mit Kundenservice und Preisoptimierung die Amazon Buy Box. Jetzt lesen.","og_url":"https:\/\/www.sellerlogic.com\/de\/ressourcen\/success-story-rewu-eu\/","og_site_name":"SELLERLOGIC - Smarte Tools f\u00fcr Amazon-Seller","article_publisher":"https:\/\/www.facebook.com\/SellerLogic\/","article_modified_time":"2021-01-14T15:02:14+00:00","og_image":[{"width":2500,"height":1667,"url":"http:\/\/d2bw95mh2ee04s.cloudfront.net\/prod\/content\/wp-content\/uploads\/2020\/12\/23142724\/header-success-story-rewu.jpg","type":"image\/jpeg"}],"twitter_card":"summary_large_image","twitter_site":"@sellerlogic","twitter_misc":{"Est. reading time":"3\u00a0Minuten"},"schema":{"@context":"https:\/\/schema.org","@graph":[{"@type":"WebPage","@id":"https:\/\/www.sellerlogic.com\/de\/ressourcen\/success-story-rewu-eu\/","url":"https:\/\/www.sellerlogic.com\/de\/ressourcen\/success-story-rewu-eu\/","name":"Wie Rewu mit SELLERLOGIC die Amazon Buy Box gewinnt","isPartOf":{"@id":"https:\/\/www.sellerlogic.com\/de\/#website"},"primaryImageOfPage":{"@id":"https:\/\/www.sellerlogic.com\/de\/ressourcen\/success-story-rewu-eu\/#primaryimage"},"image":{"@id":"https:\/\/www.sellerlogic.com\/de\/ressourcen\/success-story-rewu-eu\/#primaryimage"},"thumbnailUrl":"https:\/\/d2bw95mh2ee04s.cloudfront.net\/prod\/content\/wp-content\/uploads\/2020\/12\/23142724\/header-success-story-rewu.jpg","datePublished":"2020-12-11T08:56:47+00:00","dateModified":"2021-01-14T15:02:14+00:00","description":"So gewinnt ReWu mit Kundenservice und Preisoptimierung die Amazon Buy Box. Jetzt lesen.","breadcrumb":{"@id":"https:\/\/www.sellerlogic.com\/de\/ressourcen\/success-story-rewu-eu\/#breadcrumb"},"inLanguage":"de","potentialAction":[{"@type":"ReadAction","target":["https:\/\/www.sellerlogic.com\/de\/ressourcen\/success-story-rewu-eu\/"]}]},{"@type":"ImageObject","inLanguage":"de","@id":"https:\/\/www.sellerlogic.com\/de\/ressourcen\/success-story-rewu-eu\/#primaryimage","url":"https:\/\/d2bw95mh2ee04s.cloudfront.net\/prod\/content\/wp-content\/uploads\/2020\/12\/23142724\/header-success-story-rewu.jpg","contentUrl":"https:\/\/d2bw95mh2ee04s.cloudfront.net\/prod\/content\/wp-content\/uploads\/2020\/12\/23142724\/header-success-story-rewu.jpg","width":2500,"height":1667,"caption":"SELLERLOGIC: Zufriedene Kunden dank Repricer auf Amazon."},{"@type":"BreadcrumbList","@id":"https:\/\/www.sellerlogic.com\/de\/ressourcen\/success-story-rewu-eu\/#breadcrumb","itemListElement":[{"@type":"ListItem","position":1,"name":"Home","item":"https:\/\/www.sellerlogic.com\/de\/"},{"@type":"ListItem","position":2,"name":"Ressourcen","item":"https:\/\/127.0.0.1\/de\/ressourcen\/"},{"@type":"ListItem","position":3,"name":"Success Story: ReWu.eu"}]},{"@type":"WebSite","@id":"https:\/\/www.sellerlogic.com\/de\/#website","url":"https:\/\/www.sellerlogic.com\/de\/","name":"SELLERLOGIC - Smarte Tools f\u00fcr Amazon-Seller","description":"Intelligente Prozessoptimierung und Gewinnmaximierung","publisher":{"@id":"https:\/\/www.sellerlogic.com\/de\/#organization"},"potentialAction":[{"@type":"SearchAction","target":{"@type":"EntryPoint","urlTemplate":"https:\/\/www.sellerlogic.com\/de\/?s={search_term_string}"},"query-input":{"@type":"PropertyValueSpecification","valueRequired":true,"valueName":"search_term_string"}}],"inLanguage":"de"},{"@type":"Organization","@id":"https:\/\/www.sellerlogic.com\/de\/#organization","name":"SELLERLOGIC","url":"https:\/\/www.sellerlogic.com\/de\/","logo":{"@type":"ImageObject","inLanguage":"de","@id":"https:\/\/www.sellerlogic.com\/de\/#\/schema\/logo\/image\/","url":"https:\/\/d2bw95mh2ee04s.cloudfront.net\/prod\/content\/wp-content\/uploads\/2025\/01\/02134814\/Property-Logo-Main.svg","contentUrl":"https:\/\/d2bw95mh2ee04s.cloudfront.net\/prod\/content\/wp-content\/uploads\/2025\/01\/02134814\/Property-Logo-Main.svg","width":184,"height":40,"caption":"SELLERLOGIC"},"image":{"@id":"https:\/\/www.sellerlogic.com\/de\/#\/schema\/logo\/image\/"},"sameAs":["https:\/\/www.facebook.com\/SellerLogic\/","https:\/\/x.com\/sellerlogic","https:\/\/www.instagram.com\/sellerlogic\/","https:\/\/www.linkedin.com\/company\/18402037\/","https:\/\/www.youtube.com\/channel\/UC-gULUur-fNj08sprantKsQ"]}]}},"_links":{"self":[{"href":"https:\/\/www.sellerlogic.com\/de\/wp-json\/wp\/v2\/pages\/4794","targetHints":{"allow":["GET"]}}],"collection":[{"href":"https:\/\/www.sellerlogic.com\/de\/wp-json\/wp\/v2\/pages"}],"about":[{"href":"https:\/\/www.sellerlogic.com\/de\/wp-json\/wp\/v2\/types\/page"}],"author":[{"embeddable":true,"href":"https:\/\/www.sellerlogic.com\/de\/wp-json\/wp\/v2\/users\/8"}],"replies":[{"embeddable":true,"href":"https:\/\/www.sellerlogic.com\/de\/wp-json\/wp\/v2\/comments?post=4794"}],"version-history":[{"count":0,"href":"https:\/\/www.sellerlogic.com\/de\/wp-json\/wp\/v2\/pages\/4794\/revisions"}],"up":[{"embeddable":true,"href":"https:\/\/www.sellerlogic.com\/de\/wp-json\/wp\/v2\/pages\/470"}],"wp:featuredmedia":[{"embeddable":true,"href":"https:\/\/www.sellerlogic.com\/de\/wp-json\/wp\/v2\/media\/4795"}],"wp:attachment":[{"href":"https:\/\/www.sellerlogic.com\/de\/wp-json\/wp\/v2\/media?parent=4794"}],"curies":[{"name":"wp","href":"https:\/\/api.w.org\/{rel}","templated":true}]}}