
{"id":4800,"date":"2020-12-10T14:29:03","date_gmt":"2020-12-10T14:29:03","guid":{"rendered":"https:\/\/www.sellerlogic.com\/?page_id=4800"},"modified":"2023-02-09T18:42:30","modified_gmt":"2023-02-09T18:42:30","slug":"download-workbook-buy-box-kriterien","status":"publish","type":"page","link":"https:\/\/www.sellerlogic.com\/de\/ressourcen\/download-workbook-buy-box-kriterien\/","title":{"rendered":"Workbook: In 13 Schritten in die Buy Box"},"content":{"rendered":"\n\t<div  class=\"theme-wp-block theme-block-main-header is-style-default desktop-content-align-y-center desktop-content-align-x-center xl-content-align-y-center xl-content-align-x-center lg-content-align-y-center lg-content-align-x-center md-content-align-y-center md-content-align-x-center sm-content-align-y-center sm-content-align-x-center desktop-align-full xl-align-full lg-align-full md-align-full sm-align-full gb-responsive-940881-identifier theme-block-cover\">\n\t\t<div class=\"bg-cover theme-lazy-load-bg\"><\/div>\n\t\t<div class=\"wrap-content-main-header\">\n\t\t\t\n\t\t<div  class=\"theme-wp-block theme-block-text-and-text desktop-blockDirection-row xl-blockDirection-row lg-blockDirection-row md-blockDirection-row sm-blockDirection-row gb-responsive-755562-identifier desktop-align-wide xl-align-wide lg-align-wide md-align-wide sm-align-wide\">\n\t\t<div class=\"tat-column-wrap-wrapper\">\n\t\t\t<div class=\"tat-column-wrapper\">\n\t\t\t\t\n\t<div  class=\"theme-wp-block theme-block-text-and-text-column desktop-horizontal-center xl-horizontal-center lg-horizontal-center md-horizontal-center sm-horizontal-center gb-responsive-333355-identifier\">\n\t\t<div class=\"inner-wrap-column-content\">\n\t\t\t<div class=\"inner-column-content\">\n\t\t\t\t\n\t\t<h1  class=\"theme-wp-block theme-block-heading desktop-text-center xl-text-center lg-text-center md-text-center sm-text-center is-style-default gb-responsive-567800-identifier desktop-align-center xl-align-center lg-align-center md-align-center sm-align-center aligncenter h1 has-text-align\">\n\t\tIn 13 Schritten in die Buy Box \t<\/h1>\n\n\n\n\t\t<h2  class=\"theme-wp-block theme-block-heading desktop-text-center xl-text-center lg-text-center md-text-center sm-text-center is-style-default gb-responsive-545956-identifier desktop-align-center xl-align-center lg-align-center md-align-center sm-align-center aligncenter h2 has-text-align\">\n\t\tSo optimieren Sie Ihre Metriken!\t<\/h2>\n\n\n\t\t\t<\/div>\n\t\t<\/div>\n\t<\/div>\n\n\n\t<div  class=\"theme-wp-block theme-block-text-and-text-column gb-responsive-19187-identifier\">\n\t\t<div class=\"inner-wrap-column-content\">\n\t\t\t<div class=\"inner-column-content\">\n\t\t\t\t\t\t\t<\/div>\n\t\t<\/div>\n\t<\/div>\n\n\t\t\t<\/div>\n\t\t<\/div>\n\t<\/div>\n\n\n\t\t<\/div>\n\t<\/div>\n\n\n\n\n<div style=\"height:50px\" aria-hidden=\"true\" class=\"theme-wp-block wp-block-spacer\"><\/div>\n\n\n\n<div class=\"theme-wp-block wp-block-columns gb-responsive-150687-identifier is-layout-flex wp-container-core-columns-is-layout-9d6595d7 wp-block-columns-is-layout-flex\">\n<div class=\"theme-wp-block wp-block-column gb-responsive-533888-identifier desktop-gb-has-no-icon xl-gb-has-no-icon lg-gb-has-no-icon md-gb-has-no-icon sm-gb-has-no-icon is-layout-flow wp-block-column-is-layout-flow\">\n<h2 class=\"theme-wp-block gb-responsive-348831-identifier wp-block-heading\">13 Schritte \u2013 eine Buy Box! <\/h2>\n\n\n<div class=\"wp-block-image gb-responsive-796372-identifier\">\n<figure class=\"theme-wp-block alignright size-large is-resized\"><img decoding=\"async\" src=\"https:\/\/d2bw95mh2ee04s.cloudfront.net\/prod\/content\/wp-content\/uploads\/2020\/12\/23142724\/workbook-13-steps-bb-transparent.png\" alt=\"In 13 Schritten in die Buy Box: So optimieren Sie Ihre Metriken.\" class=\"wp-image-4805\" width=\"385\" height=\"420\" srcset=\"https:\/\/d2bw95mh2ee04s.cloudfront.net\/prod\/content\/wp-content\/uploads\/2020\/12\/23142724\/workbook-13-steps-bb-transparent-407x443.png 407w, https:\/\/d2bw95mh2ee04s.cloudfront.net\/prod\/content\/wp-content\/uploads\/2020\/12\/23142724\/workbook-13-steps-bb-transparent.png 738w\" sizes=\"(max-width: 385px) 100vw, 385px\" \/><\/figure><\/div>\n\n\n<p class=\"theme-wp-block is-style-default gb-responsive-367803-identifier\">Kennen Sie alle wichtigen Kriterien f\u00fcr den Gewinn der Buy Box? Es spielen nicht nur die Versanddauer und der Preis eine wichtige Rolle, auch andere Metriken wie den Kundenservice sollten Sie stets im Blick behalten!&nbsp;<\/p>\n\n\n\n<p class=\"theme-wp-block is-style-default gb-responsive-832605-identifier\">Denn nur, wenn Sie mit Ihren Produkten in der Buy Box pr\u00e4sent sind, haben Sie die Chance, ausreichend Verk\u00e4ufe zu erzielen. Schlie\u00dflich t\u00e4tigen 90 von 100 Kunden ihre Bestellung \u00fcber das Einkaufswagenfeld.<\/p>\n\n\n\n<p class=\"theme-wp-block is-style-default gb-responsive-299470-identifier\"><strong>Laden Sie jetzt unser kostenloses Workbook herunter und erfahren Sie, welche Kriterien Sie erf\u00fcllen m\u00fcssen und wie Sie Ihre Metriken erfolgreich kontrollieren \u2013 von der Mindestanforderung \u00fcber den Idealwert bis hin zur korrekten Berechnung!&nbsp;<\/strong><\/p>\n\n\n\n<div class=\"theme-wp-block wp-block-columns desktop-gb-has-no-icon xl-gb-has-no-icon lg-gb-has-no-icon md-gb-has-no-icon sm-gb-has-no-icon gb-responsive-450543-identifier is-layout-flex wp-container-core-columns-is-layout-9d6595d7 wp-block-columns-is-layout-flex\">\n<div class=\"theme-wp-block wp-block-column desktop-gb-has-no-icon xl-gb-has-no-icon lg-gb-has-no-icon md-gb-has-no-icon sm-gb-has-no-icon gb-responsive-84714-identifier is-layout-flow wp-block-column-is-layout-flow\" style=\"flex-basis:100%\">\n<p class=\"theme-wp-block desktop-gb-has-no-icon xl-gb-has-no-icon lg-gb-has-no-icon md-gb-has-no-icon sm-gb-has-no-icon gb-responsive-41815-identifier\"><em>Damit Sie Ihr Workbook herunterladen k\u00f6nnen, ist es notwendig, zuvor alle Cookies zu erlauben. Um Ihre Einstellungen zu bearbeiten, klicken Sie dazu bitte auf den folgenden Button.<\/em><\/p>\n\n\n<p class=\"theme-wp-block\"><span class=\"borlabs-cookie-open-dialog-preferences brlbs-cmpnt-container\" data-borlabs-cookie-title=\"Einwilligung-Pr\u00e4ferenzen \u00f6ffnen\" data-borlabs-cookie-type=\"button\" ><\/span><\/p>\n\n\n\n<div class=\"theme-wp-block wp-block-columns gb-responsive-295103-identifier is-layout-flex wp-container-core-columns-is-layout-9d6595d7 wp-block-columns-is-layout-flex\">\n<div class=\"theme-wp-block wp-block-column gb-responsive-736519-identifier is-layout-flow wp-block-column-is-layout-flow\">\n<div id=\"wb-form\" class=\"theme-wp-block wb-form\"><p>\n\t\tBitte geben Sie die folgenden Informationen ein, um das Workbook anzufordern. Es wird Ihnen dann im Anschluss zugestellt.<br>&nbsp;\n\t<\/p> <form id=\"leadform\" action=\"#\" method=\"post\"><input type=\"text\" name=\"last_name\" id=\"last_name\" placeholder=\"Ihr Name\" required=\"required\" style=\"padding: 10px; font-size: 18px; width: 100%; margin-bottom: 15px; color: rgb(88, 88, 88);\"> <input type=\"text\" name=\"first_name\" id=\"first_name\" placeholder=\"Ihr Vorname\" required=\"required\" data-com-onepassword-filled=\"light\" style=\"padding: 10px; font-size: 18px; width: 100%; margin-bottom: 15px; color: rgb(88, 88, 88);\"> <input type=\"email\" name=\"email\" id=\"email\" placeholder=\"Ihre E-Mail-Adresse\" required=\"required\" style=\"padding: 10px; font-size: 18px; width: 100%; margin-bottom: 15px; color: rgb(88, 88, 88);\"> <input type=\"number\" name=\"telephone\" id=\"telephone\" placeholder=\"Ihre Telefonnummer\" required=\"required\" style=\"padding: 10px; font-size: 18px; width: 100%; margin-bottom: 15px; color: rgb(88, 88, 88);\"> <input type=\"text\" name=\"company\" id=\"company\" placeholder=\"Firmenname\" required=\"required\" style=\"padding: 10px; font-size: 18px; width: 100%; margin-bottom: 15px; color: rgb(88, 88, 88);\"> <input type=\"text\" name=\"amazon_store\" id=\"amazon_store\" placeholder=\"URL Ihres Amazon Stores\" style=\"padding: 10px; font-size: 18px; width: 100%; margin-bottom: 15px; color: rgb(88, 88, 88);\"> <input type=\"submit\" value=\"Jetzt Gratis-Workbook anfordern\" id=\"submit\" style=\"padding: 10px; font-size: 18px; width: 100%; margin-bottom: 15px; color: rgb(255, 255, 255); background-color: rgb(255, 170, 1); cursor: pointer;\"> <p style=\"margin-bottom: 10px; font-size: 12px;\">Die Verarbeitung der Daten erfolgt nach unserer <a href=\"https:\/\/www.sellerlogic.com\/de\/datenschutz\/\" target=\"_blank\" draggable=\"false\" rel=\"noopener noreferrer\">Datenschutzerkl\u00e4rung<\/a>.<\/p><\/form><\/div>\n<\/div>\n<\/div>\n<\/div>\n<\/div>\n\n\n\n<div class=\"theme-wp-block wp-block-columns gb-responsive-134965-identifier is-layout-flex wp-container-core-columns-is-layout-9d6595d7 wp-block-columns-is-layout-flex\">\n<div class=\"theme-wp-block wp-block-column gb-responsive-405480-identifier is-layout-flow wp-block-column-is-layout-flow\"><\/div>\n<\/div>\n<\/div>\n\n\n\n<div class=\"theme-wp-block wp-block-column gb-responsive-894926-identifier desktop-gb-has-no-icon xl-gb-has-no-icon lg-gb-has-no-icon md-gb-has-no-icon sm-gb-has-no-icon is-layout-flow wp-block-column-is-layout-flow\" style=\"flex-basis:25%\"><\/div>\n<\/div>\n\n\n\n<div style=\"height:20px\" aria-hidden=\"true\" class=\"theme-wp-block wp-block-spacer\"><\/div>\n\n\n\n<h3 class=\"theme-wp-block has-text-align-center gb-responsive-132502-identifier wp-block-heading\">Weitere Downloads f\u00fcr Sie<\/h3>\n\n\n\n<div style=\"height:10px\" aria-hidden=\"true\" class=\"theme-wp-block wp-block-spacer\"><\/div>\n\n\n\t\t<div  class=\"theme-wp-block theme-block-card-posts gb-responsive-518090-identifier desktop-gb-has-no-icon xl-gb-has-no-icon lg-gb-has-no-icon md-gb-has-no-icon sm-gb-has-no-icon layout-horizontal-cards-content\">\n\t\t<div class=\"wrap-inner-blocks\">\n\t\t\t<div class=\"post-card \">\n\t<div class=\"inside-wrap-card\">\n\t\t<div class=\"cover-wrap\">\n\t\t\t\t\t\t\t<a class=\"background-thumbnail has-image\" href=\"https:\/\/www.sellerlogic.com\/de\/ressourcen\/success-story-univers-cake\/\">\n\t\t\t\t\t<img decoding=\"async\" width=\"405\" height=\"240\" src=\"https:\/\/d2bw95mh2ee04s.cloudfront.net\/prod\/content\/wp-content\/uploads\/2020\/12\/23142710\/success-story-univers-cake-header-thumbnail.jpeg\" class=\"attachment-thumbnail size-thumbnail wp-post-image\" alt=\"Success Story: Univers Cake\" \/>\t\t\t\t<\/a>\n\t\t\t\t\t<\/div>\n\n\t\t<div class=\"wrap-content\">\n\t\t\t<div class=\"title\">\n\t\t\t\t<a href=\"https:\/\/www.sellerlogic.com\/de\/ressourcen\/success-story-univers-cake\/\">Success Story: Univers Cake<\/a>\n\t\t\t<\/div>\n\t\t\t<div class=\"wrap-excerpt\">Eine besondere Success Story. Nicht nur konnte Univers Cake mit dem Wechsel zum SELLERLOGIC Repricer ihre Zufriedenheit und die Performance ihrer Produkte steigern, sie nutzen au\u00dferdem auch Lost &amp; Found \u2013 und bezahlen mit den Erstattungen den Repricer!<\/div>\n\t\t<\/div>\n\t<\/div>\n<\/div><div class=\"post-card \">\n\t<div class=\"inside-wrap-card\">\n\t\t<div class=\"cover-wrap\">\n\t\t\t\t\t\t\t<a class=\"background-thumbnail has-image\" href=\"https:\/\/www.sellerlogic.com\/de\/blog\/amazon-preisoptimierung-5-gruende-warum-ein-repricer-unverzichtbar-ist\/\">\n\t\t\t\t\t<img decoding=\"async\" width=\"405\" height=\"240\" src=\"https:\/\/d2bw95mh2ee04s.cloudfront.net\/prod\/content\/wp-content\/uploads\/2019\/11\/23142848\/fuenf-gru%CC%88nde-fuer-amazon-preisoptimierung-thumbnail.png\" class=\"attachment-thumbnail size-thumbnail wp-post-image\" alt=\"5 Gr\u00fcnde f\u00fcr die Preisoptimierung auf Amazon\" \/>\t\t\t\t<\/a>\n\t\t\t\t\t<\/div>\n\n\t\t<div class=\"wrap-content\">\n\t\t\t<div class=\"title\">\n\t\t\t\t<a href=\"https:\/\/www.sellerlogic.com\/de\/blog\/amazon-preisoptimierung-5-gruende-warum-ein-repricer-unverzichtbar-ist\/\"><a>5 Gr\u00fcnde, warum ein Repricer unverzichtbar ist<\/a><\/a>\n\t\t\t<\/div>\n\t\t\t<div class=\"wrap-excerpt\">Jeder, der bei Amazon verkauft, wei\u00df, was f\u00fcr ein hyperkompetitives Umfeld der Marktplatz darstellt. Umso wichtiger, dass der Preis stimmt. Das sind die 5 besten Gr\u00fcnde, warum jeder Seller auf einen Repricer setzen sollte!<\/div>\n\t\t<\/div>\n\t<\/div>\n<\/div><div class=\"post-card \">\n\t<div class=\"inside-wrap-card\">\n\t\t<div class=\"cover-wrap\">\n\t\t\t\t\t\t\t<a class=\"background-thumbnail has-image\" href=\"https:\/\/www.sellerlogic.com\/de\/ressourcen\/download-factsheet-sellerlogic-amazon-repricer\/\">\n\t\t\t\t\t<img decoding=\"async\" width=\"405\" height=\"240\" src=\"https:\/\/d2bw95mh2ee04s.cloudfront.net\/prod\/content\/wp-content\/uploads\/2020\/12\/23140626\/blog-min-thumbnail.jpg\" class=\"attachment-thumbnail size-thumbnail wp-post-image\" alt=\"\" \/>\t\t\t\t<\/a>\n\t\t\t\t\t<\/div>\n\n\t\t<div class=\"wrap-content\">\n\t\t\t<div class=\"title\">\n\t\t\t\t<a href=\"https:\/\/www.sellerlogic.com\/de\/ressourcen\/download-factsheet-sellerlogic-amazon-repricer\/\"><a>Gratis: Das Factsheet zum SELLERLOGIC Repricer<\/a><\/a>\n\t\t\t<\/div>\n\t\t\t<div class=\"wrap-excerpt\">Der SELLERLOGIC Repricer \u00fcbernimmt f\u00fcr Sie die so essenzielle Anpassung Ihrer Preise in Abh\u00e4ngigkeit von der Marktlage. So steigern Sie Mrge und Gewinn stetig. Erfahren Sie hier alles Wissenswerte \u00fcber das SELLERLOGIC Tool!<\/div>\n\t\t<\/div>\n\t<\/div>\n<\/div>\t\t<\/div>\n\t<\/div>\n\n\n\n<div style=\"height:20px\" aria-hidden=\"true\" class=\"theme-wp-block wp-block-spacer\"><\/div>\n","protected":false},"excerpt":{"rendered":"<p>13 Schritte \u2013 eine Buy Box! Kennen Sie alle wichtigen Kriterien f\u00fcr den Gewinn der Buy Box? Es spielen nicht nur die Versanddauer und der Preis eine wichtige Rolle, auch andere Metriken wie den Kundenservice sollten Sie stets im Blick behalten!&nbsp; Denn nur, wenn Sie mit Ihren Produkten in der Buy Box pr\u00e4sent sind, haben<\/p>\n","protected":false},"author":8,"featured_media":3520,"parent":470,"menu_order":0,"comment_status":"closed","ping_status":"closed","template":"","meta":{"sidebar_recommended_resources":{"data":[]},"sidebar_header_settings":{"hide_buttons":{"register":false}},"_use_new_theme":false,"inline_featured_image":false,"footnotes":""},"class_list":["post-4800","page","type-page","status-publish","has-post-thumbnail","hentry"],"yoast_head":"<!-- This site is optimized with the Yoast SEO plugin v26.8 - https:\/\/yoast.com\/product\/yoast-seo-wordpress\/ -->\n<title>Gratis Workbook: In 13 Schritten in die Buy Box!<\/title>\n<meta name=\"description\" content=\"Welche Kriterien zieht der Amazon-Algorithmus heran und welche Metriken m\u00fcssen H\u00e4ndler erf\u00fcllen, um die Buy Box auf Amazon zu gewinnen?\" \/>\n<meta name=\"robots\" content=\"index, follow, max-snippet:-1, max-image-preview:large, max-video-preview:-1\" \/>\n<link rel=\"canonical\" href=\"https:\/\/www.sellerlogic.com\/de\/ressourcen\/download-workbook-buy-box-kriterien\/\" \/>\n<meta property=\"og:locale\" content=\"de_DE\" \/>\n<meta property=\"og:type\" content=\"article\" \/>\n<meta property=\"og:title\" content=\"Gratis Workbook: In 13 Schritten in die Buy Box!\" \/>\n<meta property=\"og:description\" content=\"Welche Kriterien zieht der Amazon-Algorithmus heran und welche Metriken m\u00fcssen H\u00e4ndler erf\u00fcllen, um die Buy Box auf Amazon zu gewinnen?\" \/>\n<meta property=\"og:url\" content=\"https:\/\/www.sellerlogic.com\/de\/ressourcen\/download-workbook-buy-box-kriterien\/\" \/>\n<meta property=\"og:site_name\" content=\"SELLERLOGIC - Smarte Tools f\u00fcr Amazon-Seller\" \/>\n<meta property=\"article:publisher\" content=\"https:\/\/www.facebook.com\/SellerLogic\/\" \/>\n<meta property=\"article:modified_time\" content=\"2023-02-09T18:42:30+00:00\" \/>\n<meta property=\"og:image\" content=\"http:\/\/d2bw95mh2ee04s.cloudfront.net\/prod\/content\/wp-content\/uploads\/2020\/12\/23142748\/repricer-strategien-buy-box-optimierung.jpeg\" \/>\n\t<meta property=\"og:image:width\" content=\"844\" \/>\n\t<meta property=\"og:image:height\" content=\"466\" \/>\n\t<meta property=\"og:image:type\" content=\"image\/jpeg\" \/>\n<meta name=\"twitter:card\" content=\"summary_large_image\" \/>\n<meta name=\"twitter:site\" content=\"@sellerlogic\" \/>\n<meta name=\"twitter:label1\" content=\"Est. reading time\" \/>\n\t<meta name=\"twitter:data1\" content=\"2\u00a0Minuten\" \/>\n<script type=\"application\/ld+json\" class=\"yoast-schema-graph\">{\"@context\":\"https:\/\/schema.org\",\"@graph\":[{\"@type\":\"WebPage\",\"@id\":\"https:\/\/www.sellerlogic.com\/de\/ressourcen\/download-workbook-buy-box-kriterien\/\",\"url\":\"https:\/\/www.sellerlogic.com\/de\/ressourcen\/download-workbook-buy-box-kriterien\/\",\"name\":\"Gratis Workbook: In 13 Schritten in die Buy Box!\",\"isPartOf\":{\"@id\":\"https:\/\/www.sellerlogic.com\/de\/#website\"},\"primaryImageOfPage\":{\"@id\":\"https:\/\/www.sellerlogic.com\/de\/ressourcen\/download-workbook-buy-box-kriterien\/#primaryimage\"},\"image\":{\"@id\":\"https:\/\/www.sellerlogic.com\/de\/ressourcen\/download-workbook-buy-box-kriterien\/#primaryimage\"},\"thumbnailUrl\":\"https:\/\/d2bw95mh2ee04s.cloudfront.net\/prod\/content\/wp-content\/uploads\/2020\/12\/23142748\/repricer-strategien-buy-box-optimierung.jpeg\",\"datePublished\":\"2020-12-10T14:29:03+00:00\",\"dateModified\":\"2023-02-09T18:42:30+00:00\",\"description\":\"Welche Kriterien zieht der Amazon-Algorithmus heran und welche Metriken m\u00fcssen H\u00e4ndler erf\u00fcllen, um die Buy Box auf Amazon zu gewinnen?\",\"breadcrumb\":{\"@id\":\"https:\/\/www.sellerlogic.com\/de\/ressourcen\/download-workbook-buy-box-kriterien\/#breadcrumb\"},\"inLanguage\":\"de\",\"potentialAction\":[{\"@type\":\"ReadAction\",\"target\":[\"https:\/\/www.sellerlogic.com\/de\/ressourcen\/download-workbook-buy-box-kriterien\/\"]}]},{\"@type\":\"ImageObject\",\"inLanguage\":\"de\",\"@id\":\"https:\/\/www.sellerlogic.com\/de\/ressourcen\/download-workbook-buy-box-kriterien\/#primaryimage\",\"url\":\"https:\/\/d2bw95mh2ee04s.cloudfront.net\/prod\/content\/wp-content\/uploads\/2020\/12\/23142748\/repricer-strategien-buy-box-optimierung.jpeg\",\"contentUrl\":\"https:\/\/d2bw95mh2ee04s.cloudfront.net\/prod\/content\/wp-content\/uploads\/2020\/12\/23142748\/repricer-strategien-buy-box-optimierung.jpeg\",\"width\":844,\"height\":466,\"caption\":\"Repricer-Strategien: Buy Box-Optimierung\"},{\"@type\":\"BreadcrumbList\",\"@id\":\"https:\/\/www.sellerlogic.com\/de\/ressourcen\/download-workbook-buy-box-kriterien\/#breadcrumb\",\"itemListElement\":[{\"@type\":\"ListItem\",\"position\":1,\"name\":\"Home\",\"item\":\"https:\/\/www.sellerlogic.com\/de\/\"},{\"@type\":\"ListItem\",\"position\":2,\"name\":\"Ressourcen\",\"item\":\"https:\/\/www.sellerlogic.com\/de\/ressourcen\/\"},{\"@type\":\"ListItem\",\"position\":3,\"name\":\"Workbook: In 13 Schritten in die Buy Box\"}]},{\"@type\":\"WebSite\",\"@id\":\"https:\/\/www.sellerlogic.com\/de\/#website\",\"url\":\"https:\/\/www.sellerlogic.com\/de\/\",\"name\":\"SELLERLOGIC - Smarte Tools f\u00fcr Amazon-Seller\",\"description\":\"Intelligente Prozessoptimierung und Gewinnmaximierung\",\"publisher\":{\"@id\":\"https:\/\/www.sellerlogic.com\/de\/#organization\"},\"potentialAction\":[{\"@type\":\"SearchAction\",\"target\":{\"@type\":\"EntryPoint\",\"urlTemplate\":\"https:\/\/www.sellerlogic.com\/de\/?s={search_term_string}\"},\"query-input\":{\"@type\":\"PropertyValueSpecification\",\"valueRequired\":true,\"valueName\":\"search_term_string\"}}],\"inLanguage\":\"de\"},{\"@type\":\"Organization\",\"@id\":\"https:\/\/www.sellerlogic.com\/de\/#organization\",\"name\":\"SELLERLOGIC\",\"url\":\"https:\/\/www.sellerlogic.com\/de\/\",\"logo\":{\"@type\":\"ImageObject\",\"inLanguage\":\"de\",\"@id\":\"https:\/\/www.sellerlogic.com\/de\/#\/schema\/logo\/image\/\",\"url\":\"https:\/\/d2bw95mh2ee04s.cloudfront.net\/prod\/content\/wp-content\/uploads\/2025\/01\/02134814\/Property-Logo-Main.svg\",\"contentUrl\":\"https:\/\/d2bw95mh2ee04s.cloudfront.net\/prod\/content\/wp-content\/uploads\/2025\/01\/02134814\/Property-Logo-Main.svg\",\"width\":184,\"height\":40,\"caption\":\"SELLERLOGIC\"},\"image\":{\"@id\":\"https:\/\/www.sellerlogic.com\/de\/#\/schema\/logo\/image\/\"},\"sameAs\":[\"https:\/\/www.facebook.com\/SellerLogic\/\",\"https:\/\/x.com\/sellerlogic\",\"https:\/\/www.instagram.com\/sellerlogic\/\",\"https:\/\/www.linkedin.com\/company\/18402037\/\",\"https:\/\/www.youtube.com\/channel\/UC-gULUur-fNj08sprantKsQ\"]}]}<\/script>\n<!-- \/ Yoast SEO plugin. -->","yoast_head_json":{"title":"Gratis Workbook: In 13 Schritten in die Buy Box!","description":"Welche Kriterien zieht der Amazon-Algorithmus heran und welche Metriken m\u00fcssen H\u00e4ndler erf\u00fcllen, um die Buy Box auf Amazon zu gewinnen?","robots":{"index":"index","follow":"follow","max-snippet":"max-snippet:-1","max-image-preview":"max-image-preview:large","max-video-preview":"max-video-preview:-1"},"canonical":"https:\/\/www.sellerlogic.com\/de\/ressourcen\/download-workbook-buy-box-kriterien\/","og_locale":"de_DE","og_type":"article","og_title":"Gratis Workbook: In 13 Schritten in die Buy Box!","og_description":"Welche Kriterien zieht der Amazon-Algorithmus heran und welche Metriken m\u00fcssen H\u00e4ndler erf\u00fcllen, um die Buy Box auf Amazon zu gewinnen?","og_url":"https:\/\/www.sellerlogic.com\/de\/ressourcen\/download-workbook-buy-box-kriterien\/","og_site_name":"SELLERLOGIC - Smarte Tools f\u00fcr Amazon-Seller","article_publisher":"https:\/\/www.facebook.com\/SellerLogic\/","article_modified_time":"2023-02-09T18:42:30+00:00","og_image":[{"width":844,"height":466,"url":"http:\/\/d2bw95mh2ee04s.cloudfront.net\/prod\/content\/wp-content\/uploads\/2020\/12\/23142748\/repricer-strategien-buy-box-optimierung.jpeg","type":"image\/jpeg"}],"twitter_card":"summary_large_image","twitter_site":"@sellerlogic","twitter_misc":{"Est. reading time":"2\u00a0Minuten"},"schema":{"@context":"https:\/\/schema.org","@graph":[{"@type":"WebPage","@id":"https:\/\/www.sellerlogic.com\/de\/ressourcen\/download-workbook-buy-box-kriterien\/","url":"https:\/\/www.sellerlogic.com\/de\/ressourcen\/download-workbook-buy-box-kriterien\/","name":"Gratis Workbook: In 13 Schritten in die Buy Box!","isPartOf":{"@id":"https:\/\/www.sellerlogic.com\/de\/#website"},"primaryImageOfPage":{"@id":"https:\/\/www.sellerlogic.com\/de\/ressourcen\/download-workbook-buy-box-kriterien\/#primaryimage"},"image":{"@id":"https:\/\/www.sellerlogic.com\/de\/ressourcen\/download-workbook-buy-box-kriterien\/#primaryimage"},"thumbnailUrl":"https:\/\/d2bw95mh2ee04s.cloudfront.net\/prod\/content\/wp-content\/uploads\/2020\/12\/23142748\/repricer-strategien-buy-box-optimierung.jpeg","datePublished":"2020-12-10T14:29:03+00:00","dateModified":"2023-02-09T18:42:30+00:00","description":"Welche Kriterien zieht der Amazon-Algorithmus heran und welche Metriken m\u00fcssen H\u00e4ndler erf\u00fcllen, um die Buy Box auf Amazon zu gewinnen?","breadcrumb":{"@id":"https:\/\/www.sellerlogic.com\/de\/ressourcen\/download-workbook-buy-box-kriterien\/#breadcrumb"},"inLanguage":"de","potentialAction":[{"@type":"ReadAction","target":["https:\/\/www.sellerlogic.com\/de\/ressourcen\/download-workbook-buy-box-kriterien\/"]}]},{"@type":"ImageObject","inLanguage":"de","@id":"https:\/\/www.sellerlogic.com\/de\/ressourcen\/download-workbook-buy-box-kriterien\/#primaryimage","url":"https:\/\/d2bw95mh2ee04s.cloudfront.net\/prod\/content\/wp-content\/uploads\/2020\/12\/23142748\/repricer-strategien-buy-box-optimierung.jpeg","contentUrl":"https:\/\/d2bw95mh2ee04s.cloudfront.net\/prod\/content\/wp-content\/uploads\/2020\/12\/23142748\/repricer-strategien-buy-box-optimierung.jpeg","width":844,"height":466,"caption":"Repricer-Strategien: Buy Box-Optimierung"},{"@type":"BreadcrumbList","@id":"https:\/\/www.sellerlogic.com\/de\/ressourcen\/download-workbook-buy-box-kriterien\/#breadcrumb","itemListElement":[{"@type":"ListItem","position":1,"name":"Home","item":"https:\/\/www.sellerlogic.com\/de\/"},{"@type":"ListItem","position":2,"name":"Ressourcen","item":"https:\/\/www.sellerlogic.com\/de\/ressourcen\/"},{"@type":"ListItem","position":3,"name":"Workbook: In 13 Schritten in die Buy Box"}]},{"@type":"WebSite","@id":"https:\/\/www.sellerlogic.com\/de\/#website","url":"https:\/\/www.sellerlogic.com\/de\/","name":"SELLERLOGIC - Smarte Tools f\u00fcr Amazon-Seller","description":"Intelligente Prozessoptimierung und Gewinnmaximierung","publisher":{"@id":"https:\/\/www.sellerlogic.com\/de\/#organization"},"potentialAction":[{"@type":"SearchAction","target":{"@type":"EntryPoint","urlTemplate":"https:\/\/www.sellerlogic.com\/de\/?s={search_term_string}"},"query-input":{"@type":"PropertyValueSpecification","valueRequired":true,"valueName":"search_term_string"}}],"inLanguage":"de"},{"@type":"Organization","@id":"https:\/\/www.sellerlogic.com\/de\/#organization","name":"SELLERLOGIC","url":"https:\/\/www.sellerlogic.com\/de\/","logo":{"@type":"ImageObject","inLanguage":"de","@id":"https:\/\/www.sellerlogic.com\/de\/#\/schema\/logo\/image\/","url":"https:\/\/d2bw95mh2ee04s.cloudfront.net\/prod\/content\/wp-content\/uploads\/2025\/01\/02134814\/Property-Logo-Main.svg","contentUrl":"https:\/\/d2bw95mh2ee04s.cloudfront.net\/prod\/content\/wp-content\/uploads\/2025\/01\/02134814\/Property-Logo-Main.svg","width":184,"height":40,"caption":"SELLERLOGIC"},"image":{"@id":"https:\/\/www.sellerlogic.com\/de\/#\/schema\/logo\/image\/"},"sameAs":["https:\/\/www.facebook.com\/SellerLogic\/","https:\/\/x.com\/sellerlogic","https:\/\/www.instagram.com\/sellerlogic\/","https:\/\/www.linkedin.com\/company\/18402037\/","https:\/\/www.youtube.com\/channel\/UC-gULUur-fNj08sprantKsQ"]}]}},"_links":{"self":[{"href":"https:\/\/www.sellerlogic.com\/de\/wp-json\/wp\/v2\/pages\/4800","targetHints":{"allow":["GET"]}}],"collection":[{"href":"https:\/\/www.sellerlogic.com\/de\/wp-json\/wp\/v2\/pages"}],"about":[{"href":"https:\/\/www.sellerlogic.com\/de\/wp-json\/wp\/v2\/types\/page"}],"author":[{"embeddable":true,"href":"https:\/\/www.sellerlogic.com\/de\/wp-json\/wp\/v2\/users\/8"}],"replies":[{"embeddable":true,"href":"https:\/\/www.sellerlogic.com\/de\/wp-json\/wp\/v2\/comments?post=4800"}],"version-history":[{"count":0,"href":"https:\/\/www.sellerlogic.com\/de\/wp-json\/wp\/v2\/pages\/4800\/revisions"}],"up":[{"embeddable":true,"href":"https:\/\/www.sellerlogic.com\/de\/wp-json\/wp\/v2\/pages\/470"}],"wp:featuredmedia":[{"embeddable":true,"href":"https:\/\/www.sellerlogic.com\/de\/wp-json\/wp\/v2\/media\/3520"}],"wp:attachment":[{"href":"https:\/\/www.sellerlogic.com\/de\/wp-json\/wp\/v2\/media?parent=4800"}],"curies":[{"name":"wp","href":"https:\/\/api.w.org\/{rel}","templated":true}]}}