
{"id":4830,"date":"2020-12-10T15:26:46","date_gmt":"2020-12-10T15:26:46","guid":{"rendered":"https:\/\/www.sellerlogic.com\/?page_id=4830"},"modified":"2021-03-26T12:06:05","modified_gmt":"2021-03-26T12:06:05","slug":"success-story-sport-hesse","status":"publish","type":"page","link":"https:\/\/www.sellerlogic.com\/de\/ressourcen\/success-story-sport-hesse\/","title":{"rendered":"Success Story: Sport-Hesse"},"content":{"rendered":"\n\t<div  class=\"theme-wp-block theme-block-main-header is-style-full-height desktop-align-full xl-align-full lg-align-full md-align-full sm-align-full desktop-content-align-y-center desktop-content-align-x-center xl-content-align-y-center xl-content-align-x-center lg-content-align-y-center lg-content-align-x-center md-content-align-y-center md-content-align-x-center sm-content-align-y-center sm-content-align-x-center gb-responsive-131969-identifier theme-block-cover\">\n\t\t<div class=\"bg-cover theme-lazy-load-bg\"><\/div>\n\t\t<div class=\"wrap-content-main-header\">\n\t\t\t\n\t\t<div  class=\"theme-wp-block theme-block-text-and-text desktop-blockDirection-row xl-blockDirection-row lg-blockDirection-row md-blockDirection-row sm-blockDirection-row gb-responsive-2306-identifier desktop-align-full xl-align-full lg-align-full md-align-full sm-align-full desktop-vertical-top xl-vertical-top lg-vertical-top md-vertical-top sm-vertical-top alignfull\">\n\t\t<div class=\"tat-column-wrap-wrapper\">\n\t\t\t<div class=\"tat-column-wrapper\">\n\t\t\t\t\n\t<div  class=\"theme-wp-block theme-block-text-and-text-column gb-responsive-708373-identifier\">\n\t\t<div class=\"inner-wrap-column-content\">\n\t\t\t<div class=\"inner-column-content\">\n\t\t\t\t\n\t\t<h1  class=\"theme-wp-block theme-block-heading is-style-default desktop-text-center xl-text-center lg-text-center md-text-center sm-text-center gb-responsive-813454-identifier desktop-align-wide xl-align-wide lg-align-wide md-align-wide sm-align-wide desktop-gb-has-no-icon xl-gb-has-no-icon lg-gb-has-no-icon md-gb-has-no-icon sm-gb-has-no-icon alignwide h1 has-text-align\">\n\t\tSELLERLOGIC Lost &amp; Found \u00fcberzeugt!\t<\/h1>\n\n\n\n\t\t<h2  class=\"theme-wp-block theme-block-heading is-style-default desktop-text-center xl-text-center lg-text-center md-text-center sm-text-center gb-responsive-560595-identifier desktop-align-wide xl-align-wide lg-align-wide md-align-wide sm-align-wide alignwide h1 has-text-align\">\n\t\tSport-Hesse wird mit f\u00fcnfstelliger Erstattung von Amazon belohnt!\t<\/h2>\n\n\n\t\t\t<\/div>\n\t\t<\/div>\n\t<\/div>\n\n\n\t<div  class=\"theme-wp-block theme-block-text-and-text-column gb-responsive-976923-identifier\">\n\t\t<div class=\"inner-wrap-column-content\">\n\t\t\t<div class=\"inner-column-content\">\n\t\t\t\t\t\t\t<\/div>\n\t\t<\/div>\n\t<\/div>\n\n\t\t\t<\/div>\n\t\t<\/div>\n\t<\/div>\n\n\n\t\t<\/div>\n\t<\/div>\n\n\n\n\n<div style=\"height:50px\" aria-hidden=\"true\" class=\"theme-wp-block wp-block-spacer\"><\/div>\n\n\n\n<div class=\"theme-wp-block wp-block-columns gb-responsive-462405-identifier is-layout-flex wp-container-core-columns-is-layout-9d6595d7 wp-block-columns-is-layout-flex\">\n<div class=\"theme-wp-block wp-block-column gb-responsive-816482-identifier is-layout-flow wp-block-column-is-layout-flow\" style=\"flex-basis:25%\">\n<figure class=\"theme-wp-block wp-block-image size-large is-resized gb-responsive-62921-identifier\"><img decoding=\"async\" src=\"https:\/\/d2bw95mh2ee04s.cloudfront.net\/prod\/content\/wp-content\/uploads\/2020\/12\/23142723\/logo-sport-hesse.png\" alt=\"Success Story: Sport-Hesse\" class=\"wp-image-4836\" width=\"176\" height=\"125\" srcset=\"https:\/\/d2bw95mh2ee04s.cloudfront.net\/prod\/content\/wp-content\/uploads\/2020\/12\/23142723\/logo-sport-hesse-407x291.png 407w, https:\/\/d2bw95mh2ee04s.cloudfront.net\/prod\/content\/wp-content\/uploads\/2020\/12\/23142723\/logo-sport-hesse.png 500w\" sizes=\"(max-width: 176px) 100vw, 176px\" \/><\/figure>\n\n\n\n<p class=\"theme-wp-block gb-responsive-728939-identifier\"><strong>Gr\u00fcndung:<\/strong><br>1984<\/p>\n\n\n\n<p class=\"theme-wp-block gb-responsive-141690-identifier\"><strong>Branche:<\/strong><br>Sportartikel \/ Teamsport \/mit Beschriftung<\/p>\n\n\n\n<p class=\"theme-wp-block gb-responsive-217311-identifier\"><strong>Artikel bei Amazon:<\/strong><br>ca. 6.000<\/p>\n\n\n\n<p class=\"theme-wp-block gb-responsive-956658-identifier\"><strong>Sendungen:&nbsp;<\/strong><br>ca. 30.000 pro Monat<\/p>\n<\/div>\n\n\n\n<div class=\"theme-wp-block wp-block-column gb-responsive-384355-identifier is-layout-flow wp-block-column-is-layout-flow\" style=\"flex-basis:50%\">\n<h3 class=\"theme-wp-block gb-responsive-34353-identifier wp-block-heading\" id=\"block-c06fce04-ef87-4ffc-a3d6-b768ba377d17\">Hintergrund:<\/h3>\n\n\n\n<p class=\"theme-wp-block gb-responsive-772271-identifier\">Bereits w\u00e4hrend der Betriebswirtschaftsschule begann Christoph J. Hesse, nebenher Sportartikel auf Sportpl\u00e4tzen zu verkaufen. Von da aus professionalisierte er das Unternehmen. 1984 wurde schlie\u00dflich das erste Teamsport-Gesch\u00e4ft mit 45 qm Verkaufsfl\u00e4che er\u00f6ffnet. Die Vergr\u00f6\u00dferung geschah schon wenige Jahre sp\u00e4ter \u2013 zuerst auf 100 qm, dann sogar auf 500 qm. Heute verkauft Sport-Hesse auf einer Verkaufsfl\u00e4che von rund 1000 qm und beliefert als einer der erfolgreichsten Teamsportausstatter Kunden auf der ganzen Welt!&nbsp;<\/p>\n\n\n\n<h3 class=\"theme-wp-block gb-responsive-530046-identifier wp-block-heading\">Herausforderung:<\/h3>\n\n\n\n<p class=\"theme-wp-block gb-responsive-140914-identifier\">Seit 2014 erfolgt der Vertrieb auch \u00fcber den Amazon-Marktplatz. Was mit ein paar Fu\u00dfb\u00e4llen und eigenem Versand begann, entwickelte sich schlie\u00dflich zu einem PAN EU-Verkauf. Bei ca. 6000 SKUs war Christoph Hesse auch bewusst, dass es zu Fehlern in den Amazon-Lagern kommt.<br><br>\u201eWir haben auf Amazon ein breites Sortiment und der Abgleich der vielen internationalen Marktpl\u00e4tze ist schwierig und zeitintensiv\u201d, meint Christoph Hesse. \u201eWir sind die Anlieferpl\u00e4ne tats\u00e4chlich manuell durchgegangen, denn das grundlegende Problem war uns bekannt. Aber wegen des gro\u00dfen zeitlichen Aufwands haben wir die \u00dcberpr\u00fcfung nur im kleinen Rahmen durchgef\u00fchrt.\u201d&nbsp;<\/p>\n\n\n\n<h3 class=\"theme-wp-block gb-responsive-749842-identifier wp-block-heading\">L\u00f6sung:<\/h3>\n\n\n\n<p class=\"theme-wp-block gb-responsive-642257-identifier\">Dann nahm Christoph Hesse an der Amazon Seller Konferenz teil. Da er zuvor bereits ein Lost &amp; Found-Anschreiben von SELLERLOGIC erhalten hatte, war sein Interesse geweckt: Er h\u00f6rte sich den Vortrag des SELLERLOGIC-CSO an. \u201eSchon der Workshop hat mich von Lost &amp; Found \u00fcberzeugt. Das anschlie\u00dfende konstruktive Gespr\u00e4ch mit dem Referenten war dann noch das i-T\u00fcpfelchen und hat den ersten Eindruck total best\u00e4tigt\u201c, so Christoph Hesse. \u201eIch war kaum zu Hause, da habe ich mich direkt registriert.\u201c<\/p>\n\n\n<div class=\"theme-block-group-wrap\">\n<div class=\"theme-wp-block wp-block-group gb-responsive-88118-identifier\"><div class=\"wp-block-group__inner-container\"><div class=\"wp-block-group__inner-container is-layout-flow wp-block-group-is-layout-flow\">\t\t<div  class=\"theme-wp-block theme-block-user-card gb-responsive-799176-identifier is-style-full-width-line aligncenter\">\n\t\t<div class=\"wrap-inner-content\">\n\t\t\t<div class=\"card-user-head\">\n\t\t\t\t<div class=\"card-user-avatar\">\n\t\t\t\t\t<div class=\"cover-avatar\" style=\"background-image: url(https:\/\/d2bw95mh2ee04s.cloudfront.net\/prod\/content\/wp-content\/uploads\/2020\/12\/23142724\/sport-hesse-raute.png);\"><\/div>\n\t\t\t\t<\/div>\n\t\t\t\t<div class=\"wrap-title\">\n\t\t\t\t\t<div class=\"card-user-name\">\n\t\t\t\t\t\t<div class=\"title\">\n\t\t\t\t\t\t\t<h3 class=\"heading-text\"><strong>Christoph Hesse<\/strong><\/h3>\n\t\t\t\t\t\t<\/div>\n\t\t\t\t\t\t<div class=\"card-user-position\">\n\t\t\t\t\t\t\t<div class=\"card-text\"><strong>Gesch\u00e4ftsf\u00fchrer Sport-Hesse<\/strong><\/div>\n\t\t\t\t\t\t<\/div>\n\t\t\t\t\t<\/div>\n\t\t\t\t\t<div class=\"card-user-quote-icon\">\n\t\t\t\t\t<\/div>\n\t\t\t\t<\/div>\n\t\t\t<\/div>\n\t\t\t<div class=\"card-user-text\">\n\t\t\t\t<div class=\"card-text\"><p>\u201eSELLERLOGIC Lost &amp; Found ist ein super Tool, es passt einfach alles: die Bedienung, die R\u00fcckerstattungen, das Onboarding und der Service! Wir m\u00f6chten auf keinen Fall wieder zur\u00fcck zur manuellen \u00dcberpr\u00fcfung.\u201c<\/p><\/div>\n\t\t\t<\/div>\n\t\t<\/div>\n\t<\/div>\n\n<\/div><\/div>\n<\/div><\/div>\n\n\n<h3 class=\"theme-wp-block gb-responsive-260858-identifier wp-block-heading\">Erfolge mit SELLERLOGIC:<\/h3>\n\n\n\n<p class=\"theme-wp-block gb-responsive-220343-identifier\">Aber auch der erste Start des Tools stand dem in nichts nach. Ausschlaggebend f\u00fcr Christoph Hesse war zwar die pers\u00f6nliche Erfahrung mit dem SELLERLOGIC-CSO, doch \u201edie initiale R\u00fcckerstattung hat mich dann aber trotzdem \u00fcberrascht: 15.000 Euro hat Sport-Hesse von Amazon zur\u00fcckerhalten!\u201c<br><br>Auch die Zeitersparnis und der geringe Aufwand haben dazu beigetragen, dass SELLERLOGIC Lost &amp; Found die Erwartungen vollkommen erf\u00fcllen konnte. \u201eZudem war der Service einfach super \u2013 selbst samstags habe ich vom Customer Success eine Antwort erhalten\u201c, sagt Christoph Hesse. \u201eAllgemein waren unsere Erfahrungen mit dem Support sehr gut, die Antworten immer hilfreich.\u201c<br><br>\u201eAuch das Tool selbst funktioniert sehr gut\u201d, meint Christoph weiter, \u201eDie Bedienung ist \u00fcbersichtlich und es l\u00e4sst sich super in die eigene Tagesroutine einbinden. Au\u00dferdem gibt es eine Wissensdatenbank, die uns neben dem Customer Success ebenfalls sehr geholfen hat, wenn wir Fragen hatten. Die Leistungsf\u00e4higkeit des Tools \u00fcberzeugt einfach und rechtfertigt den Preis total! Die manuelle \u00dcberpr\u00fcfung ist f\u00fcr uns jedenfalls kein Thema mehr.\u201d<\/p>\n\n\n\n<div class=\"theme-wp-block wp-block-buttons gb-responsive-497426-identifier is-layout-flex wp-block-buttons-is-layout-flex\">\n<div class=\"theme-wp-block wp-block-button gb-responsive-38220-identifier is-style-theme-transparent-with-arrow\"><a class=\"wp-block-button__link\" href=\"https:\/\/d2bw95mh2ee04s.cloudfront.net\/prod\/content\/files\/SUCCESS-STORIES\/DE\/SELLERLOGIC_SN_Success-Story_Sport-Hesse.pdf\" target=\"_blank\" rel=\"noreferrer noopener nofollow\">Jetzt herunterladen!<\/a><\/div>\n<\/div>\n<\/div>\n\n\n\n<div class=\"theme-wp-block wp-block-column gb-responsive-976147-identifier is-layout-flow wp-block-column-is-layout-flow\" style=\"flex-basis:25%\"><\/div>\n<\/div>\n","protected":false},"excerpt":{"rendered":"<p>Gr\u00fcndung:1984 Branche:Sportartikel \/ Teamsport \/mit Beschriftung Artikel bei Amazon:ca. 6.000 Sendungen:&nbsp;ca. 30.000 pro Monat Hintergrund: Bereits w\u00e4hrend der Betriebswirtschaftsschule begann Christoph J. Hesse, nebenher Sportartikel auf Sportpl\u00e4tzen zu verkaufen. Von da aus professionalisierte er das Unternehmen. 1984 wurde schlie\u00dflich das erste Teamsport-Gesch\u00e4ft mit 45 qm Verkaufsfl\u00e4che er\u00f6ffnet. Die Vergr\u00f6\u00dferung geschah schon wenige Jahre sp\u00e4ter \u2013<\/p>\n","protected":false},"author":3,"featured_media":3872,"parent":470,"menu_order":0,"comment_status":"closed","ping_status":"closed","template":"","meta":{"sidebar_recommended_resources":{"data":[]},"sidebar_header_settings":{"hide_buttons":{"register":false}},"_use_new_theme":false,"inline_featured_image":false,"footnotes":""},"class_list":["post-4830","page","type-page","status-publish","has-post-thumbnail","hentry"],"yoast_head":"<!-- This site is optimized with the Yoast SEO plugin v26.8 - https:\/\/yoast.com\/product\/yoast-seo-wordpress\/ -->\n<title>Wie Sport-Hesse eine f\u00fcnfstellige FBA-Erstattung erhielt | SELLERLOGIC<\/title>\n<meta name=\"description\" content=\"Mit Lost &amp; Found k\u00f6nnen Sie richtig Geld sparen \u2013 das beweist Sport-Hesse. Lesen Sie hier, wie Lost &amp; Found arbeitet. Jetzt informieren!\" \/>\n<meta name=\"robots\" content=\"index, follow, max-snippet:-1, max-image-preview:large, max-video-preview:-1\" \/>\n<link rel=\"canonical\" href=\"https:\/\/www.sellerlogic.com\/de\/ressourcen\/success-story-sport-hesse\/\" \/>\n<meta property=\"og:locale\" content=\"de_DE\" \/>\n<meta property=\"og:type\" content=\"article\" \/>\n<meta property=\"og:title\" content=\"Wie Sport-Hesse eine f\u00fcnfstellige FBA-Erstattung erhielt | SELLERLOGIC\" \/>\n<meta property=\"og:description\" content=\"Mit Lost &amp; Found k\u00f6nnen Sie richtig Geld sparen \u2013 das beweist Sport-Hesse. Lesen Sie hier, wie Lost &amp; Found arbeitet. Jetzt informieren!\" \/>\n<meta property=\"og:url\" content=\"https:\/\/www.sellerlogic.com\/de\/ressourcen\/success-story-sport-hesse\/\" \/>\n<meta property=\"og:site_name\" content=\"SELLERLOGIC - Smarte Tools f\u00fcr Amazon-Seller\" \/>\n<meta property=\"article:publisher\" content=\"https:\/\/www.facebook.com\/SellerLogic\/\" \/>\n<meta property=\"article:modified_time\" content=\"2021-03-26T12:06:05+00:00\" \/>\n<meta property=\"og:image\" content=\"http:\/\/d2bw95mh2ee04s.cloudfront.net\/prod\/content\/wp-content\/uploads\/2020\/12\/23142740\/header-sport-hesse.jpeg\" \/>\n\t<meta property=\"og:image:width\" content=\"2048\" \/>\n\t<meta property=\"og:image:height\" content=\"1365\" \/>\n\t<meta property=\"og:image:type\" content=\"image\/jpeg\" \/>\n<meta name=\"twitter:card\" content=\"summary_large_image\" \/>\n<meta name=\"twitter:site\" content=\"@sellerlogic\" \/>\n<meta name=\"twitter:label1\" content=\"Est. reading time\" \/>\n\t<meta name=\"twitter:data1\" content=\"3\u00a0Minuten\" \/>\n<script type=\"application\/ld+json\" class=\"yoast-schema-graph\">{\"@context\":\"https:\/\/schema.org\",\"@graph\":[{\"@type\":\"WebPage\",\"@id\":\"https:\/\/www.sellerlogic.com\/de\/ressourcen\/success-story-sport-hesse\/\",\"url\":\"https:\/\/www.sellerlogic.com\/de\/ressourcen\/success-story-sport-hesse\/\",\"name\":\"Wie Sport-Hesse eine f\u00fcnfstellige FBA-Erstattung erhielt | SELLERLOGIC\",\"isPartOf\":{\"@id\":\"https:\/\/www.sellerlogic.com\/de\/#website\"},\"primaryImageOfPage\":{\"@id\":\"https:\/\/www.sellerlogic.com\/de\/ressourcen\/success-story-sport-hesse\/#primaryimage\"},\"image\":{\"@id\":\"https:\/\/www.sellerlogic.com\/de\/ressourcen\/success-story-sport-hesse\/#primaryimage\"},\"thumbnailUrl\":\"https:\/\/d2bw95mh2ee04s.cloudfront.net\/prod\/content\/wp-content\/uploads\/2020\/12\/23142740\/header-sport-hesse.jpeg\",\"datePublished\":\"2020-12-10T15:26:46+00:00\",\"dateModified\":\"2021-03-26T12:06:05+00:00\",\"description\":\"Mit Lost & Found k\u00f6nnen Sie richtig Geld sparen \u2013 das beweist Sport-Hesse. Lesen Sie hier, wie Lost & Found arbeitet. Jetzt informieren!\",\"breadcrumb\":{\"@id\":\"https:\/\/www.sellerlogic.com\/de\/ressourcen\/success-story-sport-hesse\/#breadcrumb\"},\"inLanguage\":\"de\",\"potentialAction\":[{\"@type\":\"ReadAction\",\"target\":[\"https:\/\/www.sellerlogic.com\/de\/ressourcen\/success-story-sport-hesse\/\"]}]},{\"@type\":\"ImageObject\",\"inLanguage\":\"de\",\"@id\":\"https:\/\/www.sellerlogic.com\/de\/ressourcen\/success-story-sport-hesse\/#primaryimage\",\"url\":\"https:\/\/d2bw95mh2ee04s.cloudfront.net\/prod\/content\/wp-content\/uploads\/2020\/12\/23142740\/header-sport-hesse.jpeg\",\"contentUrl\":\"https:\/\/d2bw95mh2ee04s.cloudfront.net\/prod\/content\/wp-content\/uploads\/2020\/12\/23142740\/header-sport-hesse.jpeg\",\"width\":2048,\"height\":1365,\"caption\":\"Repricer von SELLERLOGIC verbessert Amazon-Verk\u00e4ufe und sorgt f\u00fcr zufriedene Nutzer.\"},{\"@type\":\"BreadcrumbList\",\"@id\":\"https:\/\/www.sellerlogic.com\/de\/ressourcen\/success-story-sport-hesse\/#breadcrumb\",\"itemListElement\":[{\"@type\":\"ListItem\",\"position\":1,\"name\":\"Home\",\"item\":\"https:\/\/www.sellerlogic.com\/de\/\"},{\"@type\":\"ListItem\",\"position\":2,\"name\":\"Ressourcen\",\"item\":\"https:\/\/www.sellerlogic.com\/de\/ressourcen\/\"},{\"@type\":\"ListItem\",\"position\":3,\"name\":\"Success Story: Sport-Hesse\"}]},{\"@type\":\"WebSite\",\"@id\":\"https:\/\/www.sellerlogic.com\/de\/#website\",\"url\":\"https:\/\/www.sellerlogic.com\/de\/\",\"name\":\"SELLERLOGIC - Smarte Tools f\u00fcr Amazon-Seller\",\"description\":\"Intelligente Prozessoptimierung und Gewinnmaximierung\",\"publisher\":{\"@id\":\"https:\/\/www.sellerlogic.com\/de\/#organization\"},\"potentialAction\":[{\"@type\":\"SearchAction\",\"target\":{\"@type\":\"EntryPoint\",\"urlTemplate\":\"https:\/\/www.sellerlogic.com\/de\/?s={search_term_string}\"},\"query-input\":{\"@type\":\"PropertyValueSpecification\",\"valueRequired\":true,\"valueName\":\"search_term_string\"}}],\"inLanguage\":\"de\"},{\"@type\":\"Organization\",\"@id\":\"https:\/\/www.sellerlogic.com\/de\/#organization\",\"name\":\"SELLERLOGIC\",\"url\":\"https:\/\/www.sellerlogic.com\/de\/\",\"logo\":{\"@type\":\"ImageObject\",\"inLanguage\":\"de\",\"@id\":\"https:\/\/www.sellerlogic.com\/de\/#\/schema\/logo\/image\/\",\"url\":\"https:\/\/d2bw95mh2ee04s.cloudfront.net\/prod\/content\/wp-content\/uploads\/2025\/01\/02134814\/Property-Logo-Main.svg\",\"contentUrl\":\"https:\/\/d2bw95mh2ee04s.cloudfront.net\/prod\/content\/wp-content\/uploads\/2025\/01\/02134814\/Property-Logo-Main.svg\",\"width\":184,\"height\":40,\"caption\":\"SELLERLOGIC\"},\"image\":{\"@id\":\"https:\/\/www.sellerlogic.com\/de\/#\/schema\/logo\/image\/\"},\"sameAs\":[\"https:\/\/www.facebook.com\/SellerLogic\/\",\"https:\/\/x.com\/sellerlogic\",\"https:\/\/www.instagram.com\/sellerlogic\/\",\"https:\/\/www.linkedin.com\/company\/18402037\/\",\"https:\/\/www.youtube.com\/channel\/UC-gULUur-fNj08sprantKsQ\"]}]}<\/script>\n<!-- \/ Yoast SEO plugin. -->","yoast_head_json":{"title":"Wie Sport-Hesse eine f\u00fcnfstellige FBA-Erstattung erhielt | SELLERLOGIC","description":"Mit Lost & Found k\u00f6nnen Sie richtig Geld sparen \u2013 das beweist Sport-Hesse. Lesen Sie hier, wie Lost & Found arbeitet. Jetzt informieren!","robots":{"index":"index","follow":"follow","max-snippet":"max-snippet:-1","max-image-preview":"max-image-preview:large","max-video-preview":"max-video-preview:-1"},"canonical":"https:\/\/www.sellerlogic.com\/de\/ressourcen\/success-story-sport-hesse\/","og_locale":"de_DE","og_type":"article","og_title":"Wie Sport-Hesse eine f\u00fcnfstellige FBA-Erstattung erhielt | SELLERLOGIC","og_description":"Mit Lost & Found k\u00f6nnen Sie richtig Geld sparen \u2013 das beweist Sport-Hesse. Lesen Sie hier, wie Lost & Found arbeitet. Jetzt informieren!","og_url":"https:\/\/www.sellerlogic.com\/de\/ressourcen\/success-story-sport-hesse\/","og_site_name":"SELLERLOGIC - Smarte Tools f\u00fcr Amazon-Seller","article_publisher":"https:\/\/www.facebook.com\/SellerLogic\/","article_modified_time":"2021-03-26T12:06:05+00:00","og_image":[{"width":2048,"height":1365,"url":"http:\/\/d2bw95mh2ee04s.cloudfront.net\/prod\/content\/wp-content\/uploads\/2020\/12\/23142740\/header-sport-hesse.jpeg","type":"image\/jpeg"}],"twitter_card":"summary_large_image","twitter_site":"@sellerlogic","twitter_misc":{"Est. reading time":"3\u00a0Minuten"},"schema":{"@context":"https:\/\/schema.org","@graph":[{"@type":"WebPage","@id":"https:\/\/www.sellerlogic.com\/de\/ressourcen\/success-story-sport-hesse\/","url":"https:\/\/www.sellerlogic.com\/de\/ressourcen\/success-story-sport-hesse\/","name":"Wie Sport-Hesse eine f\u00fcnfstellige FBA-Erstattung erhielt | SELLERLOGIC","isPartOf":{"@id":"https:\/\/www.sellerlogic.com\/de\/#website"},"primaryImageOfPage":{"@id":"https:\/\/www.sellerlogic.com\/de\/ressourcen\/success-story-sport-hesse\/#primaryimage"},"image":{"@id":"https:\/\/www.sellerlogic.com\/de\/ressourcen\/success-story-sport-hesse\/#primaryimage"},"thumbnailUrl":"https:\/\/d2bw95mh2ee04s.cloudfront.net\/prod\/content\/wp-content\/uploads\/2020\/12\/23142740\/header-sport-hesse.jpeg","datePublished":"2020-12-10T15:26:46+00:00","dateModified":"2021-03-26T12:06:05+00:00","description":"Mit Lost & Found k\u00f6nnen Sie richtig Geld sparen \u2013 das beweist Sport-Hesse. Lesen Sie hier, wie Lost & Found arbeitet. Jetzt informieren!","breadcrumb":{"@id":"https:\/\/www.sellerlogic.com\/de\/ressourcen\/success-story-sport-hesse\/#breadcrumb"},"inLanguage":"de","potentialAction":[{"@type":"ReadAction","target":["https:\/\/www.sellerlogic.com\/de\/ressourcen\/success-story-sport-hesse\/"]}]},{"@type":"ImageObject","inLanguage":"de","@id":"https:\/\/www.sellerlogic.com\/de\/ressourcen\/success-story-sport-hesse\/#primaryimage","url":"https:\/\/d2bw95mh2ee04s.cloudfront.net\/prod\/content\/wp-content\/uploads\/2020\/12\/23142740\/header-sport-hesse.jpeg","contentUrl":"https:\/\/d2bw95mh2ee04s.cloudfront.net\/prod\/content\/wp-content\/uploads\/2020\/12\/23142740\/header-sport-hesse.jpeg","width":2048,"height":1365,"caption":"Repricer von SELLERLOGIC verbessert Amazon-Verk\u00e4ufe und sorgt f\u00fcr zufriedene Nutzer."},{"@type":"BreadcrumbList","@id":"https:\/\/www.sellerlogic.com\/de\/ressourcen\/success-story-sport-hesse\/#breadcrumb","itemListElement":[{"@type":"ListItem","position":1,"name":"Home","item":"https:\/\/www.sellerlogic.com\/de\/"},{"@type":"ListItem","position":2,"name":"Ressourcen","item":"https:\/\/www.sellerlogic.com\/de\/ressourcen\/"},{"@type":"ListItem","position":3,"name":"Success Story: Sport-Hesse"}]},{"@type":"WebSite","@id":"https:\/\/www.sellerlogic.com\/de\/#website","url":"https:\/\/www.sellerlogic.com\/de\/","name":"SELLERLOGIC - Smarte Tools f\u00fcr Amazon-Seller","description":"Intelligente Prozessoptimierung und Gewinnmaximierung","publisher":{"@id":"https:\/\/www.sellerlogic.com\/de\/#organization"},"potentialAction":[{"@type":"SearchAction","target":{"@type":"EntryPoint","urlTemplate":"https:\/\/www.sellerlogic.com\/de\/?s={search_term_string}"},"query-input":{"@type":"PropertyValueSpecification","valueRequired":true,"valueName":"search_term_string"}}],"inLanguage":"de"},{"@type":"Organization","@id":"https:\/\/www.sellerlogic.com\/de\/#organization","name":"SELLERLOGIC","url":"https:\/\/www.sellerlogic.com\/de\/","logo":{"@type":"ImageObject","inLanguage":"de","@id":"https:\/\/www.sellerlogic.com\/de\/#\/schema\/logo\/image\/","url":"https:\/\/d2bw95mh2ee04s.cloudfront.net\/prod\/content\/wp-content\/uploads\/2025\/01\/02134814\/Property-Logo-Main.svg","contentUrl":"https:\/\/d2bw95mh2ee04s.cloudfront.net\/prod\/content\/wp-content\/uploads\/2025\/01\/02134814\/Property-Logo-Main.svg","width":184,"height":40,"caption":"SELLERLOGIC"},"image":{"@id":"https:\/\/www.sellerlogic.com\/de\/#\/schema\/logo\/image\/"},"sameAs":["https:\/\/www.facebook.com\/SellerLogic\/","https:\/\/x.com\/sellerlogic","https:\/\/www.instagram.com\/sellerlogic\/","https:\/\/www.linkedin.com\/company\/18402037\/","https:\/\/www.youtube.com\/channel\/UC-gULUur-fNj08sprantKsQ"]}]}},"_links":{"self":[{"href":"https:\/\/www.sellerlogic.com\/de\/wp-json\/wp\/v2\/pages\/4830","targetHints":{"allow":["GET"]}}],"collection":[{"href":"https:\/\/www.sellerlogic.com\/de\/wp-json\/wp\/v2\/pages"}],"about":[{"href":"https:\/\/www.sellerlogic.com\/de\/wp-json\/wp\/v2\/types\/page"}],"author":[{"embeddable":true,"href":"https:\/\/www.sellerlogic.com\/de\/wp-json\/wp\/v2\/users\/3"}],"replies":[{"embeddable":true,"href":"https:\/\/www.sellerlogic.com\/de\/wp-json\/wp\/v2\/comments?post=4830"}],"version-history":[{"count":0,"href":"https:\/\/www.sellerlogic.com\/de\/wp-json\/wp\/v2\/pages\/4830\/revisions"}],"up":[{"embeddable":true,"href":"https:\/\/www.sellerlogic.com\/de\/wp-json\/wp\/v2\/pages\/470"}],"wp:featuredmedia":[{"embeddable":true,"href":"https:\/\/www.sellerlogic.com\/de\/wp-json\/wp\/v2\/media\/3872"}],"wp:attachment":[{"href":"https:\/\/www.sellerlogic.com\/de\/wp-json\/wp\/v2\/media?parent=4830"}],"curies":[{"name":"wp","href":"https:\/\/api.w.org\/{rel}","templated":true}]}}