
{"id":4887,"date":"2020-12-11T09:33:56","date_gmt":"2020-12-11T09:33:56","guid":{"rendered":"https:\/\/www.sellerlogic.com\/?page_id=4887"},"modified":"2026-01-30T20:43:28","modified_gmt":"2026-01-30T20:43:28","slug":"download-workbook-tipps-fba-seller","status":"publish","type":"page","link":"https:\/\/www.sellerlogic.com\/de\/ressourcen\/download-workbook-tipps-fba-seller\/","title":{"rendered":"Workbook: 6 Tipps f\u00fcr FBA Seller"},"content":{"rendered":"\n\t<div  class=\"theme-wp-block theme-block-main-header is-style-default desktop-content-align-y-center xl-content-align-y-center lg-content-align-y-center md-content-align-y-center sm-content-align-y-center desktop-content-align-x-center xl-content-align-x-center lg-content-align-x-center md-content-align-x-center sm-content-align-x-center desktop-align-full xl-align-full lg-align-full md-align-full sm-align-full gb-responsive-392184-identifier desktop-gb-has-no-icon xl-gb-has-no-icon lg-gb-has-no-icon md-gb-has-no-icon sm-gb-has-no-icon theme-block-cover\">\n\t\t<div class=\"bg-cover theme-lazy-load-bg\"><\/div>\n\t\t<div class=\"wrap-content-main-header\">\n\t\t\t\n\t\t<div  class=\"theme-wp-block theme-block-text-and-text desktop-blockDirection-column xl-blockDirection-column lg-blockDirection-column md-blockDirection-column sm-blockDirection-column desktop-vertical-center xl-vertical-center lg-vertical-center md-vertical-center sm-vertical-center desktop-align-wide xl-align-wide lg-align-wide md-align-wide sm-align-wide is-style-default gb-responsive-121960-identifier alignwide\">\n\t\t<div class=\"tat-column-wrap-wrapper\">\n\t\t\t<div class=\"tat-column-wrapper\">\n\t\t\t\t\n\t<div  class=\"theme-wp-block theme-block-text-and-text-column desktop-horizontal-center xl-horizontal-center lg-horizontal-center md-horizontal-center sm-horizontal-center gb-responsive-46365-identifier\">\n\t\t<div class=\"inner-wrap-column-content\">\n\t\t\t<div class=\"inner-column-content\">\n\t\t\t\t\n<div class=\"theme-block-group-wrap\">\n<div class=\"theme-wp-block wp-block-group gb-responsive-567252-identifier has-background\" style=\"background:linear-gradient(19deg,rgba(245,247,250,0.65) 44%,rgba(255,255,255,0.65) 100%)\"><div class=\"wp-block-group__inner-container is-layout-flow wp-block-group-is-layout-flow\">\t\t<h1  class=\"theme-wp-block theme-block-heading is-style-default desktop-text-center xl-text-center lg-text-center md-text-center sm-text-center gb-responsive-123048-identifier h1\">\n\t\t6 Tipps f\u00fcr FBA Seller\t<\/h1>\n\n\n\n\t\t<h2  class=\"theme-wp-block theme-block-heading is-style-default desktop-text-center xl-text-center lg-text-center md-text-center sm-text-center gb-responsive-186008-identifier h2\">\n\t\tSo verkaufen Sie erfolgreich bei Amazon!\t<\/h2>\n\n<\/div>\n<\/div><\/div>\n\t\t\t<\/div>\n\t\t<\/div>\n\t<\/div>\n\n\n\t<div  class=\"theme-wp-block theme-block-text-and-text-column gb-responsive-811811-identifier\">\n\t\t<div class=\"inner-wrap-column-content\">\n\t\t\t<div class=\"inner-column-content\">\n\t\t\t\t\t\t\t<\/div>\n\t\t<\/div>\n\t<\/div>\n\n\t\t\t<\/div>\n\t\t<\/div>\n\t<\/div>\n\n\n\t\t<\/div>\n\t<\/div>\n\n\n\n\n<div style=\"height:50px\" aria-hidden=\"true\" class=\"theme-wp-block wp-block-spacer\"><\/div>\n\n\n\n<div class=\"theme-wp-block wp-block-columns gb-responsive-483071-identifier is-layout-flex wp-container-core-columns-is-layout-9d6595d7 wp-block-columns-is-layout-flex\">\n<div class=\"theme-wp-block wp-block-column gb-responsive-321787-identifier desktop-gb-has-no-icon xl-gb-has-no-icon lg-gb-has-no-icon md-gb-has-no-icon sm-gb-has-no-icon is-layout-flow wp-block-column-is-layout-flow\">\n<h3 class=\"theme-wp-block wp-block-heading gb-responsive-978361-identifier\">Lassen Sie die Konkurrenz hinter sich &#8230;&nbsp;<\/h3>\n\n\n<div class=\"wp-block-image gb-responsive-146322-identifier\">\n<figure class=\"theme-wp-block alignright size-large is-resized\"><img decoding=\"async\" width=\"738\" height=\"804\" src=\"https:\/\/d2bw95mh2ee04s.cloudfront.net\/prod\/content\/wp-content\/uploads\/2020\/12\/23142721\/workbook-6-tipps-fba-seller.png\" alt=\"Workbook: 6 Tipps f\u00fcr FBA Seller\" class=\"wp-image-4912\" style=\"width:390px;height:425px\" srcset=\"https:\/\/d2bw95mh2ee04s.cloudfront.net\/prod\/content\/wp-content\/uploads\/2020\/12\/23142721\/workbook-6-tipps-fba-seller-407x443.png 407w, https:\/\/d2bw95mh2ee04s.cloudfront.net\/prod\/content\/wp-content\/uploads\/2020\/12\/23142721\/workbook-6-tipps-fba-seller.png 738w\" sizes=\"(max-width: 738px) 100vw, 738px\" \/><\/figure><\/div>\n\n\n<p class=\"theme-wp-block gb-responsive-102890-identifier\">&#8230; denn Erfolg bei Amazon ist kein Hexenwerk! Wir zeigen Ihnen nicht nur, welche Vorteile das Amazon-eigene Logistikprogramm \u201eFulfillment by Amazon\u201c f\u00fcr Ihr Business hat, sondern beispielsweise auch, wie Sie Ihre Produktdetailseiten auf Vordermann bringen \u2013 denn gutes Amazon SEO ist erlernbar!<\/p>\n\n\n\n<p class=\"theme-wp-block gb-responsive-732555-identifier\">Doch auch die Buy Box ist auf dem Weg in den H\u00e4ndler-Olymp ein wichtiges Thema. Wissen Sie, welche Kriterien daf\u00fcr wichtig sind? Unser Workbook verr\u00e4t es Ihnen!<\/p>\n\n\n\n<p class=\"theme-wp-block gb-responsive-61483-identifier\"><strong>Laden Sie jetzt das kostenlose Workbook \u201e6 Tipps f\u00fcr FBA Seller\u201c herunter und lassen Sie sich keinen unserer Tipps und Tricks entgehen!&nbsp;<\/strong><\/p>\n\n\n\n<div class=\"theme-wp-block wp-block-columns desktop-gb-has-no-icon xl-gb-has-no-icon lg-gb-has-no-icon md-gb-has-no-icon sm-gb-has-no-icon gb-responsive-450543-identifier is-layout-flex wp-container-core-columns-is-layout-9d6595d7 wp-block-columns-is-layout-flex\">\n<div class=\"theme-wp-block wp-block-column desktop-gb-has-no-icon xl-gb-has-no-icon lg-gb-has-no-icon md-gb-has-no-icon sm-gb-has-no-icon gb-responsive-84714-identifier is-layout-flow wp-block-column-is-layout-flow\" style=\"flex-basis:100%\">\n<p class=\"theme-wp-block desktop-gb-has-no-icon xl-gb-has-no-icon lg-gb-has-no-icon md-gb-has-no-icon sm-gb-has-no-icon gb-responsive-41815-identifier\"><em>Damit Sie Ihr Workbook herunterladen k\u00f6nnen, ist es notwendig, zuvor alle Cookies zu erlauben. Um Ihre Einstellungen zu bearbeiten, klicken Sie dazu bitte auf den folgenden Button.<\/em><\/p>\n\n\n<p class=\"theme-wp-block\"><span class=\"borlabs-cookie-open-dialog-preferences brlbs-cmpnt-container\" data-borlabs-cookie-title=\"Einwilligung-Pr\u00e4ferenzen \u00f6ffnen\" data-borlabs-cookie-type=\"button\" ><\/span><\/p>\n\n\n\n<div class=\"theme-wp-block wp-block-columns desktop-gb-has-no-icon xl-gb-has-no-icon lg-gb-has-no-icon md-gb-has-no-icon sm-gb-has-no-icon gb-responsive-561507-identifier is-layout-flex wp-container-core-columns-is-layout-9d6595d7 wp-block-columns-is-layout-flex\">\n<div class=\"theme-wp-block wp-block-column desktop-gb-has-no-icon xl-gb-has-no-icon lg-gb-has-no-icon md-gb-has-no-icon sm-gb-has-no-icon gb-responsive-306652-identifier is-layout-flow wp-block-column-is-layout-flow\">\n<div id=\"wb-form\" class=\"theme-wp-block wb-form\"><p>\n\t\tBitte geben Sie die folgenden Informationen ein, um das Workbook anzufordern. Es wird Ihnen dann im Anschluss zugestellt.<br>&nbsp;\n\t<\/p> <form id=\"leadform\" action=\"#\" method=\"post\"><input type=\"text\" name=\"last_name\" id=\"last_name\" placeholder=\"Ihr Name\" required=\"required\" style=\"padding: 10px; font-size: 18px; width: 100%; margin-bottom: 15px; color: rgb(88, 88, 88);\"> <input type=\"text\" name=\"first_name\" id=\"first_name\" placeholder=\"Ihr Vorname\" required=\"required\" data-com-onepassword-filled=\"light\" style=\"padding: 10px; font-size: 18px; width: 100%; margin-bottom: 15px; color: rgb(88, 88, 88);\"> <input type=\"email\" name=\"email\" id=\"email\" placeholder=\"Ihre E-Mail-Adresse\" required=\"required\" style=\"padding: 10px; font-size: 18px; width: 100%; margin-bottom: 15px; color: rgb(88, 88, 88);\"> <input type=\"number\" name=\"telephone\" id=\"telephone\" placeholder=\"Ihre Telefonnummer\" required=\"required\" style=\"padding: 10px; font-size: 18px; width: 100%; margin-bottom: 15px; color: rgb(88, 88, 88);\"> <input type=\"text\" name=\"company\" id=\"company\" placeholder=\"Firmenname\" required=\"required\" style=\"padding: 10px; font-size: 18px; width: 100%; margin-bottom: 15px; color: rgb(88, 88, 88);\"> <input type=\"text\" name=\"amazon_store\" id=\"amazon_store\" placeholder=\"URL Ihres Amazon Stores\" style=\"padding: 10px; font-size: 18px; width: 100%; margin-bottom: 15px; color: rgb(88, 88, 88);\"> <input type=\"submit\" value=\"Jetzt Gratis-Workbook anfordern\" id=\"submit\" style=\"padding: 10px; font-size: 18px; width: 100%; margin-bottom: 15px; color: rgb(255, 255, 255); background-color: rgb(255, 170, 1); cursor: pointer;\"> <p style=\"margin-bottom: 10px; font-size: 12px;\">Die Verarbeitung der Daten erfolgt nach unserer <a href=\"https:\/\/www.sellerlogic.com\/de\/datenschutz\/\" target=\"_blank\" draggable=\"false\" rel=\"noopener noreferrer\">Datenschutzerkl\u00e4rung<\/a>.<\/p><\/form><\/div>\n<\/div>\n<\/div>\n<\/div>\n<\/div>\n\n\n\n<div class=\"theme-wp-block wp-block-columns gb-responsive-295103-identifier is-layout-flex wp-container-core-columns-is-layout-9d6595d7 wp-block-columns-is-layout-flex\">\n<div class=\"theme-wp-block wp-block-column gb-responsive-736519-identifier is-layout-flow wp-block-column-is-layout-flow\"><\/div>\n<\/div>\n<\/div>\n\n\n\n<div class=\"theme-wp-block wp-block-column gb-responsive-606172-identifier desktop-gb-has-no-icon xl-gb-has-no-icon lg-gb-has-no-icon md-gb-has-no-icon sm-gb-has-no-icon is-layout-flow wp-block-column-is-layout-flow\" style=\"flex-basis:25%\"><\/div>\n<\/div>\n\n\n\t\t<p  class=\"theme-wp-block theme-block-heading gb-responsive-448011-identifier desktop-text-center xl-text-center lg-text-center md-text-center sm-text-center is-style-default desktop-align-center xl-align-center lg-align-center md-align-center sm-align-center aligncenter h3 has-text-align\">\n\t\tWeiterer interessanter Content f\u00fcr Sie\t<\/p>\n\n\n\n\n<div style=\"height:20px\" aria-hidden=\"true\" class=\"theme-wp-block wp-block-spacer\"><\/div>\n\n\n\t\t<div  class=\"theme-wp-block theme-block-card-posts gb-responsive-640148-identifier layout-horizontal-cards-content\">\n\t\t<div class=\"wrap-inner-blocks\">\n\t\t\t<div class=\"post-card \">\n\t<div class=\"inside-wrap-card\">\n\t\t<div class=\"cover-wrap\">\n\t\t\t\t\t\t\t<a class=\"background-thumbnail has-image\" href=\"https:\/\/www.sellerlogic.com\/de\/blog\/erstattung-fba-fehler\/\">\n\t\t\t\t\t<img decoding=\"async\" width=\"405\" height=\"240\" src=\"https:\/\/d2bw95mh2ee04s.cloudfront.net\/prod\/content\/wp-content\/uploads\/2021\/10\/21122316\/amazon-fba-fehler-thumbnail.jpeg\" class=\"attachment-thumbnail size-thumbnail wp-post-image\" alt=\"Wer mit Amazon FBA startet, macht Fehler. Das ist ganz normal. So vermeiden Sie zu scheitern.\" \/>\t\t\t\t<\/a>\n\t\t\t\t\t<\/div>\n\n\t\t<div class=\"wrap-content\">\n\t\t\t<div class=\"title\">\n\t\t\t\t<a href=\"https:\/\/www.sellerlogic.com\/de\/blog\/erstattung-fba-fehler\/\">Die 6 gr\u00f6\u00dften Amazon FBA-Fehler und wie sich H\u00e4ndler erfolgreich entsch\u00e4digen lassen<\/a>\n\t\t\t<\/div>\n\t\t\t<div class=\"wrap-excerpt\">Wussten Sie, dass sehr viele FBA-H\u00e4ndler Geld verlieren, weil sie sich nicht um die Erstattungen k\u00fcmmern, die Ihnen zustehen? Wir zeigen Ihnen, welche FBA-Fehler passieren, wie Sie diese aufsp\u00fcren und wie Sie Ihr Geld zur\u00fcckerhalten!<\/div>\n\t\t<\/div>\n\t<\/div>\n<\/div><div class=\"post-card \">\n\t<div class=\"inside-wrap-card\">\n\t\t<div class=\"cover-wrap\">\n\t\t\t\t\t\t\t<a class=\"background-thumbnail has-image\" href=\"https:\/\/www.sellerlogic.com\/de\/ressourcen\/success-story-sport-hesse\/\">\n\t\t\t\t\t<img decoding=\"async\" width=\"405\" height=\"240\" src=\"https:\/\/d2bw95mh2ee04s.cloudfront.net\/prod\/content\/wp-content\/uploads\/2020\/12\/23142740\/header-sport-hesse-thumbnail.jpeg\" class=\"attachment-thumbnail size-thumbnail wp-post-image\" alt=\"Repricer von SELLERLOGIC verbessert Amazon-Verk\u00e4ufe und sorgt f\u00fcr zufriedene Nutzer.\" \/>\t\t\t\t<\/a>\n\t\t\t\t\t<\/div>\n\n\t\t<div class=\"wrap-content\">\n\t\t\t<div class=\"title\">\n\t\t\t\t<a href=\"https:\/\/www.sellerlogic.com\/de\/ressourcen\/success-story-sport-hesse\/\">Wie Sport-Hesse mit Lost &amp; Found f\u00fcnfstellige Erstattungen erhielt<\/a>\n\t\t\t<\/div>\n\t\t\t<div class=\"wrap-excerpt\">Sport-Hesse war bewusst, dass in den Amazon-Lagern auch Fehler passieren und \u00fcberpr\u00fcfte ihre FBA-Prozesse daher manuell. Dann h\u00f6rte das Unternehmen von Lost &amp; Found und war sofort \u00fcberzeugt. Die initiale R\u00fcckerstattung \u00fcberraschte dann aber doch. <\/div>\n\t\t<\/div>\n\t<\/div>\n<\/div><div class=\"post-card \">\n\t<div class=\"inside-wrap-card\">\n\t\t<div class=\"cover-wrap\">\n\t\t\t\t\t\t\t<a class=\"background-thumbnail has-image\" href=\"https:\/\/www.sellerlogic.com\/de\/ressourcen\/download-factsheet-sellerlogic-lost-found\/\">\n\t\t\t\t\t<img decoding=\"async\" width=\"405\" height=\"240\" src=\"https:\/\/d2bw95mh2ee04s.cloudfront.net\/prod\/content\/wp-content\/uploads\/2021\/01\/23142704\/lost-found-amazon-professionell-thumbnail.jpg\" class=\"attachment-thumbnail size-thumbnail wp-post-image\" alt=\"\" \/>\t\t\t\t<\/a>\n\t\t\t\t\t<\/div>\n\n\t\t<div class=\"wrap-content\">\n\t\t\t<div class=\"title\">\n\t\t\t\t<a href=\"https:\/\/www.sellerlogic.com\/de\/ressourcen\/download-factsheet-sellerlogic-lost-found\/\">Gratis: Das Factsheet zum SELLERLOGIC Lost &amp; Found-Tool<\/a>\n\t\t\t<\/div>\n\t\t\t<div class=\"wrap-excerpt\">Warum Sie lieber SELLERLOGIC Lost &amp; Found nutzen sollten, statt manuell \u00fcber 10 Berichte auszuwerten? Erfahren Sie in unserem Factsheet, wie viel Arbeit Sie mit Lost &amp; Found sparen k\u00f6nnen und trotzdem Ihr Geld von Amazon zur\u00fcckerhalten.<\/div>\n\t\t<\/div>\n\t<\/div>\n<\/div>\t\t<\/div>\n\t<\/div>\n","protected":false},"excerpt":{"rendered":"<p>Lassen Sie die Konkurrenz hinter sich &#8230;&nbsp; &#8230; denn Erfolg bei Amazon ist kein Hexenwerk! Wir zeigen Ihnen nicht nur, welche Vorteile das Amazon-eigene Logistikprogramm \u201eFulfillment by Amazon\u201c f\u00fcr Ihr Business hat, sondern beispielsweise auch, wie Sie Ihre Produktdetailseiten auf Vordermann bringen \u2013 denn gutes Amazon SEO ist erlernbar! Doch auch die Buy Box ist<\/p>\n","protected":false},"author":3,"featured_media":4890,"parent":470,"menu_order":0,"comment_status":"closed","ping_status":"closed","template":"","meta":{"sidebar_recommended_resources":{"data":[]},"sidebar_header_settings":{"hide_buttons":{"register":false}},"_use_new_theme":false,"inline_featured_image":false,"footnotes":""},"class_list":["post-4887","page","type-page","status-publish","has-post-thumbnail","hentry"],"yoast_head":"<!-- This site is optimized with the Yoast SEO plugin v26.8 - https:\/\/yoast.com\/product\/yoast-seo-wordpress\/ -->\n<title>Workbook gratis und kostenlos: 6 Tipps f\u00fcr Amazon FBA-Seller!<\/title>\n<meta name=\"description\" content=\"Trotz aller Unkenrufe: Mit Fulfillment by Amazon l\u00e4sst sich Geld verdienen! Doch man muss wissen, was man tut! Jetzt hier informieren!\" \/>\n<meta name=\"robots\" content=\"index, follow, max-snippet:-1, max-image-preview:large, max-video-preview:-1\" \/>\n<link rel=\"canonical\" href=\"https:\/\/www.sellerlogic.com\/de\/ressourcen\/download-workbook-tipps-fba-seller\/\" \/>\n<meta property=\"og:locale\" content=\"de_DE\" \/>\n<meta property=\"og:type\" content=\"article\" \/>\n<meta property=\"og:title\" content=\"Workbook gratis und kostenlos: 6 Tipps f\u00fcr Amazon FBA-Seller!\" \/>\n<meta property=\"og:description\" content=\"Trotz aller Unkenrufe: Mit Fulfillment by Amazon l\u00e4sst sich Geld verdienen! Doch man muss wissen, was man tut! Jetzt hier informieren!\" \/>\n<meta property=\"og:url\" content=\"https:\/\/www.sellerlogic.com\/de\/ressourcen\/download-workbook-tipps-fba-seller\/\" \/>\n<meta property=\"og:site_name\" content=\"SELLERLOGIC - Smarte Tools f\u00fcr Amazon-Seller\" \/>\n<meta property=\"article:publisher\" content=\"https:\/\/www.facebook.com\/SellerLogic\/\" \/>\n<meta property=\"article:modified_time\" content=\"2026-01-30T20:43:28+00:00\" \/>\n<meta property=\"og:image\" content=\"http:\/\/d2bw95mh2ee04s.cloudfront.net\/prod\/content\/wp-content\/uploads\/2020\/12\/23142721\/tipps-fba-seller-header.jpeg\" \/>\n\t<meta property=\"og:image:width\" content=\"2500\" \/>\n\t<meta property=\"og:image:height\" content=\"1067\" \/>\n\t<meta property=\"og:image:type\" content=\"image\/jpeg\" \/>\n<meta name=\"twitter:card\" content=\"summary_large_image\" \/>\n<meta name=\"twitter:site\" content=\"@sellerlogic\" \/>\n<meta name=\"twitter:label1\" content=\"Est. reading time\" \/>\n\t<meta name=\"twitter:data1\" content=\"2\u00a0Minuten\" \/>\n<script type=\"application\/ld+json\" class=\"yoast-schema-graph\">{\"@context\":\"https:\/\/schema.org\",\"@graph\":[{\"@type\":\"WebPage\",\"@id\":\"https:\/\/www.sellerlogic.com\/de\/ressourcen\/download-workbook-tipps-fba-seller\/\",\"url\":\"https:\/\/www.sellerlogic.com\/de\/ressourcen\/download-workbook-tipps-fba-seller\/\",\"name\":\"Workbook gratis und kostenlos: 6 Tipps f\u00fcr Amazon FBA-Seller!\",\"isPartOf\":{\"@id\":\"https:\/\/www.sellerlogic.com\/de\/#website\"},\"primaryImageOfPage\":{\"@id\":\"https:\/\/www.sellerlogic.com\/de\/ressourcen\/download-workbook-tipps-fba-seller\/#primaryimage\"},\"image\":{\"@id\":\"https:\/\/www.sellerlogic.com\/de\/ressourcen\/download-workbook-tipps-fba-seller\/#primaryimage\"},\"thumbnailUrl\":\"https:\/\/d2bw95mh2ee04s.cloudfront.net\/prod\/content\/wp-content\/uploads\/2020\/12\/23142721\/tipps-fba-seller-header.jpeg\",\"datePublished\":\"2020-12-11T09:33:56+00:00\",\"dateModified\":\"2026-01-30T20:43:28+00:00\",\"description\":\"Trotz aller Unkenrufe: Mit Fulfillment by Amazon l\u00e4sst sich Geld verdienen! Doch man muss wissen, was man tut! Jetzt hier informieren!\",\"breadcrumb\":{\"@id\":\"https:\/\/www.sellerlogic.com\/de\/ressourcen\/download-workbook-tipps-fba-seller\/#breadcrumb\"},\"inLanguage\":\"de\",\"potentialAction\":[{\"@type\":\"ReadAction\",\"target\":[\"https:\/\/www.sellerlogic.com\/de\/ressourcen\/download-workbook-tipps-fba-seller\/\"]}]},{\"@type\":\"ImageObject\",\"inLanguage\":\"de\",\"@id\":\"https:\/\/www.sellerlogic.com\/de\/ressourcen\/download-workbook-tipps-fba-seller\/#primaryimage\",\"url\":\"https:\/\/d2bw95mh2ee04s.cloudfront.net\/prod\/content\/wp-content\/uploads\/2020\/12\/23142721\/tipps-fba-seller-header.jpeg\",\"contentUrl\":\"https:\/\/d2bw95mh2ee04s.cloudfront.net\/prod\/content\/wp-content\/uploads\/2020\/12\/23142721\/tipps-fba-seller-header.jpeg\",\"width\":2500,\"height\":1067,\"caption\":\"6 Tipps f\u00fcr FBA Seller\"},{\"@type\":\"BreadcrumbList\",\"@id\":\"https:\/\/www.sellerlogic.com\/de\/ressourcen\/download-workbook-tipps-fba-seller\/#breadcrumb\",\"itemListElement\":[{\"@type\":\"ListItem\",\"position\":1,\"name\":\"Home\",\"item\":\"https:\/\/www.sellerlogic.com\/de\/\"},{\"@type\":\"ListItem\",\"position\":2,\"name\":\"Ressourcen\",\"item\":\"https:\/\/www.sellerlogic.com\/de\/ressourcen\/\"},{\"@type\":\"ListItem\",\"position\":3,\"name\":\"Workbook: 6 Tipps f\u00fcr FBA Seller\"}]},{\"@type\":\"WebSite\",\"@id\":\"https:\/\/www.sellerlogic.com\/de\/#website\",\"url\":\"https:\/\/www.sellerlogic.com\/de\/\",\"name\":\"SELLERLOGIC - Smarte Tools f\u00fcr Amazon-Seller\",\"description\":\"Intelligente Prozessoptimierung und Gewinnmaximierung\",\"publisher\":{\"@id\":\"https:\/\/www.sellerlogic.com\/de\/#organization\"},\"potentialAction\":[{\"@type\":\"SearchAction\",\"target\":{\"@type\":\"EntryPoint\",\"urlTemplate\":\"https:\/\/www.sellerlogic.com\/de\/?s={search_term_string}\"},\"query-input\":{\"@type\":\"PropertyValueSpecification\",\"valueRequired\":true,\"valueName\":\"search_term_string\"}}],\"inLanguage\":\"de\"},{\"@type\":\"Organization\",\"@id\":\"https:\/\/www.sellerlogic.com\/de\/#organization\",\"name\":\"SELLERLOGIC\",\"url\":\"https:\/\/www.sellerlogic.com\/de\/\",\"logo\":{\"@type\":\"ImageObject\",\"inLanguage\":\"de\",\"@id\":\"https:\/\/www.sellerlogic.com\/de\/#\/schema\/logo\/image\/\",\"url\":\"https:\/\/d2bw95mh2ee04s.cloudfront.net\/prod\/content\/wp-content\/uploads\/2025\/01\/02134814\/Property-Logo-Main.svg\",\"contentUrl\":\"https:\/\/d2bw95mh2ee04s.cloudfront.net\/prod\/content\/wp-content\/uploads\/2025\/01\/02134814\/Property-Logo-Main.svg\",\"width\":184,\"height\":40,\"caption\":\"SELLERLOGIC\"},\"image\":{\"@id\":\"https:\/\/www.sellerlogic.com\/de\/#\/schema\/logo\/image\/\"},\"sameAs\":[\"https:\/\/www.facebook.com\/SellerLogic\/\",\"https:\/\/x.com\/sellerlogic\",\"https:\/\/www.instagram.com\/sellerlogic\/\",\"https:\/\/www.linkedin.com\/company\/18402037\/\",\"https:\/\/www.youtube.com\/channel\/UC-gULUur-fNj08sprantKsQ\"]}]}<\/script>\n<!-- \/ Yoast SEO plugin. -->","yoast_head_json":{"title":"Workbook gratis und kostenlos: 6 Tipps f\u00fcr Amazon FBA-Seller!","description":"Trotz aller Unkenrufe: Mit Fulfillment by Amazon l\u00e4sst sich Geld verdienen! Doch man muss wissen, was man tut! Jetzt hier informieren!","robots":{"index":"index","follow":"follow","max-snippet":"max-snippet:-1","max-image-preview":"max-image-preview:large","max-video-preview":"max-video-preview:-1"},"canonical":"https:\/\/www.sellerlogic.com\/de\/ressourcen\/download-workbook-tipps-fba-seller\/","og_locale":"de_DE","og_type":"article","og_title":"Workbook gratis und kostenlos: 6 Tipps f\u00fcr Amazon FBA-Seller!","og_description":"Trotz aller Unkenrufe: Mit Fulfillment by Amazon l\u00e4sst sich Geld verdienen! Doch man muss wissen, was man tut! Jetzt hier informieren!","og_url":"https:\/\/www.sellerlogic.com\/de\/ressourcen\/download-workbook-tipps-fba-seller\/","og_site_name":"SELLERLOGIC - Smarte Tools f\u00fcr Amazon-Seller","article_publisher":"https:\/\/www.facebook.com\/SellerLogic\/","article_modified_time":"2026-01-30T20:43:28+00:00","og_image":[{"width":2500,"height":1067,"url":"http:\/\/d2bw95mh2ee04s.cloudfront.net\/prod\/content\/wp-content\/uploads\/2020\/12\/23142721\/tipps-fba-seller-header.jpeg","type":"image\/jpeg"}],"twitter_card":"summary_large_image","twitter_site":"@sellerlogic","twitter_misc":{"Est. reading time":"2\u00a0Minuten"},"schema":{"@context":"https:\/\/schema.org","@graph":[{"@type":"WebPage","@id":"https:\/\/www.sellerlogic.com\/de\/ressourcen\/download-workbook-tipps-fba-seller\/","url":"https:\/\/www.sellerlogic.com\/de\/ressourcen\/download-workbook-tipps-fba-seller\/","name":"Workbook gratis und kostenlos: 6 Tipps f\u00fcr Amazon FBA-Seller!","isPartOf":{"@id":"https:\/\/www.sellerlogic.com\/de\/#website"},"primaryImageOfPage":{"@id":"https:\/\/www.sellerlogic.com\/de\/ressourcen\/download-workbook-tipps-fba-seller\/#primaryimage"},"image":{"@id":"https:\/\/www.sellerlogic.com\/de\/ressourcen\/download-workbook-tipps-fba-seller\/#primaryimage"},"thumbnailUrl":"https:\/\/d2bw95mh2ee04s.cloudfront.net\/prod\/content\/wp-content\/uploads\/2020\/12\/23142721\/tipps-fba-seller-header.jpeg","datePublished":"2020-12-11T09:33:56+00:00","dateModified":"2026-01-30T20:43:28+00:00","description":"Trotz aller Unkenrufe: Mit Fulfillment by Amazon l\u00e4sst sich Geld verdienen! Doch man muss wissen, was man tut! Jetzt hier informieren!","breadcrumb":{"@id":"https:\/\/www.sellerlogic.com\/de\/ressourcen\/download-workbook-tipps-fba-seller\/#breadcrumb"},"inLanguage":"de","potentialAction":[{"@type":"ReadAction","target":["https:\/\/www.sellerlogic.com\/de\/ressourcen\/download-workbook-tipps-fba-seller\/"]}]},{"@type":"ImageObject","inLanguage":"de","@id":"https:\/\/www.sellerlogic.com\/de\/ressourcen\/download-workbook-tipps-fba-seller\/#primaryimage","url":"https:\/\/d2bw95mh2ee04s.cloudfront.net\/prod\/content\/wp-content\/uploads\/2020\/12\/23142721\/tipps-fba-seller-header.jpeg","contentUrl":"https:\/\/d2bw95mh2ee04s.cloudfront.net\/prod\/content\/wp-content\/uploads\/2020\/12\/23142721\/tipps-fba-seller-header.jpeg","width":2500,"height":1067,"caption":"6 Tipps f\u00fcr FBA Seller"},{"@type":"BreadcrumbList","@id":"https:\/\/www.sellerlogic.com\/de\/ressourcen\/download-workbook-tipps-fba-seller\/#breadcrumb","itemListElement":[{"@type":"ListItem","position":1,"name":"Home","item":"https:\/\/www.sellerlogic.com\/de\/"},{"@type":"ListItem","position":2,"name":"Ressourcen","item":"https:\/\/www.sellerlogic.com\/de\/ressourcen\/"},{"@type":"ListItem","position":3,"name":"Workbook: 6 Tipps f\u00fcr FBA Seller"}]},{"@type":"WebSite","@id":"https:\/\/www.sellerlogic.com\/de\/#website","url":"https:\/\/www.sellerlogic.com\/de\/","name":"SELLERLOGIC - Smarte Tools f\u00fcr Amazon-Seller","description":"Intelligente Prozessoptimierung und Gewinnmaximierung","publisher":{"@id":"https:\/\/www.sellerlogic.com\/de\/#organization"},"potentialAction":[{"@type":"SearchAction","target":{"@type":"EntryPoint","urlTemplate":"https:\/\/www.sellerlogic.com\/de\/?s={search_term_string}"},"query-input":{"@type":"PropertyValueSpecification","valueRequired":true,"valueName":"search_term_string"}}],"inLanguage":"de"},{"@type":"Organization","@id":"https:\/\/www.sellerlogic.com\/de\/#organization","name":"SELLERLOGIC","url":"https:\/\/www.sellerlogic.com\/de\/","logo":{"@type":"ImageObject","inLanguage":"de","@id":"https:\/\/www.sellerlogic.com\/de\/#\/schema\/logo\/image\/","url":"https:\/\/d2bw95mh2ee04s.cloudfront.net\/prod\/content\/wp-content\/uploads\/2025\/01\/02134814\/Property-Logo-Main.svg","contentUrl":"https:\/\/d2bw95mh2ee04s.cloudfront.net\/prod\/content\/wp-content\/uploads\/2025\/01\/02134814\/Property-Logo-Main.svg","width":184,"height":40,"caption":"SELLERLOGIC"},"image":{"@id":"https:\/\/www.sellerlogic.com\/de\/#\/schema\/logo\/image\/"},"sameAs":["https:\/\/www.facebook.com\/SellerLogic\/","https:\/\/x.com\/sellerlogic","https:\/\/www.instagram.com\/sellerlogic\/","https:\/\/www.linkedin.com\/company\/18402037\/","https:\/\/www.youtube.com\/channel\/UC-gULUur-fNj08sprantKsQ"]}]}},"_links":{"self":[{"href":"https:\/\/www.sellerlogic.com\/de\/wp-json\/wp\/v2\/pages\/4887","targetHints":{"allow":["GET"]}}],"collection":[{"href":"https:\/\/www.sellerlogic.com\/de\/wp-json\/wp\/v2\/pages"}],"about":[{"href":"https:\/\/www.sellerlogic.com\/de\/wp-json\/wp\/v2\/types\/page"}],"author":[{"embeddable":true,"href":"https:\/\/www.sellerlogic.com\/de\/wp-json\/wp\/v2\/users\/3"}],"replies":[{"embeddable":true,"href":"https:\/\/www.sellerlogic.com\/de\/wp-json\/wp\/v2\/comments?post=4887"}],"version-history":[{"count":1,"href":"https:\/\/www.sellerlogic.com\/de\/wp-json\/wp\/v2\/pages\/4887\/revisions"}],"predecessor-version":[{"id":291807,"href":"https:\/\/www.sellerlogic.com\/de\/wp-json\/wp\/v2\/pages\/4887\/revisions\/291807"}],"up":[{"embeddable":true,"href":"https:\/\/www.sellerlogic.com\/de\/wp-json\/wp\/v2\/pages\/470"}],"wp:featuredmedia":[{"embeddable":true,"href":"https:\/\/www.sellerlogic.com\/de\/wp-json\/wp\/v2\/media\/4890"}],"wp:attachment":[{"href":"https:\/\/www.sellerlogic.com\/de\/wp-json\/wp\/v2\/media?parent=4887"}],"curies":[{"name":"wp","href":"https:\/\/api.w.org\/{rel}","templated":true}]}}