
{"id":4995,"date":"2020-12-11T11:58:27","date_gmt":"2020-12-11T11:58:27","guid":{"rendered":"https:\/\/www.sellerlogic.com\/?page_id=4995"},"modified":"2021-01-14T15:04:39","modified_gmt":"2021-01-14T15:04:39","slug":"success-story-dadaro","status":"publish","type":"page","link":"https:\/\/www.sellerlogic.com\/de\/ressourcen\/success-story-dadaro\/","title":{"rendered":"Success Story: Dadaro"},"content":{"rendered":"\n\t<div  class=\"theme-wp-block theme-block-main-header is-style-full-height desktop-content-align-y-center desktop-content-align-x-center xl-content-align-y-center xl-content-align-x-center lg-content-align-y-center lg-content-align-x-center md-content-align-y-center md-content-align-x-center sm-content-align-y-center sm-content-align-x-center gb-responsive-853195-identifier desktop-align-full xl-align-full lg-align-full md-align-full sm-align-full theme-block-cover\">\n\t\t<div class=\"bg-cover theme-lazy-load-bg\"><\/div>\n\t\t<div class=\"wrap-content-main-header\">\n\t\t\t\n\t\t<div  class=\"theme-wp-block theme-block-text-and-text gb-responsive-170032-identifier desktop-vertical-center xl-vertical-center lg-vertical-center md-vertical-center sm-vertical-center md-blockDirection-column sm-blockDirection-column desktop-blockDirection-column xl-blockDirection-column lg-blockDirection-column alignfull\">\n\t\t<div class=\"tat-column-wrap-wrapper\">\n\t\t\t<div class=\"tat-column-wrapper\">\n\t\t\t\t\n\t<div  class=\"theme-wp-block theme-block-text-and-text-column gb-responsive-644092-identifier md-horizontal-center desktop-horizontal-right sm-horizontal-center xl-horizontal-center lg-horizontal-center\">\n\t\t<div class=\"inner-wrap-column-content\">\n\t\t\t<div class=\"inner-column-content\">\n\t\t\t\t\n\t\t<h1  class=\"theme-wp-block theme-block-heading is-style-default sm-text-center md-text-center desktop-text-center xl-text-center lg-text-center gb-responsive-113637-identifier alignfull h1 has-text-align\">\n\t\tWie SELLERLOGIC Lost &amp; Found  Dadaro in der Coronakrise unterst\u00fctzt\t<\/h1>\n\n\n\t\t\t<\/div>\n\t\t<\/div>\n\t<\/div>\n\n\n\t<div  class=\"theme-wp-block theme-block-text-and-text-column gb-responsive-840598-identifier desktop-horizontal-center xl-horizontal-center lg-horizontal-center md-horizontal-center sm-horizontal-center\">\n\t\t<div class=\"inner-wrap-column-content\">\n\t\t\t<div class=\"inner-column-content\">\n\t\t\t\t\t\t\t<\/div>\n\t\t<\/div>\n\t<\/div>\n\n\t\t\t<\/div>\n\t\t<\/div>\n\t<\/div>\n\n\n\t\t<\/div>\n\t<\/div>\n\n\n\n\n<div style=\"height:50px\" aria-hidden=\"true\" class=\"theme-wp-block wp-block-spacer\"><\/div>\n\n\n\n<div class=\"theme-wp-block wp-block-columns gb-responsive-715185-identifier is-layout-flex wp-container-core-columns-is-layout-9d6595d7 wp-block-columns-is-layout-flex\">\n<div class=\"theme-wp-block wp-block-column gb-responsive-447113-identifier is-layout-flow wp-block-column-is-layout-flow\" style=\"flex-basis:25%\">\n<figure class=\"theme-wp-block wp-block-image size-large is-resized gb-responsive-62921-identifier\"><img decoding=\"async\" src=\"https:\/\/d2bw95mh2ee04s.cloudfront.net\/prod\/content\/wp-content\/uploads\/2020\/12\/23142718\/logo-monde-petit.png\" alt=\"Success Story: Dadaro\" class=\"wp-image-5012\" width=\"300\" height=\"264\" srcset=\"https:\/\/d2bw95mh2ee04s.cloudfront.net\/prod\/content\/wp-content\/uploads\/2020\/12\/23142718\/logo-monde-petit-407x358.png 407w, https:\/\/d2bw95mh2ee04s.cloudfront.net\/prod\/content\/wp-content\/uploads\/2020\/12\/23142718\/logo-monde-petit.png 600w\" sizes=\"(max-width: 300px) 100vw, 300px\" \/><\/figure>\n\n\n\n<p class=\"theme-wp-block gb-responsive-312552-identifier\"><strong>Gr\u00fcndung:<\/strong><br>November 2004<\/p>\n\n\n\n<p class=\"theme-wp-block gb-responsive-353708-identifier\"><strong>Branche:<\/strong><br>Schmuck<\/p>\n\n\n\n<p class=\"theme-wp-block gb-responsive-741269-identifier\"><strong>Artikel bei Amazon:<\/strong><br>ca. 1.600<\/p>\n\n\n\n<p class=\"theme-wp-block gb-responsive-218030-identifier\"><strong>Sendungen:&nbsp;<\/strong><br>ca. 700 pro Monat<\/p>\n<\/div>\n\n\n\n<div class=\"theme-wp-block wp-block-column gb-responsive-617513-identifier is-layout-flow wp-block-column-is-layout-flow\" style=\"flex-basis:50%\">\n<h3 class=\"theme-wp-block gb-responsive-34353-identifier wp-block-heading\" id=\"block-c06fce04-ef87-4ffc-a3d6-b768ba377d17\">Hintergrund:<\/h3>\n\n\n\n<p class=\"theme-wp-block gb-responsive-553496-identifier\">2008, in einem der h\u00e4rtesten Jahre der Wirtschaftskrise in Spanien, beobachtete das 2004 gegr\u00fcnde Familienunternehmen Dadaro, wie der traditionelle Handel langsam erstarb. Das auf Herstellung, Ankauf und Verkauf von Schmuck spezialisierte Unternehmen hatte zudem mit dem drastischen Anstieg des Goldpreises zu k\u00e4mpfen, was die Nachfrage f\u00fcr hochwertigen Schmuck weiter dr\u00fcckte.<\/p>\n\n\n\n<p class=\"theme-wp-block gb-responsive-895729-identifier\">Zu diesem Zeitpunkt war sich CEO Luis G\u00f3mez sicher, dass er etwas Neues wagen musste, um das Familienunternehmen zu retten: den Vertrieb \u00fcber das Internet.<\/p>\n\n\n\n<h3 class=\"theme-wp-block gb-responsive-182281-identifier wp-block-heading\">Herausforderung:<\/h3>\n\n\n\n<p class=\"theme-wp-block gb-responsive-484244-identifier\">Nachdem Luis G\u00f3mez den Onlineshop MondePetit etabliert hatte, entschied er sich, seine Aktivit\u00e4ten auch auf Amazon auszuweiten. Mit seinem Shop Dadaro auf amazon.es erkannte er schnell, dass der Marktplatz ihm nicht nur die Tore in Spanien \u00f6ffnet, sondern in ganz Europa.<\/p>\n\n\n\n<p class=\"theme-wp-block gb-responsive-601553-identifier\"><br>\u201eDer FBA-Service und die damit verbundene Multichannel-Logistik hatte einen gravierenden Einfluss auf unser Gech\u00e4ft\u201c, best\u00e4tigt Luis G\u00f3mez. \u201eAuch mit Blick auf den Kundenservice hat uns FBA sehr geholfen, da Amazon die Kundenanfragen selbst bearbeitet. Aber uns war auch klar, dass selbst ein Riese wie Amazon nicht perfekt arbeitet. Bei so vielen Warenbewegungen mussten zwangsl\u00e4ufig Produkte kaputt oder verloren gehen.\u201c<\/p>\n\n\n\n<h3 class=\"theme-wp-block gb-responsive-115756-identifier wp-block-heading\">L\u00f6sung:<\/h3>\n\n\n\n<p class=\"theme-wp-block gb-responsive-49178-identifier\">W\u00e4hrend der harten Lockdown-Ma\u00dfnahmen wegen der Coronakrise in Spanien wusste Luis G\u00f3mez seine Zeit zu nutzen und bearbeitete seine E-Mails. Auf diesem Wege erfuhr er von VGAMZ, einer der ersten spanischen Beratungsagenturen f\u00fcr den Verkauf auf Amazon: \u201eDie E-Mail weckte meine Aufmerksamkeit und ich nahm mir die Zeit, den Podcast von VGAMZ zu h\u00f6ren und wurde so auf den Youtube-Kanal der Agentur aufmerksam. Als ich dort das Video-Tutorial \u00fcber Lost &amp; Found sah, sagte ich mir selbst: Das ist genau das, was wir brauchen\u201c, erz\u00e4hlt Luis G\u00f3mez. \u201eIch schrieb mir den Namen des Tools auf und nur ein paar Tage sp\u00e4ter hatte ich bereits einen Account bei SELLERLOGIC erstellt.\u201c<\/p>\n\n\n<div class=\"theme-block-group-wrap\">\n<div class=\"theme-wp-block wp-block-group gb-responsive-88118-identifier\"><div class=\"wp-block-group__inner-container\"><div class=\"wp-block-group__inner-container is-layout-flow wp-block-group-is-layout-flow\">\t\t<div  class=\"theme-wp-block theme-block-user-card gb-responsive-799176-identifier is-style-full-width-line aligncenter\">\n\t\t<div class=\"wrap-inner-content\">\n\t\t\t<div class=\"card-user-head\">\n\t\t\t\t<div class=\"card-user-avatar\">\n\t\t\t\t\t<div class=\"cover-avatar\" style=\"background-image: url(https:\/\/d2bw95mh2ee04s.cloudfront.net\/prod\/content\/wp-content\/uploads\/2020\/12\/23142718\/luis-gomez_raute.png);\"><\/div>\n\t\t\t\t<\/div>\n\t\t\t\t<div class=\"wrap-title\">\n\t\t\t\t\t<div class=\"card-user-name\">\n\t\t\t\t\t\t<div class=\"title\">\n\t\t\t\t\t\t\t<h3 class=\"heading-text\"><strong>Luis G\u00f3mez<\/strong><\/h3>\n\t\t\t\t\t\t<\/div>\n\t\t\t\t\t\t<div class=\"card-user-position\">\n\t\t\t\t\t\t\t<div class=\"card-text\"><strong>Gesch\u00e4ftsf\u00fchrer Dadaro<\/strong><\/div>\n\t\t\t\t\t\t<\/div>\n\t\t\t\t\t<\/div>\n\t\t\t\t\t<div class=\"card-user-quote-icon\">\n\t\t\t\t\t<\/div>\n\t\t\t\t<\/div>\n\t\t\t<\/div>\n\t\t\t<div class=\"card-user-text\">\n\t\t\t\t<div class=\"card-text\"><p>&#8222;In Zeiten des Coronavirus&#8216; war SELLERLOGIC Lost &amp; Found wie ein Geschenk f\u00fcr mich. Ich hoffe auf eine lange und erfolgreiche Zusammenarbeit!&#8220;<\/p><\/div>\n\t\t\t<\/div>\n\t\t<\/div>\n\t<\/div>\n\n<\/div><\/div>\n<\/div><\/div>\n\n\n<h3 class=\"theme-wp-block gb-responsive-595368-identifier wp-block-heading\">Ergebnis:<\/h3>\n\n\n\n<p class=\"theme-wp-block gb-responsive-383459-identifier\">\u201eAlles war einfach und super schnell aufgesetzt. Wir brauchten nicht mal Unterst\u00fctzung vom SELLERLOGIC-Kundenservice. Der Registrierungsprozess war bequem und das Tool mit nur wenigen Klicks eingerichtet. Nach kurzer Zeit erschienen auch schon die ersten Erstattungsanspr\u00fcche. Ich konnte es nicht glauben, als ich 117 F\u00e4lle sah.\u201c<\/p>\n\n\n\n<p class=\"theme-wp-block gb-responsive-719273-identifier\">\u201eDie Tatsache, dass ich den ganzen Prozess automatisieren konnte, also das Aggregieren der einzelnen Berichte wie auch die umfassende Analyse nach auff\u00e4lligen Transaktionen, kam mir insbesondere in der aktuellen Lage sehr gelegen\u201c, erg\u00e4nzt Luis G\u00f3mez. \u201eEs war noch nie so einfach, die Anspr\u00fcche bei Amazon geltend zu machen. Ich muss nur noch die n\u00f6tigen Informationen kopieren und bei Amazon einf\u00fcgen.\u201c<\/p>\n\n\n\n<p class=\"theme-wp-block gb-responsive-821433-identifier\">\u201eOhne SELLERLOGIC h\u00e4tte ich wohl nie R\u00fcckerstattungen in H\u00f6he von \u00fcber 3886 Euro erhalten. Besonders in der derzeitigen Situation, in der st\u00e4ndige \u00c4nderungen durch Amazon meine Aufmerksamkeit brauchen, w\u00e4re es mir nicht m\u00f6glich gewesen, mich um die R\u00fcckerstattungen zu k\u00fcmmern\u201c, f\u00e4hrt Luis G\u00f3mez fort. \u201eAus meiner Sicht haben Unternehmen nichts zu verlieren. Ich kann das Tool nur jedem empfehlen.\u201c<\/p>\n\n\n\n<div class=\"theme-wp-block wp-block-buttons gb-responsive-497426-identifier is-layout-flex wp-block-buttons-is-layout-flex\">\n<div class=\"theme-wp-block wp-block-button gb-responsive-38220-identifier is-style-theme-transparent-with-arrow\"><a class=\"wp-block-button__link\" href=\"https:\/\/d2bw95mh2ee04s.cloudfront.net\/prod\/content\/files\/SUCCESS-STORIES\/DE\/SELLERLOGIC_SN_Success-Story_Dadaro_DE.pdf\" target=\"_blank\" rel=\"noreferrer noopener nofollow\">Jetzt herunterladen!<\/a><\/div>\n<\/div>\n<\/div>\n\n\n\n<div class=\"theme-wp-block wp-block-column gb-responsive-180258-identifier is-layout-flow wp-block-column-is-layout-flow\" style=\"flex-basis:25%\"><\/div>\n<\/div>\n\n\n\n<p class=\"theme-wp-block gb-responsive-527070-identifier\"><\/p>\n","protected":false},"excerpt":{"rendered":"<p>Gr\u00fcndung:November 2004 Branche:Schmuck Artikel bei Amazon:ca. 1.600 Sendungen:&nbsp;ca. 700 pro Monat Hintergrund: 2008, in einem der h\u00e4rtesten Jahre der Wirtschaftskrise in Spanien, beobachtete das 2004 gegr\u00fcnde Familienunternehmen Dadaro, wie der traditionelle Handel langsam erstarb. Das auf Herstellung, Ankauf und Verkauf von Schmuck spezialisierte Unternehmen hatte zudem mit dem drastischen Anstieg des Goldpreises zu k\u00e4mpfen, was<\/p>\n","protected":false},"author":8,"featured_media":0,"parent":470,"menu_order":0,"comment_status":"closed","ping_status":"closed","template":"","meta":{"sidebar_recommended_resources":{"data":[]},"sidebar_header_settings":{"hide_buttons":{"register":false}},"_use_new_theme":false,"inline_featured_image":false,"footnotes":""},"class_list":["post-4995","page","type-page","status-publish","hentry"],"yoast_head":"<!-- This site is optimized with the Yoast SEO plugin v26.8 - https:\/\/yoast.com\/product\/yoast-seo-wordpress\/ -->\n<title>Success Story Dadaro: Eine Empfehlung, die sich auszahlt<\/title>\n<meta name=\"description\" content=\"Wie die Nutzung von SELLERLOGIC Lost &amp; Found das spanische Unternehmen Dadaro in der Corona-Krise unterst\u00fctzt, lesen Sie hier.\" \/>\n<meta name=\"robots\" content=\"index, follow, max-snippet:-1, max-image-preview:large, max-video-preview:-1\" \/>\n<link rel=\"canonical\" href=\"https:\/\/www.sellerlogic.com\/de\/ressourcen\/success-story-dadaro\/\" \/>\n<meta property=\"og:locale\" content=\"de_DE\" \/>\n<meta property=\"og:type\" content=\"article\" \/>\n<meta property=\"og:title\" content=\"Success Story Dadaro: Eine Empfehlung, die sich auszahlt\" \/>\n<meta property=\"og:description\" content=\"Wie die Nutzung von SELLERLOGIC Lost &amp; Found das spanische Unternehmen Dadaro in der Corona-Krise unterst\u00fctzt, lesen Sie hier.\" \/>\n<meta property=\"og:url\" content=\"https:\/\/www.sellerlogic.com\/de\/ressourcen\/success-story-dadaro\/\" \/>\n<meta property=\"og:site_name\" content=\"SELLERLOGIC - Smarte Tools f\u00fcr Amazon-Seller\" \/>\n<meta property=\"article:publisher\" content=\"https:\/\/www.facebook.com\/SellerLogic\/\" \/>\n<meta property=\"article:modified_time\" content=\"2021-01-14T15:04:39+00:00\" \/>\n<meta property=\"og:image\" content=\"https:\/\/www.sellerlogic.com\/wp-content\/uploads\/2020\/12\/logo-monde-petit.png\" \/>\n<meta name=\"twitter:card\" content=\"summary_large_image\" \/>\n<meta name=\"twitter:site\" content=\"@sellerlogic\" \/>\n<meta name=\"twitter:label1\" content=\"Est. reading time\" \/>\n\t<meta name=\"twitter:data1\" content=\"3\u00a0Minuten\" \/>\n<script type=\"application\/ld+json\" class=\"yoast-schema-graph\">{\"@context\":\"https:\/\/schema.org\",\"@graph\":[{\"@type\":\"WebPage\",\"@id\":\"https:\/\/www.sellerlogic.com\/de\/ressourcen\/success-story-dadaro\/\",\"url\":\"https:\/\/www.sellerlogic.com\/de\/ressourcen\/success-story-dadaro\/\",\"name\":\"Success Story Dadaro: Eine Empfehlung, die sich auszahlt\",\"isPartOf\":{\"@id\":\"https:\/\/www.sellerlogic.com\/de\/#website\"},\"primaryImageOfPage\":{\"@id\":\"https:\/\/www.sellerlogic.com\/de\/ressourcen\/success-story-dadaro\/#primaryimage\"},\"image\":{\"@id\":\"https:\/\/www.sellerlogic.com\/de\/ressourcen\/success-story-dadaro\/#primaryimage\"},\"thumbnailUrl\":\"https:\/\/www.sellerlogic.com\/wp-content\/uploads\/2020\/12\/logo-monde-petit.png\",\"datePublished\":\"2020-12-11T11:58:27+00:00\",\"dateModified\":\"2021-01-14T15:04:39+00:00\",\"description\":\"Wie die Nutzung von SELLERLOGIC Lost & Found das spanische Unternehmen Dadaro in der Corona-Krise unterst\u00fctzt, lesen Sie hier.\",\"breadcrumb\":{\"@id\":\"https:\/\/www.sellerlogic.com\/de\/ressourcen\/success-story-dadaro\/#breadcrumb\"},\"inLanguage\":\"de\",\"potentialAction\":[{\"@type\":\"ReadAction\",\"target\":[\"https:\/\/www.sellerlogic.com\/de\/ressourcen\/success-story-dadaro\/\"]}]},{\"@type\":\"ImageObject\",\"inLanguage\":\"de\",\"@id\":\"https:\/\/www.sellerlogic.com\/de\/ressourcen\/success-story-dadaro\/#primaryimage\",\"url\":\"https:\/\/www.sellerlogic.com\/wp-content\/uploads\/2020\/12\/logo-monde-petit.png\",\"contentUrl\":\"https:\/\/www.sellerlogic.com\/wp-content\/uploads\/2020\/12\/logo-monde-petit.png\"},{\"@type\":\"BreadcrumbList\",\"@id\":\"https:\/\/www.sellerlogic.com\/de\/ressourcen\/success-story-dadaro\/#breadcrumb\",\"itemListElement\":[{\"@type\":\"ListItem\",\"position\":1,\"name\":\"Home\",\"item\":\"https:\/\/www.sellerlogic.com\/de\/\"},{\"@type\":\"ListItem\",\"position\":2,\"name\":\"Ressourcen\",\"item\":\"https:\/\/www.sellerlogic.com\/de\/ressourcen\/\"},{\"@type\":\"ListItem\",\"position\":3,\"name\":\"Success Story: Dadaro\"}]},{\"@type\":\"WebSite\",\"@id\":\"https:\/\/www.sellerlogic.com\/de\/#website\",\"url\":\"https:\/\/www.sellerlogic.com\/de\/\",\"name\":\"SELLERLOGIC - Smarte Tools f\u00fcr Amazon-Seller\",\"description\":\"Intelligente Prozessoptimierung und Gewinnmaximierung\",\"publisher\":{\"@id\":\"https:\/\/www.sellerlogic.com\/de\/#organization\"},\"potentialAction\":[{\"@type\":\"SearchAction\",\"target\":{\"@type\":\"EntryPoint\",\"urlTemplate\":\"https:\/\/www.sellerlogic.com\/de\/?s={search_term_string}\"},\"query-input\":{\"@type\":\"PropertyValueSpecification\",\"valueRequired\":true,\"valueName\":\"search_term_string\"}}],\"inLanguage\":\"de\"},{\"@type\":\"Organization\",\"@id\":\"https:\/\/www.sellerlogic.com\/de\/#organization\",\"name\":\"SELLERLOGIC\",\"url\":\"https:\/\/www.sellerlogic.com\/de\/\",\"logo\":{\"@type\":\"ImageObject\",\"inLanguage\":\"de\",\"@id\":\"https:\/\/www.sellerlogic.com\/de\/#\/schema\/logo\/image\/\",\"url\":\"https:\/\/d2bw95mh2ee04s.cloudfront.net\/prod\/content\/wp-content\/uploads\/2025\/01\/02134814\/Property-Logo-Main.svg\",\"contentUrl\":\"https:\/\/d2bw95mh2ee04s.cloudfront.net\/prod\/content\/wp-content\/uploads\/2025\/01\/02134814\/Property-Logo-Main.svg\",\"width\":184,\"height\":40,\"caption\":\"SELLERLOGIC\"},\"image\":{\"@id\":\"https:\/\/www.sellerlogic.com\/de\/#\/schema\/logo\/image\/\"},\"sameAs\":[\"https:\/\/www.facebook.com\/SellerLogic\/\",\"https:\/\/x.com\/sellerlogic\",\"https:\/\/www.instagram.com\/sellerlogic\/\",\"https:\/\/www.linkedin.com\/company\/18402037\/\",\"https:\/\/www.youtube.com\/channel\/UC-gULUur-fNj08sprantKsQ\"]}]}<\/script>\n<!-- \/ Yoast SEO plugin. -->","yoast_head_json":{"title":"Success Story Dadaro: Eine Empfehlung, die sich auszahlt","description":"Wie die Nutzung von SELLERLOGIC Lost & Found das spanische Unternehmen Dadaro in der Corona-Krise unterst\u00fctzt, lesen Sie hier.","robots":{"index":"index","follow":"follow","max-snippet":"max-snippet:-1","max-image-preview":"max-image-preview:large","max-video-preview":"max-video-preview:-1"},"canonical":"https:\/\/www.sellerlogic.com\/de\/ressourcen\/success-story-dadaro\/","og_locale":"de_DE","og_type":"article","og_title":"Success Story Dadaro: Eine Empfehlung, die sich auszahlt","og_description":"Wie die Nutzung von SELLERLOGIC Lost & Found das spanische Unternehmen Dadaro in der Corona-Krise unterst\u00fctzt, lesen Sie hier.","og_url":"https:\/\/www.sellerlogic.com\/de\/ressourcen\/success-story-dadaro\/","og_site_name":"SELLERLOGIC - Smarte Tools f\u00fcr Amazon-Seller","article_publisher":"https:\/\/www.facebook.com\/SellerLogic\/","article_modified_time":"2021-01-14T15:04:39+00:00","og_image":[{"url":"https:\/\/www.sellerlogic.com\/wp-content\/uploads\/2020\/12\/logo-monde-petit.png","type":"","width":"","height":""}],"twitter_card":"summary_large_image","twitter_site":"@sellerlogic","twitter_misc":{"Est. reading time":"3\u00a0Minuten"},"schema":{"@context":"https:\/\/schema.org","@graph":[{"@type":"WebPage","@id":"https:\/\/www.sellerlogic.com\/de\/ressourcen\/success-story-dadaro\/","url":"https:\/\/www.sellerlogic.com\/de\/ressourcen\/success-story-dadaro\/","name":"Success Story Dadaro: Eine Empfehlung, die sich auszahlt","isPartOf":{"@id":"https:\/\/www.sellerlogic.com\/de\/#website"},"primaryImageOfPage":{"@id":"https:\/\/www.sellerlogic.com\/de\/ressourcen\/success-story-dadaro\/#primaryimage"},"image":{"@id":"https:\/\/www.sellerlogic.com\/de\/ressourcen\/success-story-dadaro\/#primaryimage"},"thumbnailUrl":"https:\/\/www.sellerlogic.com\/wp-content\/uploads\/2020\/12\/logo-monde-petit.png","datePublished":"2020-12-11T11:58:27+00:00","dateModified":"2021-01-14T15:04:39+00:00","description":"Wie die Nutzung von SELLERLOGIC Lost & Found das spanische Unternehmen Dadaro in der Corona-Krise unterst\u00fctzt, lesen Sie hier.","breadcrumb":{"@id":"https:\/\/www.sellerlogic.com\/de\/ressourcen\/success-story-dadaro\/#breadcrumb"},"inLanguage":"de","potentialAction":[{"@type":"ReadAction","target":["https:\/\/www.sellerlogic.com\/de\/ressourcen\/success-story-dadaro\/"]}]},{"@type":"ImageObject","inLanguage":"de","@id":"https:\/\/www.sellerlogic.com\/de\/ressourcen\/success-story-dadaro\/#primaryimage","url":"https:\/\/www.sellerlogic.com\/wp-content\/uploads\/2020\/12\/logo-monde-petit.png","contentUrl":"https:\/\/www.sellerlogic.com\/wp-content\/uploads\/2020\/12\/logo-monde-petit.png"},{"@type":"BreadcrumbList","@id":"https:\/\/www.sellerlogic.com\/de\/ressourcen\/success-story-dadaro\/#breadcrumb","itemListElement":[{"@type":"ListItem","position":1,"name":"Home","item":"https:\/\/www.sellerlogic.com\/de\/"},{"@type":"ListItem","position":2,"name":"Ressourcen","item":"https:\/\/www.sellerlogic.com\/de\/ressourcen\/"},{"@type":"ListItem","position":3,"name":"Success Story: Dadaro"}]},{"@type":"WebSite","@id":"https:\/\/www.sellerlogic.com\/de\/#website","url":"https:\/\/www.sellerlogic.com\/de\/","name":"SELLERLOGIC - Smarte Tools f\u00fcr Amazon-Seller","description":"Intelligente Prozessoptimierung und Gewinnmaximierung","publisher":{"@id":"https:\/\/www.sellerlogic.com\/de\/#organization"},"potentialAction":[{"@type":"SearchAction","target":{"@type":"EntryPoint","urlTemplate":"https:\/\/www.sellerlogic.com\/de\/?s={search_term_string}"},"query-input":{"@type":"PropertyValueSpecification","valueRequired":true,"valueName":"search_term_string"}}],"inLanguage":"de"},{"@type":"Organization","@id":"https:\/\/www.sellerlogic.com\/de\/#organization","name":"SELLERLOGIC","url":"https:\/\/www.sellerlogic.com\/de\/","logo":{"@type":"ImageObject","inLanguage":"de","@id":"https:\/\/www.sellerlogic.com\/de\/#\/schema\/logo\/image\/","url":"https:\/\/d2bw95mh2ee04s.cloudfront.net\/prod\/content\/wp-content\/uploads\/2025\/01\/02134814\/Property-Logo-Main.svg","contentUrl":"https:\/\/d2bw95mh2ee04s.cloudfront.net\/prod\/content\/wp-content\/uploads\/2025\/01\/02134814\/Property-Logo-Main.svg","width":184,"height":40,"caption":"SELLERLOGIC"},"image":{"@id":"https:\/\/www.sellerlogic.com\/de\/#\/schema\/logo\/image\/"},"sameAs":["https:\/\/www.facebook.com\/SellerLogic\/","https:\/\/x.com\/sellerlogic","https:\/\/www.instagram.com\/sellerlogic\/","https:\/\/www.linkedin.com\/company\/18402037\/","https:\/\/www.youtube.com\/channel\/UC-gULUur-fNj08sprantKsQ"]}]}},"_links":{"self":[{"href":"https:\/\/www.sellerlogic.com\/de\/wp-json\/wp\/v2\/pages\/4995","targetHints":{"allow":["GET"]}}],"collection":[{"href":"https:\/\/www.sellerlogic.com\/de\/wp-json\/wp\/v2\/pages"}],"about":[{"href":"https:\/\/www.sellerlogic.com\/de\/wp-json\/wp\/v2\/types\/page"}],"author":[{"embeddable":true,"href":"https:\/\/www.sellerlogic.com\/de\/wp-json\/wp\/v2\/users\/8"}],"replies":[{"embeddable":true,"href":"https:\/\/www.sellerlogic.com\/de\/wp-json\/wp\/v2\/comments?post=4995"}],"version-history":[{"count":0,"href":"https:\/\/www.sellerlogic.com\/de\/wp-json\/wp\/v2\/pages\/4995\/revisions"}],"up":[{"embeddable":true,"href":"https:\/\/www.sellerlogic.com\/de\/wp-json\/wp\/v2\/pages\/470"}],"wp:attachment":[{"href":"https:\/\/www.sellerlogic.com\/de\/wp-json\/wp\/v2\/media?parent=4995"}],"curies":[{"name":"wp","href":"https:\/\/api.w.org\/{rel}","templated":true}]}}