
{"id":5033,"date":"2020-12-14T10:29:17","date_gmt":"2020-12-14T10:29:17","guid":{"rendered":"https:\/\/www.sellerlogic.com\/?page_id=5033"},"modified":"2026-01-30T20:34:16","modified_gmt":"2026-01-30T20:34:16","slug":"success-story-fj-trading","status":"publish","type":"page","link":"https:\/\/www.sellerlogic.com\/de\/ressourcen\/success-story-fj-trading\/","title":{"rendered":"Success Story: FJ Trading"},"content":{"rendered":"\n\t<div  class=\"theme-wp-block theme-block-main-header is-style-full-height desktop-content-align-y-center desktop-content-align-x-center xl-content-align-y-center xl-content-align-x-center lg-content-align-y-center lg-content-align-x-center md-content-align-y-center md-content-align-x-center sm-content-align-y-center sm-content-align-x-center gb-responsive-853195-identifier desktop-align-full xl-align-full lg-align-full md-align-full sm-align-full theme-block-cover\">\n\t\t<div class=\"bg-cover theme-lazy-load-bg\"><\/div>\n\t\t<div class=\"wrap-content-main-header\">\n\t\t\t\n\t\t<div  class=\"theme-wp-block theme-block-text-and-text gb-responsive-170032-identifier desktop-vertical-center xl-vertical-center lg-vertical-center md-vertical-center sm-vertical-center md-blockDirection-column sm-blockDirection-column desktop-blockDirection-column xl-blockDirection-column lg-blockDirection-column alignfull\">\n\t\t<div class=\"tat-column-wrap-wrapper\">\n\t\t\t<div class=\"tat-column-wrapper\">\n\t\t\t\t\n\t<div  class=\"theme-wp-block theme-block-text-and-text-column gb-responsive-644092-identifier md-horizontal-center desktop-horizontal-right sm-horizontal-center xl-horizontal-center lg-horizontal-center\">\n\t\t<div class=\"inner-wrap-column-content\">\n\t\t\t<div class=\"inner-column-content\">\n\t\t\t\t\n\t\t<h1  class=\"theme-wp-block theme-block-heading gb-responsive-482560-identifier desktop-text-center xl-text-center lg-text-center md-text-center sm-text-center h1\">\n\t\tMehr Buy Box, mehr Umsatz!\t<\/h1>\n\n\n\n\t\t<h2  class=\"theme-wp-block theme-block-heading gb-responsive-539815-identifier desktop-text-center xl-text-center lg-text-center md-text-center sm-text-center h1\">\n\t\tWie FJ Trading durch den SELLERLOGIC Repricer Buy Box-Anteil und Umsatz erh\u00f6hen konnte!\t<\/h2>\n\n\n\t\t\t<\/div>\n\t\t<\/div>\n\t<\/div>\n\n\n\t<div  class=\"theme-wp-block theme-block-text-and-text-column gb-responsive-840598-identifier desktop-horizontal-center xl-horizontal-center lg-horizontal-center md-horizontal-center sm-horizontal-center\">\n\t\t<div class=\"inner-wrap-column-content\">\n\t\t\t<div class=\"inner-column-content\">\n\t\t\t\t\t\t\t<\/div>\n\t\t<\/div>\n\t<\/div>\n\n\t\t\t<\/div>\n\t\t<\/div>\n\t<\/div>\n\n\n\t\t<\/div>\n\t<\/div>\n\n\n\n\n<div style=\"height:50px\" aria-hidden=\"true\" class=\"theme-wp-block wp-block-spacer\"><\/div>\n\n\n\n<div class=\"theme-wp-block wp-block-columns gb-responsive-492868-identifier is-layout-flex wp-container-core-columns-is-layout-9d6595d7 wp-block-columns-is-layout-flex\">\n<div class=\"theme-wp-block wp-block-column gb-responsive-633979-identifier is-layout-flow wp-block-column-is-layout-flow\" style=\"flex-basis:25%\">\n<figure class=\"theme-wp-block wp-block-image size-large is-resized gb-responsive-62921-identifier\"><img decoding=\"async\" width=\"564\" height=\"296\" src=\"https:\/\/d2bw95mh2ee04s.cloudfront.net\/prod\/content\/wp-content\/uploads\/2020\/12\/23142716\/fj-trading-logo.jpg\" alt=\"Success Story: FJ Trading\" class=\"wp-image-5127\" style=\"width:300px;height:167px\" srcset=\"https:\/\/d2bw95mh2ee04s.cloudfront.net\/prod\/content\/wp-content\/uploads\/2020\/12\/23142716\/fj-trading-logo-407x214.jpg 407w, https:\/\/d2bw95mh2ee04s.cloudfront.net\/prod\/content\/wp-content\/uploads\/2020\/12\/23142716\/fj-trading-logo.jpg 564w\" sizes=\"(max-width: 564px) 100vw, 564px\" \/><\/figure>\n\n\n\n<p class=\"theme-wp-block gb-responsive-312552-identifier\"><strong>Gr\u00fcndung:<\/strong><br>2013<\/p>\n\n\n\n<p class=\"theme-wp-block gb-responsive-353708-identifier\"><strong>Branche:<\/strong><br>Schuhe<\/p>\n\n\n\n<p class=\"theme-wp-block gb-responsive-741269-identifier\"><strong>Artikel bei Amazon:<\/strong><br>ca. 100.000 SKUs<\/p>\n\n\n\n<p class=\"theme-wp-block gb-responsive-218030-identifier\"><strong>Sendungen:&nbsp;<\/strong><br>ca. 50.000 pro Monat<\/p>\n<\/div>\n\n\n\n<div class=\"theme-wp-block wp-block-column gb-responsive-243785-identifier is-layout-flow wp-block-column-is-layout-flow\" style=\"flex-basis:50%\">\n<h3 class=\"theme-wp-block wp-block-heading gb-responsive-34353-identifier\" id=\"block-c06fce04-ef87-4ffc-a3d6-b768ba377d17\">Hintergrund:<\/h3>\n\n\n\n<p class=\"theme-wp-block gb-responsive-710769-identifier\">Bereits seit 2004 tummelt sich Frank Jemetz in der Welt der Online-Marktpl\u00e4tze. Was am Anfang noch haupts\u00e4chlich \u00fcber Ebay stattfand, hat sich mittlerweile hin zu Amazon verschoben. \u201eWir haben viel ausprobiert\u201c, sagt der CEO heute. \u201eVon Schlauchbooten bis hin zu Milchaufsch\u00e4umern war alles dabei.\u201c Dann nahm Frank Jemetz Sneaker von Adidas ins Sortiment. \u201eDabei sind wir irgendwie h\u00e4ngen geblieben.\u201c Jetzt verkauft sein Unternehmen\u00a0<a href=\"https:\/\/www.jomodo.de\/\" target=\"_blank\" rel=\"noreferrer noopener nofollow\">FJ Trading<\/a>\u00a0vor allem Schuhe und das haupts\u00e4chlich \u00fcber Online-Marktpl\u00e4tze.<\/p>\n\n\n\n<h3 class=\"theme-wp-block wp-block-heading gb-responsive-182281-identifier\">Herausforderung:<\/h3>\n\n\n\n<p class=\"theme-wp-block gb-responsive-318425-identifier\">Ohne Amazon w\u00fcrde es FJ Trading heute so nicht geben, denn dort sind viele K\u00e4ufer, sagt Frank Jemetz. \u201eAber der Konkurrenzdruck im Retailhandel ist dort besonders enorm. Teilweise liegen die Preise unter dem Einkaufspreis.\u201c Ein Minusgesch\u00e4ft kommt allerdings nicht in Frage. Gleichzeitig ist Amazon die wichtigste Verkaufsplattform und f\u00fcr den meisten Umsatz verantwortlich.<\/p>\n\n\n\n<p class=\"theme-wp-block gb-responsive-730648-identifier\">Klar war also: Eine andere Strategie musste her. \u201eBei so niedrigen Verkaufspreisen kann man auf lange Sicht nicht mithalten.\u201d Bei mittlerweile rund 100.000 SKUs war die Preisoptimierung manuell allerdings schnell nicht mehr zu leisten. Ein automatisiertes Tool musste her.<\/p>\n\n\n\n<h3 class=\"theme-wp-block wp-block-heading gb-responsive-115756-identifier\">L\u00f6sung:<\/h3>\n\n\n\n<p class=\"theme-wp-block gb-responsive-49178-identifier\">\u201eOhne Repricer geht es gar nicht mehr\u201c, sagt Frank Jemetz. \u201eSeit wir den SELLERLOGIC Repricer nutzen, ist der Buy Box-Anteil unserer Produkte signifikant gestiegen.\u201c Insbesondere die integrierte Buy Box-Strategie war ausschlaggebend, dass FJ Trading das Tool von SELLERLOGIC nutzt: \u201eVorher waren wir bei einem anderen Anbieter, aber das Tool optimierte nicht dezidiert auf die Buy Box hin.\u201d Auch ein eigens programmierter Repricer brachte nicht den gew\u00fcnschten Erfolg, denn der Aufwand war viel zu hoch.<\/p>\n\n\n<div class=\"theme-block-group-wrap\">\n<div class=\"theme-wp-block wp-block-group gb-responsive-88118-identifier\"><div class=\"wp-block-group__inner-container is-layout-flow wp-block-group-is-layout-flow\">\t\t<div  class=\"theme-wp-block theme-block-user-card gb-responsive-799176-identifier is-style-full-width-line aligncenter\">\n\t\t<div class=\"wrap-inner-content\">\n\t\t\t<div class=\"card-user-head\">\n\t\t\t\t<div class=\"card-user-avatar\">\n\t\t\t\t\t<div class=\"cover-avatar\" style=\"background-image: url(https:\/\/d2bw95mh2ee04s.cloudfront.net\/prod\/content\/wp-content\/uploads\/2020\/12\/23142717\/frank-jemetz.png);\"><\/div>\n\t\t\t\t<\/div>\n\t\t\t\t<div class=\"wrap-title\">\n\t\t\t\t\t<div class=\"card-user-name\">\n\t\t\t\t\t\t<div class=\"title\">\n\t\t\t\t\t\t\t<h3 class=\"heading-text\"><strong>Frank Jemetz<\/strong><\/h3>\n\t\t\t\t\t\t<\/div>\n\t\t\t\t\t\t<div class=\"card-user-position\">\n\t\t\t\t\t\t\t<div class=\"card-text\"><strong>Gesch\u00e4ftsf\u00fchrer FJ Trading<\/strong><\/div>\n\t\t\t\t\t\t<\/div>\n\t\t\t\t\t<\/div>\n\t\t\t\t\t<div class=\"card-user-quote-icon\">\n\t\t\t\t\t<\/div>\n\t\t\t\t<\/div>\n\t\t\t<\/div>\n\t\t\t<div class=\"card-user-text\">\n\t\t\t\t<div class=\"card-text\"><p>&#8220;Die Buy Box-Strategie, die nur minimalen manuellen Aufwand erfordert, die geringe Fehlerquote und die Tatsache, dass der Repricer einfach funktioniert, sprechen f\u00fcr SELLERLOGIC!&#8221;<\/p><\/div>\n\t\t\t<\/div>\n\t\t<\/div>\n\t<\/div>\n\n<\/div>\n<\/div><\/div>\n\n\n<h3 class=\"theme-wp-block wp-block-heading gb-responsive-595368-identifier\">Ergebnis:<\/h3>\n\n\n\n<p class=\"theme-wp-block gb-responsive-439964-identifier\">Das ist bei SELLERLOGIC anders: \u201eWenn ich einmal die Regeln angelegt habe, muss ich mich danach um fast nichts mehr k\u00fcmmern. Die Einrichtung war dank der automatischen Imports super einfach und auch die Arbeit des Repricers \u00fcberzeugt: Die Buy Box-Quote ist sehr gut.\u201c Au\u00dferdem sei die Kundenbetreuung 1A und das Tool werde kontinuierlich weiterentwickelt.<\/p>\n\n\n\n<p class=\"theme-wp-block gb-responsive-668364-identifier\">\u201eDer SELLERLOGIC Repricer hat eine hohe Verf\u00fcgbarkeit, Fehler kommen wirklich nur selten vor und werden schnell wieder behoben\u201c, meint Frank Jemetz. Wichtig ist auch, dass das System einen einmal gesetzten Minimalpreis niemals unterschreitet, um den Preiskampf auf Amazon nicht noch zu befeuern. \u201eBei SELLERLOGIC k\u00f6nnen wir uns darauf verlassen!\u201d<\/p>\n\n\n\n<p class=\"theme-wp-block gb-responsive-697003-identifier\">Mit dem Repricer von SELLERLOGIC ist Frank Jemetz rundum zufrieden: \u201eDie Buy Box-Strategie, die nur einen minimalen manuellen Aufwand erfordert, und die geringe Fehlerquote sprechen schon f\u00fcr SELLERLOGIC. Am wichtigsten ist aber: Der Repricer funktioniert einfach!\u201c<\/p>\n\n\n\n<div class=\"theme-wp-block wp-block-buttons gb-responsive-497426-identifier is-layout-flex wp-block-buttons-is-layout-flex\">\n<div class=\"theme-wp-block wp-block-button gb-responsive-38220-identifier is-style-theme-transparent-with-arrow\"><a class=\"wp-block-button__link wp-element-button\" href=\"https:\/\/d2bw95mh2ee04s.cloudfront.net\/prod\/content\/files\/SUCCESS-STORIES\/DE\/SELLERLOGIC_Success-Story_FJ-Trading_DE.pdf\" target=\"_blank\" rel=\"noreferrer noopener nofollow\">Jetzt herunterladen!<\/a><\/div>\n<\/div>\n<\/div>\n\n\n\n<div class=\"theme-wp-block wp-block-column gb-responsive-252189-identifier is-layout-flow wp-block-column-is-layout-flow\" style=\"flex-basis:25%\"><\/div>\n<\/div>\n\n\n\n<p class=\"theme-wp-block gb-responsive-527070-identifier\"><\/p>\n","protected":false},"excerpt":{"rendered":"<p>Gr\u00fcndung:2013 Branche:Schuhe Artikel bei Amazon:ca. 100.000 SKUs Sendungen:&nbsp;ca. 50.000 pro Monat Hintergrund: Bereits seit 2004 tummelt sich Frank Jemetz in der Welt der Online-Marktpl\u00e4tze. Was am Anfang noch haupts\u00e4chlich \u00fcber Ebay stattfand, hat sich mittlerweile hin zu Amazon verschoben. \u201eWir haben viel ausprobiert\u201c, sagt der CEO heute. \u201eVon Schlauchbooten bis hin zu Milchaufsch\u00e4umern war alles<\/p>\n","protected":false},"author":8,"featured_media":0,"parent":470,"menu_order":0,"comment_status":"closed","ping_status":"closed","template":"","meta":{"sidebar_recommended_resources":{"data":[]},"sidebar_header_settings":{"hide_buttons":{"register":false}},"_use_new_theme":false,"inline_featured_image":false,"footnotes":""},"class_list":["post-5033","page","type-page","status-publish","hentry"],"yoast_head":"<!-- This site is optimized with the Yoast SEO plugin v26.8 - https:\/\/yoast.com\/product\/yoast-seo-wordpress\/ -->\n<title>Mehr Buy Box, mehr Umsatz \u2013 mit dem SELLERLOGIC Repricer!<\/title>\n<meta name=\"description\" content=\"Der SELLERLOGIC Repricer f\u00fcr Amazon gewinnt die Buy Box und steigert den Umsatz. Das kann unser Kunde FJ Trading best\u00e4tigen. Jetzt lesen!\" \/>\n<meta name=\"robots\" content=\"index, follow, max-snippet:-1, max-image-preview:large, max-video-preview:-1\" \/>\n<link rel=\"canonical\" href=\"https:\/\/www.sellerlogic.com\/de\/ressourcen\/success-story-fj-trading\/\" \/>\n<meta property=\"og:locale\" content=\"de_DE\" \/>\n<meta property=\"og:type\" content=\"article\" \/>\n<meta property=\"og:title\" content=\"Mehr Buy Box, mehr Umsatz \u2013 mit dem SELLERLOGIC Repricer!\" \/>\n<meta property=\"og:description\" content=\"Der SELLERLOGIC Repricer f\u00fcr Amazon gewinnt die Buy Box und steigert den Umsatz. Das kann unser Kunde FJ Trading best\u00e4tigen. Jetzt lesen!\" \/>\n<meta property=\"og:url\" content=\"https:\/\/www.sellerlogic.com\/de\/ressourcen\/success-story-fj-trading\/\" \/>\n<meta property=\"og:site_name\" content=\"SELLERLOGIC - Smarte Tools f\u00fcr Amazon-Seller\" \/>\n<meta property=\"article:publisher\" content=\"https:\/\/www.facebook.com\/SellerLogic\/\" \/>\n<meta property=\"article:modified_time\" content=\"2026-01-30T20:34:16+00:00\" \/>\n<meta property=\"og:image\" content=\"https:\/\/www.sellerlogic.com\/wp-content\/uploads\/2020\/12\/fj-trading-logo.jpg\" \/>\n<meta name=\"twitter:card\" content=\"summary_large_image\" \/>\n<meta name=\"twitter:site\" content=\"@sellerlogic\" \/>\n<meta name=\"twitter:label1\" content=\"Est. reading time\" \/>\n\t<meta name=\"twitter:data1\" content=\"2 minutes\" \/>\n<script type=\"application\/ld+json\" class=\"yoast-schema-graph\">{\"@context\":\"https:\/\/schema.org\",\"@graph\":[{\"@type\":\"WebPage\",\"@id\":\"https:\/\/www.sellerlogic.com\/de\/ressourcen\/success-story-fj-trading\/\",\"url\":\"https:\/\/www.sellerlogic.com\/de\/ressourcen\/success-story-fj-trading\/\",\"name\":\"Mehr Buy Box, mehr Umsatz \u2013 mit dem SELLERLOGIC Repricer!\",\"isPartOf\":{\"@id\":\"https:\/\/www.sellerlogic.com\/de\/#website\"},\"primaryImageOfPage\":{\"@id\":\"https:\/\/www.sellerlogic.com\/de\/ressourcen\/success-story-fj-trading\/#primaryimage\"},\"image\":{\"@id\":\"https:\/\/www.sellerlogic.com\/de\/ressourcen\/success-story-fj-trading\/#primaryimage\"},\"thumbnailUrl\":\"https:\/\/www.sellerlogic.com\/wp-content\/uploads\/2020\/12\/fj-trading-logo.jpg\",\"datePublished\":\"2020-12-14T10:29:17+00:00\",\"dateModified\":\"2026-01-30T20:34:16+00:00\",\"description\":\"Der SELLERLOGIC Repricer f\u00fcr Amazon gewinnt die Buy Box und steigert den Umsatz. Das kann unser Kunde FJ Trading best\u00e4tigen. Jetzt lesen!\",\"breadcrumb\":{\"@id\":\"https:\/\/www.sellerlogic.com\/de\/ressourcen\/success-story-fj-trading\/#breadcrumb\"},\"inLanguage\":\"de-DE\",\"potentialAction\":[{\"@type\":\"ReadAction\",\"target\":[\"https:\/\/www.sellerlogic.com\/de\/ressourcen\/success-story-fj-trading\/\"]}]},{\"@type\":\"ImageObject\",\"inLanguage\":\"de-DE\",\"@id\":\"https:\/\/www.sellerlogic.com\/de\/ressourcen\/success-story-fj-trading\/#primaryimage\",\"url\":\"https:\/\/www.sellerlogic.com\/wp-content\/uploads\/2020\/12\/fj-trading-logo.jpg\",\"contentUrl\":\"https:\/\/www.sellerlogic.com\/wp-content\/uploads\/2020\/12\/fj-trading-logo.jpg\"},{\"@type\":\"BreadcrumbList\",\"@id\":\"https:\/\/www.sellerlogic.com\/de\/ressourcen\/success-story-fj-trading\/#breadcrumb\",\"itemListElement\":[{\"@type\":\"ListItem\",\"position\":1,\"name\":\"Home\",\"item\":\"https:\/\/www.sellerlogic.com\/de\/\"},{\"@type\":\"ListItem\",\"position\":2,\"name\":\"Ressourcen\",\"item\":\"https:\/\/www.sellerlogic.com\/de\/ressourcen\/\"},{\"@type\":\"ListItem\",\"position\":3,\"name\":\"Success Story: FJ Trading\"}]},{\"@type\":\"WebSite\",\"@id\":\"https:\/\/www.sellerlogic.com\/de\/#website\",\"url\":\"https:\/\/www.sellerlogic.com\/de\/\",\"name\":\"SELLERLOGIC - Smarte Tools f\u00fcr Amazon-Seller\",\"description\":\"Intelligente Prozessoptimierung und Gewinnmaximierung\",\"publisher\":{\"@id\":\"https:\/\/www.sellerlogic.com\/de\/#organization\"},\"potentialAction\":[{\"@type\":\"SearchAction\",\"target\":{\"@type\":\"EntryPoint\",\"urlTemplate\":\"https:\/\/www.sellerlogic.com\/de\/?s={search_term_string}\"},\"query-input\":{\"@type\":\"PropertyValueSpecification\",\"valueRequired\":true,\"valueName\":\"search_term_string\"}}],\"inLanguage\":\"de-DE\"},{\"@type\":\"Organization\",\"@id\":\"https:\/\/www.sellerlogic.com\/de\/#organization\",\"name\":\"SELLERLOGIC\",\"url\":\"https:\/\/www.sellerlogic.com\/de\/\",\"logo\":{\"@type\":\"ImageObject\",\"inLanguage\":\"de-DE\",\"@id\":\"https:\/\/www.sellerlogic.com\/de\/#\/schema\/logo\/image\/\",\"url\":\"https:\/\/d2bw95mh2ee04s.cloudfront.net\/prod\/content\/wp-content\/uploads\/2025\/01\/02134814\/Property-Logo-Main.svg\",\"contentUrl\":\"https:\/\/d2bw95mh2ee04s.cloudfront.net\/prod\/content\/wp-content\/uploads\/2025\/01\/02134814\/Property-Logo-Main.svg\",\"width\":184,\"height\":40,\"caption\":\"SELLERLOGIC\"},\"image\":{\"@id\":\"https:\/\/www.sellerlogic.com\/de\/#\/schema\/logo\/image\/\"},\"sameAs\":[\"https:\/\/www.facebook.com\/SellerLogic\/\",\"https:\/\/x.com\/sellerlogic\",\"https:\/\/www.instagram.com\/sellerlogic\/\",\"https:\/\/www.linkedin.com\/company\/18402037\/\",\"https:\/\/www.youtube.com\/channel\/UC-gULUur-fNj08sprantKsQ\"]}]}<\/script>\n<!-- \/ Yoast SEO plugin. -->","yoast_head_json":{"title":"Mehr Buy Box, mehr Umsatz \u2013 mit dem SELLERLOGIC Repricer!","description":"Der SELLERLOGIC Repricer f\u00fcr Amazon gewinnt die Buy Box und steigert den Umsatz. Das kann unser Kunde FJ Trading best\u00e4tigen. Jetzt lesen!","robots":{"index":"index","follow":"follow","max-snippet":"max-snippet:-1","max-image-preview":"max-image-preview:large","max-video-preview":"max-video-preview:-1"},"canonical":"https:\/\/www.sellerlogic.com\/de\/ressourcen\/success-story-fj-trading\/","og_locale":"de_DE","og_type":"article","og_title":"Mehr Buy Box, mehr Umsatz \u2013 mit dem SELLERLOGIC Repricer!","og_description":"Der SELLERLOGIC Repricer f\u00fcr Amazon gewinnt die Buy Box und steigert den Umsatz. Das kann unser Kunde FJ Trading best\u00e4tigen. Jetzt lesen!","og_url":"https:\/\/www.sellerlogic.com\/de\/ressourcen\/success-story-fj-trading\/","og_site_name":"SELLERLOGIC - Smarte Tools f\u00fcr Amazon-Seller","article_publisher":"https:\/\/www.facebook.com\/SellerLogic\/","article_modified_time":"2026-01-30T20:34:16+00:00","og_image":[{"url":"https:\/\/www.sellerlogic.com\/wp-content\/uploads\/2020\/12\/fj-trading-logo.jpg","type":"","width":"","height":""}],"twitter_card":"summary_large_image","twitter_site":"@sellerlogic","twitter_misc":{"Est. reading time":"2 minutes"},"schema":{"@context":"https:\/\/schema.org","@graph":[{"@type":"WebPage","@id":"https:\/\/www.sellerlogic.com\/de\/ressourcen\/success-story-fj-trading\/","url":"https:\/\/www.sellerlogic.com\/de\/ressourcen\/success-story-fj-trading\/","name":"Mehr Buy Box, mehr Umsatz \u2013 mit dem SELLERLOGIC Repricer!","isPartOf":{"@id":"https:\/\/www.sellerlogic.com\/de\/#website"},"primaryImageOfPage":{"@id":"https:\/\/www.sellerlogic.com\/de\/ressourcen\/success-story-fj-trading\/#primaryimage"},"image":{"@id":"https:\/\/www.sellerlogic.com\/de\/ressourcen\/success-story-fj-trading\/#primaryimage"},"thumbnailUrl":"https:\/\/www.sellerlogic.com\/wp-content\/uploads\/2020\/12\/fj-trading-logo.jpg","datePublished":"2020-12-14T10:29:17+00:00","dateModified":"2026-01-30T20:34:16+00:00","description":"Der SELLERLOGIC Repricer f\u00fcr Amazon gewinnt die Buy Box und steigert den Umsatz. Das kann unser Kunde FJ Trading best\u00e4tigen. Jetzt lesen!","breadcrumb":{"@id":"https:\/\/www.sellerlogic.com\/de\/ressourcen\/success-story-fj-trading\/#breadcrumb"},"inLanguage":"de-DE","potentialAction":[{"@type":"ReadAction","target":["https:\/\/www.sellerlogic.com\/de\/ressourcen\/success-story-fj-trading\/"]}]},{"@type":"ImageObject","inLanguage":"de-DE","@id":"https:\/\/www.sellerlogic.com\/de\/ressourcen\/success-story-fj-trading\/#primaryimage","url":"https:\/\/www.sellerlogic.com\/wp-content\/uploads\/2020\/12\/fj-trading-logo.jpg","contentUrl":"https:\/\/www.sellerlogic.com\/wp-content\/uploads\/2020\/12\/fj-trading-logo.jpg"},{"@type":"BreadcrumbList","@id":"https:\/\/www.sellerlogic.com\/de\/ressourcen\/success-story-fj-trading\/#breadcrumb","itemListElement":[{"@type":"ListItem","position":1,"name":"Home","item":"https:\/\/www.sellerlogic.com\/de\/"},{"@type":"ListItem","position":2,"name":"Ressourcen","item":"https:\/\/www.sellerlogic.com\/de\/ressourcen\/"},{"@type":"ListItem","position":3,"name":"Success Story: FJ Trading"}]},{"@type":"WebSite","@id":"https:\/\/www.sellerlogic.com\/de\/#website","url":"https:\/\/www.sellerlogic.com\/de\/","name":"SELLERLOGIC - Smarte Tools f\u00fcr Amazon-Seller","description":"Intelligente Prozessoptimierung und Gewinnmaximierung","publisher":{"@id":"https:\/\/www.sellerlogic.com\/de\/#organization"},"potentialAction":[{"@type":"SearchAction","target":{"@type":"EntryPoint","urlTemplate":"https:\/\/www.sellerlogic.com\/de\/?s={search_term_string}"},"query-input":{"@type":"PropertyValueSpecification","valueRequired":true,"valueName":"search_term_string"}}],"inLanguage":"de-DE"},{"@type":"Organization","@id":"https:\/\/www.sellerlogic.com\/de\/#organization","name":"SELLERLOGIC","url":"https:\/\/www.sellerlogic.com\/de\/","logo":{"@type":"ImageObject","inLanguage":"de-DE","@id":"https:\/\/www.sellerlogic.com\/de\/#\/schema\/logo\/image\/","url":"https:\/\/d2bw95mh2ee04s.cloudfront.net\/prod\/content\/wp-content\/uploads\/2025\/01\/02134814\/Property-Logo-Main.svg","contentUrl":"https:\/\/d2bw95mh2ee04s.cloudfront.net\/prod\/content\/wp-content\/uploads\/2025\/01\/02134814\/Property-Logo-Main.svg","width":184,"height":40,"caption":"SELLERLOGIC"},"image":{"@id":"https:\/\/www.sellerlogic.com\/de\/#\/schema\/logo\/image\/"},"sameAs":["https:\/\/www.facebook.com\/SellerLogic\/","https:\/\/x.com\/sellerlogic","https:\/\/www.instagram.com\/sellerlogic\/","https:\/\/www.linkedin.com\/company\/18402037\/","https:\/\/www.youtube.com\/channel\/UC-gULUur-fNj08sprantKsQ"]}]}},"_links":{"self":[{"href":"https:\/\/www.sellerlogic.com\/de\/wp-json\/wp\/v2\/pages\/5033","targetHints":{"allow":["GET"]}}],"collection":[{"href":"https:\/\/www.sellerlogic.com\/de\/wp-json\/wp\/v2\/pages"}],"about":[{"href":"https:\/\/www.sellerlogic.com\/de\/wp-json\/wp\/v2\/types\/page"}],"author":[{"embeddable":true,"href":"https:\/\/www.sellerlogic.com\/de\/wp-json\/wp\/v2\/users\/8"}],"replies":[{"embeddable":true,"href":"https:\/\/www.sellerlogic.com\/de\/wp-json\/wp\/v2\/comments?post=5033"}],"version-history":[{"count":1,"href":"https:\/\/www.sellerlogic.com\/de\/wp-json\/wp\/v2\/pages\/5033\/revisions"}],"predecessor-version":[{"id":291804,"href":"https:\/\/www.sellerlogic.com\/de\/wp-json\/wp\/v2\/pages\/5033\/revisions\/291804"}],"up":[{"embeddable":true,"href":"https:\/\/www.sellerlogic.com\/de\/wp-json\/wp\/v2\/pages\/470"}],"wp:attachment":[{"href":"https:\/\/www.sellerlogic.com\/de\/wp-json\/wp\/v2\/media?parent=5033"}],"curies":[{"name":"wp","href":"https:\/\/api.w.org\/{rel}","templated":true}]}}