
{"id":5158,"date":"2020-12-14T12:00:46","date_gmt":"2020-12-14T12:00:46","guid":{"rendered":"https:\/\/www.sellerlogic.com\/?page_id=5158"},"modified":"2021-05-12T09:57:16","modified_gmt":"2021-05-12T09:57:16","slug":"success-story-outlet-sofa-direct","status":"publish","type":"page","link":"https:\/\/www.sellerlogic.com\/de\/ressourcen\/success-story-outlet-sofa-direct\/","title":{"rendered":"Success Story: Outlet Sofa Direct"},"content":{"rendered":"\n\t<div  class=\"theme-wp-block theme-block-main-header is-style-full-height desktop-align-full xl-align-full lg-align-full md-align-full sm-align-full desktop-content-align-y-center desktop-content-align-x-center xl-content-align-y-center xl-content-align-x-center lg-content-align-y-center lg-content-align-x-center md-content-align-y-center md-content-align-x-center sm-content-align-y-center sm-content-align-x-center gb-responsive-52704-identifier theme-block-cover\">\n\t\t<div class=\"bg-cover theme-lazy-load-bg\"><\/div>\n\t\t<div class=\"wrap-content-main-header\">\n\t\t\t\n\t\t<div  class=\"theme-wp-block theme-block-text-and-text desktop-blockDirection-row xl-blockDirection-row lg-blockDirection-row md-blockDirection-row sm-blockDirection-row gb-responsive-903753-identifier desktop-align-full xl-align-full lg-align-full md-align-full sm-align-full alignfull\">\n\t\t<div class=\"tat-column-wrap-wrapper\">\n\t\t\t<div class=\"tat-column-wrapper\">\n\t\t\t\t\n\t<div  class=\"theme-wp-block theme-block-text-and-text-column gb-responsive-974454-identifier desktop-horizontal-center xl-horizontal-center lg-horizontal-center md-horizontal-center sm-horizontal-center\">\n\t\t<div class=\"inner-wrap-column-content\">\n\t\t\t<div class=\"inner-column-content\">\n\t\t\t\t\n\t\t<h1  class=\"theme-wp-block theme-block-heading is-style-default desktop-text-center xl-text-center lg-text-center md-text-center sm-text-center gb-responsive-813454-identifier desktop-align-wide xl-align-wide lg-align-wide md-align-wide sm-align-wide alignwide h1 has-text-align\">\n\t\tRestlos \u00fcberzeugt \u2013 <br>Lost &amp; Found funktioniert!\t<\/h1>\n\n\n\n\t\t<h2  class=\"theme-wp-block theme-block-heading is-style-default desktop-text-center xl-text-center lg-text-center md-text-center sm-text-center gb-responsive-560595-identifier desktop-align-wide xl-align-wide lg-align-wide md-align-wide sm-align-wide alignwide h1 has-text-align\">\n\t\tEin Anruf, 20.000 \u20ac wert\t<\/h2>\n\n\n\t\t\t<\/div>\n\t\t<\/div>\n\t<\/div>\n\n\n\t<div  class=\"theme-wp-block theme-block-text-and-text-column gb-responsive-681128-identifier\">\n\t\t<div class=\"inner-wrap-column-content\">\n\t\t\t<div class=\"inner-column-content\">\n\t\t\t\t\t\t\t<\/div>\n\t\t<\/div>\n\t<\/div>\n\n\t\t\t<\/div>\n\t\t<\/div>\n\t<\/div>\n\n\n\t\t<\/div>\n\t<\/div>\n\n\n\n\n<div style=\"height:50px\" aria-hidden=\"true\" class=\"theme-wp-block wp-block-spacer\"><\/div>\n\n\n\n<div class=\"theme-wp-block wp-block-columns gb-responsive-831489-identifier is-layout-flex wp-container-core-columns-is-layout-9d6595d7 wp-block-columns-is-layout-flex\">\n<div class=\"theme-wp-block wp-block-column gb-responsive-743891-identifier is-layout-flow wp-block-column-is-layout-flow\" style=\"flex-basis:25%\">\n<figure class=\"theme-wp-block wp-block-image size-large is-resized gb-responsive-62921-identifier\"><img decoding=\"async\" src=\"https:\/\/d2bw95mh2ee04s.cloudfront.net\/prod\/content\/wp-content\/uploads\/2020\/12\/23142714\/outletsofadirect-logo.png\" alt=\"Success Story: Outlet Sofa Direct\" class=\"wp-image-5164\" width=\"250\" height=\"89\"\/><\/figure>\n\n\n\n<p class=\"theme-wp-block gb-responsive-312552-identifier\"><strong>Gr\u00fcndung:<\/strong><br>2005<\/p>\n\n\n\n<p class=\"theme-wp-block gb-responsive-353708-identifier\"><strong>Branche:<\/strong><br>M\u00f6bel, Wohnzimmer und Bettwaren<\/p>\n\n\n\n<p class=\"theme-wp-block gb-responsive-741269-identifier\"><strong>Artikel bei Amazon:<\/strong><br>ca. 2.000 SKUs<\/p>\n\n\n\n<p class=\"theme-wp-block gb-responsive-218030-identifier\"><strong>Sendungen:&nbsp;<\/strong><br>ca. 8.000 pro Monat<\/p>\n<\/div>\n\n\n\n<div class=\"theme-wp-block wp-block-column gb-responsive-167397-identifier is-layout-flow wp-block-column-is-layout-flow\" style=\"flex-basis:50%\">\n<h3 class=\"theme-wp-block gb-responsive-34353-identifier wp-block-heading\" id=\"block-c06fce04-ef87-4ffc-a3d6-b768ba377d17\">Hintergrund:<\/h3>\n\n\n\n<p class=\"theme-wp-block gb-responsive-710769-identifier\">Outlet-Sofa Direct ist ein Zusammenschluss von verschiedenen Herstellern von M\u00f6beln und Bettwaren, die ihr Sortiment ohne Zwischenh\u00e4ndler direkt aus der Fabrik oder dem Lager an Endkunden vertreiben wollten \u2013 mit dem Ziel, die beste Qualit\u00e4t zum besten Preis anbieten zu k\u00f6nnen. Als sich 2005 die M\u00f6belbranche der digitalen Transformation gegen\u00fcber sah, z\u00f6gerte das Unternehmen keine Sekunde, in den Onlinehandel einzusteigen.<\/p>\n\n\n\n<h3 class=\"theme-wp-block gb-responsive-182281-identifier wp-block-heading\">Herausforderung:<\/h3>\n\n\n\n<p class=\"theme-wp-block gb-responsive-548283-identifier\">Im Jahr 2015 beschloss Outlet-Sofa Direct dann aufgrund der einschl\u00e4gigen Reputation von Amazon, mit dem Verkauf \u00fcber den Marktplatz zu starten: \u201eHeutzutage ist es oft nicht m\u00f6glich, ohne den Verkauf \u00fcber Amazon eine hohe Zahl an Sales zu generieren\u201c, sagt Francesco, der Marketplace Manager des Unternehmens.<\/p>\n\n\n\n<p class=\"theme-wp-block gb-responsive-940523-identifier\">\u201eWir verkaufen derzeit auf mehreren Marktpl\u00e4tzen, zum Beispiel eBay und Cdiscount, aber erst der Verkauf \u00fcber Amazon und die Nutzung von Fulfillment by Amazon hat unseren Umsatz erheblich gesteigert\u201c, so Francesco. \u201eAber alles hat seine Vor- und Nachteile, und im Fall von FBA hat mir die Tatsache, dass wir die Kontrolle \u00fcber unsere Retouren verloren haben, gezeigt, dass etwas nicht stimmt. Einige der von Amazon gelieferten Daten stimmten nicht mit unseren Zahlen \u00fcberein. Aber in den meisten F\u00e4llen vertraute ich einfach darauf, dass Amazon uns ordnungsgem\u00e4\u00df \u00fcber Fehler informieren w\u00fcrde \u2013 das war aber leider nicht der Fall\u201c, erkl\u00e4rt Francesco.<\/p>\n\n\n\n<h3 class=\"theme-wp-block gb-responsive-115756-identifier wp-block-heading\">L\u00f6sung:<\/h3>\n\n\n\n<p class=\"theme-wp-block gb-responsive-49178-identifier\">\u201eObwohl ich geahnt habe, dass es bei den FBA-Transaktionen Fehler geben musste, haben wir dieses Thema immer beiseite geschoben, da es einen enormen Zeit- und Arbeitsaufwand f\u00fcr unser Team bedeutet h\u00e4tte. All dies \u00e4nderte sich jedoch mit dem unerwarteten Anruf von Monica, einem Teammitglied von SELLERLOGIC. Mit ihrer Freundlichkeit, Professionalit\u00e4t und ihren detaillierten Erkl\u00e4rungen \u00fcberzeugte sie mich von Anfang an.\u201c<\/p>\n\n\n<div class=\"theme-block-group-wrap\">\n<div class=\"theme-wp-block wp-block-group gb-responsive-88118-identifier\"><div class=\"wp-block-group__inner-container is-layout-flow wp-block-group-is-layout-flow\">\t\t<div  class=\"theme-wp-block theme-block-user-card gb-responsive-799176-identifier is-style-full-width-line aligncenter\">\n\t\t<div class=\"wrap-inner-content\">\n\t\t\t<div class=\"card-user-head\">\n\t\t\t\t<div class=\"card-user-avatar\">\n\t\t\t\t\t<div class=\"cover-avatar\" style=\"background-image: url(https:\/\/d2bw95mh2ee04s.cloudfront.net\/prod\/content\/wp-content\/uploads\/2020\/12\/23142714\/francesco_azzi-_raute.png);\"><\/div>\n\t\t\t\t<\/div>\n\t\t\t\t<div class=\"wrap-title\">\n\t\t\t\t\t<div class=\"card-user-name\">\n\t\t\t\t\t\t<div class=\"title\">\n\t\t\t\t\t\t\t<h3 class=\"heading-text\"><strong>Francesco Azzi<\/strong><\/h3>\n\t\t\t\t\t\t<\/div>\n\t\t\t\t\t\t<div class=\"card-user-position\">\n\t\t\t\t\t\t\t<div class=\"card-text\"><strong>Marketplace Manager<\/strong><\/div>\n\t\t\t\t\t\t<\/div>\n\t\t\t\t\t<\/div>\n\t\t\t\t\t<div class=\"card-user-quote-icon\">\n\t\t\t\t\t<\/div>\n\t\t\t\t<\/div>\n\t\t\t<\/div>\n\t\t\t<div class=\"card-user-text\">\n\t\t\t\t<div class=\"card-text\"><p>Die Flexibilit\u00e4t des Angebots bedeutet: Es gibt keine Mindestlaufzeit und wir zahlen nur, wenn wir wirklich eine R\u00fcckerstattung bekommen, so k\u00f6nnen wir nur gewinnen.<\/p><\/div>\n\t\t\t<\/div>\n\t\t<\/div>\n\t<\/div>\n\n<\/div>\n<\/div><\/div>\n\n\n<h3 class=\"theme-wp-block gb-responsive-595368-identifier wp-block-heading\">Erfolge mit SELLERLOGIC:<\/h3>\n\n\n\n<p class=\"theme-wp-block gb-responsive-514579-identifier\">\u201eAngesichts der Situation, in der wir uns mit unseren Waren in den FBA-Lagern befunden hatten, vermutete ich bereits, dass das Fehleraufkommen hoch sein w\u00fcrde. Trotzdem h\u00e4tte ich niemals mit dieser Summe gerechnet! Im Laufe von 3 Monaten hat der Einsatz von Lost &amp; Found das Gegenteil bewiesen: Wir haben bereits 20.000 Euro zur\u00fcckerhalten! Wir sind restlos \u00fcberzeugt \u2013 das Tool funktioniert!&#8221;, sagt Francesco.<\/p>\n\n\n\n<p class=\"theme-wp-block gb-responsive-750322-identifier\">\u201eMonica hat mich von Anfang an begleitet. Schon w\u00e4hrend des Registrierungsprozesses erkl\u00e4rte sie mir alle Schritte, die nach der Einf\u00fchrung des Tools auf uns zukommen. Ich m\u00f6chte auch betonen, dass der SELLERLOGIC Support immer zur Verf\u00fcgung steht. Selbst wenn sie \u00fcber Probleme erst in letzter Minute benachrichtigt wurden, k\u00fcmmert sich der Customer Support zuverl\u00e4ssig darum. Dank dem SELLERLOGIC-Team und der Benutzerfreundlichkeit des Tools bekommen wir FBA-Fehler sehr schnell gemeldet und sparen dadurch nicht nur sehr viel Zeit, sondern wir haben auch das Geld zur\u00fcckerstattet bekommen, auf das wir Anspruch hatten.\u201c<\/p>\n\n\n\n<div class=\"theme-wp-block wp-block-buttons gb-responsive-497426-identifier is-layout-flex wp-block-buttons-is-layout-flex\">\n<div class=\"theme-wp-block wp-block-button gb-responsive-38220-identifier is-style-theme-transparent-with-arrow\"><a class=\"wp-block-button__link\" href=\"https:\/\/d2bw95mh2ee04s.cloudfront.net\/prod\/content\/files\/SUCCESS-STORIES\/DE\/SELLERLOGIC_Success-Story_Outlet-Sofa-Direct_DE.pdf\" target=\"_blank\" rel=\"noreferrer noopener nofollow\">Jetzt herunterladen!<\/a><\/div>\n<\/div>\n<\/div>\n\n\n\n<div class=\"theme-wp-block wp-block-column gb-responsive-298757-identifier is-layout-flow wp-block-column-is-layout-flow\" style=\"flex-basis:25%\"><\/div>\n<\/div>\n","protected":false},"excerpt":{"rendered":"<p>Gr\u00fcndung:2005 Branche:M\u00f6bel, Wohnzimmer und Bettwaren Artikel bei Amazon:ca. 2.000 SKUs Sendungen:&nbsp;ca. 8.000 pro Monat Hintergrund: Outlet-Sofa Direct ist ein Zusammenschluss von verschiedenen Herstellern von M\u00f6beln und Bettwaren, die ihr Sortiment ohne Zwischenh\u00e4ndler direkt aus der Fabrik oder dem Lager an Endkunden vertreiben wollten \u2013 mit dem Ziel, die beste Qualit\u00e4t zum besten Preis anbieten zu<\/p>\n","protected":false},"author":8,"featured_media":0,"parent":470,"menu_order":0,"comment_status":"closed","ping_status":"closed","template":"","meta":{"sidebar_recommended_resources":{"data":[]},"sidebar_header_settings":{"hide_buttons":{"register":false}},"_use_new_theme":false,"inline_featured_image":false,"footnotes":""},"class_list":["post-5158","page","type-page","status-publish","hentry"],"yoast_head":"<!-- This site is optimized with the Yoast SEO plugin v26.8 - https:\/\/yoast.com\/product\/yoast-seo-wordpress\/ -->\n<title>SELLERLOGIC Lost &amp; Found \u2013 Ein Anruf, 20000 \u20ac wert<\/title>\n<meta name=\"description\" content=\"Wie Outlet Sofa Direct durch SELLERLOGIC Lost &amp; Found Zeit, M\u00fche und 20.000 Euro sparen konnte. Lest hier die komplette Success Story.\" \/>\n<meta name=\"robots\" content=\"index, follow, max-snippet:-1, max-image-preview:large, max-video-preview:-1\" \/>\n<link rel=\"canonical\" href=\"https:\/\/www.sellerlogic.com\/de\/ressourcen\/success-story-outlet-sofa-direct\/\" \/>\n<meta property=\"og:locale\" content=\"de_DE\" \/>\n<meta property=\"og:type\" content=\"article\" \/>\n<meta property=\"og:title\" content=\"SELLERLOGIC Lost &amp; Found \u2013 Ein Anruf, 20000 \u20ac wert\" \/>\n<meta property=\"og:description\" content=\"Wie Outlet Sofa Direct durch SELLERLOGIC Lost &amp; Found Zeit, M\u00fche und 20.000 Euro sparen konnte. Lest hier die komplette Success Story.\" \/>\n<meta property=\"og:url\" content=\"https:\/\/www.sellerlogic.com\/de\/ressourcen\/success-story-outlet-sofa-direct\/\" \/>\n<meta property=\"og:site_name\" content=\"SELLERLOGIC - Smarte Tools f\u00fcr Amazon-Seller\" \/>\n<meta property=\"article:publisher\" content=\"https:\/\/www.facebook.com\/SellerLogic\/\" \/>\n<meta property=\"article:modified_time\" content=\"2021-05-12T09:57:16+00:00\" \/>\n<meta property=\"og:image\" content=\"https:\/\/www.sellerlogic.com\/wp-content\/uploads\/2020\/12\/outletsofadirect-logo.png\" \/>\n<meta name=\"twitter:card\" content=\"summary_large_image\" \/>\n<meta name=\"twitter:site\" content=\"@sellerlogic\" \/>\n<meta name=\"twitter:label1\" content=\"Est. reading time\" \/>\n\t<meta name=\"twitter:data1\" content=\"3 minutes\" \/>\n<script type=\"application\/ld+json\" class=\"yoast-schema-graph\">{\"@context\":\"https:\/\/schema.org\",\"@graph\":[{\"@type\":\"WebPage\",\"@id\":\"https:\/\/www.sellerlogic.com\/de\/ressourcen\/success-story-outlet-sofa-direct\/\",\"url\":\"https:\/\/www.sellerlogic.com\/de\/ressourcen\/success-story-outlet-sofa-direct\/\",\"name\":\"SELLERLOGIC Lost & Found \u2013 Ein Anruf, 20000 \u20ac wert\",\"isPartOf\":{\"@id\":\"https:\/\/www.sellerlogic.com\/de\/#website\"},\"primaryImageOfPage\":{\"@id\":\"https:\/\/www.sellerlogic.com\/de\/ressourcen\/success-story-outlet-sofa-direct\/#primaryimage\"},\"image\":{\"@id\":\"https:\/\/www.sellerlogic.com\/de\/ressourcen\/success-story-outlet-sofa-direct\/#primaryimage\"},\"thumbnailUrl\":\"https:\/\/www.sellerlogic.com\/wp-content\/uploads\/2020\/12\/outletsofadirect-logo.png\",\"datePublished\":\"2020-12-14T12:00:46+00:00\",\"dateModified\":\"2021-05-12T09:57:16+00:00\",\"description\":\"Wie Outlet Sofa Direct durch SELLERLOGIC Lost & Found Zeit, M\u00fche und 20.000 Euro sparen konnte. Lest hier die komplette Success Story.\",\"breadcrumb\":{\"@id\":\"https:\/\/www.sellerlogic.com\/de\/ressourcen\/success-story-outlet-sofa-direct\/#breadcrumb\"},\"inLanguage\":\"de-DE\",\"potentialAction\":[{\"@type\":\"ReadAction\",\"target\":[\"https:\/\/www.sellerlogic.com\/de\/ressourcen\/success-story-outlet-sofa-direct\/\"]}]},{\"@type\":\"ImageObject\",\"inLanguage\":\"de-DE\",\"@id\":\"https:\/\/www.sellerlogic.com\/de\/ressourcen\/success-story-outlet-sofa-direct\/#primaryimage\",\"url\":\"https:\/\/www.sellerlogic.com\/wp-content\/uploads\/2020\/12\/outletsofadirect-logo.png\",\"contentUrl\":\"https:\/\/www.sellerlogic.com\/wp-content\/uploads\/2020\/12\/outletsofadirect-logo.png\"},{\"@type\":\"BreadcrumbList\",\"@id\":\"https:\/\/www.sellerlogic.com\/de\/ressourcen\/success-story-outlet-sofa-direct\/#breadcrumb\",\"itemListElement\":[{\"@type\":\"ListItem\",\"position\":1,\"name\":\"Home\",\"item\":\"https:\/\/www.sellerlogic.com\/de\/\"},{\"@type\":\"ListItem\",\"position\":2,\"name\":\"Ressourcen\",\"item\":\"https:\/\/127.0.0.1\/de\/ressourcen\/\"},{\"@type\":\"ListItem\",\"position\":3,\"name\":\"Success Story: Outlet Sofa Direct\"}]},{\"@type\":\"WebSite\",\"@id\":\"https:\/\/www.sellerlogic.com\/de\/#website\",\"url\":\"https:\/\/www.sellerlogic.com\/de\/\",\"name\":\"SELLERLOGIC - Smarte Tools f\u00fcr Amazon-Seller\",\"description\":\"Intelligente Prozessoptimierung und Gewinnmaximierung\",\"publisher\":{\"@id\":\"https:\/\/www.sellerlogic.com\/de\/#organization\"},\"potentialAction\":[{\"@type\":\"SearchAction\",\"target\":{\"@type\":\"EntryPoint\",\"urlTemplate\":\"https:\/\/www.sellerlogic.com\/de\/?s={search_term_string}\"},\"query-input\":{\"@type\":\"PropertyValueSpecification\",\"valueRequired\":true,\"valueName\":\"search_term_string\"}}],\"inLanguage\":\"de-DE\"},{\"@type\":\"Organization\",\"@id\":\"https:\/\/www.sellerlogic.com\/de\/#organization\",\"name\":\"SELLERLOGIC\",\"url\":\"https:\/\/www.sellerlogic.com\/de\/\",\"logo\":{\"@type\":\"ImageObject\",\"inLanguage\":\"de-DE\",\"@id\":\"https:\/\/www.sellerlogic.com\/de\/#\/schema\/logo\/image\/\",\"url\":\"https:\/\/d2bw95mh2ee04s.cloudfront.net\/prod\/content\/wp-content\/uploads\/2025\/01\/02134814\/Property-Logo-Main.svg\",\"contentUrl\":\"https:\/\/d2bw95mh2ee04s.cloudfront.net\/prod\/content\/wp-content\/uploads\/2025\/01\/02134814\/Property-Logo-Main.svg\",\"width\":184,\"height\":40,\"caption\":\"SELLERLOGIC\"},\"image\":{\"@id\":\"https:\/\/www.sellerlogic.com\/de\/#\/schema\/logo\/image\/\"},\"sameAs\":[\"https:\/\/www.facebook.com\/SellerLogic\/\",\"https:\/\/x.com\/sellerlogic\",\"https:\/\/www.instagram.com\/sellerlogic\/\",\"https:\/\/www.linkedin.com\/company\/18402037\/\",\"https:\/\/www.youtube.com\/channel\/UC-gULUur-fNj08sprantKsQ\"]}]}<\/script>\n<!-- \/ Yoast SEO plugin. -->","yoast_head_json":{"title":"SELLERLOGIC Lost & Found \u2013 Ein Anruf, 20000 \u20ac wert","description":"Wie Outlet Sofa Direct durch SELLERLOGIC Lost & Found Zeit, M\u00fche und 20.000 Euro sparen konnte. Lest hier die komplette Success Story.","robots":{"index":"index","follow":"follow","max-snippet":"max-snippet:-1","max-image-preview":"max-image-preview:large","max-video-preview":"max-video-preview:-1"},"canonical":"https:\/\/www.sellerlogic.com\/de\/ressourcen\/success-story-outlet-sofa-direct\/","og_locale":"de_DE","og_type":"article","og_title":"SELLERLOGIC Lost & Found \u2013 Ein Anruf, 20000 \u20ac wert","og_description":"Wie Outlet Sofa Direct durch SELLERLOGIC Lost & Found Zeit, M\u00fche und 20.000 Euro sparen konnte. Lest hier die komplette Success Story.","og_url":"https:\/\/www.sellerlogic.com\/de\/ressourcen\/success-story-outlet-sofa-direct\/","og_site_name":"SELLERLOGIC - Smarte Tools f\u00fcr Amazon-Seller","article_publisher":"https:\/\/www.facebook.com\/SellerLogic\/","article_modified_time":"2021-05-12T09:57:16+00:00","og_image":[{"url":"https:\/\/www.sellerlogic.com\/wp-content\/uploads\/2020\/12\/outletsofadirect-logo.png","type":"","width":"","height":""}],"twitter_card":"summary_large_image","twitter_site":"@sellerlogic","twitter_misc":{"Est. reading time":"3 minutes"},"schema":{"@context":"https:\/\/schema.org","@graph":[{"@type":"WebPage","@id":"https:\/\/www.sellerlogic.com\/de\/ressourcen\/success-story-outlet-sofa-direct\/","url":"https:\/\/www.sellerlogic.com\/de\/ressourcen\/success-story-outlet-sofa-direct\/","name":"SELLERLOGIC Lost & Found \u2013 Ein Anruf, 20000 \u20ac wert","isPartOf":{"@id":"https:\/\/www.sellerlogic.com\/de\/#website"},"primaryImageOfPage":{"@id":"https:\/\/www.sellerlogic.com\/de\/ressourcen\/success-story-outlet-sofa-direct\/#primaryimage"},"image":{"@id":"https:\/\/www.sellerlogic.com\/de\/ressourcen\/success-story-outlet-sofa-direct\/#primaryimage"},"thumbnailUrl":"https:\/\/www.sellerlogic.com\/wp-content\/uploads\/2020\/12\/outletsofadirect-logo.png","datePublished":"2020-12-14T12:00:46+00:00","dateModified":"2021-05-12T09:57:16+00:00","description":"Wie Outlet Sofa Direct durch SELLERLOGIC Lost & Found Zeit, M\u00fche und 20.000 Euro sparen konnte. Lest hier die komplette Success Story.","breadcrumb":{"@id":"https:\/\/www.sellerlogic.com\/de\/ressourcen\/success-story-outlet-sofa-direct\/#breadcrumb"},"inLanguage":"de-DE","potentialAction":[{"@type":"ReadAction","target":["https:\/\/www.sellerlogic.com\/de\/ressourcen\/success-story-outlet-sofa-direct\/"]}]},{"@type":"ImageObject","inLanguage":"de-DE","@id":"https:\/\/www.sellerlogic.com\/de\/ressourcen\/success-story-outlet-sofa-direct\/#primaryimage","url":"https:\/\/www.sellerlogic.com\/wp-content\/uploads\/2020\/12\/outletsofadirect-logo.png","contentUrl":"https:\/\/www.sellerlogic.com\/wp-content\/uploads\/2020\/12\/outletsofadirect-logo.png"},{"@type":"BreadcrumbList","@id":"https:\/\/www.sellerlogic.com\/de\/ressourcen\/success-story-outlet-sofa-direct\/#breadcrumb","itemListElement":[{"@type":"ListItem","position":1,"name":"Home","item":"https:\/\/www.sellerlogic.com\/de\/"},{"@type":"ListItem","position":2,"name":"Ressourcen","item":"https:\/\/127.0.0.1\/de\/ressourcen\/"},{"@type":"ListItem","position":3,"name":"Success Story: Outlet Sofa Direct"}]},{"@type":"WebSite","@id":"https:\/\/www.sellerlogic.com\/de\/#website","url":"https:\/\/www.sellerlogic.com\/de\/","name":"SELLERLOGIC - Smarte Tools f\u00fcr Amazon-Seller","description":"Intelligente Prozessoptimierung und Gewinnmaximierung","publisher":{"@id":"https:\/\/www.sellerlogic.com\/de\/#organization"},"potentialAction":[{"@type":"SearchAction","target":{"@type":"EntryPoint","urlTemplate":"https:\/\/www.sellerlogic.com\/de\/?s={search_term_string}"},"query-input":{"@type":"PropertyValueSpecification","valueRequired":true,"valueName":"search_term_string"}}],"inLanguage":"de-DE"},{"@type":"Organization","@id":"https:\/\/www.sellerlogic.com\/de\/#organization","name":"SELLERLOGIC","url":"https:\/\/www.sellerlogic.com\/de\/","logo":{"@type":"ImageObject","inLanguage":"de-DE","@id":"https:\/\/www.sellerlogic.com\/de\/#\/schema\/logo\/image\/","url":"https:\/\/d2bw95mh2ee04s.cloudfront.net\/prod\/content\/wp-content\/uploads\/2025\/01\/02134814\/Property-Logo-Main.svg","contentUrl":"https:\/\/d2bw95mh2ee04s.cloudfront.net\/prod\/content\/wp-content\/uploads\/2025\/01\/02134814\/Property-Logo-Main.svg","width":184,"height":40,"caption":"SELLERLOGIC"},"image":{"@id":"https:\/\/www.sellerlogic.com\/de\/#\/schema\/logo\/image\/"},"sameAs":["https:\/\/www.facebook.com\/SellerLogic\/","https:\/\/x.com\/sellerlogic","https:\/\/www.instagram.com\/sellerlogic\/","https:\/\/www.linkedin.com\/company\/18402037\/","https:\/\/www.youtube.com\/channel\/UC-gULUur-fNj08sprantKsQ"]}]}},"_links":{"self":[{"href":"https:\/\/www.sellerlogic.com\/de\/wp-json\/wp\/v2\/pages\/5158","targetHints":{"allow":["GET"]}}],"collection":[{"href":"https:\/\/www.sellerlogic.com\/de\/wp-json\/wp\/v2\/pages"}],"about":[{"href":"https:\/\/www.sellerlogic.com\/de\/wp-json\/wp\/v2\/types\/page"}],"author":[{"embeddable":true,"href":"https:\/\/www.sellerlogic.com\/de\/wp-json\/wp\/v2\/users\/8"}],"replies":[{"embeddable":true,"href":"https:\/\/www.sellerlogic.com\/de\/wp-json\/wp\/v2\/comments?post=5158"}],"version-history":[{"count":0,"href":"https:\/\/www.sellerlogic.com\/de\/wp-json\/wp\/v2\/pages\/5158\/revisions"}],"up":[{"embeddable":true,"href":"https:\/\/www.sellerlogic.com\/de\/wp-json\/wp\/v2\/pages\/470"}],"wp:attachment":[{"href":"https:\/\/www.sellerlogic.com\/de\/wp-json\/wp\/v2\/media?parent=5158"}],"curies":[{"name":"wp","href":"https:\/\/api.w.org\/{rel}","templated":true}]}}