
{"id":5621,"date":"2020-12-21T08:31:15","date_gmt":"2020-12-21T08:31:15","guid":{"rendered":"https:\/\/www.sellerlogic.com\/?page_id=5621"},"modified":"2021-05-12T09:58:28","modified_gmt":"2021-05-12T09:58:28","slug":"success-story-univers-cake","status":"publish","type":"page","link":"https:\/\/www.sellerlogic.com\/de\/ressourcen\/success-story-univers-cake\/","title":{"rendered":"Success Story: Univers Cake"},"content":{"rendered":"\n\t<div  class=\"theme-wp-block theme-block-main-header is-style-full-height desktop-align-full xl-align-full lg-align-full md-align-full sm-align-full desktop-content-align-y-center desktop-content-align-x-center xl-content-align-y-center xl-content-align-x-center lg-content-align-y-center lg-content-align-x-center md-content-align-y-center md-content-align-x-center sm-content-align-y-center sm-content-align-x-center gb-responsive-131969-identifier theme-block-cover\">\n\t\t<div class=\"bg-cover theme-lazy-load-bg\"><\/div>\n\t\t<div class=\"wrap-content-main-header\">\n\t\t\t\n\t\t<div  class=\"theme-wp-block theme-block-text-and-text desktop-blockDirection-row xl-blockDirection-row lg-blockDirection-row md-blockDirection-row sm-blockDirection-row gb-responsive-2306-identifier desktop-vertical-top xl-vertical-top lg-vertical-top md-vertical-top sm-vertical-top desktop-align-wide xl-align-wide lg-align-wide md-align-wide sm-align-wide\">\n\t\t<div class=\"tat-column-wrap-wrapper\">\n\t\t\t<div class=\"tat-column-wrapper\">\n\t\t\t\t\n\t<div  class=\"theme-wp-block theme-block-text-and-text-column gb-responsive-708373-identifier desktop-horizontal-center xl-horizontal-center lg-horizontal-center md-horizontal-center sm-horizontal-center\">\n\t\t<div class=\"inner-wrap-column-content\">\n\t\t\t<div class=\"inner-column-content\">\n\t\t\t\t\n\t\t<h1  class=\"theme-wp-block theme-block-heading is-style-default desktop-text-center xl-text-center lg-text-center md-text-center sm-text-center gb-responsive-813454-identifier desktop-align-wide xl-align-wide lg-align-wide md-align-wide sm-align-wide alignwide h1 has-text-align\">\n\t\t\u201eWir bezahlen den Repricer mit unseren Lost &amp; Found-Erstattungen!\u201c\t<\/h1>\n\n\n\t\t\t<\/div>\n\t\t<\/div>\n\t<\/div>\n\n\n\t<div  class=\"theme-wp-block theme-block-text-and-text-column gb-responsive-976923-identifier\">\n\t\t<div class=\"inner-wrap-column-content\">\n\t\t\t<div class=\"inner-column-content\">\n\t\t\t\t\t\t\t<\/div>\n\t\t<\/div>\n\t<\/div>\n\n\t\t\t<\/div>\n\t\t<\/div>\n\t<\/div>\n\n\n\t\t<\/div>\n\t<\/div>\n\n\n\n\n<div style=\"height:50px\" aria-hidden=\"true\" class=\"theme-wp-block wp-block-spacer\"><\/div>\n\n\n\n<div class=\"theme-wp-block wp-block-columns gb-responsive-990644-identifier is-layout-flex wp-container-core-columns-is-layout-9d6595d7 wp-block-columns-is-layout-flex\">\n<div class=\"theme-wp-block wp-block-column gb-responsive-865237-identifier is-layout-flow wp-block-column-is-layout-flow\" style=\"flex-basis:25%\">\n<figure class=\"theme-wp-block wp-block-image size-large is-resized gb-responsive-62921-identifier\"><img decoding=\"async\" src=\"https:\/\/d2bw95mh2ee04s.cloudfront.net\/prod\/content\/wp-content\/uploads\/2020\/12\/23142710\/logo_univers-cake-neu.png\" alt=\"Success Story: Univers Cake\" class=\"wp-image-5630\" width=\"288\" height=\"51\" srcset=\"https:\/\/d2bw95mh2ee04s.cloudfront.net\/prod\/content\/wp-content\/uploads\/2020\/12\/23142710\/logo_univers-cake-neu-407x72.png 407w, https:\/\/d2bw95mh2ee04s.cloudfront.net\/prod\/content\/wp-content\/uploads\/2020\/12\/23142710\/logo_univers-cake-neu.png 576w\" sizes=\"(max-width: 288px) 100vw, 288px\" \/><\/figure>\n\n\n\n<p class=\"theme-wp-block gb-responsive-191695-identifier\"><strong>Gr\u00fcndungsjahr:<\/strong><br>2016<\/p>\n\n\n\n<p class=\"theme-wp-block gb-responsive-755134-identifier\"><strong>Branche\/ Warengruppen:<\/strong><br>B\u00e4ckerei- und Konditoreiutensilien<\/p>\n\n\n\n<p class=\"theme-wp-block gb-responsive-843929-identifier\"><strong>Artikel online bei Amazon:<\/strong><br>ca. 3.000 SKUs<\/p>\n\n\n\n<p class=\"theme-wp-block gb-responsive-117179-identifier\"><strong>Versendungen:<\/strong><br>ca. 850 \/ Monat<\/p>\n<\/div>\n\n\n\n<div class=\"theme-wp-block wp-block-column gb-responsive-41122-identifier is-layout-flow wp-block-column-is-layout-flow\" style=\"flex-basis:50%\">\n<h3 class=\"theme-wp-block gb-responsive-34353-identifier wp-block-heading\" id=\"block-c06fce04-ef87-4ffc-a3d6-b768ba377d17\">Hintergrund:<\/h3>\n\n\n\n<p class=\"theme-wp-block gb-responsive-772271-identifier\">Mit der Marke \u201eUnivers Cake\u201c ist die Webagentur UP&#8217;NBOOST in den Handel mit B\u00e4ckerei- und Konditoreiwaren eingestiegen. Urspr\u00fcnglich hatte UP&#8217;NBOOST das Konzept f\u00fcr eine Kundin entworfen, die es letztendlich aus Zeitmangel aber nicht umsetzen konnte. Doch die Agentur glaubte an die Idee \u2013 und verhalf Univers Cake kurzerhand selbst ans Licht der Welt. Es stellte sich schnell heraus, dass die noch junge Marke viel Potenzial hatte \u2013 insbesondere auf Amazon. Daher startete bald auch der Verkauf \u00fcber den bekannten Online-Marktplatz.<\/p>\n\n\n\n<h3 class=\"theme-wp-block gb-responsive-530046-identifier wp-block-heading\">Herausforderung:<\/h3>\n\n\n\n<p class=\"theme-wp-block gb-responsive-646640-identifier\">F\u00fcr Jean-Bernard Freymann, Kodirektor bei UP&#8217;NBOOST, war von Anfang an klar, dass beim Verkauf von mehr als 1.500 Produkten ohne eigene Brand und in einem sehr kompetitiven Umfeld die gr\u00f6\u00dfte Herausforderung darin bestehen w\u00fcrde, so viel Zeit wie m\u00f6glich zu sparen. \u201eGleichzeitig mussten wir unsere Margen trotz der sehr wettbewerbsintensiven Bedingungen wahren\u201c, sagt Freymann. \u201eWir haben eine gro\u00dfe Anzahl von Konkurrenten bei Amazon, die exakt dasselbe Produkt verkaufen. Da ist der Hauptfaktor der Preis. Deshalb ist es manuell kaum m\u00f6glich, kontinuierlich und in Echtzeit die Konkurrenz im Auge zu behalten\u201c, f\u00e4hrt Freymann fort.&nbsp;<\/p>\n\n\n\n<p class=\"theme-wp-block gb-responsive-154154-identifier\">Unter diesen Voraussetzungen war nicht nur die Nutzung von Fulfillment by Amazon (FBA), sondern auch die eines Repricers der n\u00e4chste logische Schritt, um wettbewerbsf\u00e4hig zu bleiben und den Buy Box-Anteil auf einem hohen Level zu halten. Ehe UP&#8217;NBOOST jedoch SELLERLOGIC entdeckte, hatte die Agentur bereits andere Repricer ausprobiert. Doch diese Tools konnten weder technisch noch wirtschaftlich \u00fcberzeugen.&nbsp;<\/p>\n\n\n\n<h3 class=\"theme-wp-block gb-responsive-749842-identifier wp-block-heading\">L\u00f6sung:<\/h3>\n\n\n\n<p class=\"theme-wp-block gb-responsive-177722-identifier\">\u201eIn einem Sektor, in dem die Margen eher gering sind, haben wir neben dem Nutzen des Repricers auch dessen Kosten als wichtigen Erfolgsfaktor ber\u00fccksichtigt\u201c, erkl\u00e4rt Freymann. \u201eNachdem wir uns verschiedene Tools angeschaut hatten, \u00fcberzeugte uns bei SELLERLOGIC nicht nur der Preis, sondern auch einige spezielle Features wie die M\u00f6glichkeit, unterschiedliche Preisanpassungsstrategien auf bestimmte Produktgruppen anzuwenden.\u201c&nbsp;<\/p>\n\n\n\n<p class=\"theme-wp-block gb-responsive-638148-identifier\">\u200bZugleich implementierte UP&#8217;NBOOST auch das zweite SELLERLOGIC-Tool: Lost &amp; Found \u00fcberwachte von nun an alle FBA-Prozesse von Univers Cake und meldete zuverl\u00e4ssig jede gefundene Unregelm\u00e4\u00dfigkeit in den Amazon-Logistikzentren, sodass die R\u00fcckerstattungen schnell und unkompliziert beantragt werden k\u00f6nnen.&nbsp;<\/p>\n\n\n<div class=\"theme-block-group-wrap\">\n<div class=\"theme-wp-block wp-block-group gb-responsive-88118-identifier\"><div class=\"wp-block-group__inner-container is-layout-flow wp-block-group-is-layout-flow\">\t\t<div  class=\"theme-wp-block theme-block-user-card gb-responsive-799176-identifier is-style-full-width-line\">\n\t\t<div class=\"wrap-inner-content\">\n\t\t\t<div class=\"card-user-head\">\n\t\t\t\t<div class=\"card-user-avatar\">\n\t\t\t\t\t<div class=\"cover-avatar\" style=\"background-image: url(https:\/\/d2bw95mh2ee04s.cloudfront.net\/prod\/content\/wp-content\/uploads\/2020\/12\/23142710\/portrait_univers-cake_raute.png);\"><\/div>\n\t\t\t\t<\/div>\n\t\t\t\t<div class=\"wrap-title\">\n\t\t\t\t\t<div class=\"card-user-name\">\n\t\t\t\t\t\t<div class=\"title\">\n\t\t\t\t\t\t\t<h3 class=\"heading-text\"><strong>Jean-Bernard Freymann<\/strong><\/h3>\n\t\t\t\t\t\t<\/div>\n\t\t\t\t\t\t<div class=\"card-user-position\">\n\t\t\t\t\t\t\t<div class=\"card-text\"><strong>Kodirektor UP&#8217;NBOOST<\/strong><\/div>\n\t\t\t\t\t\t<\/div>\n\t\t\t\t\t<\/div>\n\t\t\t\t\t<div class=\"card-user-quote-icon\">\n\t\t\t\t\t<\/div>\n\t\t\t\t<\/div>\n\t\t\t<\/div>\n\t\t\t<div class=\"card-user-text\">\n\t\t\t\t<div class=\"card-text\"><p>\u201eMit den FBA-R\u00fcckerstattungen, die wir dank des zweiten SELLERLOGIC-Tools erhalten, k\u00f6nnen wir den Repricer finanzieren!\u201c<\/p><\/div>\n\t\t\t<\/div>\n\t\t<\/div>\n\t<\/div>\n\n<\/div>\n<\/div><\/div>\n\n\n<h3 class=\"theme-wp-block gb-responsive-260858-identifier wp-block-heading\">Erfolge mit SELLERLOGIC:<\/h3>\n\n\n\n<p class=\"theme-wp-block gb-responsive-269985-identifier\">\u201eDas Setup war ziemlich einfach: Wir mussten lediglich eine Datei mit all unseren Produkten und den jeweiligen Mindest- und H\u00f6chstpreisen importieren. Der Import ging schnell und problemlos. Innerhalb weniger Stunden war das Repricing einsatzbereit\u201c, best\u00e4tigt Freymann. \u201eBeide Tools sorgen f\u00fcr eine enorme Zeitersparnis.\u201c<\/p>\n\n\n\n<p class=\"theme-wp-block gb-responsive-883748-identifier\">Daneben konnte UP&#8217;NBOOST die Kosten f\u00fcr die Nutzung des Repricers gleich wieder einspielen, denn durch Lost &amp; Found verliert das Unternehmen kein Geld mehr an Amazon. \u201eDas ist das Beste\u201c, freut sich der Ko-Direktor, \u201eDurch Lost &amp; Found k\u00f6nnen wir die Repricing-Kosten ausgleichen!\u201c&nbsp;<\/p>\n\n\n\n<p class=\"theme-wp-block gb-responsive-164444-identifier\">\u201eDar\u00fcber hinaus ist das KundenserviceTeam von SELLERLOGIC kompetent und reagiert schnell auf Anfragen. Die Zusammenarbeit mit einem gut strukturierten und kundenorientierten deutschen Unternehmen ist f\u00fcr uns sehr beruhigend\u201c, bekr\u00e4ftigt Freymann.<\/p>\n\n\n\n<div class=\"theme-wp-block wp-block-buttons gb-responsive-497426-identifier is-layout-flex wp-block-buttons-is-layout-flex\">\n<div class=\"theme-wp-block wp-block-button gb-responsive-38220-identifier is-style-theme-transparent-with-arrow\"><a class=\"wp-block-button__link\" href=\"https:\/\/d2bw95mh2ee04s.cloudfront.net\/prod\/content\/files\/SUCCESS-STORIES\/DE\/SELLERLOGIC_SN_Success-Story_Univers-Cake_DE.pdf\" target=\"_blank\" rel=\"noreferrer noopener nofollow\">Jetzt herunterladen!<\/a><\/div>\n<\/div>\n<\/div>\n\n\n\n<div class=\"theme-wp-block wp-block-column gb-responsive-472466-identifier is-layout-flow wp-block-column-is-layout-flow\" style=\"flex-basis:25%\"><\/div>\n<\/div>\n","protected":false},"excerpt":{"rendered":"<p>Gr\u00fcndungsjahr:2016 Branche\/ Warengruppen:B\u00e4ckerei- und Konditoreiutensilien Artikel online bei Amazon:ca. 3.000 SKUs Versendungen:ca. 850 \/ Monat Hintergrund: Mit der Marke \u201eUnivers Cake\u201c ist die Webagentur UP&#8217;NBOOST in den Handel mit B\u00e4ckerei- und Konditoreiwaren eingestiegen. Urspr\u00fcnglich hatte UP&#8217;NBOOST das Konzept f\u00fcr eine Kundin entworfen, die es letztendlich aus Zeitmangel aber nicht umsetzen konnte. Doch die Agentur glaubte<\/p>\n","protected":false},"author":3,"featured_media":5624,"parent":470,"menu_order":0,"comment_status":"closed","ping_status":"closed","template":"","meta":{"sidebar_recommended_resources":{"data":[]},"sidebar_header_settings":{"hide_buttons":{"register":false}},"_use_new_theme":false,"inline_featured_image":false,"footnotes":""},"class_list":["post-5621","page","type-page","status-publish","has-post-thumbnail","hentry"],"yoast_head":"<!-- This site is optimized with the Yoast SEO plugin v26.8 - https:\/\/yoast.com\/product\/yoast-seo-wordpress\/ -->\n<title>So arbeiten Repricer und Lost &amp; Found zusammen! | SELLERLOGIC<\/title>\n<meta name=\"description\" content=\"Mit den FBA-R\u00fcckerstattungen, die UP&#039;NBOOST dank Lost &amp; Found erh\u00e4lt, wird der Repricer finanziert. Eine besondere Success Story!\" \/>\n<meta name=\"robots\" content=\"index, follow, max-snippet:-1, max-image-preview:large, max-video-preview:-1\" \/>\n<link rel=\"canonical\" href=\"https:\/\/www.sellerlogic.com\/de\/ressourcen\/success-story-univers-cake\/\" \/>\n<meta property=\"og:locale\" content=\"de_DE\" \/>\n<meta property=\"og:type\" content=\"article\" \/>\n<meta property=\"og:title\" content=\"So arbeiten Repricer und Lost &amp; Found zusammen! | SELLERLOGIC\" \/>\n<meta property=\"og:description\" content=\"Mit den FBA-R\u00fcckerstattungen, die UP&#039;NBOOST dank Lost &amp; Found erh\u00e4lt, wird der Repricer finanziert. Eine besondere Success Story!\" \/>\n<meta property=\"og:url\" content=\"https:\/\/www.sellerlogic.com\/de\/ressourcen\/success-story-univers-cake\/\" \/>\n<meta property=\"og:site_name\" content=\"SELLERLOGIC - Smarte Tools f\u00fcr Amazon-Seller\" \/>\n<meta property=\"article:publisher\" content=\"https:\/\/www.facebook.com\/SellerLogic\/\" \/>\n<meta property=\"article:modified_time\" content=\"2021-05-12T09:58:28+00:00\" \/>\n<meta property=\"og:image\" content=\"https:\/\/d2bw95mh2ee04s.cloudfront.net\/prod\/content\/wp-content\/uploads\/2020\/12\/23142710\/success-story-univers-cake-header-scaled.jpeg\" \/>\n\t<meta property=\"og:image:width\" content=\"2560\" \/>\n\t<meta property=\"og:image:height\" content=\"1107\" \/>\n\t<meta property=\"og:image:type\" content=\"image\/jpeg\" \/>\n<meta name=\"twitter:card\" content=\"summary_large_image\" \/>\n<meta name=\"twitter:site\" content=\"@sellerlogic\" \/>\n<meta name=\"twitter:label1\" content=\"Est. reading time\" \/>\n\t<meta name=\"twitter:data1\" content=\"3 minutes\" \/>\n<script type=\"application\/ld+json\" class=\"yoast-schema-graph\">{\"@context\":\"https:\/\/schema.org\",\"@graph\":[{\"@type\":\"WebPage\",\"@id\":\"https:\/\/www.sellerlogic.com\/de\/ressourcen\/success-story-univers-cake\/\",\"url\":\"https:\/\/www.sellerlogic.com\/de\/ressourcen\/success-story-univers-cake\/\",\"name\":\"So arbeiten Repricer und Lost & Found zusammen! | SELLERLOGIC\",\"isPartOf\":{\"@id\":\"https:\/\/www.sellerlogic.com\/de\/#website\"},\"primaryImageOfPage\":{\"@id\":\"https:\/\/www.sellerlogic.com\/de\/ressourcen\/success-story-univers-cake\/#primaryimage\"},\"image\":{\"@id\":\"https:\/\/www.sellerlogic.com\/de\/ressourcen\/success-story-univers-cake\/#primaryimage\"},\"thumbnailUrl\":\"https:\/\/d2bw95mh2ee04s.cloudfront.net\/prod\/content\/wp-content\/uploads\/2020\/12\/23142710\/success-story-univers-cake-header-scaled.jpeg\",\"datePublished\":\"2020-12-21T08:31:15+00:00\",\"dateModified\":\"2021-05-12T09:58:28+00:00\",\"description\":\"Mit den FBA-R\u00fcckerstattungen, die UP'NBOOST dank Lost & Found erh\u00e4lt, wird der Repricer finanziert. Eine besondere Success Story!\",\"breadcrumb\":{\"@id\":\"https:\/\/www.sellerlogic.com\/de\/ressourcen\/success-story-univers-cake\/#breadcrumb\"},\"inLanguage\":\"de-DE\",\"potentialAction\":[{\"@type\":\"ReadAction\",\"target\":[\"https:\/\/www.sellerlogic.com\/de\/ressourcen\/success-story-univers-cake\/\"]}]},{\"@type\":\"ImageObject\",\"inLanguage\":\"de-DE\",\"@id\":\"https:\/\/www.sellerlogic.com\/de\/ressourcen\/success-story-univers-cake\/#primaryimage\",\"url\":\"https:\/\/d2bw95mh2ee04s.cloudfront.net\/prod\/content\/wp-content\/uploads\/2020\/12\/23142710\/success-story-univers-cake-header-scaled.jpeg\",\"contentUrl\":\"https:\/\/d2bw95mh2ee04s.cloudfront.net\/prod\/content\/wp-content\/uploads\/2020\/12\/23142710\/success-story-univers-cake-header-scaled.jpeg\",\"width\":2560,\"height\":1107,\"caption\":\"Success Story: Univers Cake\"},{\"@type\":\"BreadcrumbList\",\"@id\":\"https:\/\/www.sellerlogic.com\/de\/ressourcen\/success-story-univers-cake\/#breadcrumb\",\"itemListElement\":[{\"@type\":\"ListItem\",\"position\":1,\"name\":\"Home\",\"item\":\"https:\/\/www.sellerlogic.com\/de\/\"},{\"@type\":\"ListItem\",\"position\":2,\"name\":\"Ressourcen\",\"item\":\"https:\/\/www.sellerlogic.com\/de\/ressourcen\/\"},{\"@type\":\"ListItem\",\"position\":3,\"name\":\"Success Story: Univers Cake\"}]},{\"@type\":\"WebSite\",\"@id\":\"https:\/\/www.sellerlogic.com\/de\/#website\",\"url\":\"https:\/\/www.sellerlogic.com\/de\/\",\"name\":\"SELLERLOGIC - Smarte Tools f\u00fcr Amazon-Seller\",\"description\":\"Intelligente Prozessoptimierung und Gewinnmaximierung\",\"publisher\":{\"@id\":\"https:\/\/www.sellerlogic.com\/de\/#organization\"},\"potentialAction\":[{\"@type\":\"SearchAction\",\"target\":{\"@type\":\"EntryPoint\",\"urlTemplate\":\"https:\/\/www.sellerlogic.com\/de\/?s={search_term_string}\"},\"query-input\":{\"@type\":\"PropertyValueSpecification\",\"valueRequired\":true,\"valueName\":\"search_term_string\"}}],\"inLanguage\":\"de-DE\"},{\"@type\":\"Organization\",\"@id\":\"https:\/\/www.sellerlogic.com\/de\/#organization\",\"name\":\"SELLERLOGIC\",\"url\":\"https:\/\/www.sellerlogic.com\/de\/\",\"logo\":{\"@type\":\"ImageObject\",\"inLanguage\":\"de-DE\",\"@id\":\"https:\/\/www.sellerlogic.com\/de\/#\/schema\/logo\/image\/\",\"url\":\"https:\/\/d2bw95mh2ee04s.cloudfront.net\/prod\/content\/wp-content\/uploads\/2025\/01\/02134814\/Property-Logo-Main.svg\",\"contentUrl\":\"https:\/\/d2bw95mh2ee04s.cloudfront.net\/prod\/content\/wp-content\/uploads\/2025\/01\/02134814\/Property-Logo-Main.svg\",\"width\":184,\"height\":40,\"caption\":\"SELLERLOGIC\"},\"image\":{\"@id\":\"https:\/\/www.sellerlogic.com\/de\/#\/schema\/logo\/image\/\"},\"sameAs\":[\"https:\/\/www.facebook.com\/SellerLogic\/\",\"https:\/\/x.com\/sellerlogic\",\"https:\/\/www.instagram.com\/sellerlogic\/\",\"https:\/\/www.linkedin.com\/company\/18402037\/\",\"https:\/\/www.youtube.com\/channel\/UC-gULUur-fNj08sprantKsQ\"]}]}<\/script>\n<!-- \/ Yoast SEO plugin. -->","yoast_head_json":{"title":"So arbeiten Repricer und Lost & Found zusammen! | SELLERLOGIC","description":"Mit den FBA-R\u00fcckerstattungen, die UP'NBOOST dank Lost & Found erh\u00e4lt, wird der Repricer finanziert. Eine besondere Success Story!","robots":{"index":"index","follow":"follow","max-snippet":"max-snippet:-1","max-image-preview":"max-image-preview:large","max-video-preview":"max-video-preview:-1"},"canonical":"https:\/\/www.sellerlogic.com\/de\/ressourcen\/success-story-univers-cake\/","og_locale":"de_DE","og_type":"article","og_title":"So arbeiten Repricer und Lost & Found zusammen! | SELLERLOGIC","og_description":"Mit den FBA-R\u00fcckerstattungen, die UP'NBOOST dank Lost & Found erh\u00e4lt, wird der Repricer finanziert. Eine besondere Success Story!","og_url":"https:\/\/www.sellerlogic.com\/de\/ressourcen\/success-story-univers-cake\/","og_site_name":"SELLERLOGIC - Smarte Tools f\u00fcr Amazon-Seller","article_publisher":"https:\/\/www.facebook.com\/SellerLogic\/","article_modified_time":"2021-05-12T09:58:28+00:00","og_image":[{"width":2560,"height":1107,"url":"https:\/\/d2bw95mh2ee04s.cloudfront.net\/prod\/content\/wp-content\/uploads\/2020\/12\/23142710\/success-story-univers-cake-header-scaled.jpeg","type":"image\/jpeg"}],"twitter_card":"summary_large_image","twitter_site":"@sellerlogic","twitter_misc":{"Est. reading time":"3 minutes"},"schema":{"@context":"https:\/\/schema.org","@graph":[{"@type":"WebPage","@id":"https:\/\/www.sellerlogic.com\/de\/ressourcen\/success-story-univers-cake\/","url":"https:\/\/www.sellerlogic.com\/de\/ressourcen\/success-story-univers-cake\/","name":"So arbeiten Repricer und Lost & Found zusammen! | SELLERLOGIC","isPartOf":{"@id":"https:\/\/www.sellerlogic.com\/de\/#website"},"primaryImageOfPage":{"@id":"https:\/\/www.sellerlogic.com\/de\/ressourcen\/success-story-univers-cake\/#primaryimage"},"image":{"@id":"https:\/\/www.sellerlogic.com\/de\/ressourcen\/success-story-univers-cake\/#primaryimage"},"thumbnailUrl":"https:\/\/d2bw95mh2ee04s.cloudfront.net\/prod\/content\/wp-content\/uploads\/2020\/12\/23142710\/success-story-univers-cake-header-scaled.jpeg","datePublished":"2020-12-21T08:31:15+00:00","dateModified":"2021-05-12T09:58:28+00:00","description":"Mit den FBA-R\u00fcckerstattungen, die UP'NBOOST dank Lost & Found erh\u00e4lt, wird der Repricer finanziert. Eine besondere Success Story!","breadcrumb":{"@id":"https:\/\/www.sellerlogic.com\/de\/ressourcen\/success-story-univers-cake\/#breadcrumb"},"inLanguage":"de-DE","potentialAction":[{"@type":"ReadAction","target":["https:\/\/www.sellerlogic.com\/de\/ressourcen\/success-story-univers-cake\/"]}]},{"@type":"ImageObject","inLanguage":"de-DE","@id":"https:\/\/www.sellerlogic.com\/de\/ressourcen\/success-story-univers-cake\/#primaryimage","url":"https:\/\/d2bw95mh2ee04s.cloudfront.net\/prod\/content\/wp-content\/uploads\/2020\/12\/23142710\/success-story-univers-cake-header-scaled.jpeg","contentUrl":"https:\/\/d2bw95mh2ee04s.cloudfront.net\/prod\/content\/wp-content\/uploads\/2020\/12\/23142710\/success-story-univers-cake-header-scaled.jpeg","width":2560,"height":1107,"caption":"Success Story: Univers Cake"},{"@type":"BreadcrumbList","@id":"https:\/\/www.sellerlogic.com\/de\/ressourcen\/success-story-univers-cake\/#breadcrumb","itemListElement":[{"@type":"ListItem","position":1,"name":"Home","item":"https:\/\/www.sellerlogic.com\/de\/"},{"@type":"ListItem","position":2,"name":"Ressourcen","item":"https:\/\/www.sellerlogic.com\/de\/ressourcen\/"},{"@type":"ListItem","position":3,"name":"Success Story: Univers Cake"}]},{"@type":"WebSite","@id":"https:\/\/www.sellerlogic.com\/de\/#website","url":"https:\/\/www.sellerlogic.com\/de\/","name":"SELLERLOGIC - Smarte Tools f\u00fcr Amazon-Seller","description":"Intelligente Prozessoptimierung und Gewinnmaximierung","publisher":{"@id":"https:\/\/www.sellerlogic.com\/de\/#organization"},"potentialAction":[{"@type":"SearchAction","target":{"@type":"EntryPoint","urlTemplate":"https:\/\/www.sellerlogic.com\/de\/?s={search_term_string}"},"query-input":{"@type":"PropertyValueSpecification","valueRequired":true,"valueName":"search_term_string"}}],"inLanguage":"de-DE"},{"@type":"Organization","@id":"https:\/\/www.sellerlogic.com\/de\/#organization","name":"SELLERLOGIC","url":"https:\/\/www.sellerlogic.com\/de\/","logo":{"@type":"ImageObject","inLanguage":"de-DE","@id":"https:\/\/www.sellerlogic.com\/de\/#\/schema\/logo\/image\/","url":"https:\/\/d2bw95mh2ee04s.cloudfront.net\/prod\/content\/wp-content\/uploads\/2025\/01\/02134814\/Property-Logo-Main.svg","contentUrl":"https:\/\/d2bw95mh2ee04s.cloudfront.net\/prod\/content\/wp-content\/uploads\/2025\/01\/02134814\/Property-Logo-Main.svg","width":184,"height":40,"caption":"SELLERLOGIC"},"image":{"@id":"https:\/\/www.sellerlogic.com\/de\/#\/schema\/logo\/image\/"},"sameAs":["https:\/\/www.facebook.com\/SellerLogic\/","https:\/\/x.com\/sellerlogic","https:\/\/www.instagram.com\/sellerlogic\/","https:\/\/www.linkedin.com\/company\/18402037\/","https:\/\/www.youtube.com\/channel\/UC-gULUur-fNj08sprantKsQ"]}]}},"_links":{"self":[{"href":"https:\/\/www.sellerlogic.com\/de\/wp-json\/wp\/v2\/pages\/5621","targetHints":{"allow":["GET"]}}],"collection":[{"href":"https:\/\/www.sellerlogic.com\/de\/wp-json\/wp\/v2\/pages"}],"about":[{"href":"https:\/\/www.sellerlogic.com\/de\/wp-json\/wp\/v2\/types\/page"}],"author":[{"embeddable":true,"href":"https:\/\/www.sellerlogic.com\/de\/wp-json\/wp\/v2\/users\/3"}],"replies":[{"embeddable":true,"href":"https:\/\/www.sellerlogic.com\/de\/wp-json\/wp\/v2\/comments?post=5621"}],"version-history":[{"count":0,"href":"https:\/\/www.sellerlogic.com\/de\/wp-json\/wp\/v2\/pages\/5621\/revisions"}],"up":[{"embeddable":true,"href":"https:\/\/www.sellerlogic.com\/de\/wp-json\/wp\/v2\/pages\/470"}],"wp:featuredmedia":[{"embeddable":true,"href":"https:\/\/www.sellerlogic.com\/de\/wp-json\/wp\/v2\/media\/5624"}],"wp:attachment":[{"href":"https:\/\/www.sellerlogic.com\/de\/wp-json\/wp\/v2\/media?parent=5621"}],"curies":[{"name":"wp","href":"https:\/\/api.w.org\/{rel}","templated":true}]}}