
{"id":8493,"date":"2021-03-02T08:05:07","date_gmt":"2021-03-02T08:05:07","guid":{"rendered":"https:\/\/www.sellerlogic.com\/?page_id=8493"},"modified":"2021-03-15T12:52:51","modified_gmt":"2021-03-15T12:52:51","slug":"success-story-groupe-dragon","status":"publish","type":"page","link":"https:\/\/www.sellerlogic.com\/de\/ressourcen\/success-story-groupe-dragon\/","title":{"rendered":"Success Story: Groupe Dragon"},"content":{"rendered":"\n\t<div  class=\"theme-wp-block theme-block-main-header is-style-full-height desktop-content-align-y-center desktop-content-align-x-center xl-content-align-y-center xl-content-align-x-center lg-content-align-y-center lg-content-align-x-center md-content-align-y-center md-content-align-x-center sm-content-align-y-center sm-content-align-x-center gb-responsive-853195-identifier desktop-align-full xl-align-full lg-align-full md-align-full sm-align-full desktop-gb-has-no-icon xl-gb-has-no-icon lg-gb-has-no-icon md-gb-has-no-icon sm-gb-has-no-icon theme-block-cover\">\n\t\t<div class=\"bg-cover theme-lazy-load-bg\"><\/div>\n\t\t<div class=\"wrap-content-main-header\">\n\t\t\t\n\t\t<div  class=\"theme-wp-block theme-block-text-and-text gb-responsive-170032-identifier desktop-vertical-center xl-vertical-center lg-vertical-center md-vertical-center sm-vertical-center md-blockDirection-column sm-blockDirection-column desktop-blockDirection-column xl-blockDirection-column lg-blockDirection-column alignfull\">\n\t\t<div class=\"tat-column-wrap-wrapper\">\n\t\t\t<div class=\"tat-column-wrapper\">\n\t\t\t\t\n\t<div  class=\"theme-wp-block theme-block-text-and-text-column gb-responsive-644092-identifier md-horizontal-center desktop-horizontal-right sm-horizontal-center xl-horizontal-center lg-horizontal-center\">\n\t\t<div class=\"inner-wrap-column-content\">\n\t\t\t<div class=\"inner-column-content\">\n\t\t\t\t\n\t\t<h1  class=\"theme-wp-block theme-block-heading is-style-default sm-text-center md-text-center desktop-text-center xl-text-center lg-text-center gb-responsive-113637-identifier desktop-align-full xl-align-full lg-align-full md-align-full sm-align-full desktop-gb-has-no-icon xl-gb-has-no-icon lg-gb-has-no-icon md-gb-has-no-icon sm-gb-has-no-icon alignfull h1 has-text-align\">\n\t\tKeine Zeit, keine Manpower, keine Ressourcen\t<\/h1>\n\n\n\n\t\t<h2  class=\"theme-wp-block theme-block-heading desktop-gb-has-no-icon xl-gb-has-no-icon lg-gb-has-no-icon md-gb-has-no-icon sm-gb-has-no-icon gb-responsive-848621-identifier desktop-text-center xl-text-center lg-text-center md-text-center sm-text-center h3\">\n\t\tWie Groupe Dragon dennoch jeden FBA-Fehler zur\u00fcckerstattet bekommt\t<\/h2>\n\n\n\t\t\t<\/div>\n\t\t<\/div>\n\t<\/div>\n\n\n\t<div  class=\"theme-wp-block theme-block-text-and-text-column gb-responsive-840598-identifier desktop-horizontal-center xl-horizontal-center lg-horizontal-center md-horizontal-center sm-horizontal-center\">\n\t\t<div class=\"inner-wrap-column-content\">\n\t\t\t<div class=\"inner-column-content\">\n\t\t\t\t\t\t\t<\/div>\n\t\t<\/div>\n\t<\/div>\n\n\t\t\t<\/div>\n\t\t<\/div>\n\t<\/div>\n\n\n\t\t<\/div>\n\t<\/div>\n\n\n\n\n<div style=\"height:50px\" aria-hidden=\"true\" class=\"theme-wp-block wp-block-spacer\"><\/div>\n\n\n\n<div class=\"theme-wp-block wp-block-columns gb-responsive-715185-identifier is-layout-flex wp-container-core-columns-is-layout-9d6595d7 wp-block-columns-is-layout-flex\">\n<div class=\"theme-wp-block wp-block-column gb-responsive-447113-identifier is-layout-flow wp-block-column-is-layout-flow\" style=\"flex-basis:25%\">\n<figure class=\"theme-wp-block wp-block-image size-large gb-responsive-62921-identifier desktop-gb-has-no-icon xl-gb-has-no-icon lg-gb-has-no-icon md-gb-has-no-icon sm-gb-has-no-icon\"><img decoding=\"async\" width=\"156\" height=\"156\" src=\"https:\/\/d2bw95mh2ee04s.cloudfront.net\/prod\/content\/wp-content\/uploads\/2021\/03\/23142640\/logo2_groupe-dragon-edited.png\" alt=\"Success Story: Groupe Dragon\" class=\"wp-image-8498\"\/><\/figure>\n\n\n\n<p class=\"theme-wp-block gb-responsive-312552-identifier desktop-gb-has-no-icon xl-gb-has-no-icon lg-gb-has-no-icon md-gb-has-no-icon sm-gb-has-no-icon\"><strong>Gr\u00fcndung:<\/strong><br>2011<\/p>\n\n\n\n<p class=\"theme-wp-block gb-responsive-353708-identifier desktop-gb-has-no-icon xl-gb-has-no-icon lg-gb-has-no-icon md-gb-has-no-icon sm-gb-has-no-icon\"><strong>Branche:<\/strong><br>Ersatzteile \/ Elektrisches Haushaltszubeh\u00f6r<\/p>\n\n\n\n<p class=\"theme-wp-block gb-responsive-741269-identifier desktop-gb-has-no-icon xl-gb-has-no-icon lg-gb-has-no-icon md-gb-has-no-icon sm-gb-has-no-icon\"><strong>Artikel bei Amazon:<\/strong><br>ca. 177.000<\/p>\n\n\n\n<p class=\"theme-wp-block gb-responsive-218030-identifier desktop-gb-has-no-icon xl-gb-has-no-icon lg-gb-has-no-icon md-gb-has-no-icon sm-gb-has-no-icon\"><strong>Sendungen:&nbsp;<\/strong><br>ca. 37.000 pro Monat<\/p>\n<\/div>\n\n\n\n<div class=\"theme-wp-block wp-block-column gb-responsive-617513-identifier is-layout-flow wp-block-column-is-layout-flow\" style=\"flex-basis:50%\">\n<h3 class=\"theme-wp-block gb-responsive-34353-identifier wp-block-heading\" id=\"block-c06fce04-ef87-4ffc-a3d6-b768ba377d17\">Hintergrund:<\/h3>\n\n\n\n<p class=\"theme-wp-block\">Groupe Dragon ist eines der erfolgreichsten franz\u00f6sischen Unternehmen auf dem Amazon-Marktplatz. Der Erfolg kommt nicht von ungef\u00e4hr: Ehe der Gr\u00fcnder von Groupe Dragon zum Amazon Seller wurde, war er hauptberuflich als Reparateur von Elektroger\u00e4ten t\u00e4tig. \u201eSchon damals bot er in seinem Gesch\u00e4ft auch Ersatzteile an&#8221;, erz\u00e4hlt Florent Noualy, Leiter der Abteilung Einkauf und Marktplatz-Strategie. \u201eEr erkannte, dass Elektroger\u00e4te heutzutage viel schneller kaputt gehen als fr\u00fcher.\u201c&nbsp;<\/p>\n\n\n\n<p class=\"theme-wp-block\">Hinzu kamen neue Gesetzesvorschriften, die Hersteller beispielsweise dazu verpflichten, Ersatzteile f\u00fcr eine bestimmte Zeit auf Vorrat zu halten. Diese Entwicklungen trugen dazu bei, dass die Nachfrage nach Reparaturmaterialien deutlich stieg, insbesondere im Internet. Die Entscheidung, Ersatzteile auch online anzubieten, war goldrichtig: Mittlerweile rangiert Groupe Dragon unter den Top 5 der erfolgreichsten franz\u00f6sischen Amazon-Verk\u00e4ufer.<\/p>\n\n\n\n<h3 class=\"theme-wp-block gb-responsive-182281-identifier wp-block-heading\">Herausforderung:<\/h3>\n\n\n\n<p class=\"theme-wp-block desktop-gb-has-no-icon xl-gb-has-no-icon lg-gb-has-no-icon md-gb-has-no-icon sm-gb-has-no-icon gb-responsive-232695-identifier\">Mit dem Erfolg stellten sich Groupe Dragon aber auch neue Herausforderungen, die es zu meistern galt. \u201eEine davon war die Internationalisierung. Amazon war hierbei eine gro\u00dfe Hilfe, denn durch den einfachen Zugang zu anderen Marktpl\u00e4tzen wuchs unser Unternehmen stetig\u201c, sagt Florent Noualy. Der deutsche Marktplatz entwickelte sich sogar zum f\u00fchrenden Absatzkanal.&nbsp;<\/p>\n\n\n\n<p class=\"theme-wp-block\">Die Expansion \u00fcber Amazon er\u00f6ffnete Groupe Dragon aber auch den Weg, Markenprodukte von Dyson oder Elektrolux anzubieten. \u201eDas erh\u00f6hte unser Auftrags- und Lagervolumen massiv. Als ich 2015 zum Team stie\u00df, war relativ schnell klar, dass wir in Zukunft unser Fulfillment auf FBA umstellen mussten. F\u00fcr uns war das die beste Option.\u201c<\/p>\n\n\n\n<h3 class=\"theme-wp-block gb-responsive-115756-identifier wp-block-heading\">L\u00f6sung:<\/h3>\n\n\n\n<p class=\"theme-wp-block desktop-gb-has-no-icon xl-gb-has-no-icon lg-gb-has-no-icon md-gb-has-no-icon sm-gb-has-no-icon gb-responsive-423940-identifier\">Dann erhielt Noualy \u00fcber LinkedIn eine Nachricht von Monica, die im Sales Team bei SELLERLOGIC arbeitet. \u201eIch kannte SELLERLOGIC bereits\u201c, erz\u00e4hlt Noualy, \u201eund ich war sofort interessiert an Lost &amp; Found. Mir war zu dem Zeitpunkt schon klar, dass uns wichtige Informationen \u00fcber unsere FBA-Prozesse fehlten.\u201c Au\u00dferdem gab es niemandem im Team bei Groupe Dragon, der dieselben riesigen Datenmengen analysieren konnte, wie Lost &amp; Found dies schafft.&nbsp;<\/p>\n\n\n\n<p class=\"theme-wp-block desktop-gb-has-no-icon xl-gb-has-no-icon lg-gb-has-no-icon md-gb-has-no-icon sm-gb-has-no-icon gb-responsive-837826-identifier\">\u201eAuch wenn wir schon seit Jahren auf Amazon verkaufen und ein gutes Verst\u00e4ndnis davon haben, wie der Marktplatz funktioniert\u201c, sagt Noualy, \u201eTrotzdem hatten wir nicht genug Wissen, um alle Fehlerarten zu erkennen.\u201c Hier musste unbedingt Abhilfe geschaffen werden. \u201eAls ich Lost &amp; Found dann aktivierte, habe ich schon bef\u00fcrchtet, dass das Tool eine Menge FBA-Fehler identifizieren w\u00fcrde. Aber mit der tats\u00e4chlichen Menge h\u00e4tte ich nie und nimmer gerechnet!\u201d<\/p>\n\n\n<div class=\"theme-block-group-wrap\">\n<div class=\"theme-wp-block wp-block-group gb-responsive-88118-identifier\"><div class=\"wp-block-group__inner-container\"><div class=\"wp-block-group__inner-container is-layout-flow wp-block-group-is-layout-flow\">\t\t<div  class=\"theme-wp-block theme-block-user-card gb-responsive-799176-identifier is-style-full-width-line desktop-gb-has-no-icon xl-gb-has-no-icon lg-gb-has-no-icon md-gb-has-no-icon sm-gb-has-no-icon\">\n\t\t<div class=\"wrap-inner-content\">\n\t\t\t<div class=\"card-user-head\">\n\t\t\t\t<div class=\"card-user-avatar\">\n\t\t\t\t\t<div class=\"cover-avatar\" style=\"background-image: url(https:\/\/d2bw95mh2ee04s.cloudfront.net\/prod\/content\/wp-content\/uploads\/2021\/03\/23142640\/florent_groupe-dragon-raute.png);\"><\/div>\n\t\t\t\t<\/div>\n\t\t\t\t<div class=\"wrap-title\">\n\t\t\t\t\t<div class=\"card-user-name\">\n\t\t\t\t\t\t<div class=\"title\">\n\t\t\t\t\t\t\t<h3 class=\"heading-text\"><strong>Florent Noualy<\/strong><\/h3>\n\t\t\t\t\t\t<\/div>\n\t\t\t\t\t\t<div class=\"card-user-position\">\n\t\t\t\t\t\t\t<div class=\"card-text\"><strong>Leiter Einkauf und Marktplatz-Strategie<\/strong><\/div>\n\t\t\t\t\t\t<\/div>\n\t\t\t\t\t<\/div>\n\t\t\t\t\t<div class=\"card-user-quote-icon\">\n\t\t\t\t\t<\/div>\n\t\t\t\t<\/div>\n\t\t\t<\/div>\n\t\t\t<div class=\"card-user-text\">\n\t\t\t\t<div class=\"card-text\"><p>\u201eEs war absolut inakzeptabel, weiterhin so viel Geld zu verlieren, daher war die Entscheidung klar: Wir w\u00fcrden Lost &amp; Found weiterhin verwenden.\u201c<\/p><\/div>\n\t\t\t<\/div>\n\t\t<\/div>\n\t<\/div>\n\n<\/div><\/div>\n<\/div><\/div>\n\n\n<h3 class=\"theme-wp-block gb-responsive-595368-identifier wp-block-heading\">Ergebnis:<\/h3>\n\n\n\n<p class=\"theme-wp-block\">Schon der erste Durchlauf von Lost &amp; Found brachte 360 Fehler ans Tageslicht. Noualy war schockiert. \u201eEs war absolut inakzeptabel, weiterhin so viel Geld zu verlieren, daher war die Entscheidung klar: Wir w\u00fcrden Lost &amp; Found weiterhin verwenden.\u201c Und das war eine gute Entscheidung. Bisher hat Lost &amp; Found dem Unternehmen rund 25.000 Euro R\u00fcckerstattungen eingebracht, die ansonsten verloren gewesen w\u00e4ren.&nbsp;<\/p>\n\n\n\n<p class=\"theme-wp-block\">Das ist aber noch nicht alles. Daneben spart die SELLERLOGIC-L\u00f6sung Groupe Dragon auch jede Menge andere Ressourcen wie Zeit und Manpower. \u201eAuch die Kommunikation mit Amazon ist einfacher geworden. Lost &amp; Found stellt jederzeit die richtigen Informationen zur Verf\u00fcgung.\u201c Das beinhaltet beispielsweise auch die Vorlagen, mit denen Groupe Dragon sofort auf Amazons automatische Antworten reagieren kann. \u201eEs gen\u00fcgt, diese Vorlagen einfach zu kopieren. Alles, was wir zu einem Fehler wissen m\u00fcssen, finden wir \u00fcbersichtlich dargestellt in Lost &amp; Found.\u201c<\/p>\n\n\n\n<p class=\"theme-wp-block\">Auch von SELLERLOGIC ist Florent Noualy begeistert, denn der Kundenservice ist im Preis inbegriffen: \u201eWenn es irgendwelche Probleme mit einem der offenen F\u00e4lle gibt, ist das Team von SELLERLOGIC immer verf\u00fcgbar und tut alles, um ihren Kunden zu helfen und den Fall zu einem guten Abschluss zu bringen!\u201c<\/p>\n\n\n\n<div class=\"theme-wp-block wp-block-buttons gb-responsive-497426-identifier is-layout-flex wp-block-buttons-is-layout-flex\">\n<div class=\"theme-wp-block wp-block-button gb-responsive-38220-identifier is-style-theme-transparent-with-arrow desktop-gb-has-no-icon xl-gb-has-no-icon lg-gb-has-no-icon md-gb-has-no-icon sm-gb-has-no-icon\"><a class=\"wp-block-button__link\" href=\"https:\/\/d2bw95mh2ee04s.cloudfront.net\/prod\/content\/files\/SUCCESS-STORIES\/DE\/SELLERLOGIC_Success-Story_Groupe-Dragon_DE.pdf\" target=\"_blank\" rel=\"noreferrer noopener nofollow\">Jetzt herunterladen!<\/a><\/div>\n<\/div>\n<\/div>\n\n\n\n<div class=\"theme-wp-block wp-block-column gb-responsive-180258-identifier is-layout-flow wp-block-column-is-layout-flow\" style=\"flex-basis:25%\"><\/div>\n<\/div>\n","protected":false},"excerpt":{"rendered":"<p>Gr\u00fcndung:2011 Branche:Ersatzteile \/ Elektrisches Haushaltszubeh\u00f6r Artikel bei Amazon:ca. 177.000 Sendungen:&nbsp;ca. 37.000 pro Monat Hintergrund: Groupe Dragon ist eines der erfolgreichsten franz\u00f6sischen Unternehmen auf dem Amazon-Marktplatz. Der Erfolg kommt nicht von ungef\u00e4hr: Ehe der Gr\u00fcnder von Groupe Dragon zum Amazon Seller wurde, war er hauptberuflich als Reparateur von Elektroger\u00e4ten t\u00e4tig. \u201eSchon damals bot er in seinem<\/p>\n","protected":false},"author":3,"featured_media":8510,"parent":470,"menu_order":0,"comment_status":"closed","ping_status":"closed","template":"","meta":{"sidebar_recommended_resources":{"data":[]},"sidebar_header_settings":{"hide_buttons":{"register":false}},"_use_new_theme":false,"inline_featured_image":false,"footnotes":""},"class_list":["post-8493","page","type-page","status-publish","has-post-thumbnail","hentry"],"yoast_head":"<!-- This site is optimized with the Yoast SEO plugin v26.8 - https:\/\/yoast.com\/product\/yoast-seo-wordpress\/ -->\n<title>Success Story: Groupe Dragon | SELLERLOGIC Lost &amp; Found<\/title>\n<meta name=\"description\" content=\"Keine Zeit, keine Manpower, keine Ressourcen: Wie Groupe Dragon dennoch jeden FBA-Fehler zur\u00fcckerstattet bekommt. Jetzt herausfinden!\" \/>\n<meta name=\"robots\" content=\"index, follow, max-snippet:-1, max-image-preview:large, max-video-preview:-1\" \/>\n<link rel=\"canonical\" href=\"https:\/\/www.sellerlogic.com\/de\/ressourcen\/success-story-groupe-dragon\/\" \/>\n<meta property=\"og:locale\" content=\"de_DE\" \/>\n<meta property=\"og:type\" content=\"article\" \/>\n<meta property=\"og:title\" content=\"Success Story: Groupe Dragon | SELLERLOGIC Lost &amp; Found\" \/>\n<meta property=\"og:description\" content=\"Keine Zeit, keine Manpower, keine Ressourcen: Wie Groupe Dragon dennoch jeden FBA-Fehler zur\u00fcckerstattet bekommt. Jetzt herausfinden!\" \/>\n<meta property=\"og:url\" content=\"https:\/\/www.sellerlogic.com\/de\/ressourcen\/success-story-groupe-dragon\/\" \/>\n<meta property=\"og:site_name\" content=\"SELLERLOGIC - Smarte Tools f\u00fcr Amazon-Seller\" \/>\n<meta property=\"article:publisher\" content=\"https:\/\/www.facebook.com\/SellerLogic\/\" \/>\n<meta property=\"article:modified_time\" content=\"2021-03-15T12:52:51+00:00\" \/>\n<meta property=\"og:image\" content=\"https:\/\/d2bw95mh2ee04s.cloudfront.net\/prod\/content\/wp-content\/uploads\/2021\/03\/23142639\/wp-header_groupe-dragon.jpeg\" \/>\n\t<meta property=\"og:image:width\" content=\"2000\" \/>\n\t<meta property=\"og:image:height\" content=\"1333\" \/>\n\t<meta property=\"og:image:type\" content=\"image\/jpeg\" \/>\n<meta name=\"twitter:card\" content=\"summary_large_image\" \/>\n<meta name=\"twitter:site\" content=\"@sellerlogic\" \/>\n<meta name=\"twitter:label1\" content=\"Est. reading time\" \/>\n\t<meta name=\"twitter:data1\" content=\"3 minutes\" \/>\n<script type=\"application\/ld+json\" class=\"yoast-schema-graph\">{\"@context\":\"https:\/\/schema.org\",\"@graph\":[{\"@type\":\"WebPage\",\"@id\":\"https:\/\/www.sellerlogic.com\/de\/ressourcen\/success-story-groupe-dragon\/\",\"url\":\"https:\/\/www.sellerlogic.com\/de\/ressourcen\/success-story-groupe-dragon\/\",\"name\":\"Success Story: Groupe Dragon | SELLERLOGIC Lost & Found\",\"isPartOf\":{\"@id\":\"https:\/\/www.sellerlogic.com\/de\/#website\"},\"primaryImageOfPage\":{\"@id\":\"https:\/\/www.sellerlogic.com\/de\/ressourcen\/success-story-groupe-dragon\/#primaryimage\"},\"image\":{\"@id\":\"https:\/\/www.sellerlogic.com\/de\/ressourcen\/success-story-groupe-dragon\/#primaryimage\"},\"thumbnailUrl\":\"https:\/\/d2bw95mh2ee04s.cloudfront.net\/prod\/content\/wp-content\/uploads\/2021\/03\/23142639\/wp-header_groupe-dragon.jpeg\",\"datePublished\":\"2021-03-02T08:05:07+00:00\",\"dateModified\":\"2021-03-15T12:52:51+00:00\",\"description\":\"Keine Zeit, keine Manpower, keine Ressourcen: Wie Groupe Dragon dennoch jeden FBA-Fehler zur\u00fcckerstattet bekommt. Jetzt herausfinden!\",\"breadcrumb\":{\"@id\":\"https:\/\/www.sellerlogic.com\/de\/ressourcen\/success-story-groupe-dragon\/#breadcrumb\"},\"inLanguage\":\"de-DE\",\"potentialAction\":[{\"@type\":\"ReadAction\",\"target\":[\"https:\/\/www.sellerlogic.com\/de\/ressourcen\/success-story-groupe-dragon\/\"]}]},{\"@type\":\"ImageObject\",\"inLanguage\":\"de-DE\",\"@id\":\"https:\/\/www.sellerlogic.com\/de\/ressourcen\/success-story-groupe-dragon\/#primaryimage\",\"url\":\"https:\/\/d2bw95mh2ee04s.cloudfront.net\/prod\/content\/wp-content\/uploads\/2021\/03\/23142639\/wp-header_groupe-dragon.jpeg\",\"contentUrl\":\"https:\/\/d2bw95mh2ee04s.cloudfront.net\/prod\/content\/wp-content\/uploads\/2021\/03\/23142639\/wp-header_groupe-dragon.jpeg\",\"width\":2000,\"height\":1333,\"caption\":\"Wie Groupe Dragon SellerLogic Lost & Found nutzt\"},{\"@type\":\"BreadcrumbList\",\"@id\":\"https:\/\/www.sellerlogic.com\/de\/ressourcen\/success-story-groupe-dragon\/#breadcrumb\",\"itemListElement\":[{\"@type\":\"ListItem\",\"position\":1,\"name\":\"Home\",\"item\":\"https:\/\/www.sellerlogic.com\/de\/\"},{\"@type\":\"ListItem\",\"position\":2,\"name\":\"Ressourcen\",\"item\":\"https:\/\/www.sellerlogic.com\/de\/ressourcen\/\"},{\"@type\":\"ListItem\",\"position\":3,\"name\":\"Success Story: Groupe Dragon\"}]},{\"@type\":\"WebSite\",\"@id\":\"https:\/\/www.sellerlogic.com\/de\/#website\",\"url\":\"https:\/\/www.sellerlogic.com\/de\/\",\"name\":\"SELLERLOGIC - Smarte Tools f\u00fcr Amazon-Seller\",\"description\":\"Intelligente Prozessoptimierung und Gewinnmaximierung\",\"publisher\":{\"@id\":\"https:\/\/www.sellerlogic.com\/de\/#organization\"},\"potentialAction\":[{\"@type\":\"SearchAction\",\"target\":{\"@type\":\"EntryPoint\",\"urlTemplate\":\"https:\/\/www.sellerlogic.com\/de\/?s={search_term_string}\"},\"query-input\":{\"@type\":\"PropertyValueSpecification\",\"valueRequired\":true,\"valueName\":\"search_term_string\"}}],\"inLanguage\":\"de-DE\"},{\"@type\":\"Organization\",\"@id\":\"https:\/\/www.sellerlogic.com\/de\/#organization\",\"name\":\"SELLERLOGIC\",\"url\":\"https:\/\/www.sellerlogic.com\/de\/\",\"logo\":{\"@type\":\"ImageObject\",\"inLanguage\":\"de-DE\",\"@id\":\"https:\/\/www.sellerlogic.com\/de\/#\/schema\/logo\/image\/\",\"url\":\"https:\/\/d2bw95mh2ee04s.cloudfront.net\/prod\/content\/wp-content\/uploads\/2025\/01\/02134814\/Property-Logo-Main.svg\",\"contentUrl\":\"https:\/\/d2bw95mh2ee04s.cloudfront.net\/prod\/content\/wp-content\/uploads\/2025\/01\/02134814\/Property-Logo-Main.svg\",\"width\":184,\"height\":40,\"caption\":\"SELLERLOGIC\"},\"image\":{\"@id\":\"https:\/\/www.sellerlogic.com\/de\/#\/schema\/logo\/image\/\"},\"sameAs\":[\"https:\/\/www.facebook.com\/SellerLogic\/\",\"https:\/\/x.com\/sellerlogic\",\"https:\/\/www.instagram.com\/sellerlogic\/\",\"https:\/\/www.linkedin.com\/company\/18402037\/\",\"https:\/\/www.youtube.com\/channel\/UC-gULUur-fNj08sprantKsQ\"]}]}<\/script>\n<!-- \/ Yoast SEO plugin. -->","yoast_head_json":{"title":"Success Story: Groupe Dragon | SELLERLOGIC Lost & Found","description":"Keine Zeit, keine Manpower, keine Ressourcen: Wie Groupe Dragon dennoch jeden FBA-Fehler zur\u00fcckerstattet bekommt. Jetzt herausfinden!","robots":{"index":"index","follow":"follow","max-snippet":"max-snippet:-1","max-image-preview":"max-image-preview:large","max-video-preview":"max-video-preview:-1"},"canonical":"https:\/\/www.sellerlogic.com\/de\/ressourcen\/success-story-groupe-dragon\/","og_locale":"de_DE","og_type":"article","og_title":"Success Story: Groupe Dragon | SELLERLOGIC Lost & Found","og_description":"Keine Zeit, keine Manpower, keine Ressourcen: Wie Groupe Dragon dennoch jeden FBA-Fehler zur\u00fcckerstattet bekommt. Jetzt herausfinden!","og_url":"https:\/\/www.sellerlogic.com\/de\/ressourcen\/success-story-groupe-dragon\/","og_site_name":"SELLERLOGIC - Smarte Tools f\u00fcr Amazon-Seller","article_publisher":"https:\/\/www.facebook.com\/SellerLogic\/","article_modified_time":"2021-03-15T12:52:51+00:00","og_image":[{"width":2000,"height":1333,"url":"https:\/\/d2bw95mh2ee04s.cloudfront.net\/prod\/content\/wp-content\/uploads\/2021\/03\/23142639\/wp-header_groupe-dragon.jpeg","type":"image\/jpeg"}],"twitter_card":"summary_large_image","twitter_site":"@sellerlogic","twitter_misc":{"Est. reading time":"3 minutes"},"schema":{"@context":"https:\/\/schema.org","@graph":[{"@type":"WebPage","@id":"https:\/\/www.sellerlogic.com\/de\/ressourcen\/success-story-groupe-dragon\/","url":"https:\/\/www.sellerlogic.com\/de\/ressourcen\/success-story-groupe-dragon\/","name":"Success Story: Groupe Dragon | SELLERLOGIC Lost & Found","isPartOf":{"@id":"https:\/\/www.sellerlogic.com\/de\/#website"},"primaryImageOfPage":{"@id":"https:\/\/www.sellerlogic.com\/de\/ressourcen\/success-story-groupe-dragon\/#primaryimage"},"image":{"@id":"https:\/\/www.sellerlogic.com\/de\/ressourcen\/success-story-groupe-dragon\/#primaryimage"},"thumbnailUrl":"https:\/\/d2bw95mh2ee04s.cloudfront.net\/prod\/content\/wp-content\/uploads\/2021\/03\/23142639\/wp-header_groupe-dragon.jpeg","datePublished":"2021-03-02T08:05:07+00:00","dateModified":"2021-03-15T12:52:51+00:00","description":"Keine Zeit, keine Manpower, keine Ressourcen: Wie Groupe Dragon dennoch jeden FBA-Fehler zur\u00fcckerstattet bekommt. Jetzt herausfinden!","breadcrumb":{"@id":"https:\/\/www.sellerlogic.com\/de\/ressourcen\/success-story-groupe-dragon\/#breadcrumb"},"inLanguage":"de-DE","potentialAction":[{"@type":"ReadAction","target":["https:\/\/www.sellerlogic.com\/de\/ressourcen\/success-story-groupe-dragon\/"]}]},{"@type":"ImageObject","inLanguage":"de-DE","@id":"https:\/\/www.sellerlogic.com\/de\/ressourcen\/success-story-groupe-dragon\/#primaryimage","url":"https:\/\/d2bw95mh2ee04s.cloudfront.net\/prod\/content\/wp-content\/uploads\/2021\/03\/23142639\/wp-header_groupe-dragon.jpeg","contentUrl":"https:\/\/d2bw95mh2ee04s.cloudfront.net\/prod\/content\/wp-content\/uploads\/2021\/03\/23142639\/wp-header_groupe-dragon.jpeg","width":2000,"height":1333,"caption":"Wie Groupe Dragon SellerLogic Lost & Found nutzt"},{"@type":"BreadcrumbList","@id":"https:\/\/www.sellerlogic.com\/de\/ressourcen\/success-story-groupe-dragon\/#breadcrumb","itemListElement":[{"@type":"ListItem","position":1,"name":"Home","item":"https:\/\/www.sellerlogic.com\/de\/"},{"@type":"ListItem","position":2,"name":"Ressourcen","item":"https:\/\/www.sellerlogic.com\/de\/ressourcen\/"},{"@type":"ListItem","position":3,"name":"Success Story: Groupe Dragon"}]},{"@type":"WebSite","@id":"https:\/\/www.sellerlogic.com\/de\/#website","url":"https:\/\/www.sellerlogic.com\/de\/","name":"SELLERLOGIC - Smarte Tools f\u00fcr Amazon-Seller","description":"Intelligente Prozessoptimierung und Gewinnmaximierung","publisher":{"@id":"https:\/\/www.sellerlogic.com\/de\/#organization"},"potentialAction":[{"@type":"SearchAction","target":{"@type":"EntryPoint","urlTemplate":"https:\/\/www.sellerlogic.com\/de\/?s={search_term_string}"},"query-input":{"@type":"PropertyValueSpecification","valueRequired":true,"valueName":"search_term_string"}}],"inLanguage":"de-DE"},{"@type":"Organization","@id":"https:\/\/www.sellerlogic.com\/de\/#organization","name":"SELLERLOGIC","url":"https:\/\/www.sellerlogic.com\/de\/","logo":{"@type":"ImageObject","inLanguage":"de-DE","@id":"https:\/\/www.sellerlogic.com\/de\/#\/schema\/logo\/image\/","url":"https:\/\/d2bw95mh2ee04s.cloudfront.net\/prod\/content\/wp-content\/uploads\/2025\/01\/02134814\/Property-Logo-Main.svg","contentUrl":"https:\/\/d2bw95mh2ee04s.cloudfront.net\/prod\/content\/wp-content\/uploads\/2025\/01\/02134814\/Property-Logo-Main.svg","width":184,"height":40,"caption":"SELLERLOGIC"},"image":{"@id":"https:\/\/www.sellerlogic.com\/de\/#\/schema\/logo\/image\/"},"sameAs":["https:\/\/www.facebook.com\/SellerLogic\/","https:\/\/x.com\/sellerlogic","https:\/\/www.instagram.com\/sellerlogic\/","https:\/\/www.linkedin.com\/company\/18402037\/","https:\/\/www.youtube.com\/channel\/UC-gULUur-fNj08sprantKsQ"]}]}},"_links":{"self":[{"href":"https:\/\/www.sellerlogic.com\/de\/wp-json\/wp\/v2\/pages\/8493","targetHints":{"allow":["GET"]}}],"collection":[{"href":"https:\/\/www.sellerlogic.com\/de\/wp-json\/wp\/v2\/pages"}],"about":[{"href":"https:\/\/www.sellerlogic.com\/de\/wp-json\/wp\/v2\/types\/page"}],"author":[{"embeddable":true,"href":"https:\/\/www.sellerlogic.com\/de\/wp-json\/wp\/v2\/users\/3"}],"replies":[{"embeddable":true,"href":"https:\/\/www.sellerlogic.com\/de\/wp-json\/wp\/v2\/comments?post=8493"}],"version-history":[{"count":0,"href":"https:\/\/www.sellerlogic.com\/de\/wp-json\/wp\/v2\/pages\/8493\/revisions"}],"up":[{"embeddable":true,"href":"https:\/\/www.sellerlogic.com\/de\/wp-json\/wp\/v2\/pages\/470"}],"wp:featuredmedia":[{"embeddable":true,"href":"https:\/\/www.sellerlogic.com\/de\/wp-json\/wp\/v2\/media\/8510"}],"wp:attachment":[{"href":"https:\/\/www.sellerlogic.com\/de\/wp-json\/wp\/v2\/media?parent=8493"}],"curies":[{"name":"wp","href":"https:\/\/api.w.org\/{rel}","templated":true}]}}