
{"id":10029,"date":"2021-05-04T14:04:19","date_gmt":"2021-05-04T14:04:19","guid":{"rendered":"https:\/\/www.sellerlogic.com\/?page_id=10029"},"modified":"2025-03-25T12:17:42","modified_gmt":"2025-03-25T12:17:42","slug":"politica-de-cookies","status":"publish","type":"page","link":"https:\/\/www.sellerlogic.com\/es\/politica-de-cookies\/","title":{"rendered":"Pol\u00edtica de cookies"},"content":{"rendered":"\n<h2 class=\"theme-wp-block wp-block-heading gb-responsive-958729-identifier\">Pol\u00edtica de cookies<\/h2>\n\n\n\n<p class=\"theme-wp-block gb-responsive-142142-identifier is-style-default\">Por favor, lea atentamente esta Pol\u00edtica de Cookies antes de utilizar nuestra p\u00e1gina web.<\/p>\n\n\n\n<h2 class=\"theme-wp-block wp-block-heading gb-responsive-576441-identifier\"><strong>\u00bfQu\u00e9 son las cookies?<\/strong><\/h2>\n\n\n\n<p class=\"theme-wp-block gb-responsive-774069-identifier is-style-default\">Las cookies son simples archivos de texto que el servidor de una p\u00e1gina web almacena en su ordenador o dispositivo m\u00f3vil. Cada cookie es \u00fanica para su navegador. Contiene ciertas informaciones an\u00f3nimas, como un identificador \u00fanico, el nombre de dominio de la p\u00e1gina web y algunos d\u00edgitos y n\u00fameros.<\/p>\n\n\n\n<h3 class=\"theme-wp-block wp-block-heading gb-responsive-637973-identifier\"><strong>\u00bfQu\u00e9 tipos de cookies utilizamos?<\/strong><\/h3>\n\n\n\n<p class=\"theme-wp-block gb-responsive-47810-identifier is-style-default\"><em><strong>Cookies esenciales<\/strong><\/em><\/p>\n\n\n\n<p class=\"theme-wp-block gb-responsive-977655-identifier is-style-default\">Las cookies esenciales permiten funciones b\u00e1sicas y son necesarias para el buen funcionamiento del sitio web.<\/p>\n\n\n\n<p class=\"theme-wp-block gb-responsive-16061-identifier is-style-default\"><em><strong>Cookies funcionales<\/strong><\/em><\/p>\n\n\n\n<p class=\"theme-wp-block gb-responsive-660401-identifier is-style-default\">Estas cookies garantizan la funcionalidad de la p\u00e1gina, as\u00ed como el registro al Newsletter. Si se rechazan estas cookies, algunas partes de la p\u00e1gina web pueden verse limitadas.<\/p>\n\n\n\n<p class=\"theme-wp-block gb-responsive-124916-identifier is-style-default\"><em><strong>Cookies de estad\u00edsticas<\/strong><\/em><\/p>\n\n\n\n<p class=\"theme-wp-block gb-responsive-392491-identifier is-style-default\">Las cookies estad\u00edsticas recogen informaci\u00f3n de forma an\u00f3nima. Estas informaciones nos ayudan a entender c\u00f3mo nuestros visitantes utilizan nuestra p\u00e1gina web.<\/p>\n\n\n\n<p class=\"theme-wp-block gb-responsive-416935-identifier is-style-default\"><em><strong>Cookies de marketing<\/strong><\/em><\/p>\n\n\n\n<p class=\"theme-wp-block gb-responsive-219553-identifier is-style-default\">Las cookies de marketing son utilizadas por terceros proveedores o editores para mostrar anuncios personalizados. Para ello, realizan un seguimiento de los visitantes en todas las p\u00e1ginas webs.<\/p>\n\n\n\n<p class=\"theme-wp-block gb-responsive-462026-identifier is-style-default\"><em><strong>Cookies de medios externos<\/strong><\/em><\/p>\n\n\n\n<p class=\"theme-wp-block gb-responsive-651251-identifier is-style-default\">El contenido de las plataformas de v\u00eddeo y redes sociales est\u00e1 bloqueado por defecto. Si se aceptan las cookies de medios externos, el acceso a este contenido ya no requiere el consentimiento manual.<\/p>\n\n\n\n<h3 class=\"theme-wp-block wp-block-heading gb-responsive-989282-identifier\"><strong>\u00bfC\u00f3mo eliminar las cookies?<\/strong><\/h3>\n\n\n\n<p class=\"theme-wp-block gb-responsive-372594-identifier is-style-default\">Si desea restringir o bloquear las cookies establecidas por nuestra p\u00e1gina web, puede hacerlo a trav\u00e9s de la configuraci\u00f3n de su navegador. Como alternativa, puede hacer clic en el siguiente bot\u00f3n, que volver\u00e1 a abrir el banner de cookies y le permitir\u00e1 editar sus consentimientos.<\/p>\n\n\n\n<div class=\"theme-wp-block wp-block-columns desktop-gb-has-no-icon xl-gb-has-no-icon lg-gb-has-no-icon md-gb-has-no-icon sm-gb-has-no-icon gb-responsive-32779-identifier is-layout-flex wp-container-core-columns-is-layout-9d6595d7 wp-block-columns-is-layout-flex\">\n<div class=\"theme-wp-block wp-block-column desktop-gb-has-no-icon xl-gb-has-no-icon lg-gb-has-no-icon md-gb-has-no-icon sm-gb-has-no-icon gb-responsive-863583-identifier is-layout-flow wp-block-column-is-layout-flow\"><p class=\"theme-wp-block\"><span class=\"borlabs-cookie-open-dialog-preferences brlbs-cmpnt-container\" data-borlabs-cookie-title=\"Abrir las preferencias de consentimiento\" data-borlabs-cookie-type=\"button\" ><\/span><\/p>\n<\/div>\n\n\n\n<div class=\"theme-wp-block wp-block-column desktop-gb-has-no-icon xl-gb-has-no-icon lg-gb-has-no-icon md-gb-has-no-icon sm-gb-has-no-icon gb-responsive-771708-identifier is-layout-flow wp-block-column-is-layout-flow\"><\/div>\n<\/div>\n\n\n<div class=\"theme-block-group-wrap  desktop-align-full xl-align-full lg-align-full md-align-full sm-align-full\">\n<div class=\"theme-wp-block wp-block-group alignfull questions desktop-align-full xl-align-full lg-align-full md-align-full sm-align-full desktop-gb-has-no-icon xl-gb-has-no-icon lg-gb-has-no-icon md-gb-has-no-icon sm-gb-has-no-icon gb-responsive-236942-identifier\"><div class=\"wp-block-group__inner-container is-layout-flow wp-block-group-is-layout-flow\">\t\t<h2  class=\"theme-wp-block theme-block-heading  desktop-align-center xl-align-center lg-align-center md-align-center sm-align-center desktop-text-center only-editor-has-text-align-center xl-text-center lg-text-center md-text-center sm-text-center desktop-gb-has-no-icon xl-gb-has-no-icon lg-gb-has-no-icon md-gb-has-no-icon sm-gb-has-no-icon gb-responsive-345558-identifier aligncenter has-text-align\">\n\t\t\u00bfTienes alguna duda o pregunta?\t<\/h2>\n\n\n\n\n<p class=\"theme-wp-block has-text-align-center desktop-text-center xl-text-center lg-text-center md-text-center sm-text-center desktop-gb-has-no-icon xl-gb-has-no-icon lg-gb-has-no-icon md-gb-has-no-icon sm-gb-has-no-icon gb-responsive-167121-identifier\">Nuestro servicio de atenci\u00f3n al cliente estar\u00e1 encantado de poder ayudarte.<\/p>\n\n\n\t\t<div  class=\"theme-wp-block theme-block-contact-phone desktop-text-center xl-text-center lg-text-center md-text-center sm-text-center desktop-gb-has-no-icon xl-gb-has-no-icon lg-gb-has-no-icon md-gb-has-no-icon sm-gb-has-no-icon gb-responsive-64571-identifier\">\n\t\t\t\t\t<svg class=\"icon\" width=\"24px\" height=\"24px\" viewBox=\"0 0 24 24\" version=\"1.1\" xmlns=\"http:\/\/www.w3.org\/2000\/svg\">\n\t\t\t\t\t\t<g id=\"global--menu-collapsed\" stroke=\"none\" stroke-width=\"1\" fill=\"none\" fill-rule=\"evenodd\" transform=\"translate(-24.000000, -8.000000)\">\n\t\t\t\t\t\t\t<g id=\"menu--2nd-level\">\n\t\t\t\t\t\t\t\t<g id=\"icn--phone-24px--blue\" transform=\"translate(24.000000, 8.000000)\">\n\t\t\t\t\t\t\t\t\t<polygon id=\"Shape\" points=\"0 0 24 0 24 24 0 24\"><\/polygon>\n\t\t\t\t\t\t\t\t\t<path d=\"M7,6 L7,18.6666667 L16.3333333,18.6666667 L16.3333333,6 L7,6 Z M5,4 L18.3333333,4 L18.3333333,20.6666667 L5,20.6666667 L5,4 Z M11.6666667,18.1666667 C12.126904,18.1666667 12.5,17.7935706 12.5,17.3333333 C12.5,16.873096 12.126904,16.5 11.6666667,16.5 C11.2064294,16.5 10.8333333,16.873096 10.8333333,17.3333333 C10.8333333,17.7935706 11.2064294,18.1666667 11.6666667,18.1666667 Z M6.66666667,15.8333333 L6.66666667,13.8333333 L16.6651355,13.8333333 L16.6651355,15.8333333 L6.66666667,15.8333333 Z\" id=\"Rectangle-20\" fill=\"#0055CC\" fill-rule=\"nonzero\"><\/path>\n\t\t\t\t\t\t\t\t<\/g>\n\t\t\t\t\t\t\t<\/g>\n\t\t\t\t\t\t<\/g>\n\t\t\t\t\t<\/svg>\n\t\t<span class=\"phone\">+34 9 380 249 05<\/span>\n\t<\/div>\n\n\n\n<div class=\"theme-block-group-wrap\">\n<div class=\"theme-wp-block wp-block-group desktop-gb-has-no-icon xl-gb-has-no-icon lg-gb-has-no-icon md-gb-has-no-icon sm-gb-has-no-icon gb-responsive-423565-identifier has-custom-width\"><div class=\"wp-block-group__inner-container is-layout-flow wp-block-group-is-layout-flow\"><p class=\"theme-wp-block\">\n<div class=\"wpcf7 no-js\" id=\"wpcf7-f15575-o1\" lang=\"de-DE\" dir=\"ltr\" data-wpcf7-id=\"15575\">\n<div class=\"screen-reader-response\"><p role=\"status\" aria-live=\"polite\" aria-atomic=\"true\"><\/p> <ul><\/ul><\/div>\n<form action=\"\/es\/wp-json\/wp\/v2\/pages\/10029#wpcf7-f15575-o1\" method=\"post\" class=\"wpcf7-form init\" aria-label=\"Contact form\" novalidate=\"novalidate\" data-status=\"init\">\n<fieldset class=\"hidden-fields-container\"><input type=\"hidden\" name=\"_wpcf7\" value=\"15575\" \/><input type=\"hidden\" name=\"_wpcf7_version\" value=\"6.1.4\" \/><input type=\"hidden\" name=\"_wpcf7_locale\" value=\"de_DE\" \/><input type=\"hidden\" name=\"_wpcf7_unit_tag\" value=\"wpcf7-f15575-o1\" \/><input type=\"hidden\" name=\"_wpcf7_container_post\" value=\"0\" \/><input type=\"hidden\" name=\"_wpcf7_posted_data_hash\" value=\"\" \/><input type=\"hidden\" name=\"_wpcf7_recaptcha_response\" value=\"\" \/>\n<\/fieldset>\n<div class=\"contact-flex\">\n\t<div class=\"contact-row\">\n\t\t<div class=\"contact-input\">\n\t\t\t<label for=\"contact-form-name\">Nombre completo<\/label><span class=\"wpcf7-form-control-wrap\" data-name=\"your-name\"><input size=\"40\" maxlength=\"400\" class=\"wpcf7-form-control wpcf7-text wpcf7-validates-as-required\" id=\"contact-form-name\" aria-required=\"true\" aria-invalid=\"false\" placeholder=\"Introduzca su nombre\" value=\"\" type=\"text\" name=\"your-name\" \/><\/span>\n\t\t<\/div>\n\t\t<div class=\"contact-input\">\n\t\t\t<label for=\"contact-form-email\">E-mail<\/label><span class=\"wpcf7-form-control-wrap\" data-name=\"your-email\"><input size=\"40\" maxlength=\"400\" class=\"wpcf7-form-control wpcf7-email wpcf7-validates-as-required wpcf7-text wpcf7-validates-as-email\" id=\"contact-form-email\" aria-required=\"true\" aria-invalid=\"false\" placeholder=\"Introduzca su E-mail\" value=\"\" type=\"email\" name=\"your-email\" \/><\/span>\n\t\t<\/div>\n\t<\/div>\n\t<div class=\"contact-row\">\n\t\t<div class=\"contact-input contact-textarea\">\n\t\t\t<label for=\"contact-form-message\">Mensaje<\/label><span class=\"wpcf7-form-control-wrap\" data-name=\"your-message\"><textarea cols=\"40\" rows=\"3\" maxlength=\"2000\" class=\"wpcf7-form-control wpcf7-textarea\" id=\"contact-form-message\" aria-invalid=\"false\" placeholder=\"Introduzca su mensaje\" name=\"your-message\"><\/textarea><\/span>\n\t\t<\/div>\n\t<\/div>\n\t<div class=\"contact-row submit-wrap\">\n\t\t<div class=\"contact-input\"><input class=\"wpcf7-form-control wpcf7-submit has-spinner\" type=\"submit\" value=\"Enviar\" \/><\/div>\n\t\t<div class=\"policy-text\">\n\t\t\tLos datos se procesan de acuerdo con nuestra <a href=\"\/es\/politica-de-privacidad\/\" target=\"_blank\" rel=\"noreferrer noopener\">Pol\u00edtica de Privacidad<\/a>\t\t<\/div>\n\t<\/div>\n\t<input type=\"hidden\" name=\"icl_post_language\" value=\"es\">\n<\/div>\n<div class=\"wpcf7-response-output\" aria-hidden=\"true\"><\/div>\n<\/form>\n<\/div>\n<\/p>\n<\/div>\n<\/div><\/div><\/div>\n<\/div><\/div>","protected":false},"excerpt":{"rendered":"<p>Pol\u00edtica de cookies Por favor, lea atentamente esta Pol\u00edtica de Cookies antes de utilizar nuestra p\u00e1gina web. \u00bfQu\u00e9 son las cookies? Las cookies son simples archivos de texto que el servidor de una p\u00e1gina web almacena en su ordenador o dispositivo m\u00f3vil. Cada cookie es \u00fanica para su navegador. Contiene ciertas informaciones an\u00f3nimas, como un<\/p>\n","protected":false},"author":5,"featured_media":0,"parent":0,"menu_order":0,"comment_status":"closed","ping_status":"closed","template":"","meta":{"sidebar_recommended_resources":{"data":[]},"sidebar_header_settings":{"hide_buttons":{"register":false}},"_use_new_theme":false,"inline_featured_image":false,"footnotes":""},"class_list":["post-10029","page","type-page","status-publish","hentry"],"yoast_head":"<!-- This site is optimized with the Yoast SEO plugin v26.8 - https:\/\/yoast.com\/product\/yoast-seo-wordpress\/ -->\n<title>Pol\u00edtica de cookies | SELLERLOGIC - Herramientas inteligentes para vendedores de Amazon<\/title>\n<meta name=\"description\" content=\"Entiende c\u00f3mo SELLERLOGIC utiliza cookies para mejorar tu experiencia. Lee nuestra Pol\u00edtica de Cookies para m\u00e1s detalles y gestiona tus preferencias hoy mismo.\" \/>\n<meta name=\"robots\" content=\"index, follow, max-snippet:-1, max-image-preview:large, max-video-preview:-1\" \/>\n<link rel=\"canonical\" href=\"https:\/\/www.sellerlogic.com\/es\/politica-de-cookies\/\" \/>\n<meta property=\"og:locale\" content=\"es_ES\" \/>\n<meta property=\"og:type\" content=\"article\" \/>\n<meta property=\"og:title\" content=\"Pol\u00edtica de cookies | SELLERLOGIC - Herramientas inteligentes para vendedores de Amazon\" \/>\n<meta property=\"og:description\" content=\"Entiende c\u00f3mo SELLERLOGIC utiliza cookies para mejorar tu experiencia. Lee nuestra Pol\u00edtica de Cookies para m\u00e1s detalles y gestiona tus preferencias hoy mismo.\" \/>\n<meta property=\"og:url\" content=\"https:\/\/www.sellerlogic.com\/es\/politica-de-cookies\/\" \/>\n<meta property=\"og:site_name\" content=\"SELLERLOGIC - Herramientas inteligentes para vendedores de Amazon\" \/>\n<meta property=\"article:publisher\" content=\"https:\/\/www.facebook.com\/SellerLogic\/\" \/>\n<meta property=\"article:modified_time\" content=\"2025-03-25T12:17:42+00:00\" \/>\n<meta property=\"og:image\" content=\"https:\/\/d2bw95mh2ee04s.cloudfront.net\/prod\/content\/wp-content\/uploads\/2025\/06\/09094621\/Social-OG-Image-Link.jpg\" \/>\n\t<meta property=\"og:image:width\" content=\"2400\" \/>\n\t<meta property=\"og:image:height\" content=\"1270\" \/>\n\t<meta property=\"og:image:type\" content=\"image\/jpeg\" \/>\n<meta name=\"twitter:card\" content=\"summary_large_image\" \/>\n<meta name=\"twitter:site\" content=\"@sellerlogic\" \/>\n<meta name=\"twitter:label1\" content=\"Est. reading time\" \/>\n\t<meta name=\"twitter:data1\" content=\"2 minutes\" \/>\n<script type=\"application\/ld+json\" class=\"yoast-schema-graph\">{\"@context\":\"https:\/\/schema.org\",\"@graph\":[{\"@type\":\"WebPage\",\"@id\":\"https:\/\/www.sellerlogic.com\/es\/politica-de-cookies\/\",\"url\":\"https:\/\/www.sellerlogic.com\/es\/politica-de-cookies\/\",\"name\":\"Pol\u00edtica de cookies | SELLERLOGIC - Herramientas inteligentes para vendedores de Amazon\",\"isPartOf\":{\"@id\":\"https:\/\/www.sellerlogic.com\/es\/#website\"},\"datePublished\":\"2021-05-04T14:04:19+00:00\",\"dateModified\":\"2025-03-25T12:17:42+00:00\",\"description\":\"Entiende c\u00f3mo SELLERLOGIC utiliza cookies para mejorar tu experiencia. Lee nuestra Pol\u00edtica de Cookies para m\u00e1s detalles y gestiona tus preferencias hoy mismo.\",\"breadcrumb\":{\"@id\":\"https:\/\/www.sellerlogic.com\/es\/politica-de-cookies\/#breadcrumb\"},\"inLanguage\":\"es-ES\",\"potentialAction\":[{\"@type\":\"ReadAction\",\"target\":[\"https:\/\/www.sellerlogic.com\/es\/politica-de-cookies\/\"]}]},{\"@type\":\"BreadcrumbList\",\"@id\":\"https:\/\/www.sellerlogic.com\/es\/politica-de-cookies\/#breadcrumb\",\"itemListElement\":[{\"@type\":\"ListItem\",\"position\":1,\"name\":\"Home\",\"item\":\"https:\/\/www.sellerlogic.com\/es\/\"},{\"@type\":\"ListItem\",\"position\":2,\"name\":\"Pol\u00edtica de cookies\"}]},{\"@type\":\"WebSite\",\"@id\":\"https:\/\/www.sellerlogic.com\/es\/#website\",\"url\":\"https:\/\/www.sellerlogic.com\/es\/\",\"name\":\"SELLERLOGIC - Smarte Tools f\u00fcr Amazon-Seller\",\"description\":\"Intelligente Prozessoptimierung und Gewinnmaximierung\",\"publisher\":{\"@id\":\"https:\/\/www.sellerlogic.com\/es\/#organization\"},\"potentialAction\":[{\"@type\":\"SearchAction\",\"target\":{\"@type\":\"EntryPoint\",\"urlTemplate\":\"https:\/\/www.sellerlogic.com\/es\/?s={search_term_string}\"},\"query-input\":{\"@type\":\"PropertyValueSpecification\",\"valueRequired\":true,\"valueName\":\"search_term_string\"}}],\"inLanguage\":\"es-ES\"},{\"@type\":\"Organization\",\"@id\":\"https:\/\/www.sellerlogic.com\/es\/#organization\",\"name\":\"SELLERLOGIC\",\"url\":\"https:\/\/www.sellerlogic.com\/es\/\",\"logo\":{\"@type\":\"ImageObject\",\"inLanguage\":\"es-ES\",\"@id\":\"https:\/\/www.sellerlogic.com\/es\/#\/schema\/logo\/image\/\",\"url\":\"https:\/\/d2bw95mh2ee04s.cloudfront.net\/prod\/content\/wp-content\/uploads\/2025\/01\/02134814\/Property-Logo-Main.svg\",\"contentUrl\":\"https:\/\/d2bw95mh2ee04s.cloudfront.net\/prod\/content\/wp-content\/uploads\/2025\/01\/02134814\/Property-Logo-Main.svg\",\"width\":184,\"height\":40,\"caption\":\"SELLERLOGIC\"},\"image\":{\"@id\":\"https:\/\/www.sellerlogic.com\/es\/#\/schema\/logo\/image\/\"},\"sameAs\":[\"https:\/\/www.facebook.com\/SellerLogic\/\",\"https:\/\/x.com\/sellerlogic\",\"https:\/\/www.instagram.com\/sellerlogic\/\",\"https:\/\/www.linkedin.com\/company\/18402037\/\",\"https:\/\/www.youtube.com\/channel\/UC-gULUur-fNj08sprantKsQ\"]}]}<\/script>\n<!-- \/ Yoast SEO plugin. -->","yoast_head_json":{"title":"Pol\u00edtica de cookies | SELLERLOGIC - Herramientas inteligentes para vendedores de Amazon","description":"Entiende c\u00f3mo SELLERLOGIC utiliza cookies para mejorar tu experiencia. Lee nuestra Pol\u00edtica de Cookies para m\u00e1s detalles y gestiona tus preferencias hoy mismo.","robots":{"index":"index","follow":"follow","max-snippet":"max-snippet:-1","max-image-preview":"max-image-preview:large","max-video-preview":"max-video-preview:-1"},"canonical":"https:\/\/www.sellerlogic.com\/es\/politica-de-cookies\/","og_locale":"es_ES","og_type":"article","og_title":"Pol\u00edtica de cookies | SELLERLOGIC - Herramientas inteligentes para vendedores de Amazon","og_description":"Entiende c\u00f3mo SELLERLOGIC utiliza cookies para mejorar tu experiencia. Lee nuestra Pol\u00edtica de Cookies para m\u00e1s detalles y gestiona tus preferencias hoy mismo.","og_url":"https:\/\/www.sellerlogic.com\/es\/politica-de-cookies\/","og_site_name":"SELLERLOGIC - Herramientas inteligentes para vendedores de Amazon","article_publisher":"https:\/\/www.facebook.com\/SellerLogic\/","article_modified_time":"2025-03-25T12:17:42+00:00","og_image":[{"width":2400,"height":1270,"url":"https:\/\/d2bw95mh2ee04s.cloudfront.net\/prod\/content\/wp-content\/uploads\/2025\/06\/09094621\/Social-OG-Image-Link.jpg","type":"image\/jpeg"}],"twitter_card":"summary_large_image","twitter_site":"@sellerlogic","twitter_misc":{"Est. reading time":"2 minutes"},"schema":{"@context":"https:\/\/schema.org","@graph":[{"@type":"WebPage","@id":"https:\/\/www.sellerlogic.com\/es\/politica-de-cookies\/","url":"https:\/\/www.sellerlogic.com\/es\/politica-de-cookies\/","name":"Pol\u00edtica de cookies | SELLERLOGIC - Herramientas inteligentes para vendedores de Amazon","isPartOf":{"@id":"https:\/\/www.sellerlogic.com\/es\/#website"},"datePublished":"2021-05-04T14:04:19+00:00","dateModified":"2025-03-25T12:17:42+00:00","description":"Entiende c\u00f3mo SELLERLOGIC utiliza cookies para mejorar tu experiencia. Lee nuestra Pol\u00edtica de Cookies para m\u00e1s detalles y gestiona tus preferencias hoy mismo.","breadcrumb":{"@id":"https:\/\/www.sellerlogic.com\/es\/politica-de-cookies\/#breadcrumb"},"inLanguage":"es-ES","potentialAction":[{"@type":"ReadAction","target":["https:\/\/www.sellerlogic.com\/es\/politica-de-cookies\/"]}]},{"@type":"BreadcrumbList","@id":"https:\/\/www.sellerlogic.com\/es\/politica-de-cookies\/#breadcrumb","itemListElement":[{"@type":"ListItem","position":1,"name":"Home","item":"https:\/\/www.sellerlogic.com\/es\/"},{"@type":"ListItem","position":2,"name":"Pol\u00edtica de cookies"}]},{"@type":"WebSite","@id":"https:\/\/www.sellerlogic.com\/es\/#website","url":"https:\/\/www.sellerlogic.com\/es\/","name":"SELLERLOGIC - Smarte Tools f\u00fcr Amazon-Seller","description":"Intelligente Prozessoptimierung und Gewinnmaximierung","publisher":{"@id":"https:\/\/www.sellerlogic.com\/es\/#organization"},"potentialAction":[{"@type":"SearchAction","target":{"@type":"EntryPoint","urlTemplate":"https:\/\/www.sellerlogic.com\/es\/?s={search_term_string}"},"query-input":{"@type":"PropertyValueSpecification","valueRequired":true,"valueName":"search_term_string"}}],"inLanguage":"es-ES"},{"@type":"Organization","@id":"https:\/\/www.sellerlogic.com\/es\/#organization","name":"SELLERLOGIC","url":"https:\/\/www.sellerlogic.com\/es\/","logo":{"@type":"ImageObject","inLanguage":"es-ES","@id":"https:\/\/www.sellerlogic.com\/es\/#\/schema\/logo\/image\/","url":"https:\/\/d2bw95mh2ee04s.cloudfront.net\/prod\/content\/wp-content\/uploads\/2025\/01\/02134814\/Property-Logo-Main.svg","contentUrl":"https:\/\/d2bw95mh2ee04s.cloudfront.net\/prod\/content\/wp-content\/uploads\/2025\/01\/02134814\/Property-Logo-Main.svg","width":184,"height":40,"caption":"SELLERLOGIC"},"image":{"@id":"https:\/\/www.sellerlogic.com\/es\/#\/schema\/logo\/image\/"},"sameAs":["https:\/\/www.facebook.com\/SellerLogic\/","https:\/\/x.com\/sellerlogic","https:\/\/www.instagram.com\/sellerlogic\/","https:\/\/www.linkedin.com\/company\/18402037\/","https:\/\/www.youtube.com\/channel\/UC-gULUur-fNj08sprantKsQ"]}]}},"_links":{"self":[{"href":"https:\/\/www.sellerlogic.com\/es\/wp-json\/wp\/v2\/pages\/10029","targetHints":{"allow":["GET"]}}],"collection":[{"href":"https:\/\/www.sellerlogic.com\/es\/wp-json\/wp\/v2\/pages"}],"about":[{"href":"https:\/\/www.sellerlogic.com\/es\/wp-json\/wp\/v2\/types\/page"}],"author":[{"embeddable":true,"href":"https:\/\/www.sellerlogic.com\/es\/wp-json\/wp\/v2\/users\/5"}],"replies":[{"embeddable":true,"href":"https:\/\/www.sellerlogic.com\/es\/wp-json\/wp\/v2\/comments?post=10029"}],"version-history":[{"count":0,"href":"https:\/\/www.sellerlogic.com\/es\/wp-json\/wp\/v2\/pages\/10029\/revisions"}],"wp:attachment":[{"href":"https:\/\/www.sellerlogic.com\/es\/wp-json\/wp\/v2\/media?parent=10029"}],"curies":[{"name":"wp","href":"https:\/\/api.w.org\/{rel}","templated":true}]}}