
{"id":5466,"date":"2020-12-17T16:39:31","date_gmt":"2020-12-17T16:39:31","guid":{"rendered":"https:\/\/www.sellerlogic.com\/?page_id=5466"},"modified":"2020-12-17T16:39:32","modified_gmt":"2020-12-17T16:39:32","slug":"caso-de-exito-rewu","status":"publish","type":"page","link":"https:\/\/www.sellerlogic.com\/es\/material-informativo\/caso-de-exito-rewu\/","title":{"rendered":"Success Story: ReWu ES"},"content":{"rendered":"\n\t<div  class=\"theme-wp-block theme-block-main-header is-style-full-height desktop-align-full xl-align-full lg-align-full md-align-full sm-align-full desktop-content-align-y-center desktop-content-align-x-center xl-content-align-y-center xl-content-align-x-center lg-content-align-y-center lg-content-align-x-center md-content-align-y-center md-content-align-x-center sm-content-align-y-center sm-content-align-x-center gb-responsive-984577-identifier theme-block-cover\">\n\t\t<div class=\"bg-cover theme-lazy-load-bg\"><\/div>\n\t\t<div class=\"wrap-content-main-header\">\n\t\t\t\n\t\t<div  class=\"theme-wp-block theme-block-text-and-text desktop-align-wide xl-align-wide lg-align-wide md-align-wide sm-align-wide gb-responsive-907570-identifier desktop-blockDirection-column xl-blockDirection-column lg-blockDirection-column md-blockDirection-column sm-blockDirection-column\">\n\t\t<div class=\"tat-column-wrap-wrapper\">\n\t\t\t<div class=\"tat-column-wrapper\">\n\t\t\t\t\n\t<div  class=\"theme-wp-block theme-block-text-and-text-column gb-responsive-781628-identifier desktop-horizontal-center xl-horizontal-center lg-horizontal-center md-horizontal-center sm-horizontal-center\">\n\t\t<div class=\"inner-wrap-column-content\">\n\t\t\t<div class=\"inner-column-content\">\n\t\t\t\t\n\t\t<h1  class=\"theme-wp-block theme-block-heading gb-responsive-330185-identifier desktop-text-center xl-text-center lg-text-center md-text-center sm-text-center h1\">\n\t\tElegantes Accesorios para el hogar al mejor precio: c\u00f3mo Rewu.eu gana la Buy Box gracias a SELLERLOGIC\t<\/h1>\n\n\n\t\t\t<\/div>\n\t\t<\/div>\n\t<\/div>\n\n\n\t<div  class=\"theme-wp-block theme-block-text-and-text-column gb-responsive-943426-identifier\">\n\t\t<div class=\"inner-wrap-column-content\">\n\t\t\t<div class=\"inner-column-content\">\n\t\t\t\t\t\t\t<\/div>\n\t\t<\/div>\n\t<\/div>\n\n\t\t\t<\/div>\n\t\t<\/div>\n\t<\/div>\n\n\n\t\t<\/div>\n\t<\/div>\n\n\n\n\n<div style=\"height:50px\" aria-hidden=\"true\" class=\"theme-wp-block wp-block-spacer\"><\/div>\n\n\n\n<div class=\"theme-wp-block wp-block-columns is-layout-flex wp-container-core-columns-is-layout-9d6595d7 wp-block-columns-is-layout-flex\">\n<div class=\"theme-wp-block wp-block-column is-layout-flow wp-block-column-is-layout-flow\" style=\"flex-basis:25%\">\n<figure class=\"theme-wp-block wp-block-image size-large is-resized gb-responsive-62921-identifier\"><img decoding=\"async\" src=\"https:\/\/d2bw95mh2ee04s.cloudfront.net\/prod\/content\/wp-content\/uploads\/2020\/12\/23142722\/logo_rewu.png\" alt=\"Success Story: ReWu ES\" class=\"wp-image-4882\" width=\"300\" height=\"143\" srcset=\"https:\/\/d2bw95mh2ee04s.cloudfront.net\/prod\/content\/wp-content\/uploads\/2020\/12\/23142722\/logo_rewu-407x194.png 407w, https:\/\/d2bw95mh2ee04s.cloudfront.net\/prod\/content\/wp-content\/uploads\/2020\/12\/23142722\/logo_rewu.png 479w\" sizes=\"(max-width: 300px) 100vw, 300px\" \/><\/figure>\n\n\n\n<p class=\"theme-wp-block gb-responsive-467868-identifier\"><strong>Fundada en:<\/strong><br>julio 2017<\/p>\n\n\n\n<p class=\"theme-wp-block gb-responsive-361309-identifier\"><strong>Sector:<\/strong><br>Hogar, Muebles, Juqueter\u00eda<\/p>\n\n\n\n<p class=\"theme-wp-block gb-responsive-122992-identifier\"><strong>Art\u00edculos en Amazon:&nbsp;<\/strong><br>apr\u00f3x. 900<\/p>\n\n\n\n<p class=\"theme-wp-block gb-responsive-341755-identifier\"><strong>Env\u00edos:&nbsp;<\/strong><br>apr\u00f3x . 7.200 al mes<\/p>\n<\/div>\n\n\n\n<div class=\"theme-wp-block wp-block-column is-layout-flow wp-block-column-is-layout-flow\" style=\"flex-basis:50%\">\n<h3 class=\"theme-wp-block gb-responsive-34353-identifier wp-block-heading\" id=\"block-c06fce04-ef87-4ffc-a3d6-b768ba377d17\">Contexto:<\/h3>\n\n\n\n<p class=\"theme-wp-block gb-responsive-129790-identifier\">Paralelamente a su trabajo de jornada completa en la empresa familiar de electrodom\u00e9sticos, Florian Wucherpfennig estaba a la b\u00fasqueda nuevos retos. Tras la recomendaci\u00f3n de un amigo comenz\u00f3 a dedicarse a la venta en l\u00ednea en Amazon.<\/p>\n\n\n\n<p class=\"theme-wp-block gb-responsive-597284-identifier\">Para mantener y alcanzar su \u00e9xito en Amazon, los vendedores en l\u00ednea deben superar varios obst\u00e1culos y tomar diversas medidas. La atenci\u00f3n al cliente y la optimizaci\u00f3n de precios forman la base del triunfo en la plataforma y hacen que el vendedor se diferencie de la competencia en masa. Florian Wucherpfennig reconoci\u00f3 nada m\u00e1s comenzar la venta en Amazon, que su negocio solo tendr\u00eda \u00e9xito si la calidad del producto, la atenci\u00f3n al cliente y el precio eran adecuados.<\/p>\n\n\n\n<p class=\"theme-wp-block gb-responsive-837027-identifier\">Amazon &#8220;es un no parar&#8221;: casi 1 de cada 2 euros gastados en internet acaba en este gigante del comercio online. En la agresiva competencia de precios de la venta online es necesario que la tienda en Amazon Rewu.eu destaque entre otros 100.000 vendedores online que hay en Alemania. Debido a que Florian Wucherpfennig vende principalmente mercanc\u00eda al por menor, el director general debe hacer frente a una creciente competencia. Las consecuencias de tal competencia hace que haya<br>bruscas bajadas de precio y la mercanc\u00eda tenga una alta rotaci\u00f3n. \u201cNosotros no somos partidarios de vender al cliente productos de baja calidad con tal de ofrecer un precio m\u00ednimo. Nuestras exigencias son ofrecer productos elegantes y de calidad, as\u00ed como tener altos est\u00e1ndares en la atenci\u00f3n al cliente y tenerla como primera prioridad. Solo as\u00ed podemos permanecer competitivos. A\u00fan hay guerra de precios en el sector de productos de calidad. Por ello era muy importante para nosotros encontrar un socio en la optimizaci\u00f3n de precios, que no solo busque el precio m\u00e1s bajo para conseguir la BuyBox sino el \u00f3ptimo a la situaci\u00f3n del mercado.\u201d nos cuenta Wucherpfennig.<\/p>\n\n\n\n<h3 class=\"theme-wp-block gb-responsive-115756-identifier wp-block-heading\">La Soluci\u00f3n:<\/h3>\n\n\n\n<p class=\"theme-wp-block\">Al crear la empresa, Florian Wucherpfennig apost\u00f3 directamente por el Repricer de SELLERLOGIC para Amazon, que posiciona las ofertas en la Buy Box de forma visible y atractiva. El Repricer act\u00faa de tal forma, que primero posiciona los art\u00edculos y despu\u00e9s optimiza el precio hasta llegar al m\u00e1ximo posible manteniendo la BuyBox.<\/p>\n\n\n\n<p class=\"theme-wp-block\">\u201cActualmente estamos sujetos a la venta al por menor. Por eso el producto de SELLERLOGIC es imprescindible para nosotros. No solo adapta los precios a la situaci\u00f3n del mercado, sino que nos ayuda tambi\u00e9n a conseguir una vista general sobre que segmentos debemos de mejorar o que tenemos que observar de forma m\u00e1s detallada\u201d, nos cuenta el director general de ReWu.eu satisfecho de su elecci\u00f3n.<\/p>\n\n\n<div class=\"theme-block-group-wrap\">\n<div class=\"theme-wp-block wp-block-group gb-responsive-88118-identifier\"><div class=\"wp-block-group__inner-container\"><div class=\"wp-block-group__inner-container is-layout-flow wp-block-group-is-layout-flow\">\t\t<div  class=\"theme-wp-block theme-block-user-card gb-responsive-799176-identifier is-style-full-width-line\">\n\t\t<div class=\"wrap-inner-content\">\n\t\t\t<div class=\"card-user-head\">\n\t\t\t\t<div class=\"card-user-avatar\">\n\t\t\t\t\t<div class=\"cover-avatar\" style=\"background-image: url(https:\/\/d2bw95mh2ee04s.cloudfront.net\/prod\/content\/wp-content\/uploads\/2020\/12\/23142721\/florian_wucherpfennig_raute.png);\"><\/div>\n\t\t\t\t<\/div>\n\t\t\t\t<div class=\"wrap-title\">\n\t\t\t\t\t<div class=\"card-user-name\">\n\t\t\t\t\t\t<div class=\"title\">\n\t\t\t\t\t\t\t<h3 class=\"heading-text\"><strong>Florian Wucherpfennig<\/strong><\/h3>\n\t\t\t\t\t\t<\/div>\n\t\t\t\t\t\t<div class=\"card-user-position\">\n\t\t\t\t\t\t\t<div class=\"card-text\"><strong>Director general Rewu.eu<\/strong><\/div>\n\t\t\t\t\t\t<\/div>\n\t\t\t\t\t<\/div>\n\t\t\t\t\t<div class=\"card-user-quote-icon\">\n\t\t\t\t\t<\/div>\n\t\t\t\t<\/div>\n\t\t\t<\/div>\n\t\t\t<div class=\"card-user-text\">\n\t\t\t\t<div class=\"card-text\"><p>\u201cPara nosotros era importante encontrar un socio para la optimizaci\u00f3n de los precios que no se base en el precio m\u00e1s bajo, sino que act\u00fae con sabidur\u00eda y adapte los precios a la situaci\u00f3n del mercado. Con SELLERLOGIC hemos encontrado claramente el socio adecuado.\u201c<\/p><\/div>\n\t\t\t<\/div>\n\t\t<\/div>\n\t<\/div>\n\n<\/div><\/div>\n<\/div><\/div>\n\n\n<h3 class=\"theme-wp-block gb-responsive-595368-identifier wp-block-heading\">\u00c9xito con el Repricer de SELLERLOGIC para Amazon:<\/h3>\n\n\n\n<p class=\"theme-wp-block gb-responsive-610894-identifier\">\u201cSoy consciente de que una buena atenci\u00f3n al cliente requiere mucho tiempo, pero nos merece la pena. Al final y al cabo queremos distinguirnos de la competencia. Es por ello que la decisi\u00f3n de implementar el Repricer no nos llevo mucho tiempo, sino que fue l\u00f3gica y r\u00e1pida. Estoy convencido que gracias al Repricer hemos ahorrado capital humano, econ\u00f3mico y tiempo que podemos invertir en la atenci\u00f3n al cliente. E igual de importante es el aumento de beneficio gracias al Repricer,\u201d comenta el empresario sobre el \u00e9xito de la herramienta de SELLERLOGIC.<\/p>\n\n\n\n<p class=\"theme-wp-block gb-responsive-777577-identifier\">\u201cEs inimaginable editar manualmente los productos cada vez que cambia algo la competencia. En vez de eso, nos dedicamos solo una vez a la semana a los productos que no han alcanzado la Buy Box y realizamos las adaptaciones necesarias. Del resto se encarga el Repricer\u201d, contin\u00faa Florian Wucherpfennig. \u201cSin embargo creo que no lo aprovechamos al 100% y que todavia hay un par de trucos para sacar el m\u00e1ximo partido, que pueden ser muy divertidos.\u201d concluye el director general de ReWu.eu.<a href=\"https:\/\/d2bw95mh2ee04s.cloudfront.net\/prod\/content\/files\/SUCCESS-STORIES\/ES\/SELLERLOGIC_SN_Success-Story_ReWu_ES.pdf\" target=\"_blank\" rel=\"noreferrer noopener nofollow\"><\/a><\/p>\n\n\n\n<div class=\"theme-wp-block wp-block-buttons is-layout-flex wp-block-buttons-is-layout-flex\">\n<div class=\"theme-wp-block wp-block-button gb-responsive-730069-identifier is-style-theme-transparent-with-arrow\"><a class=\"wp-block-button__link\" href=\"https:\/\/d2bw95mh2ee04s.cloudfront.net\/prod\/content\/files\/SUCCESS-STORIES\/ES\/SELLERLOGIC_SN_Success-Story_ReWu_ES.pdf\" target=\"_blank\" rel=\"noreferrer noopener nofollow\">\u00a1Descargue ahora!<\/a><\/div>\n<\/div>\n<\/div>\n\n\n\n<div class=\"theme-wp-block wp-block-column is-layout-flow wp-block-column-is-layout-flow\" style=\"flex-basis:25%\"><\/div>\n<\/div>\n\n\n\n<p class=\"theme-wp-block gb-responsive-527070-identifier\"><\/p>\n","protected":false},"excerpt":{"rendered":"<p>Fundada en:julio 2017 Sector:Hogar, Muebles, Juqueter\u00eda Art\u00edculos en Amazon:&nbsp;apr\u00f3x. 900 Env\u00edos:&nbsp;apr\u00f3x . 7.200 al mes Contexto: Paralelamente a su trabajo de jornada completa en la empresa familiar de electrodom\u00e9sticos, Florian Wucherpfennig estaba a la b\u00fasqueda nuevos retos. Tras la recomendaci\u00f3n de un amigo comenz\u00f3 a dedicarse a la venta en l\u00ednea en Amazon. Para mantener<\/p>\n","protected":false},"author":3,"featured_media":0,"parent":5384,"menu_order":0,"comment_status":"closed","ping_status":"closed","template":"","meta":{"sidebar_recommended_resources":{"data":[]},"sidebar_header_settings":{"hide_buttons":{"register":false}},"_use_new_theme":false,"inline_featured_image":false,"footnotes":""},"class_list":["post-5466","page","type-page","status-publish","hentry"],"yoast_head":"<!-- This site is optimized with the Yoast SEO plugin v26.8 - https:\/\/yoast.com\/product\/yoast-seo-wordpress\/ -->\n<title>C\u00f3mo Rewu.eu gana el Amazon Buy Box con SELLERLOGIC<\/title>\n<meta name=\"description\" content=\"El servicio de atenci\u00f3n al cliente es muy importante para ganar el Amazon Buy Box. Otro factor es el PRECIO! \u00a1As\u00ed es como lo hace ReWu.eu! \u261d\ufe0f\" \/>\n<meta name=\"robots\" content=\"index, follow, max-snippet:-1, max-image-preview:large, max-video-preview:-1\" \/>\n<link rel=\"canonical\" href=\"https:\/\/www.sellerlogic.com\/es\/material-informativo\/caso-de-exito-rewu\/\" \/>\n<meta property=\"og:locale\" content=\"es_ES\" \/>\n<meta property=\"og:type\" content=\"article\" \/>\n<meta property=\"og:title\" content=\"C\u00f3mo Rewu.eu gana el Amazon Buy Box con SELLERLOGIC\" \/>\n<meta property=\"og:description\" content=\"El servicio de atenci\u00f3n al cliente es muy importante para ganar el Amazon Buy Box. Otro factor es el PRECIO! \u00a1As\u00ed es como lo hace ReWu.eu! \u261d\ufe0f\" \/>\n<meta property=\"og:url\" content=\"https:\/\/www.sellerlogic.com\/es\/material-informativo\/caso-de-exito-rewu\/\" \/>\n<meta property=\"og:site_name\" content=\"SELLERLOGIC - Herramientas inteligentes para vendedores de Amazon\" \/>\n<meta property=\"article:publisher\" content=\"https:\/\/www.facebook.com\/SellerLogic\/\" \/>\n<meta property=\"article:modified_time\" content=\"2020-12-17T16:39:32+00:00\" \/>\n<meta property=\"og:image\" content=\"https:\/\/www.sellerlogic.com\/wp-content\/uploads\/2020\/12\/logo_rewu.png\" \/>\n<meta name=\"twitter:card\" content=\"summary_large_image\" \/>\n<meta name=\"twitter:site\" content=\"@sellerlogic\" \/>\n<meta name=\"twitter:label1\" content=\"Est. reading time\" \/>\n\t<meta name=\"twitter:data1\" content=\"3 minutes\" \/>\n<script type=\"application\/ld+json\" class=\"yoast-schema-graph\">{\"@context\":\"https:\/\/schema.org\",\"@graph\":[{\"@type\":\"WebPage\",\"@id\":\"https:\/\/www.sellerlogic.com\/es\/material-informativo\/caso-de-exito-rewu\/\",\"url\":\"https:\/\/www.sellerlogic.com\/es\/material-informativo\/caso-de-exito-rewu\/\",\"name\":\"C\u00f3mo Rewu.eu gana el Amazon Buy Box con SELLERLOGIC\",\"isPartOf\":{\"@id\":\"https:\/\/www.sellerlogic.com\/es\/#website\"},\"primaryImageOfPage\":{\"@id\":\"https:\/\/www.sellerlogic.com\/es\/material-informativo\/caso-de-exito-rewu\/#primaryimage\"},\"image\":{\"@id\":\"https:\/\/www.sellerlogic.com\/es\/material-informativo\/caso-de-exito-rewu\/#primaryimage\"},\"thumbnailUrl\":\"https:\/\/www.sellerlogic.com\/wp-content\/uploads\/2020\/12\/logo_rewu.png\",\"datePublished\":\"2020-12-17T16:39:31+00:00\",\"dateModified\":\"2020-12-17T16:39:32+00:00\",\"description\":\"El servicio de atenci\u00f3n al cliente es muy importante para ganar el Amazon Buy Box. Otro factor es el PRECIO! \u00a1As\u00ed es como lo hace ReWu.eu! \u261d\ufe0f\",\"breadcrumb\":{\"@id\":\"https:\/\/www.sellerlogic.com\/es\/material-informativo\/caso-de-exito-rewu\/#breadcrumb\"},\"inLanguage\":\"es-ES\",\"potentialAction\":[{\"@type\":\"ReadAction\",\"target\":[\"https:\/\/www.sellerlogic.com\/es\/material-informativo\/caso-de-exito-rewu\/\"]}]},{\"@type\":\"ImageObject\",\"inLanguage\":\"es-ES\",\"@id\":\"https:\/\/www.sellerlogic.com\/es\/material-informativo\/caso-de-exito-rewu\/#primaryimage\",\"url\":\"https:\/\/www.sellerlogic.com\/wp-content\/uploads\/2020\/12\/logo_rewu.png\",\"contentUrl\":\"https:\/\/www.sellerlogic.com\/wp-content\/uploads\/2020\/12\/logo_rewu.png\"},{\"@type\":\"BreadcrumbList\",\"@id\":\"https:\/\/www.sellerlogic.com\/es\/material-informativo\/caso-de-exito-rewu\/#breadcrumb\",\"itemListElement\":[{\"@type\":\"ListItem\",\"position\":1,\"name\":\"Home\",\"item\":\"https:\/\/www.sellerlogic.com\/es\/\"},{\"@type\":\"ListItem\",\"position\":2,\"name\":\"Ressourcen ES\",\"item\":\"https:\/\/www.sellerlogic.com\/es\/material-informativo\/\"},{\"@type\":\"ListItem\",\"position\":3,\"name\":\"Success Story: ReWu ES\"}]},{\"@type\":\"WebSite\",\"@id\":\"https:\/\/www.sellerlogic.com\/es\/#website\",\"url\":\"https:\/\/www.sellerlogic.com\/es\/\",\"name\":\"SELLERLOGIC - Smarte Tools f\u00fcr Amazon-Seller\",\"description\":\"Intelligente Prozessoptimierung und Gewinnmaximierung\",\"publisher\":{\"@id\":\"https:\/\/www.sellerlogic.com\/es\/#organization\"},\"potentialAction\":[{\"@type\":\"SearchAction\",\"target\":{\"@type\":\"EntryPoint\",\"urlTemplate\":\"https:\/\/www.sellerlogic.com\/es\/?s={search_term_string}\"},\"query-input\":{\"@type\":\"PropertyValueSpecification\",\"valueRequired\":true,\"valueName\":\"search_term_string\"}}],\"inLanguage\":\"es-ES\"},{\"@type\":\"Organization\",\"@id\":\"https:\/\/www.sellerlogic.com\/es\/#organization\",\"name\":\"SELLERLOGIC\",\"url\":\"https:\/\/www.sellerlogic.com\/es\/\",\"logo\":{\"@type\":\"ImageObject\",\"inLanguage\":\"es-ES\",\"@id\":\"https:\/\/www.sellerlogic.com\/es\/#\/schema\/logo\/image\/\",\"url\":\"https:\/\/d2bw95mh2ee04s.cloudfront.net\/prod\/content\/wp-content\/uploads\/2025\/01\/02134814\/Property-Logo-Main.svg\",\"contentUrl\":\"https:\/\/d2bw95mh2ee04s.cloudfront.net\/prod\/content\/wp-content\/uploads\/2025\/01\/02134814\/Property-Logo-Main.svg\",\"width\":184,\"height\":40,\"caption\":\"SELLERLOGIC\"},\"image\":{\"@id\":\"https:\/\/www.sellerlogic.com\/es\/#\/schema\/logo\/image\/\"},\"sameAs\":[\"https:\/\/www.facebook.com\/SellerLogic\/\",\"https:\/\/x.com\/sellerlogic\",\"https:\/\/www.instagram.com\/sellerlogic\/\",\"https:\/\/www.linkedin.com\/company\/18402037\/\",\"https:\/\/www.youtube.com\/channel\/UC-gULUur-fNj08sprantKsQ\"]}]}<\/script>\n<!-- \/ Yoast SEO plugin. -->","yoast_head_json":{"title":"C\u00f3mo Rewu.eu gana el Amazon Buy Box con SELLERLOGIC","description":"El servicio de atenci\u00f3n al cliente es muy importante para ganar el Amazon Buy Box. Otro factor es el PRECIO! \u00a1As\u00ed es como lo hace ReWu.eu! \u261d\ufe0f","robots":{"index":"index","follow":"follow","max-snippet":"max-snippet:-1","max-image-preview":"max-image-preview:large","max-video-preview":"max-video-preview:-1"},"canonical":"https:\/\/www.sellerlogic.com\/es\/material-informativo\/caso-de-exito-rewu\/","og_locale":"es_ES","og_type":"article","og_title":"C\u00f3mo Rewu.eu gana el Amazon Buy Box con SELLERLOGIC","og_description":"El servicio de atenci\u00f3n al cliente es muy importante para ganar el Amazon Buy Box. Otro factor es el PRECIO! \u00a1As\u00ed es como lo hace ReWu.eu! \u261d\ufe0f","og_url":"https:\/\/www.sellerlogic.com\/es\/material-informativo\/caso-de-exito-rewu\/","og_site_name":"SELLERLOGIC - Herramientas inteligentes para vendedores de Amazon","article_publisher":"https:\/\/www.facebook.com\/SellerLogic\/","article_modified_time":"2020-12-17T16:39:32+00:00","og_image":[{"url":"https:\/\/www.sellerlogic.com\/wp-content\/uploads\/2020\/12\/logo_rewu.png","type":"","width":"","height":""}],"twitter_card":"summary_large_image","twitter_site":"@sellerlogic","twitter_misc":{"Est. reading time":"3 minutes"},"schema":{"@context":"https:\/\/schema.org","@graph":[{"@type":"WebPage","@id":"https:\/\/www.sellerlogic.com\/es\/material-informativo\/caso-de-exito-rewu\/","url":"https:\/\/www.sellerlogic.com\/es\/material-informativo\/caso-de-exito-rewu\/","name":"C\u00f3mo Rewu.eu gana el Amazon Buy Box con SELLERLOGIC","isPartOf":{"@id":"https:\/\/www.sellerlogic.com\/es\/#website"},"primaryImageOfPage":{"@id":"https:\/\/www.sellerlogic.com\/es\/material-informativo\/caso-de-exito-rewu\/#primaryimage"},"image":{"@id":"https:\/\/www.sellerlogic.com\/es\/material-informativo\/caso-de-exito-rewu\/#primaryimage"},"thumbnailUrl":"https:\/\/www.sellerlogic.com\/wp-content\/uploads\/2020\/12\/logo_rewu.png","datePublished":"2020-12-17T16:39:31+00:00","dateModified":"2020-12-17T16:39:32+00:00","description":"El servicio de atenci\u00f3n al cliente es muy importante para ganar el Amazon Buy Box. Otro factor es el PRECIO! \u00a1As\u00ed es como lo hace ReWu.eu! \u261d\ufe0f","breadcrumb":{"@id":"https:\/\/www.sellerlogic.com\/es\/material-informativo\/caso-de-exito-rewu\/#breadcrumb"},"inLanguage":"es-ES","potentialAction":[{"@type":"ReadAction","target":["https:\/\/www.sellerlogic.com\/es\/material-informativo\/caso-de-exito-rewu\/"]}]},{"@type":"ImageObject","inLanguage":"es-ES","@id":"https:\/\/www.sellerlogic.com\/es\/material-informativo\/caso-de-exito-rewu\/#primaryimage","url":"https:\/\/www.sellerlogic.com\/wp-content\/uploads\/2020\/12\/logo_rewu.png","contentUrl":"https:\/\/www.sellerlogic.com\/wp-content\/uploads\/2020\/12\/logo_rewu.png"},{"@type":"BreadcrumbList","@id":"https:\/\/www.sellerlogic.com\/es\/material-informativo\/caso-de-exito-rewu\/#breadcrumb","itemListElement":[{"@type":"ListItem","position":1,"name":"Home","item":"https:\/\/www.sellerlogic.com\/es\/"},{"@type":"ListItem","position":2,"name":"Ressourcen ES","item":"https:\/\/www.sellerlogic.com\/es\/material-informativo\/"},{"@type":"ListItem","position":3,"name":"Success Story: ReWu ES"}]},{"@type":"WebSite","@id":"https:\/\/www.sellerlogic.com\/es\/#website","url":"https:\/\/www.sellerlogic.com\/es\/","name":"SELLERLOGIC - Smarte Tools f\u00fcr Amazon-Seller","description":"Intelligente Prozessoptimierung und Gewinnmaximierung","publisher":{"@id":"https:\/\/www.sellerlogic.com\/es\/#organization"},"potentialAction":[{"@type":"SearchAction","target":{"@type":"EntryPoint","urlTemplate":"https:\/\/www.sellerlogic.com\/es\/?s={search_term_string}"},"query-input":{"@type":"PropertyValueSpecification","valueRequired":true,"valueName":"search_term_string"}}],"inLanguage":"es-ES"},{"@type":"Organization","@id":"https:\/\/www.sellerlogic.com\/es\/#organization","name":"SELLERLOGIC","url":"https:\/\/www.sellerlogic.com\/es\/","logo":{"@type":"ImageObject","inLanguage":"es-ES","@id":"https:\/\/www.sellerlogic.com\/es\/#\/schema\/logo\/image\/","url":"https:\/\/d2bw95mh2ee04s.cloudfront.net\/prod\/content\/wp-content\/uploads\/2025\/01\/02134814\/Property-Logo-Main.svg","contentUrl":"https:\/\/d2bw95mh2ee04s.cloudfront.net\/prod\/content\/wp-content\/uploads\/2025\/01\/02134814\/Property-Logo-Main.svg","width":184,"height":40,"caption":"SELLERLOGIC"},"image":{"@id":"https:\/\/www.sellerlogic.com\/es\/#\/schema\/logo\/image\/"},"sameAs":["https:\/\/www.facebook.com\/SellerLogic\/","https:\/\/x.com\/sellerlogic","https:\/\/www.instagram.com\/sellerlogic\/","https:\/\/www.linkedin.com\/company\/18402037\/","https:\/\/www.youtube.com\/channel\/UC-gULUur-fNj08sprantKsQ"]}]}},"_links":{"self":[{"href":"https:\/\/www.sellerlogic.com\/es\/wp-json\/wp\/v2\/pages\/5466","targetHints":{"allow":["GET"]}}],"collection":[{"href":"https:\/\/www.sellerlogic.com\/es\/wp-json\/wp\/v2\/pages"}],"about":[{"href":"https:\/\/www.sellerlogic.com\/es\/wp-json\/wp\/v2\/types\/page"}],"author":[{"embeddable":true,"href":"https:\/\/www.sellerlogic.com\/es\/wp-json\/wp\/v2\/users\/3"}],"replies":[{"embeddable":true,"href":"https:\/\/www.sellerlogic.com\/es\/wp-json\/wp\/v2\/comments?post=5466"}],"version-history":[{"count":0,"href":"https:\/\/www.sellerlogic.com\/es\/wp-json\/wp\/v2\/pages\/5466\/revisions"}],"up":[{"embeddable":true,"href":"https:\/\/www.sellerlogic.com\/es\/wp-json\/wp\/v2\/pages\/5384"}],"wp:attachment":[{"href":"https:\/\/www.sellerlogic.com\/es\/wp-json\/wp\/v2\/media?parent=5466"}],"curies":[{"name":"wp","href":"https:\/\/api.w.org\/{rel}","templated":true}]}}