
{"id":5510,"date":"2020-12-18T08:20:04","date_gmt":"2020-12-18T08:20:04","guid":{"rendered":"https:\/\/www.sellerlogic.com\/?page_id=5510"},"modified":"2020-12-21T22:28:53","modified_gmt":"2020-12-21T22:28:53","slug":"caso-de-exito-meinemarkenmode","status":"publish","type":"page","link":"https:\/\/www.sellerlogic.com\/es\/material-informativo\/caso-de-exito-meinemarkenmode\/","title":{"rendered":"Success Story: meinemarkenmode.de ES"},"content":{"rendered":"\n\t<div  class=\"theme-wp-block theme-block-main-header is-style-full-height desktop-align-full xl-align-full lg-align-full md-align-full sm-align-full desktop-content-align-y-center desktop-content-align-x-center xl-content-align-y-center xl-content-align-x-center lg-content-align-y-center lg-content-align-x-center md-content-align-y-center md-content-align-x-center sm-content-align-y-center sm-content-align-x-center gb-responsive-720212-identifier theme-block-cover\">\n\t\t<div class=\"bg-cover theme-lazy-load-bg\"><\/div>\n\t\t<div class=\"wrap-content-main-header\">\n\t\t\t\n\t\t<div  class=\"theme-wp-block theme-block-text-and-text desktop-align-wide xl-align-wide lg-align-wide md-align-wide sm-align-wide gb-responsive-366658-identifier desktop-blockDirection-column xl-blockDirection-column lg-blockDirection-column md-blockDirection-column sm-blockDirection-column\">\n\t\t<div class=\"tat-column-wrap-wrapper\">\n\t\t\t<div class=\"tat-column-wrapper\">\n\t\t\t\t\n\t<div  class=\"theme-wp-block theme-block-text-and-text-column gb-responsive-923660-identifier desktop-horizontal-center xl-horizontal-center lg-horizontal-center md-horizontal-center sm-horizontal-center\">\n\t\t<div class=\"inner-wrap-column-content\">\n\t\t\t<div class=\"inner-column-content\">\n\t\t\t\t\n\t\t<p  class=\"theme-wp-block theme-block-heading is-style-default desktop-text-center xl-text-center lg-text-center md-text-center sm-text-center gb-responsive-948994-identifier h2\">\n\t\tUna inesperada entrada de dinero\t<\/p>\n\n\n\n\t\t<h1  class=\"theme-wp-block theme-block-heading is-style-default desktop-text-center xl-text-center lg-text-center md-text-center sm-text-center gb-responsive-746584-identifier h1\">\n\t\tC\u00f3mo meinemarkenmode.de recibi\u00f3 varios cientos de miles de euros en reembolsos de Amazon\t<\/h1>\n\n\n\t\t\t<\/div>\n\t\t<\/div>\n\t<\/div>\n\n\n\t<div  class=\"theme-wp-block theme-block-text-and-text-column gb-responsive-441362-identifier\">\n\t\t<div class=\"inner-wrap-column-content\">\n\t\t\t<div class=\"inner-column-content\">\n\t\t\t\t\t\t\t<\/div>\n\t\t<\/div>\n\t<\/div>\n\n\t\t\t<\/div>\n\t\t<\/div>\n\t<\/div>\n\n\n\t\t<\/div>\n\t<\/div>\n\n\n\n\n<div style=\"height:50px\" aria-hidden=\"true\" class=\"theme-wp-block wp-block-spacer\"><\/div>\n\n\n\n<div class=\"theme-wp-block wp-block-columns gb-responsive-761273-identifier is-layout-flex wp-container-core-columns-is-layout-9d6595d7 wp-block-columns-is-layout-flex\">\n<div class=\"theme-wp-block wp-block-column gb-responsive-701853-identifier is-layout-flow wp-block-column-is-layout-flow\" style=\"flex-basis:25%\">\n<figure class=\"theme-wp-block wp-block-image size-large is-resized gb-responsive-62921-identifier\"><img decoding=\"async\" src=\"https:\/\/d2bw95mh2ee04s.cloudfront.net\/prod\/content\/wp-content\/uploads\/2020\/12\/23142728\/MMM-Logo_2-844x154.png\" alt=\"Success Story: meinemarkenmode.de ES\" class=\"wp-image-4742\" width=\"300\" height=\"55\" srcset=\"https:\/\/d2bw95mh2ee04s.cloudfront.net\/prod\/content\/wp-content\/uploads\/2020\/12\/23142728\/MMM-Logo_2-407x74.png 407w, https:\/\/d2bw95mh2ee04s.cloudfront.net\/prod\/content\/wp-content\/uploads\/2020\/12\/23142728\/MMM-Logo_2-768x141.png 768w, https:\/\/d2bw95mh2ee04s.cloudfront.net\/prod\/content\/wp-content\/uploads\/2020\/12\/23142728\/MMM-Logo_2-844x154.png 844w, https:\/\/d2bw95mh2ee04s.cloudfront.net\/prod\/content\/wp-content\/uploads\/2020\/12\/23142728\/MMM-Logo_2.png 1000w\" sizes=\"(max-width: 300px) 100vw, 300px\" \/><\/figure>\n\n\n\n<p class=\"theme-wp-block gb-responsive-98634-identifier\"><strong>Fundada en:<\/strong><br>2009<\/p>\n\n\n\n<p class=\"theme-wp-block gb-responsive-680025-identifier\"><strong>Sector:<\/strong><br>Moda<\/p>\n\n\n\n<p class=\"theme-wp-block gb-responsive-569438-identifier\"><strong>Art\u00edculos en Amazon:<\/strong><br>30.000<\/p>\n\n\n\n<p class=\"theme-wp-block gb-responsive-756085-identifier\"><strong>Env\u00edos:<\/strong><br>apr\u00f3x. 150.000 al mes<\/p>\n<\/div>\n\n\n\n<div class=\"theme-wp-block wp-block-column gb-responsive-227062-identifier is-layout-flow wp-block-column-is-layout-flow\" style=\"flex-basis:50%\">\n<h3 class=\"theme-wp-block gb-responsive-263884-identifier wp-block-heading\">Contexto:<\/h3>\n\n\n\n<p class=\"theme-wp-block gb-responsive-677115-identifier\">Alexander Charatzoglou era consciente de que tanto moviento en su mercanc\u00eda pod\u00eda generar errores y p\u00e9rdidas, pero siempre le faltaba tiempo para ocuparse de ello, hasta el d\u00eda en el que particip\u00f3 en un Workshop de Amazon para vendedores.<\/p>\n\n\n\n<p class=\"theme-wp-block gb-responsive-821149-identifier\">La historia de meinemarkenmode.de suena a sue\u00f1o americano. Para poder financiarse los estudios, el actual director general Eugen Allerborn comenz\u00f3 en 2009 a vender en eBay. Al crecer la familia tuvo que decidirse entre dedicarse 100% a sus estudios o 100% al trabajo. Se arriesg\u00f3 a crear su propia empresa: una decis\u00f3n que le ha catapultado al \u00e9xito. Hoy en d\u00eda, dirige junto a su socio y amigo Timo Bethlehem una \u00e9xitosa empresa online de 50 trabajadores y con dos sedes.<\/p>\n\n\n\n<h3 class=\"theme-wp-block gb-responsive-220132-identifier wp-block-heading\">Situaci\u00f3n Inicial:<\/h3>\n\n\n\n<p class=\"theme-wp-block gb-responsive-644412-identifier\">\u201cSiempre tuvimos claro que ocurr\u00edan p\u00e9rdidas de mercanc\u00eda en los almacenes FBA. Con m\u00e1s de 30.000 art\u00edculos repartidos en 20 centros log\u00edsticos y en base a la cantida de movimientos que eso llega a generar es inevitable.\u201d, explica Alexander Charatzoglou, director de ventas desde 2012 en la distribuidora de moda online meinemarkenmode.de. \u201cPero como suele ocurrir, ten\u00edamos otras muchas tareas que<br>requer\u00edan mayor prioridad. Adem\u00e1s carec\u00edamos de recursos para verificar las operaciones manualmente.\u201d<\/p>\n\n\n\n<p class=\"theme-wp-block gb-responsive-188335-identifier\">Esto cambi\u00f3 en el momento en el que Alexander tuvo una conversaci\u00f3n con un comerciante hom\u00f3logo durante un Workshop de Amazon. Fue al hablar del tema de p\u00e9rdida de mercanc\u00eda en almacenes FBA. \u201cMi hom\u00f3logo fue de los primeros clientes de SELLERLOGIC Lost &amp; Found. Al comentarme un reembolso de un valor aproximado del precio de un coche, qued\u00e9 tan impresionado que me puse como primera<br>prioridad probar la herramienta\u201d, cuenta Alexander Charatzoglou.<\/p>\n\n\n\n<h3 class=\"theme-wp-block gb-responsive-340373-identifier wp-block-heading\">Soluci\u00f3n:<\/h3>\n\n\n\n<p class=\"theme-wp-block gb-responsive-198673-identifier\">En base a las buenas experiencias del comerciante hom\u00f3logo, no se plante\u00f3 ninguna otra opci\u00f3n para meinemarkenmode.de que Lost &amp; Found. \u201cEl proceso de integraci\u00f3n por parte de SELLERLOGIC fue muy agradable y f\u00e1cil. La herramienta es intuitiva y la puede manejar cualquiera tras una breve introducci\u00f3n. Tras la integraci\u00f3n no hemos necesitado m\u00e1s ayuda. Ni siquiera al comenzar nuevos empleados a gestionar los casos. \u00a1Un aut\u00e9ntico m\u00e9rito!\u201d, cuenta Charatzoglou sobre los comienzos con SELLERLOGIC Lost &amp; Found. \u201cLa herramienta esincreiblemente eficiente. Tras el intuitivo manejo hay todo un sofisticado sistema que hace la gesti\u00f3n de los casos muy f\u00e1cil\u201d, a\u00f1ade Alexander.<\/p>\n\n\n<div class=\"theme-block-group-wrap\">\n<div class=\"theme-wp-block wp-block-group gb-responsive-88118-identifier\"><div class=\"wp-block-group__inner-container\"><div class=\"wp-block-group__inner-container is-layout-flow wp-block-group-is-layout-flow\">\t\t<div  class=\"theme-wp-block theme-block-user-card gb-responsive-799176-identifier is-style-full-width-line\">\n\t\t<div class=\"wrap-inner-content\">\n\t\t\t<div class=\"card-user-head\">\n\t\t\t\t<div class=\"card-user-avatar\">\n\t\t\t\t\t<div class=\"cover-avatar\" style=\"background-image: url(https:\/\/d2bw95mh2ee04s.cloudfront.net\/prod\/content\/wp-content\/uploads\/2020\/12\/23142728\/alexander_charatzoglou_raute.png);\"><\/div>\n\t\t\t\t<\/div>\n\t\t\t\t<div class=\"wrap-title\">\n\t\t\t\t\t<div class=\"card-user-name\">\n\t\t\t\t\t\t<div class=\"title\">\n\t\t\t\t\t\t\t<h3 class=\"heading-text\"><strong>Alexander Charatzoglou<\/strong><\/h3>\n\t\t\t\t\t\t<\/div>\n\t\t\t\t\t\t<div class=\"card-user-position\">\n\t\t\t\t\t\t\t<div class=\"card-text\"><strong>Director de Ventas de meinemarkenmode.de<\/strong><\/div>\n\t\t\t\t\t\t<\/div>\n\t\t\t\t\t<\/div>\n\t\t\t\t\t<div class=\"card-user-quote-icon\">\n\t\t\t\t\t<\/div>\n\t\t\t\t<\/div>\n\t\t\t<\/div>\n\t\t\t<div class=\"card-user-text\">\n\t\t\t\t<div class=\"card-text\"><p>Lost &amp; Found es un juego de ni\u00f1os. Y no solo a nivel econ\u00f3mico.La herramienta, el bajo coste, la t\u00e9cnica, los resultados del servicio y la atenci\u00f3n al cliente hace que estemos plenamente satisfechos.<\/p><\/div>\n\t\t\t<\/div>\n\t\t<\/div>\n\t<\/div>\n\n<\/div><\/div>\n<\/div><\/div>\n\n\n<h3 class=\"theme-wp-block gb-responsive-524692-identifier wp-block-heading\">Resultados con Lost &amp; Found:<\/h3>\n\n\n\n<p class=\"theme-wp-block gb-responsive-115047-identifier\">meinemarkenmode.de pudo as\u00ed recibir reembolsos de un valor apr\u00f3x. de 200.000 Euros gracias SELLERLOGIC Lost &amp; Found. \u201cYa no es un importe por el valor de un coche si no de una casa entera\u201d, comenta entre risas Charatzoglou. As\u00ed super\u00f3 el reembolso las expectativas de la empresa sobre las p\u00e9rdidas reales de mercanc\u00eda en almacenes FBA. De esta forma se beneficia meinemarkenmode.de del sofisticado sistema, que detecta incluso aquellos casos que seguramente no se habr\u00edan detectado manualmente. <\/p>\n\n\n\n<p class=\"theme-wp-block gb-responsive-325337-identifier\">Pero para Alexander Charatzoglou, el contacto directo y personal con SELLERLOGIC no tiene por ello menos importancia. Para \u00e9l, SELLERLOGIC no es solo una herramienta que utiliza su empresa, sino tambi\u00e9n un equipo y un servicio extraordinario. De esta forma no encuentras m\u00e1s que elogios: \u201cSELLERLOGIC Lost &amp; Found es un juego de ni\u00f1os. Y no solo ha nivel ecn\u00f3mico. El bajo coste, la herramienta, la t\u00e9cnolog\u00eda que hay detr\u00e1s, el servicio y el equipo completo hacen que estemos totalmente satisfechos.\u201d<\/p>\n\n\n\n<div class=\"theme-wp-block wp-block-buttons gb-responsive-497426-identifier is-layout-flex wp-block-buttons-is-layout-flex\">\n<div class=\"theme-wp-block wp-block-button gb-responsive-38220-identifier is-style-theme-transparent-with-arrow\"><a class=\"wp-block-button__link\" href=\"https:\/\/d2bw95mh2ee04s.cloudfront.net\/prod\/content\/files\/SUCCESS-STORIES\/ES\/SELLERLOGIC_SS_meinemarkenmode_ES_web_neu.pdf\" target=\"_blank\" rel=\"noreferrer noopener nofollow\">\u00a1Descargue ahora!<\/a><\/div>\n<\/div>\n<\/div>\n\n\n\n<div class=\"theme-wp-block wp-block-column gb-responsive-74035-identifier is-layout-flow wp-block-column-is-layout-flow\" style=\"flex-basis:25%\"><\/div>\n<\/div>\n","protected":false},"excerpt":{"rendered":"<p>Fundada en:2009 Sector:Moda Art\u00edculos en Amazon:30.000 Env\u00edos:apr\u00f3x. 150.000 al mes Contexto: Alexander Charatzoglou era consciente de que tanto moviento en su mercanc\u00eda pod\u00eda generar errores y p\u00e9rdidas, pero siempre le faltaba tiempo para ocuparse de ello, hasta el d\u00eda en el que particip\u00f3 en un Workshop de Amazon para vendedores. La historia de meinemarkenmode.de suena<\/p>\n","protected":false},"author":3,"featured_media":0,"parent":5384,"menu_order":0,"comment_status":"closed","ping_status":"closed","template":"","meta":{"sidebar_recommended_resources":{"data":[]},"sidebar_header_settings":{"hide_buttons":{"register":false}},"_use_new_theme":false,"inline_featured_image":false,"footnotes":""},"class_list":["post-5510","page","type-page","status-publish","hentry"],"yoast_head":"<!-- This site is optimized with the Yoast SEO plugin v26.8 - https:\/\/yoast.com\/product\/yoast-seo-wordpress\/ -->\n<title>Reembolso de seis cifras de Amazon: \u00a1Aqu\u00ed est\u00e1 c\u00f3mo! | SELLERLOGIC<\/title>\n<meta name=\"description\" content=\"Lost &amp; Found encuentra todos los errores de la FBA. Meinemarkenmode.de fue capaz de generar reembolsos por el valor de una casa unifamiliar.\" \/>\n<meta name=\"robots\" content=\"index, follow, max-snippet:-1, max-image-preview:large, max-video-preview:-1\" \/>\n<link rel=\"canonical\" href=\"https:\/\/www.sellerlogic.com\/es\/material-informativo\/caso-de-exito-meinemarkenmode\/\" \/>\n<meta property=\"og:locale\" content=\"es_ES\" \/>\n<meta property=\"og:type\" content=\"article\" \/>\n<meta property=\"og:title\" content=\"Reembolso de seis cifras de Amazon: \u00a1Aqu\u00ed est\u00e1 c\u00f3mo! | SELLERLOGIC\" \/>\n<meta property=\"og:description\" content=\"Lost &amp; Found encuentra todos los errores de la FBA. Meinemarkenmode.de fue capaz de generar reembolsos por el valor de una casa unifamiliar.\" \/>\n<meta property=\"og:url\" content=\"https:\/\/www.sellerlogic.com\/es\/material-informativo\/caso-de-exito-meinemarkenmode\/\" \/>\n<meta property=\"og:site_name\" content=\"SELLERLOGIC - Herramientas inteligentes para vendedores de Amazon\" \/>\n<meta property=\"article:publisher\" content=\"https:\/\/www.facebook.com\/SellerLogic\/\" \/>\n<meta property=\"article:modified_time\" content=\"2020-12-21T22:28:53+00:00\" \/>\n<meta property=\"og:image\" content=\"https:\/\/d2bw95mh2ee04s.cloudfront.net\/prod\/content\/wp-content\/uploads\/2020\/12\/23142728\/MMM-Logo_2.png\" \/>\n\t<meta property=\"og:image:width\" content=\"1000\" \/>\n\t<meta property=\"og:image:height\" content=\"183\" \/>\n\t<meta property=\"og:image:type\" content=\"image\/png\" \/>\n<meta name=\"twitter:card\" content=\"summary_large_image\" \/>\n<meta name=\"twitter:site\" content=\"@sellerlogic\" \/>\n<meta name=\"twitter:label1\" content=\"Est. reading time\" \/>\n\t<meta name=\"twitter:data1\" content=\"3 minutes\" \/>\n<script type=\"application\/ld+json\" class=\"yoast-schema-graph\">{\"@context\":\"https:\/\/schema.org\",\"@graph\":[{\"@type\":\"WebPage\",\"@id\":\"https:\/\/www.sellerlogic.com\/es\/material-informativo\/caso-de-exito-meinemarkenmode\/\",\"url\":\"https:\/\/www.sellerlogic.com\/es\/material-informativo\/caso-de-exito-meinemarkenmode\/\",\"name\":\"Reembolso de seis cifras de Amazon: \u00a1Aqu\u00ed est\u00e1 c\u00f3mo! | SELLERLOGIC\",\"isPartOf\":{\"@id\":\"https:\/\/www.sellerlogic.com\/es\/#website\"},\"primaryImageOfPage\":{\"@id\":\"https:\/\/www.sellerlogic.com\/es\/material-informativo\/caso-de-exito-meinemarkenmode\/#primaryimage\"},\"image\":{\"@id\":\"https:\/\/www.sellerlogic.com\/es\/material-informativo\/caso-de-exito-meinemarkenmode\/#primaryimage\"},\"thumbnailUrl\":\"https:\/\/www.sellerlogic.com\/wp-content\/uploads\/2020\/12\/MMM-Logo_2-844x154.png\",\"datePublished\":\"2020-12-18T08:20:04+00:00\",\"dateModified\":\"2020-12-21T22:28:53+00:00\",\"description\":\"Lost & Found encuentra todos los errores de la FBA. Meinemarkenmode.de fue capaz de generar reembolsos por el valor de una casa unifamiliar.\",\"breadcrumb\":{\"@id\":\"https:\/\/www.sellerlogic.com\/es\/material-informativo\/caso-de-exito-meinemarkenmode\/#breadcrumb\"},\"inLanguage\":\"es-ES\",\"potentialAction\":[{\"@type\":\"ReadAction\",\"target\":[\"https:\/\/www.sellerlogic.com\/es\/material-informativo\/caso-de-exito-meinemarkenmode\/\"]}]},{\"@type\":\"ImageObject\",\"inLanguage\":\"es-ES\",\"@id\":\"https:\/\/www.sellerlogic.com\/es\/material-informativo\/caso-de-exito-meinemarkenmode\/#primaryimage\",\"url\":\"https:\/\/www.sellerlogic.com\/wp-content\/uploads\/2020\/12\/MMM-Logo_2-844x154.png\",\"contentUrl\":\"https:\/\/www.sellerlogic.com\/wp-content\/uploads\/2020\/12\/MMM-Logo_2-844x154.png\"},{\"@type\":\"BreadcrumbList\",\"@id\":\"https:\/\/www.sellerlogic.com\/es\/material-informativo\/caso-de-exito-meinemarkenmode\/#breadcrumb\",\"itemListElement\":[{\"@type\":\"ListItem\",\"position\":1,\"name\":\"Home\",\"item\":\"https:\/\/www.sellerlogic.com\/es\/\"},{\"@type\":\"ListItem\",\"position\":2,\"name\":\"Ressourcen ES\",\"item\":\"https:\/\/127.0.0.1\/de\/ressourcen\/\"},{\"@type\":\"ListItem\",\"position\":3,\"name\":\"Success Story: meinemarkenmode.de ES\"}]},{\"@type\":\"WebSite\",\"@id\":\"https:\/\/www.sellerlogic.com\/es\/#website\",\"url\":\"https:\/\/www.sellerlogic.com\/es\/\",\"name\":\"SELLERLOGIC - Smarte Tools f\u00fcr Amazon-Seller\",\"description\":\"Intelligente Prozessoptimierung und Gewinnmaximierung\",\"publisher\":{\"@id\":\"https:\/\/www.sellerlogic.com\/es\/#organization\"},\"potentialAction\":[{\"@type\":\"SearchAction\",\"target\":{\"@type\":\"EntryPoint\",\"urlTemplate\":\"https:\/\/www.sellerlogic.com\/es\/?s={search_term_string}\"},\"query-input\":{\"@type\":\"PropertyValueSpecification\",\"valueRequired\":true,\"valueName\":\"search_term_string\"}}],\"inLanguage\":\"es-ES\"},{\"@type\":\"Organization\",\"@id\":\"https:\/\/www.sellerlogic.com\/es\/#organization\",\"name\":\"SELLERLOGIC\",\"url\":\"https:\/\/www.sellerlogic.com\/es\/\",\"logo\":{\"@type\":\"ImageObject\",\"inLanguage\":\"es-ES\",\"@id\":\"https:\/\/www.sellerlogic.com\/es\/#\/schema\/logo\/image\/\",\"url\":\"https:\/\/d2bw95mh2ee04s.cloudfront.net\/prod\/content\/wp-content\/uploads\/2025\/01\/02134814\/Property-Logo-Main.svg\",\"contentUrl\":\"https:\/\/d2bw95mh2ee04s.cloudfront.net\/prod\/content\/wp-content\/uploads\/2025\/01\/02134814\/Property-Logo-Main.svg\",\"width\":184,\"height\":40,\"caption\":\"SELLERLOGIC\"},\"image\":{\"@id\":\"https:\/\/www.sellerlogic.com\/es\/#\/schema\/logo\/image\/\"},\"sameAs\":[\"https:\/\/www.facebook.com\/SellerLogic\/\",\"https:\/\/x.com\/sellerlogic\",\"https:\/\/www.instagram.com\/sellerlogic\/\",\"https:\/\/www.linkedin.com\/company\/18402037\/\",\"https:\/\/www.youtube.com\/channel\/UC-gULUur-fNj08sprantKsQ\"]}]}<\/script>\n<!-- \/ Yoast SEO plugin. -->","yoast_head_json":{"title":"Reembolso de seis cifras de Amazon: \u00a1Aqu\u00ed est\u00e1 c\u00f3mo! | SELLERLOGIC","description":"Lost & Found encuentra todos los errores de la FBA. Meinemarkenmode.de fue capaz de generar reembolsos por el valor de una casa unifamiliar.","robots":{"index":"index","follow":"follow","max-snippet":"max-snippet:-1","max-image-preview":"max-image-preview:large","max-video-preview":"max-video-preview:-1"},"canonical":"https:\/\/www.sellerlogic.com\/es\/material-informativo\/caso-de-exito-meinemarkenmode\/","og_locale":"es_ES","og_type":"article","og_title":"Reembolso de seis cifras de Amazon: \u00a1Aqu\u00ed est\u00e1 c\u00f3mo! | SELLERLOGIC","og_description":"Lost & Found encuentra todos los errores de la FBA. Meinemarkenmode.de fue capaz de generar reembolsos por el valor de una casa unifamiliar.","og_url":"https:\/\/www.sellerlogic.com\/es\/material-informativo\/caso-de-exito-meinemarkenmode\/","og_site_name":"SELLERLOGIC - Herramientas inteligentes para vendedores de Amazon","article_publisher":"https:\/\/www.facebook.com\/SellerLogic\/","article_modified_time":"2020-12-21T22:28:53+00:00","og_image":[{"width":1000,"height":183,"url":"https:\/\/d2bw95mh2ee04s.cloudfront.net\/prod\/content\/wp-content\/uploads\/2020\/12\/23142728\/MMM-Logo_2.png","type":"image\/png"}],"twitter_card":"summary_large_image","twitter_site":"@sellerlogic","twitter_misc":{"Est. reading time":"3 minutes"},"schema":{"@context":"https:\/\/schema.org","@graph":[{"@type":"WebPage","@id":"https:\/\/www.sellerlogic.com\/es\/material-informativo\/caso-de-exito-meinemarkenmode\/","url":"https:\/\/www.sellerlogic.com\/es\/material-informativo\/caso-de-exito-meinemarkenmode\/","name":"Reembolso de seis cifras de Amazon: \u00a1Aqu\u00ed est\u00e1 c\u00f3mo! | SELLERLOGIC","isPartOf":{"@id":"https:\/\/www.sellerlogic.com\/es\/#website"},"primaryImageOfPage":{"@id":"https:\/\/www.sellerlogic.com\/es\/material-informativo\/caso-de-exito-meinemarkenmode\/#primaryimage"},"image":{"@id":"https:\/\/www.sellerlogic.com\/es\/material-informativo\/caso-de-exito-meinemarkenmode\/#primaryimage"},"thumbnailUrl":"https:\/\/www.sellerlogic.com\/wp-content\/uploads\/2020\/12\/MMM-Logo_2-844x154.png","datePublished":"2020-12-18T08:20:04+00:00","dateModified":"2020-12-21T22:28:53+00:00","description":"Lost & Found encuentra todos los errores de la FBA. Meinemarkenmode.de fue capaz de generar reembolsos por el valor de una casa unifamiliar.","breadcrumb":{"@id":"https:\/\/www.sellerlogic.com\/es\/material-informativo\/caso-de-exito-meinemarkenmode\/#breadcrumb"},"inLanguage":"es-ES","potentialAction":[{"@type":"ReadAction","target":["https:\/\/www.sellerlogic.com\/es\/material-informativo\/caso-de-exito-meinemarkenmode\/"]}]},{"@type":"ImageObject","inLanguage":"es-ES","@id":"https:\/\/www.sellerlogic.com\/es\/material-informativo\/caso-de-exito-meinemarkenmode\/#primaryimage","url":"https:\/\/www.sellerlogic.com\/wp-content\/uploads\/2020\/12\/MMM-Logo_2-844x154.png","contentUrl":"https:\/\/www.sellerlogic.com\/wp-content\/uploads\/2020\/12\/MMM-Logo_2-844x154.png"},{"@type":"BreadcrumbList","@id":"https:\/\/www.sellerlogic.com\/es\/material-informativo\/caso-de-exito-meinemarkenmode\/#breadcrumb","itemListElement":[{"@type":"ListItem","position":1,"name":"Home","item":"https:\/\/www.sellerlogic.com\/es\/"},{"@type":"ListItem","position":2,"name":"Ressourcen ES","item":"https:\/\/127.0.0.1\/de\/ressourcen\/"},{"@type":"ListItem","position":3,"name":"Success Story: meinemarkenmode.de ES"}]},{"@type":"WebSite","@id":"https:\/\/www.sellerlogic.com\/es\/#website","url":"https:\/\/www.sellerlogic.com\/es\/","name":"SELLERLOGIC - Smarte Tools f\u00fcr Amazon-Seller","description":"Intelligente Prozessoptimierung und Gewinnmaximierung","publisher":{"@id":"https:\/\/www.sellerlogic.com\/es\/#organization"},"potentialAction":[{"@type":"SearchAction","target":{"@type":"EntryPoint","urlTemplate":"https:\/\/www.sellerlogic.com\/es\/?s={search_term_string}"},"query-input":{"@type":"PropertyValueSpecification","valueRequired":true,"valueName":"search_term_string"}}],"inLanguage":"es-ES"},{"@type":"Organization","@id":"https:\/\/www.sellerlogic.com\/es\/#organization","name":"SELLERLOGIC","url":"https:\/\/www.sellerlogic.com\/es\/","logo":{"@type":"ImageObject","inLanguage":"es-ES","@id":"https:\/\/www.sellerlogic.com\/es\/#\/schema\/logo\/image\/","url":"https:\/\/d2bw95mh2ee04s.cloudfront.net\/prod\/content\/wp-content\/uploads\/2025\/01\/02134814\/Property-Logo-Main.svg","contentUrl":"https:\/\/d2bw95mh2ee04s.cloudfront.net\/prod\/content\/wp-content\/uploads\/2025\/01\/02134814\/Property-Logo-Main.svg","width":184,"height":40,"caption":"SELLERLOGIC"},"image":{"@id":"https:\/\/www.sellerlogic.com\/es\/#\/schema\/logo\/image\/"},"sameAs":["https:\/\/www.facebook.com\/SellerLogic\/","https:\/\/x.com\/sellerlogic","https:\/\/www.instagram.com\/sellerlogic\/","https:\/\/www.linkedin.com\/company\/18402037\/","https:\/\/www.youtube.com\/channel\/UC-gULUur-fNj08sprantKsQ"]}]}},"_links":{"self":[{"href":"https:\/\/www.sellerlogic.com\/es\/wp-json\/wp\/v2\/pages\/5510","targetHints":{"allow":["GET"]}}],"collection":[{"href":"https:\/\/www.sellerlogic.com\/es\/wp-json\/wp\/v2\/pages"}],"about":[{"href":"https:\/\/www.sellerlogic.com\/es\/wp-json\/wp\/v2\/types\/page"}],"author":[{"embeddable":true,"href":"https:\/\/www.sellerlogic.com\/es\/wp-json\/wp\/v2\/users\/3"}],"replies":[{"embeddable":true,"href":"https:\/\/www.sellerlogic.com\/es\/wp-json\/wp\/v2\/comments?post=5510"}],"version-history":[{"count":0,"href":"https:\/\/www.sellerlogic.com\/es\/wp-json\/wp\/v2\/pages\/5510\/revisions"}],"up":[{"embeddable":true,"href":"https:\/\/www.sellerlogic.com\/es\/wp-json\/wp\/v2\/pages\/5384"}],"wp:attachment":[{"href":"https:\/\/www.sellerlogic.com\/es\/wp-json\/wp\/v2\/media?parent=5510"}],"curies":[{"name":"wp","href":"https:\/\/api.w.org\/{rel}","templated":true}]}}