
{"id":5563,"date":"2020-12-18T11:06:20","date_gmt":"2020-12-18T11:06:20","guid":{"rendered":"https:\/\/www.sellerlogic.com\/?page_id=5563"},"modified":"2020-12-21T09:23:49","modified_gmt":"2020-12-21T09:23:49","slug":"caso-de-exito-sport-hesse","status":"publish","type":"page","link":"https:\/\/www.sellerlogic.com\/es\/material-informativo\/caso-de-exito-sport-hesse\/","title":{"rendered":"Success Story: Sport-Hesse ES"},"content":{"rendered":"\n\t<div  class=\"theme-wp-block theme-block-main-header is-style-full-height desktop-align-full xl-align-full lg-align-full md-align-full sm-align-full desktop-content-align-y-center desktop-content-align-x-center xl-content-align-y-center xl-content-align-x-center lg-content-align-y-center lg-content-align-x-center md-content-align-y-center md-content-align-x-center sm-content-align-y-center sm-content-align-x-center gb-responsive-131969-identifier theme-block-cover\">\n\t\t<div class=\"bg-cover theme-lazy-load-bg\"><\/div>\n\t\t<div class=\"wrap-content-main-header\">\n\t\t\t\n\t\t<div  class=\"theme-wp-block theme-block-text-and-text desktop-blockDirection-row xl-blockDirection-row lg-blockDirection-row md-blockDirection-row sm-blockDirection-row gb-responsive-2306-identifier desktop-align-full xl-align-full lg-align-full md-align-full sm-align-full desktop-vertical-top xl-vertical-top lg-vertical-top md-vertical-top sm-vertical-top alignfull\">\n\t\t<div class=\"tat-column-wrap-wrapper\">\n\t\t\t<div class=\"tat-column-wrapper\">\n\t\t\t\t\n\t<div  class=\"theme-wp-block theme-block-text-and-text-column gb-responsive-708373-identifier xl-horizontal-none lg-horizontal-none md-horizontal-none sm-horizontal-center\">\n\t\t<div class=\"inner-wrap-column-content\">\n\t\t\t<div class=\"inner-column-content\">\n\t\t\t\t\n\t\t<h1  class=\"theme-wp-block theme-block-heading is-style-default desktop-text-center xl-text-center lg-text-center md-text-center sm-text-center gb-responsive-813454-identifier desktop-align-wide xl-align-wide lg-align-wide md-align-wide sm-align-wide alignwide h1 has-text-align\">\n\t\tSELLERLOGIC se destaca por su experiencia, servicio personalizado y Sport-Hesse es recompensando con un gran reembolso\t<\/h1>\n\n\n\t\t\t<\/div>\n\t\t<\/div>\n\t<\/div>\n\n\n\t<div  class=\"theme-wp-block theme-block-text-and-text-column gb-responsive-976923-identifier\">\n\t\t<div class=\"inner-wrap-column-content\">\n\t\t\t<div class=\"inner-column-content\">\n\t\t\t\t\t\t\t<\/div>\n\t\t<\/div>\n\t<\/div>\n\n\t\t\t<\/div>\n\t\t<\/div>\n\t<\/div>\n\n\n\t\t<\/div>\n\t<\/div>\n\n\n\n\n<div style=\"height:50px\" aria-hidden=\"true\" class=\"theme-wp-block wp-block-spacer\"><\/div>\n\n\n\n<div class=\"theme-wp-block wp-block-columns gb-responsive-936304-identifier is-layout-flex wp-container-core-columns-is-layout-9d6595d7 wp-block-columns-is-layout-flex\">\n<div class=\"theme-wp-block wp-block-column gb-responsive-675895-identifier is-layout-flow wp-block-column-is-layout-flow\" style=\"flex-basis:25%\">\n<figure class=\"theme-wp-block wp-block-image size-large is-resized gb-responsive-62921-identifier\"><img decoding=\"async\" src=\"https:\/\/d2bw95mh2ee04s.cloudfront.net\/prod\/content\/wp-content\/uploads\/2020\/12\/23142723\/logo-sport-hesse.png\" alt=\"Success Story: Sport-Hesse ES\" class=\"wp-image-4836\" width=\"176\" height=\"125\" srcset=\"https:\/\/d2bw95mh2ee04s.cloudfront.net\/prod\/content\/wp-content\/uploads\/2020\/12\/23142723\/logo-sport-hesse-407x291.png 407w, https:\/\/d2bw95mh2ee04s.cloudfront.net\/prod\/content\/wp-content\/uploads\/2020\/12\/23142723\/logo-sport-hesse.png 500w\" sizes=\"(max-width: 176px) 100vw, 176px\" \/><\/figure>\n\n\n\n<p class=\"theme-wp-block gb-responsive-352407-identifier\"><strong>Fundada en:<\/strong><br>1984<\/p>\n\n\n\n<p class=\"theme-wp-block gb-responsive-662726-identifier\"><strong>Sector:<\/strong><br>Art\u00edculos de deporte, Deporte en equipo, Marcas<\/p>\n\n\n\n<p class=\"theme-wp-block gb-responsive-489790-identifier\"><strong>Art\u00edculos en Amazon:&nbsp;<\/strong><br>alrededor de 6000 SKUs<\/p>\n\n\n\n<p class=\"theme-wp-block gb-responsive-75526-identifier\"><strong>Env\u00edos:&nbsp;<\/strong><br>apr\u00f3x. 30.000 al mes<\/p>\n<\/div>\n\n\n\n<div class=\"theme-wp-block wp-block-column gb-responsive-4065-identifier is-layout-flow wp-block-column-is-layout-flow\" style=\"flex-basis:50%\">\n<h3 class=\"theme-wp-block gb-responsive-34353-identifier wp-block-heading\" id=\"block-c06fce04-ef87-4ffc-a3d6-b768ba377d17\">Historia:<\/h3>\n\n\n\n<p class=\"theme-wp-block gb-responsive-772271-identifier\">Christoph J. Hesse empez\u00f3 a vender material deportivo en los campos de deporte cuando a\u00fan estaba estudiando empresariales. A partir de ah\u00ed surgi\u00f3 la idea de crear la empresa. Fue as\u00ed como en 1984, se abri\u00f3 la primera tienda de material de deportes de equipo, con una superficie de venta de 45 m\u00b2. La ampliaci\u00f3n de la superficie de venta tuvo lugar solo unos a\u00f1os despu\u00e9s, primero con 100 m\u00b2, y luego incluso a los 500 m\u00b2 Hoy en d\u00eda, Sport-Hesse vende en una superficie de unos 1000 m\u00b2 y, al ser uno de los proveedores de material de deportes de equipo con m\u00e1s \u00e9xito, \u00a1suministra a clientes de todo el mundo!<\/p>\n\n\n\n<h3 class=\"theme-wp-block gb-responsive-530046-identifier wp-block-heading\">Situaci\u00f3n inicial:<\/h3>\n\n\n\n<p class=\"theme-wp-block gb-responsive-595438-identifier\">Desde 2014 la empresa tambi\u00e9n vende en Amazon. Lo que comenz\u00f3 con un par de balones de f\u00fatbol y env\u00edo propio, pronto se convirti\u00f3 en una venta a trav\u00e9s del Programa Paneuropeo de Log\u00edstica de Amazon. Con aproximadamente 6000 SKUs, Christoph Hesse era consciente de que ocurr\u00edan errores y hab\u00edan incidencias en los almacenes de Amazon.<\/p>\n\n\n\n<p class=\"theme-wp-block gb-responsive-404265-identifier\">\u201cTenemos una amplia gama de productos en Amazon y la comparaci\u00f3n de tantos mercados internacionales es complejo, esto lleva mucho tiempo y esfuerzo\u201c, comenta Christoph Hesse. \u201cAnaliz\u00e1bamos manualmente los informes de entrega porque eramos conscientes del problema. Pero debido a la gran cantidad de tiempo que requiere llevar acabo dicho an\u00e1lisis, solo eramos capaces de hacer el control a peque\u00f1a escala\u201c.<\/p>\n\n\n\n<h3 class=\"theme-wp-block gb-responsive-749842-identifier wp-block-heading\">Soluci\u00f3n:<\/h3>\n\n\n\n<p class=\"theme-wp-block gb-responsive-642257-identifier\">Fue as\u00ed como Christoph Hesse particip\u00f3 en una conferencia para vendedores en Amazon. Como ya hab\u00eda recibido anteriormente una invitaci\u00f3n de SELLERLOGIC acerca de Lost &amp; Found, esto despert\u00f3 su inter\u00e9s en la herramienta: escuch\u00f3 la presentaci\u00f3n del director de ventas de SELLERLOGIC. \u201cEl taller ya me hab\u00eda convecido sobre Lost &amp; Found. Pero la constructiva charla que luego tuvo lugar con el ponente, fue la guinda del pastel y confirm\u00f3 totalmente mi primera impresi\u00f3n\u201c, explica Christoph Hesse. \u201cApenas llegu\u00e9 a casa, fu\u00ed directamente a darme de alta\u201c.<\/p>\n\n\n<div class=\"theme-block-group-wrap\">\n<div class=\"theme-wp-block wp-block-group gb-responsive-88118-identifier\"><div class=\"wp-block-group__inner-container\"><div class=\"wp-block-group__inner-container is-layout-flow wp-block-group-is-layout-flow\">\t\t<div  class=\"theme-wp-block theme-block-user-card gb-responsive-799176-identifier is-style-full-width-line\">\n\t\t<div class=\"wrap-inner-content\">\n\t\t\t<div class=\"card-user-head\">\n\t\t\t\t<div class=\"card-user-avatar\">\n\t\t\t\t\t<div class=\"cover-avatar\" style=\"background-image: url(https:\/\/d2bw95mh2ee04s.cloudfront.net\/prod\/content\/wp-content\/uploads\/2020\/12\/23142724\/sport-hesse-raute.png);\"><\/div>\n\t\t\t\t<\/div>\n\t\t\t\t<div class=\"wrap-title\">\n\t\t\t\t\t<div class=\"card-user-name\">\n\t\t\t\t\t\t<div class=\"title\">\n\t\t\t\t\t\t\t<h3 class=\"heading-text\"><strong>Christoph Hesse<\/strong><\/h3>\n\t\t\t\t\t\t<\/div>\n\t\t\t\t\t\t<div class=\"card-user-position\">\n\t\t\t\t\t\t\t<div class=\"card-text\"><strong>Director general Sport-Hesse<\/strong><\/div>\n\t\t\t\t\t\t<\/div>\n\t\t\t\t\t<\/div>\n\t\t\t\t\t<div class=\"card-user-quote-icon\">\n\t\t\t\t\t<\/div>\n\t\t\t\t<\/div>\n\t\t\t<\/div>\n\t\t\t<div class=\"card-user-text\">\n\t\t\t\t<div class=\"card-text\"><p>&#8220;\u00a1SELLERLOGIC Lost &amp; Found es simplemente una gran herramienta, lo tiene todo: el manejo, los reembolsos, el proceso de integraci\u00f3n y el servicio! Definitivamente no queremos volver a gestionar manualmente los an\u00e1lisis para reclamar nuestros reembolsos&#8221;.<\/p><\/div>\n\t\t\t<\/div>\n\t\t<\/div>\n\t<\/div>\n\n<\/div><\/div>\n<\/div><\/div>\n\n\n<h3 class=\"theme-wp-block gb-responsive-260858-identifier wp-block-heading\">El \u00e9xito de SELLERLOGIC:<\/h3>\n\n\n\n<p class=\"theme-wp-block gb-responsive-463541-identifier\">Hasta la puesta en marcha de la herramienta super\u00f3 sus expectativas. Aunque la experiencia personal de Christoph Hesse con el director de ventas de SELLERLOGIC fue decisiva para tomar su decisi\u00f3n, \u201cel primer reembolso me sorprendi\u00f3: \u00a1Sport-Hesse recibi\u00f3 15.000 euros de Amazon!\u201c<\/p>\n\n\n\n<p class=\"theme-wp-block gb-responsive-415295-identifier\">Debido a la facilidad de uso de la herramienta y el tiempo que le ayuda a ahorrar Lost &amp; Found, SELLERLOGIC cumpli\u00f3 con las expectativas del vendedor desde un primer momento. \u201cAdem\u00e1s, el servicio fue simplemente genial, incluso los s\u00e1bados recib\u00ed una respuesta del servicio de atenci\u00f3n al cliente\u201c, dice Christoph Hesse. \u201cEn general, nuestra experiencia con el servicio de atenci\u00f3n al cliente fue muy buena, las respuestas siempre fueron \u00fatiles\u201c.<\/p>\n\n\n\n<p class=\"theme-wp-block gb-responsive-69870-identifier\">\u201cLa herramienta en s\u00ed misma tambi\u00e9n funciona muy bien\u201c, contin\u00faa Christoph, \u201cEl manejo es intuitivo y puede ser integrado perfectamente en la rutina diaria. Adem\u00e1s, hay una base de datos de conocimientos, que aparte del equipo de soporte t\u00e9cnico, tambi\u00e9n nos ha ayudado mucho cuando nos han surgido dudas. El rendimiento de la herramienta es muy convincente y \u00a1justifica totalmente el precio!. Llevar acabo una revisi\u00f3n manual de los reportes ya no es un problema para nosotros\u201c.<a href=\"https:\/\/d2bw95mh2ee04s.cloudfront.net\/prod\/content\/files\/SUCCESS-STORIES\/ES\/SELLERLOGIC_SN_Success-Story_Sport-Hesse_ES.pdf\" target=\"_blank\" rel=\"noreferrer noopener nofollow\"><\/a><\/p>\n\n\n\n<div class=\"theme-wp-block wp-block-buttons gb-responsive-497426-identifier is-layout-flex wp-block-buttons-is-layout-flex\">\n<div class=\"theme-wp-block wp-block-button gb-responsive-38220-identifier is-style-theme-transparent-with-arrow\"><a class=\"wp-block-button__link\" href=\"https:\/\/d2bw95mh2ee04s.cloudfront.net\/prod\/content\/files\/SUCCESS-STORIES\/ES\/SELLERLOGIC_SN_Success-Story_Sport-Hesse_ES.pdf\" target=\"_blank\" rel=\"noreferrer noopener nofollow\">\u00a1Descargue ahora!<\/a><\/div>\n<\/div>\n<\/div>\n\n\n\n<div class=\"theme-wp-block wp-block-column gb-responsive-878264-identifier is-layout-flow wp-block-column-is-layout-flow\" style=\"flex-basis:25%\"><\/div>\n<\/div>\n\n\n\n<p class=\"theme-wp-block gb-responsive-230441-identifier\"><\/p>\n","protected":false},"excerpt":{"rendered":"<p>Fundada en:1984 Sector:Art\u00edculos de deporte, Deporte en equipo, Marcas Art\u00edculos en Amazon:&nbsp;alrededor de 6000 SKUs Env\u00edos:&nbsp;apr\u00f3x. 30.000 al mes Historia: Christoph J. Hesse empez\u00f3 a vender material deportivo en los campos de deporte cuando a\u00fan estaba estudiando empresariales. A partir de ah\u00ed surgi\u00f3 la idea de crear la empresa. Fue as\u00ed como en 1984, se<\/p>\n","protected":false},"author":3,"featured_media":0,"parent":5384,"menu_order":0,"comment_status":"closed","ping_status":"closed","template":"","meta":{"sidebar_recommended_resources":{"data":[]},"sidebar_header_settings":{"hide_buttons":{"register":false}},"_use_new_theme":false,"inline_featured_image":false,"footnotes":""},"class_list":["post-5563","page","type-page","status-publish","hentry"],"yoast_head":"<!-- This site is optimized with the Yoast SEO plugin v26.8 - https:\/\/yoast.com\/product\/yoast-seo-wordpress\/ -->\n<title>C\u00f3mo Sport-Hesse recibi\u00f3 un FBA reembolso de 15 cifras | SELLERLOGIC<\/title>\n<meta name=\"description\" content=\"Con Lost &amp; Found puedes ahorrar dinero de verdad, eso es lo que prueba Sport-Hesse. Lea aqu\u00ed c\u00f3mo funciona Lost &amp; Found. \u00a1Informa ahora!\" \/>\n<meta name=\"robots\" content=\"index, follow, max-snippet:-1, max-image-preview:large, max-video-preview:-1\" \/>\n<link rel=\"canonical\" href=\"https:\/\/www.sellerlogic.com\/es\/material-informativo\/caso-de-exito-sport-hesse\/\" \/>\n<meta property=\"og:locale\" content=\"es_ES\" \/>\n<meta property=\"og:type\" content=\"article\" \/>\n<meta property=\"og:title\" content=\"C\u00f3mo Sport-Hesse recibi\u00f3 un FBA reembolso de 15 cifras | SELLERLOGIC\" \/>\n<meta property=\"og:description\" content=\"Con Lost &amp; Found puedes ahorrar dinero de verdad, eso es lo que prueba Sport-Hesse. Lea aqu\u00ed c\u00f3mo funciona Lost &amp; Found. \u00a1Informa ahora!\" \/>\n<meta property=\"og:url\" content=\"https:\/\/www.sellerlogic.com\/es\/material-informativo\/caso-de-exito-sport-hesse\/\" \/>\n<meta property=\"og:site_name\" content=\"SELLERLOGIC - Herramientas inteligentes para vendedores de Amazon\" \/>\n<meta property=\"article:publisher\" content=\"https:\/\/www.facebook.com\/SellerLogic\/\" \/>\n<meta property=\"article:modified_time\" content=\"2020-12-21T09:23:49+00:00\" \/>\n<meta property=\"og:image\" content=\"https:\/\/d2bw95mh2ee04s.cloudfront.net\/prod\/content\/wp-content\/uploads\/2020\/12\/23142723\/logo-sport-hesse.png\" \/>\n\t<meta property=\"og:image:width\" content=\"500\" \/>\n\t<meta property=\"og:image:height\" content=\"357\" \/>\n\t<meta property=\"og:image:type\" content=\"image\/png\" \/>\n<meta name=\"twitter:card\" content=\"summary_large_image\" \/>\n<meta name=\"twitter:site\" content=\"@sellerlogic\" \/>\n<meta name=\"twitter:label1\" content=\"Est. reading time\" \/>\n\t<meta name=\"twitter:data1\" content=\"3 minutes\" \/>\n<script type=\"application\/ld+json\" class=\"yoast-schema-graph\">{\"@context\":\"https:\/\/schema.org\",\"@graph\":[{\"@type\":\"WebPage\",\"@id\":\"https:\/\/www.sellerlogic.com\/es\/material-informativo\/caso-de-exito-sport-hesse\/\",\"url\":\"https:\/\/www.sellerlogic.com\/es\/material-informativo\/caso-de-exito-sport-hesse\/\",\"name\":\"C\u00f3mo Sport-Hesse recibi\u00f3 un FBA reembolso de 15 cifras | SELLERLOGIC\",\"isPartOf\":{\"@id\":\"https:\/\/www.sellerlogic.com\/es\/#website\"},\"primaryImageOfPage\":{\"@id\":\"https:\/\/www.sellerlogic.com\/es\/material-informativo\/caso-de-exito-sport-hesse\/#primaryimage\"},\"image\":{\"@id\":\"https:\/\/www.sellerlogic.com\/es\/material-informativo\/caso-de-exito-sport-hesse\/#primaryimage\"},\"thumbnailUrl\":\"https:\/\/www.sellerlogic.com\/wp-content\/uploads\/2020\/12\/logo-sport-hesse.png\",\"datePublished\":\"2020-12-18T11:06:20+00:00\",\"dateModified\":\"2020-12-21T09:23:49+00:00\",\"description\":\"Con Lost & Found puedes ahorrar dinero de verdad, eso es lo que prueba Sport-Hesse. Lea aqu\u00ed c\u00f3mo funciona Lost & Found. \u00a1Informa ahora!\",\"breadcrumb\":{\"@id\":\"https:\/\/www.sellerlogic.com\/es\/material-informativo\/caso-de-exito-sport-hesse\/#breadcrumb\"},\"inLanguage\":\"es-ES\",\"potentialAction\":[{\"@type\":\"ReadAction\",\"target\":[\"https:\/\/www.sellerlogic.com\/es\/material-informativo\/caso-de-exito-sport-hesse\/\"]}]},{\"@type\":\"ImageObject\",\"inLanguage\":\"es-ES\",\"@id\":\"https:\/\/www.sellerlogic.com\/es\/material-informativo\/caso-de-exito-sport-hesse\/#primaryimage\",\"url\":\"https:\/\/www.sellerlogic.com\/wp-content\/uploads\/2020\/12\/logo-sport-hesse.png\",\"contentUrl\":\"https:\/\/www.sellerlogic.com\/wp-content\/uploads\/2020\/12\/logo-sport-hesse.png\"},{\"@type\":\"BreadcrumbList\",\"@id\":\"https:\/\/www.sellerlogic.com\/es\/material-informativo\/caso-de-exito-sport-hesse\/#breadcrumb\",\"itemListElement\":[{\"@type\":\"ListItem\",\"position\":1,\"name\":\"Home\",\"item\":\"https:\/\/www.sellerlogic.com\/es\/\"},{\"@type\":\"ListItem\",\"position\":2,\"name\":\"Ressourcen ES\",\"item\":\"https:\/\/127.0.0.1\/de\/ressourcen\/\"},{\"@type\":\"ListItem\",\"position\":3,\"name\":\"Success Story: Sport-Hesse ES\"}]},{\"@type\":\"WebSite\",\"@id\":\"https:\/\/www.sellerlogic.com\/es\/#website\",\"url\":\"https:\/\/www.sellerlogic.com\/es\/\",\"name\":\"SELLERLOGIC - Smarte Tools f\u00fcr Amazon-Seller\",\"description\":\"Intelligente Prozessoptimierung und Gewinnmaximierung\",\"publisher\":{\"@id\":\"https:\/\/www.sellerlogic.com\/es\/#organization\"},\"potentialAction\":[{\"@type\":\"SearchAction\",\"target\":{\"@type\":\"EntryPoint\",\"urlTemplate\":\"https:\/\/www.sellerlogic.com\/es\/?s={search_term_string}\"},\"query-input\":{\"@type\":\"PropertyValueSpecification\",\"valueRequired\":true,\"valueName\":\"search_term_string\"}}],\"inLanguage\":\"es-ES\"},{\"@type\":\"Organization\",\"@id\":\"https:\/\/www.sellerlogic.com\/es\/#organization\",\"name\":\"SELLERLOGIC\",\"url\":\"https:\/\/www.sellerlogic.com\/es\/\",\"logo\":{\"@type\":\"ImageObject\",\"inLanguage\":\"es-ES\",\"@id\":\"https:\/\/www.sellerlogic.com\/es\/#\/schema\/logo\/image\/\",\"url\":\"https:\/\/d2bw95mh2ee04s.cloudfront.net\/prod\/content\/wp-content\/uploads\/2025\/01\/02134814\/Property-Logo-Main.svg\",\"contentUrl\":\"https:\/\/d2bw95mh2ee04s.cloudfront.net\/prod\/content\/wp-content\/uploads\/2025\/01\/02134814\/Property-Logo-Main.svg\",\"width\":184,\"height\":40,\"caption\":\"SELLERLOGIC\"},\"image\":{\"@id\":\"https:\/\/www.sellerlogic.com\/es\/#\/schema\/logo\/image\/\"},\"sameAs\":[\"https:\/\/www.facebook.com\/SellerLogic\/\",\"https:\/\/x.com\/sellerlogic\",\"https:\/\/www.instagram.com\/sellerlogic\/\",\"https:\/\/www.linkedin.com\/company\/18402037\/\",\"https:\/\/www.youtube.com\/channel\/UC-gULUur-fNj08sprantKsQ\"]}]}<\/script>\n<!-- \/ Yoast SEO plugin. -->","yoast_head_json":{"title":"C\u00f3mo Sport-Hesse recibi\u00f3 un FBA reembolso de 15 cifras | SELLERLOGIC","description":"Con Lost & Found puedes ahorrar dinero de verdad, eso es lo que prueba Sport-Hesse. Lea aqu\u00ed c\u00f3mo funciona Lost & Found. \u00a1Informa ahora!","robots":{"index":"index","follow":"follow","max-snippet":"max-snippet:-1","max-image-preview":"max-image-preview:large","max-video-preview":"max-video-preview:-1"},"canonical":"https:\/\/www.sellerlogic.com\/es\/material-informativo\/caso-de-exito-sport-hesse\/","og_locale":"es_ES","og_type":"article","og_title":"C\u00f3mo Sport-Hesse recibi\u00f3 un FBA reembolso de 15 cifras | SELLERLOGIC","og_description":"Con Lost & Found puedes ahorrar dinero de verdad, eso es lo que prueba Sport-Hesse. Lea aqu\u00ed c\u00f3mo funciona Lost & Found. \u00a1Informa ahora!","og_url":"https:\/\/www.sellerlogic.com\/es\/material-informativo\/caso-de-exito-sport-hesse\/","og_site_name":"SELLERLOGIC - Herramientas inteligentes para vendedores de Amazon","article_publisher":"https:\/\/www.facebook.com\/SellerLogic\/","article_modified_time":"2020-12-21T09:23:49+00:00","og_image":[{"width":500,"height":357,"url":"https:\/\/d2bw95mh2ee04s.cloudfront.net\/prod\/content\/wp-content\/uploads\/2020\/12\/23142723\/logo-sport-hesse.png","type":"image\/png"}],"twitter_card":"summary_large_image","twitter_site":"@sellerlogic","twitter_misc":{"Est. reading time":"3 minutes"},"schema":{"@context":"https:\/\/schema.org","@graph":[{"@type":"WebPage","@id":"https:\/\/www.sellerlogic.com\/es\/material-informativo\/caso-de-exito-sport-hesse\/","url":"https:\/\/www.sellerlogic.com\/es\/material-informativo\/caso-de-exito-sport-hesse\/","name":"C\u00f3mo Sport-Hesse recibi\u00f3 un FBA reembolso de 15 cifras | SELLERLOGIC","isPartOf":{"@id":"https:\/\/www.sellerlogic.com\/es\/#website"},"primaryImageOfPage":{"@id":"https:\/\/www.sellerlogic.com\/es\/material-informativo\/caso-de-exito-sport-hesse\/#primaryimage"},"image":{"@id":"https:\/\/www.sellerlogic.com\/es\/material-informativo\/caso-de-exito-sport-hesse\/#primaryimage"},"thumbnailUrl":"https:\/\/www.sellerlogic.com\/wp-content\/uploads\/2020\/12\/logo-sport-hesse.png","datePublished":"2020-12-18T11:06:20+00:00","dateModified":"2020-12-21T09:23:49+00:00","description":"Con Lost & Found puedes ahorrar dinero de verdad, eso es lo que prueba Sport-Hesse. Lea aqu\u00ed c\u00f3mo funciona Lost & Found. \u00a1Informa ahora!","breadcrumb":{"@id":"https:\/\/www.sellerlogic.com\/es\/material-informativo\/caso-de-exito-sport-hesse\/#breadcrumb"},"inLanguage":"es-ES","potentialAction":[{"@type":"ReadAction","target":["https:\/\/www.sellerlogic.com\/es\/material-informativo\/caso-de-exito-sport-hesse\/"]}]},{"@type":"ImageObject","inLanguage":"es-ES","@id":"https:\/\/www.sellerlogic.com\/es\/material-informativo\/caso-de-exito-sport-hesse\/#primaryimage","url":"https:\/\/www.sellerlogic.com\/wp-content\/uploads\/2020\/12\/logo-sport-hesse.png","contentUrl":"https:\/\/www.sellerlogic.com\/wp-content\/uploads\/2020\/12\/logo-sport-hesse.png"},{"@type":"BreadcrumbList","@id":"https:\/\/www.sellerlogic.com\/es\/material-informativo\/caso-de-exito-sport-hesse\/#breadcrumb","itemListElement":[{"@type":"ListItem","position":1,"name":"Home","item":"https:\/\/www.sellerlogic.com\/es\/"},{"@type":"ListItem","position":2,"name":"Ressourcen ES","item":"https:\/\/127.0.0.1\/de\/ressourcen\/"},{"@type":"ListItem","position":3,"name":"Success Story: Sport-Hesse ES"}]},{"@type":"WebSite","@id":"https:\/\/www.sellerlogic.com\/es\/#website","url":"https:\/\/www.sellerlogic.com\/es\/","name":"SELLERLOGIC - Smarte Tools f\u00fcr Amazon-Seller","description":"Intelligente Prozessoptimierung und Gewinnmaximierung","publisher":{"@id":"https:\/\/www.sellerlogic.com\/es\/#organization"},"potentialAction":[{"@type":"SearchAction","target":{"@type":"EntryPoint","urlTemplate":"https:\/\/www.sellerlogic.com\/es\/?s={search_term_string}"},"query-input":{"@type":"PropertyValueSpecification","valueRequired":true,"valueName":"search_term_string"}}],"inLanguage":"es-ES"},{"@type":"Organization","@id":"https:\/\/www.sellerlogic.com\/es\/#organization","name":"SELLERLOGIC","url":"https:\/\/www.sellerlogic.com\/es\/","logo":{"@type":"ImageObject","inLanguage":"es-ES","@id":"https:\/\/www.sellerlogic.com\/es\/#\/schema\/logo\/image\/","url":"https:\/\/d2bw95mh2ee04s.cloudfront.net\/prod\/content\/wp-content\/uploads\/2025\/01\/02134814\/Property-Logo-Main.svg","contentUrl":"https:\/\/d2bw95mh2ee04s.cloudfront.net\/prod\/content\/wp-content\/uploads\/2025\/01\/02134814\/Property-Logo-Main.svg","width":184,"height":40,"caption":"SELLERLOGIC"},"image":{"@id":"https:\/\/www.sellerlogic.com\/es\/#\/schema\/logo\/image\/"},"sameAs":["https:\/\/www.facebook.com\/SellerLogic\/","https:\/\/x.com\/sellerlogic","https:\/\/www.instagram.com\/sellerlogic\/","https:\/\/www.linkedin.com\/company\/18402037\/","https:\/\/www.youtube.com\/channel\/UC-gULUur-fNj08sprantKsQ"]}]}},"_links":{"self":[{"href":"https:\/\/www.sellerlogic.com\/es\/wp-json\/wp\/v2\/pages\/5563","targetHints":{"allow":["GET"]}}],"collection":[{"href":"https:\/\/www.sellerlogic.com\/es\/wp-json\/wp\/v2\/pages"}],"about":[{"href":"https:\/\/www.sellerlogic.com\/es\/wp-json\/wp\/v2\/types\/page"}],"author":[{"embeddable":true,"href":"https:\/\/www.sellerlogic.com\/es\/wp-json\/wp\/v2\/users\/3"}],"replies":[{"embeddable":true,"href":"https:\/\/www.sellerlogic.com\/es\/wp-json\/wp\/v2\/comments?post=5563"}],"version-history":[{"count":0,"href":"https:\/\/www.sellerlogic.com\/es\/wp-json\/wp\/v2\/pages\/5563\/revisions"}],"up":[{"embeddable":true,"href":"https:\/\/www.sellerlogic.com\/es\/wp-json\/wp\/v2\/pages\/5384"}],"wp:attachment":[{"href":"https:\/\/www.sellerlogic.com\/es\/wp-json\/wp\/v2\/media?parent=5563"}],"curies":[{"name":"wp","href":"https:\/\/api.w.org\/{rel}","templated":true}]}}