
{"id":5565,"date":"2020-12-18T11:19:02","date_gmt":"2020-12-18T11:19:02","guid":{"rendered":"https:\/\/www.sellerlogic.com\/?page_id=5565"},"modified":"2020-12-18T15:49:42","modified_gmt":"2020-12-18T15:49:42","slug":"caso-de-exito-samtige-haut","status":"publish","type":"page","link":"https:\/\/www.sellerlogic.com\/es\/material-informativo\/caso-de-exito-samtige-haut\/","title":{"rendered":"Success Story: Samtige Haut ES"},"content":{"rendered":"\n\t<div  class=\"theme-wp-block theme-block-main-header is-style-full-height desktop-align-full xl-align-full lg-align-full md-align-full sm-align-full desktop-content-align-y-center desktop-content-align-x-center xl-content-align-y-center xl-content-align-x-center lg-content-align-y-center lg-content-align-x-center md-content-align-y-center md-content-align-x-center sm-content-align-y-center sm-content-align-x-center gb-responsive-911782-identifier theme-block-cover\">\n\t\t<div class=\"bg-cover theme-lazy-load-bg\"><\/div>\n\t\t<div class=\"wrap-content-main-header\">\n\t\t\t\n\t\t<div  class=\"theme-wp-block theme-block-text-and-text desktop-blockDirection-row xl-blockDirection-row lg-blockDirection-row md-blockDirection-row sm-blockDirection-row gb-responsive-289238-identifier desktop-align-full xl-align-full lg-align-full md-align-full sm-align-full alignfull\">\n\t\t<div class=\"tat-column-wrap-wrapper\">\n\t\t\t<div class=\"tat-column-wrapper\">\n\t\t\t\t\n\t<div  class=\"theme-wp-block theme-block-text-and-text-column gb-responsive-421034-identifier desktop-horizontal-center xl-horizontal-center lg-horizontal-center md-horizontal-center sm-horizontal-center\">\n\t\t<div class=\"inner-wrap-column-content\">\n\t\t\t<div class=\"inner-column-content\">\n\t\t\t\t\n\t\t<h1  class=\"theme-wp-block theme-block-heading is-style-default sm-text-center md-text-center desktop-text-center xl-text-center lg-text-center gb-responsive-292481-identifier desktop-align-full xl-align-full lg-align-full md-align-full sm-align-full alignfull h1 has-text-align\">\n\t\tReembolsos en tan solo un clic\t<\/h1>\n\n\n\n\t\t<h2  class=\"theme-wp-block theme-block-heading is-style-default sm-text-center md-text-center desktop-text-center xl-text-center lg-text-center gb-responsive-831018-identifier desktop-align-full xl-align-full lg-align-full md-align-full sm-align-full alignfull h1 has-text-align\">\n\t\tEl cliente de SELLERLOGIC &#8220;Samtige Haut&#8221; recibe sus reembolsos de Amazon a trav\u00e9s de Lost &amp; Found\t<\/h2>\n\n\n\t\t\t<\/div>\n\t\t<\/div>\n\t<\/div>\n\n\n\t<div  class=\"theme-wp-block theme-block-text-and-text-column gb-responsive-929552-identifier\">\n\t\t<div class=\"inner-wrap-column-content\">\n\t\t\t<div class=\"inner-column-content\">\n\t\t\t\t\t\t\t<\/div>\n\t\t<\/div>\n\t<\/div>\n\n\t\t\t<\/div>\n\t\t<\/div>\n\t<\/div>\n\n\n\t\t<\/div>\n\t<\/div>\n\n\n\n\n<div style=\"height:50px\" aria-hidden=\"true\" class=\"theme-wp-block wp-block-spacer\"><\/div>\n\n\n\n<div class=\"theme-wp-block wp-block-columns is-layout-flex wp-container-core-columns-is-layout-9d6595d7 wp-block-columns-is-layout-flex\">\n<div class=\"theme-wp-block wp-block-column is-layout-flow wp-block-column-is-layout-flow\" style=\"flex-basis:25%\">\n<figure class=\"theme-wp-block wp-block-image size-large is-resized gb-responsive-62921-identifier\"><img decoding=\"async\" src=\"https:\/\/d2bw95mh2ee04s.cloudfront.net\/prod\/content\/wp-content\/uploads\/2020\/12\/23142732\/samtige-haut-logo.png\" alt=\"Success Story: Samtige Haut ES\" class=\"wp-image-4561\" width=\"300\" height=\"84\" srcset=\"https:\/\/d2bw95mh2ee04s.cloudfront.net\/prod\/content\/wp-content\/uploads\/2020\/12\/23142732\/samtige-haut-logo-407x113.png 407w, https:\/\/d2bw95mh2ee04s.cloudfront.net\/prod\/content\/wp-content\/uploads\/2020\/12\/23142732\/samtige-haut-logo.png 600w\" sizes=\"(max-width: 300px) 100vw, 300px\" \/><\/figure>\n\n\n\n<p class=\"theme-wp-block gb-responsive-312552-identifier\"><strong><strong>Fundada en<\/strong>:<\/strong><br>Noviembre 2016<\/p>\n\n\n\n<p class=\"theme-wp-block gb-responsive-353708-identifier\"><strong><strong>Sector<\/strong><\/strong>:<br>Cosm\u00e9tica , suplementos alimenticios , productos Bio<\/p>\n\n\n\n<p class=\"theme-wp-block gb-responsive-164518-identifier\"><strong><strong>Art\u00edculos en<\/strong><\/strong> <strong>Amazon:<\/strong><br>1.000<\/p>\n\n\n\n<p class=\"theme-wp-block gb-responsive-888870-identifier\"><strong><strong>Env\u00edos<\/strong>:&nbsp;<\/strong><br>apr\u00f3x. 8.000 al mes<\/p>\n<\/div>\n\n\n\n<div class=\"theme-wp-block wp-block-column is-layout-flow wp-block-column-is-layout-flow\" style=\"flex-basis:50%\">\n<h3 class=\"theme-wp-block gb-responsive-34353-identifier wp-block-heading\" id=\"block-c06fce04-ef87-4ffc-a3d6-b768ba377d17\">Contexto:<\/h3>\n\n\n\n<p class=\"theme-wp-block gb-responsive-620393-identifier\">En 2018, Amazon alcanz\u00f3 una facturaci\u00f3n de 232.900 millones de d\u00f3lares. En Alemania, alrededor del 45% de los vendedores de Amazon env\u00edan sus productos a trav\u00e9s de del servicio \u201cFullfilled by Amazon\u201d (FBA). Este es el caso de Sandra Schriewer y su tienda de Amazon \u201cSamtige Haut\u201d (Piel de terciopelo). A pesar de todos los beneficios que facilita el programa FBA, es dif\u00edcil para los vendedores de Amazon poder rastrear el flujo de los datos de todas las transacciones FBA, una vez que el volumen de ventas aumenta. Esto conlleva a un rechazo frecuente cualquier tipo de an\u00e1lisis.<\/p>\n\n\n\n<h3 class=\"theme-wp-block gb-responsive-182281-identifier wp-block-heading\">El Contexto y los Retos:<\/h3>\n\n\n\n<p class=\"theme-wp-block gb-responsive-765163-identifier\">Sandra Schriewer es una profesional proveniente de la industria de la cosm\u00e9tica. Durante su trabajo en el sector del comercio electr\u00f3nico en Berl\u00edn, complet\u00f3 sus estudios en marketing online y comercio electr\u00f3nico.<\/p>\n\n\n\n<p class=\"theme-wp-block gb-responsive-640811-identifier\">Quer\u00eda poner en pr\u00e1ctica los conocimientos adquiridos durante este tiempo y combinarlos con su afici\u00f3n por la cosm\u00e9tica y la nutrici\u00f3n. Es as\u00ed como cre\u00f3 la tienda online de Amazon \u201cSamtige Haute\u201d (Piel de terciopelo). Con m\u00e1s de 1.000 art\u00edculos en su cat\u00e1logo y aproximadamente 8.000 env\u00edos al mes a trav\u00e9s del programa FBA, virtualmente, se le hac\u00eda casi imposible hacer un seguimiento del gran flujo de datos en Amazon. R\u00e1pidamente se dio cuenta que necesitaba herramienta que le ayudase a controlar los procesos del programa FBA. \u201cComo vendedora en l\u00ednea, una conf\u00eda en los servicios del FBA de Amazon porque el programa hace que los procesos log\u00edsticos de la empresa sean mucho m\u00e1s f\u00e1ciles. Sin embargo, est\u00e1 claro que incluso los gigantes mundiales del e-commerce como Amazon, tambi\u00e9n cometen errores. Como vendedora, comprobar manualmente dichos errores, es una idea que fue descartada desde el principio, ya que el an\u00e1lisis de las fuentes de los datos es muy complejo y requiere tiempo y esfuerzo. Dicha soluci\u00f3n ser\u00eda poco rentable\u201c, confirma Sandra Schriewer. \u201cLa soluci\u00f3n de Lost &amp; Found de SELLERLOGIC, fue recomendada por mi marido, actualmente \u00e9l utiliza el Repricer de SELLERLOGIC y est\u00e1 muy satisfecho con la herramienta. Hay muchas soluciones en el mercado sin las cuales una empresa como la m\u00eda dif\u00edcilmente puede tener \u00e9xito en l\u00ednea. Creo que Lost &amp; Found es realmente \u00fanico e indispensable para los vendedores de FBA\u201d.<\/p>\n\n\n\n<h3 class=\"theme-wp-block gb-responsive-115756-identifier wp-block-heading\">La Soluci\u00f3n:<\/h3>\n\n\n\n<p class=\"theme-wp-block gb-responsive-907939-identifier\">\u201cLa herramienta es f\u00e1cil de utilizar y su integraci\u00f3n es r\u00e1pida y sencilla\u201d Las instrucciones descritas paso a paso y la base de conocimientos, son muy \u00fatiles y no se necesita la ayuda de SELLERLOGIC para poner el sistema en marcha. Lost &amp; Found detecta todos los d\u00edas nuevas reclamaciones y proporciona bloques de texto predefinidos para poder ser copiados, pegados y enviados a Amazon Seller Central. Mi \u00fanica tarea para poder recibir el reembolso de Amazon, es la de copiar y pegar. Como la gran mayor\u00eda de las reclamaciones son aceptadas inmediatamente y sin ninguna pega u otro inconveniente, es un trabajo agradable\u201d, explica Sandra Schriewer.<\/p>\n\n\n<div class=\"theme-block-group-wrap\">\n<div class=\"theme-wp-block wp-block-group gb-responsive-88118-identifier\"><div class=\"wp-block-group__inner-container\"><div class=\"wp-block-group__inner-container is-layout-flow wp-block-group-is-layout-flow\">\t\t<div  class=\"theme-wp-block theme-block-user-card gb-responsive-799176-identifier is-style-full-width-line\">\n\t\t<div class=\"wrap-inner-content\">\n\t\t\t<div class=\"card-user-head\">\n\t\t\t\t<div class=\"card-user-avatar\">\n\t\t\t\t\t<div class=\"cover-avatar\" style=\"background-image: url(https:\/\/d2bw95mh2ee04s.cloudfront.net\/prod\/content\/wp-content\/uploads\/2020\/12\/23142733\/sandra-schriewer-raute.png);\"><\/div>\n\t\t\t\t<\/div>\n\t\t\t\t<div class=\"wrap-title\">\n\t\t\t\t\t<div class=\"card-user-name\">\n\t\t\t\t\t\t<div class=\"title\">\n\t\t\t\t\t\t\t<h3 class=\"heading-text\"><strong>Sandra Schriewer<\/strong><\/h3>\n\t\t\t\t\t\t<\/div>\n\t\t\t\t\t\t<div class=\"card-user-position\">\n\t\t\t\t\t\t\t<div class=\"card-text\"><strong>Directora general \u201eSamtige Haut\u201c<\/strong><\/div>\n\t\t\t\t\t\t<\/div>\n\t\t\t\t\t<\/div>\n\t\t\t\t\t<div class=\"card-user-quote-icon\">\n\t\t\t\t\t<\/div>\n\t\t\t\t<\/div>\n\t\t\t<\/div>\n\t\t\t<div class=\"card-user-text\">\n\t\t\t\t<div class=\"card-text\"><p>&#8220;Hay muchos proveedores de servicios en el mercado, sin los cuales dif\u00edcilmente se puede construir un negocio con \u00e9xito en Amazon. \u00a1Pero la soluci\u00f3n de Lost &amp; Found es \u00fanica e indispensable para los vendedores de FBA!&#8221;<\/p><\/div>\n\t\t\t<\/div>\n\t\t<\/div>\n\t<\/div>\n\n<\/div><\/div>\n<\/div><\/div>\n\n\n<h3 class=\"theme-wp-block gb-responsive-595368-identifier wp-block-heading\">Los Resultados Obtenidos Gracias a Lost &amp; Found:<\/h3>\n\n\n\n<p class=\"theme-wp-block\">\u201cLost &amp; Found analiza retroactivamente todas las transacciones de los \u00faltimos 18 meses. Como<br>resultado, despu\u00e9s de la integraci\u00f3n de la herramienta pude recuperar 1,300 euros de reembolso del cual nunca antes podr\u00eda haberme dado cuenta sin la ayuda de SELLERLOGIC. Antes de la integraci\u00f3n de Lost &amp; Found no ten\u00eda claro cu\u00e1ntos paquetes hab\u00edan \u201cdesaparecido\u201d. No puedo comprobar manualmente la gran cantidad de flujo de datos y, en general Amazon no proporciona informaci\u00f3n sobre los productos que faltan o que se encuentran \u201cperdidos\u201d. Con Lost &amp; Found puede recuperar su dinero y ahorrar mucho tiempo y esfuerzo, gracias a la investigaci\u00f3n automatizada y a los textos listos para copiar y pegar en Seller Central\u201d, se\u00f1ala Sandra Schriewer. \u201cSolo puedo recomendar a todos los vendedores FBA que integren la soluci\u00f3n en su propio sistema. \u00a1No tienen nada que perder! Desde mi punto de vista, los costes de SELLERLOGIC Lost &amp; Found son muy justos porque se calculan proporcionalmente en funci\u00f3n del reembolso real de Amazon. Si no se encuentra nada, no hay cargos ni comisiones. Cada d\u00eda que los vendedores pasan sin Lost &amp; Found le cuesta dinero. Adem\u00e1s, tiene un m\u00e1ximo de 18 meses para poder presentar sus reclamaciones\u201d, a\u00f1ade Schriewer.<\/p>\n\n\n\n<div class=\"theme-wp-block wp-block-buttons gb-responsive-497426-identifier is-layout-flex wp-block-buttons-is-layout-flex\">\n<div class=\"theme-wp-block wp-block-button gb-responsive-38220-identifier is-style-theme-transparent-with-arrow\"><a class=\"wp-block-button__link\" href=\"https:\/\/d2bw95mh2ee04s.cloudfront.net\/prod\/content\/files\/SUCCESS-STORIES\/ES\/SELLERLOGIC_Success-Story_Samtige-Haut-ES.pdf\" target=\"_blank\" rel=\"noreferrer noopener nofollow\">\u00a1Descargue ahora!<\/a><\/div>\n<\/div>\n<\/div>\n\n\n\n<div class=\"theme-wp-block wp-block-column is-layout-flow wp-block-column-is-layout-flow\" style=\"flex-basis:25%\"><\/div>\n<\/div>\n\n\n\n<p class=\"theme-wp-block gb-responsive-527070-identifier\"><\/p>\n","protected":false},"excerpt":{"rendered":"<p>Fundada en:Noviembre 2016 Sector:Cosm\u00e9tica , suplementos alimenticios , productos Bio Art\u00edculos en Amazon:1.000 Env\u00edos:&nbsp;apr\u00f3x. 8.000 al mes Contexto: En 2018, Amazon alcanz\u00f3 una facturaci\u00f3n de 232.900 millones de d\u00f3lares. En Alemania, alrededor del 45% de los vendedores de Amazon env\u00edan sus productos a trav\u00e9s de del servicio \u201cFullfilled by Amazon\u201d (FBA). Este es el caso<\/p>\n","protected":false},"author":8,"featured_media":0,"parent":5384,"menu_order":0,"comment_status":"closed","ping_status":"closed","template":"","meta":{"sidebar_recommended_resources":{"data":[]},"sidebar_header_settings":{"hide_buttons":{"register":false}},"_use_new_theme":false,"inline_featured_image":false,"footnotes":""},"class_list":["post-5565","page","type-page","status-publish","hentry"],"yoast_head":"<!-- This site is optimized with the Yoast SEO plugin v26.8 - https:\/\/yoast.com\/product\/yoast-seo-wordpress\/ -->\n<title>SELLERLOGIC Caso de exito - \u00a1Reembolsos en tan solo un clic!<\/title>\n<meta name=\"description\" content=\"Reembolsos en tan solo un clic: El cliente de SELLERLOGIC \u201cSamtige Haut\u201d recibe sus reembolsos de Amazon a trav\u00e9s de Lost &amp; Found.\" \/>\n<meta name=\"robots\" content=\"index, follow, max-snippet:-1, max-image-preview:large, max-video-preview:-1\" \/>\n<link rel=\"canonical\" href=\"https:\/\/www.sellerlogic.com\/es\/material-informativo\/caso-de-exito-samtige-haut\/\" \/>\n<meta property=\"og:locale\" content=\"es_ES\" \/>\n<meta property=\"og:type\" content=\"article\" \/>\n<meta property=\"og:title\" content=\"SELLERLOGIC Caso de exito - \u00a1Reembolsos en tan solo un clic!\" \/>\n<meta property=\"og:description\" content=\"Reembolsos en tan solo un clic: El cliente de SELLERLOGIC \u201cSamtige Haut\u201d recibe sus reembolsos de Amazon a trav\u00e9s de Lost &amp; Found.\" \/>\n<meta property=\"og:url\" content=\"https:\/\/www.sellerlogic.com\/es\/material-informativo\/caso-de-exito-samtige-haut\/\" \/>\n<meta property=\"og:site_name\" content=\"SELLERLOGIC - Herramientas inteligentes para vendedores de Amazon\" \/>\n<meta property=\"article:publisher\" content=\"https:\/\/www.facebook.com\/SellerLogic\/\" \/>\n<meta property=\"article:modified_time\" content=\"2020-12-18T15:49:42+00:00\" \/>\n<meta property=\"og:image\" content=\"https:\/\/www.sellerlogic.com\/wp-content\/uploads\/2020\/12\/samtige-haut-logo.png\" \/>\n<meta name=\"twitter:card\" content=\"summary_large_image\" \/>\n<meta name=\"twitter:site\" content=\"@sellerlogic\" \/>\n<meta name=\"twitter:label1\" content=\"Est. reading time\" \/>\n\t<meta name=\"twitter:data1\" content=\"4 minutes\" \/>\n<script type=\"application\/ld+json\" class=\"yoast-schema-graph\">{\"@context\":\"https:\/\/schema.org\",\"@graph\":[{\"@type\":\"WebPage\",\"@id\":\"https:\/\/www.sellerlogic.com\/es\/material-informativo\/caso-de-exito-samtige-haut\/\",\"url\":\"https:\/\/www.sellerlogic.com\/es\/material-informativo\/caso-de-exito-samtige-haut\/\",\"name\":\"SELLERLOGIC Caso de exito - \u00a1Reembolsos en tan solo un clic!\",\"isPartOf\":{\"@id\":\"https:\/\/www.sellerlogic.com\/es\/#website\"},\"primaryImageOfPage\":{\"@id\":\"https:\/\/www.sellerlogic.com\/es\/material-informativo\/caso-de-exito-samtige-haut\/#primaryimage\"},\"image\":{\"@id\":\"https:\/\/www.sellerlogic.com\/es\/material-informativo\/caso-de-exito-samtige-haut\/#primaryimage\"},\"thumbnailUrl\":\"https:\/\/www.sellerlogic.com\/wp-content\/uploads\/2020\/12\/samtige-haut-logo.png\",\"datePublished\":\"2020-12-18T11:19:02+00:00\",\"dateModified\":\"2020-12-18T15:49:42+00:00\",\"description\":\"Reembolsos en tan solo un clic: El cliente de SELLERLOGIC \u201cSamtige Haut\u201d recibe sus reembolsos de Amazon a trav\u00e9s de Lost & Found.\",\"breadcrumb\":{\"@id\":\"https:\/\/www.sellerlogic.com\/es\/material-informativo\/caso-de-exito-samtige-haut\/#breadcrumb\"},\"inLanguage\":\"es-ES\",\"potentialAction\":[{\"@type\":\"ReadAction\",\"target\":[\"https:\/\/www.sellerlogic.com\/es\/material-informativo\/caso-de-exito-samtige-haut\/\"]}]},{\"@type\":\"ImageObject\",\"inLanguage\":\"es-ES\",\"@id\":\"https:\/\/www.sellerlogic.com\/es\/material-informativo\/caso-de-exito-samtige-haut\/#primaryimage\",\"url\":\"https:\/\/www.sellerlogic.com\/wp-content\/uploads\/2020\/12\/samtige-haut-logo.png\",\"contentUrl\":\"https:\/\/www.sellerlogic.com\/wp-content\/uploads\/2020\/12\/samtige-haut-logo.png\"},{\"@type\":\"BreadcrumbList\",\"@id\":\"https:\/\/www.sellerlogic.com\/es\/material-informativo\/caso-de-exito-samtige-haut\/#breadcrumb\",\"itemListElement\":[{\"@type\":\"ListItem\",\"position\":1,\"name\":\"Home\",\"item\":\"https:\/\/www.sellerlogic.com\/es\/\"},{\"@type\":\"ListItem\",\"position\":2,\"name\":\"Ressourcen ES\",\"item\":\"https:\/\/www.sellerlogic.com\/es\/material-informativo\/\"},{\"@type\":\"ListItem\",\"position\":3,\"name\":\"Success Story: Samtige Haut ES\"}]},{\"@type\":\"WebSite\",\"@id\":\"https:\/\/www.sellerlogic.com\/es\/#website\",\"url\":\"https:\/\/www.sellerlogic.com\/es\/\",\"name\":\"SELLERLOGIC - Smarte Tools f\u00fcr Amazon-Seller\",\"description\":\"Intelligente Prozessoptimierung und Gewinnmaximierung\",\"publisher\":{\"@id\":\"https:\/\/www.sellerlogic.com\/es\/#organization\"},\"potentialAction\":[{\"@type\":\"SearchAction\",\"target\":{\"@type\":\"EntryPoint\",\"urlTemplate\":\"https:\/\/www.sellerlogic.com\/es\/?s={search_term_string}\"},\"query-input\":{\"@type\":\"PropertyValueSpecification\",\"valueRequired\":true,\"valueName\":\"search_term_string\"}}],\"inLanguage\":\"es-ES\"},{\"@type\":\"Organization\",\"@id\":\"https:\/\/www.sellerlogic.com\/es\/#organization\",\"name\":\"SELLERLOGIC\",\"url\":\"https:\/\/www.sellerlogic.com\/es\/\",\"logo\":{\"@type\":\"ImageObject\",\"inLanguage\":\"es-ES\",\"@id\":\"https:\/\/www.sellerlogic.com\/es\/#\/schema\/logo\/image\/\",\"url\":\"https:\/\/d2bw95mh2ee04s.cloudfront.net\/prod\/content\/wp-content\/uploads\/2025\/01\/02134814\/Property-Logo-Main.svg\",\"contentUrl\":\"https:\/\/d2bw95mh2ee04s.cloudfront.net\/prod\/content\/wp-content\/uploads\/2025\/01\/02134814\/Property-Logo-Main.svg\",\"width\":184,\"height\":40,\"caption\":\"SELLERLOGIC\"},\"image\":{\"@id\":\"https:\/\/www.sellerlogic.com\/es\/#\/schema\/logo\/image\/\"},\"sameAs\":[\"https:\/\/www.facebook.com\/SellerLogic\/\",\"https:\/\/x.com\/sellerlogic\",\"https:\/\/www.instagram.com\/sellerlogic\/\",\"https:\/\/www.linkedin.com\/company\/18402037\/\",\"https:\/\/www.youtube.com\/channel\/UC-gULUur-fNj08sprantKsQ\"]}]}<\/script>\n<!-- \/ Yoast SEO plugin. -->","yoast_head_json":{"title":"SELLERLOGIC Caso de exito - \u00a1Reembolsos en tan solo un clic!","description":"Reembolsos en tan solo un clic: El cliente de SELLERLOGIC \u201cSamtige Haut\u201d recibe sus reembolsos de Amazon a trav\u00e9s de Lost & Found.","robots":{"index":"index","follow":"follow","max-snippet":"max-snippet:-1","max-image-preview":"max-image-preview:large","max-video-preview":"max-video-preview:-1"},"canonical":"https:\/\/www.sellerlogic.com\/es\/material-informativo\/caso-de-exito-samtige-haut\/","og_locale":"es_ES","og_type":"article","og_title":"SELLERLOGIC Caso de exito - \u00a1Reembolsos en tan solo un clic!","og_description":"Reembolsos en tan solo un clic: El cliente de SELLERLOGIC \u201cSamtige Haut\u201d recibe sus reembolsos de Amazon a trav\u00e9s de Lost & Found.","og_url":"https:\/\/www.sellerlogic.com\/es\/material-informativo\/caso-de-exito-samtige-haut\/","og_site_name":"SELLERLOGIC - Herramientas inteligentes para vendedores de Amazon","article_publisher":"https:\/\/www.facebook.com\/SellerLogic\/","article_modified_time":"2020-12-18T15:49:42+00:00","og_image":[{"url":"https:\/\/www.sellerlogic.com\/wp-content\/uploads\/2020\/12\/samtige-haut-logo.png","type":"","width":"","height":""}],"twitter_card":"summary_large_image","twitter_site":"@sellerlogic","twitter_misc":{"Est. reading time":"4 minutes"},"schema":{"@context":"https:\/\/schema.org","@graph":[{"@type":"WebPage","@id":"https:\/\/www.sellerlogic.com\/es\/material-informativo\/caso-de-exito-samtige-haut\/","url":"https:\/\/www.sellerlogic.com\/es\/material-informativo\/caso-de-exito-samtige-haut\/","name":"SELLERLOGIC Caso de exito - \u00a1Reembolsos en tan solo un clic!","isPartOf":{"@id":"https:\/\/www.sellerlogic.com\/es\/#website"},"primaryImageOfPage":{"@id":"https:\/\/www.sellerlogic.com\/es\/material-informativo\/caso-de-exito-samtige-haut\/#primaryimage"},"image":{"@id":"https:\/\/www.sellerlogic.com\/es\/material-informativo\/caso-de-exito-samtige-haut\/#primaryimage"},"thumbnailUrl":"https:\/\/www.sellerlogic.com\/wp-content\/uploads\/2020\/12\/samtige-haut-logo.png","datePublished":"2020-12-18T11:19:02+00:00","dateModified":"2020-12-18T15:49:42+00:00","description":"Reembolsos en tan solo un clic: El cliente de SELLERLOGIC \u201cSamtige Haut\u201d recibe sus reembolsos de Amazon a trav\u00e9s de Lost & Found.","breadcrumb":{"@id":"https:\/\/www.sellerlogic.com\/es\/material-informativo\/caso-de-exito-samtige-haut\/#breadcrumb"},"inLanguage":"es-ES","potentialAction":[{"@type":"ReadAction","target":["https:\/\/www.sellerlogic.com\/es\/material-informativo\/caso-de-exito-samtige-haut\/"]}]},{"@type":"ImageObject","inLanguage":"es-ES","@id":"https:\/\/www.sellerlogic.com\/es\/material-informativo\/caso-de-exito-samtige-haut\/#primaryimage","url":"https:\/\/www.sellerlogic.com\/wp-content\/uploads\/2020\/12\/samtige-haut-logo.png","contentUrl":"https:\/\/www.sellerlogic.com\/wp-content\/uploads\/2020\/12\/samtige-haut-logo.png"},{"@type":"BreadcrumbList","@id":"https:\/\/www.sellerlogic.com\/es\/material-informativo\/caso-de-exito-samtige-haut\/#breadcrumb","itemListElement":[{"@type":"ListItem","position":1,"name":"Home","item":"https:\/\/www.sellerlogic.com\/es\/"},{"@type":"ListItem","position":2,"name":"Ressourcen ES","item":"https:\/\/www.sellerlogic.com\/es\/material-informativo\/"},{"@type":"ListItem","position":3,"name":"Success Story: Samtige Haut ES"}]},{"@type":"WebSite","@id":"https:\/\/www.sellerlogic.com\/es\/#website","url":"https:\/\/www.sellerlogic.com\/es\/","name":"SELLERLOGIC - Smarte Tools f\u00fcr Amazon-Seller","description":"Intelligente Prozessoptimierung und Gewinnmaximierung","publisher":{"@id":"https:\/\/www.sellerlogic.com\/es\/#organization"},"potentialAction":[{"@type":"SearchAction","target":{"@type":"EntryPoint","urlTemplate":"https:\/\/www.sellerlogic.com\/es\/?s={search_term_string}"},"query-input":{"@type":"PropertyValueSpecification","valueRequired":true,"valueName":"search_term_string"}}],"inLanguage":"es-ES"},{"@type":"Organization","@id":"https:\/\/www.sellerlogic.com\/es\/#organization","name":"SELLERLOGIC","url":"https:\/\/www.sellerlogic.com\/es\/","logo":{"@type":"ImageObject","inLanguage":"es-ES","@id":"https:\/\/www.sellerlogic.com\/es\/#\/schema\/logo\/image\/","url":"https:\/\/d2bw95mh2ee04s.cloudfront.net\/prod\/content\/wp-content\/uploads\/2025\/01\/02134814\/Property-Logo-Main.svg","contentUrl":"https:\/\/d2bw95mh2ee04s.cloudfront.net\/prod\/content\/wp-content\/uploads\/2025\/01\/02134814\/Property-Logo-Main.svg","width":184,"height":40,"caption":"SELLERLOGIC"},"image":{"@id":"https:\/\/www.sellerlogic.com\/es\/#\/schema\/logo\/image\/"},"sameAs":["https:\/\/www.facebook.com\/SellerLogic\/","https:\/\/x.com\/sellerlogic","https:\/\/www.instagram.com\/sellerlogic\/","https:\/\/www.linkedin.com\/company\/18402037\/","https:\/\/www.youtube.com\/channel\/UC-gULUur-fNj08sprantKsQ"]}]}},"_links":{"self":[{"href":"https:\/\/www.sellerlogic.com\/es\/wp-json\/wp\/v2\/pages\/5565","targetHints":{"allow":["GET"]}}],"collection":[{"href":"https:\/\/www.sellerlogic.com\/es\/wp-json\/wp\/v2\/pages"}],"about":[{"href":"https:\/\/www.sellerlogic.com\/es\/wp-json\/wp\/v2\/types\/page"}],"author":[{"embeddable":true,"href":"https:\/\/www.sellerlogic.com\/es\/wp-json\/wp\/v2\/users\/8"}],"replies":[{"embeddable":true,"href":"https:\/\/www.sellerlogic.com\/es\/wp-json\/wp\/v2\/comments?post=5565"}],"version-history":[{"count":0,"href":"https:\/\/www.sellerlogic.com\/es\/wp-json\/wp\/v2\/pages\/5565\/revisions"}],"up":[{"embeddable":true,"href":"https:\/\/www.sellerlogic.com\/es\/wp-json\/wp\/v2\/pages\/5384"}],"wp:attachment":[{"href":"https:\/\/www.sellerlogic.com\/es\/wp-json\/wp\/v2\/media?parent=5565"}],"curies":[{"name":"wp","href":"https:\/\/api.w.org\/{rel}","templated":true}]}}