
{"id":5642,"date":"2020-12-21T08:57:28","date_gmt":"2020-12-21T08:57:28","guid":{"rendered":"https:\/\/www.sellerlogic.com\/?page_id=5642"},"modified":"2020-12-21T10:38:51","modified_gmt":"2020-12-21T10:38:51","slug":"caso-de-exito-univers-cake","status":"publish","type":"page","link":"https:\/\/www.sellerlogic.com\/es\/material-informativo\/caso-de-exito-univers-cake\/","title":{"rendered":"Success Story: Univers Cake ES"},"content":{"rendered":"\n\t<div  class=\"theme-wp-block theme-block-main-header is-style-full-height desktop-align-full xl-align-full lg-align-full md-align-full sm-align-full desktop-content-align-y-center desktop-content-align-x-center xl-content-align-y-center xl-content-align-x-center lg-content-align-y-center lg-content-align-x-center md-content-align-y-center md-content-align-x-center sm-content-align-y-center sm-content-align-x-center gb-responsive-131969-identifier theme-block-cover\">\n\t\t<div class=\"bg-cover theme-lazy-load-bg\"><\/div>\n\t\t<div class=\"wrap-content-main-header\">\n\t\t\t\n\t\t<div  class=\"theme-wp-block theme-block-text-and-text desktop-blockDirection-row xl-blockDirection-row lg-blockDirection-row md-blockDirection-row sm-blockDirection-row gb-responsive-2306-identifier desktop-vertical-top xl-vertical-top lg-vertical-top md-vertical-top sm-vertical-top desktop-align-wide xl-align-wide lg-align-wide md-align-wide sm-align-wide\">\n\t\t<div class=\"tat-column-wrap-wrapper\">\n\t\t\t<div class=\"tat-column-wrapper\">\n\t\t\t\t\n\t<div  class=\"theme-wp-block theme-block-text-and-text-column gb-responsive-708373-identifier desktop-horizontal-center xl-horizontal-center lg-horizontal-center md-horizontal-center sm-horizontal-center\">\n\t\t<div class=\"inner-wrap-column-content\">\n\t\t\t<div class=\"inner-column-content\">\n\t\t\t\t\n\t\t<h1  class=\"theme-wp-block theme-block-heading is-style-default desktop-text-center xl-text-center lg-text-center md-text-center sm-text-center gb-responsive-813454-identifier desktop-align-wide xl-align-wide lg-align-wide md-align-wide sm-align-wide alignwide h1 has-text-align\">\n\t\t&#8220;\u00a1Pagamos el Repricer con nuestros reembolsos de Lost &amp; Found!&#8221;\t<\/h1>\n\n\n\t\t\t<\/div>\n\t\t<\/div>\n\t<\/div>\n\n\n\t<div  class=\"theme-wp-block theme-block-text-and-text-column gb-responsive-976923-identifier\">\n\t\t<div class=\"inner-wrap-column-content\">\n\t\t\t<div class=\"inner-column-content\">\n\t\t\t\t\t\t\t<\/div>\n\t\t<\/div>\n\t<\/div>\n\n\t\t\t<\/div>\n\t\t<\/div>\n\t<\/div>\n\n\n\t\t<\/div>\n\t<\/div>\n\n\n\n\n<div style=\"height:50px\" aria-hidden=\"true\" class=\"theme-wp-block wp-block-spacer\"><\/div>\n\n\n\n<div class=\"theme-wp-block wp-block-columns gb-responsive-990644-identifier is-layout-flex wp-container-core-columns-is-layout-9d6595d7 wp-block-columns-is-layout-flex\">\n<div class=\"theme-wp-block wp-block-column gb-responsive-865237-identifier is-layout-flow wp-block-column-is-layout-flow\" style=\"flex-basis:25%\">\n<figure class=\"theme-wp-block wp-block-image size-large is-resized gb-responsive-62921-identifier\"><img decoding=\"async\" src=\"https:\/\/d2bw95mh2ee04s.cloudfront.net\/prod\/content\/wp-content\/uploads\/2020\/12\/23142710\/logo_univers-cake-neu.png\" alt=\"Success Story: Univers Cake ES\" class=\"wp-image-5630\" width=\"258\" height=\"58\"\/><\/figure>\n\n\n\n<p class=\"theme-wp-block gb-responsive-669532-identifier\"><strong>A\u00f1o de fundaci\u00f3n:&nbsp;<\/strong><br>2016<\/p>\n\n\n\n<p class=\"theme-wp-block gb-responsive-302257-identifier\"><strong>Sector:<\/strong><br>Art\u00edculos de resposter\u00eda y confiter\u00eda<\/p>\n\n\n\n<p class=\"theme-wp-block gb-responsive-107644-identifier\"><strong>Art\u00edculos en Amazon:<\/strong><br>alrededor de 3.000 SKUs<\/p>\n\n\n\n<p class=\"theme-wp-block gb-responsive-535481-identifier\"><strong>Env\u00edos di\u00e1rios\/mensuales:&nbsp;<\/strong><br>apr\u00f3x. 850 al mes<\/p>\n<\/div>\n\n\n\n<div class=\"theme-wp-block wp-block-column gb-responsive-41122-identifier is-layout-flow wp-block-column-is-layout-flow\" style=\"flex-basis:50%\">\n<h3 class=\"theme-wp-block gb-responsive-34353-identifier wp-block-heading\" id=\"block-c06fce04-ef87-4ffc-a3d6-b768ba377d17\">Historia:<\/h3>\n\n\n\n<p class=\"theme-wp-block gb-responsive-772271-identifier\">Con la marca \u201cUnivers Cake\u201c, la agencia web UP\u2018NBOOST ha entrado en el comercio de productos de reposter\u00eda y confiter\u00eda. Originalmente UP\u2018NBOOST hab\u00eda dise\u00f1ado el concepto para un cliente, pero al final no pudo implementarlo por falta de tiempo. Pero la agencia crey\u00f3 en la idea, y sin m\u00e1s pre\u00e1mbulos ayud\u00f3 a Univers Cake a ver la luz del d\u00eda. Pronto result\u00f3 que la a\u00fan joven marca ten\u00eda mucho potencial, especialmente en Amazon. Al poco comenzaron las ventas a trav\u00e9s del conocido Marketplace.<\/p>\n\n\n\n<h3 class=\"theme-wp-block gb-responsive-530046-identifier wp-block-heading\">Situaci\u00f3n inicial:<\/h3>\n\n\n\n<p class=\"theme-wp-block gb-responsive-625515-identifier\">Para Jean-Bernard Freymann, codirector de UP\u2018NBOOST, estaba claro desde el principio que al vender m\u00e1s de 1.500 productos sin marca propia y en un entorno muy competitivo, el mayor desaf\u00edo ser\u00eda ahorrar el mayor tiempo posible. \u201cAl mismo tiempo tuvimos que mantener nuestros m\u00e1rgenes a pesar de que las condiciones eran muy competitivas\u201c, dice Freymann. \u201cTenemos un gran n\u00famero de competidores en Amazon que venden exactamente el mismo producto. As\u00ed que el factor principal es el precio. Por eso es casi imposible mantener un ojo continuo y en tiempo real sobre la competencia de forma manual\u201c, contin\u00faa Freymann.<\/p>\n\n\n\n<p class=\"theme-wp-block gb-responsive-610330-identifier\">En esas condiciones, no solo el uso de la Log\u00edstica de Amazon (FBA), sino tambi\u00e9n el de un Repricer, era el siguiente paso l\u00f3gico para seguir siendo competitivos y mantener a un nivel alto la cuota de la Buy Box. Sin embargo, antes de que UP\u2018NBOOST descubriera SELLERLOGIC, la agencia ya lo hab\u00eda intentado con otros Repricers. Pero aquellas herramientas no eran ni t\u00e9cnicamente ni econ\u00f3micamente convincentes.&nbsp;<\/p>\n\n\n\n<h3 class=\"theme-wp-block gb-responsive-749842-identifier wp-block-heading\">Soluci\u00f3n:<\/h3>\n\n\n\n<p class=\"theme-wp-block gb-responsive-592167-identifier\">\u201cEn un sector en el que los m\u00e1rgenes tienden a ser bajos, consideramos no solo el beneficio del Repricer, sino tambi\u00e9n sus costes, como un factor clave para el \u00e9xito\u201c, explica Freymann. \u201cDespu\u00e9s de examinar diversas herramientas, SELLERLOGIC nos convenci\u00f3 no solo por el precio, sino tambi\u00e9n por algunas caracter\u00edsticas especiales, como la posibilidad de aplicar diferentes estrategias de ajuste de precios a grupos de productos espec\u00edficos\u201c.<\/p>\n\n\n\n<p class=\"theme-wp-block gb-responsive-744125-identifier\">Al mismo tiempo UP\u2018NBOOST tambi\u00e9n implement\u00f3 la segunda herramienta de SELLERLOGIC: Lost &amp; Found monitoriz\u00f3 a partir de entonces todos los procesos de la Log\u00edstica de Amazon FBA de Univers Cake y report\u00f3 de manera fiable cualquier irregularidad encontrada en los centros log\u00edsticos de Amazon, para que los reembolsos pudiesen ser solicitados de manera f\u00e1cil y r\u00e1pida.<\/p>\n\n\n<div class=\"theme-block-group-wrap\">\n<div class=\"theme-wp-block wp-block-group gb-responsive-88118-identifier\"><div class=\"wp-block-group__inner-container\"><div class=\"wp-block-group__inner-container is-layout-flow wp-block-group-is-layout-flow\">\t\t<div  class=\"theme-wp-block theme-block-user-card gb-responsive-799176-identifier is-style-full-width-line\">\n\t\t<div class=\"wrap-inner-content\">\n\t\t\t<div class=\"card-user-head\">\n\t\t\t\t<div class=\"card-user-avatar\">\n\t\t\t\t\t<div class=\"cover-avatar\" style=\"background-image: url(https:\/\/d2bw95mh2ee04s.cloudfront.net\/prod\/content\/wp-content\/uploads\/2020\/12\/23142710\/portrait_univers-cake_raute.png);\"><\/div>\n\t\t\t\t<\/div>\n\t\t\t\t<div class=\"wrap-title\">\n\t\t\t\t\t<div class=\"card-user-name\">\n\t\t\t\t\t\t<div class=\"title\">\n\t\t\t\t\t\t\t<h3 class=\"heading-text\"><strong>Jean-Bernard Freymann<\/strong><\/h3>\n\t\t\t\t\t\t<\/div>\n\t\t\t\t\t\t<div class=\"card-user-position\">\n\t\t\t\t\t\t\t<div class=\"card-text\"><strong>Co-director de UP&#8217;NBOOST<\/strong><\/div>\n\t\t\t\t\t\t<\/div>\n\t\t\t\t\t<\/div>\n\t\t\t\t\t<div class=\"card-user-quote-icon\">\n\t\t\t\t\t<\/div>\n\t\t\t\t<\/div>\n\t\t\t<\/div>\n\t\t\t<div class=\"card-user-text\">\n\t\t\t\t<div class=\"card-text\"><p>&#8220;\u00a1Con los reembolsos de la Log\u00edstica de Amazon FBA que recibimos gracias al Lost &amp; Found de SELLERLOGIC, financiamos el Repricer!&#8221;<\/p><\/div>\n\t\t\t<\/div>\n\t\t<\/div>\n\t<\/div>\n\n<\/div><\/div>\n<\/div><\/div>\n\n\n<h3 class=\"theme-wp-block gb-responsive-260858-identifier wp-block-heading\">El \u00c9xito con SELLERLOGIC:<\/h3>\n\n\n\n<p class=\"theme-wp-block gb-responsive-973147-identifier\">\u201cLa configuraci\u00f3n fue bastante simple: solo tuvimos que importar un archivo con los precios m\u00ednimos y m\u00e1ximos de nuestros productos. La importaci\u00f3n fue r\u00e1pida y f\u00e1cil. En unas pocas horas, el Repricer estaba listo para su uso\u201c, confirma Freymann. \u201cAmbas herramientas ahorran una enorme cantidad de tiempo\u201c.<\/p>\n\n\n\n<p class=\"theme-wp-block gb-responsive-56725-identifier\">Adem\u00e1s, UP\u2018NBOOST pudo recuperar los costes de usar el Repricer de inmediato, porque a trav\u00e9s de Lost &amp; Found la empresa ya no pierde dinero con Amazon. \u201cEsa es la mejor parte\u201c, dice el codirector, \u201c\u00a1A trav\u00e9s de Lost &amp; Found podemos compensar los costes de la optimizaci\u00f3n de precios!\u201c&nbsp;<\/p>\n\n\n\n<p class=\"theme-wp-block gb-responsive-20888-identifier\">\u201cAdem\u00e1s, el equipo de atenci\u00f3n al cliente de SELLERLOGIC es muy competente y responde r\u00e1pidamente a las consultas. La cooperaci\u00f3n con una empresa alemana bien estructurada y orientada al cliente es muy tranquilizadora para nosotros\u201c, confirma Freymann.<a href=\"https:\/\/d2bw95mh2ee04s.cloudfront.net\/prod\/content\/files\/SUCCESS-STORIES\/ES\/SELLERLOGIC_SN_Success-Story_Univers-Cake_ES.pdf\" target=\"_blank\" rel=\"noreferrer noopener nofollow\"><\/a><\/p>\n\n\n\n<div class=\"theme-wp-block wp-block-buttons gb-responsive-497426-identifier is-layout-flex wp-block-buttons-is-layout-flex\">\n<div class=\"theme-wp-block wp-block-button gb-responsive-38220-identifier is-style-theme-transparent-with-arrow\"><a class=\"wp-block-button__link\" href=\"https:\/\/d2bw95mh2ee04s.cloudfront.net\/prod\/content\/files\/SUCCESS-STORIES\/ES\/SELLERLOGIC_SN_Success-Story_Univers-Cake_ES.pdf\" target=\"_blank\" rel=\"noreferrer noopener nofollow\">\u00a1Descargue ahora!<\/a><\/div>\n<\/div>\n<\/div>\n\n\n\n<div class=\"theme-wp-block wp-block-column gb-responsive-472466-identifier is-layout-flow wp-block-column-is-layout-flow\" style=\"flex-basis:25%\"><\/div>\n<\/div>\n","protected":false},"excerpt":{"rendered":"<p>A\u00f1o de fundaci\u00f3n:&nbsp;2016 Sector:Art\u00edculos de resposter\u00eda y confiter\u00eda Art\u00edculos en Amazon:alrededor de 3.000 SKUs Env\u00edos di\u00e1rios\/mensuales:&nbsp;apr\u00f3x. 850 al mes Historia: Con la marca \u201cUnivers Cake\u201c, la agencia web UP\u2018NBOOST ha entrado en el comercio de productos de reposter\u00eda y confiter\u00eda. Originalmente UP\u2018NBOOST hab\u00eda dise\u00f1ado el concepto para un cliente, pero al final no pudo implementarlo<\/p>\n","protected":false},"author":3,"featured_media":0,"parent":5384,"menu_order":0,"comment_status":"closed","ping_status":"closed","template":"","meta":{"sidebar_recommended_resources":{"data":[]},"sidebar_header_settings":{"hide_buttons":{"register":false}},"_use_new_theme":false,"inline_featured_image":false,"footnotes":""},"class_list":["post-5642","page","type-page","status-publish","hentry"],"yoast_head":"<!-- This site is optimized with the Yoast SEO plugin v26.8 - https:\/\/yoast.com\/product\/yoast-seo-wordpress\/ -->\n<title>\u00a1As\u00ed es como Repricer y Lost &amp; Found trabajan juntos! | SELLERLOGIC<\/title>\n<meta name=\"description\" content=\"Los reembolsos de la FBA que UP&#039;NBOOST recibe gracias a Lost &amp; Found financiar\u00e1n la Repricer. \u00a1Una historia de \u00e9xito especial!\" \/>\n<meta name=\"robots\" content=\"index, follow, max-snippet:-1, max-image-preview:large, max-video-preview:-1\" \/>\n<link rel=\"canonical\" href=\"https:\/\/www.sellerlogic.com\/es\/material-informativo\/caso-de-exito-univers-cake\/\" \/>\n<meta property=\"og:locale\" content=\"es_ES\" \/>\n<meta property=\"og:type\" content=\"article\" \/>\n<meta property=\"og:title\" content=\"\u00a1As\u00ed es como Repricer y Lost &amp; Found trabajan juntos! | SELLERLOGIC\" \/>\n<meta property=\"og:description\" content=\"Los reembolsos de la FBA que UP&#039;NBOOST recibe gracias a Lost &amp; Found financiar\u00e1n la Repricer. \u00a1Una historia de \u00e9xito especial!\" \/>\n<meta property=\"og:url\" content=\"https:\/\/www.sellerlogic.com\/es\/material-informativo\/caso-de-exito-univers-cake\/\" \/>\n<meta property=\"og:site_name\" content=\"SELLERLOGIC - Herramientas inteligentes para vendedores de Amazon\" \/>\n<meta property=\"article:publisher\" content=\"https:\/\/www.facebook.com\/SellerLogic\/\" \/>\n<meta property=\"article:modified_time\" content=\"2020-12-21T10:38:51+00:00\" \/>\n<meta property=\"og:image\" content=\"https:\/\/www.sellerlogic.com\/wp-content\/uploads\/2020\/12\/logo_univers-cake-neu.png\" \/>\n<meta name=\"twitter:card\" content=\"summary_large_image\" \/>\n<meta name=\"twitter:site\" content=\"@sellerlogic\" \/>\n<meta name=\"twitter:label1\" content=\"Est. reading time\" \/>\n\t<meta name=\"twitter:data1\" content=\"3 minutes\" \/>\n<script type=\"application\/ld+json\" class=\"yoast-schema-graph\">{\"@context\":\"https:\/\/schema.org\",\"@graph\":[{\"@type\":\"WebPage\",\"@id\":\"https:\/\/www.sellerlogic.com\/es\/material-informativo\/caso-de-exito-univers-cake\/\",\"url\":\"https:\/\/www.sellerlogic.com\/es\/material-informativo\/caso-de-exito-univers-cake\/\",\"name\":\"\u00a1As\u00ed es como Repricer y Lost & Found trabajan juntos! | SELLERLOGIC\",\"isPartOf\":{\"@id\":\"https:\/\/www.sellerlogic.com\/es\/#website\"},\"primaryImageOfPage\":{\"@id\":\"https:\/\/www.sellerlogic.com\/es\/material-informativo\/caso-de-exito-univers-cake\/#primaryimage\"},\"image\":{\"@id\":\"https:\/\/www.sellerlogic.com\/es\/material-informativo\/caso-de-exito-univers-cake\/#primaryimage\"},\"thumbnailUrl\":\"https:\/\/www.sellerlogic.com\/wp-content\/uploads\/2020\/12\/logo_univers-cake-neu.png\",\"datePublished\":\"2020-12-21T08:57:28+00:00\",\"dateModified\":\"2020-12-21T10:38:51+00:00\",\"description\":\"Los reembolsos de la FBA que UP'NBOOST recibe gracias a Lost & Found financiar\u00e1n la Repricer. \u00a1Una historia de \u00e9xito especial!\",\"breadcrumb\":{\"@id\":\"https:\/\/www.sellerlogic.com\/es\/material-informativo\/caso-de-exito-univers-cake\/#breadcrumb\"},\"inLanguage\":\"es-ES\",\"potentialAction\":[{\"@type\":\"ReadAction\",\"target\":[\"https:\/\/www.sellerlogic.com\/es\/material-informativo\/caso-de-exito-univers-cake\/\"]}]},{\"@type\":\"ImageObject\",\"inLanguage\":\"es-ES\",\"@id\":\"https:\/\/www.sellerlogic.com\/es\/material-informativo\/caso-de-exito-univers-cake\/#primaryimage\",\"url\":\"https:\/\/www.sellerlogic.com\/wp-content\/uploads\/2020\/12\/logo_univers-cake-neu.png\",\"contentUrl\":\"https:\/\/www.sellerlogic.com\/wp-content\/uploads\/2020\/12\/logo_univers-cake-neu.png\"},{\"@type\":\"BreadcrumbList\",\"@id\":\"https:\/\/www.sellerlogic.com\/es\/material-informativo\/caso-de-exito-univers-cake\/#breadcrumb\",\"itemListElement\":[{\"@type\":\"ListItem\",\"position\":1,\"name\":\"Home\",\"item\":\"https:\/\/www.sellerlogic.com\/es\/\"},{\"@type\":\"ListItem\",\"position\":2,\"name\":\"Ressourcen ES\",\"item\":\"https:\/\/www.sellerlogic.com\/es\/material-informativo\/\"},{\"@type\":\"ListItem\",\"position\":3,\"name\":\"Success Story: Univers Cake ES\"}]},{\"@type\":\"WebSite\",\"@id\":\"https:\/\/www.sellerlogic.com\/es\/#website\",\"url\":\"https:\/\/www.sellerlogic.com\/es\/\",\"name\":\"SELLERLOGIC - Smarte Tools f\u00fcr Amazon-Seller\",\"description\":\"Intelligente Prozessoptimierung und Gewinnmaximierung\",\"publisher\":{\"@id\":\"https:\/\/www.sellerlogic.com\/es\/#organization\"},\"potentialAction\":[{\"@type\":\"SearchAction\",\"target\":{\"@type\":\"EntryPoint\",\"urlTemplate\":\"https:\/\/www.sellerlogic.com\/es\/?s={search_term_string}\"},\"query-input\":{\"@type\":\"PropertyValueSpecification\",\"valueRequired\":true,\"valueName\":\"search_term_string\"}}],\"inLanguage\":\"es-ES\"},{\"@type\":\"Organization\",\"@id\":\"https:\/\/www.sellerlogic.com\/es\/#organization\",\"name\":\"SELLERLOGIC\",\"url\":\"https:\/\/www.sellerlogic.com\/es\/\",\"logo\":{\"@type\":\"ImageObject\",\"inLanguage\":\"es-ES\",\"@id\":\"https:\/\/www.sellerlogic.com\/es\/#\/schema\/logo\/image\/\",\"url\":\"https:\/\/d2bw95mh2ee04s.cloudfront.net\/prod\/content\/wp-content\/uploads\/2025\/01\/02134814\/Property-Logo-Main.svg\",\"contentUrl\":\"https:\/\/d2bw95mh2ee04s.cloudfront.net\/prod\/content\/wp-content\/uploads\/2025\/01\/02134814\/Property-Logo-Main.svg\",\"width\":184,\"height\":40,\"caption\":\"SELLERLOGIC\"},\"image\":{\"@id\":\"https:\/\/www.sellerlogic.com\/es\/#\/schema\/logo\/image\/\"},\"sameAs\":[\"https:\/\/www.facebook.com\/SellerLogic\/\",\"https:\/\/x.com\/sellerlogic\",\"https:\/\/www.instagram.com\/sellerlogic\/\",\"https:\/\/www.linkedin.com\/company\/18402037\/\",\"https:\/\/www.youtube.com\/channel\/UC-gULUur-fNj08sprantKsQ\"]}]}<\/script>\n<!-- \/ Yoast SEO plugin. -->","yoast_head_json":{"title":"\u00a1As\u00ed es como Repricer y Lost & Found trabajan juntos! | SELLERLOGIC","description":"Los reembolsos de la FBA que UP'NBOOST recibe gracias a Lost & Found financiar\u00e1n la Repricer. \u00a1Una historia de \u00e9xito especial!","robots":{"index":"index","follow":"follow","max-snippet":"max-snippet:-1","max-image-preview":"max-image-preview:large","max-video-preview":"max-video-preview:-1"},"canonical":"https:\/\/www.sellerlogic.com\/es\/material-informativo\/caso-de-exito-univers-cake\/","og_locale":"es_ES","og_type":"article","og_title":"\u00a1As\u00ed es como Repricer y Lost & Found trabajan juntos! | SELLERLOGIC","og_description":"Los reembolsos de la FBA que UP'NBOOST recibe gracias a Lost & Found financiar\u00e1n la Repricer. \u00a1Una historia de \u00e9xito especial!","og_url":"https:\/\/www.sellerlogic.com\/es\/material-informativo\/caso-de-exito-univers-cake\/","og_site_name":"SELLERLOGIC - Herramientas inteligentes para vendedores de Amazon","article_publisher":"https:\/\/www.facebook.com\/SellerLogic\/","article_modified_time":"2020-12-21T10:38:51+00:00","og_image":[{"url":"https:\/\/www.sellerlogic.com\/wp-content\/uploads\/2020\/12\/logo_univers-cake-neu.png","type":"","width":"","height":""}],"twitter_card":"summary_large_image","twitter_site":"@sellerlogic","twitter_misc":{"Est. reading time":"3 minutes"},"schema":{"@context":"https:\/\/schema.org","@graph":[{"@type":"WebPage","@id":"https:\/\/www.sellerlogic.com\/es\/material-informativo\/caso-de-exito-univers-cake\/","url":"https:\/\/www.sellerlogic.com\/es\/material-informativo\/caso-de-exito-univers-cake\/","name":"\u00a1As\u00ed es como Repricer y Lost & Found trabajan juntos! | SELLERLOGIC","isPartOf":{"@id":"https:\/\/www.sellerlogic.com\/es\/#website"},"primaryImageOfPage":{"@id":"https:\/\/www.sellerlogic.com\/es\/material-informativo\/caso-de-exito-univers-cake\/#primaryimage"},"image":{"@id":"https:\/\/www.sellerlogic.com\/es\/material-informativo\/caso-de-exito-univers-cake\/#primaryimage"},"thumbnailUrl":"https:\/\/www.sellerlogic.com\/wp-content\/uploads\/2020\/12\/logo_univers-cake-neu.png","datePublished":"2020-12-21T08:57:28+00:00","dateModified":"2020-12-21T10:38:51+00:00","description":"Los reembolsos de la FBA que UP'NBOOST recibe gracias a Lost & Found financiar\u00e1n la Repricer. \u00a1Una historia de \u00e9xito especial!","breadcrumb":{"@id":"https:\/\/www.sellerlogic.com\/es\/material-informativo\/caso-de-exito-univers-cake\/#breadcrumb"},"inLanguage":"es-ES","potentialAction":[{"@type":"ReadAction","target":["https:\/\/www.sellerlogic.com\/es\/material-informativo\/caso-de-exito-univers-cake\/"]}]},{"@type":"ImageObject","inLanguage":"es-ES","@id":"https:\/\/www.sellerlogic.com\/es\/material-informativo\/caso-de-exito-univers-cake\/#primaryimage","url":"https:\/\/www.sellerlogic.com\/wp-content\/uploads\/2020\/12\/logo_univers-cake-neu.png","contentUrl":"https:\/\/www.sellerlogic.com\/wp-content\/uploads\/2020\/12\/logo_univers-cake-neu.png"},{"@type":"BreadcrumbList","@id":"https:\/\/www.sellerlogic.com\/es\/material-informativo\/caso-de-exito-univers-cake\/#breadcrumb","itemListElement":[{"@type":"ListItem","position":1,"name":"Home","item":"https:\/\/www.sellerlogic.com\/es\/"},{"@type":"ListItem","position":2,"name":"Ressourcen ES","item":"https:\/\/www.sellerlogic.com\/es\/material-informativo\/"},{"@type":"ListItem","position":3,"name":"Success Story: Univers Cake ES"}]},{"@type":"WebSite","@id":"https:\/\/www.sellerlogic.com\/es\/#website","url":"https:\/\/www.sellerlogic.com\/es\/","name":"SELLERLOGIC - Smarte Tools f\u00fcr Amazon-Seller","description":"Intelligente Prozessoptimierung und Gewinnmaximierung","publisher":{"@id":"https:\/\/www.sellerlogic.com\/es\/#organization"},"potentialAction":[{"@type":"SearchAction","target":{"@type":"EntryPoint","urlTemplate":"https:\/\/www.sellerlogic.com\/es\/?s={search_term_string}"},"query-input":{"@type":"PropertyValueSpecification","valueRequired":true,"valueName":"search_term_string"}}],"inLanguage":"es-ES"},{"@type":"Organization","@id":"https:\/\/www.sellerlogic.com\/es\/#organization","name":"SELLERLOGIC","url":"https:\/\/www.sellerlogic.com\/es\/","logo":{"@type":"ImageObject","inLanguage":"es-ES","@id":"https:\/\/www.sellerlogic.com\/es\/#\/schema\/logo\/image\/","url":"https:\/\/d2bw95mh2ee04s.cloudfront.net\/prod\/content\/wp-content\/uploads\/2025\/01\/02134814\/Property-Logo-Main.svg","contentUrl":"https:\/\/d2bw95mh2ee04s.cloudfront.net\/prod\/content\/wp-content\/uploads\/2025\/01\/02134814\/Property-Logo-Main.svg","width":184,"height":40,"caption":"SELLERLOGIC"},"image":{"@id":"https:\/\/www.sellerlogic.com\/es\/#\/schema\/logo\/image\/"},"sameAs":["https:\/\/www.facebook.com\/SellerLogic\/","https:\/\/x.com\/sellerlogic","https:\/\/www.instagram.com\/sellerlogic\/","https:\/\/www.linkedin.com\/company\/18402037\/","https:\/\/www.youtube.com\/channel\/UC-gULUur-fNj08sprantKsQ"]}]}},"_links":{"self":[{"href":"https:\/\/www.sellerlogic.com\/es\/wp-json\/wp\/v2\/pages\/5642","targetHints":{"allow":["GET"]}}],"collection":[{"href":"https:\/\/www.sellerlogic.com\/es\/wp-json\/wp\/v2\/pages"}],"about":[{"href":"https:\/\/www.sellerlogic.com\/es\/wp-json\/wp\/v2\/types\/page"}],"author":[{"embeddable":true,"href":"https:\/\/www.sellerlogic.com\/es\/wp-json\/wp\/v2\/users\/3"}],"replies":[{"embeddable":true,"href":"https:\/\/www.sellerlogic.com\/es\/wp-json\/wp\/v2\/comments?post=5642"}],"version-history":[{"count":0,"href":"https:\/\/www.sellerlogic.com\/es\/wp-json\/wp\/v2\/pages\/5642\/revisions"}],"up":[{"embeddable":true,"href":"https:\/\/www.sellerlogic.com\/es\/wp-json\/wp\/v2\/pages\/5384"}],"wp:attachment":[{"href":"https:\/\/www.sellerlogic.com\/es\/wp-json\/wp\/v2\/media?parent=5642"}],"curies":[{"name":"wp","href":"https:\/\/api.w.org\/{rel}","templated":true}]}}