
{"id":5727,"date":"2020-12-21T22:27:10","date_gmt":"2020-12-21T22:27:10","guid":{"rendered":"https:\/\/www.sellerlogic.com\/?page_id=5727"},"modified":"2023-08-23T15:45:56","modified_gmt":"2023-08-23T15:45:56","slug":"caso-de-exito-fj-trading","status":"publish","type":"page","link":"https:\/\/www.sellerlogic.com\/es\/material-informativo\/caso-de-exito-fj-trading\/","title":{"rendered":"Success Story: FJ Trading ES"},"content":{"rendered":"\n\t<div  class=\"theme-wp-block theme-block-main-header is-style-full-height desktop-content-align-y-center desktop-content-align-x-center xl-content-align-y-center xl-content-align-x-center lg-content-align-y-center lg-content-align-x-center md-content-align-y-center md-content-align-x-center sm-content-align-y-center sm-content-align-x-center gb-responsive-853195-identifier desktop-align-full xl-align-full lg-align-full md-align-full sm-align-full theme-block-cover\">\n\t\t<div class=\"bg-cover theme-lazy-load-bg\"><\/div>\n\t\t<div class=\"wrap-content-main-header\">\n\t\t\t\n\t\t<div  class=\"theme-wp-block theme-block-text-and-text gb-responsive-170032-identifier desktop-vertical-center xl-vertical-center lg-vertical-center md-vertical-center sm-vertical-center md-blockDirection-column sm-blockDirection-column desktop-blockDirection-column xl-blockDirection-column lg-blockDirection-column alignfull\">\n\t\t<div class=\"tat-column-wrap-wrapper\">\n\t\t\t<div class=\"tat-column-wrapper\">\n\t\t\t\t\n\t<div  class=\"theme-wp-block theme-block-text-and-text-column gb-responsive-644092-identifier md-horizontal-center desktop-horizontal-right sm-horizontal-center xl-horizontal-center lg-horizontal-center\">\n\t\t<div class=\"inner-wrap-column-content\">\n\t\t\t<div class=\"inner-column-content\">\n\t\t\t\t\n\t\t<h1  class=\"theme-wp-block theme-block-heading gb-responsive-482560-identifier desktop-text-center xl-text-center lg-text-center md-text-center sm-text-center h1\">\n\t\t<strong>\u00a1M\u00e1s Buy Box, m\u00e1s volumen de ventas!<\/strong>\t<\/h1>\n\n\n\n\t\t<h2  class=\"theme-wp-block theme-block-heading gb-responsive-539815-identifier desktop-text-center xl-text-center lg-text-center md-text-center sm-text-center h1\">\n\t\tC\u00f3mo FJ Trading usa el Repricer de SELLERLOGIC &#8211; \u00a1Incrementando su presencia en la Buy Box y su volumen de ventas!\t<\/h2>\n\n\n\t\t\t<\/div>\n\t\t<\/div>\n\t<\/div>\n\n\n\t<div  class=\"theme-wp-block theme-block-text-and-text-column gb-responsive-840598-identifier desktop-horizontal-center xl-horizontal-center lg-horizontal-center md-horizontal-center sm-horizontal-center\">\n\t\t<div class=\"inner-wrap-column-content\">\n\t\t\t<div class=\"inner-column-content\">\n\t\t\t\t\t\t\t<\/div>\n\t\t<\/div>\n\t<\/div>\n\n\t\t\t<\/div>\n\t\t<\/div>\n\t<\/div>\n\n\n\t\t<\/div>\n\t<\/div>\n\n\n\n\n<div style=\"height:50px\" aria-hidden=\"true\" class=\"theme-wp-block wp-block-spacer\"><\/div>\n\n\n\n<div class=\"theme-wp-block wp-block-columns gb-responsive-492868-identifier is-layout-flex wp-container-core-columns-is-layout-9d6595d7 wp-block-columns-is-layout-flex\">\n<div class=\"theme-wp-block wp-block-column gb-responsive-633979-identifier is-layout-flow wp-block-column-is-layout-flow\" style=\"flex-basis:25%\">\n<figure class=\"theme-wp-block wp-block-image size-large is-resized gb-responsive-62921-identifier\"><img decoding=\"async\" src=\"https:\/\/d2bw95mh2ee04s.cloudfront.net\/prod\/content\/wp-content\/uploads\/2020\/12\/23142716\/fj-trading-logo.jpg\" alt=\"Success Story: FJ Trading ES\" class=\"wp-image-5127\" width=\"300\" height=\"167\"\/><\/figure>\n\n\n\n<p class=\"theme-wp-block gb-responsive-312552-identifier\"><strong><strong><strong><strong>Fundada en<\/strong><\/strong><\/strong>:<\/strong><br>2013<\/p>\n\n\n\n<p class=\"theme-wp-block gb-responsive-353708-identifier\"><strong><strong><strong><strong>Sector<\/strong><\/strong><\/strong>:<\/strong><br>Calzado<\/p>\n\n\n\n<p class=\"theme-wp-block gb-responsive-741269-identifier\"><strong><strong><strong><strong>Art\u00edculos en<\/strong> Amazon<\/strong> :&nbsp;<\/strong><\/strong><br>100.000 SKU<\/p>\n\n\n\n<p class=\"theme-wp-block gb-responsive-218030-identifier\"><strong><strong><strong><strong>Env\u00edos<\/strong><\/strong><\/strong>:&nbsp;<\/strong><br>Apr\u00f3x. 50.000 al mes<\/p>\n<\/div>\n\n\n\n<div class=\"theme-wp-block wp-block-column gb-responsive-243785-identifier is-layout-flow wp-block-column-is-layout-flow\" style=\"flex-basis:50%\">\n<h3 class=\"theme-wp-block wp-block-heading gb-responsive-34353-identifier\" id=\"block-c06fce04-ef87-4ffc-a3d6-b768ba377d17\">Contexto:<\/h3>\n\n\n\n<p class=\"theme-wp-block gb-responsive-710769-identifier\">Frank Jemetz ha estado rondando por el mundo de los mercados en l\u00ednea desde 2004. Al principio, lo hac\u00eda mayormente a trav\u00e9s de eBay, pero ahora se ha trasladado a Amazon. &#8220;Hemos probado muchas cosas&#8221;, dice el CEO hoy. &#8220;Desde botes inflables hasta espumadores de leche, vend\u00edamos de todo.&#8221; Despu\u00e9s, Frank Jemetz a\u00f1adi\u00f3 a su surtido zapatillas de Adidas. &#8220;Y de alguna manera nos quedamos atascados&#8221;. Ahora su compa\u00f1\u00eda, FJ Trading, vende sobre todo zapatos, principalmente a trav\u00e9s de mercados en l\u00ednea.<\/p>\n\n\n\n<h3 class=\"theme-wp-block wp-block-heading gb-responsive-182281-identifier\">Situati\u00f3n inicial:<\/h3>\n\n\n\n<p class=\"theme-wp-block gb-responsive-435781-identifier\">Sin Amazon, FJ Trading no existir\u00eda hoy en d\u00eda, porque hay muchos compradores, dice Frank Jemetz. &#8220;Pero conlleva a que la presi\u00f3n de la competencia en el comercio minorista sea muy grande. A veces los precios est\u00e1n por debajo del precio neto de compra&#8221;. Una venta con p\u00e9rdidas estar\u00eda fuera de lugar.<\/p>\n\n\n\n<p class=\"theme-wp-block gb-responsive-992919-identifier\">Al mismo tiempo, Amazon es la plataforma de ventas m\u00e1s importante y es responsable de la mayor parte del volumen de negocios. As\u00ed que estaba claro que se necesitaba una estrategia diferente. &#8220;No se puede mantener el ritmo a largo plazo con precios de venta tan bajos.&#8221; Pero con 100.000 SKUs, r\u00e1pidamente se hizo imposible optimizar los precios manualmente. Se necesitaba una herramienta automatizada.<\/p>\n\n\n\n<h3 class=\"theme-wp-block wp-block-heading gb-responsive-115756-identifier\">Soluci\u00f3n:<\/h3>\n\n\n\n<p class=\"theme-wp-block gb-responsive-49178-identifier\">&#8220;Sin un Repricer no vas a ning\u00fan lado&#8221;, dice Frank Jemetz. &#8220;Desde que usamos el Repricer de SELLERLOGIC, la presencia de nuestros productos en la BuyBox ha aumentado significativamente.&#8221; Sobre todo la estrategia integrada llamada \u201aBuyBox\u2018 fue un factor decisivo a la hora de usar la herramienta de SELLERLOGIC por parte de FJ Trading: &#8220;Hab\u00edamos estado antes con otro proveedor, pero la herramienta no se optimizaba con la finalidad de ganar la Buy Box\u201c. Incluso un Repricer propio especialmente programado para ello no tuvo el \u00e9xito deseado, porque el gasto fue demasiado alto.<\/p>\n\n\n<div class=\"theme-block-group-wrap\">\n<div class=\"theme-wp-block wp-block-group gb-responsive-88118-identifier\"><div class=\"wp-block-group__inner-container is-layout-flow wp-block-group-is-layout-flow\">\t\t<div  class=\"theme-wp-block theme-block-user-card gb-responsive-799176-identifier is-style-full-width-line\">\n\t\t<div class=\"wrap-inner-content\">\n\t\t\t<div class=\"card-user-head\">\n\t\t\t\t<div class=\"card-user-avatar\">\n\t\t\t\t\t<div class=\"cover-avatar\" style=\"background-image: url(https:\/\/d2bw95mh2ee04s.cloudfront.net\/prod\/content\/wp-content\/uploads\/2020\/12\/23142717\/frank-jemetz.png);\"><\/div>\n\t\t\t\t<\/div>\n\t\t\t\t<div class=\"wrap-title\">\n\t\t\t\t\t<div class=\"card-user-name\">\n\t\t\t\t\t\t<div class=\"title\">\n\t\t\t\t\t\t\t<h3 class=\"heading-text\"><strong>Frank Jemetz<\/strong><\/h3>\n\t\t\t\t\t\t<\/div>\n\t\t\t\t\t\t<div class=\"card-user-position\">\n\t\t\t\t\t\t\t<div class=\"card-text\"><strong>\u200b\u200bDirector general FJ Trading<\/strong><\/div>\n\t\t\t\t\t\t<\/div>\n\t\t\t\t\t<\/div>\n\t\t\t\t\t<div class=\"card-user-quote-icon\">\n\t\t\t\t\t<\/div>\n\t\t\t\t<\/div>\n\t\t\t<\/div>\n\t\t\t<div class=\"card-user-text\">\n\t\t\t\t<div class=\"card-text\"><p>La estrategia de la BuyBox, que solo requiere un m\u00ednimo ajuste manual, la baja tasa de error y el hecho de que el Repricer simplemente funciona, hablan a favor de SELLERLOGIC!<\/p><\/div>\n\t\t\t<\/div>\n\t\t<\/div>\n\t<\/div>\n\n<\/div>\n<\/div><\/div>\n\n\n<h3 class=\"theme-wp-block wp-block-heading gb-responsive-595368-identifier\">El \u00c9xito con SELLERLOGIC:<\/h3>\n\n\n\n<p class=\"theme-wp-block gb-responsive-609752-identifier\">Esto es diferente con SELLERLOGIC: &#8220;Una vez que he creado los par\u00e1metros, no tengo que preocuparme por casi nada m\u00e1s.\u201c Gracias a las importaciones autom\u00e1ticas, la configuraci\u00f3n fue s\u00faper f\u00e1cil y el trabajo del Repricer tambi\u00e9n fue convincente: La cuota de participaci\u00f3n de la BuyBox es muy buena. Adem\u00e1s, el servicio de atenci\u00f3n al cliente es de primera categor\u00eda y la herramienta est\u00e1 en continuo perfeccionamiento.&#8221;<\/p>\n\n\n\n<p class=\"theme-wp-block gb-responsive-236193-identifier\">&#8220;Y el Repricer de SELLERLOGIC est\u00e1 siempre al alcance de la mano, apenas ocurren errores y se rectifican r\u00e1pidamente&#8221;, dice Frank Jemetz. Es muy importante que el sistema nunca caiga por debajo de un precio m\u00ednimo establecido para no fomentar la guerra de precios en Amazon. &#8220;\u00a1Con SELLERLOGIC podemos estar tranquilos!&#8221;<\/p>\n\n\n\n<p class=\"theme-wp-block gb-responsive-724014-identifier\">Frank Jemetz est\u00e1 completamente satisfecho con el Repricer de SELLERLOGIC: &#8220;La estrategia de la BuyBox, que solo requiere un m\u00ednimo ajuste manual, y la baja tasa de error ya hablan en favor de SELLERLOGIC. Pero lo m\u00e1s importante: \u00a1El Repricer sencillamente funciona!&#8221;<\/p>\n\n\n\n<div class=\"theme-wp-block wp-block-buttons gb-responsive-497426-identifier is-layout-flex wp-block-buttons-is-layout-flex\">\n<div class=\"theme-wp-block wp-block-button gb-responsive-38220-identifier is-style-theme-transparent-with-arrow\"><a class=\"wp-block-button__link wp-element-button\" href=\"https:\/\/d2bw95mh2ee04s.cloudfront.net\/prod\/content\/files\/SUCCESS-STORIES\/ES\/SELLERLOGIC_SN_Success-Story_FJ-Trading_ES.pdf\" target=\"_blank\" rel=\"noreferrer noopener nofollow\"><strong><strong>\u00a1Descargue ahora!<\/strong><\/strong><\/a><\/div>\n<\/div>\n<\/div>\n\n\n\n<div class=\"theme-wp-block wp-block-column gb-responsive-252189-identifier is-layout-flow wp-block-column-is-layout-flow\" style=\"flex-basis:25%\"><\/div>\n<\/div>\n\n\n\n<p class=\"theme-wp-block gb-responsive-527070-identifier\"><\/p>\n","protected":false},"excerpt":{"rendered":"<p>Fundada en:2013 Sector:Calzado Art\u00edculos en Amazon :&nbsp;100.000 SKU Env\u00edos:&nbsp;Apr\u00f3x. 50.000 al mes Contexto: Frank Jemetz ha estado rondando por el mundo de los mercados en l\u00ednea desde 2004. Al principio, lo hac\u00eda mayormente a trav\u00e9s de eBay, pero ahora se ha trasladado a Amazon. &#8220;Hemos probado muchas cosas&#8221;, dice el CEO hoy. &#8220;Desde botes inflables<\/p>\n","protected":false},"author":8,"featured_media":0,"parent":5384,"menu_order":0,"comment_status":"closed","ping_status":"closed","template":"","meta":{"sidebar_recommended_resources":{"data":[]},"sidebar_header_settings":{"hide_buttons":{"register":false}},"_use_new_theme":false,"inline_featured_image":false,"footnotes":""},"class_list":["post-5727","page","type-page","status-publish","hentry"],"yoast_head":"<!-- This site is optimized with the Yoast SEO plugin v26.8 - https:\/\/yoast.com\/product\/yoast-seo-wordpress\/ -->\n<title>M\u00e1s Buy Box, m\u00e1s ventas - con el SELLERLOGIC Repricer!<\/title>\n<meta name=\"description\" content=\"El SELLERLOGIC Repricer para Amazon gana la Buy Box y aumenta sus ventas. Nuestro cliente FJ Trading puede confirmarlo. Aprende m\u00e1s ahora!\" \/>\n<meta name=\"robots\" content=\"index, follow, max-snippet:-1, max-image-preview:large, max-video-preview:-1\" \/>\n<link rel=\"canonical\" href=\"https:\/\/www.sellerlogic.com\/es\/material-informativo\/caso-de-exito-fj-trading\/\" \/>\n<meta property=\"og:locale\" content=\"es_ES\" \/>\n<meta property=\"og:type\" content=\"article\" \/>\n<meta property=\"og:title\" content=\"M\u00e1s Buy Box, m\u00e1s ventas - con el SELLERLOGIC Repricer!\" \/>\n<meta property=\"og:description\" content=\"El SELLERLOGIC Repricer para Amazon gana la Buy Box y aumenta sus ventas. Nuestro cliente FJ Trading puede confirmarlo. Aprende m\u00e1s ahora!\" \/>\n<meta property=\"og:url\" content=\"https:\/\/www.sellerlogic.com\/es\/material-informativo\/caso-de-exito-fj-trading\/\" \/>\n<meta property=\"og:site_name\" content=\"SELLERLOGIC - Herramientas inteligentes para vendedores de Amazon\" \/>\n<meta property=\"article:publisher\" content=\"https:\/\/www.facebook.com\/SellerLogic\/\" \/>\n<meta property=\"article:modified_time\" content=\"2023-08-23T15:45:56+00:00\" \/>\n<meta property=\"og:image\" content=\"https:\/\/www.sellerlogic.com\/wp-content\/uploads\/2020\/12\/fj-trading-logo.jpg\" \/>\n<meta name=\"twitter:card\" content=\"summary_large_image\" \/>\n<meta name=\"twitter:site\" content=\"@sellerlogic\" \/>\n<meta name=\"twitter:label1\" content=\"Est. reading time\" \/>\n\t<meta name=\"twitter:data1\" content=\"3 minutes\" \/>\n<script type=\"application\/ld+json\" class=\"yoast-schema-graph\">{\"@context\":\"https:\/\/schema.org\",\"@graph\":[{\"@type\":\"WebPage\",\"@id\":\"https:\/\/www.sellerlogic.com\/es\/material-informativo\/caso-de-exito-fj-trading\/\",\"url\":\"https:\/\/www.sellerlogic.com\/es\/material-informativo\/caso-de-exito-fj-trading\/\",\"name\":\"M\u00e1s Buy Box, m\u00e1s ventas - con el SELLERLOGIC Repricer!\",\"isPartOf\":{\"@id\":\"https:\/\/www.sellerlogic.com\/es\/#website\"},\"primaryImageOfPage\":{\"@id\":\"https:\/\/www.sellerlogic.com\/es\/material-informativo\/caso-de-exito-fj-trading\/#primaryimage\"},\"image\":{\"@id\":\"https:\/\/www.sellerlogic.com\/es\/material-informativo\/caso-de-exito-fj-trading\/#primaryimage\"},\"thumbnailUrl\":\"https:\/\/www.sellerlogic.com\/wp-content\/uploads\/2020\/12\/fj-trading-logo.jpg\",\"datePublished\":\"2020-12-21T22:27:10+00:00\",\"dateModified\":\"2023-08-23T15:45:56+00:00\",\"description\":\"El SELLERLOGIC Repricer para Amazon gana la Buy Box y aumenta sus ventas. Nuestro cliente FJ Trading puede confirmarlo. Aprende m\u00e1s ahora!\",\"breadcrumb\":{\"@id\":\"https:\/\/www.sellerlogic.com\/es\/material-informativo\/caso-de-exito-fj-trading\/#breadcrumb\"},\"inLanguage\":\"es-ES\",\"potentialAction\":[{\"@type\":\"ReadAction\",\"target\":[\"https:\/\/www.sellerlogic.com\/es\/material-informativo\/caso-de-exito-fj-trading\/\"]}]},{\"@type\":\"ImageObject\",\"inLanguage\":\"es-ES\",\"@id\":\"https:\/\/www.sellerlogic.com\/es\/material-informativo\/caso-de-exito-fj-trading\/#primaryimage\",\"url\":\"https:\/\/www.sellerlogic.com\/wp-content\/uploads\/2020\/12\/fj-trading-logo.jpg\",\"contentUrl\":\"https:\/\/www.sellerlogic.com\/wp-content\/uploads\/2020\/12\/fj-trading-logo.jpg\"},{\"@type\":\"BreadcrumbList\",\"@id\":\"https:\/\/www.sellerlogic.com\/es\/material-informativo\/caso-de-exito-fj-trading\/#breadcrumb\",\"itemListElement\":[{\"@type\":\"ListItem\",\"position\":1,\"name\":\"Home\",\"item\":\"https:\/\/www.sellerlogic.com\/es\/\"},{\"@type\":\"ListItem\",\"position\":2,\"name\":\"Ressourcen ES\",\"item\":\"https:\/\/127.0.0.1\/de\/ressourcen\/\"},{\"@type\":\"ListItem\",\"position\":3,\"name\":\"Success Story: FJ Trading ES\"}]},{\"@type\":\"WebSite\",\"@id\":\"https:\/\/www.sellerlogic.com\/es\/#website\",\"url\":\"https:\/\/www.sellerlogic.com\/es\/\",\"name\":\"SELLERLOGIC - Smarte Tools f\u00fcr Amazon-Seller\",\"description\":\"Intelligente Prozessoptimierung und Gewinnmaximierung\",\"publisher\":{\"@id\":\"https:\/\/www.sellerlogic.com\/es\/#organization\"},\"potentialAction\":[{\"@type\":\"SearchAction\",\"target\":{\"@type\":\"EntryPoint\",\"urlTemplate\":\"https:\/\/www.sellerlogic.com\/es\/?s={search_term_string}\"},\"query-input\":{\"@type\":\"PropertyValueSpecification\",\"valueRequired\":true,\"valueName\":\"search_term_string\"}}],\"inLanguage\":\"es-ES\"},{\"@type\":\"Organization\",\"@id\":\"https:\/\/www.sellerlogic.com\/es\/#organization\",\"name\":\"SELLERLOGIC\",\"url\":\"https:\/\/www.sellerlogic.com\/es\/\",\"logo\":{\"@type\":\"ImageObject\",\"inLanguage\":\"es-ES\",\"@id\":\"https:\/\/www.sellerlogic.com\/es\/#\/schema\/logo\/image\/\",\"url\":\"https:\/\/d2bw95mh2ee04s.cloudfront.net\/prod\/content\/wp-content\/uploads\/2025\/01\/02134814\/Property-Logo-Main.svg\",\"contentUrl\":\"https:\/\/d2bw95mh2ee04s.cloudfront.net\/prod\/content\/wp-content\/uploads\/2025\/01\/02134814\/Property-Logo-Main.svg\",\"width\":184,\"height\":40,\"caption\":\"SELLERLOGIC\"},\"image\":{\"@id\":\"https:\/\/www.sellerlogic.com\/es\/#\/schema\/logo\/image\/\"},\"sameAs\":[\"https:\/\/www.facebook.com\/SellerLogic\/\",\"https:\/\/x.com\/sellerlogic\",\"https:\/\/www.instagram.com\/sellerlogic\/\",\"https:\/\/www.linkedin.com\/company\/18402037\/\",\"https:\/\/www.youtube.com\/channel\/UC-gULUur-fNj08sprantKsQ\"]}]}<\/script>\n<!-- \/ Yoast SEO plugin. -->","yoast_head_json":{"title":"M\u00e1s Buy Box, m\u00e1s ventas - con el SELLERLOGIC Repricer!","description":"El SELLERLOGIC Repricer para Amazon gana la Buy Box y aumenta sus ventas. Nuestro cliente FJ Trading puede confirmarlo. Aprende m\u00e1s ahora!","robots":{"index":"index","follow":"follow","max-snippet":"max-snippet:-1","max-image-preview":"max-image-preview:large","max-video-preview":"max-video-preview:-1"},"canonical":"https:\/\/www.sellerlogic.com\/es\/material-informativo\/caso-de-exito-fj-trading\/","og_locale":"es_ES","og_type":"article","og_title":"M\u00e1s Buy Box, m\u00e1s ventas - con el SELLERLOGIC Repricer!","og_description":"El SELLERLOGIC Repricer para Amazon gana la Buy Box y aumenta sus ventas. Nuestro cliente FJ Trading puede confirmarlo. Aprende m\u00e1s ahora!","og_url":"https:\/\/www.sellerlogic.com\/es\/material-informativo\/caso-de-exito-fj-trading\/","og_site_name":"SELLERLOGIC - Herramientas inteligentes para vendedores de Amazon","article_publisher":"https:\/\/www.facebook.com\/SellerLogic\/","article_modified_time":"2023-08-23T15:45:56+00:00","og_image":[{"url":"https:\/\/www.sellerlogic.com\/wp-content\/uploads\/2020\/12\/fj-trading-logo.jpg","type":"","width":"","height":""}],"twitter_card":"summary_large_image","twitter_site":"@sellerlogic","twitter_misc":{"Est. reading time":"3 minutes"},"schema":{"@context":"https:\/\/schema.org","@graph":[{"@type":"WebPage","@id":"https:\/\/www.sellerlogic.com\/es\/material-informativo\/caso-de-exito-fj-trading\/","url":"https:\/\/www.sellerlogic.com\/es\/material-informativo\/caso-de-exito-fj-trading\/","name":"M\u00e1s Buy Box, m\u00e1s ventas - con el SELLERLOGIC Repricer!","isPartOf":{"@id":"https:\/\/www.sellerlogic.com\/es\/#website"},"primaryImageOfPage":{"@id":"https:\/\/www.sellerlogic.com\/es\/material-informativo\/caso-de-exito-fj-trading\/#primaryimage"},"image":{"@id":"https:\/\/www.sellerlogic.com\/es\/material-informativo\/caso-de-exito-fj-trading\/#primaryimage"},"thumbnailUrl":"https:\/\/www.sellerlogic.com\/wp-content\/uploads\/2020\/12\/fj-trading-logo.jpg","datePublished":"2020-12-21T22:27:10+00:00","dateModified":"2023-08-23T15:45:56+00:00","description":"El SELLERLOGIC Repricer para Amazon gana la Buy Box y aumenta sus ventas. Nuestro cliente FJ Trading puede confirmarlo. Aprende m\u00e1s ahora!","breadcrumb":{"@id":"https:\/\/www.sellerlogic.com\/es\/material-informativo\/caso-de-exito-fj-trading\/#breadcrumb"},"inLanguage":"es-ES","potentialAction":[{"@type":"ReadAction","target":["https:\/\/www.sellerlogic.com\/es\/material-informativo\/caso-de-exito-fj-trading\/"]}]},{"@type":"ImageObject","inLanguage":"es-ES","@id":"https:\/\/www.sellerlogic.com\/es\/material-informativo\/caso-de-exito-fj-trading\/#primaryimage","url":"https:\/\/www.sellerlogic.com\/wp-content\/uploads\/2020\/12\/fj-trading-logo.jpg","contentUrl":"https:\/\/www.sellerlogic.com\/wp-content\/uploads\/2020\/12\/fj-trading-logo.jpg"},{"@type":"BreadcrumbList","@id":"https:\/\/www.sellerlogic.com\/es\/material-informativo\/caso-de-exito-fj-trading\/#breadcrumb","itemListElement":[{"@type":"ListItem","position":1,"name":"Home","item":"https:\/\/www.sellerlogic.com\/es\/"},{"@type":"ListItem","position":2,"name":"Ressourcen ES","item":"https:\/\/127.0.0.1\/de\/ressourcen\/"},{"@type":"ListItem","position":3,"name":"Success Story: FJ Trading ES"}]},{"@type":"WebSite","@id":"https:\/\/www.sellerlogic.com\/es\/#website","url":"https:\/\/www.sellerlogic.com\/es\/","name":"SELLERLOGIC - Smarte Tools f\u00fcr Amazon-Seller","description":"Intelligente Prozessoptimierung und Gewinnmaximierung","publisher":{"@id":"https:\/\/www.sellerlogic.com\/es\/#organization"},"potentialAction":[{"@type":"SearchAction","target":{"@type":"EntryPoint","urlTemplate":"https:\/\/www.sellerlogic.com\/es\/?s={search_term_string}"},"query-input":{"@type":"PropertyValueSpecification","valueRequired":true,"valueName":"search_term_string"}}],"inLanguage":"es-ES"},{"@type":"Organization","@id":"https:\/\/www.sellerlogic.com\/es\/#organization","name":"SELLERLOGIC","url":"https:\/\/www.sellerlogic.com\/es\/","logo":{"@type":"ImageObject","inLanguage":"es-ES","@id":"https:\/\/www.sellerlogic.com\/es\/#\/schema\/logo\/image\/","url":"https:\/\/d2bw95mh2ee04s.cloudfront.net\/prod\/content\/wp-content\/uploads\/2025\/01\/02134814\/Property-Logo-Main.svg","contentUrl":"https:\/\/d2bw95mh2ee04s.cloudfront.net\/prod\/content\/wp-content\/uploads\/2025\/01\/02134814\/Property-Logo-Main.svg","width":184,"height":40,"caption":"SELLERLOGIC"},"image":{"@id":"https:\/\/www.sellerlogic.com\/es\/#\/schema\/logo\/image\/"},"sameAs":["https:\/\/www.facebook.com\/SellerLogic\/","https:\/\/x.com\/sellerlogic","https:\/\/www.instagram.com\/sellerlogic\/","https:\/\/www.linkedin.com\/company\/18402037\/","https:\/\/www.youtube.com\/channel\/UC-gULUur-fNj08sprantKsQ"]}]}},"_links":{"self":[{"href":"https:\/\/www.sellerlogic.com\/es\/wp-json\/wp\/v2\/pages\/5727","targetHints":{"allow":["GET"]}}],"collection":[{"href":"https:\/\/www.sellerlogic.com\/es\/wp-json\/wp\/v2\/pages"}],"about":[{"href":"https:\/\/www.sellerlogic.com\/es\/wp-json\/wp\/v2\/types\/page"}],"author":[{"embeddable":true,"href":"https:\/\/www.sellerlogic.com\/es\/wp-json\/wp\/v2\/users\/8"}],"replies":[{"embeddable":true,"href":"https:\/\/www.sellerlogic.com\/es\/wp-json\/wp\/v2\/comments?post=5727"}],"version-history":[{"count":0,"href":"https:\/\/www.sellerlogic.com\/es\/wp-json\/wp\/v2\/pages\/5727\/revisions"}],"up":[{"embeddable":true,"href":"https:\/\/www.sellerlogic.com\/es\/wp-json\/wp\/v2\/pages\/5384"}],"wp:attachment":[{"href":"https:\/\/www.sellerlogic.com\/es\/wp-json\/wp\/v2\/media?parent=5727"}],"curies":[{"name":"wp","href":"https:\/\/api.w.org\/{rel}","templated":true}]}}