
{"id":5753,"date":"2020-12-22T10:17:16","date_gmt":"2020-12-22T10:17:16","guid":{"rendered":"https:\/\/www.sellerlogic.com\/?page_id=5753"},"modified":"2021-01-06T13:56:24","modified_gmt":"2021-01-06T13:56:24","slug":"caso-de-exito-dadaro","status":"publish","type":"page","link":"https:\/\/www.sellerlogic.com\/es\/material-informativo\/caso-de-exito-dadaro\/","title":{"rendered":"Success Story: Dadaro ES"},"content":{"rendered":"\n\t<div  class=\"theme-wp-block theme-block-main-header is-style-full-height desktop-align-full xl-align-full lg-align-full md-align-full sm-align-full desktop-content-align-y-center desktop-content-align-x-center xl-content-align-y-center xl-content-align-x-center lg-content-align-y-center lg-content-align-x-center md-content-align-y-center md-content-align-x-center sm-content-align-y-center sm-content-align-x-center gb-responsive-439567-identifier theme-block-cover\">\n\t\t<div class=\"bg-cover theme-lazy-load-bg\"><\/div>\n\t\t<div class=\"wrap-content-main-header\">\n\t\t\t\n\t\t<div  class=\"theme-wp-block theme-block-text-and-text desktop-align-wide xl-align-wide lg-align-wide md-align-wide sm-align-wide gb-responsive-511761-identifier desktop-blockDirection-column xl-blockDirection-column lg-blockDirection-column md-blockDirection-column sm-blockDirection-column\">\n\t\t<div class=\"tat-column-wrap-wrapper\">\n\t\t\t<div class=\"tat-column-wrapper\">\n\t\t\t\t\n\t<div  class=\"theme-wp-block theme-block-text-and-text-column gb-responsive-24925-identifier desktop-horizontal-center xl-horizontal-center lg-horizontal-center md-horizontal-center sm-horizontal-center\">\n\t\t<div class=\"inner-wrap-column-content\">\n\t\t\t<div class=\"inner-column-content\">\n\t\t\t\t\n\t\t<h1  class=\"theme-wp-block theme-block-heading gb-responsive-62496-identifier desktop-text-center xl-text-center lg-text-center md-text-center sm-text-center\">\n\t\tC\u00f3mo SELLERLOGIC Lost &amp; Found ayuda a la empresa familiar Dadaro en tiempos de Coronavirus\t<\/h1>\n\n\n\t\t\t<\/div>\n\t\t<\/div>\n\t<\/div>\n\n\n\t<div  class=\"theme-wp-block theme-block-text-and-text-column gb-responsive-195365-identifier\">\n\t\t<div class=\"inner-wrap-column-content\">\n\t\t\t<div class=\"inner-column-content\">\n\t\t\t\t\t\t\t<\/div>\n\t\t<\/div>\n\t<\/div>\n\n\t\t\t<\/div>\n\t\t<\/div>\n\t<\/div>\n\n\n\t\t<\/div>\n\t<\/div>\n\n\n\n\n<div style=\"height:50px\" aria-hidden=\"true\" class=\"theme-wp-block wp-block-spacer\"><\/div>\n\n\n\n<div class=\"theme-wp-block wp-block-columns gb-responsive-586014-identifier is-layout-flex wp-container-core-columns-is-layout-9d6595d7 wp-block-columns-is-layout-flex\">\n<div class=\"theme-wp-block wp-block-column gb-responsive-33587-identifier is-layout-flow wp-block-column-is-layout-flow\" style=\"flex-basis:25%\">\n<figure class=\"theme-wp-block wp-block-image size-large is-resized gb-responsive-62921-identifier\"><img decoding=\"async\" src=\"https:\/\/d2bw95mh2ee04s.cloudfront.net\/prod\/content\/wp-content\/uploads\/2020\/12\/23142718\/logo-monde-petit.png\" alt=\"Success Story: Dadaro ES\" class=\"wp-image-5015\" width=\"249\" height=\"219\" srcset=\"https:\/\/d2bw95mh2ee04s.cloudfront.net\/prod\/content\/wp-content\/uploads\/2020\/12\/23142718\/logo-monde-petit-407x358.png 407w, https:\/\/d2bw95mh2ee04s.cloudfront.net\/prod\/content\/wp-content\/uploads\/2020\/12\/23142718\/logo-monde-petit.png 600w\" sizes=\"(max-width: 249px) 100vw, 249px\" \/><\/figure>\n\n\n\n<p class=\"theme-wp-block gb-responsive-272436-identifier\"><strong>Fundada en:<\/strong><br>2004<\/p>\n\n\n\n<p class=\"theme-wp-block gb-responsive-153443-identifier\"><strong>Sector:<\/strong><br>Joyer\u00eda y metales preciosos<\/p>\n\n\n\n<p class=\"theme-wp-block gb-responsive-78407-identifier\"><strong>Articulos en Amazon:&nbsp;&nbsp;<\/strong><br>alrededor de 1.600 SKUs<\/p>\n\n\n\n<p class=\"theme-wp-block gb-responsive-784466-identifier\"><strong>Envios:&nbsp;<\/strong><br>apr\u00f3x. 700 al mes<\/p>\n<\/div>\n\n\n\n<div class=\"theme-wp-block wp-block-column gb-responsive-980941-identifier is-layout-flow wp-block-column-is-layout-flow\" style=\"flex-basis:50%\">\n<h3 class=\"theme-wp-block gb-responsive-34353-identifier wp-block-heading\" id=\"block-c06fce04-ef87-4ffc-a3d6-b768ba377d17\">Historia:<\/h3>\n\n\n\n<p class=\"theme-wp-block gb-responsive-44669-identifier\">En el 2008, durante los a\u00f1os m\u00e1s duros de la crisis econ\u00f3mica en Espa\u00f1a, la empresa familiar creada en el 2004 y especializada en la fabricaci\u00f3n, compra y venta de joyas, observa c\u00f3mo el canal tradicional mayorista va llegando poco a poco a su fin.&nbsp;<\/p>\n\n\n\n<p class=\"theme-wp-block gb-responsive-331013-identifier\">Debido a la crisis econ\u00f3mica y la subida del precio del oro, hubo un descenso en la demanda de la compra de joyas, lo cual impact\u00f3 negativamente sus ventas. Es entonces cuando a Luis no le qued\u00f3 ninguna duda, de que para poder salvar el negocio familiar ten\u00edan que dar el salto a la venta online.<\/p>\n\n\n\n<h3 class=\"theme-wp-block gb-responsive-23910-identifier wp-block-heading\">Situaci\u00f3n inicial:<\/h3>\n\n\n\n<p class=\"theme-wp-block gb-responsive-456137-identifier\">\u200bTras haber creado el e-commerce de la joyer\u00eda MondePetit, Luis decide lanzarse a la aventura de vender en Amazon en el 2015. Inmediatamente se da cuenta de las posibilidades que el Marketplace facilita para dar a conocer su tienda \u201cDadaro\u201c en Amazon.es a nivel internacional. Es as\u00ed como en el 2017 contrata los servicios de la Log\u00edstica de Amazon FBA y la empresa familiar se da a conocer a nivel internacional, vendiendo en mercados como Italia, Alemania, Francia y Reino Unido.<\/p>\n\n\n\n<p class=\"theme-wp-block gb-responsive-864056-identifier\">\u201cUsar la Log\u00edstica de Amazon FBA y el servicio Multicanal a trav\u00e9s de nuestra web, ha tenido un impacto brutal en nuestro negocio\u201c afirma Luis G\u00f3mez, \u201cDesde el aspecto de atenci\u00f3n al cliente, nos ha ayudado mucho, ya que Amazon se encarga de gestionar las reclamaciones o dudas de los clientes directamente. Sin embargo, por otro lado, era consciente de que hab\u00eda mercanc\u00eda que se perder\u00eda en sus centros de log\u00edstica con tanto movimiento de productos en los diferentes mercados\u201c.<\/p>\n\n\n\n<h3 class=\"theme-wp-block gb-responsive-585691-identifier wp-block-heading\">Soluci\u00f3n:<\/h3>\n\n\n\n<p class=\"theme-wp-block gb-responsive-512845-identifier\">Durante estos tiempos de confinamiento en Espa\u00f1a, Luis G\u00f3mez aprovecha ahora m\u00e1s que nunca su tiempo para leer cuidadosamente sus emails. Es as\u00ed como encuentra el correo de VGAMZ, la primera consultor\u00eda de marketplaces en Espa\u00f1a,&nbsp;<a href=\"https:\/\/victorgbarco.com\/\" target=\"_blank\" rel=\"noreferrer noopener nofollow\">especializada en Amazon<\/a>. \u201cEl email me llam\u00f3 la atenci\u00f3n y como ten\u00eda tiempo, decid\u00ed ponerme a escuchar los Podcasts realizados por VGAMZ. Fue as\u00ed como llegu\u00e9 a su canal de Youtube, y mirando los video tutoriales acerca de la herramienta Lost &amp; Found, hice el gran descubrimiento de SELLERLOGIC\u201c explica Luis G\u00f3mez. \u201cEn seguida me dije, esto es lo que necesito en estos momentos. Me lo dej\u00e9 apuntado y en pocos d\u00edas me estaba dando de alta en SELLERLOGIC\u201c.<\/p>\n\n\n<div class=\"theme-block-group-wrap\">\n<div class=\"theme-wp-block wp-block-group gb-responsive-88118-identifier\"><div class=\"wp-block-group__inner-container\"><div class=\"wp-block-group__inner-container is-layout-flow wp-block-group-is-layout-flow\">\t\t<div  class=\"theme-wp-block theme-block-user-card gb-responsive-799176-identifier is-style-full-width-line\">\n\t\t<div class=\"wrap-inner-content\">\n\t\t\t<div class=\"card-user-head\">\n\t\t\t\t<div class=\"card-user-avatar\">\n\t\t\t\t\t<div class=\"cover-avatar\" style=\"background-image: url(https:\/\/d2bw95mh2ee04s.cloudfront.net\/prod\/content\/wp-content\/uploads\/2020\/12\/23142718\/luis-gomez_raute.png);\"><\/div>\n\t\t\t\t<\/div>\n\t\t\t\t<div class=\"wrap-title\">\n\t\t\t\t\t<div class=\"card-user-name\">\n\t\t\t\t\t\t<div class=\"title\">\n\t\t\t\t\t\t\t<h3 class=\"heading-text\"><strong>Luis G\u00f3mez<\/strong><\/h3>\n\t\t\t\t\t\t<\/div>\n\t\t\t\t\t\t<div class=\"card-user-position\">\n\t\t\t\t\t\t\t<div class=\"card-text\"><strong>Director general Dadaro<\/strong><\/div>\n\t\t\t\t\t\t<\/div>\n\t\t\t\t\t<\/div>\n\t\t\t\t\t<div class=\"card-user-quote-icon\">\n\t\t\t\t\t<\/div>\n\t\t\t\t<\/div>\n\t\t\t<\/div>\n\t\t\t<div class=\"card-user-text\">\n\t\t\t\t<div class=\"card-text\"><p>\u201cLas empresas no tienen nada que perder utilzando la herramienta, se la recomiendo a todo tipo de vendedores en Amazon.\u201c<\/p><\/div>\n\t\t\t<\/div>\n\t\t<\/div>\n\t<\/div>\n\n<\/div><\/div>\n<\/div><\/div>\n\n\n<h3 class=\"theme-wp-block gb-responsive-309482-identifier wp-block-heading\">El \u00e9xito de SELLERLOGIC:<\/h3>\n\n\n\n<p class=\"theme-wp-block gb-responsive-16487-identifier\">Todo fue r\u00e1pido y sencillo desde un principio, sin necesidad tan siquiera de recurrir al equipo de atenci\u00f3n al cliente de SELLERLOGIC, nos comenta Luis G\u00f3mez. \u201cEl proceso de dada de alta fue f\u00e1cil y la puesta en marcha de la herramienta es muy sencilla. En muy poco tiempo empezaron a aparecer los primeros casos de reclamaciones. Cuando vi que hab\u00edan 117 casos, no me lo pod\u00eda creer\u201c.<\/p>\n\n\n\n<p class=\"theme-wp-block gb-responsive-570005-identifier\">\u201cEl hecho de haber automatizado todo el proceso de seguimiento de las transacciones del FBA y creaci\u00f3n de reportes, me vino muy bien, sobre todo en estos momentos. Solamente tengo que copiar y pegar las informaciones para poder reportar los casos de mis reclamaciones a Amazon, \u00a1este proceso nunca antes hab\u00eda sido tan f\u00e1cil!\u201c<\/p>\n\n\n\n<p class=\"theme-wp-block gb-responsive-436001-identifier\">\u201cSin SELLERLOGIC, no hubiese podido conseguir este reembolso de 3886.91 \u20ac. En estos momentos debido a la situaci\u00f3n actual, con la carga de trabajo y con todos los cambios que est\u00e1n habiendo en Amazon, me hubiese sido dif\u00edcil encargarme de este tema\u201c continua comentando Luis G\u00f3mez. \u201cEn estos tiempos de Coronavirus, SELLERLOGIC para mi ha sido toda una alegr\u00eda, como un regalo, espero poder seguir utiliz\u00e1ndo la herramienta durante mucho tiempo\u201c.<\/p>\n\n\n\n<div class=\"theme-wp-block wp-block-buttons gb-responsive-497426-identifier is-layout-flex wp-block-buttons-is-layout-flex\">\n<div class=\"theme-wp-block wp-block-button gb-responsive-38220-identifier is-style-theme-transparent-with-arrow\"><a class=\"wp-block-button__link\" href=\"https:\/\/d2bw95mh2ee04s.cloudfront.net\/prod\/content\/files\/SUCCESS-STORIES\/ES\/SELLERLOGIC_SN_Success-Story_Dadaro_ES.pdf\" target=\"_blank\" rel=\"noreferrer noopener nofollow\">\u00a1Descargue ahora!<\/a><\/div>\n<\/div>\n<\/div>\n\n\n\n<div class=\"theme-wp-block wp-block-column gb-responsive-405774-identifier is-layout-flow wp-block-column-is-layout-flow\" style=\"flex-basis:25%\"><\/div>\n<\/div>\n\n\n\n<p class=\"theme-wp-block gb-responsive-527070-identifier\"><\/p>\n","protected":false},"excerpt":{"rendered":"<p>Fundada en:2004 Sector:Joyer\u00eda y metales preciosos Articulos en Amazon:&nbsp;&nbsp;alrededor de 1.600 SKUs Envios:&nbsp;apr\u00f3x. 700 al mes Historia: En el 2008, durante los a\u00f1os m\u00e1s duros de la crisis econ\u00f3mica en Espa\u00f1a, la empresa familiar creada en el 2004 y especializada en la fabricaci\u00f3n, compra y venta de joyas, observa c\u00f3mo el canal tradicional mayorista va<\/p>\n","protected":false},"author":3,"featured_media":0,"parent":5384,"menu_order":0,"comment_status":"closed","ping_status":"closed","template":"","meta":{"sidebar_recommended_resources":{"data":[]},"sidebar_header_settings":{"hide_buttons":{"register":false}},"_use_new_theme":false,"inline_featured_image":false,"footnotes":""},"class_list":["post-5753","page","type-page","status-publish","hentry"],"yoast_head":"<!-- This site is optimized with the Yoast SEO plugin v26.8 - https:\/\/yoast.com\/product\/yoast-seo-wordpress\/ -->\n<title>C\u00f3mo Lost &amp; Found ayud\u00f3 a Dadaro en la crisis de Corona | SELLERLOGIC<\/title>\n<meta name=\"description\" content=\"Para muchos vendedores, 2020 fue un a\u00f1o dif\u00edcil. Averigua c\u00f3mo Dadaro utiliz\u00f3 la herramienta de Lost &amp; Found para manejar la crisis.\" \/>\n<meta name=\"robots\" content=\"index, follow, max-snippet:-1, max-image-preview:large, max-video-preview:-1\" \/>\n<link rel=\"canonical\" href=\"https:\/\/www.sellerlogic.com\/es\/material-informativo\/caso-de-exito-dadaro\/\" \/>\n<meta property=\"og:locale\" content=\"es_ES\" \/>\n<meta property=\"og:type\" content=\"article\" \/>\n<meta property=\"og:title\" content=\"C\u00f3mo Lost &amp; Found ayud\u00f3 a Dadaro en la crisis de Corona | SELLERLOGIC\" \/>\n<meta property=\"og:description\" content=\"Para muchos vendedores, 2020 fue un a\u00f1o dif\u00edcil. Averigua c\u00f3mo Dadaro utiliz\u00f3 la herramienta de Lost &amp; Found para manejar la crisis.\" \/>\n<meta property=\"og:url\" content=\"https:\/\/www.sellerlogic.com\/es\/material-informativo\/caso-de-exito-dadaro\/\" \/>\n<meta property=\"og:site_name\" content=\"SELLERLOGIC - Herramientas inteligentes para vendedores de Amazon\" \/>\n<meta property=\"article:publisher\" content=\"https:\/\/www.facebook.com\/SellerLogic\/\" \/>\n<meta property=\"article:modified_time\" content=\"2021-01-06T13:56:24+00:00\" \/>\n<meta property=\"og:image\" content=\"https:\/\/www.sellerlogic.com\/wp-content\/uploads\/2020\/12\/logo-monde-petit.png\" \/>\n<meta name=\"twitter:card\" content=\"summary_large_image\" \/>\n<meta name=\"twitter:site\" content=\"@sellerlogic\" \/>\n<meta name=\"twitter:label1\" content=\"Est. reading time\" \/>\n\t<meta name=\"twitter:data1\" content=\"3 minutes\" \/>\n<script type=\"application\/ld+json\" class=\"yoast-schema-graph\">{\"@context\":\"https:\/\/schema.org\",\"@graph\":[{\"@type\":\"WebPage\",\"@id\":\"https:\/\/www.sellerlogic.com\/es\/material-informativo\/caso-de-exito-dadaro\/\",\"url\":\"https:\/\/www.sellerlogic.com\/es\/material-informativo\/caso-de-exito-dadaro\/\",\"name\":\"C\u00f3mo Lost & Found ayud\u00f3 a Dadaro en la crisis de Corona | SELLERLOGIC\",\"isPartOf\":{\"@id\":\"https:\/\/www.sellerlogic.com\/es\/#website\"},\"primaryImageOfPage\":{\"@id\":\"https:\/\/www.sellerlogic.com\/es\/material-informativo\/caso-de-exito-dadaro\/#primaryimage\"},\"image\":{\"@id\":\"https:\/\/www.sellerlogic.com\/es\/material-informativo\/caso-de-exito-dadaro\/#primaryimage\"},\"thumbnailUrl\":\"https:\/\/www.sellerlogic.com\/wp-content\/uploads\/2020\/12\/logo-monde-petit.png\",\"datePublished\":\"2020-12-22T10:17:16+00:00\",\"dateModified\":\"2021-01-06T13:56:24+00:00\",\"description\":\"Para muchos vendedores, 2020 fue un a\u00f1o dif\u00edcil. Averigua c\u00f3mo Dadaro utiliz\u00f3 la herramienta de Lost & Found para manejar la crisis.\",\"breadcrumb\":{\"@id\":\"https:\/\/www.sellerlogic.com\/es\/material-informativo\/caso-de-exito-dadaro\/#breadcrumb\"},\"inLanguage\":\"es-ES\",\"potentialAction\":[{\"@type\":\"ReadAction\",\"target\":[\"https:\/\/www.sellerlogic.com\/es\/material-informativo\/caso-de-exito-dadaro\/\"]}]},{\"@type\":\"ImageObject\",\"inLanguage\":\"es-ES\",\"@id\":\"https:\/\/www.sellerlogic.com\/es\/material-informativo\/caso-de-exito-dadaro\/#primaryimage\",\"url\":\"https:\/\/www.sellerlogic.com\/wp-content\/uploads\/2020\/12\/logo-monde-petit.png\",\"contentUrl\":\"https:\/\/www.sellerlogic.com\/wp-content\/uploads\/2020\/12\/logo-monde-petit.png\"},{\"@type\":\"BreadcrumbList\",\"@id\":\"https:\/\/www.sellerlogic.com\/es\/material-informativo\/caso-de-exito-dadaro\/#breadcrumb\",\"itemListElement\":[{\"@type\":\"ListItem\",\"position\":1,\"name\":\"Home\",\"item\":\"https:\/\/www.sellerlogic.com\/es\/\"},{\"@type\":\"ListItem\",\"position\":2,\"name\":\"Ressourcen ES\",\"item\":\"https:\/\/127.0.0.1\/de\/ressourcen\/\"},{\"@type\":\"ListItem\",\"position\":3,\"name\":\"Success Story: Dadaro ES\"}]},{\"@type\":\"WebSite\",\"@id\":\"https:\/\/www.sellerlogic.com\/es\/#website\",\"url\":\"https:\/\/www.sellerlogic.com\/es\/\",\"name\":\"SELLERLOGIC - Smarte Tools f\u00fcr Amazon-Seller\",\"description\":\"Intelligente Prozessoptimierung und Gewinnmaximierung\",\"publisher\":{\"@id\":\"https:\/\/www.sellerlogic.com\/es\/#organization\"},\"potentialAction\":[{\"@type\":\"SearchAction\",\"target\":{\"@type\":\"EntryPoint\",\"urlTemplate\":\"https:\/\/www.sellerlogic.com\/es\/?s={search_term_string}\"},\"query-input\":{\"@type\":\"PropertyValueSpecification\",\"valueRequired\":true,\"valueName\":\"search_term_string\"}}],\"inLanguage\":\"es-ES\"},{\"@type\":\"Organization\",\"@id\":\"https:\/\/www.sellerlogic.com\/es\/#organization\",\"name\":\"SELLERLOGIC\",\"url\":\"https:\/\/www.sellerlogic.com\/es\/\",\"logo\":{\"@type\":\"ImageObject\",\"inLanguage\":\"es-ES\",\"@id\":\"https:\/\/www.sellerlogic.com\/es\/#\/schema\/logo\/image\/\",\"url\":\"https:\/\/d2bw95mh2ee04s.cloudfront.net\/prod\/content\/wp-content\/uploads\/2025\/01\/02134814\/Property-Logo-Main.svg\",\"contentUrl\":\"https:\/\/d2bw95mh2ee04s.cloudfront.net\/prod\/content\/wp-content\/uploads\/2025\/01\/02134814\/Property-Logo-Main.svg\",\"width\":184,\"height\":40,\"caption\":\"SELLERLOGIC\"},\"image\":{\"@id\":\"https:\/\/www.sellerlogic.com\/es\/#\/schema\/logo\/image\/\"},\"sameAs\":[\"https:\/\/www.facebook.com\/SellerLogic\/\",\"https:\/\/x.com\/sellerlogic\",\"https:\/\/www.instagram.com\/sellerlogic\/\",\"https:\/\/www.linkedin.com\/company\/18402037\/\",\"https:\/\/www.youtube.com\/channel\/UC-gULUur-fNj08sprantKsQ\"]}]}<\/script>\n<!-- \/ Yoast SEO plugin. -->","yoast_head_json":{"title":"C\u00f3mo Lost & Found ayud\u00f3 a Dadaro en la crisis de Corona | SELLERLOGIC","description":"Para muchos vendedores, 2020 fue un a\u00f1o dif\u00edcil. Averigua c\u00f3mo Dadaro utiliz\u00f3 la herramienta de Lost & Found para manejar la crisis.","robots":{"index":"index","follow":"follow","max-snippet":"max-snippet:-1","max-image-preview":"max-image-preview:large","max-video-preview":"max-video-preview:-1"},"canonical":"https:\/\/www.sellerlogic.com\/es\/material-informativo\/caso-de-exito-dadaro\/","og_locale":"es_ES","og_type":"article","og_title":"C\u00f3mo Lost & Found ayud\u00f3 a Dadaro en la crisis de Corona | SELLERLOGIC","og_description":"Para muchos vendedores, 2020 fue un a\u00f1o dif\u00edcil. Averigua c\u00f3mo Dadaro utiliz\u00f3 la herramienta de Lost & Found para manejar la crisis.","og_url":"https:\/\/www.sellerlogic.com\/es\/material-informativo\/caso-de-exito-dadaro\/","og_site_name":"SELLERLOGIC - Herramientas inteligentes para vendedores de Amazon","article_publisher":"https:\/\/www.facebook.com\/SellerLogic\/","article_modified_time":"2021-01-06T13:56:24+00:00","og_image":[{"url":"https:\/\/www.sellerlogic.com\/wp-content\/uploads\/2020\/12\/logo-monde-petit.png","type":"","width":"","height":""}],"twitter_card":"summary_large_image","twitter_site":"@sellerlogic","twitter_misc":{"Est. reading time":"3 minutes"},"schema":{"@context":"https:\/\/schema.org","@graph":[{"@type":"WebPage","@id":"https:\/\/www.sellerlogic.com\/es\/material-informativo\/caso-de-exito-dadaro\/","url":"https:\/\/www.sellerlogic.com\/es\/material-informativo\/caso-de-exito-dadaro\/","name":"C\u00f3mo Lost & Found ayud\u00f3 a Dadaro en la crisis de Corona | SELLERLOGIC","isPartOf":{"@id":"https:\/\/www.sellerlogic.com\/es\/#website"},"primaryImageOfPage":{"@id":"https:\/\/www.sellerlogic.com\/es\/material-informativo\/caso-de-exito-dadaro\/#primaryimage"},"image":{"@id":"https:\/\/www.sellerlogic.com\/es\/material-informativo\/caso-de-exito-dadaro\/#primaryimage"},"thumbnailUrl":"https:\/\/www.sellerlogic.com\/wp-content\/uploads\/2020\/12\/logo-monde-petit.png","datePublished":"2020-12-22T10:17:16+00:00","dateModified":"2021-01-06T13:56:24+00:00","description":"Para muchos vendedores, 2020 fue un a\u00f1o dif\u00edcil. Averigua c\u00f3mo Dadaro utiliz\u00f3 la herramienta de Lost & Found para manejar la crisis.","breadcrumb":{"@id":"https:\/\/www.sellerlogic.com\/es\/material-informativo\/caso-de-exito-dadaro\/#breadcrumb"},"inLanguage":"es-ES","potentialAction":[{"@type":"ReadAction","target":["https:\/\/www.sellerlogic.com\/es\/material-informativo\/caso-de-exito-dadaro\/"]}]},{"@type":"ImageObject","inLanguage":"es-ES","@id":"https:\/\/www.sellerlogic.com\/es\/material-informativo\/caso-de-exito-dadaro\/#primaryimage","url":"https:\/\/www.sellerlogic.com\/wp-content\/uploads\/2020\/12\/logo-monde-petit.png","contentUrl":"https:\/\/www.sellerlogic.com\/wp-content\/uploads\/2020\/12\/logo-monde-petit.png"},{"@type":"BreadcrumbList","@id":"https:\/\/www.sellerlogic.com\/es\/material-informativo\/caso-de-exito-dadaro\/#breadcrumb","itemListElement":[{"@type":"ListItem","position":1,"name":"Home","item":"https:\/\/www.sellerlogic.com\/es\/"},{"@type":"ListItem","position":2,"name":"Ressourcen ES","item":"https:\/\/127.0.0.1\/de\/ressourcen\/"},{"@type":"ListItem","position":3,"name":"Success Story: Dadaro ES"}]},{"@type":"WebSite","@id":"https:\/\/www.sellerlogic.com\/es\/#website","url":"https:\/\/www.sellerlogic.com\/es\/","name":"SELLERLOGIC - Smarte Tools f\u00fcr Amazon-Seller","description":"Intelligente Prozessoptimierung und Gewinnmaximierung","publisher":{"@id":"https:\/\/www.sellerlogic.com\/es\/#organization"},"potentialAction":[{"@type":"SearchAction","target":{"@type":"EntryPoint","urlTemplate":"https:\/\/www.sellerlogic.com\/es\/?s={search_term_string}"},"query-input":{"@type":"PropertyValueSpecification","valueRequired":true,"valueName":"search_term_string"}}],"inLanguage":"es-ES"},{"@type":"Organization","@id":"https:\/\/www.sellerlogic.com\/es\/#organization","name":"SELLERLOGIC","url":"https:\/\/www.sellerlogic.com\/es\/","logo":{"@type":"ImageObject","inLanguage":"es-ES","@id":"https:\/\/www.sellerlogic.com\/es\/#\/schema\/logo\/image\/","url":"https:\/\/d2bw95mh2ee04s.cloudfront.net\/prod\/content\/wp-content\/uploads\/2025\/01\/02134814\/Property-Logo-Main.svg","contentUrl":"https:\/\/d2bw95mh2ee04s.cloudfront.net\/prod\/content\/wp-content\/uploads\/2025\/01\/02134814\/Property-Logo-Main.svg","width":184,"height":40,"caption":"SELLERLOGIC"},"image":{"@id":"https:\/\/www.sellerlogic.com\/es\/#\/schema\/logo\/image\/"},"sameAs":["https:\/\/www.facebook.com\/SellerLogic\/","https:\/\/x.com\/sellerlogic","https:\/\/www.instagram.com\/sellerlogic\/","https:\/\/www.linkedin.com\/company\/18402037\/","https:\/\/www.youtube.com\/channel\/UC-gULUur-fNj08sprantKsQ"]}]}},"_links":{"self":[{"href":"https:\/\/www.sellerlogic.com\/es\/wp-json\/wp\/v2\/pages\/5753","targetHints":{"allow":["GET"]}}],"collection":[{"href":"https:\/\/www.sellerlogic.com\/es\/wp-json\/wp\/v2\/pages"}],"about":[{"href":"https:\/\/www.sellerlogic.com\/es\/wp-json\/wp\/v2\/types\/page"}],"author":[{"embeddable":true,"href":"https:\/\/www.sellerlogic.com\/es\/wp-json\/wp\/v2\/users\/3"}],"replies":[{"embeddable":true,"href":"https:\/\/www.sellerlogic.com\/es\/wp-json\/wp\/v2\/comments?post=5753"}],"version-history":[{"count":0,"href":"https:\/\/www.sellerlogic.com\/es\/wp-json\/wp\/v2\/pages\/5753\/revisions"}],"up":[{"embeddable":true,"href":"https:\/\/www.sellerlogic.com\/es\/wp-json\/wp\/v2\/pages\/5384"}],"wp:attachment":[{"href":"https:\/\/www.sellerlogic.com\/es\/wp-json\/wp\/v2\/media?parent=5753"}],"curies":[{"name":"wp","href":"https:\/\/api.w.org\/{rel}","templated":true}]}}