
{"id":6125,"date":"2021-01-05T16:25:09","date_gmt":"2021-01-05T16:25:09","guid":{"rendered":"https:\/\/www.sellerlogic.com\/?page_id=6125"},"modified":"2021-02-22T11:57:47","modified_gmt":"2021-02-22T11:57:47","slug":"wb-es-202001","status":"publish","type":"page","link":"https:\/\/www.sellerlogic.com\/es\/material-informativo\/wb-es-202001\/","title":{"rendered":"Workbook: 6 FBA-Tipps ES"},"content":{"rendered":"\n\t<div  class=\"theme-wp-block theme-block-main-header is-style-default gb-responsive-748093-identifier desktop-content-align-y-center xl-content-align-y-center lg-content-align-y-center md-content-align-y-center sm-content-align-y-center desktop-content-align-x-center xl-content-align-x-center lg-content-align-x-center md-content-align-x-center sm-content-align-x-center desktop-gb-has-no-icon xl-gb-has-no-icon lg-gb-has-no-icon md-gb-has-no-icon sm-gb-has-no-icon desktop-align-full xl-align-full lg-align-full md-align-full sm-align-full theme-block-cover\">\n\t\t<div class=\"bg-cover theme-lazy-load-bg\"><\/div>\n\t\t<div class=\"wrap-content-main-header\">\n\t\t\t\n\t\t<div  class=\"theme-wp-block theme-block-text-and-text desktop-blockDirection-column xl-blockDirection-column lg-blockDirection-column md-blockDirection-column sm-blockDirection-column desktop-vertical-center xl-vertical-center lg-vertical-center md-vertical-center sm-vertical-center desktop-align-wide xl-align-wide lg-align-wide md-align-wide sm-align-wide is-style-default gb-responsive-4434-identifier\">\n\t\t<div class=\"tat-column-wrap-wrapper\">\n\t\t\t<div class=\"tat-column-wrapper\">\n\t\t\t\t\n\t<div  class=\"theme-wp-block theme-block-text-and-text-column desktop-horizontal-center xl-horizontal-center lg-horizontal-center md-horizontal-center sm-horizontal-center gb-responsive-528051-identifier\">\n\t\t<div class=\"inner-wrap-column-content\">\n\t\t\t<div class=\"inner-column-content\">\n\t\t\t\t\n<div class=\"theme-block-group-wrap\">\n<div class=\"theme-wp-block wp-block-group gb-responsive-653977-identifier has-background\" style=\"background:linear-gradient(19deg,rgba(245,247,250,0.65) 44%,rgba(255,255,255,0.65) 100%)\"><div class=\"wp-block-group__inner-container\"><div class=\"wp-block-group__inner-container is-layout-flow wp-block-group-is-layout-flow\">\t\t<h1  class=\"theme-wp-block theme-block-heading is-style-default desktop-text-center xl-text-center lg-text-center md-text-center sm-text-center gb-responsive-120765-identifier h1\">\n\t\t6 consejos para FBA\t<\/h1>\n\n\n\n\t\t<h2  class=\"theme-wp-block theme-block-heading is-style-default desktop-text-center xl-text-center lg-text-center md-text-center sm-text-center gb-responsive-727744-identifier h2\">\n\t\t\u00a1C\u00f3mo vender con \u00e9xito en Amazon!\t<\/h2>\n\n<\/div><\/div>\n<\/div><\/div>\n\t\t\t<\/div>\n\t\t<\/div>\n\t<\/div>\n\n\n\t<div  class=\"theme-wp-block theme-block-text-and-text-column gb-responsive-958875-identifier\">\n\t\t<div class=\"inner-wrap-column-content\">\n\t\t\t<div class=\"inner-column-content\">\n\t\t\t\t\t\t\t<\/div>\n\t\t<\/div>\n\t<\/div>\n\n\t\t\t<\/div>\n\t\t<\/div>\n\t<\/div>\n\n\n\t\t<\/div>\n\t<\/div>\n\n\n\n\n<div style=\"height:50px\" aria-hidden=\"true\" class=\"theme-wp-block wp-block-spacer\"><\/div>\n\n\n\n<div class=\"theme-wp-block wp-block-columns gb-responsive-234347-identifier is-layout-flex wp-container-core-columns-is-layout-9d6595d7 wp-block-columns-is-layout-flex\">\n<div class=\"theme-wp-block wp-block-column gb-responsive-934694-identifier is-layout-flow wp-block-column-is-layout-flow\" style=\"flex-basis:100%\">\n<div class=\"theme-wp-block wp-block-columns gb-responsive-483071-identifier is-layout-flex wp-container-core-columns-is-layout-9d6595d7 wp-block-columns-is-layout-flex\">\n<div class=\"theme-wp-block wp-block-column is-vertically-aligned-top gb-responsive-321787-identifier is-layout-flow wp-block-column-is-layout-flow\">\n<div class=\"theme-wp-block wp-block-columns gb-responsive-582379-identifier is-layout-flex wp-container-core-columns-is-layout-9d6595d7 wp-block-columns-is-layout-flex\">\n<div class=\"theme-wp-block wp-block-column gb-responsive-246490-identifier is-layout-flow wp-block-column-is-layout-flow\">\n<div class=\"theme-wp-block wp-block-columns gb-responsive-322738-identifier is-layout-flex wp-container-core-columns-is-layout-9d6595d7 wp-block-columns-is-layout-flex\">\n<div class=\"theme-wp-block wp-block-column gb-responsive-814327-identifier is-layout-flow wp-block-column-is-layout-flow\">\n<h3 class=\"theme-wp-block gb-responsive-66539-identifier wp-block-heading\">Deja atr\u00e1s a la competencia \u2026&nbsp;<\/h3>\n\n\n\n<div class=\"theme-wp-block wp-block-image gb-responsive-336008-identifier\"><figure class=\"alignright size-large is-resized\"><img decoding=\"async\" src=\"https:\/\/d2bw95mh2ee04s.cloudfront.net\/prod\/content\/wp-content\/uploads\/2021\/01\/23142707\/6-consejos-de-fba.png\" alt=\"\u00a1Los 6 mejores consejos a vendedores de FBA!\" class=\"wp-image-6136\" width=\"346\" height=\"377\" srcset=\"https:\/\/d2bw95mh2ee04s.cloudfront.net\/prod\/content\/wp-content\/uploads\/2021\/01\/23142707\/6-consejos-de-fba-407x443.png 407w, https:\/\/d2bw95mh2ee04s.cloudfront.net\/prod\/content\/wp-content\/uploads\/2021\/01\/23142707\/6-consejos-de-fba.png 738w\" sizes=\"(max-width: 346px) 100vw, 346px\" \/><\/figure><\/div>\n\n\n\n<p class=\"theme-wp-block gb-responsive-467735-identifier\" style=\"line-height:1.5\">&#8230; porque el \u00e9xito en Amazon \u00a1no es arte de magia! No solo te mostraremos las ventajas del programa de Log\u00edstica de Amazon &#8220;Fulfillment by Amazon&#8221; para tu negocio, sino tambi\u00e9n c\u00f3mo poner al d\u00eda las fichas de informaci\u00f3n sobre tus productos, \u00a1porque un buen SEO de Amazon se aprende!<\/p>\n\n\n\n<p class=\"theme-wp-block gb-responsive-811885-identifier\">No obstante, la Buy Box es tambi\u00e9n un tema importante en tu camino hacia la cima. \u200b<\/p>\n\n\n\n<p class=\"theme-wp-block gb-responsive-279843-identifier\">\u00bfConoces los criterios m\u00e1s importantes para ganarla? \u00a1Nuestra gu\u00eda te lo explica!<\/p>\n\n\n\n<p class=\"theme-wp-block gb-responsive-669765-identifier\"><strong><strong>Descarga la gu\u00eda gratuita &#8220;6 consejos para vendedores de FBA&#8221; y \u00a1no te pierdas ninguno de nuestros consejos y trucos!<\/strong><\/strong><\/p>\n\n\n\n<div id=\"wb-form\" class=\"theme-wp-block wb-form\"><form id=\"leadform\" action=\"#\" method=\"post\"><label>Nombre y apellidos<sup style=\"color: rgb(255, 0, 0);\">*<\/sup><\/label><br> <input type=\"text\" placeholder=\"Nombre de pila\" name=\"first-name\" id=\"first-name\" required=\"required\" style=\"padding: 10px; font-size: 18px; width: 100%; margin-bottom: 15px; color: rgb(88, 88, 88);\"><br> <label>Correo electr\u00f3nico<sup style=\"color: rgb(255, 0, 0);\">*<\/sup><\/label><br> <input type=\"email\" required=\"required\" placeholder=\"Correo electr\u00f3nico\" name=\"email\" id=\"email\" style=\"padding: 10px; font-size: 18px; width: 100%; margin-bottom: 15px; color: rgb(88, 88, 88);\"><br> <label>Tel\u00e9fono<sup style=\"color: rgb(255, 0, 0);\">*<\/sup> <span style=\"font-size: 12px;\">(Por favor, incluya el c\u00f3digo de pa\u00eds)<\/span><\/label><br> <input type=\"number\" required=\"required\" placeholder=\"Tel\u00e9fono\" name=\"telephone\" id=\"telephone\" style=\"padding: 10px; font-size: 18px; width: 100%; margin-bottom: 15px; color: rgb(88, 88, 88);\"><br> <label>URL de la tienda de Amazon<sup style=\"color: rgb(255, 0, 0);\">*<\/sup><\/label><br> <input type=\"text\" required=\"required\" placeholder=\"Website\" name=\"website\" id=\"website\" style=\"padding: 10px; font-size: 18px; width: 100%; margin-bottom: 15px; color: rgb(88, 88, 88);\"><br><label>N\u00famero de SKU<\/label><br> <input type=\"text\" placeholder=\"N\u00famero de SKU\" name=\"sku_count\" id=\"sku_count\" style=\"padding: 10px; font-size: 18px; width: 100%; margin-bottom: 15px; color: rgb(88, 88, 88);\"><br><input type=\"submit\" value=\"Solicite la gu\u00eda ahora !\" id=\"submit\" style=\"padding: 10px; font-size: 18px; width: 100%; margin-bottom: 15px; color: rgb(255, 255, 255); background-color: rgb(255, 170, 1); cursor: pointer;\"> <p style=\"margin-bottom: 10px; font-size: 12px;\">El procesamiento de los datos se lleva a cabo de acuerdo con nuestra <a href=\"https:\/\/www.sellerlogic.com\/es\/politica-de-privacidad\/\" target=\"_blank\" draggable=\"false\" rel=\"noopener noreferrer\">pol\u00edtica de privacidad<\/a>.<\/p><\/form><\/div>\n<\/div>\n\n\n\n<div class=\"theme-wp-block wp-block-column gb-responsive-314672-identifier is-layout-flow wp-block-column-is-layout-flow\" style=\"flex-basis:25%\"><\/div>\n<\/div>\n<\/div>\n<\/div>\n<\/div>\n<\/div>\n<\/div>\n<\/div>\n","protected":false},"excerpt":{"rendered":"<p>Deja atr\u00e1s a la competencia \u2026&nbsp; &#8230; porque el \u00e9xito en Amazon \u00a1no es arte de magia! No solo te mostraremos las ventajas del programa de Log\u00edstica de Amazon &#8220;Fulfillment by Amazon&#8221; para tu negocio, sino tambi\u00e9n c\u00f3mo poner al d\u00eda las fichas de informaci\u00f3n sobre tus productos, \u00a1porque un buen SEO de Amazon se<\/p>\n","protected":false},"author":6,"featured_media":0,"parent":5384,"menu_order":0,"comment_status":"closed","ping_status":"closed","template":"","meta":{"sidebar_recommended_resources":{"data":[]},"sidebar_header_settings":{"hide_buttons":{"register":false}},"_use_new_theme":false,"inline_featured_image":false,"footnotes":""},"class_list":["post-6125","page","type-page","status-publish","hentry"],"yoast_head":"<!-- This site is optimized with the Yoast SEO plugin v26.8 - https:\/\/yoast.com\/product\/yoast-seo-wordpress\/ -->\n<title>Gratuita: \u00a1Los 6 mejores consejos para los vendedores de la FBA!<\/title>\n<meta name=\"description\" content=\"El \u00e9xito en Amazon no viene por s\u00ed solo. Pero con estos 6 consejos el camino a la cima del comercio electr\u00f3nico es m\u00e1s f\u00e1cil. \u00a1L\u00e9elos ahora!\" \/>\n<meta name=\"robots\" content=\"index, follow, max-snippet:-1, max-image-preview:large, max-video-preview:-1\" \/>\n<link rel=\"canonical\" href=\"https:\/\/www.sellerlogic.com\/es\/material-informativo\/wb-es-202001\/\" \/>\n<meta property=\"og:locale\" content=\"es_ES\" \/>\n<meta property=\"og:type\" content=\"article\" \/>\n<meta property=\"og:title\" content=\"Gratuita: \u00a1Los 6 mejores consejos para los vendedores de la FBA!\" \/>\n<meta property=\"og:description\" content=\"El \u00e9xito en Amazon no viene por s\u00ed solo. Pero con estos 6 consejos el camino a la cima del comercio electr\u00f3nico es m\u00e1s f\u00e1cil. \u00a1L\u00e9elos ahora!\" \/>\n<meta property=\"og:url\" content=\"https:\/\/www.sellerlogic.com\/es\/material-informativo\/wb-es-202001\/\" \/>\n<meta property=\"og:site_name\" content=\"SELLERLOGIC - Herramientas inteligentes para vendedores de Amazon\" \/>\n<meta property=\"article:publisher\" content=\"https:\/\/www.facebook.com\/SellerLogic\/\" \/>\n<meta property=\"article:modified_time\" content=\"2021-02-22T11:57:47+00:00\" \/>\n<meta property=\"og:image\" content=\"https:\/\/www.sellerlogic.com\/wp-content\/uploads\/2021\/01\/6-consejos-de-fba.png\" \/>\n<meta name=\"twitter:card\" content=\"summary_large_image\" \/>\n<meta name=\"twitter:site\" content=\"@sellerlogic\" \/>\n<meta name=\"twitter:label1\" content=\"Est. reading time\" \/>\n\t<meta name=\"twitter:data1\" content=\"1 minute\" \/>\n<script type=\"application\/ld+json\" class=\"yoast-schema-graph\">{\"@context\":\"https:\/\/schema.org\",\"@graph\":[{\"@type\":\"WebPage\",\"@id\":\"https:\/\/www.sellerlogic.com\/es\/material-informativo\/wb-es-202001\/\",\"url\":\"https:\/\/www.sellerlogic.com\/es\/material-informativo\/wb-es-202001\/\",\"name\":\"Gratuita: \u00a1Los 6 mejores consejos para los vendedores de la FBA!\",\"isPartOf\":{\"@id\":\"https:\/\/www.sellerlogic.com\/es\/#website\"},\"primaryImageOfPage\":{\"@id\":\"https:\/\/www.sellerlogic.com\/es\/material-informativo\/wb-es-202001\/#primaryimage\"},\"image\":{\"@id\":\"https:\/\/www.sellerlogic.com\/es\/material-informativo\/wb-es-202001\/#primaryimage\"},\"thumbnailUrl\":\"https:\/\/www.sellerlogic.com\/wp-content\/uploads\/2021\/01\/6-consejos-de-fba.png\",\"datePublished\":\"2021-01-05T16:25:09+00:00\",\"dateModified\":\"2021-02-22T11:57:47+00:00\",\"description\":\"El \u00e9xito en Amazon no viene por s\u00ed solo. Pero con estos 6 consejos el camino a la cima del comercio electr\u00f3nico es m\u00e1s f\u00e1cil. \u00a1L\u00e9elos ahora!\",\"breadcrumb\":{\"@id\":\"https:\/\/www.sellerlogic.com\/es\/material-informativo\/wb-es-202001\/#breadcrumb\"},\"inLanguage\":\"es-ES\",\"potentialAction\":[{\"@type\":\"ReadAction\",\"target\":[\"https:\/\/www.sellerlogic.com\/es\/material-informativo\/wb-es-202001\/\"]}]},{\"@type\":\"ImageObject\",\"inLanguage\":\"es-ES\",\"@id\":\"https:\/\/www.sellerlogic.com\/es\/material-informativo\/wb-es-202001\/#primaryimage\",\"url\":\"https:\/\/www.sellerlogic.com\/wp-content\/uploads\/2021\/01\/6-consejos-de-fba.png\",\"contentUrl\":\"https:\/\/www.sellerlogic.com\/wp-content\/uploads\/2021\/01\/6-consejos-de-fba.png\"},{\"@type\":\"BreadcrumbList\",\"@id\":\"https:\/\/www.sellerlogic.com\/es\/material-informativo\/wb-es-202001\/#breadcrumb\",\"itemListElement\":[{\"@type\":\"ListItem\",\"position\":1,\"name\":\"Home\",\"item\":\"https:\/\/www.sellerlogic.com\/es\/\"},{\"@type\":\"ListItem\",\"position\":2,\"name\":\"Ressourcen ES\",\"item\":\"https:\/\/www.sellerlogic.com\/es\/material-informativo\/\"},{\"@type\":\"ListItem\",\"position\":3,\"name\":\"Workbook: 6 FBA-Tipps ES\"}]},{\"@type\":\"WebSite\",\"@id\":\"https:\/\/www.sellerlogic.com\/es\/#website\",\"url\":\"https:\/\/www.sellerlogic.com\/es\/\",\"name\":\"SELLERLOGIC - Smarte Tools f\u00fcr Amazon-Seller\",\"description\":\"Intelligente Prozessoptimierung und Gewinnmaximierung\",\"publisher\":{\"@id\":\"https:\/\/www.sellerlogic.com\/es\/#organization\"},\"potentialAction\":[{\"@type\":\"SearchAction\",\"target\":{\"@type\":\"EntryPoint\",\"urlTemplate\":\"https:\/\/www.sellerlogic.com\/es\/?s={search_term_string}\"},\"query-input\":{\"@type\":\"PropertyValueSpecification\",\"valueRequired\":true,\"valueName\":\"search_term_string\"}}],\"inLanguage\":\"es-ES\"},{\"@type\":\"Organization\",\"@id\":\"https:\/\/www.sellerlogic.com\/es\/#organization\",\"name\":\"SELLERLOGIC\",\"url\":\"https:\/\/www.sellerlogic.com\/es\/\",\"logo\":{\"@type\":\"ImageObject\",\"inLanguage\":\"es-ES\",\"@id\":\"https:\/\/www.sellerlogic.com\/es\/#\/schema\/logo\/image\/\",\"url\":\"https:\/\/d2bw95mh2ee04s.cloudfront.net\/prod\/content\/wp-content\/uploads\/2025\/01\/02134814\/Property-Logo-Main.svg\",\"contentUrl\":\"https:\/\/d2bw95mh2ee04s.cloudfront.net\/prod\/content\/wp-content\/uploads\/2025\/01\/02134814\/Property-Logo-Main.svg\",\"width\":184,\"height\":40,\"caption\":\"SELLERLOGIC\"},\"image\":{\"@id\":\"https:\/\/www.sellerlogic.com\/es\/#\/schema\/logo\/image\/\"},\"sameAs\":[\"https:\/\/www.facebook.com\/SellerLogic\/\",\"https:\/\/x.com\/sellerlogic\",\"https:\/\/www.instagram.com\/sellerlogic\/\",\"https:\/\/www.linkedin.com\/company\/18402037\/\",\"https:\/\/www.youtube.com\/channel\/UC-gULUur-fNj08sprantKsQ\"]}]}<\/script>\n<!-- \/ Yoast SEO plugin. -->","yoast_head_json":{"title":"Gratuita: \u00a1Los 6 mejores consejos para los vendedores de la FBA!","description":"El \u00e9xito en Amazon no viene por s\u00ed solo. Pero con estos 6 consejos el camino a la cima del comercio electr\u00f3nico es m\u00e1s f\u00e1cil. \u00a1L\u00e9elos ahora!","robots":{"index":"index","follow":"follow","max-snippet":"max-snippet:-1","max-image-preview":"max-image-preview:large","max-video-preview":"max-video-preview:-1"},"canonical":"https:\/\/www.sellerlogic.com\/es\/material-informativo\/wb-es-202001\/","og_locale":"es_ES","og_type":"article","og_title":"Gratuita: \u00a1Los 6 mejores consejos para los vendedores de la FBA!","og_description":"El \u00e9xito en Amazon no viene por s\u00ed solo. Pero con estos 6 consejos el camino a la cima del comercio electr\u00f3nico es m\u00e1s f\u00e1cil. \u00a1L\u00e9elos ahora!","og_url":"https:\/\/www.sellerlogic.com\/es\/material-informativo\/wb-es-202001\/","og_site_name":"SELLERLOGIC - Herramientas inteligentes para vendedores de Amazon","article_publisher":"https:\/\/www.facebook.com\/SellerLogic\/","article_modified_time":"2021-02-22T11:57:47+00:00","og_image":[{"url":"https:\/\/www.sellerlogic.com\/wp-content\/uploads\/2021\/01\/6-consejos-de-fba.png","type":"","width":"","height":""}],"twitter_card":"summary_large_image","twitter_site":"@sellerlogic","twitter_misc":{"Est. reading time":"1 minute"},"schema":{"@context":"https:\/\/schema.org","@graph":[{"@type":"WebPage","@id":"https:\/\/www.sellerlogic.com\/es\/material-informativo\/wb-es-202001\/","url":"https:\/\/www.sellerlogic.com\/es\/material-informativo\/wb-es-202001\/","name":"Gratuita: \u00a1Los 6 mejores consejos para los vendedores de la FBA!","isPartOf":{"@id":"https:\/\/www.sellerlogic.com\/es\/#website"},"primaryImageOfPage":{"@id":"https:\/\/www.sellerlogic.com\/es\/material-informativo\/wb-es-202001\/#primaryimage"},"image":{"@id":"https:\/\/www.sellerlogic.com\/es\/material-informativo\/wb-es-202001\/#primaryimage"},"thumbnailUrl":"https:\/\/www.sellerlogic.com\/wp-content\/uploads\/2021\/01\/6-consejos-de-fba.png","datePublished":"2021-01-05T16:25:09+00:00","dateModified":"2021-02-22T11:57:47+00:00","description":"El \u00e9xito en Amazon no viene por s\u00ed solo. Pero con estos 6 consejos el camino a la cima del comercio electr\u00f3nico es m\u00e1s f\u00e1cil. \u00a1L\u00e9elos ahora!","breadcrumb":{"@id":"https:\/\/www.sellerlogic.com\/es\/material-informativo\/wb-es-202001\/#breadcrumb"},"inLanguage":"es-ES","potentialAction":[{"@type":"ReadAction","target":["https:\/\/www.sellerlogic.com\/es\/material-informativo\/wb-es-202001\/"]}]},{"@type":"ImageObject","inLanguage":"es-ES","@id":"https:\/\/www.sellerlogic.com\/es\/material-informativo\/wb-es-202001\/#primaryimage","url":"https:\/\/www.sellerlogic.com\/wp-content\/uploads\/2021\/01\/6-consejos-de-fba.png","contentUrl":"https:\/\/www.sellerlogic.com\/wp-content\/uploads\/2021\/01\/6-consejos-de-fba.png"},{"@type":"BreadcrumbList","@id":"https:\/\/www.sellerlogic.com\/es\/material-informativo\/wb-es-202001\/#breadcrumb","itemListElement":[{"@type":"ListItem","position":1,"name":"Home","item":"https:\/\/www.sellerlogic.com\/es\/"},{"@type":"ListItem","position":2,"name":"Ressourcen ES","item":"https:\/\/www.sellerlogic.com\/es\/material-informativo\/"},{"@type":"ListItem","position":3,"name":"Workbook: 6 FBA-Tipps ES"}]},{"@type":"WebSite","@id":"https:\/\/www.sellerlogic.com\/es\/#website","url":"https:\/\/www.sellerlogic.com\/es\/","name":"SELLERLOGIC - Smarte Tools f\u00fcr Amazon-Seller","description":"Intelligente Prozessoptimierung und Gewinnmaximierung","publisher":{"@id":"https:\/\/www.sellerlogic.com\/es\/#organization"},"potentialAction":[{"@type":"SearchAction","target":{"@type":"EntryPoint","urlTemplate":"https:\/\/www.sellerlogic.com\/es\/?s={search_term_string}"},"query-input":{"@type":"PropertyValueSpecification","valueRequired":true,"valueName":"search_term_string"}}],"inLanguage":"es-ES"},{"@type":"Organization","@id":"https:\/\/www.sellerlogic.com\/es\/#organization","name":"SELLERLOGIC","url":"https:\/\/www.sellerlogic.com\/es\/","logo":{"@type":"ImageObject","inLanguage":"es-ES","@id":"https:\/\/www.sellerlogic.com\/es\/#\/schema\/logo\/image\/","url":"https:\/\/d2bw95mh2ee04s.cloudfront.net\/prod\/content\/wp-content\/uploads\/2025\/01\/02134814\/Property-Logo-Main.svg","contentUrl":"https:\/\/d2bw95mh2ee04s.cloudfront.net\/prod\/content\/wp-content\/uploads\/2025\/01\/02134814\/Property-Logo-Main.svg","width":184,"height":40,"caption":"SELLERLOGIC"},"image":{"@id":"https:\/\/www.sellerlogic.com\/es\/#\/schema\/logo\/image\/"},"sameAs":["https:\/\/www.facebook.com\/SellerLogic\/","https:\/\/x.com\/sellerlogic","https:\/\/www.instagram.com\/sellerlogic\/","https:\/\/www.linkedin.com\/company\/18402037\/","https:\/\/www.youtube.com\/channel\/UC-gULUur-fNj08sprantKsQ"]}]}},"_links":{"self":[{"href":"https:\/\/www.sellerlogic.com\/es\/wp-json\/wp\/v2\/pages\/6125","targetHints":{"allow":["GET"]}}],"collection":[{"href":"https:\/\/www.sellerlogic.com\/es\/wp-json\/wp\/v2\/pages"}],"about":[{"href":"https:\/\/www.sellerlogic.com\/es\/wp-json\/wp\/v2\/types\/page"}],"author":[{"embeddable":true,"href":"https:\/\/www.sellerlogic.com\/es\/wp-json\/wp\/v2\/users\/6"}],"replies":[{"embeddable":true,"href":"https:\/\/www.sellerlogic.com\/es\/wp-json\/wp\/v2\/comments?post=6125"}],"version-history":[{"count":0,"href":"https:\/\/www.sellerlogic.com\/es\/wp-json\/wp\/v2\/pages\/6125\/revisions"}],"up":[{"embeddable":true,"href":"https:\/\/www.sellerlogic.com\/es\/wp-json\/wp\/v2\/pages\/5384"}],"wp:attachment":[{"href":"https:\/\/www.sellerlogic.com\/es\/wp-json\/wp\/v2\/media?parent=6125"}],"curies":[{"name":"wp","href":"https:\/\/api.w.org\/{rel}","templated":true}]}}