
{"id":6267,"date":"2021-01-07T08:55:22","date_gmt":"2021-01-07T08:55:22","guid":{"rendered":"https:\/\/www.sellerlogic.com\/?page_id=6267"},"modified":"2021-02-22T10:20:54","modified_gmt":"2021-02-22T10:20:54","slug":"wb-es-202002","status":"publish","type":"page","link":"https:\/\/www.sellerlogic.com\/es\/material-informativo\/wb-es-202002\/","title":{"rendered":"Workbook: In 13 Schritten in die Buy Box ES"},"content":{"rendered":"\n\t<div  class=\"theme-wp-block theme-block-main-header is-style-default desktop-content-align-y-center desktop-content-align-x-center xl-content-align-y-center xl-content-align-x-center lg-content-align-y-center lg-content-align-x-center md-content-align-y-center md-content-align-x-center sm-content-align-y-center sm-content-align-x-center gb-responsive-870765-identifier desktop-gb-has-no-icon xl-gb-has-no-icon lg-gb-has-no-icon md-gb-has-no-icon sm-gb-has-no-icon desktop-align-full xl-align-full lg-align-full md-align-full sm-align-full theme-block-cover\">\n\t\t<div class=\"bg-cover theme-lazy-load-bg\"><\/div>\n\t\t<div class=\"wrap-content-main-header\">\n\t\t\t\n\t\t<div  class=\"theme-wp-block theme-block-text-and-text desktop-blockDirection-row xl-blockDirection-row lg-blockDirection-row md-blockDirection-row sm-blockDirection-row gb-responsive-668047-identifier\">\n\t\t<div class=\"tat-column-wrap-wrapper\">\n\t\t\t<div class=\"tat-column-wrapper\">\n\t\t\t\t\n\t<div  class=\"theme-wp-block theme-block-text-and-text-column gb-responsive-12402-identifier desktop-horizontal-center xl-horizontal-center lg-horizontal-center md-horizontal-center sm-horizontal-center\">\n\t\t<div class=\"inner-wrap-column-content\">\n\t\t\t<div class=\"inner-column-content\">\n\t\t\t\t\n\t\t<h1  class=\"theme-wp-block theme-block-heading desktop-text-center xl-text-center lg-text-center md-text-center sm-text-center is-style-default gb-responsive-934842-identifier desktop-align-center xl-align-center lg-align-center md-align-center sm-align-center aligncenter h1 has-text-align\">\n\t\tEn 13 pasos en la Buy Box\t<\/h1>\n\n\n\n\t\t<h2  class=\"theme-wp-block theme-block-heading desktop-text-center xl-text-center lg-text-center md-text-center sm-text-center is-style-default gb-responsive-854417-identifier desktop-align-center xl-align-center lg-align-center md-align-center sm-align-center aligncenter h2 has-text-align\">\n\t\t\u00a1As\u00ed optimiza sus m\u00e9tricas!\t<\/h2>\n\n\n\t\t\t<\/div>\n\t\t<\/div>\n\t<\/div>\n\n\n\t<div  class=\"theme-wp-block theme-block-text-and-text-column gb-responsive-288701-identifier\">\n\t\t<div class=\"inner-wrap-column-content\">\n\t\t\t<div class=\"inner-column-content\">\n\t\t\t\t\t\t\t<\/div>\n\t\t<\/div>\n\t<\/div>\n\n\t\t\t<\/div>\n\t\t<\/div>\n\t<\/div>\n\n\n\t\t<\/div>\n\t<\/div>\n\n\n\n\n<div style=\"height:50px\" aria-hidden=\"true\" class=\"theme-wp-block wp-block-spacer\"><\/div>\n\n\n\n<div class=\"theme-wp-block wp-block-columns gb-responsive-25107-identifier is-layout-flex wp-container-core-columns-is-layout-9d6595d7 wp-block-columns-is-layout-flex\">\n<div class=\"theme-wp-block wp-block-column gb-responsive-617598-identifier is-layout-flow wp-block-column-is-layout-flow\">\n<h2 class=\"theme-wp-block gb-responsive-348831-identifier wp-block-heading\">13 pasos &#8211; \u00a1Una Buy Box!<\/h2>\n\n\n\n<div class=\"theme-wp-block wp-block-image gb-responsive-796372-identifier\"><figure class=\"alignright size-large is-resized\"><img decoding=\"async\" src=\"https:\/\/d2bw95mh2ee04s.cloudfront.net\/prod\/content\/wp-content\/uploads\/2021\/01\/23142705\/wb-bb-kritierien-grafik_ES.png\" alt=\"Workbook: In 13 Schritten in die Buy Box ES\" class=\"wp-image-6268\" width=\"385\" height=\"420\" srcset=\"https:\/\/d2bw95mh2ee04s.cloudfront.net\/prod\/content\/wp-content\/uploads\/2021\/01\/23142705\/wb-bb-kritierien-grafik_ES-407x443.png 407w, https:\/\/d2bw95mh2ee04s.cloudfront.net\/prod\/content\/wp-content\/uploads\/2021\/01\/23142705\/wb-bb-kritierien-grafik_ES.png 738w\" sizes=\"(max-width: 385px) 100vw, 385px\" \/><\/figure><\/div>\n\n\n\n<p class=\"theme-wp-block is-style-default gb-responsive-367803-identifier\">\u00bfConoce todos los criterios importantes para ganar la Buy Box? \u00a1No solo importa el tiempo de env\u00edo y el precio, sino tambi\u00e9n deben tenerse en cuenta otras m\u00e9tricas como el servicio al cliente!<\/p>\n\n\n\n<p class=\"theme-wp-block is-style-default gb-responsive-832605-identifier\">Porque s\u00f3lo si est\u00e1 presente con sus productos en la Buy Box, tiene la oportunidad de lograr suficientes ventas. Al fin y al cabo, 90 de cada 100 clientes hacen sus pedidos a trav\u00e9s del campo de la cesta de la compra.<\/p>\n\n\n\n<p class=\"theme-wp-block is-style-default gb-responsive-299470-identifier\"><strong><strong><strong>Descargue ahora nuestra gu\u00eda gratuita y averig\u00fce qu\u00e9 criterios debe cumplir y c\u00f3mo controlar con \u00e9xito su m\u00e9trica, \u00a1desde el requisito m\u00ednimo hasta el valor ideal y el c\u00e1lculo correcto!<\/strong><\/strong><\/strong><\/p>\n\n\n\n<div class=\"theme-wp-block wp-block-columns gb-responsive-865137-identifier is-layout-flex wp-container-core-columns-is-layout-9d6595d7 wp-block-columns-is-layout-flex\">\n<div class=\"theme-wp-block wp-block-column gb-responsive-773470-identifier is-layout-flow wp-block-column-is-layout-flow\">\n<div id=\"wb-form\" class=\"theme-wp-block wb-form\"><form id=\"leadform\" action=\"#\" method=\"post\"><label>Nombre y apellidos<sup style=\"color: rgb(255, 0, 0);\">*<\/sup><\/label><br> <input type=\"text\" placeholder=\"Nombre de pila\" name=\"first-name\" id=\"first-name\" required=\"required\" style=\"padding: 10px; font-size: 18px; width: 100%; margin-bottom: 15px; color: rgb(88, 88, 88);\"><br> <label>Correo electr\u00f3nico<sup style=\"color: rgb(255, 0, 0);\">*<\/sup><\/label><br> <input type=\"email\" required=\"required\" placeholder=\"Correo electr\u00f3nico\" name=\"email\" id=\"email\" style=\"padding: 10px; font-size: 18px; width: 100%; margin-bottom: 15px; color: rgb(88, 88, 88);\"><br> <label>Tel\u00e9fono<sup style=\"color: rgb(255, 0, 0);\">*<\/sup> <span style=\"font-size: 12px;\">(Por favor, incluya el c\u00f3digo de pa\u00eds)<\/span><\/label><br> <input type=\"number\" required=\"required\" placeholder=\"Tel\u00e9fono\" name=\"telephone\" id=\"telephone\" style=\"padding: 10px; font-size: 18px; width: 100%; margin-bottom: 15px; color: rgb(88, 88, 88);\"><br> <label>URL de la tienda de Amazon<sup style=\"color: rgb(255, 0, 0);\">*<\/sup><\/label><br> <input type=\"text\" required=\"required\" placeholder=\"Website\" name=\"website\" id=\"website\" style=\"padding: 10px; font-size: 18px; width: 100%; margin-bottom: 15px; color: rgb(88, 88, 88);\"><br><label>N\u00famero de SKU<\/label><br> <input type=\"text\" placeholder=\"N\u00famero de SKU\" name=\"sku_count\" id=\"sku_count\" style=\"padding: 10px; font-size: 18px; width: 100%; margin-bottom: 15px; color: rgb(88, 88, 88);\"><br><input type=\"submit\" value=\"Solicite la gu\u00eda ahora !\" id=\"submit\" style=\"padding: 10px; font-size: 18px; width: 100%; margin-bottom: 15px; color: rgb(255, 255, 255); background-color: rgb(255, 170, 1); cursor: pointer;\"> <p style=\"margin-bottom: 10px; font-size: 12px;\">El procesamiento de los datos se lleva a cabo de acuerdo con nuestra <a href=\"https:\/\/www.sellerlogic.com\/es\/politica-de-privacidad\/\" target=\"_blank\" draggable=\"false\" rel=\"noopener\">pol\u00edtica de privacidad<\/a>.<\/p><\/form><\/div>\n<\/div>\n<\/div>\n<\/div>\n\n\n\n<div class=\"theme-wp-block wp-block-column gb-responsive-603254-identifier is-layout-flow wp-block-column-is-layout-flow\" style=\"flex-basis:25%\"><\/div>\n<\/div>\n\n\n\n<h3 class=\"theme-wp-block has-text-align-center gb-responsive-132502-identifier is-style-default wp-block-heading\">M\u00e1s descargas para usted<\/h3>\n\n\n\n<div class=\"theme-wp-block wp-block-columns gb-responsive-444226-identifier is-layout-flex wp-container-core-columns-is-layout-9d6595d7 wp-block-columns-is-layout-flex\">\n<div class=\"theme-wp-block wp-block-column gb-responsive-894965-identifier is-layout-flow wp-block-column-is-layout-flow\">\t\t<div  class=\"theme-wp-block theme-block-card-posts gb-responsive-518090-identifier layout-horizontal-cards-content\">\n\t\t<div class=\"wrap-inner-blocks\">\n\t\t\t\t\t<\/div>\n\t<\/div>\n<\/div>\n\n\n\n<div class=\"theme-wp-block wp-block-column gb-responsive-230513-identifier is-layout-flow wp-block-column-is-layout-flow\">\t\t<div  class=\"theme-wp-block theme-block-card-posts gb-responsive-183119-identifier layout-horizontal-cards-content\">\n\t\t<div class=\"wrap-inner-blocks\">\n\t\t\t\t\t<\/div>\n\t<\/div>\n<\/div>\n\n\n\n<div class=\"theme-wp-block wp-block-column gb-responsive-403464-identifier is-layout-flow wp-block-column-is-layout-flow\">\t\t<div  class=\"theme-wp-block theme-block-card-posts gb-responsive-702009-identifier layout-horizontal-cards-content\">\n\t\t<div class=\"wrap-inner-blocks\">\n\t\t\t\t\t<\/div>\n\t<\/div>\n<\/div>\n<\/div>\n\n\n\n<p class=\"theme-wp-block is-style-default gb-responsive-350455-identifier\"><\/p>\n","protected":false},"excerpt":{"rendered":"<p>13 pasos &#8211; \u00a1Una Buy Box! \u00bfConoce todos los criterios importantes para ganar la Buy Box? \u00a1No solo importa el tiempo de env\u00edo y el precio, sino tambi\u00e9n deben tenerse en cuenta otras m\u00e9tricas como el servicio al cliente! Porque s\u00f3lo si est\u00e1 presente con sus productos en la Buy Box, tiene la oportunidad de<\/p>\n","protected":false},"author":8,"featured_media":0,"parent":5384,"menu_order":0,"comment_status":"closed","ping_status":"closed","template":"","meta":{"sidebar_recommended_resources":{"data":[]},"sidebar_header_settings":{"hide_buttons":{"register":false}},"_use_new_theme":false,"inline_featured_image":false,"footnotes":""},"class_list":["post-6267","page","type-page","status-publish","hentry"],"yoast_head":"<!-- This site is optimized with the Yoast SEO plugin v26.8 - https:\/\/yoast.com\/product\/yoast-seo-wordpress\/ -->\n<title>Gu\u00eda gratuita: En 13 pasos en la Buy Box - \u00a1incluyendo los c\u00e1lculos!<\/title>\n<meta name=\"description\" content=\"\u00bfQu\u00e9 criterios utiliza el algoritmo de Amazon y qu\u00e9 m\u00e9tricas deben cumplir los vendedores para ganar la Buy Box en Amazon? \u00a1Desc\u00e1rgala ahora!\" \/>\n<meta name=\"robots\" content=\"index, follow, max-snippet:-1, max-image-preview:large, max-video-preview:-1\" \/>\n<link rel=\"canonical\" href=\"https:\/\/www.sellerlogic.com\/es\/material-informativo\/wb-es-202002\/\" \/>\n<meta property=\"og:locale\" content=\"es_ES\" \/>\n<meta property=\"og:type\" content=\"article\" \/>\n<meta property=\"og:title\" content=\"Gu\u00eda gratuita: En 13 pasos en la Buy Box - \u00a1incluyendo los c\u00e1lculos!\" \/>\n<meta property=\"og:description\" content=\"\u00bfQu\u00e9 criterios utiliza el algoritmo de Amazon y qu\u00e9 m\u00e9tricas deben cumplir los vendedores para ganar la Buy Box en Amazon? \u00a1Desc\u00e1rgala ahora!\" \/>\n<meta property=\"og:url\" content=\"https:\/\/www.sellerlogic.com\/es\/material-informativo\/wb-es-202002\/\" \/>\n<meta property=\"og:site_name\" content=\"SELLERLOGIC - Herramientas inteligentes para vendedores de Amazon\" \/>\n<meta property=\"article:publisher\" content=\"https:\/\/www.facebook.com\/SellerLogic\/\" \/>\n<meta property=\"article:modified_time\" content=\"2021-02-22T10:20:54+00:00\" \/>\n<meta property=\"og:image\" content=\"https:\/\/www.sellerlogic.com\/wp-content\/uploads\/2021\/01\/wb-bb-kritierien-grafik_ES.png\" \/>\n<meta name=\"twitter:card\" content=\"summary_large_image\" \/>\n<meta name=\"twitter:site\" content=\"@sellerlogic\" \/>\n<meta name=\"twitter:label1\" content=\"Est. reading time\" \/>\n\t<meta name=\"twitter:data1\" content=\"1 minute\" \/>\n<script type=\"application\/ld+json\" class=\"yoast-schema-graph\">{\"@context\":\"https:\/\/schema.org\",\"@graph\":[{\"@type\":\"WebPage\",\"@id\":\"https:\/\/www.sellerlogic.com\/es\/material-informativo\/wb-es-202002\/\",\"url\":\"https:\/\/www.sellerlogic.com\/es\/material-informativo\/wb-es-202002\/\",\"name\":\"Gu\u00eda gratuita: En 13 pasos en la Buy Box - \u00a1incluyendo los c\u00e1lculos!\",\"isPartOf\":{\"@id\":\"https:\/\/www.sellerlogic.com\/es\/#website\"},\"primaryImageOfPage\":{\"@id\":\"https:\/\/www.sellerlogic.com\/es\/material-informativo\/wb-es-202002\/#primaryimage\"},\"image\":{\"@id\":\"https:\/\/www.sellerlogic.com\/es\/material-informativo\/wb-es-202002\/#primaryimage\"},\"thumbnailUrl\":\"https:\/\/www.sellerlogic.com\/wp-content\/uploads\/2021\/01\/wb-bb-kritierien-grafik_ES.png\",\"datePublished\":\"2021-01-07T08:55:22+00:00\",\"dateModified\":\"2021-02-22T10:20:54+00:00\",\"description\":\"\u00bfQu\u00e9 criterios utiliza el algoritmo de Amazon y qu\u00e9 m\u00e9tricas deben cumplir los vendedores para ganar la Buy Box en Amazon? \u00a1Desc\u00e1rgala ahora!\",\"breadcrumb\":{\"@id\":\"https:\/\/www.sellerlogic.com\/es\/material-informativo\/wb-es-202002\/#breadcrumb\"},\"inLanguage\":\"es-ES\",\"potentialAction\":[{\"@type\":\"ReadAction\",\"target\":[\"https:\/\/www.sellerlogic.com\/es\/material-informativo\/wb-es-202002\/\"]}]},{\"@type\":\"ImageObject\",\"inLanguage\":\"es-ES\",\"@id\":\"https:\/\/www.sellerlogic.com\/es\/material-informativo\/wb-es-202002\/#primaryimage\",\"url\":\"https:\/\/www.sellerlogic.com\/wp-content\/uploads\/2021\/01\/wb-bb-kritierien-grafik_ES.png\",\"contentUrl\":\"https:\/\/www.sellerlogic.com\/wp-content\/uploads\/2021\/01\/wb-bb-kritierien-grafik_ES.png\"},{\"@type\":\"BreadcrumbList\",\"@id\":\"https:\/\/www.sellerlogic.com\/es\/material-informativo\/wb-es-202002\/#breadcrumb\",\"itemListElement\":[{\"@type\":\"ListItem\",\"position\":1,\"name\":\"Home\",\"item\":\"https:\/\/www.sellerlogic.com\/es\/\"},{\"@type\":\"ListItem\",\"position\":2,\"name\":\"Ressourcen ES\",\"item\":\"https:\/\/www.sellerlogic.com\/es\/material-informativo\/\"},{\"@type\":\"ListItem\",\"position\":3,\"name\":\"Workbook: In 13 Schritten in die Buy Box ES\"}]},{\"@type\":\"WebSite\",\"@id\":\"https:\/\/www.sellerlogic.com\/es\/#website\",\"url\":\"https:\/\/www.sellerlogic.com\/es\/\",\"name\":\"SELLERLOGIC - Smarte Tools f\u00fcr Amazon-Seller\",\"description\":\"Intelligente Prozessoptimierung und Gewinnmaximierung\",\"publisher\":{\"@id\":\"https:\/\/www.sellerlogic.com\/es\/#organization\"},\"potentialAction\":[{\"@type\":\"SearchAction\",\"target\":{\"@type\":\"EntryPoint\",\"urlTemplate\":\"https:\/\/www.sellerlogic.com\/es\/?s={search_term_string}\"},\"query-input\":{\"@type\":\"PropertyValueSpecification\",\"valueRequired\":true,\"valueName\":\"search_term_string\"}}],\"inLanguage\":\"es-ES\"},{\"@type\":\"Organization\",\"@id\":\"https:\/\/www.sellerlogic.com\/es\/#organization\",\"name\":\"SELLERLOGIC\",\"url\":\"https:\/\/www.sellerlogic.com\/es\/\",\"logo\":{\"@type\":\"ImageObject\",\"inLanguage\":\"es-ES\",\"@id\":\"https:\/\/www.sellerlogic.com\/es\/#\/schema\/logo\/image\/\",\"url\":\"https:\/\/d2bw95mh2ee04s.cloudfront.net\/prod\/content\/wp-content\/uploads\/2025\/01\/02134814\/Property-Logo-Main.svg\",\"contentUrl\":\"https:\/\/d2bw95mh2ee04s.cloudfront.net\/prod\/content\/wp-content\/uploads\/2025\/01\/02134814\/Property-Logo-Main.svg\",\"width\":184,\"height\":40,\"caption\":\"SELLERLOGIC\"},\"image\":{\"@id\":\"https:\/\/www.sellerlogic.com\/es\/#\/schema\/logo\/image\/\"},\"sameAs\":[\"https:\/\/www.facebook.com\/SellerLogic\/\",\"https:\/\/x.com\/sellerlogic\",\"https:\/\/www.instagram.com\/sellerlogic\/\",\"https:\/\/www.linkedin.com\/company\/18402037\/\",\"https:\/\/www.youtube.com\/channel\/UC-gULUur-fNj08sprantKsQ\"]}]}<\/script>\n<!-- \/ Yoast SEO plugin. -->","yoast_head_json":{"title":"Gu\u00eda gratuita: En 13 pasos en la Buy Box - \u00a1incluyendo los c\u00e1lculos!","description":"\u00bfQu\u00e9 criterios utiliza el algoritmo de Amazon y qu\u00e9 m\u00e9tricas deben cumplir los vendedores para ganar la Buy Box en Amazon? \u00a1Desc\u00e1rgala ahora!","robots":{"index":"index","follow":"follow","max-snippet":"max-snippet:-1","max-image-preview":"max-image-preview:large","max-video-preview":"max-video-preview:-1"},"canonical":"https:\/\/www.sellerlogic.com\/es\/material-informativo\/wb-es-202002\/","og_locale":"es_ES","og_type":"article","og_title":"Gu\u00eda gratuita: En 13 pasos en la Buy Box - \u00a1incluyendo los c\u00e1lculos!","og_description":"\u00bfQu\u00e9 criterios utiliza el algoritmo de Amazon y qu\u00e9 m\u00e9tricas deben cumplir los vendedores para ganar la Buy Box en Amazon? \u00a1Desc\u00e1rgala ahora!","og_url":"https:\/\/www.sellerlogic.com\/es\/material-informativo\/wb-es-202002\/","og_site_name":"SELLERLOGIC - Herramientas inteligentes para vendedores de Amazon","article_publisher":"https:\/\/www.facebook.com\/SellerLogic\/","article_modified_time":"2021-02-22T10:20:54+00:00","og_image":[{"url":"https:\/\/www.sellerlogic.com\/wp-content\/uploads\/2021\/01\/wb-bb-kritierien-grafik_ES.png","type":"","width":"","height":""}],"twitter_card":"summary_large_image","twitter_site":"@sellerlogic","twitter_misc":{"Est. reading time":"1 minute"},"schema":{"@context":"https:\/\/schema.org","@graph":[{"@type":"WebPage","@id":"https:\/\/www.sellerlogic.com\/es\/material-informativo\/wb-es-202002\/","url":"https:\/\/www.sellerlogic.com\/es\/material-informativo\/wb-es-202002\/","name":"Gu\u00eda gratuita: En 13 pasos en la Buy Box - \u00a1incluyendo los c\u00e1lculos!","isPartOf":{"@id":"https:\/\/www.sellerlogic.com\/es\/#website"},"primaryImageOfPage":{"@id":"https:\/\/www.sellerlogic.com\/es\/material-informativo\/wb-es-202002\/#primaryimage"},"image":{"@id":"https:\/\/www.sellerlogic.com\/es\/material-informativo\/wb-es-202002\/#primaryimage"},"thumbnailUrl":"https:\/\/www.sellerlogic.com\/wp-content\/uploads\/2021\/01\/wb-bb-kritierien-grafik_ES.png","datePublished":"2021-01-07T08:55:22+00:00","dateModified":"2021-02-22T10:20:54+00:00","description":"\u00bfQu\u00e9 criterios utiliza el algoritmo de Amazon y qu\u00e9 m\u00e9tricas deben cumplir los vendedores para ganar la Buy Box en Amazon? \u00a1Desc\u00e1rgala ahora!","breadcrumb":{"@id":"https:\/\/www.sellerlogic.com\/es\/material-informativo\/wb-es-202002\/#breadcrumb"},"inLanguage":"es-ES","potentialAction":[{"@type":"ReadAction","target":["https:\/\/www.sellerlogic.com\/es\/material-informativo\/wb-es-202002\/"]}]},{"@type":"ImageObject","inLanguage":"es-ES","@id":"https:\/\/www.sellerlogic.com\/es\/material-informativo\/wb-es-202002\/#primaryimage","url":"https:\/\/www.sellerlogic.com\/wp-content\/uploads\/2021\/01\/wb-bb-kritierien-grafik_ES.png","contentUrl":"https:\/\/www.sellerlogic.com\/wp-content\/uploads\/2021\/01\/wb-bb-kritierien-grafik_ES.png"},{"@type":"BreadcrumbList","@id":"https:\/\/www.sellerlogic.com\/es\/material-informativo\/wb-es-202002\/#breadcrumb","itemListElement":[{"@type":"ListItem","position":1,"name":"Home","item":"https:\/\/www.sellerlogic.com\/es\/"},{"@type":"ListItem","position":2,"name":"Ressourcen ES","item":"https:\/\/www.sellerlogic.com\/es\/material-informativo\/"},{"@type":"ListItem","position":3,"name":"Workbook: In 13 Schritten in die Buy Box ES"}]},{"@type":"WebSite","@id":"https:\/\/www.sellerlogic.com\/es\/#website","url":"https:\/\/www.sellerlogic.com\/es\/","name":"SELLERLOGIC - Smarte Tools f\u00fcr Amazon-Seller","description":"Intelligente Prozessoptimierung und Gewinnmaximierung","publisher":{"@id":"https:\/\/www.sellerlogic.com\/es\/#organization"},"potentialAction":[{"@type":"SearchAction","target":{"@type":"EntryPoint","urlTemplate":"https:\/\/www.sellerlogic.com\/es\/?s={search_term_string}"},"query-input":{"@type":"PropertyValueSpecification","valueRequired":true,"valueName":"search_term_string"}}],"inLanguage":"es-ES"},{"@type":"Organization","@id":"https:\/\/www.sellerlogic.com\/es\/#organization","name":"SELLERLOGIC","url":"https:\/\/www.sellerlogic.com\/es\/","logo":{"@type":"ImageObject","inLanguage":"es-ES","@id":"https:\/\/www.sellerlogic.com\/es\/#\/schema\/logo\/image\/","url":"https:\/\/d2bw95mh2ee04s.cloudfront.net\/prod\/content\/wp-content\/uploads\/2025\/01\/02134814\/Property-Logo-Main.svg","contentUrl":"https:\/\/d2bw95mh2ee04s.cloudfront.net\/prod\/content\/wp-content\/uploads\/2025\/01\/02134814\/Property-Logo-Main.svg","width":184,"height":40,"caption":"SELLERLOGIC"},"image":{"@id":"https:\/\/www.sellerlogic.com\/es\/#\/schema\/logo\/image\/"},"sameAs":["https:\/\/www.facebook.com\/SellerLogic\/","https:\/\/x.com\/sellerlogic","https:\/\/www.instagram.com\/sellerlogic\/","https:\/\/www.linkedin.com\/company\/18402037\/","https:\/\/www.youtube.com\/channel\/UC-gULUur-fNj08sprantKsQ"]}]}},"_links":{"self":[{"href":"https:\/\/www.sellerlogic.com\/es\/wp-json\/wp\/v2\/pages\/6267","targetHints":{"allow":["GET"]}}],"collection":[{"href":"https:\/\/www.sellerlogic.com\/es\/wp-json\/wp\/v2\/pages"}],"about":[{"href":"https:\/\/www.sellerlogic.com\/es\/wp-json\/wp\/v2\/types\/page"}],"author":[{"embeddable":true,"href":"https:\/\/www.sellerlogic.com\/es\/wp-json\/wp\/v2\/users\/8"}],"replies":[{"embeddable":true,"href":"https:\/\/www.sellerlogic.com\/es\/wp-json\/wp\/v2\/comments?post=6267"}],"version-history":[{"count":0,"href":"https:\/\/www.sellerlogic.com\/es\/wp-json\/wp\/v2\/pages\/6267\/revisions"}],"up":[{"embeddable":true,"href":"https:\/\/www.sellerlogic.com\/es\/wp-json\/wp\/v2\/pages\/5384"}],"wp:attachment":[{"href":"https:\/\/www.sellerlogic.com\/es\/wp-json\/wp\/v2\/media?parent=6267"}],"curies":[{"name":"wp","href":"https:\/\/api.w.org\/{rel}","templated":true}]}}