
{"id":83384,"date":"2022-06-29T09:06:14","date_gmt":"2022-06-29T09:06:14","guid":{"rendered":"https:\/\/www.sellerlogic.com\/?page_id=83384"},"modified":"2025-07-31T12:53:26","modified_gmt":"2025-07-31T12:53:26","slug":"nl-subscription","status":"publish","type":"page","link":"https:\/\/www.sellerlogic.com\/es\/nl-subscription\/","title":{"rendered":"Suscripci\u00f3n NL EN"},"content":{"rendered":"\n\t<div  class=\"theme-wp-block theme-block-main-header desktop-content-align-y-center desktop-content-align-x-center xl-content-align-y-center xl-content-align-x-center lg-content-align-y-center lg-content-align-x-center md-content-align-y-center md-content-align-x-center sm-content-align-y-center sm-content-align-x-center gb-responsive-349165-identifier desktop-align-full xl-align-full lg-align-full md-align-full sm-align-full is-style-full-height theme-block-cover\">\n\t\t<div class=\"bg-cover theme-lazy-load-bg\"><\/div>\n\t\t<div class=\"wrap-content-main-header\">\n\t\t\t\t\t<div  class=\"theme-wp-block theme-block-text-and-text desktop-align-wide xl-align-wide lg-align-wide md-align-wide sm-align-wide desktop-blockDirection-row xl-blockDirection-row lg-blockDirection-row md-blockDirection-row sm-blockDirection-row gb-responsive-473561-identifier desktop-vertical-center xl-vertical-center lg-vertical-center md-vertical-center sm-vertical-center\">\n\t\t<div class=\"tat-column-wrap-wrapper\">\n\t\t\t<div class=\"tat-column-wrapper\">\n\t\t\t\t\t<div  class=\"theme-wp-block theme-block-text-and-text-column gb-responsive-667797-identifier desktop-horizontal-center xl-horizontal-center lg-horizontal-center md-horizontal-center sm-horizontal-center\">\n\t\t<div class=\"inner-wrap-column-content\">\n\t\t\t<div class=\"inner-column-content\">\n\t\t\t\t<div class=\"theme-wp-block wp-block-columns are-vertically-aligned-center gb-responsive-800382-identifier is-layout-flex wp-container-core-columns-is-layout-9d6595d7 wp-block-columns-is-layout-flex\"><div class=\"theme-wp-block wp-block-column is-vertically-aligned-center gb-responsive-827747-identifier is-layout-flow wp-block-column-is-layout-flow\"><div class=\"theme-block-group-wrap\"><div class=\"theme-wp-block wp-block-group gb-responsive-395462-identifier has-white-color has-text-color\"><h1 class=\"theme-wp-block has-text-align-center gb-responsive-181751-identifier desktop-text-center xl-text-center lg-text-center md-text-center sm-text-center wp-block-heading\">\u00bfQuieres ampliar tu conocimiento sobre Amazon?<\/h1><h2 class=\"theme-wp-block has-text-align-center gb-responsive-42443-identifier desktop-text-center xl-text-center lg-text-center md-text-center sm-text-center wp-block-heading\">\u00a1Suscr\u00edbete a nuestro bolet\u00edn!<\/h2><hr class=\"theme-wp-block wp-block-separator has-css-opacity\"><\/hr><h3 class=\"theme-wp-block has-text-align-center gb-responsive-120651-identifier desktop-text-center xl-text-center lg-text-center md-text-center sm-text-center wp-block-heading\">Mantente al d\u00eda todo el tiempo:<\/h3><h3 class=\"theme-wp-block has-text-align-center gb-responsive-529562-identifier desktop-text-center xl-text-center lg-text-center md-text-center sm-text-center wp-block-heading\">Art\u00edculos de blog, documentos t\u00e9cnicos, historias de \u00e9xito y m\u00e1s<\/h3><\/div><\/div><\/div><div class=\"theme-wp-block wp-block-column is-vertically-aligned-center gb-responsive-447844-identifier is-layout-flow wp-block-column-is-layout-flow\"><div class=\"theme-block-group-wrap\"><div class=\"theme-wp-block wp-block-group gb-responsive-539307-identifier has-theme-light-gray-background-color has-background\"><h3 class=\"theme-wp-block has-text-align-center gb-responsive-488462-identifier desktop-text-center xl-text-center lg-text-center md-text-center sm-text-center wp-block-heading\">Nunca te pierdas las noticias importantes: \u00a1Suscr\u00edbete al bolet\u00edn SELLERLOGIC hoy!<\/h3><div id=\"wb-form\" class=\"theme-wp-block wb-form\"><p><\/p><form id=\"leadform\" action=\"#\" method=\"post\"><input type=\"email\" name=\"email\" id=\"email\" placeholder=\"Tu direcci\u00f3n de correo electr\u00f3nico\" required=\"required\" style=\"padding: 10px; font-size: 18px; width: 100%; margin-bottom: 15px; color: rgb(88, 88, 88);\"><\/input><input type=\"submit\" value=\"\u00a1Suscr\u00edbete ahora!\" id=\"submit\" style=\"padding: 10px; font-size: 18px; width: 100%; margin-bottom: 15px; color: rgb(255, 255, 255); background-color: rgb(255, 170, 1); cursor: pointer;\"><\/input><p style=\"margin-bottom: 10px; font-size: 12px;\">El procesamiento de datos se lleva a cabo de acuerdo con nuestra <a href=\"https:\/\/www.sellerlogic.com\/es\/politica-de-privacidad\/\" target=\"_blank\" draggable=\"false\" rel=\"noopener noreferrer\">pol\u00edtica de privacidad de datos<\/a>.<\/p><\/form><\/div><\/div><\/div><\/div><\/div>\t\t\t<\/div>\n\t\t<\/div>\n\t<\/div>\n\t<div  class=\"theme-wp-block theme-block-text-and-text-column gb-responsive-761697-identifier\">\n\t\t<div class=\"inner-wrap-column-content\">\n\t\t\t<div class=\"inner-column-content\">\n\t\t\t\t\t\t\t<\/div>\n\t\t<\/div>\n\t<\/div>\n\t\t\t<\/div>\n\t\t<\/div>\n\t<\/div>\n\n\t\t<\/div>\n\t<\/div>\n\n<h2 class=\"theme-wp-block alignfull has-text-align-center gb-responsive-339839-identifier desktop-align-full xl-align-full lg-align-full md-align-full sm-align-full desktop-text-full xl-text-full lg-text-full md-text-full sm-text-full desktop-text-center xl-text-center lg-text-center md-text-center sm-text-center wp-block-heading\">El bolet\u00edn SELLERLOGIC<\/h2><div class=\"theme-wp-block wp-block-columns alignfull are-vertically-aligned-center desktop-align-full xl-align-full lg-align-full md-align-full sm-align-full gb-responsive-957647-identifier has-theme-light-gray-background-color has-background is-layout-flex wp-container-core-columns-is-layout-9d6595d7 wp-block-columns-is-layout-flex\"><div class=\"theme-wp-block wp-block-column is-vertically-aligned-center gb-responsive-400571-identifier is-layout-flow wp-block-column-is-layout-flow\" style=\"flex-basis:25%\"><\/div><div class=\"theme-wp-block wp-block-column is-vertically-aligned-center gb-responsive-117431-identifier is-layout-flow wp-block-column-is-layout-flow\" style=\"flex-basis:50%\"><div class=\"theme-block-group-wrap\"><div class=\"theme-wp-block wp-block-group gb-responsive-371987-identifier has-white-background-color has-background\"><figure class=\"theme-wp-block wp-block-image size-large is-style-default gb-responsive-829230-identifier\"><img decoding=\"async\" width=\"844\" height=\"1198\" src=\"https:\/\/d2bw95mh2ee04s.cloudfront.net\/prod\/content\/wp-content\/uploads\/2022\/06\/23140249\/SellerLogic_NL_EN-844x1198.png\" alt=\"Mantente informado sobre todo lo relacionado con Amazon con el bolet\u00edn SELLERLOGIC\" class=\"wp-image-21078\" srcset=\"https:\/\/d2bw95mh2ee04s.cloudfront.net\/prod\/content\/wp-content\/uploads\/2022\/06\/23140249\/SellerLogic_NL_EN-407x577.png 407w, https:\/\/d2bw95mh2ee04s.cloudfront.net\/prod\/content\/wp-content\/uploads\/2022\/06\/23140249\/SellerLogic_NL_EN-768x1090.png 768w, https:\/\/d2bw95mh2ee04s.cloudfront.net\/prod\/content\/wp-content\/uploads\/2022\/06\/23140249\/SellerLogic_NL_EN-844x1198.png 844w, https:\/\/d2bw95mh2ee04s.cloudfront.net\/prod\/content\/wp-content\/uploads\/2022\/06\/23140249\/SellerLogic_NL_EN.png 955w\" sizes=\"(max-width: 844px) 100vw, 844px\" \/><\/figure><hr class=\"theme-wp-block wp-block-separator has-css-opacity\"><\/hr><div class=\"theme-block-list\"><ul class=\"theme-wp-block gb-responsive-385500-identifier wp-block-list\"><li><span style=\"font-size:1.2em\" class=\"has-font-size\"><strong>Nuevos art\u00edculos de blog  <\/strong><\/span><\/li><li><span style=\"font-size:1.2em\" class=\"has-font-size\"><strong>Contenido valioso <\/strong><\/span><\/li><li><span style=\"font-size:1.2em\" class=\"has-font-size\"><strong>Consejos de la A a la Z  <\/strong><\/span><\/li><li><span style=\"font-size:1.2em\" class=\"has-font-size\"><strong>Documentos t\u00e9cnicos e historias de \u00e9xito<\/strong><\/span><\/li><li><span style=\"font-size:1.2em\" class=\"has-font-size\"><strong>Noticias sobre productos y actualizaciones<\/strong><\/span><\/li><\/ul><\/div><\/div><\/div><\/div><div class=\"theme-wp-block wp-block-column is-vertically-aligned-center gb-responsive-729568-identifier is-layout-flow wp-block-column-is-layout-flow\" style=\"flex-basis:25%\"><\/div><\/div><div class=\"theme-wp-block wp-block-columns alignfull are-vertically-aligned-center desktop-align-full xl-align-full lg-align-full md-align-full sm-align-full gb-responsive-713470-identifier has-white-background-color has-background is-layout-flex wp-container-core-columns-is-layout-9d6595d7 wp-block-columns-is-layout-flex\"><div class=\"theme-wp-block wp-block-column is-vertically-aligned-center gb-responsive-828441-identifier is-layout-flow wp-block-column-is-layout-flow\" style=\"flex-basis:25%\"><\/div><div class=\"theme-wp-block wp-block-column is-vertically-aligned-center gb-responsive-252129-identifier is-layout-flow wp-block-column-is-layout-flow\" style=\"flex-basis:50%\"><div class=\"theme-block-group-wrap\"><div class=\"theme-wp-block wp-block-group gb-responsive-486569-identifier has-theme-light-gray-background-color has-background\"><h3 class=\"theme-wp-block has-text-align-center gb-responsive-799482-identifier desktop-text-center xl-text-center lg-text-center md-text-center sm-text-center wp-block-heading\">No te pierdas nada m\u00e1s:<br>\u00a1Suscr\u00edbete al bolet\u00edn SELLERLOGIC!<\/h3><div id=\"wb-form\" class=\"theme-wp-block wb-form\"><p><\/p><form id=\"leadform\" action=\"#\" method=\"post\"><input type=\"email\" name=\"email\" id=\"email\" placeholder=\"Tu direcci\u00f3n de correo electr\u00f3nico\" required=\"required\" style=\"padding: 10px; font-size: 18px; width: 100%; margin-bottom: 15px; color: rgb(88, 88, 88);\"><\/input><input type=\"submit\" value=\"\u00a1Suscr\u00edbete ahora!\" id=\"submit\" style=\"padding: 10px; font-size: 18px; width: 100%; margin-bottom: 15px; color: rgb(255, 255, 255); background-color: rgb(255, 170, 1); cursor: pointer;\"><\/input><p style=\"margin-bottom: 10px; font-size: 12px;\">El procesamiento de datos se lleva a cabo de acuerdo con nuestra <a href=\"https:\/\/www.sellerlogic.com\/es\/politica-de-privacidad\/\" target=\"_blank\" draggable=\"false\" rel=\"noopener noreferrer\">pol\u00edtica de privacidad de datos<\/a>.<\/p><\/form><\/div><\/div><\/div><\/div><div class=\"theme-wp-block wp-block-column is-vertically-aligned-center gb-responsive-680144-identifier is-layout-flow wp-block-column-is-layout-flow\" style=\"flex-basis:25%\"><\/div><\/div><div class=\"theme-wp-block wp-block-columns alignfull are-vertically-aligned-center desktop-align-full xl-align-full lg-align-full md-align-full sm-align-full gb-responsive-17133-identifier has-theme-light-gray-background-color has-background is-layout-flex wp-container-core-columns-is-layout-9d6595d7 wp-block-columns-is-layout-flex\"><div class=\"theme-wp-block wp-block-column is-vertically-aligned-center gb-responsive-110383-identifier is-layout-flow wp-block-column-is-layout-flow\" style=\"flex-basis:25%\"><\/div><div class=\"theme-wp-block wp-block-column is-vertically-aligned-center gb-responsive-621450-identifier is-layout-flow wp-block-column-is-layout-flow\" style=\"flex-basis:50%\"><div class=\"theme-block-group-wrap  desktop-align-wide xl-align-wide lg-align-wide md-align-wide sm-align-wide\"><div class=\"theme-wp-block wp-block-group alignwide desktop-align-wide xl-align-wide lg-align-wide md-align-wide sm-align-wide gb-responsive-43750-identifier\"><h2 class=\"theme-wp-block alignwide has-text-align-center gb-responsive-214406-identifier desktop-text-full xl-text-full lg-text-full md-text-full sm-text-full desktop-align-wide xl-align-wide lg-align-wide md-align-wide sm-align-wide desktop-text-wide xl-text-wide lg-text-wide md-text-wide sm-text-wide desktop-text-center xl-text-center lg-text-center md-text-center sm-text-center wp-block-heading\">\u00bfTienes preguntas?<\/h2><div class=\"wp-block-image gb-responsive-24882-identifier\"><figure class=\"theme-wp-block aligncenter size-large\"><img decoding=\"async\" width=\"844\" height=\"184\" src=\"https:\/\/d2bw95mh2ee04s.cloudfront.net\/prod\/content\/wp-content\/uploads\/2020\/12\/23142754\/customer-support-rueckruf-service-scaled-1.jpeg\" alt=\"Suscripci\u00f3n NL ES\" class=\"wp-image-3282\" srcset=\"https:\/\/d2bw95mh2ee04s.cloudfront.net\/prod\/content\/wp-content\/uploads\/2020\/12\/23142754\/customer-support-rueckruf-service-scaled-1-407x89.jpeg 407w, https:\/\/d2bw95mh2ee04s.cloudfront.net\/prod\/content\/wp-content\/uploads\/2020\/12\/23142754\/customer-support-rueckruf-service-scaled-1-768x167.jpeg 768w, https:\/\/d2bw95mh2ee04s.cloudfront.net\/prod\/content\/wp-content\/uploads\/2020\/12\/23142754\/customer-support-rueckruf-service-scaled-1.jpeg 844w\" sizes=\"(max-width: 844px) 100vw, 844px\" \/><\/figure><\/div><p class=\"theme-wp-block has-text-align-center gb-responsive-986471-identifier\">\u00a1Con gusto atenderemos cualquier pregunta que puedas tener o te mostraremos nuestro software!<\/p><p class=\"theme-wp-block has-text-align-center gb-responsive-10432-identifier\">Llama a nuestro equipo de \u00e9xito del cliente<\/p><p class=\"theme-wp-block has-text-align-center gb-responsive-277750-identifier\"><strong>+49 211 900 64 0\u00a0<\/strong><\/p><p class=\"theme-wp-block has-text-align-center gb-responsive-813552-identifier\"><strong>\u00a1Hasta pronto!<\/strong><\/p><\/div><\/div><\/div><div class=\"theme-wp-block wp-block-column is-vertically-aligned-center gb-responsive-484962-identifier is-layout-flow wp-block-column-is-layout-flow\" style=\"flex-basis:25%\"><\/div><\/div><p class=\"theme-wp-block gb-responsive-72015-identifier\"><\/p>","protected":false},"excerpt":{"rendered":"<p>El bolet\u00edn SELLERLOGIC Nuevos art\u00edculos de blog Contenido valioso Consejos de la A a la Z Documentos t\u00e9cnicos e historias de \u00e9xito Noticias sobre productos y actualizaciones No te pierdas nada m\u00e1s:\u00a1Suscr\u00edbete al bolet\u00edn SELLERLOGIC! El procesamiento de datos se lleva a cabo de acuerdo con nuestra pol\u00edtica de privacidad de datos. \u00bfTienes preguntas? \u00a1Con<\/p>\n","protected":false},"author":6,"featured_media":0,"parent":0,"menu_order":0,"comment_status":"closed","ping_status":"closed","template":"","meta":{"sidebar_recommended_resources":{"data":[]},"sidebar_header_settings":{"hide_buttons":{"register":false}},"_use_new_theme":false,"inline_featured_image":false,"footnotes":""},"class_list":["post-83384","page","type-page","status-publish","hentry"],"yoast_head":"<!-- This site is optimized with the Yoast SEO plugin v26.8 - https:\/\/yoast.com\/product\/yoast-seo-wordpress\/ -->\n<title>\u2705 Suscr\u00edbete al bolet\u00edn SELLERLOGIC para las \u00faltimas noticias de Amazon<\/title>\n<meta name=\"description\" content=\"Tu fuente de art\u00edculos de blog, documentos t\u00e9cnicos e historias de \u00e9xito sobre el universo de Amazon. \u00a1Suscr\u00edbete al bolet\u00edn SELLERLOGIC hoy!\" \/>\n<meta name=\"robots\" content=\"index, follow, max-snippet:-1, max-image-preview:large, max-video-preview:-1\" \/>\n<link rel=\"canonical\" href=\"https:\/\/www.sellerlogic.com\/es\/nl-subscription\/\" \/>\n<meta property=\"og:locale\" content=\"es_ES\" \/>\n<meta property=\"og:type\" content=\"article\" \/>\n<meta property=\"og:title\" content=\"\u2705 Suscr\u00edbete al bolet\u00edn SELLERLOGIC para las \u00faltimas noticias de Amazon\" \/>\n<meta property=\"og:description\" content=\"Tu fuente de art\u00edculos de blog, documentos t\u00e9cnicos e historias de \u00e9xito sobre el universo de Amazon. \u00a1Suscr\u00edbete al bolet\u00edn SELLERLOGIC hoy!\" \/>\n<meta property=\"og:url\" content=\"https:\/\/www.sellerlogic.com\/es\/nl-subscription\/\" \/>\n<meta property=\"og:site_name\" content=\"SELLERLOGIC - Herramientas inteligentes para vendedores de Amazon\" \/>\n<meta property=\"article:publisher\" content=\"https:\/\/www.facebook.com\/SellerLogic\/\" \/>\n<meta property=\"article:modified_time\" content=\"2025-07-31T12:53:26+00:00\" \/>\n<meta property=\"og:image\" content=\"https:\/\/www.sellerlogic.com\/wp-content\/uploads\/2022\/06\/SellerLogic_NL_EN-844x1198.png\" \/>\n<meta name=\"twitter:card\" content=\"summary_large_image\" \/>\n<meta name=\"twitter:site\" content=\"@sellerlogic\" \/>\n<meta name=\"twitter:label1\" content=\"Est. reading time\" \/>\n\t<meta name=\"twitter:data1\" content=\"2 minutes\" \/>\n<script type=\"application\/ld+json\" class=\"yoast-schema-graph\">{\"@context\":\"https:\/\/schema.org\",\"@graph\":[{\"@type\":\"WebPage\",\"@id\":\"https:\/\/www.sellerlogic.com\/es\/nl-subscription\/\",\"url\":\"https:\/\/www.sellerlogic.com\/es\/nl-subscription\/\",\"name\":\"\u2705 Suscr\u00edbete al bolet\u00edn SELLERLOGIC para las \u00faltimas noticias de Amazon\",\"isPartOf\":{\"@id\":\"https:\/\/www.sellerlogic.com\/es\/#website\"},\"primaryImageOfPage\":{\"@id\":\"https:\/\/www.sellerlogic.com\/es\/nl-subscription\/#primaryimage\"},\"image\":{\"@id\":\"https:\/\/www.sellerlogic.com\/es\/nl-subscription\/#primaryimage\"},\"thumbnailUrl\":\"https:\/\/www.sellerlogic.com\/wp-content\/uploads\/2022\/06\/SellerLogic_NL_EN-844x1198.png\",\"datePublished\":\"2022-06-29T09:06:14+00:00\",\"dateModified\":\"2025-07-31T12:53:26+00:00\",\"description\":\"Tu fuente de art\u00edculos de blog, documentos t\u00e9cnicos e historias de \u00e9xito sobre el universo de Amazon. \u00a1Suscr\u00edbete al bolet\u00edn SELLERLOGIC hoy!\",\"breadcrumb\":{\"@id\":\"https:\/\/www.sellerlogic.com\/es\/nl-subscription\/#breadcrumb\"},\"inLanguage\":\"es-ES\",\"potentialAction\":[{\"@type\":\"ReadAction\",\"target\":[\"https:\/\/www.sellerlogic.com\/es\/nl-subscription\/\"]}]},{\"@type\":\"ImageObject\",\"inLanguage\":\"es-ES\",\"@id\":\"https:\/\/www.sellerlogic.com\/es\/nl-subscription\/#primaryimage\",\"url\":\"https:\/\/www.sellerlogic.com\/wp-content\/uploads\/2022\/06\/SellerLogic_NL_EN-844x1198.png\",\"contentUrl\":\"https:\/\/www.sellerlogic.com\/wp-content\/uploads\/2022\/06\/SellerLogic_NL_EN-844x1198.png\"},{\"@type\":\"BreadcrumbList\",\"@id\":\"https:\/\/www.sellerlogic.com\/es\/nl-subscription\/#breadcrumb\",\"itemListElement\":[{\"@type\":\"ListItem\",\"position\":1,\"name\":\"Home\",\"item\":\"https:\/\/www.sellerlogic.com\/es\/\"},{\"@type\":\"ListItem\",\"position\":2,\"name\":\"Suscripci\u00f3n NL EN\"}]},{\"@type\":\"WebSite\",\"@id\":\"https:\/\/www.sellerlogic.com\/es\/#website\",\"url\":\"https:\/\/www.sellerlogic.com\/es\/\",\"name\":\"SELLERLOGIC - Smarte Tools f\u00fcr Amazon-Seller\",\"description\":\"Intelligente Prozessoptimierung und Gewinnmaximierung\",\"publisher\":{\"@id\":\"https:\/\/www.sellerlogic.com\/es\/#organization\"},\"potentialAction\":[{\"@type\":\"SearchAction\",\"target\":{\"@type\":\"EntryPoint\",\"urlTemplate\":\"https:\/\/www.sellerlogic.com\/es\/?s={search_term_string}\"},\"query-input\":{\"@type\":\"PropertyValueSpecification\",\"valueRequired\":true,\"valueName\":\"search_term_string\"}}],\"inLanguage\":\"es-ES\"},{\"@type\":\"Organization\",\"@id\":\"https:\/\/www.sellerlogic.com\/es\/#organization\",\"name\":\"SELLERLOGIC\",\"url\":\"https:\/\/www.sellerlogic.com\/es\/\",\"logo\":{\"@type\":\"ImageObject\",\"inLanguage\":\"es-ES\",\"@id\":\"https:\/\/www.sellerlogic.com\/es\/#\/schema\/logo\/image\/\",\"url\":\"https:\/\/d2bw95mh2ee04s.cloudfront.net\/prod\/content\/wp-content\/uploads\/2025\/01\/02134814\/Property-Logo-Main.svg\",\"contentUrl\":\"https:\/\/d2bw95mh2ee04s.cloudfront.net\/prod\/content\/wp-content\/uploads\/2025\/01\/02134814\/Property-Logo-Main.svg\",\"width\":184,\"height\":40,\"caption\":\"SELLERLOGIC\"},\"image\":{\"@id\":\"https:\/\/www.sellerlogic.com\/es\/#\/schema\/logo\/image\/\"},\"sameAs\":[\"https:\/\/www.facebook.com\/SellerLogic\/\",\"https:\/\/x.com\/sellerlogic\",\"https:\/\/www.instagram.com\/sellerlogic\/\",\"https:\/\/www.linkedin.com\/company\/18402037\/\",\"https:\/\/www.youtube.com\/channel\/UC-gULUur-fNj08sprantKsQ\"]}]}<\/script>\n<!-- \/ Yoast SEO plugin. -->","yoast_head_json":{"title":"\u2705 Suscr\u00edbete al bolet\u00edn SELLERLOGIC para las \u00faltimas noticias de Amazon","description":"Tu fuente de art\u00edculos de blog, documentos t\u00e9cnicos e historias de \u00e9xito sobre el universo de Amazon. \u00a1Suscr\u00edbete al bolet\u00edn SELLERLOGIC hoy!","robots":{"index":"index","follow":"follow","max-snippet":"max-snippet:-1","max-image-preview":"max-image-preview:large","max-video-preview":"max-video-preview:-1"},"canonical":"https:\/\/www.sellerlogic.com\/es\/nl-subscription\/","og_locale":"es_ES","og_type":"article","og_title":"\u2705 Suscr\u00edbete al bolet\u00edn SELLERLOGIC para las \u00faltimas noticias de Amazon","og_description":"Tu fuente de art\u00edculos de blog, documentos t\u00e9cnicos e historias de \u00e9xito sobre el universo de Amazon. \u00a1Suscr\u00edbete al bolet\u00edn SELLERLOGIC hoy!","og_url":"https:\/\/www.sellerlogic.com\/es\/nl-subscription\/","og_site_name":"SELLERLOGIC - Herramientas inteligentes para vendedores de Amazon","article_publisher":"https:\/\/www.facebook.com\/SellerLogic\/","article_modified_time":"2025-07-31T12:53:26+00:00","og_image":[{"url":"https:\/\/www.sellerlogic.com\/wp-content\/uploads\/2022\/06\/SellerLogic_NL_EN-844x1198.png","type":"","width":"","height":""}],"twitter_card":"summary_large_image","twitter_site":"@sellerlogic","twitter_misc":{"Est. reading time":"2 minutes"},"schema":{"@context":"https:\/\/schema.org","@graph":[{"@type":"WebPage","@id":"https:\/\/www.sellerlogic.com\/es\/nl-subscription\/","url":"https:\/\/www.sellerlogic.com\/es\/nl-subscription\/","name":"\u2705 Suscr\u00edbete al bolet\u00edn SELLERLOGIC para las \u00faltimas noticias de Amazon","isPartOf":{"@id":"https:\/\/www.sellerlogic.com\/es\/#website"},"primaryImageOfPage":{"@id":"https:\/\/www.sellerlogic.com\/es\/nl-subscription\/#primaryimage"},"image":{"@id":"https:\/\/www.sellerlogic.com\/es\/nl-subscription\/#primaryimage"},"thumbnailUrl":"https:\/\/www.sellerlogic.com\/wp-content\/uploads\/2022\/06\/SellerLogic_NL_EN-844x1198.png","datePublished":"2022-06-29T09:06:14+00:00","dateModified":"2025-07-31T12:53:26+00:00","description":"Tu fuente de art\u00edculos de blog, documentos t\u00e9cnicos e historias de \u00e9xito sobre el universo de Amazon. \u00a1Suscr\u00edbete al bolet\u00edn SELLERLOGIC hoy!","breadcrumb":{"@id":"https:\/\/www.sellerlogic.com\/es\/nl-subscription\/#breadcrumb"},"inLanguage":"es-ES","potentialAction":[{"@type":"ReadAction","target":["https:\/\/www.sellerlogic.com\/es\/nl-subscription\/"]}]},{"@type":"ImageObject","inLanguage":"es-ES","@id":"https:\/\/www.sellerlogic.com\/es\/nl-subscription\/#primaryimage","url":"https:\/\/www.sellerlogic.com\/wp-content\/uploads\/2022\/06\/SellerLogic_NL_EN-844x1198.png","contentUrl":"https:\/\/www.sellerlogic.com\/wp-content\/uploads\/2022\/06\/SellerLogic_NL_EN-844x1198.png"},{"@type":"BreadcrumbList","@id":"https:\/\/www.sellerlogic.com\/es\/nl-subscription\/#breadcrumb","itemListElement":[{"@type":"ListItem","position":1,"name":"Home","item":"https:\/\/www.sellerlogic.com\/es\/"},{"@type":"ListItem","position":2,"name":"Suscripci\u00f3n NL EN"}]},{"@type":"WebSite","@id":"https:\/\/www.sellerlogic.com\/es\/#website","url":"https:\/\/www.sellerlogic.com\/es\/","name":"SELLERLOGIC - Smarte Tools f\u00fcr Amazon-Seller","description":"Intelligente Prozessoptimierung und Gewinnmaximierung","publisher":{"@id":"https:\/\/www.sellerlogic.com\/es\/#organization"},"potentialAction":[{"@type":"SearchAction","target":{"@type":"EntryPoint","urlTemplate":"https:\/\/www.sellerlogic.com\/es\/?s={search_term_string}"},"query-input":{"@type":"PropertyValueSpecification","valueRequired":true,"valueName":"search_term_string"}}],"inLanguage":"es-ES"},{"@type":"Organization","@id":"https:\/\/www.sellerlogic.com\/es\/#organization","name":"SELLERLOGIC","url":"https:\/\/www.sellerlogic.com\/es\/","logo":{"@type":"ImageObject","inLanguage":"es-ES","@id":"https:\/\/www.sellerlogic.com\/es\/#\/schema\/logo\/image\/","url":"https:\/\/d2bw95mh2ee04s.cloudfront.net\/prod\/content\/wp-content\/uploads\/2025\/01\/02134814\/Property-Logo-Main.svg","contentUrl":"https:\/\/d2bw95mh2ee04s.cloudfront.net\/prod\/content\/wp-content\/uploads\/2025\/01\/02134814\/Property-Logo-Main.svg","width":184,"height":40,"caption":"SELLERLOGIC"},"image":{"@id":"https:\/\/www.sellerlogic.com\/es\/#\/schema\/logo\/image\/"},"sameAs":["https:\/\/www.facebook.com\/SellerLogic\/","https:\/\/x.com\/sellerlogic","https:\/\/www.instagram.com\/sellerlogic\/","https:\/\/www.linkedin.com\/company\/18402037\/","https:\/\/www.youtube.com\/channel\/UC-gULUur-fNj08sprantKsQ"]}]}},"_links":{"self":[{"href":"https:\/\/www.sellerlogic.com\/es\/wp-json\/wp\/v2\/pages\/83384","targetHints":{"allow":["GET"]}}],"collection":[{"href":"https:\/\/www.sellerlogic.com\/es\/wp-json\/wp\/v2\/pages"}],"about":[{"href":"https:\/\/www.sellerlogic.com\/es\/wp-json\/wp\/v2\/types\/page"}],"author":[{"embeddable":true,"href":"https:\/\/www.sellerlogic.com\/es\/wp-json\/wp\/v2\/users\/6"}],"replies":[{"embeddable":true,"href":"https:\/\/www.sellerlogic.com\/es\/wp-json\/wp\/v2\/comments?post=83384"}],"version-history":[{"count":0,"href":"https:\/\/www.sellerlogic.com\/es\/wp-json\/wp\/v2\/pages\/83384\/revisions"}],"wp:attachment":[{"href":"https:\/\/www.sellerlogic.com\/es\/wp-json\/wp\/v2\/media?parent=83384"}],"curies":[{"name":"wp","href":"https:\/\/api.w.org\/{rel}","templated":true}]}}