
{"id":8712,"date":"2021-03-12T08:54:15","date_gmt":"2021-03-12T08:54:15","guid":{"rendered":"https:\/\/www.sellerlogic.com\/?page_id=8712"},"modified":"2023-08-23T15:45:16","modified_gmt":"2023-08-23T15:45:16","slug":"success-story-groupe-dragon","status":"publish","type":"page","link":"https:\/\/www.sellerlogic.com\/es\/material-informativo\/success-story-groupe-dragon\/","title":{"rendered":"Success Story: Groupe Dragon ES"},"content":{"rendered":"\n\t<div  class=\"theme-wp-block theme-block-main-header is-style-full-height desktop-content-align-y-center desktop-content-align-x-center xl-content-align-y-center xl-content-align-x-center lg-content-align-y-center lg-content-align-x-center md-content-align-y-center md-content-align-x-center sm-content-align-y-center sm-content-align-x-center gb-responsive-853195-identifier desktop-align-full xl-align-full lg-align-full md-align-full sm-align-full desktop-gb-has-no-icon xl-gb-has-no-icon lg-gb-has-no-icon md-gb-has-no-icon sm-gb-has-no-icon theme-block-cover\">\n\t\t<div class=\"bg-cover theme-lazy-load-bg\"><\/div>\n\t\t<div class=\"wrap-content-main-header\">\n\t\t\t\n\t\t<div  class=\"theme-wp-block theme-block-text-and-text gb-responsive-170032-identifier desktop-vertical-center xl-vertical-center lg-vertical-center md-vertical-center sm-vertical-center md-blockDirection-column sm-blockDirection-column desktop-blockDirection-column xl-blockDirection-column lg-blockDirection-column alignfull\">\n\t\t<div class=\"tat-column-wrap-wrapper\">\n\t\t\t<div class=\"tat-column-wrapper\">\n\t\t\t\t\n\t<div  class=\"theme-wp-block theme-block-text-and-text-column gb-responsive-644092-identifier md-horizontal-center desktop-horizontal-right sm-horizontal-center xl-horizontal-center lg-horizontal-center\">\n\t\t<div class=\"inner-wrap-column-content\">\n\t\t\t<div class=\"inner-column-content\">\n\t\t\t\t\n\t\t<h1  class=\"theme-wp-block theme-block-heading is-style-default sm-text-center md-text-center desktop-text-center xl-text-center lg-text-center gb-responsive-113637-identifier desktop-align-full xl-align-full lg-align-full md-align-full sm-align-full desktop-gb-has-no-icon xl-gb-has-no-icon lg-gb-has-no-icon md-gb-has-no-icon sm-gb-has-no-icon alignfull h1 has-text-align\">\n\t\t<strong>No hay tiempo, ni mano de obra, ni recursos<\/strong>\t<\/h1>\n\n\n\n\t\t<h2  class=\"theme-wp-block theme-block-heading desktop-gb-has-no-icon xl-gb-has-no-icon lg-gb-has-no-icon md-gb-has-no-icon sm-gb-has-no-icon gb-responsive-848621-identifier desktop-text-center xl-text-center lg-text-center md-text-center sm-text-center h3\">\n\t\t<strong>C\u00f3mo el Grupo Dragon sigue siendo reembolsado por cada error de la FBA<\/strong>\t<\/h2>\n\n\n\t\t\t<\/div>\n\t\t<\/div>\n\t<\/div>\n\n\n\t<div  class=\"theme-wp-block theme-block-text-and-text-column gb-responsive-840598-identifier desktop-horizontal-center xl-horizontal-center lg-horizontal-center md-horizontal-center sm-horizontal-center\">\n\t\t<div class=\"inner-wrap-column-content\">\n\t\t\t<div class=\"inner-column-content\">\n\t\t\t\t\t\t\t<\/div>\n\t\t<\/div>\n\t<\/div>\n\n\t\t\t<\/div>\n\t\t<\/div>\n\t<\/div>\n\n\n\t\t<\/div>\n\t<\/div>\n\n\n\n\n<div style=\"height:50px\" aria-hidden=\"true\" class=\"theme-wp-block wp-block-spacer\"><\/div>\n\n\n\n<div class=\"theme-wp-block wp-block-columns gb-responsive-715185-identifier is-layout-flex wp-container-core-columns-is-layout-9d6595d7 wp-block-columns-is-layout-flex\">\n<div class=\"theme-wp-block wp-block-column gb-responsive-447113-identifier is-layout-flow wp-block-column-is-layout-flow\" style=\"flex-basis:25%\">\n<figure class=\"theme-wp-block wp-block-image size-large gb-responsive-62921-identifier desktop-gb-has-no-icon xl-gb-has-no-icon lg-gb-has-no-icon md-gb-has-no-icon sm-gb-has-no-icon\"><img decoding=\"async\" width=\"156\" height=\"156\" src=\"https:\/\/d2bw95mh2ee04s.cloudfront.net\/prod\/content\/wp-content\/uploads\/2021\/03\/23142640\/logo2_groupe-dragon-edited.png\" alt=\"Success Story: Groupe Dragon ES\" class=\"wp-image-8498\"\/><\/figure>\n\n\n\n<p class=\"theme-wp-block gb-responsive-312552-identifier desktop-gb-has-no-icon xl-gb-has-no-icon lg-gb-has-no-icon md-gb-has-no-icon sm-gb-has-no-icon\"><strong>Fundaci\u00f3n:<\/strong><br>2011<\/p>\n\n\n\n<p class=\"theme-wp-block gb-responsive-353708-identifier desktop-gb-has-no-icon xl-gb-has-no-icon lg-gb-has-no-icon md-gb-has-no-icon sm-gb-has-no-icon\"><strong>Sector:<\/strong><br>Recambios \/ Accesorios el\u00e9ctricos para el hogar<\/p>\n\n\n\n<p class=\"theme-wp-block gb-responsive-741269-identifier desktop-gb-has-no-icon xl-gb-has-no-icon lg-gb-has-no-icon md-gb-has-no-icon sm-gb-has-no-icon\"><strong>Art\u00edculos en Amazon:<\/strong><br>177.000 (todos los mercados)<\/p>\n\n\n\n<p class=\"theme-wp-block gb-responsive-218030-identifier desktop-gb-has-no-icon xl-gb-has-no-icon lg-gb-has-no-icon md-gb-has-no-icon sm-gb-has-no-icon\"><strong>Env\u00edos:&nbsp;<\/strong><br>37.000 al mes<\/p>\n<\/div>\n\n\n\n<div class=\"theme-wp-block wp-block-column gb-responsive-617513-identifier is-layout-flow wp-block-column-is-layout-flow\" style=\"flex-basis:50%\">\n<h3 class=\"theme-wp-block wp-block-heading gb-responsive-34353-identifier desktop-gb-has-no-icon xl-gb-has-no-icon lg-gb-has-no-icon md-gb-has-no-icon sm-gb-has-no-icon\" id=\"block-c06fce04-ef87-4ffc-a3d6-b768ba377d17\"><strong>Historia<\/strong>:<\/h3>\n\n\n\n<p class=\"theme-wp-block desktop-gb-has-no-icon xl-gb-has-no-icon lg-gb-has-no-icon md-gb-has-no-icon sm-gb-has-no-icon gb-responsive-137794-identifier\">Groupe Dragon es una de las empresas francesas con m\u00e1s \u00e9xito en el mercado de Amazon. El \u00e9xito no es casualidad: antes de que el fundador de Groupe Dragon se convirtiera en vendedor de Amazon, trabajaba a tiempo completo como reparador de electrodom\u00e9sticos. &#8220;Ya entonces ofrec\u00eda piezas de recambio en su tienda&#8221;, dice Florent Noualy, responsable de compras y estrategia de mercado. &#8220;Se dio cuenta de que hoy en d\u00eda los aparatos el\u00e9ctricos se rompen mucho m\u00e1s r\u00e1pido que antes&#8221;.&nbsp;<\/p>\n\n\n\n<p class=\"theme-wp-block desktop-gb-has-no-icon xl-gb-has-no-icon lg-gb-has-no-icon md-gb-has-no-icon sm-gb-has-no-icon gb-responsive-442556-identifier\">A esto se sum\u00f3 la nueva legislaci\u00f3n que exige a los fabricantes, por ejemplo, mantener las piezas de recambio en stock durante un determinado periodo de tiempo. Estos acontecimientos contribuyeron a un aumento significativo de la demanda de materiales de reparaci\u00f3n, especialmente en l\u00ednea. La decisi\u00f3n de ofrecer tambi\u00e9n piezas de recambio en l\u00ednea fue acertada: entretanto, Groupe Dragon se encuentra entre los 5 vendedores franceses de mayor \u00e9xito en Amazon.<\/p>\n\n\n\n<h3 class=\"theme-wp-block wp-block-heading gb-responsive-182281-identifier desktop-gb-has-no-icon xl-gb-has-no-icon lg-gb-has-no-icon md-gb-has-no-icon sm-gb-has-no-icon\"><strong>Situaci\u00f3n inicial<\/strong>:<\/h3>\n\n\n\n<p class=\"theme-wp-block desktop-gb-has-no-icon xl-gb-has-no-icon lg-gb-has-no-icon md-gb-has-no-icon sm-gb-has-no-icon gb-responsive-232695-identifier\">Sin embargo, con su \u00e9xito, el Grupo Dragon tambi\u00e9n se enfrent\u00f3 a nuevos retos que tuvo que superar. &#8220;Uno de ellos fue la internacionalizaci\u00f3n. Amazon fue una gran ayuda en este sentido, porque su f\u00e1cil acceso a otros mercados hizo que nuestra empresa creciera de forma constante&#8221;, dice Florent Noualy. El mercado alem\u00e1n se convirti\u00f3 incluso en el principal canal de ventas.<\/p>\n\n\n\n<p class=\"theme-wp-block desktop-gb-has-no-icon xl-gb-has-no-icon lg-gb-has-no-icon md-gb-has-no-icon sm-gb-has-no-icon gb-responsive-81637-identifier\">Sin embargo, la expansi\u00f3n a trav\u00e9s de Amazon tambi\u00e9n abri\u00f3 el camino para que Groupe Dragon ofreciera productos de marca de Dyson o Elektrolux. &#8220;Esto aument\u00f3 masivamente nuestro volumen de pedidos y existencias. Cuando me incorpor\u00e9 al equipo en 2015, qued\u00f3 claro con relativa rapidez que ten\u00edamos que cambiar nuestro cumplimiento a FBA en el futuro. Para nosotros, \u00e9sta era la mejor opci\u00f3n&#8221;.<\/p>\n\n\n\n<h3 class=\"theme-wp-block wp-block-heading gb-responsive-115756-identifier desktop-gb-has-no-icon xl-gb-has-no-icon lg-gb-has-no-icon md-gb-has-no-icon sm-gb-has-no-icon\"><strong>Soluci\u00f3n:<\/strong><\/h3>\n\n\n\n<p class=\"theme-wp-block desktop-gb-has-no-icon xl-gb-has-no-icon lg-gb-has-no-icon md-gb-has-no-icon sm-gb-has-no-icon gb-responsive-423940-identifier\">Entonces Noualy recibi\u00f3 un mensaje a trav\u00e9s de LinkedIn de M\u00f3nica, que trabaja en el equipo de ventas de SELLERLOGIC. &#8220;Ya conoc\u00eda SELLERLOGIC&#8221;, dice Noualy, &#8220;y me interes\u00e9 inmediatamente por Lost &amp; Found. En ese momento ya ten\u00eda claro que nos faltaba informaci\u00f3n importante sobre nuestros procesos de FBA&#8221;. Adem\u00e1s, no hab\u00eda nadie en el equipo del Grupo Dragon que pudiera analizar las mismas cantidades masivas de datos que maneja Lost &amp; Found.<\/p>\n\n\n\n<p class=\"theme-wp-block desktop-gb-has-no-icon xl-gb-has-no-icon lg-gb-has-no-icon md-gb-has-no-icon sm-gb-has-no-icon gb-responsive-837826-identifier\">Aunque llevamos a\u00f1os vendiendo en Amazon y conocemos bien el funcionamiento del mercado, dice Noualy, &#8220;aun as\u00ed, no ten\u00edamos los conocimientos suficientes para identificar todo tipo de errores&#8221;. Esto era algo que definitivamente deb\u00eda ser remediado. &#8220;As\u00ed que cuando activ\u00e9 Lost &amp; Found, ya me preocupaba que la herramienta identificara muchos errores de FBA. Pero nunca, nunca esper\u00e9 la cantidad real&#8221;.<\/p>\n\n\n<div class=\"theme-block-group-wrap\">\n<div class=\"theme-wp-block wp-block-group gb-responsive-88118-identifier\"><div class=\"wp-block-group__inner-container is-layout-flow wp-block-group-is-layout-flow\">\t\t<div  class=\"theme-wp-block theme-block-user-card gb-responsive-799176-identifier is-style-full-width-line desktop-gb-has-no-icon xl-gb-has-no-icon lg-gb-has-no-icon md-gb-has-no-icon sm-gb-has-no-icon\">\n\t\t<div class=\"wrap-inner-content\">\n\t\t\t<div class=\"card-user-head\">\n\t\t\t\t<div class=\"card-user-avatar\">\n\t\t\t\t\t<div class=\"cover-avatar\" style=\"background-image: url(https:\/\/d2bw95mh2ee04s.cloudfront.net\/prod\/content\/wp-content\/uploads\/2021\/03\/23142640\/florent_groupe-dragon-raute.png);\"><\/div>\n\t\t\t\t<\/div>\n\t\t\t\t<div class=\"wrap-title\">\n\t\t\t\t\t<div class=\"card-user-name\">\n\t\t\t\t\t\t<div class=\"title\">\n\t\t\t\t\t\t\t<h3 class=\"heading-text\"><strong>Florent Noualy<\/strong><\/h3>\n\t\t\t\t\t\t<\/div>\n\t\t\t\t\t\t<div class=\"card-user-position\">\n\t\t\t\t\t\t\t<div class=\"card-text\"><strong>Jefe de Compras y Estrategia de Mercado<\/strong><\/div>\n\t\t\t\t\t\t<\/div>\n\t\t\t\t\t<\/div>\n\t\t\t\t\t<div class=\"card-user-quote-icon\">\n\t\t\t\t\t<\/div>\n\t\t\t\t<\/div>\n\t\t\t<\/div>\n\t\t\t<div class=\"card-user-text\">\n\t\t\t\t<div class=\"card-text\"><p>&#8220;Era absolutamente inaceptable seguir perdiendo tanto dinero, as\u00ed que la decisi\u00f3n fue clara: seguir\u00edamos utilizando Lost &amp; Found&#8221;.<\/p><\/div>\n\t\t\t<\/div>\n\t\t<\/div>\n\t<\/div>\n\n<\/div>\n<\/div><\/div>\n\n\n<h3 class=\"theme-wp-block wp-block-heading gb-responsive-595368-identifier desktop-gb-has-no-icon xl-gb-has-no-icon lg-gb-has-no-icon md-gb-has-no-icon sm-gb-has-no-icon\"><strong>\u00c9xitos con SELLERLOGIC:<\/strong><\/h3>\n\n\n\n<p class=\"theme-wp-block desktop-gb-has-no-icon xl-gb-has-no-icon lg-gb-has-no-icon md-gb-has-no-icon sm-gb-has-no-icon gb-responsive-631358-identifier\">La primera ejecucici\u00f3n de Lost &amp; Found sac\u00f3 a la luz 360 errores. Noualy se qued\u00f3 muy sorprendido. &#8220;Era absolutamente inaceptable seguir perdiendo tanto dinero, as\u00ed que la decisi\u00f3n fue clara: seguir\u00edamos utilizando Lost &amp; Found&#8221;. Y fue una buena decisi\u00f3n. Hasta el d\u00eda de hoy, Lost &amp; Found ha aportado a la empresa unos 25.000 euros en devoluciones que, de otro modo, se habr\u00edan perdido.<\/p>\n\n\n\n<p class=\"theme-wp-block desktop-gb-has-no-icon xl-gb-has-no-icon lg-gb-has-no-icon md-gb-has-no-icon sm-gb-has-no-icon gb-responsive-886470-identifier\">Pero eso no es todo. Adem\u00e1s, la soluci\u00f3n SELLERLOGIC de Groupe Dragon tambi\u00e9n nos ahorra muchos otros recursos, como tiempo y mano de obra. &#8220;La comunicaci\u00f3n con Amazon tambi\u00e9n se ha simplificado. Lost &amp; Found proporciona la informaci\u00f3n adecuada en todo momento&#8221;. Esto incluye, por ejemplo, las plantillas que Groupe Dragon puede utilizar para responder inmediatamente a las respuestas autom\u00e1ticas de Amazon. &#8220;Lo \u00fanico que tenemos que hacer es simplemente copiar las plantillas. Todo lo que necesitamos saber sobre un error se puede encontrar en Lost &amp; Found de forma clara&#8221;.<\/p>\n\n\n\n<p class=\"theme-wp-block desktop-gb-has-no-icon xl-gb-has-no-icon lg-gb-has-no-icon md-gb-has-no-icon sm-gb-has-no-icon gb-responsive-811927-identifier\">Florent Noualy tambi\u00e9n est\u00e1 encantado con SELLERLOGIC porque su servicio de atenci\u00f3n al cliente est\u00e1 incluido en el precio: &#8220;Si hay alg\u00fan problema con alguno de los casos abiertos, el equipo de SELLERLOGIC siempre est\u00e1 disponible y hace todo lo posible para ayudar a sus clientes y llevar el caso a buen puerto.&#8221;<\/p>\n\n\n\n<div class=\"theme-wp-block wp-block-buttons gb-responsive-497426-identifier is-layout-flex wp-block-buttons-is-layout-flex\">\n<div class=\"theme-wp-block wp-block-button gb-responsive-38220-identifier is-style-theme-transparent-with-arrow\"><a class=\"wp-block-button__link wp-element-button\" href=\"https:\/\/d2bw95mh2ee04s.cloudfront.net\/prod\/content\/files\/SUCCESS-STORIES\/ES\/SELLERLOGIC_Success-Story_Groupe-Dragon_ES.pdf\" target=\"_blank\" rel=\"noreferrer noopener nofollow\">\u00a1Descargue ahora!<\/a><\/div>\n<\/div>\n<\/div>\n\n\n\n<div class=\"theme-wp-block wp-block-column gb-responsive-180258-identifier is-layout-flow wp-block-column-is-layout-flow\" style=\"flex-basis:25%\"><\/div>\n<\/div>\n","protected":false},"excerpt":{"rendered":"<p>Fundaci\u00f3n:2011 Sector:Recambios \/ Accesorios el\u00e9ctricos para el hogar Art\u00edculos en Amazon:177.000 (todos los mercados) Env\u00edos:&nbsp;37.000 al mes Historia: Groupe Dragon es una de las empresas francesas con m\u00e1s \u00e9xito en el mercado de Amazon. El \u00e9xito no es casualidad: antes de que el fundador de Groupe Dragon se convirtiera en vendedor de Amazon, trabajaba a<\/p>\n","protected":false},"author":8,"featured_media":0,"parent":5384,"menu_order":0,"comment_status":"closed","ping_status":"closed","template":"","meta":{"sidebar_recommended_resources":{"data":[]},"sidebar_header_settings":{"hide_buttons":{"register":false}},"_use_new_theme":false,"inline_featured_image":false,"footnotes":""},"class_list":["post-8712","page","type-page","status-publish","hentry"],"yoast_head":"<!-- This site is optimized with the Yoast SEO plugin v26.8 - https:\/\/yoast.com\/product\/yoast-seo-wordpress\/ -->\n<title>No hay tiempo, ni recursos \u2013 Groupe Dragon recibe sus reembolsos de Amazon a trav\u00e9s de Lost &amp; Found<\/title>\n<meta name=\"description\" content=\"No hay tiempo, ni mano de obra, ni recursos \u2013 C\u00f3mo el Grupo Dragon sigue siendo reembolsado por cada error de la FBA a trav\u00e9s de SELLERLOGIC Lost &amp; Found.\" \/>\n<meta name=\"robots\" content=\"index, follow, max-snippet:-1, max-image-preview:large, max-video-preview:-1\" \/>\n<link rel=\"canonical\" href=\"https:\/\/www.sellerlogic.com\/es\/material-informativo\/success-story-groupe-dragon\/\" \/>\n<meta property=\"og:locale\" content=\"es_ES\" \/>\n<meta property=\"og:type\" content=\"article\" \/>\n<meta property=\"og:title\" content=\"No hay tiempo, ni recursos \u2013 Groupe Dragon recibe sus reembolsos de Amazon a trav\u00e9s de Lost &amp; Found\" \/>\n<meta property=\"og:description\" content=\"No hay tiempo, ni mano de obra, ni recursos \u2013 C\u00f3mo el Grupo Dragon sigue siendo reembolsado por cada error de la FBA a trav\u00e9s de SELLERLOGIC Lost &amp; Found.\" \/>\n<meta property=\"og:url\" content=\"https:\/\/www.sellerlogic.com\/es\/material-informativo\/success-story-groupe-dragon\/\" \/>\n<meta property=\"og:site_name\" content=\"SELLERLOGIC - Herramientas inteligentes para vendedores de Amazon\" \/>\n<meta property=\"article:publisher\" content=\"https:\/\/www.facebook.com\/SellerLogic\/\" \/>\n<meta property=\"article:modified_time\" content=\"2023-08-23T15:45:16+00:00\" \/>\n<meta property=\"og:image\" content=\"https:\/\/www.sellerlogic.com\/wp-content\/uploads\/2021\/03\/logo2_groupe-dragon-edited.png\" \/>\n<meta name=\"twitter:card\" content=\"summary_large_image\" \/>\n<meta name=\"twitter:site\" content=\"@sellerlogic\" \/>\n<meta name=\"twitter:label1\" content=\"Est. reading time\" \/>\n\t<meta name=\"twitter:data1\" content=\"4 minutes\" \/>\n<script type=\"application\/ld+json\" class=\"yoast-schema-graph\">{\"@context\":\"https:\/\/schema.org\",\"@graph\":[{\"@type\":\"WebPage\",\"@id\":\"https:\/\/www.sellerlogic.com\/es\/material-informativo\/success-story-groupe-dragon\/\",\"url\":\"https:\/\/www.sellerlogic.com\/es\/material-informativo\/success-story-groupe-dragon\/\",\"name\":\"No hay tiempo, ni recursos \u2013 Groupe Dragon recibe sus reembolsos de Amazon a trav\u00e9s de Lost & Found\",\"isPartOf\":{\"@id\":\"https:\/\/www.sellerlogic.com\/es\/#website\"},\"primaryImageOfPage\":{\"@id\":\"https:\/\/www.sellerlogic.com\/es\/material-informativo\/success-story-groupe-dragon\/#primaryimage\"},\"image\":{\"@id\":\"https:\/\/www.sellerlogic.com\/es\/material-informativo\/success-story-groupe-dragon\/#primaryimage\"},\"thumbnailUrl\":\"https:\/\/www.sellerlogic.com\/wp-content\/uploads\/2021\/03\/logo2_groupe-dragon-edited.png\",\"datePublished\":\"2021-03-12T08:54:15+00:00\",\"dateModified\":\"2023-08-23T15:45:16+00:00\",\"description\":\"No hay tiempo, ni mano de obra, ni recursos \u2013 C\u00f3mo el Grupo Dragon sigue siendo reembolsado por cada error de la FBA a trav\u00e9s de SELLERLOGIC Lost & Found.\",\"breadcrumb\":{\"@id\":\"https:\/\/www.sellerlogic.com\/es\/material-informativo\/success-story-groupe-dragon\/#breadcrumb\"},\"inLanguage\":\"es-ES\",\"potentialAction\":[{\"@type\":\"ReadAction\",\"target\":[\"https:\/\/www.sellerlogic.com\/es\/material-informativo\/success-story-groupe-dragon\/\"]}]},{\"@type\":\"ImageObject\",\"inLanguage\":\"es-ES\",\"@id\":\"https:\/\/www.sellerlogic.com\/es\/material-informativo\/success-story-groupe-dragon\/#primaryimage\",\"url\":\"https:\/\/www.sellerlogic.com\/wp-content\/uploads\/2021\/03\/logo2_groupe-dragon-edited.png\",\"contentUrl\":\"https:\/\/www.sellerlogic.com\/wp-content\/uploads\/2021\/03\/logo2_groupe-dragon-edited.png\"},{\"@type\":\"BreadcrumbList\",\"@id\":\"https:\/\/www.sellerlogic.com\/es\/material-informativo\/success-story-groupe-dragon\/#breadcrumb\",\"itemListElement\":[{\"@type\":\"ListItem\",\"position\":1,\"name\":\"Home\",\"item\":\"https:\/\/www.sellerlogic.com\/es\/\"},{\"@type\":\"ListItem\",\"position\":2,\"name\":\"Ressourcen ES\",\"item\":\"https:\/\/www.sellerlogic.com\/es\/material-informativo\/\"},{\"@type\":\"ListItem\",\"position\":3,\"name\":\"Success Story: Groupe Dragon ES\"}]},{\"@type\":\"WebSite\",\"@id\":\"https:\/\/www.sellerlogic.com\/es\/#website\",\"url\":\"https:\/\/www.sellerlogic.com\/es\/\",\"name\":\"SELLERLOGIC - Smarte Tools f\u00fcr Amazon-Seller\",\"description\":\"Intelligente Prozessoptimierung und Gewinnmaximierung\",\"publisher\":{\"@id\":\"https:\/\/www.sellerlogic.com\/es\/#organization\"},\"potentialAction\":[{\"@type\":\"SearchAction\",\"target\":{\"@type\":\"EntryPoint\",\"urlTemplate\":\"https:\/\/www.sellerlogic.com\/es\/?s={search_term_string}\"},\"query-input\":{\"@type\":\"PropertyValueSpecification\",\"valueRequired\":true,\"valueName\":\"search_term_string\"}}],\"inLanguage\":\"es-ES\"},{\"@type\":\"Organization\",\"@id\":\"https:\/\/www.sellerlogic.com\/es\/#organization\",\"name\":\"SELLERLOGIC\",\"url\":\"https:\/\/www.sellerlogic.com\/es\/\",\"logo\":{\"@type\":\"ImageObject\",\"inLanguage\":\"es-ES\",\"@id\":\"https:\/\/www.sellerlogic.com\/es\/#\/schema\/logo\/image\/\",\"url\":\"https:\/\/d2bw95mh2ee04s.cloudfront.net\/prod\/content\/wp-content\/uploads\/2025\/01\/02134814\/Property-Logo-Main.svg\",\"contentUrl\":\"https:\/\/d2bw95mh2ee04s.cloudfront.net\/prod\/content\/wp-content\/uploads\/2025\/01\/02134814\/Property-Logo-Main.svg\",\"width\":184,\"height\":40,\"caption\":\"SELLERLOGIC\"},\"image\":{\"@id\":\"https:\/\/www.sellerlogic.com\/es\/#\/schema\/logo\/image\/\"},\"sameAs\":[\"https:\/\/www.facebook.com\/SellerLogic\/\",\"https:\/\/x.com\/sellerlogic\",\"https:\/\/www.instagram.com\/sellerlogic\/\",\"https:\/\/www.linkedin.com\/company\/18402037\/\",\"https:\/\/www.youtube.com\/channel\/UC-gULUur-fNj08sprantKsQ\"]}]}<\/script>\n<!-- \/ Yoast SEO plugin. -->","yoast_head_json":{"title":"No hay tiempo, ni recursos \u2013 Groupe Dragon recibe sus reembolsos de Amazon a trav\u00e9s de Lost & Found","description":"No hay tiempo, ni mano de obra, ni recursos \u2013 C\u00f3mo el Grupo Dragon sigue siendo reembolsado por cada error de la FBA a trav\u00e9s de SELLERLOGIC Lost & Found.","robots":{"index":"index","follow":"follow","max-snippet":"max-snippet:-1","max-image-preview":"max-image-preview:large","max-video-preview":"max-video-preview:-1"},"canonical":"https:\/\/www.sellerlogic.com\/es\/material-informativo\/success-story-groupe-dragon\/","og_locale":"es_ES","og_type":"article","og_title":"No hay tiempo, ni recursos \u2013 Groupe Dragon recibe sus reembolsos de Amazon a trav\u00e9s de Lost & Found","og_description":"No hay tiempo, ni mano de obra, ni recursos \u2013 C\u00f3mo el Grupo Dragon sigue siendo reembolsado por cada error de la FBA a trav\u00e9s de SELLERLOGIC Lost & Found.","og_url":"https:\/\/www.sellerlogic.com\/es\/material-informativo\/success-story-groupe-dragon\/","og_site_name":"SELLERLOGIC - Herramientas inteligentes para vendedores de Amazon","article_publisher":"https:\/\/www.facebook.com\/SellerLogic\/","article_modified_time":"2023-08-23T15:45:16+00:00","og_image":[{"url":"https:\/\/www.sellerlogic.com\/wp-content\/uploads\/2021\/03\/logo2_groupe-dragon-edited.png","type":"","width":"","height":""}],"twitter_card":"summary_large_image","twitter_site":"@sellerlogic","twitter_misc":{"Est. reading time":"4 minutes"},"schema":{"@context":"https:\/\/schema.org","@graph":[{"@type":"WebPage","@id":"https:\/\/www.sellerlogic.com\/es\/material-informativo\/success-story-groupe-dragon\/","url":"https:\/\/www.sellerlogic.com\/es\/material-informativo\/success-story-groupe-dragon\/","name":"No hay tiempo, ni recursos \u2013 Groupe Dragon recibe sus reembolsos de Amazon a trav\u00e9s de Lost & Found","isPartOf":{"@id":"https:\/\/www.sellerlogic.com\/es\/#website"},"primaryImageOfPage":{"@id":"https:\/\/www.sellerlogic.com\/es\/material-informativo\/success-story-groupe-dragon\/#primaryimage"},"image":{"@id":"https:\/\/www.sellerlogic.com\/es\/material-informativo\/success-story-groupe-dragon\/#primaryimage"},"thumbnailUrl":"https:\/\/www.sellerlogic.com\/wp-content\/uploads\/2021\/03\/logo2_groupe-dragon-edited.png","datePublished":"2021-03-12T08:54:15+00:00","dateModified":"2023-08-23T15:45:16+00:00","description":"No hay tiempo, ni mano de obra, ni recursos \u2013 C\u00f3mo el Grupo Dragon sigue siendo reembolsado por cada error de la FBA a trav\u00e9s de SELLERLOGIC Lost & Found.","breadcrumb":{"@id":"https:\/\/www.sellerlogic.com\/es\/material-informativo\/success-story-groupe-dragon\/#breadcrumb"},"inLanguage":"es-ES","potentialAction":[{"@type":"ReadAction","target":["https:\/\/www.sellerlogic.com\/es\/material-informativo\/success-story-groupe-dragon\/"]}]},{"@type":"ImageObject","inLanguage":"es-ES","@id":"https:\/\/www.sellerlogic.com\/es\/material-informativo\/success-story-groupe-dragon\/#primaryimage","url":"https:\/\/www.sellerlogic.com\/wp-content\/uploads\/2021\/03\/logo2_groupe-dragon-edited.png","contentUrl":"https:\/\/www.sellerlogic.com\/wp-content\/uploads\/2021\/03\/logo2_groupe-dragon-edited.png"},{"@type":"BreadcrumbList","@id":"https:\/\/www.sellerlogic.com\/es\/material-informativo\/success-story-groupe-dragon\/#breadcrumb","itemListElement":[{"@type":"ListItem","position":1,"name":"Home","item":"https:\/\/www.sellerlogic.com\/es\/"},{"@type":"ListItem","position":2,"name":"Ressourcen ES","item":"https:\/\/www.sellerlogic.com\/es\/material-informativo\/"},{"@type":"ListItem","position":3,"name":"Success Story: Groupe Dragon ES"}]},{"@type":"WebSite","@id":"https:\/\/www.sellerlogic.com\/es\/#website","url":"https:\/\/www.sellerlogic.com\/es\/","name":"SELLERLOGIC - Smarte Tools f\u00fcr Amazon-Seller","description":"Intelligente Prozessoptimierung und Gewinnmaximierung","publisher":{"@id":"https:\/\/www.sellerlogic.com\/es\/#organization"},"potentialAction":[{"@type":"SearchAction","target":{"@type":"EntryPoint","urlTemplate":"https:\/\/www.sellerlogic.com\/es\/?s={search_term_string}"},"query-input":{"@type":"PropertyValueSpecification","valueRequired":true,"valueName":"search_term_string"}}],"inLanguage":"es-ES"},{"@type":"Organization","@id":"https:\/\/www.sellerlogic.com\/es\/#organization","name":"SELLERLOGIC","url":"https:\/\/www.sellerlogic.com\/es\/","logo":{"@type":"ImageObject","inLanguage":"es-ES","@id":"https:\/\/www.sellerlogic.com\/es\/#\/schema\/logo\/image\/","url":"https:\/\/d2bw95mh2ee04s.cloudfront.net\/prod\/content\/wp-content\/uploads\/2025\/01\/02134814\/Property-Logo-Main.svg","contentUrl":"https:\/\/d2bw95mh2ee04s.cloudfront.net\/prod\/content\/wp-content\/uploads\/2025\/01\/02134814\/Property-Logo-Main.svg","width":184,"height":40,"caption":"SELLERLOGIC"},"image":{"@id":"https:\/\/www.sellerlogic.com\/es\/#\/schema\/logo\/image\/"},"sameAs":["https:\/\/www.facebook.com\/SellerLogic\/","https:\/\/x.com\/sellerlogic","https:\/\/www.instagram.com\/sellerlogic\/","https:\/\/www.linkedin.com\/company\/18402037\/","https:\/\/www.youtube.com\/channel\/UC-gULUur-fNj08sprantKsQ"]}]}},"_links":{"self":[{"href":"https:\/\/www.sellerlogic.com\/es\/wp-json\/wp\/v2\/pages\/8712","targetHints":{"allow":["GET"]}}],"collection":[{"href":"https:\/\/www.sellerlogic.com\/es\/wp-json\/wp\/v2\/pages"}],"about":[{"href":"https:\/\/www.sellerlogic.com\/es\/wp-json\/wp\/v2\/types\/page"}],"author":[{"embeddable":true,"href":"https:\/\/www.sellerlogic.com\/es\/wp-json\/wp\/v2\/users\/8"}],"replies":[{"embeddable":true,"href":"https:\/\/www.sellerlogic.com\/es\/wp-json\/wp\/v2\/comments?post=8712"}],"version-history":[{"count":0,"href":"https:\/\/www.sellerlogic.com\/es\/wp-json\/wp\/v2\/pages\/8712\/revisions"}],"up":[{"embeddable":true,"href":"https:\/\/www.sellerlogic.com\/es\/wp-json\/wp\/v2\/pages\/5384"}],"wp:attachment":[{"href":"https:\/\/www.sellerlogic.com\/es\/wp-json\/wp\/v2\/media?parent=8712"}],"curies":[{"name":"wp","href":"https:\/\/api.w.org\/{rel}","templated":true}]}}