
{"id":109854,"date":"2020-12-18T10:43:41","date_gmt":"2020-12-18T10:43:41","guid":{"rendered":"https:\/\/127.0.0.1\/resources\/success-story-samtige-haut\/"},"modified":"2020-12-18T10:43:41","modified_gmt":"2020-12-18T10:43:41","slug":"success-story-samtige-haut","status":"publish","type":"page","link":"https:\/\/www.sellerlogic.com\/et\/resources\/success-story-samtige-haut\/","title":{"rendered":"Edu lugu: Samtige Haut EN"},"content":{"rendered":"\n\t<div  class=\"theme-wp-block theme-block-main-header is-style-full-height desktop-align-full xl-align-full lg-align-full md-align-full sm-align-full desktop-content-align-y-center desktop-content-align-x-center xl-content-align-y-center xl-content-align-x-center lg-content-align-y-center lg-content-align-x-center md-content-align-y-center md-content-align-x-center sm-content-align-y-center sm-content-align-x-center gb-responsive-911782-identifier theme-block-cover\">\n\t\t<div class=\"bg-cover theme-lazy-load-bg\"><\/div>\n\t\t<div class=\"wrap-content-main-header\">\n\t\t\t\t\t<div  class=\"theme-wp-block theme-block-text-and-text desktop-blockDirection-row xl-blockDirection-row lg-blockDirection-row md-blockDirection-row sm-blockDirection-row gb-responsive-289238-identifier desktop-align-full xl-align-full lg-align-full md-align-full sm-align-full alignfull\">\n\t\t<div class=\"tat-column-wrap-wrapper\">\n\t\t\t<div class=\"tat-column-wrapper\">\n\t\t\t\t\t<div  class=\"theme-wp-block theme-block-text-and-text-column gb-responsive-421034-identifier desktop-horizontal-center xl-horizontal-center lg-horizontal-center md-horizontal-center sm-horizontal-center\">\n\t\t<div class=\"inner-wrap-column-content\">\n\t\t\t<div class=\"inner-column-content\">\n\t\t\t\t\t\t<h1  class=\"theme-wp-block theme-block-heading is-style-default sm-text-center md-text-center desktop-text-center xl-text-center lg-text-center gb-responsive-292481-identifier desktop-align-full xl-align-full lg-align-full md-align-full sm-align-full alignfull h1 has-text-align\">\n\t\tH\u00fcvitised \u00fche kl\u00f5psuga\t<\/h1>\n\n\t\t<h2  class=\"theme-wp-block theme-block-heading is-style-default sm-text-center md-text-center desktop-text-center xl-text-center lg-text-center gb-responsive-831018-identifier desktop-align-full xl-align-full lg-align-full md-align-full sm-align-full alignfull h1 has-text-align\">\n\t\t&#8220;Samtige Haut&#8221; saab Amazoni kaudu h\u00fcvitisi kadunud ja leitud esemete kaudu\t<\/h2>\n\n\t\t\t<\/div>\n\t\t<\/div>\n\t<\/div>\n\t<div  class=\"theme-wp-block theme-block-text-and-text-column gb-responsive-929552-identifier\">\n\t\t<div class=\"inner-wrap-column-content\">\n\t\t\t<div class=\"inner-column-content\">\n\t\t\t\t\t\t\t<\/div>\n\t\t<\/div>\n\t<\/div>\n\t\t\t<\/div>\n\t\t<\/div>\n\t<\/div>\n\n\t\t<\/div>\n\t<\/div>\n\n<div style=\"height:50px\" aria-hidden=\"true\" class=\"theme-wp-block wp-block-spacer\"><\/div><div class=\"theme-wp-block wp-block-columns gb-responsive-655645-identifier is-layout-flex wp-container-core-columns-is-layout-9d6595d7 wp-block-columns-is-layout-flex\"><div class=\"theme-wp-block wp-block-column gb-responsive-959393-identifier is-layout-flow wp-block-column-is-layout-flow\" style=\"flex-basis:25%\"><figure class=\"theme-wp-block wp-block-image size-large is-resized gb-responsive-62921-identifier\"><img decoding=\"async\" src=\"https:\/\/d2bw95mh2ee04s.cloudfront.net\/prod\/content\/wp-content\/uploads\/2020\/12\/23142732\/samtige-haut-logo.png\" alt=\"Edu lugu: Samtige Haut EN\" class=\"wp-image-4561\" width=\"300\" height=\"84\" srcset=\"https:\/\/d2bw95mh2ee04s.cloudfront.net\/prod\/content\/wp-content\/uploads\/2020\/12\/23142732\/samtige-haut-logo-407x113.png 407w, https:\/\/d2bw95mh2ee04s.cloudfront.net\/prod\/content\/wp-content\/uploads\/2020\/12\/23142732\/samtige-haut-logo.png 600w\" sizes=\"(max-width: 300px) 100vw, 300px\" \/><\/figure><p class=\"theme-wp-block gb-responsive-312552-identifier\"><strong><strong>Asutamine<\/strong>:<\/strong><br>November 2016<\/p><p class=\"theme-wp-block gb-responsive-353708-identifier\"><strong><strong>Valdkond<\/strong>:<\/strong><br>Kosmeetika, toidulisandid, orgaanilised tooted<\/p><p class=\"theme-wp-block gb-responsive-164518-identifier\"><strong><strong>Tooted Amazoni peal:<\/strong><\/strong><br>1,000<\/p><p class=\"theme-wp-block gb-responsive-888870-identifier\"><strong><strong>Saated<\/strong>: <\/strong><br>umbes 8,000 kuus<\/p><\/div><div class=\"theme-wp-block wp-block-column gb-responsive-252265-identifier is-layout-flow wp-block-column-is-layout-flow\" style=\"flex-basis:50%\"><h3 class=\"theme-wp-block wp-block-heading gb-responsive-34353-identifier\" id=\"block-c06fce04-ef87-4ffc-a3d6-b768ba377d17\">Taust:<\/h3><p class=\"theme-wp-block gb-responsive-620393-identifier\">2018. aastal oli Amazoni k\u00e4ive 232,9 miljardit USA dollarit. Umbes 45 protsenti Saksamaa Amazoni m\u00fc\u00fcjatest saadavad oma kaupu Fulfillment by Amazon (FBA) kaudu. Sandra Schriewer \u2013 Amazoni poe &#8220;Samtige Haut&#8221; (saksa keeles &#8220;Siledaim Nahk&#8221;) omanik \u2013 on \u00fcks neist. Hoolimata FBA programmi k\u00f5igist eelistest ei ole veebikaubanduse m\u00fc\u00fcjatel enam v\u00f5imalik j\u00e4lgida FBA tehingute andmevoogu m\u00fc\u00fcgi suurenedes. Sellep\u00e4rast anal\u00fc\u00fcsi \u00fcldse ei tehta.<\/p><h3 class=\"theme-wp-block wp-block-heading gb-responsive-182281-identifier\">V\u00e4ljakutse:<\/h3><p class=\"theme-wp-block gb-responsive-880667-identifier\">Sandra Schriewer tuleb algselt kosmeetikat\u00f6\u00f6stusest. Berliinis e-kaubanduse valdkonnas t\u00f6\u00f6tades l\u00f5petas ta oma \u00f5pingud veebiturunduse ja e-kaubanduse alal.<\/p><p class=\"theme-wp-block gb-responsive-3897-identifier\">Ta soovis oma omandatud teadmisi praktikas rakendada ja kombineerida neid oma kirega kosmeetika ja toitumise vastu. Nii loodi Amazoni pood &#8220;Samtige Haut&#8221;. Umbes 1,000 toote ja umbes 8,000 saadetisega kuus FBA programmi kaudu oli peaaegu v\u00f5imatu j\u00e4lgida Amazoni tohutut andmevoogu. Ta m\u00f5istis peagi, et tal on vaja teenusepakkujat, kes saaks aidata tal FBA programmi protsesse kontrollida. &#8220;Veebikaubanduse m\u00fc\u00fcjana toetute Fulfillment by Amazonile, kuna programm lihtsustab ettev\u00f5tte logistilisi protsesse oluliselt. Kuid keegi ei ole t\u00e4iuslik ja loomulikult v\u00f5ivad ka sellised juhtivad ettev\u00f5tted nagu Amazon teha vigu.<\/p><p class=\"theme-wp-block gb-responsive-135542-identifier\">Manualvea kontrollimine oli v\u00e4listatud. Probleemi allikate anal\u00fc\u00fcs on v\u00e4ga keeruline ja n\u00f5uab tohutult aega. &#8220;See \u00fcletaks igasuguseid majanduslikke raame,&#8221; \u00fctles meile Sandra. &#8220;Lost &#038; Found lahendust SELLERLOGIC soovitas mulle mu abikaasa, kes t\u00f6\u00f6tab juba teenusepakkuja Repricer&#8217;ga ja on tootega v\u00e4ga rahul. Turul on palju lahendusi, mida Amazon&#8217;i \u00e4ri vajab, et olla edukas oma vastavates turul. Usun, et Lost &#038; Found on ainulaadne ja h\u00e4davajalik FBA m\u00fc\u00fcjatele&#8221;.<\/p><h3 class=\"theme-wp-block wp-block-heading gb-responsive-115756-identifier\">Solution:<\/h3><p class=\"theme-wp-block gb-responsive-907939-identifier\">\u201eT\u00f6\u00f6riista ei ole raske kasutada ja seda saab kiiresti ja lihtsalt integreerida. Samm-sammult juhised \u2013 samuti teadmistebaas \u2013 on v\u00e4ga abiks ja ei vaja mingit tuge SELLERLOGIC&#8217;lt. Lost &#038; Found teatab uutest juhtumitest iga p\u00e4ev ja pakub eelnevalt m\u00e4\u00e4ratletud tekstimooduleid, mida saab lihtsalt kopeerida ja kleepida Amazon Seller Central&#8217;i. Pean lihtsalt t\u00f6\u00f6 kopeerima ja kleepima, et saada Amazon&#8217;ilt tagasimakse. Kuna esitatud juhtumid aktsepteeritakse tavaliselt ilma edasiste k\u00fcsimusteta, hoitakse kogu protsess v\u00e4ga lihtsana!\u201d<\/p><div class=\"theme-block-group-wrap\"><div class=\"theme-wp-block wp-block-group gb-responsive-88118-identifier\">\t\t<div  class=\"theme-wp-block theme-block-user-card gb-responsive-799176-identifier is-style-full-width-line\">\n\t\t<div class=\"wrap-inner-content\">\n\t\t\t<div class=\"card-user-head\">\n\t\t\t\t<div class=\"card-user-avatar\">\n\t\t\t\t\t<div class=\"cover-avatar\" style=\"background-image: url(https:\/\/d2bw95mh2ee04s.cloudfront.net\/prod\/content\/wp-content\/uploads\/2020\/12\/23142733\/sandra-schriewer-raute.png);\"><\/div>\n\t\t\t\t<\/div>\n\t\t\t\t<div class=\"wrap-title\">\n\t\t\t\t\t<div class=\"card-user-name\">\n\t\t\t\t\t\t<div class=\"title\">\n\t\t\t\t\t\t\t<h3 class=\"heading-text\"><strong>Sandra Schriewer<\/strong><\/h3>\n\t\t\t\t\t\t<\/div>\n\t\t\t\t\t\t<div class=\"card-user-position\">\n\t\t\t\t\t\t\t<div class=\"card-text\"><strong>CEO \u201eSamtige Haut\u201c<\/strong><\/div>\n\t\t\t\t\t\t<\/div>\n\t\t\t\t\t<\/div>\n\t\t\t\t\t<div class=\"card-user-quote-icon\">\n\t\t\t\t\t<\/div>\n\t\t\t\t<\/div>\n\t\t\t<\/div>\n\t\t\t<div class=\"card-user-text\">\n\t\t\t\t<div class=\"card-text\"><p>&#8220;Turul on palju lahendusi, mida Amazon&#8217;i \u00e4ri vajab, et olla edukas oma vastavates turul. Usun, et Lost &amp; Found on ainulaadne ja h\u00e4davajalik FBA m\u00fc\u00fcjatele\u201d.<\/p><\/div>\n\t\t\t<\/div>\n\t\t<\/div>\n\t<\/div>\n\n<\/div><\/div><h3 class=\"theme-wp-block wp-block-heading gb-responsive-595368-identifier\">Successful Results with SELLERLOGIC:<\/h3><p class=\"theme-wp-block gb-responsive-414432-identifier\">&#8220;Kuna Lost &#038; Found j\u00e4lgib individuaalseid tehinguid kuni 18 kuu tagasi, sain t\u00f6\u00f6riista integreerimise j\u00e4rel kohe tagasi makse umbes 1,300 EUR, mida ma poleks kunagi m\u00e4rganud ilma SELLERLOGIC&#8217;ta. Enne Lost &#038; Found integreerimist ei olnud mul selge, kui palju pakke oli vahepeal lihtsalt kaduma l\u00e4inud. Sa ei saa andmete hulka k\u00e4sitsi kontrollida ja tavaliselt ei anna Amazon sulle puuduvate kaupade kohta mingit tagasisidet. Lost &#038; Found abil saad oma raha tagasi ja s\u00e4\u00e4stad end tohutult aega \u2013 t\u00e4nu automatiseeritud uurimisele ja juhtumite esitamisele Copy &#038; Paste funktsiooni abil.&#8221;<\/p><p class=\"theme-wp-block gb-responsive-57813-identifier\">\u201eSoovitan k\u00f5igil lahenduse oma s\u00fcsteemi integreerida. Sul pole midagi kaotada! SELLERLOGIC Lost &#038; Found kulud on minu arvates v\u00e4ga \u00f5iglaselt arvutatud, kuna need on proportsionaalsed Amazon&#8217;ilt saadud tegeliku tagasimaksega. Kui midagi ei leita, ei k\u00fcsita tasu. Iga p\u00e4ev, mis m\u00f6\u00f6dub ilma Lost &#038; Found&#8217;ta, maksab m\u00fc\u00fcjatele raha. Lisaks on sul maksimaalselt 18 kuud aega oma n\u00f5uete esitamiseks, m\u00f5nel juhul isegi v\u00e4hem,\u201d l\u00f5petab Sandra meie jaoks.<a href=\"https:\/\/d2bw95mh2ee04s.cloudfront.net\/prod\/content\/files\/SUCCESS-STORIES\/EN\/NEU_SELLERLOGIC_SN_Success-Story_Samtige-Haut-EN.pdf\" target=\"_blank\" rel=\"noreferrer noopener nofollow\"><\/a><\/p><div class=\"theme-wp-block wp-block-buttons gb-responsive-497426-identifier is-layout-flex wp-block-buttons-is-layout-flex\"><div class=\"theme-wp-block wp-block-button gb-responsive-38220-identifier is-style-theme-transparent-with-arrow\"><a class=\"wp-block-button__link wp-element-button\" href=\"https:\/\/d2bw95mh2ee04s.cloudfront.net\/prod\/content\/files\/SUCCESS-STORIES\/EN\/SELLERLOGIC_SN_Success-Story_Samtige-Haut-EN.pdf\" target=\"_blank\" rel=\"noreferrer noopener nofollow\">Laadi alla edulugu!  <\/a><\/div><\/div><\/div><div class=\"theme-wp-block wp-block-column gb-responsive-147753-identifier is-layout-flow wp-block-column-is-layout-flow\" style=\"flex-basis:25%\"><\/div><\/div><p class=\"theme-wp-block gb-responsive-527070-identifier\"><\/p>","protected":false},"excerpt":{"rendered":"<p>Asutamine:November 2016 Valdkond:Kosmeetika, toidulisandid, orgaanilised tooted Tooted Amazoni peal:1,000 Saated: umbes 8,000 kuus Taust: 2018. aastal oli Amazoni k\u00e4ive 232,9 miljardit USA dollarit. Umbes 45 protsenti Saksamaa Amazoni m\u00fc\u00fcjatest saadavad oma kaupu Fulfillment by Amazon (FBA) kaudu. Sandra Schriewer \u2013 Amazoni poe &#8220;Samtige Haut&#8221; (saksa keeles &#8220;Siledaim Nahk&#8221;) omanik \u2013 on \u00fcks neist. Hoolimata FBA<\/p>\n","protected":false},"author":8,"featured_media":0,"parent":110082,"menu_order":0,"comment_status":"closed","ping_status":"closed","template":"","meta":{"sidebar_recommended_resources":{"data":[]},"sidebar_header_settings":{"hide_buttons":{"register":false}},"_use_new_theme":false,"inline_featured_image":false,"footnotes":""},"class_list":["post-109854","page","type-page","status-publish","hentry"],"yoast_head":"<!-- This site is optimized with the Yoast SEO plugin v26.8 - https:\/\/yoast.com\/product\/yoast-seo-wordpress\/ -->\n<title>&quot;Samtige Haut&quot; saab Amazon&#039;ilt tagasimakse l\u00e4bi SELLERLOGIC Lost &amp; Found<\/title>\n<meta name=\"description\" content=\"Tagasimaksed \u00fche kl\u00f5psuga: SELLERLOGIC klient &quot;Samtige Haut&quot; saab oma tagasimaksed Amazon&#039;ilt l\u00e4bi Lost &amp; Found.\" \/>\n<meta name=\"robots\" content=\"index, follow, max-snippet:-1, max-image-preview:large, max-video-preview:-1\" \/>\n<link rel=\"canonical\" href=\"https:\/\/www.sellerlogic.com\/et\/resources\/success-story-samtige-haut\/\" \/>\n<meta property=\"og:locale\" content=\"et_EE\" \/>\n<meta property=\"og:type\" content=\"article\" \/>\n<meta property=\"og:title\" content=\"&quot;Samtige Haut&quot; saab Amazon&#039;ilt tagasimakse l\u00e4bi SELLERLOGIC Lost &amp; Found\" \/>\n<meta property=\"og:description\" content=\"Tagasimaksed \u00fche kl\u00f5psuga: SELLERLOGIC klient &quot;Samtige Haut&quot; saab oma tagasimaksed Amazon&#039;ilt l\u00e4bi Lost &amp; Found.\" \/>\n<meta property=\"og:url\" content=\"https:\/\/www.sellerlogic.com\/et\/resources\/success-story-samtige-haut\/\" \/>\n<meta property=\"og:site_name\" content=\"SELLERLOGIC - Smarte Tools f\u00fcr Amazon-Seller\" \/>\n<meta property=\"article:publisher\" content=\"https:\/\/www.facebook.com\/SellerLogic\/\" \/>\n<meta property=\"og:image\" content=\"https:\/\/www.sellerlogic.com\/wp-content\/uploads\/2020\/12\/samtige-haut-logo.png\" \/>\n<meta name=\"twitter:card\" content=\"summary_large_image\" \/>\n<meta name=\"twitter:site\" content=\"@sellerlogic\" \/>\n<meta name=\"twitter:label1\" content=\"Est. reading time\" \/>\n\t<meta name=\"twitter:data1\" content=\"3 minutes\" \/>\n<script type=\"application\/ld+json\" class=\"yoast-schema-graph\">{\"@context\":\"https:\/\/schema.org\",\"@graph\":[{\"@type\":\"WebPage\",\"@id\":\"https:\/\/www.sellerlogic.com\/et\/resources\/success-story-samtige-haut\/\",\"url\":\"https:\/\/www.sellerlogic.com\/et\/resources\/success-story-samtige-haut\/\",\"name\":\"\\\"Samtige Haut\\\" saab Amazon'ilt tagasimakse l\u00e4bi SELLERLOGIC Lost & Found\",\"isPartOf\":{\"@id\":\"https:\/\/www.sellerlogic.com\/et\/#website\"},\"primaryImageOfPage\":{\"@id\":\"https:\/\/www.sellerlogic.com\/et\/resources\/success-story-samtige-haut\/#primaryimage\"},\"image\":{\"@id\":\"https:\/\/www.sellerlogic.com\/et\/resources\/success-story-samtige-haut\/#primaryimage\"},\"thumbnailUrl\":\"https:\/\/www.sellerlogic.com\/wp-content\/uploads\/2020\/12\/samtige-haut-logo.png\",\"datePublished\":\"2020-12-18T10:43:41+00:00\",\"description\":\"Tagasimaksed \u00fche kl\u00f5psuga: SELLERLOGIC klient \\\"Samtige Haut\\\" saab oma tagasimaksed Amazon'ilt l\u00e4bi Lost & Found.\",\"breadcrumb\":{\"@id\":\"https:\/\/www.sellerlogic.com\/et\/resources\/success-story-samtige-haut\/#breadcrumb\"},\"inLanguage\":\"et\",\"potentialAction\":[{\"@type\":\"ReadAction\",\"target\":[\"https:\/\/www.sellerlogic.com\/et\/resources\/success-story-samtige-haut\/\"]}]},{\"@type\":\"ImageObject\",\"inLanguage\":\"et\",\"@id\":\"https:\/\/www.sellerlogic.com\/et\/resources\/success-story-samtige-haut\/#primaryimage\",\"url\":\"https:\/\/www.sellerlogic.com\/wp-content\/uploads\/2020\/12\/samtige-haut-logo.png\",\"contentUrl\":\"https:\/\/www.sellerlogic.com\/wp-content\/uploads\/2020\/12\/samtige-haut-logo.png\"},{\"@type\":\"BreadcrumbList\",\"@id\":\"https:\/\/www.sellerlogic.com\/et\/resources\/success-story-samtige-haut\/#breadcrumb\",\"itemListElement\":[{\"@type\":\"ListItem\",\"position\":1,\"name\":\"Home\",\"item\":\"https:\/\/www.sellerlogic.com\/et\/\"},{\"@type\":\"ListItem\",\"position\":2,\"name\":\"Ressursid EN\",\"item\":\"https:\/\/www.sellerlogic.com\/et\/resources\/\"},{\"@type\":\"ListItem\",\"position\":3,\"name\":\"Edu lugu: Samtige Haut EN\"}]},{\"@type\":\"WebSite\",\"@id\":\"https:\/\/www.sellerlogic.com\/et\/#website\",\"url\":\"https:\/\/www.sellerlogic.com\/et\/\",\"name\":\"SELLERLOGIC - Smarte Tools f\u00fcr Amazon-Seller\",\"description\":\"Intelligente Prozessoptimierung und Gewinnmaximierung\",\"publisher\":{\"@id\":\"https:\/\/www.sellerlogic.com\/et\/#organization\"},\"potentialAction\":[{\"@type\":\"SearchAction\",\"target\":{\"@type\":\"EntryPoint\",\"urlTemplate\":\"https:\/\/www.sellerlogic.com\/et\/?s={search_term_string}\"},\"query-input\":{\"@type\":\"PropertyValueSpecification\",\"valueRequired\":true,\"valueName\":\"search_term_string\"}}],\"inLanguage\":\"et\"},{\"@type\":\"Organization\",\"@id\":\"https:\/\/www.sellerlogic.com\/et\/#organization\",\"name\":\"SELLERLOGIC\",\"url\":\"https:\/\/www.sellerlogic.com\/et\/\",\"logo\":{\"@type\":\"ImageObject\",\"inLanguage\":\"et\",\"@id\":\"https:\/\/www.sellerlogic.com\/et\/#\/schema\/logo\/image\/\",\"url\":\"https:\/\/d2bw95mh2ee04s.cloudfront.net\/prod\/content\/wp-content\/uploads\/2025\/01\/02134814\/Property-Logo-Main.svg\",\"contentUrl\":\"https:\/\/d2bw95mh2ee04s.cloudfront.net\/prod\/content\/wp-content\/uploads\/2025\/01\/02134814\/Property-Logo-Main.svg\",\"width\":184,\"height\":40,\"caption\":\"SELLERLOGIC\"},\"image\":{\"@id\":\"https:\/\/www.sellerlogic.com\/et\/#\/schema\/logo\/image\/\"},\"sameAs\":[\"https:\/\/www.facebook.com\/SellerLogic\/\",\"https:\/\/x.com\/sellerlogic\",\"https:\/\/www.instagram.com\/sellerlogic\/\",\"https:\/\/www.linkedin.com\/company\/18402037\/\",\"https:\/\/www.youtube.com\/channel\/UC-gULUur-fNj08sprantKsQ\"]}]}<\/script>\n<!-- \/ Yoast SEO plugin. -->","yoast_head_json":{"title":"\"Samtige Haut\" saab Amazon'ilt tagasimakse l\u00e4bi SELLERLOGIC Lost & Found","description":"Tagasimaksed \u00fche kl\u00f5psuga: SELLERLOGIC klient \"Samtige Haut\" saab oma tagasimaksed Amazon'ilt l\u00e4bi Lost & Found.","robots":{"index":"index","follow":"follow","max-snippet":"max-snippet:-1","max-image-preview":"max-image-preview:large","max-video-preview":"max-video-preview:-1"},"canonical":"https:\/\/www.sellerlogic.com\/et\/resources\/success-story-samtige-haut\/","og_locale":"et_EE","og_type":"article","og_title":"\"Samtige Haut\" saab Amazon'ilt tagasimakse l\u00e4bi SELLERLOGIC Lost & Found","og_description":"Tagasimaksed \u00fche kl\u00f5psuga: SELLERLOGIC klient \"Samtige Haut\" saab oma tagasimaksed Amazon'ilt l\u00e4bi Lost & Found.","og_url":"https:\/\/www.sellerlogic.com\/et\/resources\/success-story-samtige-haut\/","og_site_name":"SELLERLOGIC - Smarte Tools f\u00fcr Amazon-Seller","article_publisher":"https:\/\/www.facebook.com\/SellerLogic\/","og_image":[{"url":"https:\/\/www.sellerlogic.com\/wp-content\/uploads\/2020\/12\/samtige-haut-logo.png","type":"","width":"","height":""}],"twitter_card":"summary_large_image","twitter_site":"@sellerlogic","twitter_misc":{"Est. reading time":"3 minutes"},"schema":{"@context":"https:\/\/schema.org","@graph":[{"@type":"WebPage","@id":"https:\/\/www.sellerlogic.com\/et\/resources\/success-story-samtige-haut\/","url":"https:\/\/www.sellerlogic.com\/et\/resources\/success-story-samtige-haut\/","name":"\"Samtige Haut\" saab Amazon'ilt tagasimakse l\u00e4bi SELLERLOGIC Lost & Found","isPartOf":{"@id":"https:\/\/www.sellerlogic.com\/et\/#website"},"primaryImageOfPage":{"@id":"https:\/\/www.sellerlogic.com\/et\/resources\/success-story-samtige-haut\/#primaryimage"},"image":{"@id":"https:\/\/www.sellerlogic.com\/et\/resources\/success-story-samtige-haut\/#primaryimage"},"thumbnailUrl":"https:\/\/www.sellerlogic.com\/wp-content\/uploads\/2020\/12\/samtige-haut-logo.png","datePublished":"2020-12-18T10:43:41+00:00","description":"Tagasimaksed \u00fche kl\u00f5psuga: SELLERLOGIC klient \"Samtige Haut\" saab oma tagasimaksed Amazon'ilt l\u00e4bi Lost & Found.","breadcrumb":{"@id":"https:\/\/www.sellerlogic.com\/et\/resources\/success-story-samtige-haut\/#breadcrumb"},"inLanguage":"et","potentialAction":[{"@type":"ReadAction","target":["https:\/\/www.sellerlogic.com\/et\/resources\/success-story-samtige-haut\/"]}]},{"@type":"ImageObject","inLanguage":"et","@id":"https:\/\/www.sellerlogic.com\/et\/resources\/success-story-samtige-haut\/#primaryimage","url":"https:\/\/www.sellerlogic.com\/wp-content\/uploads\/2020\/12\/samtige-haut-logo.png","contentUrl":"https:\/\/www.sellerlogic.com\/wp-content\/uploads\/2020\/12\/samtige-haut-logo.png"},{"@type":"BreadcrumbList","@id":"https:\/\/www.sellerlogic.com\/et\/resources\/success-story-samtige-haut\/#breadcrumb","itemListElement":[{"@type":"ListItem","position":1,"name":"Home","item":"https:\/\/www.sellerlogic.com\/et\/"},{"@type":"ListItem","position":2,"name":"Ressursid EN","item":"https:\/\/www.sellerlogic.com\/et\/resources\/"},{"@type":"ListItem","position":3,"name":"Edu lugu: Samtige Haut EN"}]},{"@type":"WebSite","@id":"https:\/\/www.sellerlogic.com\/et\/#website","url":"https:\/\/www.sellerlogic.com\/et\/","name":"SELLERLOGIC - Smarte Tools f\u00fcr Amazon-Seller","description":"Intelligente Prozessoptimierung und Gewinnmaximierung","publisher":{"@id":"https:\/\/www.sellerlogic.com\/et\/#organization"},"potentialAction":[{"@type":"SearchAction","target":{"@type":"EntryPoint","urlTemplate":"https:\/\/www.sellerlogic.com\/et\/?s={search_term_string}"},"query-input":{"@type":"PropertyValueSpecification","valueRequired":true,"valueName":"search_term_string"}}],"inLanguage":"et"},{"@type":"Organization","@id":"https:\/\/www.sellerlogic.com\/et\/#organization","name":"SELLERLOGIC","url":"https:\/\/www.sellerlogic.com\/et\/","logo":{"@type":"ImageObject","inLanguage":"et","@id":"https:\/\/www.sellerlogic.com\/et\/#\/schema\/logo\/image\/","url":"https:\/\/d2bw95mh2ee04s.cloudfront.net\/prod\/content\/wp-content\/uploads\/2025\/01\/02134814\/Property-Logo-Main.svg","contentUrl":"https:\/\/d2bw95mh2ee04s.cloudfront.net\/prod\/content\/wp-content\/uploads\/2025\/01\/02134814\/Property-Logo-Main.svg","width":184,"height":40,"caption":"SELLERLOGIC"},"image":{"@id":"https:\/\/www.sellerlogic.com\/et\/#\/schema\/logo\/image\/"},"sameAs":["https:\/\/www.facebook.com\/SellerLogic\/","https:\/\/x.com\/sellerlogic","https:\/\/www.instagram.com\/sellerlogic\/","https:\/\/www.linkedin.com\/company\/18402037\/","https:\/\/www.youtube.com\/channel\/UC-gULUur-fNj08sprantKsQ"]}]}},"_links":{"self":[{"href":"https:\/\/www.sellerlogic.com\/et\/wp-json\/wp\/v2\/pages\/109854","targetHints":{"allow":["GET"]}}],"collection":[{"href":"https:\/\/www.sellerlogic.com\/et\/wp-json\/wp\/v2\/pages"}],"about":[{"href":"https:\/\/www.sellerlogic.com\/et\/wp-json\/wp\/v2\/types\/page"}],"author":[{"embeddable":true,"href":"https:\/\/www.sellerlogic.com\/et\/wp-json\/wp\/v2\/users\/8"}],"replies":[{"embeddable":true,"href":"https:\/\/www.sellerlogic.com\/et\/wp-json\/wp\/v2\/comments?post=109854"}],"version-history":[{"count":0,"href":"https:\/\/www.sellerlogic.com\/et\/wp-json\/wp\/v2\/pages\/109854\/revisions"}],"up":[{"embeddable":true,"href":"https:\/\/www.sellerlogic.com\/et\/wp-json\/wp\/v2\/pages\/110082"}],"wp:attachment":[{"href":"https:\/\/www.sellerlogic.com\/et\/wp-json\/wp\/v2\/media?parent=109854"}],"curies":[{"name":"wp","href":"https:\/\/api.w.org\/{rel}","templated":true}]}}