
{"id":109935,"date":"2020-12-17T16:17:58","date_gmt":"2020-12-17T16:17:58","guid":{"rendered":"https:\/\/127.0.0.1\/resources\/success-story-rewu-eu\/"},"modified":"2020-12-17T16:17:58","modified_gmt":"2020-12-17T16:17:58","slug":"success-story-rewu-eu","status":"publish","type":"page","link":"https:\/\/www.sellerlogic.com\/et\/resources\/success-story-rewu-eu\/","title":{"rendered":"Edu lugu: ReWu EN"},"content":{"rendered":"\n\t<div  class=\"theme-wp-block theme-block-main-header is-style-full-height desktop-align-full xl-align-full lg-align-full md-align-full sm-align-full desktop-content-align-y-center desktop-content-align-x-center xl-content-align-y-center xl-content-align-x-center lg-content-align-y-center lg-content-align-x-center md-content-align-y-center md-content-align-x-center sm-content-align-y-center sm-content-align-x-center gb-responsive-650367-identifier theme-block-cover\">\n\t\t<div class=\"bg-cover theme-lazy-load-bg\"><\/div>\n\t\t<div class=\"wrap-content-main-header\">\n\t\t\t\t\t<div  class=\"theme-wp-block theme-block-text-and-text gb-responsive-130700-identifier desktop-blockDirection-column xl-blockDirection-column lg-blockDirection-column md-blockDirection-column sm-blockDirection-column desktop-align-wide xl-align-wide lg-align-wide md-align-wide sm-align-wide\">\n\t\t<div class=\"tat-column-wrap-wrapper\">\n\t\t\t<div class=\"tat-column-wrapper\">\n\t\t\t\t\t<div  class=\"theme-wp-block theme-block-text-and-text-column gb-responsive-420800-identifier desktop-horizontal-center xl-horizontal-center lg-horizontal-center md-horizontal-center sm-horizontal-center\">\n\t\t<div class=\"inner-wrap-column-content\">\n\t\t\t<div class=\"inner-column-content\">\n\t\t\t\t\t\t<h1  class=\"theme-wp-block theme-block-heading is-style-default desktop-text-center xl-text-center lg-text-center md-text-center sm-text-center gb-responsive-178195-identifier h1\">\n\t\tKvaliteetsed elustiili aksessuaarid ideaalse hinna eest\t<\/h1>\n\n\t\t<h2  class=\"theme-wp-block theme-block-heading is-style-default desktop-text-center xl-text-center lg-text-center md-text-center sm-text-center gb-responsive-77462-identifier desktop-align-center xl-align-center lg-align-center md-align-center sm-align-center aligncenter h2 has-text-align\">\n\t\tKuidas ReWu.eu v\u00f5idab Amazoni Buy Box\t<\/h2>\n\n\t\t\t<\/div>\n\t\t<\/div>\n\t<\/div>\n\t<div  class=\"theme-wp-block theme-block-text-and-text-column gb-responsive-983379-identifier\">\n\t\t<div class=\"inner-wrap-column-content\">\n\t\t\t<div class=\"inner-column-content\">\n\t\t\t\t\t\t\t<\/div>\n\t\t<\/div>\n\t<\/div>\n\t\t\t<\/div>\n\t\t<\/div>\n\t<\/div>\n\n\t\t<\/div>\n\t<\/div>\n\n<div style=\"height:50px\" aria-hidden=\"true\" class=\"theme-wp-block wp-block-spacer\"><\/div><div class=\"theme-wp-block wp-block-columns gb-responsive-678291-identifier is-layout-flex wp-container-core-columns-is-layout-9d6595d7 wp-block-columns-is-layout-flex\"><div class=\"theme-wp-block wp-block-column gb-responsive-277127-identifier is-layout-flow wp-block-column-is-layout-flow\" style=\"flex-basis:25%\"><figure class=\"theme-wp-block wp-block-image size-large is-resized gb-responsive-62921-identifier\"><img decoding=\"async\" src=\"https:\/\/d2bw95mh2ee04s.cloudfront.net\/prod\/content\/wp-content\/uploads\/2020\/12\/23142722\/logo_rewu.png\" alt=\"Edu lugu: ReWu EN\" class=\"wp-image-4882\" width=\"300\" height=\"143\" srcset=\"https:\/\/d2bw95mh2ee04s.cloudfront.net\/prod\/content\/wp-content\/uploads\/2020\/12\/23142722\/logo_rewu-407x194.png 407w, https:\/\/d2bw95mh2ee04s.cloudfront.net\/prod\/content\/wp-content\/uploads\/2020\/12\/23142722\/logo_rewu.png 479w\" sizes=\"(max-width: 300px) 100vw, 300px\" \/><\/figure><p class=\"theme-wp-block gb-responsive-589628-identifier\"><strong>Asutamine:<\/strong><br>Juuli 2017<\/p><p class=\"theme-wp-block gb-responsive-203014-identifier\"><strong>Valdkond:<\/strong><br>Koduhooldus, m\u00f6\u00f6bel,<br>m\u00e4nguasjad<\/p><p class=\"theme-wp-block gb-responsive-55456-identifier\"><strong>Tooted Amazonis:<\/strong><br>umbes 900<\/p><p class=\"theme-wp-block gb-responsive-107672-identifier\"><strong>Saated:<\/strong><br>umbes 7.200 kuus<\/p><\/div><div class=\"theme-wp-block wp-block-column gb-responsive-745505-identifier is-layout-flow wp-block-column-is-layout-flow\" style=\"flex-basis:50%\"><h3 class=\"theme-wp-block wp-block-heading gb-responsive-34353-identifier\" id=\"block-c06fce04-ef87-4ffc-a3d6-b768ba377d17\">Taust:<\/h3><p class=\"theme-wp-block gb-responsive-175924-identifier desktop-gb-has-no-icon xl-gb-has-no-icon lg-gb-has-no-icon md-gb-has-no-icon sm-gb-has-no-icon\">Florian Wucherpfennig otsis uusi kogemusi lisaks oma t\u00e4iskohaga t\u00f6\u00f6le peres juhitavas elektrifirmas. S\u00f5bra soovitusel hakkas ta uurima m\u00fc\u00fcki Amazonis.<\/p><p class=\"theme-wp-block gb-responsive-353482-identifier desktop-gb-has-no-icon xl-gb-has-no-icon lg-gb-has-no-icon md-gb-has-no-icon sm-gb-has-no-icon\">Kuna veebiplatvormil edukaks saamiseks peab m\u00fc\u00fcja \u00fcletama mitmeid takistusi ja tegutsema. Klienditeenindus ja hinnaoptimeerimine moodustavad eduka kauplemise aluse ja eristavad jaem\u00fc\u00fcjat. P\u00e4rast oma Amazon&#8217;i poe ReWu.eu avamist m\u00f5istis Florian kohe klienditeeninduse ja hindade olulisust.<\/p><h3 class=\"theme-wp-block wp-block-heading gb-responsive-182281-identifier\">V\u00e4ljakutse:<\/h3><p class=\"theme-wp-block gb-responsive-432341-identifier desktop-gb-has-no-icon xl-gb-has-no-icon lg-gb-has-no-icon md-gb-has-no-icon sm-gb-has-no-icon\">Peaaegu iga teine euro, mis veebi kaudu kulutatakse, j\u00f5uab Amazonisse. Selles \u00e4\u00e4rmiselt konkurentsitihedas veebikaubanduses peab ReWu.eu end t\u00f5estama teiste 100 000 veebikaubanduse ettev\u00f5tte seas Saksamaal. Kuna Florian m\u00fc\u00fcb ainult hulgim\u00fc\u00fcki, peab tegevjuht iga p\u00e4ev v\u00f5itlema kasvava konkurentsiga. Hinnad v\u00f5ivad langeda ja kaupade kvaliteet kannatab selle t\u00f5ttu.<\/p><p class=\"theme-wp-block gb-responsive-926294-identifier desktop-gb-has-no-icon xl-gb-has-no-icon lg-gb-has-no-icon md-gb-has-no-icon sm-gb-has-no-icon\">\u201eMe ei soovi m\u00fc\u00fca klientidele r\u00e4mpskaupu madalaima hinnaga. Meie eesm\u00e4rk on pakkuda kvaliteetseid tooteid koos klienditeenindusega, mida \u00fckski meie konkurentidest ei suuda \u00fcletada. See on meie peamine prioriteet. Nii j\u00e4\u00e4me me konkurentsiv\u00f5imeliseks. Loomulikult on hinnas\u00f5da kohal ka kvaliteedisegmendis. Seet\u00f5ttu vajasime hinnakujunduse partnerit, kes ei tugine madalaimale hinnale, et p\u00e4\u00e4seda Buy Box turule, vaid tegutseb d\u00fcnaamiliselt ja kohandab hindu vastavalt turuolukorrale,\u201c selgitab Florian.<\/p><h3 class=\"theme-wp-block wp-block-heading gb-responsive-115756-identifier\">Lahendus:<\/h3><p class=\"theme-wp-block gb-responsive-578168-identifier desktop-gb-has-no-icon xl-gb-has-no-icon lg-gb-has-no-icon md-gb-has-no-icon sm-gb-has-no-icon\">Florian pani oma panuse SELLERLOGIC Repricer peale, kuna see toob endaga kaasa Buy Box ja k\u00f5rgeima hinna. P\u00e4rast seda, kui tooted on Buy Box positsioneeritud, optimeerib Repricer selle toote hinda v\u00f5imalikult k\u00f5rgele. \u201ePraegu oleme suunatud kaubale. Seet\u00f5ttu on SELLERLOGIC toode meile h\u00e4davajalik. See kohandab hindu vastavalt turuolukorrale, kuid aitab ka kiiresti \u00fclevaadet saada segmentidest, kus peame veel iteratsiooni tegema v\u00f5i mida peame l\u00e4hemalt j\u00e4lgima,\u201c kinnitab Florian.<\/p><div class=\"theme-block-group-wrap\"><div class=\"theme-wp-block wp-block-group gb-responsive-88118-identifier\">\t\t<div  class=\"theme-wp-block theme-block-user-card gb-responsive-799176-identifier is-style-full-width-line desktop-gb-has-no-icon xl-gb-has-no-icon lg-gb-has-no-icon md-gb-has-no-icon sm-gb-has-no-icon\">\n\t\t<div class=\"wrap-inner-content\">\n\t\t\t<div class=\"card-user-head\">\n\t\t\t\t<div class=\"card-user-avatar\">\n\t\t\t\t\t<div class=\"cover-avatar\" style=\"background-image: url(https:\/\/d2bw95mh2ee04s.cloudfront.net\/prod\/content\/wp-content\/uploads\/2020\/12\/23142721\/florian_wucherpfennig_raute.png);\"><\/div>\n\t\t\t\t<\/div>\n\t\t\t\t<div class=\"wrap-title\">\n\t\t\t\t\t<div class=\"card-user-name\">\n\t\t\t\t\t\t<div class=\"title\">\n\t\t\t\t\t\t\t<h3 class=\"heading-text\"><strong>Florian Wucherpfennig<\/strong><\/h3>\n\t\t\t\t\t\t<\/div>\n\t\t\t\t\t\t<div class=\"card-user-position\">\n\t\t\t\t\t\t\t<div class=\"card-text\"><strong>ReWu.eu tegevjuht<\/strong><\/div>\n\t\t\t\t\t\t<\/div>\n\t\t\t\t\t<\/div>\n\t\t\t\t\t<div class=\"card-user-quote-icon\">\n\t\t\t\t\t<\/div>\n\t\t\t\t<\/div>\n\t\t\t<\/div>\n\t\t\t<div class=\"card-user-text\">\n\t\t\t\t<div class=\"card-text\"><p>\u201eMa arvan t\u00f5eliselt, et SELLERLOGIC s\u00e4\u00e4stab meile tohutult ressursse. N\u00fc\u00fcd saame panna aega, t\u00f6\u00f6j\u00f5udu ja raha klienditoe arendamiseks. Loomulikult on k\u00f5rgem kasum sama oluline ja Repricer toob selle iga kord.\u201c<\/p><\/div>\n\t\t\t<\/div>\n\t\t<\/div>\n\t<\/div>\n\n<\/div><\/div><h3 class=\"theme-wp-block wp-block-heading gb-responsive-595368-identifier\">Edukaid tulemusi SELLERLOGIC abil:<\/h3><p class=\"theme-wp-block gb-responsive-295853-identifier desktop-gb-has-no-icon xl-gb-has-no-icon lg-gb-has-no-icon md-gb-has-no-icon sm-gb-has-no-icon\">Klienditeenindus on ReWU.eu-s k\u00f5rgel kohal. Florian selgitab, miks: \u201eOn h\u00e4sti teada, et hea klienditeenindus on energiat n\u00f5udev, kuid tasub end l\u00f5puks kahekordselt \u00e4ra. See on ka kindel meetod konkurentidest eristumiseks. Repricer kasutamine v\u00f5imaldab meil s\u00e4\u00e4sta tohutult energiat, mida saame suunata meie klienditeenindusse, mis omakorda toob kasu meie klientidele. Loomulikult on k\u00f5rgem kasum, mida Repricer pakub, sama oluline ja see on tagatud iga kord.\u201c<\/p><p class=\"theme-wp-block gb-responsive-525743-identifier desktop-gb-has-no-icon xl-gb-has-no-icon lg-gb-has-no-icon md-gb-has-no-icon sm-gb-has-no-icon\">\u201eOn raske ette kujutada, et l\u00e4heksime iga toote k\u00e4sitsi uuesti ja uuesti l\u00e4bi, kui konkurents muutub. Selle asemel vaatame meie tooteid kord n\u00e4dalas, kontrollime, millised ei ole Buy Box ja teeme kohandusi. Repricer hoolitseb \u00fclej\u00e4\u00e4nu eest,\u201c j\u00e4tkab Florian. \u201eKuid ma usun, et me ei kasuta seda t\u00f6\u00f6riista veel 100% ulatuses ja seal on veel m\u00f5ned nipid ja funktsioonid, mis v\u00f5iksid olla kasulikud ja l\u00f5busad.\u201c<\/p><div class=\"theme-wp-block wp-block-buttons gb-responsive-497426-identifier is-layout-flex wp-block-buttons-is-layout-flex\"><div class=\"theme-wp-block wp-block-button gb-responsive-38220-identifier is-style-theme-transparent-with-arrow\"><a class=\"wp-block-button__link wp-element-button\" href=\"https:\/\/d2bw95mh2ee04s.cloudfront.net\/prod\/content\/files\/SUCCESS-STORIES\/EN\/SELLERLOGIC_SN_Success-Story_ReWu_EN.pdf\" target=\"_blank\" rel=\"noreferrer noopener nofollow\">Laadi n\u00fc\u00fcd alla!<\/a><\/div><\/div><\/div><div class=\"theme-wp-block wp-block-column gb-responsive-561369-identifier is-layout-flow wp-block-column-is-layout-flow\" style=\"flex-basis:25%\"><\/div><\/div>","protected":false},"excerpt":{"rendered":"<p>Asutamine:Juuli 2017 Valdkond:Koduhooldus, m\u00f6\u00f6bel,m\u00e4nguasjad Tooted Amazonis:umbes 900 Saated:umbes 7.200 kuus Taust: Florian Wucherpfennig otsis uusi kogemusi lisaks oma t\u00e4iskohaga t\u00f6\u00f6le peres juhitavas elektrifirmas. S\u00f5bra soovitusel hakkas ta uurima m\u00fc\u00fcki Amazonis. Kuna veebiplatvormil edukaks saamiseks peab m\u00fc\u00fcja \u00fcletama mitmeid takistusi ja tegutsema. Klienditeenindus ja hinnaoptimeerimine moodustavad eduka kauplemise aluse ja eristavad jaem\u00fc\u00fcjat. P\u00e4rast oma Amazon&#8217;i poe<\/p>\n","protected":false},"author":3,"featured_media":4796,"parent":110082,"menu_order":0,"comment_status":"closed","ping_status":"closed","template":"","meta":{"sidebar_recommended_resources":{"data":[]},"sidebar_header_settings":{"hide_buttons":{"register":false}},"_use_new_theme":false,"inline_featured_image":false,"footnotes":""},"class_list":["post-109935","page","type-page","status-publish","has-post-thumbnail","hentry"],"yoast_head":"<!-- This site is optimized with the Yoast SEO plugin v26.8 - https:\/\/yoast.com\/product\/yoast-seo-wordpress\/ -->\n<title>Kuidas ReWu.eu v\u00f5idab Amazon Buy Box | SELLERLOGIC<\/title>\n<meta name=\"description\" content=\"Buy Box v\u00f5itmine on Amazonis \u00fclioluline. Vaata n\u00fc\u00fcd, kuidas ReWu.eu \u00fcletab selle takistuse SELLERLOGIC Repricer abil!\" \/>\n<meta name=\"robots\" content=\"index, follow, max-snippet:-1, max-image-preview:large, max-video-preview:-1\" \/>\n<link rel=\"canonical\" href=\"https:\/\/www.sellerlogic.com\/et\/resources\/success-story-rewu-eu\/\" \/>\n<meta property=\"og:locale\" content=\"et_EE\" \/>\n<meta property=\"og:type\" content=\"article\" \/>\n<meta property=\"og:title\" content=\"Kuidas ReWu.eu v\u00f5idab Amazon Buy Box | SELLERLOGIC\" \/>\n<meta property=\"og:description\" content=\"Buy Box v\u00f5itmine on Amazonis \u00fclioluline. Vaata n\u00fc\u00fcd, kuidas ReWu.eu \u00fcletab selle takistuse SELLERLOGIC Repricer abil!\" \/>\n<meta property=\"og:url\" content=\"https:\/\/www.sellerlogic.com\/et\/resources\/success-story-rewu-eu\/\" \/>\n<meta property=\"og:site_name\" content=\"SELLERLOGIC - Smarte Tools f\u00fcr Amazon-Seller\" \/>\n<meta property=\"article:publisher\" content=\"https:\/\/www.facebook.com\/SellerLogic\/\" \/>\n<meta property=\"og:image\" content=\"https:\/\/d2bw95mh2ee04s.cloudfront.net\/prod\/content\/wp-content\/uploads\/2020\/12\/23142724\/header-success-story-rewu.jpg\" \/>\n\t<meta property=\"og:image:width\" content=\"2500\" \/>\n\t<meta property=\"og:image:height\" content=\"1667\" \/>\n\t<meta property=\"og:image:type\" content=\"image\/jpeg\" \/>\n<meta name=\"twitter:card\" content=\"summary_large_image\" \/>\n<meta name=\"twitter:site\" content=\"@sellerlogic\" \/>\n<meta name=\"twitter:label1\" content=\"Est. reading time\" \/>\n\t<meta name=\"twitter:data1\" content=\"3 minutes\" \/>\n<script type=\"application\/ld+json\" class=\"yoast-schema-graph\">{\"@context\":\"https:\/\/schema.org\",\"@graph\":[{\"@type\":\"WebPage\",\"@id\":\"https:\/\/www.sellerlogic.com\/et\/resources\/success-story-rewu-eu\/\",\"url\":\"https:\/\/www.sellerlogic.com\/et\/resources\/success-story-rewu-eu\/\",\"name\":\"Kuidas ReWu.eu v\u00f5idab Amazon Buy Box | SELLERLOGIC\",\"isPartOf\":{\"@id\":\"https:\/\/www.sellerlogic.com\/et\/#website\"},\"primaryImageOfPage\":{\"@id\":\"https:\/\/www.sellerlogic.com\/et\/resources\/success-story-rewu-eu\/#primaryimage\"},\"image\":{\"@id\":\"https:\/\/www.sellerlogic.com\/et\/resources\/success-story-rewu-eu\/#primaryimage\"},\"thumbnailUrl\":\"https:\/\/d2bw95mh2ee04s.cloudfront.net\/prod\/content\/wp-content\/uploads\/2020\/12\/23142724\/header-success-story-rewu.jpg\",\"datePublished\":\"2020-12-17T16:17:58+00:00\",\"description\":\"Buy Box v\u00f5itmine on Amazonis \u00fclioluline. Vaata n\u00fc\u00fcd, kuidas ReWu.eu \u00fcletab selle takistuse SELLERLOGIC Repricer abil!\",\"breadcrumb\":{\"@id\":\"https:\/\/www.sellerlogic.com\/et\/resources\/success-story-rewu-eu\/#breadcrumb\"},\"inLanguage\":\"et\",\"potentialAction\":[{\"@type\":\"ReadAction\",\"target\":[\"https:\/\/www.sellerlogic.com\/et\/resources\/success-story-rewu-eu\/\"]}]},{\"@type\":\"ImageObject\",\"inLanguage\":\"et\",\"@id\":\"https:\/\/www.sellerlogic.com\/et\/resources\/success-story-rewu-eu\/#primaryimage\",\"url\":\"https:\/\/d2bw95mh2ee04s.cloudfront.net\/prod\/content\/wp-content\/uploads\/2020\/12\/23142724\/header-success-story-rewu.jpg\",\"contentUrl\":\"https:\/\/d2bw95mh2ee04s.cloudfront.net\/prod\/content\/wp-content\/uploads\/2020\/12\/23142724\/header-success-story-rewu.jpg\",\"width\":2500,\"height\":1667,\"caption\":\"Amazon seller software for professionals: SELLERLOGIC Repricer\"},{\"@type\":\"BreadcrumbList\",\"@id\":\"https:\/\/www.sellerlogic.com\/et\/resources\/success-story-rewu-eu\/#breadcrumb\",\"itemListElement\":[{\"@type\":\"ListItem\",\"position\":1,\"name\":\"Home\",\"item\":\"https:\/\/www.sellerlogic.com\/et\/\"},{\"@type\":\"ListItem\",\"position\":2,\"name\":\"Ressursid EN\",\"item\":\"https:\/\/www.sellerlogic.com\/et\/resources\/\"},{\"@type\":\"ListItem\",\"position\":3,\"name\":\"Edu lugu: ReWu EN\"}]},{\"@type\":\"WebSite\",\"@id\":\"https:\/\/www.sellerlogic.com\/et\/#website\",\"url\":\"https:\/\/www.sellerlogic.com\/et\/\",\"name\":\"SELLERLOGIC - Smarte Tools f\u00fcr Amazon-Seller\",\"description\":\"Intelligente Prozessoptimierung und Gewinnmaximierung\",\"publisher\":{\"@id\":\"https:\/\/www.sellerlogic.com\/et\/#organization\"},\"potentialAction\":[{\"@type\":\"SearchAction\",\"target\":{\"@type\":\"EntryPoint\",\"urlTemplate\":\"https:\/\/www.sellerlogic.com\/et\/?s={search_term_string}\"},\"query-input\":{\"@type\":\"PropertyValueSpecification\",\"valueRequired\":true,\"valueName\":\"search_term_string\"}}],\"inLanguage\":\"et\"},{\"@type\":\"Organization\",\"@id\":\"https:\/\/www.sellerlogic.com\/et\/#organization\",\"name\":\"SELLERLOGIC\",\"url\":\"https:\/\/www.sellerlogic.com\/et\/\",\"logo\":{\"@type\":\"ImageObject\",\"inLanguage\":\"et\",\"@id\":\"https:\/\/www.sellerlogic.com\/et\/#\/schema\/logo\/image\/\",\"url\":\"https:\/\/d2bw95mh2ee04s.cloudfront.net\/prod\/content\/wp-content\/uploads\/2025\/01\/02134814\/Property-Logo-Main.svg\",\"contentUrl\":\"https:\/\/d2bw95mh2ee04s.cloudfront.net\/prod\/content\/wp-content\/uploads\/2025\/01\/02134814\/Property-Logo-Main.svg\",\"width\":184,\"height\":40,\"caption\":\"SELLERLOGIC\"},\"image\":{\"@id\":\"https:\/\/www.sellerlogic.com\/et\/#\/schema\/logo\/image\/\"},\"sameAs\":[\"https:\/\/www.facebook.com\/SellerLogic\/\",\"https:\/\/x.com\/sellerlogic\",\"https:\/\/www.instagram.com\/sellerlogic\/\",\"https:\/\/www.linkedin.com\/company\/18402037\/\",\"https:\/\/www.youtube.com\/channel\/UC-gULUur-fNj08sprantKsQ\"]}]}<\/script>\n<!-- \/ Yoast SEO plugin. -->","yoast_head_json":{"title":"Kuidas ReWu.eu v\u00f5idab Amazon Buy Box | SELLERLOGIC","description":"Buy Box v\u00f5itmine on Amazonis \u00fclioluline. Vaata n\u00fc\u00fcd, kuidas ReWu.eu \u00fcletab selle takistuse SELLERLOGIC Repricer abil!","robots":{"index":"index","follow":"follow","max-snippet":"max-snippet:-1","max-image-preview":"max-image-preview:large","max-video-preview":"max-video-preview:-1"},"canonical":"https:\/\/www.sellerlogic.com\/et\/resources\/success-story-rewu-eu\/","og_locale":"et_EE","og_type":"article","og_title":"Kuidas ReWu.eu v\u00f5idab Amazon Buy Box | SELLERLOGIC","og_description":"Buy Box v\u00f5itmine on Amazonis \u00fclioluline. Vaata n\u00fc\u00fcd, kuidas ReWu.eu \u00fcletab selle takistuse SELLERLOGIC Repricer abil!","og_url":"https:\/\/www.sellerlogic.com\/et\/resources\/success-story-rewu-eu\/","og_site_name":"SELLERLOGIC - Smarte Tools f\u00fcr Amazon-Seller","article_publisher":"https:\/\/www.facebook.com\/SellerLogic\/","og_image":[{"width":2500,"height":1667,"url":"https:\/\/d2bw95mh2ee04s.cloudfront.net\/prod\/content\/wp-content\/uploads\/2020\/12\/23142724\/header-success-story-rewu.jpg","type":"image\/jpeg"}],"twitter_card":"summary_large_image","twitter_site":"@sellerlogic","twitter_misc":{"Est. reading time":"3 minutes"},"schema":{"@context":"https:\/\/schema.org","@graph":[{"@type":"WebPage","@id":"https:\/\/www.sellerlogic.com\/et\/resources\/success-story-rewu-eu\/","url":"https:\/\/www.sellerlogic.com\/et\/resources\/success-story-rewu-eu\/","name":"Kuidas ReWu.eu v\u00f5idab Amazon Buy Box | SELLERLOGIC","isPartOf":{"@id":"https:\/\/www.sellerlogic.com\/et\/#website"},"primaryImageOfPage":{"@id":"https:\/\/www.sellerlogic.com\/et\/resources\/success-story-rewu-eu\/#primaryimage"},"image":{"@id":"https:\/\/www.sellerlogic.com\/et\/resources\/success-story-rewu-eu\/#primaryimage"},"thumbnailUrl":"https:\/\/d2bw95mh2ee04s.cloudfront.net\/prod\/content\/wp-content\/uploads\/2020\/12\/23142724\/header-success-story-rewu.jpg","datePublished":"2020-12-17T16:17:58+00:00","description":"Buy Box v\u00f5itmine on Amazonis \u00fclioluline. Vaata n\u00fc\u00fcd, kuidas ReWu.eu \u00fcletab selle takistuse SELLERLOGIC Repricer abil!","breadcrumb":{"@id":"https:\/\/www.sellerlogic.com\/et\/resources\/success-story-rewu-eu\/#breadcrumb"},"inLanguage":"et","potentialAction":[{"@type":"ReadAction","target":["https:\/\/www.sellerlogic.com\/et\/resources\/success-story-rewu-eu\/"]}]},{"@type":"ImageObject","inLanguage":"et","@id":"https:\/\/www.sellerlogic.com\/et\/resources\/success-story-rewu-eu\/#primaryimage","url":"https:\/\/d2bw95mh2ee04s.cloudfront.net\/prod\/content\/wp-content\/uploads\/2020\/12\/23142724\/header-success-story-rewu.jpg","contentUrl":"https:\/\/d2bw95mh2ee04s.cloudfront.net\/prod\/content\/wp-content\/uploads\/2020\/12\/23142724\/header-success-story-rewu.jpg","width":2500,"height":1667,"caption":"Amazon seller software for professionals: SELLERLOGIC Repricer"},{"@type":"BreadcrumbList","@id":"https:\/\/www.sellerlogic.com\/et\/resources\/success-story-rewu-eu\/#breadcrumb","itemListElement":[{"@type":"ListItem","position":1,"name":"Home","item":"https:\/\/www.sellerlogic.com\/et\/"},{"@type":"ListItem","position":2,"name":"Ressursid EN","item":"https:\/\/www.sellerlogic.com\/et\/resources\/"},{"@type":"ListItem","position":3,"name":"Edu lugu: ReWu EN"}]},{"@type":"WebSite","@id":"https:\/\/www.sellerlogic.com\/et\/#website","url":"https:\/\/www.sellerlogic.com\/et\/","name":"SELLERLOGIC - Smarte Tools f\u00fcr Amazon-Seller","description":"Intelligente Prozessoptimierung und Gewinnmaximierung","publisher":{"@id":"https:\/\/www.sellerlogic.com\/et\/#organization"},"potentialAction":[{"@type":"SearchAction","target":{"@type":"EntryPoint","urlTemplate":"https:\/\/www.sellerlogic.com\/et\/?s={search_term_string}"},"query-input":{"@type":"PropertyValueSpecification","valueRequired":true,"valueName":"search_term_string"}}],"inLanguage":"et"},{"@type":"Organization","@id":"https:\/\/www.sellerlogic.com\/et\/#organization","name":"SELLERLOGIC","url":"https:\/\/www.sellerlogic.com\/et\/","logo":{"@type":"ImageObject","inLanguage":"et","@id":"https:\/\/www.sellerlogic.com\/et\/#\/schema\/logo\/image\/","url":"https:\/\/d2bw95mh2ee04s.cloudfront.net\/prod\/content\/wp-content\/uploads\/2025\/01\/02134814\/Property-Logo-Main.svg","contentUrl":"https:\/\/d2bw95mh2ee04s.cloudfront.net\/prod\/content\/wp-content\/uploads\/2025\/01\/02134814\/Property-Logo-Main.svg","width":184,"height":40,"caption":"SELLERLOGIC"},"image":{"@id":"https:\/\/www.sellerlogic.com\/et\/#\/schema\/logo\/image\/"},"sameAs":["https:\/\/www.facebook.com\/SellerLogic\/","https:\/\/x.com\/sellerlogic","https:\/\/www.instagram.com\/sellerlogic\/","https:\/\/www.linkedin.com\/company\/18402037\/","https:\/\/www.youtube.com\/channel\/UC-gULUur-fNj08sprantKsQ"]}]}},"_links":{"self":[{"href":"https:\/\/www.sellerlogic.com\/et\/wp-json\/wp\/v2\/pages\/109935","targetHints":{"allow":["GET"]}}],"collection":[{"href":"https:\/\/www.sellerlogic.com\/et\/wp-json\/wp\/v2\/pages"}],"about":[{"href":"https:\/\/www.sellerlogic.com\/et\/wp-json\/wp\/v2\/types\/page"}],"author":[{"embeddable":true,"href":"https:\/\/www.sellerlogic.com\/et\/wp-json\/wp\/v2\/users\/3"}],"replies":[{"embeddable":true,"href":"https:\/\/www.sellerlogic.com\/et\/wp-json\/wp\/v2\/comments?post=109935"}],"version-history":[{"count":0,"href":"https:\/\/www.sellerlogic.com\/et\/wp-json\/wp\/v2\/pages\/109935\/revisions"}],"up":[{"embeddable":true,"href":"https:\/\/www.sellerlogic.com\/et\/wp-json\/wp\/v2\/pages\/110082"}],"wp:featuredmedia":[{"embeddable":true,"href":"https:\/\/www.sellerlogic.com\/et\/wp-json\/wp\/v2\/media\/4796"}],"wp:attachment":[{"href":"https:\/\/www.sellerlogic.com\/et\/wp-json\/wp\/v2\/media?parent=109935"}],"curies":[{"name":"wp","href":"https:\/\/api.w.org\/{rel}","templated":true}]}}