
{"id":109956,"date":"2021-03-05T13:21:38","date_gmt":"2021-03-05T13:21:38","guid":{"rendered":"https:\/\/127.0.0.1\/resources\/workbook-the-right-strategy-for-amazon\/"},"modified":"2021-03-05T13:21:38","modified_gmt":"2021-03-05T13:21:38","slug":"workbook-the-right-strategy-for-amazon","status":"publish","type":"page","link":"https:\/\/www.sellerlogic.com\/et\/resources\/workbook-the-right-strategy-for-amazon\/","title":{"rendered":"T\u00f6\u00f6vihik: \u00d5ige strateegia Amazonile"},"content":{"rendered":"\n\t<div  class=\"theme-wp-block theme-block-main-header desktop-align-full xl-align-full lg-align-full md-align-full sm-align-full desktop-content-align-y-center desktop-content-align-x-center xl-content-align-y-center xl-content-align-x-center lg-content-align-y-center lg-content-align-x-center md-content-align-y-center md-content-align-x-center sm-content-align-y-center sm-content-align-x-center desktop-gb-has-no-icon xl-gb-has-no-icon lg-gb-has-no-icon md-gb-has-no-icon sm-gb-has-no-icon gb-responsive-877912-identifier is-style-default theme-block-cover\">\n\t\t<div class=\"bg-cover theme-lazy-load-bg\"><\/div>\n\t\t<div class=\"wrap-content-main-header\">\n\t\t\t\t\t<div  class=\"theme-wp-block theme-block-text-and-text desktop-align-wide xl-align-wide lg-align-wide md-align-wide sm-align-wide desktop-gb-has-no-icon xl-gb-has-no-icon lg-gb-has-no-icon md-gb-has-no-icon sm-gb-has-no-icon desktop-blockDirection-row xl-blockDirection-row lg-blockDirection-row md-blockDirection-row sm-blockDirection-row gb-responsive-480589-identifier\">\n\t\t<div class=\"tat-column-wrap-wrapper\">\n\t\t\t<div class=\"tat-column-wrapper\">\n\t\t\t\t\t<div  class=\"theme-wp-block theme-block-text-and-text-column desktop-gb-has-no-icon xl-gb-has-no-icon lg-gb-has-no-icon md-gb-has-no-icon sm-gb-has-no-icon gb-responsive-631760-identifier desktop-horizontal-center xl-horizontal-center lg-horizontal-center md-horizontal-center sm-horizontal-center\">\n\t\t<div class=\"inner-wrap-column-content\">\n\t\t\t<div class=\"inner-column-content\">\n\t\t\t\t\t\t<h1  class=\"theme-wp-block theme-block-heading is-style-default desktop-text-center xl-text-center lg-text-center md-text-center sm-text-center desktop-gb-has-no-icon xl-gb-has-no-icon lg-gb-has-no-icon md-gb-has-no-icon sm-gb-has-no-icon gb-responsive-781422-identifier h1\">\n\t\t\u00d5ige strateegia Amazonile\t<\/h1>\n\n\t\t<h2  class=\"theme-wp-block theme-block-heading is-style-default desktop-text-center xl-text-center lg-text-center md-text-center sm-text-center gb-responsive-855669-identifier h2\">\n\t\tKuidas oma \u00e4ri optimaalselt kohandada\t<\/h2>\n\n\t\t\t<\/div>\n\t\t<\/div>\n\t<\/div>\n\t<div  class=\"theme-wp-block theme-block-text-and-text-column desktop-gb-has-no-icon xl-gb-has-no-icon lg-gb-has-no-icon md-gb-has-no-icon sm-gb-has-no-icon gb-responsive-330778-identifier\">\n\t\t<div class=\"inner-wrap-column-content\">\n\t\t\t<div class=\"inner-column-content\">\n\t\t\t\t\t\t\t<\/div>\n\t\t<\/div>\n\t<\/div>\n\t\t\t<\/div>\n\t\t<\/div>\n\t<\/div>\n\n\t\t<\/div>\n\t<\/div>\n\n<div style=\"height:50px\" aria-hidden=\"true\" class=\"theme-wp-block wp-block-spacer\"><\/div><div class=\"theme-wp-block wp-block-columns gb-responsive-483071-identifier desktop-gb-has-no-icon xl-gb-has-no-icon lg-gb-has-no-icon md-gb-has-no-icon sm-gb-has-no-icon is-layout-flex wp-container-core-columns-is-layout-9d6595d7 wp-block-columns-is-layout-flex\"><div class=\"theme-wp-block wp-block-column gb-responsive-321787-identifier desktop-gb-has-no-icon xl-gb-has-no-icon lg-gb-has-no-icon md-gb-has-no-icon sm-gb-has-no-icon is-layout-flow wp-block-column-is-layout-flow\"><h3 class=\"theme-wp-block gb-responsive-978361-identifier desktop-gb-has-no-icon xl-gb-has-no-icon lg-gb-has-no-icon md-gb-has-no-icon sm-gb-has-no-icon wp-block-heading\">Kas sa juba l\u00e4hened Amazonile strateegiliselt?<\/h3><div class=\"wp-block-image gb-responsive-146322-identifier desktop-gb-has-no-icon xl-gb-has-no-icon lg-gb-has-no-icon md-gb-has-no-icon sm-gb-has-no-icon\"><figure class=\"theme-wp-block alignright size-large is-resized\"><img decoding=\"async\" src=\"https:\/\/d2bw95mh2ee04s.cloudfront.net\/prod\/content\/wp-content\/uploads\/2021\/03\/23142638\/cover-LP-strategie-amazon.png\" alt=\"\u00d5ige strateegia Amazonile: Laadi n\u00fc\u00fcd t\u00f6\u00f6vihik alla!\" class=\"wp-image-8591\" width=\"418\" height=\"454\" srcset=\"https:\/\/d2bw95mh2ee04s.cloudfront.net\/prod\/content\/wp-content\/uploads\/2021\/03\/23142638\/cover-LP-strategie-amazon-407x443.png 407w, https:\/\/d2bw95mh2ee04s.cloudfront.net\/prod\/content\/wp-content\/uploads\/2021\/03\/23142638\/cover-LP-strategie-amazon.png 738w\" sizes=\"(max-width: 418px) 100vw, 418px\" \/><\/figure><\/div><p class=\"theme-wp-block gb-responsive-102890-identifier desktop-gb-has-no-icon xl-gb-has-no-icon lg-gb-has-no-icon md-gb-has-no-icon sm-gb-has-no-icon\">Liialt sageli n\u00e4eme Amazon&#8217;i m\u00fc\u00fcjaid, kellel on t\u00f5eline potentsiaal \u2013 kuid nad n\u00e4ivad tegutsevat ilma strateegilise fookuseta. Me tahame seda muuta! Siin saad teada, kuidas sinu individuaalne \u00e4rimudel m\u00f5jutab seda, kuidas peaksid end strateegiliselt positsioneerima&#8230;<\/p><div class=\"theme-block-list\"><ul class=\"theme-wp-block gb-responsive-282953-identifier wp-block-list\"><li class=\"theme-wp-block\">jaem\u00fc\u00fcgikaupade <strong>m\u00fc\u00fcjana<\/strong>,<\/li><li class=\"theme-wp-block\">kaubam\u00e4rgi <strong>jaotajana<\/strong> v\u00f5i litsentsisaajana,<\/li><li class=\"theme-wp-block\">isikliku kaubam\u00e4rgi <strong>m\u00fc\u00fcjana<\/strong> v\u00f5i<\/li><li class=\"theme-wp-block\">rahvusvaheliselt tuntud <strong>kaubam\u00e4rgi<\/strong> omanikuna.<\/li><\/ul><\/div><p class=\"theme-wp-block desktop-gb-has-no-icon xl-gb-has-no-icon lg-gb-has-no-icon md-gb-has-no-icon sm-gb-has-no-icon gb-responsive-210392-identifier\">Lisaks saad meie ulatuslikud teadmised Amazonis konkurentsiolukorra kohta ja kuidas seda optimaalselt k\u00e4sitleda!<\/p><p class=\"theme-wp-block gb-responsive-61483-identifier desktop-gb-has-no-icon xl-gb-has-no-icon lg-gb-has-no-icon md-gb-has-no-icon sm-gb-has-no-icon\"><strong>Laadi tasuta t\u00f6\u00f6vihik &#8220;\u00d5ige strateegia Amazonile&#8221; n\u00fc\u00fcd tasuta alla ja arenda oma strateegiat juba t\u00e4na!<\/strong><\/p><div class=\"theme-wp-block wp-block-columns gb-responsive-352536-identifier is-layout-flex wp-container-core-columns-is-layout-9d6595d7 wp-block-columns-is-layout-flex\"><div class=\"theme-wp-block wp-block-column desktop-gb-has-no-icon xl-gb-has-no-icon lg-gb-has-no-icon md-gb-has-no-icon sm-gb-has-no-icon gb-responsive-84714-identifier is-layout-flow wp-block-column-is-layout-flow\" style=\"flex-basis:66%\"><p class=\"theme-wp-block desktop-gb-has-no-icon xl-gb-has-no-icon lg-gb-has-no-icon md-gb-has-no-icon sm-gb-has-no-icon gb-responsive-41815-identifier\"><em>Et oma t\u00f6\u00f6vihik alla laadida, on vajalik eelnevalt lubada k\u00f5ik k\u00fcpsised. Oma seadete muutmiseks kl\u00f5psake palun j\u00e4rgmisel nupul.<\/em><\/p><p class=\"theme-wp-block\"><span class=\"borlabs-cookie-open-dialog-preferences brlbs-cmpnt-container\" data-borlabs-cookie-title=\"Open Consent Preferences\" data-borlabs-cookie-type=\"button\" ><\/span><\/p>\n<div class=\"theme-wp-block wp-block-columns gb-responsive-295103-identifier is-layout-flex wp-container-core-columns-is-layout-9d6595d7 wp-block-columns-is-layout-flex\"><div class=\"theme-wp-block wp-block-column gb-responsive-736519-identifier is-layout-flow wp-block-column-is-layout-flow\"><div id=\"wb-form\" class=\"theme-wp-block wb-form\"><p>\n\t\tPalun sisestage j\u00e4rgmised andmed, et taotleda t\u00f6\u00f6vihikut. See saadetakse seej\u00e4rel teile.<br>\u00a0\n\t<\/p><form id=\"leadform\" action=\"#\" method=\"post\"><input type=\"text\" name=\"last_name\" id=\"last_name\" placeholder=\"Teie nimi\" required=\"required\" style=\"padding: 10px; font-size: 18px; width: 100%; margin-bottom: 15px; color: rgb(88, 88, 88);\"><\/input><input type=\"text\" name=\"first_name\" id=\"first_name\" placeholder=\"Teie eesnimi\" required=\"required\" data-com-onepassword-filled=\"light\" style=\"padding: 10px; font-size: 18px; width: 100%; margin-bottom: 15px; color: rgb(88, 88, 88);\"><\/input><input type=\"email\" name=\"email\" id=\"email\" placeholder=\"Teie e-posti aadress\" required=\"required\" style=\"padding: 10px; font-size: 18px; width: 100%; margin-bottom: 15px; color: rgb(88, 88, 88);\"><\/input><input type=\"number\" name=\"telephone\" id=\"telephone\" placeholder=\"Teie telefoninumber\" required=\"required\" style=\"padding: 10px; font-size: 18px; width: 100%; margin-bottom: 15px; color: rgb(88, 88, 88);\"><\/input><input type=\"text\" name=\"company\" id=\"company\" placeholder=\"Ettev\u00f5tte nimi\" required=\"required\" style=\"padding: 10px; font-size: 18px; width: 100%; margin-bottom: 15px; color: rgb(88, 88, 88);\"><\/input><input type=\"text\" name=\"amazon_store\" id=\"amazon_store\" placeholder=\"Teie Amazon&#039;i poe URL\" style=\"padding: 10px; font-size: 18px; width: 100%; margin-bottom: 15px; color: rgb(88, 88, 88);\"><\/input><input type=\"submit\" value=\"Taotle tasuta t\u00f6\u00f6vihikut n\u00fc\u00fcd\" id=\"submit\" style=\"padding: 10px; font-size: 18px; width: 100%; margin-bottom: 15px; color: rgb(255, 255, 255); background-color: rgb(255, 170, 1); cursor: pointer;\"><\/input><p style=\"margin-bottom: 10px; font-size: 12px;\">Andmete t\u00f6\u00f6tlemine toimub vastavalt meie <a href=\"https:\/\/www.sellerlogic.com\/en\/privacy-policy\/\" target=\"_blank\" draggable=\"false\" rel=\"noopener noreferrer\">privaatsuspoliitikale<\/a>.<\/p><\/form><\/div><\/div><\/div><\/div><div class=\"theme-wp-block wp-block-column desktop-gb-has-no-icon xl-gb-has-no-icon lg-gb-has-no-icon md-gb-has-no-icon sm-gb-has-no-icon gb-responsive-980829-identifier is-layout-flow wp-block-column-is-layout-flow\" style=\"flex-basis:33%\"><\/div><\/div><\/div><div class=\"theme-wp-block wp-block-column gb-responsive-606172-identifier desktop-gb-has-no-icon xl-gb-has-no-icon lg-gb-has-no-icon md-gb-has-no-icon sm-gb-has-no-icon is-layout-flow wp-block-column-is-layout-flow\" style=\"flex-basis:15%\"><\/div><\/div><div style=\"height:20px\" aria-hidden=\"true\" class=\"theme-wp-block wp-block-spacer\"><\/div>\t\t<p  class=\"theme-wp-block theme-block-heading gb-responsive-448011-identifier desktop-text-center xl-text-center lg-text-center md-text-center sm-text-center is-style-default desktop-align-center xl-align-center lg-align-center md-align-center sm-align-center aligncenter h3 has-text-align\">\n\t\tRohkem huvitavat sisu sinu jaoks\t<\/p>\n\n<div style=\"height:20px\" aria-hidden=\"true\" class=\"theme-wp-block wp-block-spacer\"><\/div>\t\t<div  class=\"theme-wp-block theme-block-card-posts gb-responsive-640148-identifier desktop-gb-has-no-icon xl-gb-has-no-icon lg-gb-has-no-icon md-gb-has-no-icon sm-gb-has-no-icon layout-horizontal-cards-content\">\n\t\t<div class=\"wrap-inner-blocks\">\n\t\t\t<div class=\"post-card \">\n\t<div class=\"inside-wrap-card\">\n\t\t<div class=\"cover-wrap\">\n\t\t\t\t\t\t\t<a class=\"background-thumbnail has-image\" href=\"https:\/\/www.sellerlogic.com\/et\/resources\/wb-en-202002\/\">\n\t\t\t\t\t<img decoding=\"async\" width=\"405\" height=\"240\" src=\"https:\/\/d2bw95mh2ee04s.cloudfront.net\/prod\/content\/wp-content\/uploads\/2020\/12\/23142715\/workbook_metriken_optimieren-thumbnail.jpeg\" class=\"attachment-thumbnail size-thumbnail wp-post-image\" alt=\"In 13 Schritten in die Buy Box:  So optimieren Sie Ihre Metriken!\" \/>\t\t\t\t<\/a>\n\t\t\t\t\t<\/div>\n\n\t\t<div class=\"wrap-content\">\n\t\t\t<div class=\"title\">\n\t\t\t\t<a href=\"https:\/\/www.sellerlogic.com\/et\/resources\/wb-en-202002\/\">T\u00f6\u00f6vihik: 13 sammuga Buy Box EN<\/a>\n\t\t\t<\/div>\n\t\t\t<div class=\"wrap-excerpt\">Kas teadsite, et v\u00e4ga paljud Amazon&#8217;i m\u00fc\u00fcjad ei kasuta oma \u00e4ri t\u00e4ielikku potentsiaali, kuna nad ei v\u00f5ida Buy Box piisavalt regulaarselt? Siit saate teada, kuidas oma m\u00f5\u00f5dikuid 13 sammuga optimeerida ja Buy Box v\u00f5ita!<\/div>\n\t\t<\/div>\n\t<\/div>\n<\/div><div class=\"post-card \">\n\t<div class=\"inside-wrap-card\">\n\t\t<div class=\"cover-wrap\">\n\t\t\t\t\t\t\t<a class=\"background-thumbnail has-image\" href=\"https:\/\/www.sellerlogic.com\/et\/resources\/download-factsheet-repricer\/\">\n\t\t\t\t\t<img decoding=\"async\" width=\"405\" height=\"240\" src=\"https:\/\/d2bw95mh2ee04s.cloudfront.net\/prod\/content\/wp-content\/uploads\/2020\/12\/23140626\/blog-min-thumbnail.jpg\" class=\"attachment-thumbnail size-thumbnail wp-post-image\" alt=\"\" \/>\t\t\t\t<\/a>\n\t\t\t\t\t<\/div>\n\n\t\t<div class=\"wrap-content\">\n\t\t\t<div class=\"title\">\n\t\t\t\t<a href=\"https:\/\/www.sellerlogic.com\/et\/resources\/download-factsheet-repricer\/\">Faktileht: SELLERLOGIC Repricer kontrollimiseks<\/a>\n\t\t\t<\/div>\n\t\t\t<div class=\"wrap-excerpt\">Miks peaksite eelistama SELLERLOGIC Repricer kasutamist, selle asemel et oma hindu k\u00e4sitsi kohandada? Uurige meie faktilehest, kui palju t\u00f6\u00f6d saate SELLERLOGIC abil s\u00e4\u00e4sta ja samal ajal oma m\u00fc\u00fcki ja oma marginaali suurendada!<\/div>\n\t\t<\/div>\n\t<\/div>\n<\/div><div class=\"post-card \">\n\t<div class=\"inside-wrap-card\">\n\t\t<div class=\"cover-wrap\">\n\t\t\t\t\t\t\t<a class=\"background-thumbnail \" href=\"https:\/\/www.sellerlogic.com\/et\/resources\/wb-en-202001\/\">\n\t\t\t\t\t\t\t\t\t<\/a>\n\t\t\t\t\t<\/div>\n\n\t\t<div class=\"wrap-content\">\n\t\t\t<div class=\"title\">\n\t\t\t\t<a href=\"https:\/\/www.sellerlogic.com\/et\/resources\/wb-en-202001\/\">T\u00f6\u00f6vihik: 6 kiiret n\u00e4pun\u00e4idet FBA m\u00fc\u00fcjatele<\/a>\n\t\t\t<\/div>\n\t\t\t<div class=\"wrap-excerpt\">Uurige sellest t\u00f6\u00f6vihikust, mida peate kindlasti teadma, kui soovite m\u00fc\u00fca Fulfillment by Amazon&#8217;i kaudu. N\u00e4itame teile, kuidas panna alus eduka FBA \u00e4ri loomisele!<\/div>\n\t\t<\/div>\n\t<\/div>\n<\/div>\t\t<\/div>\n\t<\/div>\n<div style=\"height:20px\" aria-hidden=\"true\" class=\"theme-wp-block wp-block-spacer\"><\/div>","protected":false},"excerpt":{"rendered":"<p>Kas sa juba l\u00e4hened Amazonile strateegiliselt? Liialt sageli n\u00e4eme Amazon&#8217;i m\u00fc\u00fcjaid, kellel on t\u00f5eline potentsiaal \u2013 kuid nad n\u00e4ivad tegutsevat ilma strateegilise fookuseta. Me tahame seda muuta! Siin saad teada, kuidas sinu individuaalne \u00e4rimudel m\u00f5jutab seda, kuidas peaksid end strateegiliselt positsioneerima&#8230; Lisaks saad meie ulatuslikud teadmised Amazonis konkurentsiolukorra kohta ja kuidas seda optimaalselt k\u00e4sitleda! Laadi<\/p>\n","protected":false},"author":3,"featured_media":8612,"parent":110082,"menu_order":0,"comment_status":"closed","ping_status":"closed","template":"","meta":{"sidebar_recommended_resources":{"data":[]},"sidebar_header_settings":{"hide_buttons":{"register":false}},"_use_new_theme":false,"inline_featured_image":false,"footnotes":""},"class_list":["post-109956","page","type-page","status-publish","has-post-thumbnail","hentry"],"yoast_head":"<!-- This site is optimized with the Yoast SEO plugin v26.8 - https:\/\/yoast.com\/product\/yoast-seo-wordpress\/ -->\n<title>Tasuta e-raamat: \u00d5ige strateegia Amazoni jaoks | SELLERLOGIC<\/title>\n<meta name=\"description\" content=\"Tasuta. 50 lehek\u00fclge kontsentreeritud teadmisi selle kohta, kuidas leida \u00f5ige strateegia oma Amazoni \u00e4ri jaoks. Laadi see siit alla n\u00fc\u00fcd.\" \/>\n<meta name=\"robots\" content=\"index, follow, max-snippet:-1, max-image-preview:large, max-video-preview:-1\" \/>\n<link rel=\"canonical\" href=\"https:\/\/www.sellerlogic.com\/et\/resources\/workbook-the-right-strategy-for-amazon\/\" \/>\n<meta property=\"og:locale\" content=\"et_EE\" \/>\n<meta property=\"og:type\" content=\"article\" \/>\n<meta property=\"og:title\" content=\"Tasuta e-raamat: \u00d5ige strateegia Amazoni jaoks | SELLERLOGIC\" \/>\n<meta property=\"og:description\" content=\"Tasuta. 50 lehek\u00fclge kontsentreeritud teadmisi selle kohta, kuidas leida \u00f5ige strateegia oma Amazoni \u00e4ri jaoks. Laadi see siit alla n\u00fc\u00fcd.\" \/>\n<meta property=\"og:url\" content=\"https:\/\/www.sellerlogic.com\/et\/resources\/workbook-the-right-strategy-for-amazon\/\" \/>\n<meta property=\"og:site_name\" content=\"SELLERLOGIC - Smarte Tools f\u00fcr Amazon-Seller\" \/>\n<meta property=\"article:publisher\" content=\"https:\/\/www.facebook.com\/SellerLogic\/\" \/>\n<meta property=\"og:image\" content=\"https:\/\/d2bw95mh2ee04s.cloudfront.net\/prod\/content\/wp-content\/uploads\/2021\/03\/23142638\/header-LP-strategie-amazon-white-overlay.jpg\" \/>\n\t<meta property=\"og:image:width\" content=\"2000\" \/>\n\t<meta property=\"og:image:height\" content=\"1320\" \/>\n\t<meta property=\"og:image:type\" content=\"image\/jpeg\" \/>\n<meta name=\"twitter:card\" content=\"summary_large_image\" \/>\n<meta name=\"twitter:site\" content=\"@sellerlogic\" \/>\n<meta name=\"twitter:label1\" content=\"Est. reading time\" \/>\n\t<meta name=\"twitter:data1\" content=\"2 minutes\" \/>\n<script type=\"application\/ld+json\" class=\"yoast-schema-graph\">{\"@context\":\"https:\/\/schema.org\",\"@graph\":[{\"@type\":\"WebPage\",\"@id\":\"https:\/\/www.sellerlogic.com\/et\/resources\/workbook-the-right-strategy-for-amazon\/\",\"url\":\"https:\/\/www.sellerlogic.com\/et\/resources\/workbook-the-right-strategy-for-amazon\/\",\"name\":\"Tasuta e-raamat: \u00d5ige strateegia Amazoni jaoks | SELLERLOGIC\",\"isPartOf\":{\"@id\":\"https:\/\/www.sellerlogic.com\/et\/#website\"},\"primaryImageOfPage\":{\"@id\":\"https:\/\/www.sellerlogic.com\/et\/resources\/workbook-the-right-strategy-for-amazon\/#primaryimage\"},\"image\":{\"@id\":\"https:\/\/www.sellerlogic.com\/et\/resources\/workbook-the-right-strategy-for-amazon\/#primaryimage\"},\"thumbnailUrl\":\"https:\/\/d2bw95mh2ee04s.cloudfront.net\/prod\/content\/wp-content\/uploads\/2021\/03\/23142638\/header-LP-strategie-amazon-white-overlay.jpg\",\"datePublished\":\"2021-03-05T13:21:38+00:00\",\"description\":\"Tasuta. 50 lehek\u00fclge kontsentreeritud teadmisi selle kohta, kuidas leida \u00f5ige strateegia oma Amazoni \u00e4ri jaoks. Laadi see siit alla n\u00fc\u00fcd.\",\"breadcrumb\":{\"@id\":\"https:\/\/www.sellerlogic.com\/et\/resources\/workbook-the-right-strategy-for-amazon\/#breadcrumb\"},\"inLanguage\":\"et\",\"potentialAction\":[{\"@type\":\"ReadAction\",\"target\":[\"https:\/\/www.sellerlogic.com\/et\/resources\/workbook-the-right-strategy-for-amazon\/\"]}]},{\"@type\":\"ImageObject\",\"inLanguage\":\"et\",\"@id\":\"https:\/\/www.sellerlogic.com\/et\/resources\/workbook-the-right-strategy-for-amazon\/#primaryimage\",\"url\":\"https:\/\/d2bw95mh2ee04s.cloudfront.net\/prod\/content\/wp-content\/uploads\/2021\/03\/23142638\/header-LP-strategie-amazon-white-overlay.jpg\",\"contentUrl\":\"https:\/\/d2bw95mh2ee04s.cloudfront.net\/prod\/content\/wp-content\/uploads\/2021\/03\/23142638\/header-LP-strategie-amazon-white-overlay.jpg\",\"width\":2000,\"height\":1320,\"caption\":\"Wir zeigen Ihnen, wie Sie die richtige Strategie f\u00fcr Ihr Amazon-Business erstellen!\"},{\"@type\":\"BreadcrumbList\",\"@id\":\"https:\/\/www.sellerlogic.com\/et\/resources\/workbook-the-right-strategy-for-amazon\/#breadcrumb\",\"itemListElement\":[{\"@type\":\"ListItem\",\"position\":1,\"name\":\"Home\",\"item\":\"https:\/\/www.sellerlogic.com\/et\/\"},{\"@type\":\"ListItem\",\"position\":2,\"name\":\"Ressursid EN\",\"item\":\"https:\/\/www.sellerlogic.com\/et\/resources\/\"},{\"@type\":\"ListItem\",\"position\":3,\"name\":\"T\u00f6\u00f6vihik: \u00d5ige strateegia Amazonile\"}]},{\"@type\":\"WebSite\",\"@id\":\"https:\/\/www.sellerlogic.com\/et\/#website\",\"url\":\"https:\/\/www.sellerlogic.com\/et\/\",\"name\":\"SELLERLOGIC - Smarte Tools f\u00fcr Amazon-Seller\",\"description\":\"Intelligente Prozessoptimierung und Gewinnmaximierung\",\"publisher\":{\"@id\":\"https:\/\/www.sellerlogic.com\/et\/#organization\"},\"potentialAction\":[{\"@type\":\"SearchAction\",\"target\":{\"@type\":\"EntryPoint\",\"urlTemplate\":\"https:\/\/www.sellerlogic.com\/et\/?s={search_term_string}\"},\"query-input\":{\"@type\":\"PropertyValueSpecification\",\"valueRequired\":true,\"valueName\":\"search_term_string\"}}],\"inLanguage\":\"et\"},{\"@type\":\"Organization\",\"@id\":\"https:\/\/www.sellerlogic.com\/et\/#organization\",\"name\":\"SELLERLOGIC\",\"url\":\"https:\/\/www.sellerlogic.com\/et\/\",\"logo\":{\"@type\":\"ImageObject\",\"inLanguage\":\"et\",\"@id\":\"https:\/\/www.sellerlogic.com\/et\/#\/schema\/logo\/image\/\",\"url\":\"https:\/\/d2bw95mh2ee04s.cloudfront.net\/prod\/content\/wp-content\/uploads\/2025\/01\/02134814\/Property-Logo-Main.svg\",\"contentUrl\":\"https:\/\/d2bw95mh2ee04s.cloudfront.net\/prod\/content\/wp-content\/uploads\/2025\/01\/02134814\/Property-Logo-Main.svg\",\"width\":184,\"height\":40,\"caption\":\"SELLERLOGIC\"},\"image\":{\"@id\":\"https:\/\/www.sellerlogic.com\/et\/#\/schema\/logo\/image\/\"},\"sameAs\":[\"https:\/\/www.facebook.com\/SellerLogic\/\",\"https:\/\/x.com\/sellerlogic\",\"https:\/\/www.instagram.com\/sellerlogic\/\",\"https:\/\/www.linkedin.com\/company\/18402037\/\",\"https:\/\/www.youtube.com\/channel\/UC-gULUur-fNj08sprantKsQ\"]}]}<\/script>\n<!-- \/ Yoast SEO plugin. -->","yoast_head_json":{"title":"Tasuta e-raamat: \u00d5ige strateegia Amazoni jaoks | SELLERLOGIC","description":"Tasuta. 50 lehek\u00fclge kontsentreeritud teadmisi selle kohta, kuidas leida \u00f5ige strateegia oma Amazoni \u00e4ri jaoks. Laadi see siit alla n\u00fc\u00fcd.","robots":{"index":"index","follow":"follow","max-snippet":"max-snippet:-1","max-image-preview":"max-image-preview:large","max-video-preview":"max-video-preview:-1"},"canonical":"https:\/\/www.sellerlogic.com\/et\/resources\/workbook-the-right-strategy-for-amazon\/","og_locale":"et_EE","og_type":"article","og_title":"Tasuta e-raamat: \u00d5ige strateegia Amazoni jaoks | SELLERLOGIC","og_description":"Tasuta. 50 lehek\u00fclge kontsentreeritud teadmisi selle kohta, kuidas leida \u00f5ige strateegia oma Amazoni \u00e4ri jaoks. Laadi see siit alla n\u00fc\u00fcd.","og_url":"https:\/\/www.sellerlogic.com\/et\/resources\/workbook-the-right-strategy-for-amazon\/","og_site_name":"SELLERLOGIC - Smarte Tools f\u00fcr Amazon-Seller","article_publisher":"https:\/\/www.facebook.com\/SellerLogic\/","og_image":[{"width":2000,"height":1320,"url":"https:\/\/d2bw95mh2ee04s.cloudfront.net\/prod\/content\/wp-content\/uploads\/2021\/03\/23142638\/header-LP-strategie-amazon-white-overlay.jpg","type":"image\/jpeg"}],"twitter_card":"summary_large_image","twitter_site":"@sellerlogic","twitter_misc":{"Est. reading time":"2 minutes"},"schema":{"@context":"https:\/\/schema.org","@graph":[{"@type":"WebPage","@id":"https:\/\/www.sellerlogic.com\/et\/resources\/workbook-the-right-strategy-for-amazon\/","url":"https:\/\/www.sellerlogic.com\/et\/resources\/workbook-the-right-strategy-for-amazon\/","name":"Tasuta e-raamat: \u00d5ige strateegia Amazoni jaoks | SELLERLOGIC","isPartOf":{"@id":"https:\/\/www.sellerlogic.com\/et\/#website"},"primaryImageOfPage":{"@id":"https:\/\/www.sellerlogic.com\/et\/resources\/workbook-the-right-strategy-for-amazon\/#primaryimage"},"image":{"@id":"https:\/\/www.sellerlogic.com\/et\/resources\/workbook-the-right-strategy-for-amazon\/#primaryimage"},"thumbnailUrl":"https:\/\/d2bw95mh2ee04s.cloudfront.net\/prod\/content\/wp-content\/uploads\/2021\/03\/23142638\/header-LP-strategie-amazon-white-overlay.jpg","datePublished":"2021-03-05T13:21:38+00:00","description":"Tasuta. 50 lehek\u00fclge kontsentreeritud teadmisi selle kohta, kuidas leida \u00f5ige strateegia oma Amazoni \u00e4ri jaoks. Laadi see siit alla n\u00fc\u00fcd.","breadcrumb":{"@id":"https:\/\/www.sellerlogic.com\/et\/resources\/workbook-the-right-strategy-for-amazon\/#breadcrumb"},"inLanguage":"et","potentialAction":[{"@type":"ReadAction","target":["https:\/\/www.sellerlogic.com\/et\/resources\/workbook-the-right-strategy-for-amazon\/"]}]},{"@type":"ImageObject","inLanguage":"et","@id":"https:\/\/www.sellerlogic.com\/et\/resources\/workbook-the-right-strategy-for-amazon\/#primaryimage","url":"https:\/\/d2bw95mh2ee04s.cloudfront.net\/prod\/content\/wp-content\/uploads\/2021\/03\/23142638\/header-LP-strategie-amazon-white-overlay.jpg","contentUrl":"https:\/\/d2bw95mh2ee04s.cloudfront.net\/prod\/content\/wp-content\/uploads\/2021\/03\/23142638\/header-LP-strategie-amazon-white-overlay.jpg","width":2000,"height":1320,"caption":"Wir zeigen Ihnen, wie Sie die richtige Strategie f\u00fcr Ihr Amazon-Business erstellen!"},{"@type":"BreadcrumbList","@id":"https:\/\/www.sellerlogic.com\/et\/resources\/workbook-the-right-strategy-for-amazon\/#breadcrumb","itemListElement":[{"@type":"ListItem","position":1,"name":"Home","item":"https:\/\/www.sellerlogic.com\/et\/"},{"@type":"ListItem","position":2,"name":"Ressursid EN","item":"https:\/\/www.sellerlogic.com\/et\/resources\/"},{"@type":"ListItem","position":3,"name":"T\u00f6\u00f6vihik: \u00d5ige strateegia Amazonile"}]},{"@type":"WebSite","@id":"https:\/\/www.sellerlogic.com\/et\/#website","url":"https:\/\/www.sellerlogic.com\/et\/","name":"SELLERLOGIC - Smarte Tools f\u00fcr Amazon-Seller","description":"Intelligente Prozessoptimierung und Gewinnmaximierung","publisher":{"@id":"https:\/\/www.sellerlogic.com\/et\/#organization"},"potentialAction":[{"@type":"SearchAction","target":{"@type":"EntryPoint","urlTemplate":"https:\/\/www.sellerlogic.com\/et\/?s={search_term_string}"},"query-input":{"@type":"PropertyValueSpecification","valueRequired":true,"valueName":"search_term_string"}}],"inLanguage":"et"},{"@type":"Organization","@id":"https:\/\/www.sellerlogic.com\/et\/#organization","name":"SELLERLOGIC","url":"https:\/\/www.sellerlogic.com\/et\/","logo":{"@type":"ImageObject","inLanguage":"et","@id":"https:\/\/www.sellerlogic.com\/et\/#\/schema\/logo\/image\/","url":"https:\/\/d2bw95mh2ee04s.cloudfront.net\/prod\/content\/wp-content\/uploads\/2025\/01\/02134814\/Property-Logo-Main.svg","contentUrl":"https:\/\/d2bw95mh2ee04s.cloudfront.net\/prod\/content\/wp-content\/uploads\/2025\/01\/02134814\/Property-Logo-Main.svg","width":184,"height":40,"caption":"SELLERLOGIC"},"image":{"@id":"https:\/\/www.sellerlogic.com\/et\/#\/schema\/logo\/image\/"},"sameAs":["https:\/\/www.facebook.com\/SellerLogic\/","https:\/\/x.com\/sellerlogic","https:\/\/www.instagram.com\/sellerlogic\/","https:\/\/www.linkedin.com\/company\/18402037\/","https:\/\/www.youtube.com\/channel\/UC-gULUur-fNj08sprantKsQ"]}]}},"_links":{"self":[{"href":"https:\/\/www.sellerlogic.com\/et\/wp-json\/wp\/v2\/pages\/109956","targetHints":{"allow":["GET"]}}],"collection":[{"href":"https:\/\/www.sellerlogic.com\/et\/wp-json\/wp\/v2\/pages"}],"about":[{"href":"https:\/\/www.sellerlogic.com\/et\/wp-json\/wp\/v2\/types\/page"}],"author":[{"embeddable":true,"href":"https:\/\/www.sellerlogic.com\/et\/wp-json\/wp\/v2\/users\/3"}],"replies":[{"embeddable":true,"href":"https:\/\/www.sellerlogic.com\/et\/wp-json\/wp\/v2\/comments?post=109956"}],"version-history":[{"count":0,"href":"https:\/\/www.sellerlogic.com\/et\/wp-json\/wp\/v2\/pages\/109956\/revisions"}],"up":[{"embeddable":true,"href":"https:\/\/www.sellerlogic.com\/et\/wp-json\/wp\/v2\/pages\/110082"}],"wp:featuredmedia":[{"embeddable":true,"href":"https:\/\/www.sellerlogic.com\/et\/wp-json\/wp\/v2\/media\/8612"}],"wp:attachment":[{"href":"https:\/\/www.sellerlogic.com\/et\/wp-json\/wp\/v2\/media?parent=109956"}],"curies":[{"name":"wp","href":"https:\/\/api.w.org\/{rel}","templated":true}]}}