
{"id":110001,"date":"2020-12-18T11:33:09","date_gmt":"2020-12-18T11:33:09","guid":{"rendered":"https:\/\/127.0.0.1\/resources\/success-story-outlet-sofa-direct\/"},"modified":"2020-12-18T11:33:09","modified_gmt":"2020-12-18T11:33:09","slug":"success-story-outlet-sofa-direct","status":"publish","type":"page","link":"https:\/\/www.sellerlogic.com\/et\/resources\/success-story-outlet-sofa-direct\/","title":{"rendered":"Edulugu: Outlet Sofa Direct EN"},"content":{"rendered":"\n\t<div  class=\"theme-wp-block theme-block-main-header is-style-full-height desktop-align-full xl-align-full lg-align-full md-align-full sm-align-full desktop-content-align-y-center desktop-content-align-x-center xl-content-align-y-center xl-content-align-x-center lg-content-align-y-center lg-content-align-x-center md-content-align-y-center md-content-align-x-center sm-content-align-y-center sm-content-align-x-center gb-responsive-52704-identifier theme-block-cover\">\n\t\t<div class=\"bg-cover theme-lazy-load-bg\"><\/div>\n\t\t<div class=\"wrap-content-main-header\">\n\t\t\t\t\t<div  class=\"theme-wp-block theme-block-text-and-text desktop-blockDirection-row xl-blockDirection-row lg-blockDirection-row md-blockDirection-row sm-blockDirection-row gb-responsive-903753-identifier desktop-align-full xl-align-full lg-align-full md-align-full sm-align-full alignfull\">\n\t\t<div class=\"tat-column-wrap-wrapper\">\n\t\t\t<div class=\"tat-column-wrapper\">\n\t\t\t\t\t<div  class=\"theme-wp-block theme-block-text-and-text-column gb-responsive-974454-identifier desktop-horizontal-center xl-horizontal-center lg-horizontal-center md-horizontal-center sm-horizontal-center\">\n\t\t<div class=\"inner-wrap-column-content\">\n\t\t\t<div class=\"inner-column-content\">\n\t\t\t\t\t\t<h1  class=\"theme-wp-block theme-block-heading is-style-default gb-responsive-560595-identifier desktop-align-wide xl-align-wide lg-align-wide md-align-wide sm-align-wide desktop-text-center xl-text-center lg-text-center md-text-center sm-text-center alignwide h1 has-text-align\">\n\t\t20k telefonik\u00f5ne\t<\/h1>\n\n\t\t<h2  class=\"theme-wp-block theme-block-heading is-style-default gb-responsive-64452-identifier desktop-text-center xl-text-center lg-text-center md-text-center sm-text-center h1\">\n\t\tKuidas Outlet-Sofa Direct suutis s\u00e4\u00e4sta aega, vaeva ja tuhandeid eurosid\t<\/h2>\n\n<p class=\"theme-wp-block gb-responsive-93774-identifier\"><a href=\"\/et\/resources\/success-story-outlet-sofa-direct\/\" target=\"_blank\" rel=\"noreferrer noopener\"><\/a><\/p>\t\t\t<\/div>\n\t\t<\/div>\n\t<\/div>\n\t<div  class=\"theme-wp-block theme-block-text-and-text-column gb-responsive-681128-identifier\">\n\t\t<div class=\"inner-wrap-column-content\">\n\t\t\t<div class=\"inner-column-content\">\n\t\t\t\t\t\t\t<\/div>\n\t\t<\/div>\n\t<\/div>\n\t\t\t<\/div>\n\t\t<\/div>\n\t<\/div>\n\n\t\t<\/div>\n\t<\/div>\n\n<div style=\"height:50px\" aria-hidden=\"true\" class=\"theme-wp-block wp-block-spacer\"><\/div><div class=\"theme-wp-block wp-block-columns gb-responsive-608602-identifier is-layout-flex wp-container-core-columns-is-layout-9d6595d7 wp-block-columns-is-layout-flex\"><div class=\"theme-wp-block wp-block-column gb-responsive-696523-identifier is-layout-flow wp-block-column-is-layout-flow\" style=\"flex-basis:25%\"><figure class=\"theme-wp-block wp-block-image size-large is-resized gb-responsive-62921-identifier\"><img decoding=\"async\" src=\"https:\/\/d2bw95mh2ee04s.cloudfront.net\/prod\/content\/wp-content\/uploads\/2020\/12\/23142714\/outletsofadirect-logo.png\" alt=\"Edulugu: Outlet Sofa Direct EN\" class=\"wp-image-5164\" width=\"250\" height=\"89\"><\/figure><p class=\"theme-wp-block gb-responsive-312552-identifier\"><strong><strong><strong>Sihtasutus<\/strong><\/strong>:<\/strong><br>2005<\/p><p class=\"theme-wp-block gb-responsive-353708-identifier\"><strong><strong><strong>Valdkond<\/strong><\/strong>:<\/strong><br>M\u00f6\u00f6bel\/Elutuba &#8211; Voodeid tarvikud<\/p><p class=\"theme-wp-block gb-responsive-741269-identifier\"><strong><strong><strong>Tooted Amazoni peal:<\/strong>\u00a0<\/strong><\/strong><br>umbes 2,000 SKUd<\/p><p class=\"theme-wp-block gb-responsive-218030-identifier\"><strong><strong><strong>Saadetised<\/strong><\/strong>:\u00a0<\/strong><br>umbes 8,000 \/ kuu<\/p><\/div><div class=\"theme-wp-block wp-block-column gb-responsive-409151-identifier is-layout-flow wp-block-column-is-layout-flow\" style=\"flex-basis:50%\"><h3 class=\"theme-wp-block wp-block-heading gb-responsive-34353-identifier\" id=\"block-c06fce04-ef87-4ffc-a3d6-b768ba377d17\">Taust:<\/h3><p class=\"theme-wp-block gb-responsive-710769-identifier\">Outlet-Sofa Directi idee s\u00fcndis, kui mitmed tootjad, kes spetsialiseerusid vooditarvikute ja heaolu tootmisele, liitusid, et pakkuda oma klientidele v\u00f5imalust otse juurde p\u00e4\u00e4seda k\u00f5igile neile toodetele, mis l\u00e4bivad tehase ja on laost otsas, pakkudes seel\u00e4bi tarbijale parimat kvaliteeti ideaalse hinna eest. 2005. aastal, kui m\u00f6\u00f6blisektori v\u00e4ltimatust digitaalsest transformatsioonist tulenes, ei k\u00f5helnud ettev\u00f5te hetkekski veebikaubanduse kasuks otsustamast.<\/p><h3 class=\"theme-wp-block wp-block-heading gb-responsive-182281-identifier\">Algne olukord:<\/h3><p class=\"theme-wp-block gb-responsive-548283-identifier\">Kuna e-kaubanduse hiiglase tugev ja tuntud maine, otsustas Outlet-Sofa-Direct 2015. aastal alustada oma toodete m\u00fc\u00fcki Amazoni peal: &#8220;Soovides saavutada suuri veebim\u00fc\u00fcgi numbreid ja mitte m\u00fc\u00fca Amazoni peal, ei ole t\u00e4nap\u00e4eval sageli v\u00f5imalik,&#8221; \u00fctleb Francesco, ettev\u00f5tte turuplatvormi juht.<\/p><p class=\"theme-wp-block gb-responsive-940523-identifier\">&#8220;Me m\u00fc\u00fcme praegu mitmesugustes turuplatvormides: eBay, Cdiscount, kuid Amazoni peal m\u00fc\u00fcmine ja Amazoni FBA teenuste kasutamine on meie m\u00fc\u00fcki oluliselt suurendanud,&#8221; \u00fctleb Francesco. &#8220;Ilmselgelt on k\u00f5igil asjadel oma eelised ja puudused ning Amazoni FBA puhul see, et kaotame kontrolli klientide tagastuste \u00fcle, pani mind m\u00f5istma, et midagi on valesti. M\u00f5ned Amazoni poolt esitatud andmed ei kattunud sellega, mis meil oli, kuid enamikul juhtudel usaldasin lihtsalt, et Amazon teavitab meid \u00f5igesti vigadest; kahjuks ei olnud see nii,&#8221; selgitab Francesco.<\/p><h3 class=\"theme-wp-block wp-block-heading gb-responsive-115756-identifier\">Lahendus:<\/h3><p class=\"theme-wp-block gb-responsive-49178-identifier\">&#8220;Kuigi ma kujutasin ette, et FBA tehingutes on vigu, oli see probleem, mille olime k\u00f5rvale j\u00e4tnud, kuna see n\u00f5uab meie meeskonnalt tohutult aega ja vaeva. Kuid k\u00f5ik see muutus Monicaga, SELLERLOGIC meeskonna liikmega, ootamatu k\u00f5ne t\u00f5ttu. Tema lahkus ja professionaalsus veenis mind juba algusest peale, kui ta selgitas k\u00f5ike kiiresti ja \u00fcksikasjalikult.&#8221;<\/p><div class=\"theme-block-group-wrap\"><div class=\"theme-wp-block wp-block-group gb-responsive-88118-identifier\">\t\t<div  class=\"theme-wp-block theme-block-user-card gb-responsive-799176-identifier is-style-full-width-line\">\n\t\t<div class=\"wrap-inner-content\">\n\t\t\t<div class=\"card-user-head\">\n\t\t\t\t<div class=\"card-user-avatar\">\n\t\t\t\t\t<div class=\"cover-avatar\" style=\"background-image: url(https:\/\/d2bw95mh2ee04s.cloudfront.net\/prod\/content\/wp-content\/uploads\/2020\/12\/23142714\/francesco_azzi-_raute.png);\"><\/div>\n\t\t\t\t<\/div>\n\t\t\t\t<div class=\"wrap-title\">\n\t\t\t\t\t<div class=\"card-user-name\">\n\t\t\t\t\t\t<div class=\"title\">\n\t\t\t\t\t\t\t<h3 class=\"heading-text\"><strong>Francesco Azzi<\/strong><\/h3>\n\t\t\t\t\t\t<\/div>\n\t\t\t\t\t\t<div class=\"card-user-position\">\n\t\t\t\t\t\t\t<div class=\"card-text\"><strong>Turuplatvormi juht<\/strong><\/div>\n\t\t\t\t\t\t<\/div>\n\t\t\t\t\t<\/div>\n\t\t\t\t\t<div class=\"card-user-quote-icon\">\n\t\t\t\t\t<\/div>\n\t\t\t\t<\/div>\n\t\t\t<\/div>\n\t\t\t<div class=\"card-user-text\">\n\t\t\t\t<div class=\"card-text\"><p>Toote paindlikkus. Ei ole kohustusi ja makstakse ainult selle eest, mis on tagasi makstud, on v\u00f5idustrateegia.<\/p><\/div>\n\t\t\t<\/div>\n\t\t<\/div>\n\t<\/div>\n\n<\/div><\/div><h3 class=\"theme-wp-block wp-block-heading gb-responsive-595368-identifier\">Edukaid tulemusi SELLERLOGIC-ga:<\/h3><p class=\"theme-wp-block gb-responsive-514579-identifier\">&#8220;N\u00e4inud olukorda, milles olime oma kaubaga FBA ladudes, teadsin, et vigade maht oleks suur, kuid alguses ei arvanud ma, et see meid nii palju raha s\u00e4\u00e4stab. Kolme kuu jooksul on Lost &#038; Found kasutamine t\u00f5estanud vastupidist, oleme juba taastanud 20,000 eurot ja oleme t\u00e4iesti veendunud, et t\u00f6\u00f6riist t\u00f6\u00f6tab,&#8221; \u00fctleb Francesco.<\/p><p class=\"theme-wp-block gb-responsive-750322-identifier\">&#8220;Monica juhendas mind juba algusest peale; registreerimisprotsessi k\u00e4igus teavitas ta mind k\u00f5igist j\u00e4rgmistest sammudest, kui t\u00f6\u00f6riist k\u00e4ivitati. Samuti tasub mainida, et \u00fclej\u00e4\u00e4nud SELLERLOGIC meeskond on alati olnud \u00e4\u00e4rmiselt kergesti k\u00e4ttesaadav ja kohal. Isegi kui nad saavad teateid viimase hetke probleemide kohta. T\u00e4nu kogu meeskonnale ja t\u00f6\u00f6riista intuitiivsele kasutusele on mitte ainult juhtumite n\u00f5udmine meid palju aega s\u00e4\u00e4stnud, vaid see on aidanud meil ka taastada raha, millele me olime \u00f5igustatud.&#8221;<\/p><div class=\"theme-wp-block wp-block-buttons gb-responsive-497426-identifier is-layout-flex wp-block-buttons-is-layout-flex\"><div class=\"theme-wp-block wp-block-button gb-responsive-38220-identifier is-style-theme-transparent-with-arrow\"><a class=\"wp-block-button__link wp-element-button\" href=\"https:\/\/d2bw95mh2ee04s.cloudfront.net\/prod\/content\/files\/SUCCESS-STORIES\/EN\/SELLERLOGIC_Success-Story_Outlet-Sofa-Direct_EN.pdf\" target=\"_blank\" rel=\"noreferrer noopener nofollow\">Laadi alla n\u00fc\u00fcd!<\/a><\/div><\/div><\/div><div class=\"theme-wp-block wp-block-column gb-responsive-276018-identifier is-layout-flow wp-block-column-is-layout-flow\" style=\"flex-basis:25%\"><\/div><\/div><p class=\"theme-wp-block gb-responsive-437508-identifier\"><\/p>","protected":false},"excerpt":{"rendered":"<p>Sihtasutus:2005 Valdkond:M\u00f6\u00f6bel\/Elutuba &#8211; Voodeid tarvikud Tooted Amazoni peal:\u00a0umbes 2,000 SKUd Saadetised:\u00a0umbes 8,000 \/ kuu Taust: Outlet-Sofa Directi idee s\u00fcndis, kui mitmed tootjad, kes spetsialiseerusid vooditarvikute ja heaolu tootmisele, liitusid, et pakkuda oma klientidele v\u00f5imalust otse juurde p\u00e4\u00e4seda k\u00f5igile neile toodetele, mis l\u00e4bivad tehase ja on laost otsas, pakkudes seel\u00e4bi tarbijale parimat kvaliteeti ideaalse hinna eest.<\/p>\n","protected":false},"author":8,"featured_media":0,"parent":110082,"menu_order":0,"comment_status":"closed","ping_status":"closed","template":"","meta":{"sidebar_recommended_resources":{"data":[]},"sidebar_header_settings":{"hide_buttons":{"register":false}},"_use_new_theme":false,"inline_featured_image":false,"footnotes":""},"class_list":["post-110001","page","type-page","status-publish","hentry"],"yoast_head":"<!-- This site is optimized with the Yoast SEO plugin v26.8 - https:\/\/yoast.com\/product\/yoast-seo-wordpress\/ -->\n<title>SELLERLOGIC - Edulugu: Outlet-Sofa Direct<\/title>\n<meta name=\"description\" content=\"SELLERLOGIC Lost &amp; Found on t\u00e4ielikult veennud Outlet-Sofa Directi - K\u00f5ne, mille v\u00e4\u00e4rtus on 20,000 eurot! Loe meie edulugu n\u00fc\u00fcd!\" \/>\n<meta name=\"robots\" content=\"index, follow, max-snippet:-1, max-image-preview:large, max-video-preview:-1\" \/>\n<link rel=\"canonical\" href=\"https:\/\/www.sellerlogic.com\/et\/resources\/success-story-outlet-sofa-direct\/\" \/>\n<meta property=\"og:locale\" content=\"et_EE\" \/>\n<meta property=\"og:type\" content=\"article\" \/>\n<meta property=\"og:title\" content=\"SELLERLOGIC - Edulugu: Outlet-Sofa Direct\" \/>\n<meta property=\"og:description\" content=\"SELLERLOGIC Lost &amp; Found on t\u00e4ielikult veennud Outlet-Sofa Directi - K\u00f5ne, mille v\u00e4\u00e4rtus on 20,000 eurot! Loe meie edulugu n\u00fc\u00fcd!\" \/>\n<meta property=\"og:url\" content=\"https:\/\/www.sellerlogic.com\/et\/resources\/success-story-outlet-sofa-direct\/\" \/>\n<meta property=\"og:site_name\" content=\"SELLERLOGIC - Smarte Tools f\u00fcr Amazon-Seller\" \/>\n<meta property=\"article:publisher\" content=\"https:\/\/www.facebook.com\/SellerLogic\/\" \/>\n<meta property=\"og:image\" content=\"https:\/\/www.sellerlogic.com\/wp-content\/uploads\/2020\/12\/outletsofadirect-logo.png\" \/>\n<meta name=\"twitter:card\" content=\"summary_large_image\" \/>\n<meta name=\"twitter:site\" content=\"@sellerlogic\" \/>\n<meta name=\"twitter:label1\" content=\"Est. reading time\" \/>\n\t<meta name=\"twitter:data1\" content=\"3 minutes\" \/>\n<script type=\"application\/ld+json\" class=\"yoast-schema-graph\">{\"@context\":\"https:\/\/schema.org\",\"@graph\":[{\"@type\":\"WebPage\",\"@id\":\"https:\/\/www.sellerlogic.com\/et\/resources\/success-story-outlet-sofa-direct\/\",\"url\":\"https:\/\/www.sellerlogic.com\/et\/resources\/success-story-outlet-sofa-direct\/\",\"name\":\"SELLERLOGIC - Edulugu: Outlet-Sofa Direct\",\"isPartOf\":{\"@id\":\"https:\/\/www.sellerlogic.com\/et\/#website\"},\"primaryImageOfPage\":{\"@id\":\"https:\/\/www.sellerlogic.com\/et\/resources\/success-story-outlet-sofa-direct\/#primaryimage\"},\"image\":{\"@id\":\"https:\/\/www.sellerlogic.com\/et\/resources\/success-story-outlet-sofa-direct\/#primaryimage\"},\"thumbnailUrl\":\"https:\/\/www.sellerlogic.com\/wp-content\/uploads\/2020\/12\/outletsofadirect-logo.png\",\"datePublished\":\"2020-12-18T11:33:09+00:00\",\"description\":\"SELLERLOGIC Lost & Found on t\u00e4ielikult veennud Outlet-Sofa Directi - K\u00f5ne, mille v\u00e4\u00e4rtus on 20,000 eurot! Loe meie edulugu n\u00fc\u00fcd!\",\"breadcrumb\":{\"@id\":\"https:\/\/www.sellerlogic.com\/et\/resources\/success-story-outlet-sofa-direct\/#breadcrumb\"},\"inLanguage\":\"et\",\"potentialAction\":[{\"@type\":\"ReadAction\",\"target\":[\"https:\/\/www.sellerlogic.com\/et\/resources\/success-story-outlet-sofa-direct\/\"]}]},{\"@type\":\"ImageObject\",\"inLanguage\":\"et\",\"@id\":\"https:\/\/www.sellerlogic.com\/et\/resources\/success-story-outlet-sofa-direct\/#primaryimage\",\"url\":\"https:\/\/www.sellerlogic.com\/wp-content\/uploads\/2020\/12\/outletsofadirect-logo.png\",\"contentUrl\":\"https:\/\/www.sellerlogic.com\/wp-content\/uploads\/2020\/12\/outletsofadirect-logo.png\"},{\"@type\":\"BreadcrumbList\",\"@id\":\"https:\/\/www.sellerlogic.com\/et\/resources\/success-story-outlet-sofa-direct\/#breadcrumb\",\"itemListElement\":[{\"@type\":\"ListItem\",\"position\":1,\"name\":\"Home\",\"item\":\"https:\/\/www.sellerlogic.com\/et\/\"},{\"@type\":\"ListItem\",\"position\":2,\"name\":\"Ressursid EN\",\"item\":\"https:\/\/127.0.0.1\/de\/ressourcen\/\"},{\"@type\":\"ListItem\",\"position\":3,\"name\":\"Edulugu: Outlet Sofa Direct EN\"}]},{\"@type\":\"WebSite\",\"@id\":\"https:\/\/www.sellerlogic.com\/et\/#website\",\"url\":\"https:\/\/www.sellerlogic.com\/et\/\",\"name\":\"SELLERLOGIC - Smarte Tools f\u00fcr Amazon-Seller\",\"description\":\"Intelligente Prozessoptimierung und Gewinnmaximierung\",\"publisher\":{\"@id\":\"https:\/\/www.sellerlogic.com\/et\/#organization\"},\"potentialAction\":[{\"@type\":\"SearchAction\",\"target\":{\"@type\":\"EntryPoint\",\"urlTemplate\":\"https:\/\/www.sellerlogic.com\/et\/?s={search_term_string}\"},\"query-input\":{\"@type\":\"PropertyValueSpecification\",\"valueRequired\":true,\"valueName\":\"search_term_string\"}}],\"inLanguage\":\"et\"},{\"@type\":\"Organization\",\"@id\":\"https:\/\/www.sellerlogic.com\/et\/#organization\",\"name\":\"SELLERLOGIC\",\"url\":\"https:\/\/www.sellerlogic.com\/et\/\",\"logo\":{\"@type\":\"ImageObject\",\"inLanguage\":\"et\",\"@id\":\"https:\/\/www.sellerlogic.com\/et\/#\/schema\/logo\/image\/\",\"url\":\"https:\/\/d2bw95mh2ee04s.cloudfront.net\/prod\/content\/wp-content\/uploads\/2025\/01\/02134814\/Property-Logo-Main.svg\",\"contentUrl\":\"https:\/\/d2bw95mh2ee04s.cloudfront.net\/prod\/content\/wp-content\/uploads\/2025\/01\/02134814\/Property-Logo-Main.svg\",\"width\":184,\"height\":40,\"caption\":\"SELLERLOGIC\"},\"image\":{\"@id\":\"https:\/\/www.sellerlogic.com\/et\/#\/schema\/logo\/image\/\"},\"sameAs\":[\"https:\/\/www.facebook.com\/SellerLogic\/\",\"https:\/\/x.com\/sellerlogic\",\"https:\/\/www.instagram.com\/sellerlogic\/\",\"https:\/\/www.linkedin.com\/company\/18402037\/\",\"https:\/\/www.youtube.com\/channel\/UC-gULUur-fNj08sprantKsQ\"]}]}<\/script>\n<!-- \/ Yoast SEO plugin. -->","yoast_head_json":{"title":"SELLERLOGIC - Edulugu: Outlet-Sofa Direct","description":"SELLERLOGIC Lost & Found on t\u00e4ielikult veennud Outlet-Sofa Directi - K\u00f5ne, mille v\u00e4\u00e4rtus on 20,000 eurot! Loe meie edulugu n\u00fc\u00fcd!","robots":{"index":"index","follow":"follow","max-snippet":"max-snippet:-1","max-image-preview":"max-image-preview:large","max-video-preview":"max-video-preview:-1"},"canonical":"https:\/\/www.sellerlogic.com\/et\/resources\/success-story-outlet-sofa-direct\/","og_locale":"et_EE","og_type":"article","og_title":"SELLERLOGIC - Edulugu: Outlet-Sofa Direct","og_description":"SELLERLOGIC Lost & Found on t\u00e4ielikult veennud Outlet-Sofa Directi - K\u00f5ne, mille v\u00e4\u00e4rtus on 20,000 eurot! Loe meie edulugu n\u00fc\u00fcd!","og_url":"https:\/\/www.sellerlogic.com\/et\/resources\/success-story-outlet-sofa-direct\/","og_site_name":"SELLERLOGIC - Smarte Tools f\u00fcr Amazon-Seller","article_publisher":"https:\/\/www.facebook.com\/SellerLogic\/","og_image":[{"url":"https:\/\/www.sellerlogic.com\/wp-content\/uploads\/2020\/12\/outletsofadirect-logo.png","type":"","width":"","height":""}],"twitter_card":"summary_large_image","twitter_site":"@sellerlogic","twitter_misc":{"Est. reading time":"3 minutes"},"schema":{"@context":"https:\/\/schema.org","@graph":[{"@type":"WebPage","@id":"https:\/\/www.sellerlogic.com\/et\/resources\/success-story-outlet-sofa-direct\/","url":"https:\/\/www.sellerlogic.com\/et\/resources\/success-story-outlet-sofa-direct\/","name":"SELLERLOGIC - Edulugu: Outlet-Sofa Direct","isPartOf":{"@id":"https:\/\/www.sellerlogic.com\/et\/#website"},"primaryImageOfPage":{"@id":"https:\/\/www.sellerlogic.com\/et\/resources\/success-story-outlet-sofa-direct\/#primaryimage"},"image":{"@id":"https:\/\/www.sellerlogic.com\/et\/resources\/success-story-outlet-sofa-direct\/#primaryimage"},"thumbnailUrl":"https:\/\/www.sellerlogic.com\/wp-content\/uploads\/2020\/12\/outletsofadirect-logo.png","datePublished":"2020-12-18T11:33:09+00:00","description":"SELLERLOGIC Lost & Found on t\u00e4ielikult veennud Outlet-Sofa Directi - K\u00f5ne, mille v\u00e4\u00e4rtus on 20,000 eurot! Loe meie edulugu n\u00fc\u00fcd!","breadcrumb":{"@id":"https:\/\/www.sellerlogic.com\/et\/resources\/success-story-outlet-sofa-direct\/#breadcrumb"},"inLanguage":"et","potentialAction":[{"@type":"ReadAction","target":["https:\/\/www.sellerlogic.com\/et\/resources\/success-story-outlet-sofa-direct\/"]}]},{"@type":"ImageObject","inLanguage":"et","@id":"https:\/\/www.sellerlogic.com\/et\/resources\/success-story-outlet-sofa-direct\/#primaryimage","url":"https:\/\/www.sellerlogic.com\/wp-content\/uploads\/2020\/12\/outletsofadirect-logo.png","contentUrl":"https:\/\/www.sellerlogic.com\/wp-content\/uploads\/2020\/12\/outletsofadirect-logo.png"},{"@type":"BreadcrumbList","@id":"https:\/\/www.sellerlogic.com\/et\/resources\/success-story-outlet-sofa-direct\/#breadcrumb","itemListElement":[{"@type":"ListItem","position":1,"name":"Home","item":"https:\/\/www.sellerlogic.com\/et\/"},{"@type":"ListItem","position":2,"name":"Ressursid EN","item":"https:\/\/127.0.0.1\/de\/ressourcen\/"},{"@type":"ListItem","position":3,"name":"Edulugu: Outlet Sofa Direct EN"}]},{"@type":"WebSite","@id":"https:\/\/www.sellerlogic.com\/et\/#website","url":"https:\/\/www.sellerlogic.com\/et\/","name":"SELLERLOGIC - Smarte Tools f\u00fcr Amazon-Seller","description":"Intelligente Prozessoptimierung und Gewinnmaximierung","publisher":{"@id":"https:\/\/www.sellerlogic.com\/et\/#organization"},"potentialAction":[{"@type":"SearchAction","target":{"@type":"EntryPoint","urlTemplate":"https:\/\/www.sellerlogic.com\/et\/?s={search_term_string}"},"query-input":{"@type":"PropertyValueSpecification","valueRequired":true,"valueName":"search_term_string"}}],"inLanguage":"et"},{"@type":"Organization","@id":"https:\/\/www.sellerlogic.com\/et\/#organization","name":"SELLERLOGIC","url":"https:\/\/www.sellerlogic.com\/et\/","logo":{"@type":"ImageObject","inLanguage":"et","@id":"https:\/\/www.sellerlogic.com\/et\/#\/schema\/logo\/image\/","url":"https:\/\/d2bw95mh2ee04s.cloudfront.net\/prod\/content\/wp-content\/uploads\/2025\/01\/02134814\/Property-Logo-Main.svg","contentUrl":"https:\/\/d2bw95mh2ee04s.cloudfront.net\/prod\/content\/wp-content\/uploads\/2025\/01\/02134814\/Property-Logo-Main.svg","width":184,"height":40,"caption":"SELLERLOGIC"},"image":{"@id":"https:\/\/www.sellerlogic.com\/et\/#\/schema\/logo\/image\/"},"sameAs":["https:\/\/www.facebook.com\/SellerLogic\/","https:\/\/x.com\/sellerlogic","https:\/\/www.instagram.com\/sellerlogic\/","https:\/\/www.linkedin.com\/company\/18402037\/","https:\/\/www.youtube.com\/channel\/UC-gULUur-fNj08sprantKsQ"]}]}},"_links":{"self":[{"href":"https:\/\/www.sellerlogic.com\/et\/wp-json\/wp\/v2\/pages\/110001","targetHints":{"allow":["GET"]}}],"collection":[{"href":"https:\/\/www.sellerlogic.com\/et\/wp-json\/wp\/v2\/pages"}],"about":[{"href":"https:\/\/www.sellerlogic.com\/et\/wp-json\/wp\/v2\/types\/page"}],"author":[{"embeddable":true,"href":"https:\/\/www.sellerlogic.com\/et\/wp-json\/wp\/v2\/users\/8"}],"replies":[{"embeddable":true,"href":"https:\/\/www.sellerlogic.com\/et\/wp-json\/wp\/v2\/comments?post=110001"}],"version-history":[{"count":0,"href":"https:\/\/www.sellerlogic.com\/et\/wp-json\/wp\/v2\/pages\/110001\/revisions"}],"up":[{"embeddable":true,"href":"https:\/\/www.sellerlogic.com\/et\/wp-json\/wp\/v2\/pages\/110082"}],"wp:attachment":[{"href":"https:\/\/www.sellerlogic.com\/et\/wp-json\/wp\/v2\/media?parent=110001"}],"curies":[{"name":"wp","href":"https:\/\/api.w.org\/{rel}","templated":true}]}}