
{"id":110016,"date":"2021-03-02T08:05:46","date_gmt":"2021-03-02T08:05:46","guid":{"rendered":"https:\/\/127.0.0.1\/resources\/success-story-groupe-dragon\/"},"modified":"2021-03-02T08:05:46","modified_gmt":"2021-03-02T08:05:46","slug":"success-story-groupe-dragon","status":"publish","type":"page","link":"https:\/\/www.sellerlogic.com\/et\/resources\/success-story-groupe-dragon\/","title":{"rendered":"Edu lugu: Groupe Dragon EN"},"content":{"rendered":"\n\t<div  class=\"theme-wp-block theme-block-main-header desktop-content-align-y-center desktop-content-align-x-center xl-content-align-y-center xl-content-align-x-center lg-content-align-y-center lg-content-align-x-center md-content-align-y-center md-content-align-x-center sm-content-align-y-center sm-content-align-x-center gb-responsive-853195-identifier desktop-align-full xl-align-full lg-align-full md-align-full sm-align-full is-style-default theme-block-cover\">\n\t\t<div class=\"bg-cover theme-lazy-load-bg\"><\/div>\n\t\t<div class=\"wrap-content-main-header\">\n\t\t\t\t\t<div  class=\"theme-wp-block theme-block-text-and-text gb-responsive-170032-identifier desktop-vertical-center xl-vertical-center lg-vertical-center md-vertical-center sm-vertical-center md-blockDirection-column sm-blockDirection-column desktop-blockDirection-column xl-blockDirection-column lg-blockDirection-column is-style-default desktop-align-wide xl-align-wide lg-align-wide md-align-wide sm-align-wide alignwide\">\n\t\t<div class=\"tat-column-wrap-wrapper\">\n\t\t\t<div class=\"tat-column-wrapper\">\n\t\t\t\t\t<div  class=\"theme-wp-block theme-block-text-and-text-column gb-responsive-644092-identifier md-horizontal-center sm-horizontal-center xl-horizontal-center lg-horizontal-center desktop-horizontal-left\">\n\t\t<div class=\"inner-wrap-column-content\">\n\t\t\t<div class=\"inner-column-content\">\n\t\t\t\t\t\t<h1  class=\"theme-wp-block theme-block-heading is-style-default sm-text-center md-text-center desktop-text-center xl-text-center lg-text-center gb-responsive-113637-identifier desktop-align-full xl-align-full lg-align-full md-align-full sm-align-full alignfull h1 has-text-align\">\n\t\t<strong>Ei aega, ei t\u00f6\u00f6j\u00f5udu, ei ressursse<\/strong>\t<\/h1>\n\n\t\t<h2  class=\"theme-wp-block theme-block-heading desktop-gb-has-no-icon xl-gb-has-no-icon lg-gb-has-no-icon md-gb-has-no-icon sm-gb-has-no-icon gb-responsive-848621-identifier desktop-text-center xl-text-center lg-text-center md-text-center sm-text-center h3\">\n\t\t<strong>Kuidas Groupe Dragon ikka iga FBA vea h\u00fcvitist saab<\/strong>\t<\/h2>\n\n\t\t\t<\/div>\n\t\t<\/div>\n\t<\/div>\n\t<div  class=\"theme-wp-block theme-block-text-and-text-column gb-responsive-840598-identifier desktop-horizontal-center xl-horizontal-center lg-horizontal-center md-horizontal-center sm-horizontal-center\">\n\t\t<div class=\"inner-wrap-column-content\">\n\t\t\t<div class=\"inner-column-content\">\n\t\t\t\t\t\t\t<\/div>\n\t\t<\/div>\n\t<\/div>\n\t\t\t<\/div>\n\t\t<\/div>\n\t<\/div>\n\n\t\t<\/div>\n\t<\/div>\n\n<div style=\"height:50px\" aria-hidden=\"true\" class=\"theme-wp-block wp-block-spacer\"><\/div><div class=\"theme-wp-block wp-block-columns gb-responsive-492868-identifier is-layout-flex wp-container-core-columns-is-layout-9d6595d7 wp-block-columns-is-layout-flex\"><div class=\"theme-wp-block wp-block-column gb-responsive-633979-identifier is-layout-flow wp-block-column-is-layout-flow\" style=\"flex-basis:25%\"><figure class=\"theme-wp-block wp-block-image size-large is-resized desktop-gb-has-no-icon xl-gb-has-no-icon lg-gb-has-no-icon md-gb-has-no-icon sm-gb-has-no-icon gb-responsive-595564-identifier\"><img decoding=\"async\" width=\"156\" height=\"156\" src=\"https:\/\/d2bw95mh2ee04s.cloudfront.net\/prod\/content\/wp-content\/uploads\/2021\/03\/23142640\/logo2_groupe-dragon-edited.png\" alt=\"Edu lugu: Groupe Dragon EN\" class=\"wp-image-8499\" style=\"width:156px;height:156px\"><\/figure><p class=\"theme-wp-block desktop-gb-has-no-icon xl-gb-has-no-icon lg-gb-has-no-icon md-gb-has-no-icon sm-gb-has-no-icon gb-responsive-471154-identifier\"><strong><strong>Asutamine<\/strong>:<\/strong><br>2011<\/p><p class=\"theme-wp-block desktop-gb-has-no-icon xl-gb-has-no-icon lg-gb-has-no-icon md-gb-has-no-icon sm-gb-has-no-icon gb-responsive-988471-identifier\"><strong><strong>Valdkond<\/strong>:<\/strong><br>Varuosad ja elektroonilised kodumasinad<\/p><p class=\"theme-wp-block desktop-gb-has-no-icon xl-gb-has-no-icon lg-gb-has-no-icon md-gb-has-no-icon sm-gb-has-no-icon gb-responsive-290042-identifier\"><strong><strong>Tooted Amazoni peal:<\/strong><\/strong><br>umbes 177 000 SKU-d<\/p><p class=\"theme-wp-block desktop-gb-has-no-icon xl-gb-has-no-icon lg-gb-has-no-icon md-gb-has-no-icon sm-gb-has-no-icon gb-responsive-427484-identifier\"><strong><strong>Saadetised<\/strong>:\u00a0<\/strong><br>umbes 37 000 kuus<\/p><\/div><div class=\"theme-wp-block wp-block-column gb-responsive-243785-identifier is-layout-flow wp-block-column-is-layout-flow\" style=\"flex-basis:50%\"><h3 class=\"theme-wp-block wp-block-heading desktop-gb-has-no-icon xl-gb-has-no-icon lg-gb-has-no-icon md-gb-has-no-icon sm-gb-has-no-icon gb-responsive-998927-identifier\" id=\"block-c06fce04-ef87-4ffc-a3d6-b768ba377d17\">Taust:<\/h3><p class=\"theme-wp-block gb-responsive-710769-identifier\">Groupe Dragon on \u00fcks edukamaid Prantsuse ettev\u00f5tteid Amazoni turul. Ja sellel on p\u00f5hjus: enne kui Groupe Dragoni asutaja sai Amazoni m\u00fc\u00fcjaks, t\u00f6\u00f6tas ta t\u00e4iskohaga elektriseadmete remondimehena. &#8220;Isegi siis pakkus ta oma poes varuosi,&#8221; \u00fctleb ostu- ja turustrateegia juht Florent Noualy. &#8220;Ta m\u00f5istis, et elektriseadmed purunevad t\u00e4nap\u00e4eval palju kergemini kui varem.&#8221;<\/p><p class=\"theme-wp-block gb-responsive-502902-identifier\">Lisaks sellele olid uued seadusandlikud regulatsioonid, mis n\u00f5udsid tootjatelt n\u00e4iteks varuosade hoidmist teatud aja jooksul laos. Nende muudatuste tulemusena on olnud m\u00e4rkimisv\u00e4\u00e4rne n\u00f5udluse kasv remonditarvikute j\u00e4rele, eriti veebis. Otsus pakkuda varuosi ka veebis osutus \u00f5igeks: vahepeal kuulub Groupe Dragon viie edukama Prantsuse Amazoni m\u00fc\u00fcja hulka.<\/p><h3 class=\"theme-wp-block wp-block-heading desktop-gb-has-no-icon xl-gb-has-no-icon lg-gb-has-no-icon md-gb-has-no-icon sm-gb-has-no-icon gb-responsive-686902-identifier\">Alustav olukord:<\/h3><p class=\"theme-wp-block gb-responsive-145505-identifier\">Kuid oma eduga seisis Groupe Dragon silmitsi ka uute v\u00e4ljakutsetega, mis tuli \u00fcletada. &#8220;\u00dcks neist oli rahvusvahelistumine. Amazon oli selles suureks abiks, kuna selle lihtne juurdep\u00e4\u00e4s teistele turgudele t\u00e4hendas, et meie ettev\u00f5te kasvas pidevalt,&#8221; \u00fctleb Florent Noualy. Saksamaa turg muutus isegi juhtivaks m\u00fc\u00fcgikanaliks.<\/p><p class=\"theme-wp-block gb-responsive-223640-identifier\">Kuid Amazoni kaudu laienemine avas Groupe Dragonile ka v\u00f5imaluse pakkuda kaubam\u00e4rgiga tooteid Dysonilt v\u00f5i Elektroluxilt. &#8220;See suurendas meie tellimuste ja lao mahtu massiivselt. Kui liitusin meeskonnaga 2015. aastal, selgus suhteliselt kiiresti, et peame tulevikus oma t\u00e4itmise FBA-le \u00fcle viima. Meie jaoks oli see parim valik.&#8221;<\/p><h3 class=\"theme-wp-block wp-block-heading desktop-gb-has-no-icon xl-gb-has-no-icon lg-gb-has-no-icon md-gb-has-no-icon sm-gb-has-no-icon gb-responsive-423206-identifier\">Lahendus:<\/h3><p class=\"theme-wp-block gb-responsive-405561-identifier\">Siis sai Noualy LinkedInis s\u00f5numi Monicalt, meie m\u00fc\u00fcgiarenduse esindajalt SELLERLOGIC juures. &#8220;Ma juba tundsin SELLERLOGIC,&#8221; meenutab Noualy, &#8220;ja ma olin kohe huvitatud Lost &#038; Found-st. Sel hetkel oli mulle juba selge, et meil puuduvad olulised andmed meie FBA protsesside kohta.&#8221; Lisaks ei suutnud keegi Groupe Dragoni meeskonnast anal\u00fc\u00fcsida tohutuid andmemahtusid, mida Lost &#038; Found teeb.<\/p><p class=\"theme-wp-block gb-responsive-793217-identifier\">\u201cIsegi kui oleme Amazoni peal m\u00fc\u00fcnud aastaid ja meil on hea arusaam, kuidas see t\u00f6\u00f6tab,\u201d lisab Noualy, &#8220;ei olnud meil piisavalt teadmisi, et tuvastada k\u00f5iki vigu.&#8221;<br>Oli kriitiline, et see olukord kontrolli alla saada. \u201cKui ma siis Lost &#038; Found aktiveerisin, siis juba ootasin, et t\u00f6\u00f6riist tuvastab palju FBA vigu. Kuid ma poleks kunagi oodanud tegelikku hulka!\u201d<\/p><div class=\"theme-block-group-wrap\"><div class=\"theme-wp-block wp-block-group gb-responsive-88118-identifier\">\t\t<div  class=\"theme-wp-block theme-block-user-card gb-responsive-799176-identifier is-style-full-width-line desktop-gb-has-no-icon xl-gb-has-no-icon lg-gb-has-no-icon md-gb-has-no-icon sm-gb-has-no-icon\">\n\t\t<div class=\"wrap-inner-content\">\n\t\t\t<div class=\"card-user-head\">\n\t\t\t\t<div class=\"card-user-avatar\">\n\t\t\t\t\t<div class=\"cover-avatar\" style=\"background-image: url(https:\/\/d2bw95mh2ee04s.cloudfront.net\/prod\/content\/wp-content\/uploads\/2021\/03\/23142640\/florent_groupe-dragon-raute.png);\"><\/div>\n\t\t\t\t<\/div>\n\t\t\t\t<div class=\"wrap-title\">\n\t\t\t\t\t<div class=\"card-user-name\">\n\t\t\t\t\t\t<div class=\"title\">\n\t\t\t\t\t\t\t<h3 class=\"heading-text\"><strong>Florent Noualy<\/strong><\/h3>\n\t\t\t\t\t\t<\/div>\n\t\t\t\t\t\t<div class=\"card-user-position\">\n\t\t\t\t\t\t\t<div class=\"card-text\"><strong>Ostu- ja turustrateegia juht<\/strong><\/div>\n\t\t\t\t\t\t<\/div>\n\t\t\t\t\t<\/div>\n\t\t\t\t\t<div class=\"card-user-quote-icon\">\n\t\t\t\t\t<\/div>\n\t\t\t\t<\/div>\n\t\t\t<\/div>\n\t\t\t<div class=\"card-user-text\">\n\t\t\t\t<div class=\"card-text\"><p>&#8220;Oli t\u00e4iesti vastuv\u00f5etamatu j\u00e4tkata nii palju raha kaotamist, seega otsus sai selgeks: me j\u00e4tkame Lost &amp; Found&#8217;i kasutamist.&#8221;<\/p><\/div>\n\t\t\t<\/div>\n\t\t<\/div>\n\t<\/div>\n\n<\/div><\/div><h3 class=\"theme-wp-block wp-block-heading desktop-gb-has-no-icon xl-gb-has-no-icon lg-gb-has-no-icon md-gb-has-no-icon sm-gb-has-no-icon gb-responsive-599569-identifier\">Edukad tulemused SELLERLOGIC-ga:<\/h3><p class=\"theme-wp-block gb-responsive-44628-identifier\">Esimene k\u00e4ivitus Lost &#038; Found t\u00f5i p\u00e4evavalgele 360 viga. Noualy oli \u0161okeeritud. \u201cOli t\u00e4iesti vastuv\u00f5etamatu, et me j\u00e4tkame nii palju raha kaotamist, seega otsus oli selge: me j\u00e4tkame Lost &#038; Found kasutamist.\u201d See osutus heaks otsuseks. Kuni praeguseni on Lost &#038; Found toonud ettev\u00f5ttele umbes 25 000 eurot h\u00fcvitisi, mis muidu oleks kaduma l\u00e4inud.<\/p><p class=\"theme-wp-block gb-responsive-8364-identifier\">Kuid see pole veel k\u00f5ik. Lisaks sellele s\u00e4\u00e4stab SELLERLOGIC Groupe Dragoni lahendus ka palju muid ressursse, nagu aega ja t\u00f6\u00f6j\u00f5udu. \u201cSuhtlemine Amazoni ka on muutunud lihtsamaks, kuna Lost &#038; Found annab meile kogu aeg \u00f5iget teavet.\u201d See h\u00f5lmab n\u00e4iteks malle, mida Groupe Dragon saab kasutada Amazoni automatiseeritud vastustele koheselt vastamiseks. \u201cMe peame lihtsalt need mallid kopeerima. K\u00f5ik, mida me peame teadma vea kohta, on selgelt esitatud Lost &#038; Found-s.\u201d<\/p><p class=\"theme-wp-block gb-responsive-936816-identifier\">Florent Noualy on samuti entusiastlik SELLERLOGIC \u00fcle, kuna klienditeenindus on hinna sees: \u201cKui m\u00f5ne avatud juhtumiga on probleeme, on SELLERLOGIC meeskond alati saadaval ja teeb k\u00f5ik endast oleneva, et aidata oma kliente ja juhtum parimal v\u00f5imalikul viisil l\u00f5petada.<\/p><div class=\"theme-wp-block wp-block-buttons desktop-gb-has-no-icon xl-gb-has-no-icon lg-gb-has-no-icon md-gb-has-no-icon sm-gb-has-no-icon gb-responsive-237208-identifier is-layout-flex wp-block-buttons-is-layout-flex\"><div class=\"theme-wp-block wp-block-button is-style-theme-transparent-with-arrow gb-responsive-303674-identifier\"><a class=\"wp-block-button__link wp-element-button\" href=\"https:\/\/d2bw95mh2ee04s.cloudfront.net\/prod\/content\/files\/SUCCESS-STORIES\/EN\/SELLERLOGIC_Success-Story_Groupe-Dragon_EN.pdf\" target=\"_blank\" rel=\"noreferrer noopener nofollow\">Laadi alla n\u00fc\u00fcd!<\/a><\/div><\/div><\/div><div class=\"theme-wp-block wp-block-column gb-responsive-252189-identifier is-layout-flow wp-block-column-is-layout-flow\" style=\"flex-basis:25%\"><\/div><\/div><p class=\"theme-wp-block gb-responsive-208920-identifier\"><\/p>","protected":false},"excerpt":{"rendered":"<p>Asutamine:2011 Valdkond:Varuosad ja elektroonilised kodumasinad Tooted Amazoni peal:umbes 177 000 SKU-d Saadetised:\u00a0umbes 37 000 kuus Taust: Groupe Dragon on \u00fcks edukamaid Prantsuse ettev\u00f5tteid Amazoni turul. Ja sellel on p\u00f5hjus: enne kui Groupe Dragoni asutaja sai Amazoni m\u00fc\u00fcjaks, t\u00f6\u00f6tas ta t\u00e4iskohaga elektriseadmete remondimehena. &#8220;Isegi siis pakkus ta oma poes varuosi,&#8221; \u00fctleb ostu- ja turustrateegia juht Florent<\/p>\n","protected":false},"author":3,"featured_media":8511,"parent":110082,"menu_order":0,"comment_status":"closed","ping_status":"closed","template":"","meta":{"sidebar_recommended_resources":{"data":[]},"sidebar_header_settings":{"hide_buttons":{"register":false}},"_use_new_theme":false,"inline_featured_image":false,"footnotes":""},"class_list":["post-110016","page","type-page","status-publish","has-post-thumbnail","hentry"],"yoast_head":"<!-- This site is optimized with the Yoast SEO plugin v26.8 - https:\/\/yoast.com\/product\/yoast-seo-wordpress\/ -->\n<title>Edu lugu: Groupe Dragon ja Lost &amp; Found | SELLERLOGIC<\/title>\n<meta name=\"description\" content=\"Ei aega, ei t\u00f6\u00f6j\u00f5udu, ei ressursse: Kuidas Groupe Dragon ikka iga FBA vea h\u00fcvitist saab. Loe n\u00fc\u00fcd ja saa rohkem teada!\" \/>\n<meta name=\"robots\" content=\"index, follow, max-snippet:-1, max-image-preview:large, max-video-preview:-1\" \/>\n<link rel=\"canonical\" href=\"https:\/\/www.sellerlogic.com\/et\/resources\/success-story-groupe-dragon\/\" \/>\n<meta property=\"og:locale\" content=\"et_EE\" \/>\n<meta property=\"og:type\" content=\"article\" \/>\n<meta property=\"og:title\" content=\"Edu lugu: Groupe Dragon ja Lost &amp; Found | SELLERLOGIC\" \/>\n<meta property=\"og:description\" content=\"Ei aega, ei t\u00f6\u00f6j\u00f5udu, ei ressursse: Kuidas Groupe Dragon ikka iga FBA vea h\u00fcvitist saab. Loe n\u00fc\u00fcd ja saa rohkem teada!\" \/>\n<meta property=\"og:url\" content=\"https:\/\/www.sellerlogic.com\/et\/resources\/success-story-groupe-dragon\/\" \/>\n<meta property=\"og:site_name\" content=\"SELLERLOGIC - Smarte Tools f\u00fcr Amazon-Seller\" \/>\n<meta property=\"article:publisher\" content=\"https:\/\/www.facebook.com\/SellerLogic\/\" \/>\n<meta property=\"og:image\" content=\"http:\/\/d2bw95mh2ee04s.cloudfront.net\/prod\/content\/wp-content\/uploads\/2021\/03\/23142639\/wp-header_groupe-dragon.jpeg\" \/>\n\t<meta property=\"og:image:width\" content=\"2000\" \/>\n\t<meta property=\"og:image:height\" content=\"1333\" \/>\n\t<meta property=\"og:image:type\" content=\"image\/jpeg\" \/>\n<meta name=\"twitter:card\" content=\"summary_large_image\" \/>\n<meta name=\"twitter:site\" content=\"@sellerlogic\" \/>\n<meta name=\"twitter:label1\" content=\"Est. reading time\" \/>\n\t<meta name=\"twitter:data1\" content=\"4 minutes\" \/>\n<script type=\"application\/ld+json\" class=\"yoast-schema-graph\">{\"@context\":\"https:\/\/schema.org\",\"@graph\":[{\"@type\":\"WebPage\",\"@id\":\"https:\/\/www.sellerlogic.com\/et\/resources\/success-story-groupe-dragon\/\",\"url\":\"https:\/\/www.sellerlogic.com\/et\/resources\/success-story-groupe-dragon\/\",\"name\":\"Edu lugu: Groupe Dragon ja Lost & Found | SELLERLOGIC\",\"isPartOf\":{\"@id\":\"https:\/\/www.sellerlogic.com\/et\/#website\"},\"primaryImageOfPage\":{\"@id\":\"https:\/\/www.sellerlogic.com\/et\/resources\/success-story-groupe-dragon\/#primaryimage\"},\"image\":{\"@id\":\"https:\/\/www.sellerlogic.com\/et\/resources\/success-story-groupe-dragon\/#primaryimage\"},\"thumbnailUrl\":\"https:\/\/d2bw95mh2ee04s.cloudfront.net\/prod\/content\/wp-content\/uploads\/2021\/03\/23142639\/wp-header_groupe-dragon.jpeg\",\"datePublished\":\"2021-03-02T08:05:46+00:00\",\"description\":\"Ei aega, ei t\u00f6\u00f6j\u00f5udu, ei ressursse: Kuidas Groupe Dragon ikka iga FBA vea h\u00fcvitist saab. Loe n\u00fc\u00fcd ja saa rohkem teada!\",\"breadcrumb\":{\"@id\":\"https:\/\/www.sellerlogic.com\/et\/resources\/success-story-groupe-dragon\/#breadcrumb\"},\"inLanguage\":\"et\",\"potentialAction\":[{\"@type\":\"ReadAction\",\"target\":[\"https:\/\/www.sellerlogic.com\/et\/resources\/success-story-groupe-dragon\/\"]}]},{\"@type\":\"ImageObject\",\"inLanguage\":\"et\",\"@id\":\"https:\/\/www.sellerlogic.com\/et\/resources\/success-story-groupe-dragon\/#primaryimage\",\"url\":\"https:\/\/d2bw95mh2ee04s.cloudfront.net\/prod\/content\/wp-content\/uploads\/2021\/03\/23142639\/wp-header_groupe-dragon.jpeg\",\"contentUrl\":\"https:\/\/d2bw95mh2ee04s.cloudfront.net\/prod\/content\/wp-content\/uploads\/2021\/03\/23142639\/wp-header_groupe-dragon.jpeg\",\"width\":2000,\"height\":1333,\"caption\":\"Wie Groupe Dragon SellerLogic Lost & Found nutzt\"},{\"@type\":\"BreadcrumbList\",\"@id\":\"https:\/\/www.sellerlogic.com\/et\/resources\/success-story-groupe-dragon\/#breadcrumb\",\"itemListElement\":[{\"@type\":\"ListItem\",\"position\":1,\"name\":\"Home\",\"item\":\"https:\/\/www.sellerlogic.com\/et\/\"},{\"@type\":\"ListItem\",\"position\":2,\"name\":\"Ressursid EN\",\"item\":\"https:\/\/127.0.0.1\/de\/ressourcen\/\"},{\"@type\":\"ListItem\",\"position\":3,\"name\":\"Edu lugu: Groupe Dragon EN\"}]},{\"@type\":\"WebSite\",\"@id\":\"https:\/\/www.sellerlogic.com\/et\/#website\",\"url\":\"https:\/\/www.sellerlogic.com\/et\/\",\"name\":\"SELLERLOGIC - Smarte Tools f\u00fcr Amazon-Seller\",\"description\":\"Intelligente Prozessoptimierung und Gewinnmaximierung\",\"publisher\":{\"@id\":\"https:\/\/www.sellerlogic.com\/et\/#organization\"},\"potentialAction\":[{\"@type\":\"SearchAction\",\"target\":{\"@type\":\"EntryPoint\",\"urlTemplate\":\"https:\/\/www.sellerlogic.com\/et\/?s={search_term_string}\"},\"query-input\":{\"@type\":\"PropertyValueSpecification\",\"valueRequired\":true,\"valueName\":\"search_term_string\"}}],\"inLanguage\":\"et\"},{\"@type\":\"Organization\",\"@id\":\"https:\/\/www.sellerlogic.com\/et\/#organization\",\"name\":\"SELLERLOGIC\",\"url\":\"https:\/\/www.sellerlogic.com\/et\/\",\"logo\":{\"@type\":\"ImageObject\",\"inLanguage\":\"et\",\"@id\":\"https:\/\/www.sellerlogic.com\/et\/#\/schema\/logo\/image\/\",\"url\":\"https:\/\/d2bw95mh2ee04s.cloudfront.net\/prod\/content\/wp-content\/uploads\/2025\/01\/02134814\/Property-Logo-Main.svg\",\"contentUrl\":\"https:\/\/d2bw95mh2ee04s.cloudfront.net\/prod\/content\/wp-content\/uploads\/2025\/01\/02134814\/Property-Logo-Main.svg\",\"width\":184,\"height\":40,\"caption\":\"SELLERLOGIC\"},\"image\":{\"@id\":\"https:\/\/www.sellerlogic.com\/et\/#\/schema\/logo\/image\/\"},\"sameAs\":[\"https:\/\/www.facebook.com\/SellerLogic\/\",\"https:\/\/x.com\/sellerlogic\",\"https:\/\/www.instagram.com\/sellerlogic\/\",\"https:\/\/www.linkedin.com\/company\/18402037\/\",\"https:\/\/www.youtube.com\/channel\/UC-gULUur-fNj08sprantKsQ\"]}]}<\/script>\n<!-- \/ Yoast SEO plugin. -->","yoast_head_json":{"title":"Edu lugu: Groupe Dragon ja Lost & Found | SELLERLOGIC","description":"Ei aega, ei t\u00f6\u00f6j\u00f5udu, ei ressursse: Kuidas Groupe Dragon ikka iga FBA vea h\u00fcvitist saab. Loe n\u00fc\u00fcd ja saa rohkem teada!","robots":{"index":"index","follow":"follow","max-snippet":"max-snippet:-1","max-image-preview":"max-image-preview:large","max-video-preview":"max-video-preview:-1"},"canonical":"https:\/\/www.sellerlogic.com\/et\/resources\/success-story-groupe-dragon\/","og_locale":"et_EE","og_type":"article","og_title":"Edu lugu: Groupe Dragon ja Lost & Found | SELLERLOGIC","og_description":"Ei aega, ei t\u00f6\u00f6j\u00f5udu, ei ressursse: Kuidas Groupe Dragon ikka iga FBA vea h\u00fcvitist saab. Loe n\u00fc\u00fcd ja saa rohkem teada!","og_url":"https:\/\/www.sellerlogic.com\/et\/resources\/success-story-groupe-dragon\/","og_site_name":"SELLERLOGIC - Smarte Tools f\u00fcr Amazon-Seller","article_publisher":"https:\/\/www.facebook.com\/SellerLogic\/","og_image":[{"width":2000,"height":1333,"url":"http:\/\/d2bw95mh2ee04s.cloudfront.net\/prod\/content\/wp-content\/uploads\/2021\/03\/23142639\/wp-header_groupe-dragon.jpeg","type":"image\/jpeg"}],"twitter_card":"summary_large_image","twitter_site":"@sellerlogic","twitter_misc":{"Est. reading time":"4 minutes"},"schema":{"@context":"https:\/\/schema.org","@graph":[{"@type":"WebPage","@id":"https:\/\/www.sellerlogic.com\/et\/resources\/success-story-groupe-dragon\/","url":"https:\/\/www.sellerlogic.com\/et\/resources\/success-story-groupe-dragon\/","name":"Edu lugu: Groupe Dragon ja Lost & Found | SELLERLOGIC","isPartOf":{"@id":"https:\/\/www.sellerlogic.com\/et\/#website"},"primaryImageOfPage":{"@id":"https:\/\/www.sellerlogic.com\/et\/resources\/success-story-groupe-dragon\/#primaryimage"},"image":{"@id":"https:\/\/www.sellerlogic.com\/et\/resources\/success-story-groupe-dragon\/#primaryimage"},"thumbnailUrl":"https:\/\/d2bw95mh2ee04s.cloudfront.net\/prod\/content\/wp-content\/uploads\/2021\/03\/23142639\/wp-header_groupe-dragon.jpeg","datePublished":"2021-03-02T08:05:46+00:00","description":"Ei aega, ei t\u00f6\u00f6j\u00f5udu, ei ressursse: Kuidas Groupe Dragon ikka iga FBA vea h\u00fcvitist saab. Loe n\u00fc\u00fcd ja saa rohkem teada!","breadcrumb":{"@id":"https:\/\/www.sellerlogic.com\/et\/resources\/success-story-groupe-dragon\/#breadcrumb"},"inLanguage":"et","potentialAction":[{"@type":"ReadAction","target":["https:\/\/www.sellerlogic.com\/et\/resources\/success-story-groupe-dragon\/"]}]},{"@type":"ImageObject","inLanguage":"et","@id":"https:\/\/www.sellerlogic.com\/et\/resources\/success-story-groupe-dragon\/#primaryimage","url":"https:\/\/d2bw95mh2ee04s.cloudfront.net\/prod\/content\/wp-content\/uploads\/2021\/03\/23142639\/wp-header_groupe-dragon.jpeg","contentUrl":"https:\/\/d2bw95mh2ee04s.cloudfront.net\/prod\/content\/wp-content\/uploads\/2021\/03\/23142639\/wp-header_groupe-dragon.jpeg","width":2000,"height":1333,"caption":"Wie Groupe Dragon SellerLogic Lost & Found nutzt"},{"@type":"BreadcrumbList","@id":"https:\/\/www.sellerlogic.com\/et\/resources\/success-story-groupe-dragon\/#breadcrumb","itemListElement":[{"@type":"ListItem","position":1,"name":"Home","item":"https:\/\/www.sellerlogic.com\/et\/"},{"@type":"ListItem","position":2,"name":"Ressursid EN","item":"https:\/\/127.0.0.1\/de\/ressourcen\/"},{"@type":"ListItem","position":3,"name":"Edu lugu: Groupe Dragon EN"}]},{"@type":"WebSite","@id":"https:\/\/www.sellerlogic.com\/et\/#website","url":"https:\/\/www.sellerlogic.com\/et\/","name":"SELLERLOGIC - Smarte Tools f\u00fcr Amazon-Seller","description":"Intelligente Prozessoptimierung und Gewinnmaximierung","publisher":{"@id":"https:\/\/www.sellerlogic.com\/et\/#organization"},"potentialAction":[{"@type":"SearchAction","target":{"@type":"EntryPoint","urlTemplate":"https:\/\/www.sellerlogic.com\/et\/?s={search_term_string}"},"query-input":{"@type":"PropertyValueSpecification","valueRequired":true,"valueName":"search_term_string"}}],"inLanguage":"et"},{"@type":"Organization","@id":"https:\/\/www.sellerlogic.com\/et\/#organization","name":"SELLERLOGIC","url":"https:\/\/www.sellerlogic.com\/et\/","logo":{"@type":"ImageObject","inLanguage":"et","@id":"https:\/\/www.sellerlogic.com\/et\/#\/schema\/logo\/image\/","url":"https:\/\/d2bw95mh2ee04s.cloudfront.net\/prod\/content\/wp-content\/uploads\/2025\/01\/02134814\/Property-Logo-Main.svg","contentUrl":"https:\/\/d2bw95mh2ee04s.cloudfront.net\/prod\/content\/wp-content\/uploads\/2025\/01\/02134814\/Property-Logo-Main.svg","width":184,"height":40,"caption":"SELLERLOGIC"},"image":{"@id":"https:\/\/www.sellerlogic.com\/et\/#\/schema\/logo\/image\/"},"sameAs":["https:\/\/www.facebook.com\/SellerLogic\/","https:\/\/x.com\/sellerlogic","https:\/\/www.instagram.com\/sellerlogic\/","https:\/\/www.linkedin.com\/company\/18402037\/","https:\/\/www.youtube.com\/channel\/UC-gULUur-fNj08sprantKsQ"]}]}},"_links":{"self":[{"href":"https:\/\/www.sellerlogic.com\/et\/wp-json\/wp\/v2\/pages\/110016","targetHints":{"allow":["GET"]}}],"collection":[{"href":"https:\/\/www.sellerlogic.com\/et\/wp-json\/wp\/v2\/pages"}],"about":[{"href":"https:\/\/www.sellerlogic.com\/et\/wp-json\/wp\/v2\/types\/page"}],"author":[{"embeddable":true,"href":"https:\/\/www.sellerlogic.com\/et\/wp-json\/wp\/v2\/users\/3"}],"replies":[{"embeddable":true,"href":"https:\/\/www.sellerlogic.com\/et\/wp-json\/wp\/v2\/comments?post=110016"}],"version-history":[{"count":0,"href":"https:\/\/www.sellerlogic.com\/et\/wp-json\/wp\/v2\/pages\/110016\/revisions"}],"up":[{"embeddable":true,"href":"https:\/\/www.sellerlogic.com\/et\/wp-json\/wp\/v2\/pages\/110082"}],"wp:featuredmedia":[{"embeddable":true,"href":"https:\/\/www.sellerlogic.com\/et\/wp-json\/wp\/v2\/media\/8511"}],"wp:attachment":[{"href":"https:\/\/www.sellerlogic.com\/et\/wp-json\/wp\/v2\/media?parent=110016"}],"curies":[{"name":"wp","href":"https:\/\/api.w.org\/{rel}","templated":true}]}}