
{"id":110049,"date":"2020-12-22T10:05:12","date_gmt":"2020-12-22T10:05:12","guid":{"rendered":"https:\/\/127.0.0.1\/resources\/success-story-dadaro\/"},"modified":"2020-12-22T10:05:12","modified_gmt":"2020-12-22T10:05:12","slug":"success-story-dadaro","status":"publish","type":"page","link":"https:\/\/www.sellerlogic.com\/et\/resources\/success-story-dadaro\/","title":{"rendered":"Edu lugu: Dadaro EN"},"content":{"rendered":"\n\t<div  class=\"theme-wp-block theme-block-main-header is-style-full-height desktop-align-full xl-align-full lg-align-full md-align-full sm-align-full desktop-content-align-y-center desktop-content-align-x-center xl-content-align-y-center xl-content-align-x-center lg-content-align-y-center lg-content-align-x-center md-content-align-y-center md-content-align-x-center sm-content-align-y-center sm-content-align-x-center gb-responsive-439567-identifier theme-block-cover\">\n\t\t<div class=\"bg-cover theme-lazy-load-bg\"><\/div>\n\t\t<div class=\"wrap-content-main-header\">\n\t\t\t\t\t<div  class=\"theme-wp-block theme-block-text-and-text desktop-align-wide xl-align-wide lg-align-wide md-align-wide sm-align-wide gb-responsive-511761-identifier desktop-blockDirection-column xl-blockDirection-column lg-blockDirection-column md-blockDirection-column sm-blockDirection-column\">\n\t\t<div class=\"tat-column-wrap-wrapper\">\n\t\t\t<div class=\"tat-column-wrapper\">\n\t\t\t\t\t<div  class=\"theme-wp-block theme-block-text-and-text-column gb-responsive-24925-identifier desktop-horizontal-center xl-horizontal-center lg-horizontal-center md-horizontal-center sm-horizontal-center\">\n\t\t<div class=\"inner-wrap-column-content\">\n\t\t\t<div class=\"inner-column-content\">\n\t\t\t\t\t\t<h1  class=\"theme-wp-block theme-block-heading gb-responsive-62496-identifier desktop-text-center xl-text-center lg-text-center md-text-center sm-text-center desktop-gb-has-no-icon xl-gb-has-no-icon lg-gb-has-no-icon md-gb-has-no-icon sm-gb-has-no-icon\">\n\t\tMiks \u00fclemaailmne pandeemia ei m\u00f5juta Dadaro&#8217;t\t<\/h1>\n\n\t\t\t<\/div>\n\t\t<\/div>\n\t<\/div>\n\t<div  class=\"theme-wp-block theme-block-text-and-text-column gb-responsive-195365-identifier\">\n\t\t<div class=\"inner-wrap-column-content\">\n\t\t\t<div class=\"inner-column-content\">\n\t\t\t\t\t\t\t<\/div>\n\t\t<\/div>\n\t<\/div>\n\t\t\t<\/div>\n\t\t<\/div>\n\t<\/div>\n\n\t\t<\/div>\n\t<\/div>\n\n<div style=\"height:50px\" aria-hidden=\"true\" class=\"theme-wp-block wp-block-spacer\"><\/div><div class=\"theme-wp-block wp-block-columns gb-responsive-586014-identifier is-layout-flex wp-container-core-columns-is-layout-9d6595d7 wp-block-columns-is-layout-flex\"><div class=\"theme-wp-block wp-block-column gb-responsive-33587-identifier is-layout-flow wp-block-column-is-layout-flow\" style=\"flex-basis:25%\"><figure class=\"theme-wp-block wp-block-image size-large is-resized gb-responsive-62921-identifier\"><img decoding=\"async\" src=\"https:\/\/d2bw95mh2ee04s.cloudfront.net\/prod\/content\/wp-content\/uploads\/2020\/12\/23142718\/logo-monde-petit.png\" alt=\"Edu lugu: Dadaro EN\" class=\"wp-image-5012\" width=\"300\" height=\"264\" srcset=\"https:\/\/d2bw95mh2ee04s.cloudfront.net\/prod\/content\/wp-content\/uploads\/2020\/12\/23142718\/logo-monde-petit-407x358.png 407w, https:\/\/d2bw95mh2ee04s.cloudfront.net\/prod\/content\/wp-content\/uploads\/2020\/12\/23142718\/logo-monde-petit.png 600w\" sizes=\"(max-width: 300px) 100vw, 300px\" \/><\/figure><p class=\"theme-wp-block gb-responsive-263243-identifier\"><strong>Sihtasutus:<\/strong><br>2004<\/p><p class=\"theme-wp-block gb-responsive-412647-identifier\"><strong>T\u00f6\u00f6stus:<\/strong><br>Ehted ja v\u00e4\u00e4rismetallid<\/p><p class=\"theme-wp-block gb-responsive-679138-identifier\"><strong>Tooted Amazonis:<\/strong><br>umbes 1.600 SKU-d<\/p><p class=\"theme-wp-block gb-responsive-236096-identifier\"><strong>Saated:<\/strong><br>umbes 700 kuus<\/p><\/div><div class=\"theme-wp-block wp-block-column gb-responsive-980941-identifier is-layout-flow wp-block-column-is-layout-flow\" style=\"flex-basis:50%\"><h3 class=\"theme-wp-block wp-block-heading gb-responsive-34353-identifier\" id=\"block-c06fce04-ef87-4ffc-a3d6-b768ba377d17\">Taust:<\/h3><p class=\"theme-wp-block gb-responsive-414178-identifier desktop-gb-has-no-icon xl-gb-has-no-icon lg-gb-has-no-icon md-gb-has-no-icon sm-gb-has-no-icon\">2008. aastal n\u00e4gi pereettev\u00f5te \u2013 asutatud 2004. aastal ja spetsialiseerunud ehte tootmisele, ostmisele ja m\u00fc\u00fcgile \u2013 kuidas traditsiooniline hulgikanal aeglaselt l\u00f5ppema hakkas. Majanduskriisi ja kuldhinna t\u00f5usu t\u00f5ttu v\u00e4henes n\u00f5udlus ehteoste j\u00e4rele, mis m\u00f5jutas negatiivselt nende m\u00fc\u00fcki. Sel hetkel ei kahtlenud Dadaro tegevjuht Luis G\u00f3mez, et perettev\u00f5tte p\u00e4\u00e4stmiseks peab ta astuma sammu veebim\u00fc\u00fcki.<\/p><h3 class=\"theme-wp-block wp-block-heading gb-responsive-846776-identifier desktop-gb-has-no-icon xl-gb-has-no-icon lg-gb-has-no-icon md-gb-has-no-icon sm-gb-has-no-icon\">Alustamine:<\/h3><p class=\"theme-wp-block gb-responsive-166194-identifier desktop-gb-has-no-icon xl-gb-has-no-icon lg-gb-has-no-icon md-gb-has-no-icon sm-gb-has-no-icon\">P\u00e4rast ehte e-kaubanduse poe MondePetit loomist otsustas Luis 2015. aastal hakata Amazoni m\u00fc\u00fcjaks. Dadaro jaoks, tema aktiivne Amazoni pood Hispaanias, m\u00f5istis ta kohe, millised v\u00f5imalused Marketplace talle rahvusvaheliselt oma tooteid m\u00fc\u00fca pakkus. 2017. aastal hakkas ta t\u00f6\u00f6tama Amazoni FBA teenustega, viies sellega perettev\u00f5tte rahvusvahelisele tasemele, m\u00fc\u00fces sellistes turgudes nagu Itaalia, Saksamaa, Prantsusmaa ja \u00dchendkuningriik.<\/p><p class=\"theme-wp-block gb-responsive-6809-identifier\">\u201eAmazoni FBA teenuste ja mitme kanali logistika kasutamine meie veebisaidi kaudu on meie \u00e4ritegevusele tohutult m\u00f5jutanud,\u201c kinnitab Luis. \u201eKlienditeeninduse aspektist on see meid palju aidanud, kuna Amazon tegeleb kliendip\u00e4ringutega otse. Teiselt poolt olin ma teadlik, et \u2013 arvestades tehingute hulka, millega me tegeleme \u2013 oli kaubandust, mis kadus nende logistika keskustes.\u201c<\/p><h3 class=\"theme-wp-block wp-block-heading gb-responsive-826598-identifier\">Lahendus:<\/h3><p class=\"theme-wp-block gb-responsive-981559-identifier desktop-gb-has-no-icon xl-gb-has-no-icon lg-gb-has-no-icon md-gb-has-no-icon sm-gb-has-no-icon\">Raskete sulgemismeetmete ajal Hispaanias j\u00e4lgis Luis t\u00e4helepanelikult pakkumisi, mis tema postkasti ilmusid. Nii sattus ta e-kirjale, mille ta sai VGAMZ-ilt, esimeselt Amazoni spetsialiseerunud turu konsultatsiooniettev\u00f5ttelt Hispaanias: \u201eE-kiri k\u00f6itis mu t\u00e4helepanu ja kuna mul oli parasjagu aega, otsustasin kuulata VGAMZ-i podcasti. Nii leidsin ma ka nende YouTube&#8217;i kanali, kus vaatasin video\u00f5petusi Lost &#038; Found t\u00f6\u00f6riista kohta, ja just seal avastasin SELLERLOGIC!\u201c selgitab Luis. \u201eOtsustasin kohe, et see on just see, mida ma praegu vajan. Kirjutasin selle \u00fcles ja m\u00f5ne p\u00e4eva p\u00e4rast l\u00f5in oma konto SELLERLOGIC-s.\u201c<\/p><div class=\"theme-block-group-wrap\"><div class=\"theme-wp-block wp-block-group gb-responsive-88118-identifier\">\t\t<div  class=\"theme-wp-block theme-block-user-card gb-responsive-799176-identifier is-style-full-width-line\">\n\t\t<div class=\"wrap-inner-content\">\n\t\t\t<div class=\"card-user-head\">\n\t\t\t\t<div class=\"card-user-avatar\">\n\t\t\t\t\t<div class=\"cover-avatar\" style=\"background-image: url(https:\/\/d2bw95mh2ee04s.cloudfront.net\/prod\/content\/wp-content\/uploads\/2020\/12\/23142718\/luis-gomez_raute.png);\"><\/div>\n\t\t\t\t<\/div>\n\t\t\t\t<div class=\"wrap-title\">\n\t\t\t\t\t<div class=\"card-user-name\">\n\t\t\t\t\t\t<div class=\"title\">\n\t\t\t\t\t\t\t<h3 class=\"heading-text\"><strong>Luis G\u00f3mez<\/strong><\/h3>\n\t\t\t\t\t\t<\/div>\n\t\t\t\t\t\t<div class=\"card-user-position\">\n\t\t\t\t\t\t\t<div class=\"card-text\"><strong>Dadaro tegevjuht<\/strong><\/div>\n\t\t\t\t\t\t<\/div>\n\t\t\t\t\t<\/div>\n\t\t\t\t\t<div class=\"card-user-quote-icon\">\n\t\t\t\t\t<\/div>\n\t\t\t\t<\/div>\n\t\t\t<\/div>\n\t\t\t<div class=\"card-user-text\">\n\t\t\t\t<div class=\"card-text\"><p>\u201eEttev\u00f5tetel pole selle t\u00f6\u00f6riista kasutamisel midagi kaotada, soovitan seda igasugustele Amazon&#8217;i m\u00fc\u00fcjatele.\u201c<\/p><p><\/p><\/div>\n\t\t\t<\/div>\n\t\t<\/div>\n\t<\/div>\n\n<\/div><\/div><h3 class=\"theme-wp-block wp-block-heading gb-responsive-727373-identifier desktop-gb-has-no-icon xl-gb-has-no-icon lg-gb-has-no-icon md-gb-has-no-icon sm-gb-has-no-icon\">Successful Results With SELLERLOGIC:<\/h3><p class=\"theme-wp-block gb-responsive-306957-identifier\">K\u00f5ik oli algusest peale kiire ja lihtne, ilma et oleks pidanud SELLERLOGIC klienditeenindusmeeskonnalt abi k\u00fcsima, \u00fctleb Luis. &#8220;Registreerimisprotsess oli lihtne ja t\u00f6\u00f6riista rakendamine on v\u00e4ga lihtne. V\u00e4ga l\u00fchikese aja jooksul hakkasid esimesed h\u00fcvitamise juhtumid ilmuma. Ma ei suutnud uskuda, kui n\u00e4gin, et neid oli 117 juhtumit.&#8221;<\/p><p class=\"theme-wp-block gb-responsive-412864-identifier\">\u201eFakt, et olen automatiseerinud kogu FBA tehingute j\u00e4lgimise ja aruandluse protsessi, on osutunud v\u00e4ga kasulikuks, eriti praegustes aegades, milles me elame. Teabe kopeerimine ja kleepimine, et esitada oma n\u00f5udejuhud Amazonile, pole kunagi olnud nii lihtne!\u201c<\/p><p class=\"theme-wp-block gb-responsive-741970-identifier\">\u201eIlma SELLERLOGIC-ta ei oleks ma suutnud saada seda h\u00fcvitist 3886,91 \u20ac. Praegusel hetkel, arvestades praegust olukorda, t\u00f6\u00f6koormust ja k\u00f5iki muudatusi, mis Amazonis pidevalt toimuvad, oleks mul olnud v\u00f5imatu selle probleemiga tegeleda,\u201c selgitab Luis. \u201eNendel koroonaviiruse aegadel on SELLERLOGIC olnud t\u00f5eline kingitus, loodan, et saan seda pikka aega kasutada.\u201c<\/p><div class=\"theme-wp-block wp-block-buttons gb-responsive-497426-identifier is-layout-flex wp-block-buttons-is-layout-flex\"><div class=\"theme-wp-block wp-block-button gb-responsive-38220-identifier is-style-theme-transparent-with-arrow\"><a class=\"wp-block-button__link wp-element-button\" href=\"https:\/\/d2bw95mh2ee04s.cloudfront.net\/prod\/content\/files\/SUCCESS-STORIES\/EN\/SELLERLOGIC_SN_Success-Story_Dadaro_EN.pdf\" target=\"_blank\" rel=\"noreferrer noopener nofollow\">Laadi alla n\u00fc\u00fcd!<\/a><\/div><\/div><\/div><div class=\"theme-wp-block wp-block-column gb-responsive-405774-identifier is-layout-flow wp-block-column-is-layout-flow\" style=\"flex-basis:25%\"><\/div><\/div><p class=\"theme-wp-block gb-responsive-527070-identifier\"><\/p>","protected":false},"excerpt":{"rendered":"<p>Sihtasutus:2004 T\u00f6\u00f6stus:Ehted ja v\u00e4\u00e4rismetallid Tooted Amazonis:umbes 1.600 SKU-d Saated:umbes 700 kuus Taust: 2008. aastal n\u00e4gi pereettev\u00f5te \u2013 asutatud 2004. aastal ja spetsialiseerunud ehte tootmisele, ostmisele ja m\u00fc\u00fcgile \u2013 kuidas traditsiooniline hulgikanal aeglaselt l\u00f5ppema hakkas. Majanduskriisi ja kuldhinna t\u00f5usu t\u00f5ttu v\u00e4henes n\u00f5udlus ehteoste j\u00e4rele, mis m\u00f5jutas negatiivselt nende m\u00fc\u00fcki. Sel hetkel ei kahtlenud Dadaro tegevjuht Luis<\/p>\n","protected":false},"author":3,"featured_media":0,"parent":110082,"menu_order":0,"comment_status":"closed","ping_status":"closed","template":"","meta":{"sidebar_recommended_resources":{"data":[]},"sidebar_header_settings":{"hide_buttons":{"register":false}},"_use_new_theme":false,"inline_featured_image":false,"footnotes":""},"class_list":["post-110049","page","type-page","status-publish","hentry"],"yoast_head":"<!-- This site is optimized with the Yoast SEO plugin v26.8 - https:\/\/yoast.com\/product\/yoast-seo-wordpress\/ -->\n<title>Kuidas Lost &amp; Found aitas Dadaro&#039;t koroonakriisi ajal | SELLERLOGIC<\/title>\n<meta name=\"description\" content=\"Paljude m\u00fc\u00fcjate jaoks oli 2020. aasta raske aasta. Uuri, kuidas Dadaro kasutas Lost &amp; Found t\u00f6\u00f6riista kriisi haldamiseks. Loe seda n\u00fc\u00fcd!\" \/>\n<meta name=\"robots\" content=\"index, follow, max-snippet:-1, max-image-preview:large, max-video-preview:-1\" \/>\n<link rel=\"canonical\" href=\"https:\/\/www.sellerlogic.com\/et\/resources\/success-story-dadaro\/\" \/>\n<meta property=\"og:locale\" content=\"et_EE\" \/>\n<meta property=\"og:type\" content=\"article\" \/>\n<meta property=\"og:title\" content=\"Kuidas Lost &amp; Found aitas Dadaro&#039;t koroonakriisi ajal | SELLERLOGIC\" \/>\n<meta property=\"og:description\" content=\"Paljude m\u00fc\u00fcjate jaoks oli 2020. aasta raske aasta. Uuri, kuidas Dadaro kasutas Lost &amp; Found t\u00f6\u00f6riista kriisi haldamiseks. Loe seda n\u00fc\u00fcd!\" \/>\n<meta property=\"og:url\" content=\"https:\/\/www.sellerlogic.com\/et\/resources\/success-story-dadaro\/\" \/>\n<meta property=\"og:site_name\" content=\"SELLERLOGIC - Smarte Tools f\u00fcr Amazon-Seller\" \/>\n<meta property=\"article:publisher\" content=\"https:\/\/www.facebook.com\/SellerLogic\/\" \/>\n<meta property=\"og:image\" content=\"https:\/\/www.sellerlogic.com\/wp-content\/uploads\/2020\/12\/logo-monde-petit.png\" \/>\n<meta name=\"twitter:card\" content=\"summary_large_image\" \/>\n<meta name=\"twitter:site\" content=\"@sellerlogic\" \/>\n<meta name=\"twitter:label1\" content=\"Est. reading time\" \/>\n\t<meta name=\"twitter:data1\" content=\"3 minutes\" \/>\n<script type=\"application\/ld+json\" class=\"yoast-schema-graph\">{\"@context\":\"https:\/\/schema.org\",\"@graph\":[{\"@type\":\"WebPage\",\"@id\":\"https:\/\/www.sellerlogic.com\/et\/resources\/success-story-dadaro\/\",\"url\":\"https:\/\/www.sellerlogic.com\/et\/resources\/success-story-dadaro\/\",\"name\":\"Kuidas Lost & Found aitas Dadaro't koroonakriisi ajal | SELLERLOGIC\",\"isPartOf\":{\"@id\":\"https:\/\/www.sellerlogic.com\/et\/#website\"},\"primaryImageOfPage\":{\"@id\":\"https:\/\/www.sellerlogic.com\/et\/resources\/success-story-dadaro\/#primaryimage\"},\"image\":{\"@id\":\"https:\/\/www.sellerlogic.com\/et\/resources\/success-story-dadaro\/#primaryimage\"},\"thumbnailUrl\":\"https:\/\/www.sellerlogic.com\/wp-content\/uploads\/2020\/12\/logo-monde-petit.png\",\"datePublished\":\"2020-12-22T10:05:12+00:00\",\"description\":\"Paljude m\u00fc\u00fcjate jaoks oli 2020. aasta raske aasta. Uuri, kuidas Dadaro kasutas Lost & Found t\u00f6\u00f6riista kriisi haldamiseks. Loe seda n\u00fc\u00fcd!\",\"breadcrumb\":{\"@id\":\"https:\/\/www.sellerlogic.com\/et\/resources\/success-story-dadaro\/#breadcrumb\"},\"inLanguage\":\"et\",\"potentialAction\":[{\"@type\":\"ReadAction\",\"target\":[\"https:\/\/www.sellerlogic.com\/et\/resources\/success-story-dadaro\/\"]}]},{\"@type\":\"ImageObject\",\"inLanguage\":\"et\",\"@id\":\"https:\/\/www.sellerlogic.com\/et\/resources\/success-story-dadaro\/#primaryimage\",\"url\":\"https:\/\/www.sellerlogic.com\/wp-content\/uploads\/2020\/12\/logo-monde-petit.png\",\"contentUrl\":\"https:\/\/www.sellerlogic.com\/wp-content\/uploads\/2020\/12\/logo-monde-petit.png\"},{\"@type\":\"BreadcrumbList\",\"@id\":\"https:\/\/www.sellerlogic.com\/et\/resources\/success-story-dadaro\/#breadcrumb\",\"itemListElement\":[{\"@type\":\"ListItem\",\"position\":1,\"name\":\"Home\",\"item\":\"https:\/\/www.sellerlogic.com\/et\/\"},{\"@type\":\"ListItem\",\"position\":2,\"name\":\"Ressursid EN\",\"item\":\"https:\/\/127.0.0.1\/de\/ressourcen\/\"},{\"@type\":\"ListItem\",\"position\":3,\"name\":\"Edu lugu: Dadaro EN\"}]},{\"@type\":\"WebSite\",\"@id\":\"https:\/\/www.sellerlogic.com\/et\/#website\",\"url\":\"https:\/\/www.sellerlogic.com\/et\/\",\"name\":\"SELLERLOGIC - Smarte Tools f\u00fcr Amazon-Seller\",\"description\":\"Intelligente Prozessoptimierung und Gewinnmaximierung\",\"publisher\":{\"@id\":\"https:\/\/www.sellerlogic.com\/et\/#organization\"},\"potentialAction\":[{\"@type\":\"SearchAction\",\"target\":{\"@type\":\"EntryPoint\",\"urlTemplate\":\"https:\/\/www.sellerlogic.com\/et\/?s={search_term_string}\"},\"query-input\":{\"@type\":\"PropertyValueSpecification\",\"valueRequired\":true,\"valueName\":\"search_term_string\"}}],\"inLanguage\":\"et\"},{\"@type\":\"Organization\",\"@id\":\"https:\/\/www.sellerlogic.com\/et\/#organization\",\"name\":\"SELLERLOGIC\",\"url\":\"https:\/\/www.sellerlogic.com\/et\/\",\"logo\":{\"@type\":\"ImageObject\",\"inLanguage\":\"et\",\"@id\":\"https:\/\/www.sellerlogic.com\/et\/#\/schema\/logo\/image\/\",\"url\":\"https:\/\/d2bw95mh2ee04s.cloudfront.net\/prod\/content\/wp-content\/uploads\/2025\/01\/02134814\/Property-Logo-Main.svg\",\"contentUrl\":\"https:\/\/d2bw95mh2ee04s.cloudfront.net\/prod\/content\/wp-content\/uploads\/2025\/01\/02134814\/Property-Logo-Main.svg\",\"width\":184,\"height\":40,\"caption\":\"SELLERLOGIC\"},\"image\":{\"@id\":\"https:\/\/www.sellerlogic.com\/et\/#\/schema\/logo\/image\/\"},\"sameAs\":[\"https:\/\/www.facebook.com\/SellerLogic\/\",\"https:\/\/x.com\/sellerlogic\",\"https:\/\/www.instagram.com\/sellerlogic\/\",\"https:\/\/www.linkedin.com\/company\/18402037\/\",\"https:\/\/www.youtube.com\/channel\/UC-gULUur-fNj08sprantKsQ\"]}]}<\/script>\n<!-- \/ Yoast SEO plugin. -->","yoast_head_json":{"title":"Kuidas Lost & Found aitas Dadaro't koroonakriisi ajal | SELLERLOGIC","description":"Paljude m\u00fc\u00fcjate jaoks oli 2020. aasta raske aasta. Uuri, kuidas Dadaro kasutas Lost & Found t\u00f6\u00f6riista kriisi haldamiseks. Loe seda n\u00fc\u00fcd!","robots":{"index":"index","follow":"follow","max-snippet":"max-snippet:-1","max-image-preview":"max-image-preview:large","max-video-preview":"max-video-preview:-1"},"canonical":"https:\/\/www.sellerlogic.com\/et\/resources\/success-story-dadaro\/","og_locale":"et_EE","og_type":"article","og_title":"Kuidas Lost & Found aitas Dadaro't koroonakriisi ajal | SELLERLOGIC","og_description":"Paljude m\u00fc\u00fcjate jaoks oli 2020. aasta raske aasta. Uuri, kuidas Dadaro kasutas Lost & Found t\u00f6\u00f6riista kriisi haldamiseks. Loe seda n\u00fc\u00fcd!","og_url":"https:\/\/www.sellerlogic.com\/et\/resources\/success-story-dadaro\/","og_site_name":"SELLERLOGIC - Smarte Tools f\u00fcr Amazon-Seller","article_publisher":"https:\/\/www.facebook.com\/SellerLogic\/","og_image":[{"url":"https:\/\/www.sellerlogic.com\/wp-content\/uploads\/2020\/12\/logo-monde-petit.png","type":"","width":"","height":""}],"twitter_card":"summary_large_image","twitter_site":"@sellerlogic","twitter_misc":{"Est. reading time":"3 minutes"},"schema":{"@context":"https:\/\/schema.org","@graph":[{"@type":"WebPage","@id":"https:\/\/www.sellerlogic.com\/et\/resources\/success-story-dadaro\/","url":"https:\/\/www.sellerlogic.com\/et\/resources\/success-story-dadaro\/","name":"Kuidas Lost & Found aitas Dadaro't koroonakriisi ajal | SELLERLOGIC","isPartOf":{"@id":"https:\/\/www.sellerlogic.com\/et\/#website"},"primaryImageOfPage":{"@id":"https:\/\/www.sellerlogic.com\/et\/resources\/success-story-dadaro\/#primaryimage"},"image":{"@id":"https:\/\/www.sellerlogic.com\/et\/resources\/success-story-dadaro\/#primaryimage"},"thumbnailUrl":"https:\/\/www.sellerlogic.com\/wp-content\/uploads\/2020\/12\/logo-monde-petit.png","datePublished":"2020-12-22T10:05:12+00:00","description":"Paljude m\u00fc\u00fcjate jaoks oli 2020. aasta raske aasta. Uuri, kuidas Dadaro kasutas Lost & Found t\u00f6\u00f6riista kriisi haldamiseks. Loe seda n\u00fc\u00fcd!","breadcrumb":{"@id":"https:\/\/www.sellerlogic.com\/et\/resources\/success-story-dadaro\/#breadcrumb"},"inLanguage":"et","potentialAction":[{"@type":"ReadAction","target":["https:\/\/www.sellerlogic.com\/et\/resources\/success-story-dadaro\/"]}]},{"@type":"ImageObject","inLanguage":"et","@id":"https:\/\/www.sellerlogic.com\/et\/resources\/success-story-dadaro\/#primaryimage","url":"https:\/\/www.sellerlogic.com\/wp-content\/uploads\/2020\/12\/logo-monde-petit.png","contentUrl":"https:\/\/www.sellerlogic.com\/wp-content\/uploads\/2020\/12\/logo-monde-petit.png"},{"@type":"BreadcrumbList","@id":"https:\/\/www.sellerlogic.com\/et\/resources\/success-story-dadaro\/#breadcrumb","itemListElement":[{"@type":"ListItem","position":1,"name":"Home","item":"https:\/\/www.sellerlogic.com\/et\/"},{"@type":"ListItem","position":2,"name":"Ressursid EN","item":"https:\/\/127.0.0.1\/de\/ressourcen\/"},{"@type":"ListItem","position":3,"name":"Edu lugu: Dadaro EN"}]},{"@type":"WebSite","@id":"https:\/\/www.sellerlogic.com\/et\/#website","url":"https:\/\/www.sellerlogic.com\/et\/","name":"SELLERLOGIC - Smarte Tools f\u00fcr Amazon-Seller","description":"Intelligente Prozessoptimierung und Gewinnmaximierung","publisher":{"@id":"https:\/\/www.sellerlogic.com\/et\/#organization"},"potentialAction":[{"@type":"SearchAction","target":{"@type":"EntryPoint","urlTemplate":"https:\/\/www.sellerlogic.com\/et\/?s={search_term_string}"},"query-input":{"@type":"PropertyValueSpecification","valueRequired":true,"valueName":"search_term_string"}}],"inLanguage":"et"},{"@type":"Organization","@id":"https:\/\/www.sellerlogic.com\/et\/#organization","name":"SELLERLOGIC","url":"https:\/\/www.sellerlogic.com\/et\/","logo":{"@type":"ImageObject","inLanguage":"et","@id":"https:\/\/www.sellerlogic.com\/et\/#\/schema\/logo\/image\/","url":"https:\/\/d2bw95mh2ee04s.cloudfront.net\/prod\/content\/wp-content\/uploads\/2025\/01\/02134814\/Property-Logo-Main.svg","contentUrl":"https:\/\/d2bw95mh2ee04s.cloudfront.net\/prod\/content\/wp-content\/uploads\/2025\/01\/02134814\/Property-Logo-Main.svg","width":184,"height":40,"caption":"SELLERLOGIC"},"image":{"@id":"https:\/\/www.sellerlogic.com\/et\/#\/schema\/logo\/image\/"},"sameAs":["https:\/\/www.facebook.com\/SellerLogic\/","https:\/\/x.com\/sellerlogic","https:\/\/www.instagram.com\/sellerlogic\/","https:\/\/www.linkedin.com\/company\/18402037\/","https:\/\/www.youtube.com\/channel\/UC-gULUur-fNj08sprantKsQ"]}]}},"_links":{"self":[{"href":"https:\/\/www.sellerlogic.com\/et\/wp-json\/wp\/v2\/pages\/110049","targetHints":{"allow":["GET"]}}],"collection":[{"href":"https:\/\/www.sellerlogic.com\/et\/wp-json\/wp\/v2\/pages"}],"about":[{"href":"https:\/\/www.sellerlogic.com\/et\/wp-json\/wp\/v2\/types\/page"}],"author":[{"embeddable":true,"href":"https:\/\/www.sellerlogic.com\/et\/wp-json\/wp\/v2\/users\/3"}],"replies":[{"embeddable":true,"href":"https:\/\/www.sellerlogic.com\/et\/wp-json\/wp\/v2\/comments?post=110049"}],"version-history":[{"count":0,"href":"https:\/\/www.sellerlogic.com\/et\/wp-json\/wp\/v2\/pages\/110049\/revisions"}],"up":[{"embeddable":true,"href":"https:\/\/www.sellerlogic.com\/et\/wp-json\/wp\/v2\/pages\/110082"}],"wp:attachment":[{"href":"https:\/\/www.sellerlogic.com\/et\/wp-json\/wp\/v2\/media?parent=110049"}],"curies":[{"name":"wp","href":"https:\/\/api.w.org\/{rel}","templated":true}]}}