
{"id":230943,"date":"2020-12-21T10:32:03","date_gmt":"2020-12-21T10:32:03","guid":{"rendered":"https:\/\/127.0.0.1\/resources\/success-story-univers-cake\/"},"modified":"2020-12-21T10:32:03","modified_gmt":"2020-12-21T10:32:03","slug":"success-story-univers-cake","status":"publish","type":"page","link":"https:\/\/www.sellerlogic.com\/fi\/resources\/success-story-univers-cake\/","title":{"rendered":"Menestystarina: Univers Cake EN"},"content":{"rendered":"\n\t<div  class=\"theme-wp-block theme-block-main-header is-style-full-height desktop-align-full xl-align-full lg-align-full md-align-full sm-align-full desktop-content-align-y-center desktop-content-align-x-center xl-content-align-y-center xl-content-align-x-center lg-content-align-y-center lg-content-align-x-center md-content-align-y-center md-content-align-x-center sm-content-align-y-center sm-content-align-x-center gb-responsive-131969-identifier theme-block-cover\">\n\t\t<div class=\"bg-cover theme-lazy-load-bg\"><\/div>\n\t\t<div class=\"wrap-content-main-header\">\n\t\t\t\t\t<div  class=\"theme-wp-block theme-block-text-and-text desktop-blockDirection-row xl-blockDirection-row lg-blockDirection-row md-blockDirection-row sm-blockDirection-row gb-responsive-2306-identifier desktop-vertical-top xl-vertical-top lg-vertical-top md-vertical-top sm-vertical-top desktop-align-wide xl-align-wide lg-align-wide md-align-wide sm-align-wide\">\n\t\t<div class=\"tat-column-wrap-wrapper\">\n\t\t\t<div class=\"tat-column-wrapper\">\n\t\t\t\t\t<div  class=\"theme-wp-block theme-block-text-and-text-column gb-responsive-708373-identifier desktop-horizontal-center xl-horizontal-center lg-horizontal-center md-horizontal-center sm-horizontal-center\">\n\t\t<div class=\"inner-wrap-column-content\">\n\t\t\t<div class=\"inner-column-content\">\n\t\t\t\t\t\t<h1  class=\"theme-wp-block theme-block-heading is-style-default desktop-text-center xl-text-center lg-text-center md-text-center sm-text-center gb-responsive-813454-identifier desktop-align-wide xl-align-wide lg-align-wide md-align-wide sm-align-wide alignwide h1 has-text-align\">\n\t\t&#8220;Me maksamme Repricer:n kadonneiden ja l\u00f6ytyneiden korvauksillamme!&#8221;\t<\/h1>\n\n\t\t\t<\/div>\n\t\t<\/div>\n\t<\/div>\n\t<div  class=\"theme-wp-block theme-block-text-and-text-column gb-responsive-976923-identifier\">\n\t\t<div class=\"inner-wrap-column-content\">\n\t\t\t<div class=\"inner-column-content\">\n\t\t\t\t\t\t\t<\/div>\n\t\t<\/div>\n\t<\/div>\n\t\t\t<\/div>\n\t\t<\/div>\n\t<\/div>\n\n\t\t<\/div>\n\t<\/div>\n\n<div style=\"height:50px\" aria-hidden=\"true\" class=\"theme-wp-block wp-block-spacer\"><\/div><div class=\"theme-wp-block wp-block-columns gb-responsive-990644-identifier is-layout-flex wp-container-core-columns-is-layout-9d6595d7 wp-block-columns-is-layout-flex\"><div class=\"theme-wp-block wp-block-column gb-responsive-865237-identifier is-layout-flow wp-block-column-is-layout-flow\" style=\"flex-basis:25%\"><figure class=\"theme-wp-block wp-block-image size-large is-resized gb-responsive-62921-identifier\"><img decoding=\"async\" src=\"https:\/\/d2bw95mh2ee04s.cloudfront.net\/prod\/content\/wp-content\/uploads\/2020\/12\/23142710\/logo_univers-cake-neu.png\" alt=\"Menestystarina: Univers Cake EN\" class=\"wp-image-5630\" width=\"301\" height=\"54\" srcset=\"https:\/\/d2bw95mh2ee04s.cloudfront.net\/prod\/content\/wp-content\/uploads\/2020\/12\/23142710\/logo_univers-cake-neu-407x72.png 407w, https:\/\/d2bw95mh2ee04s.cloudfront.net\/prod\/content\/wp-content\/uploads\/2020\/12\/23142710\/logo_univers-cake-neu.png 576w\" sizes=\"(max-width: 301px) 100vw, 301px\" \/><\/figure><p class=\"theme-wp-block gb-responsive-904737-identifier\"><strong>Perustettu:<\/strong><br>2016<\/p><p class=\"theme-wp-block gb-responsive-263844-identifier\"><strong>Toimiala:<\/strong><br>Leipomo ja makeiset<\/p><p class=\"theme-wp-block gb-responsive-644265-identifier\"><strong>Tuotteet saatavilla Amazonissa:<\/strong><br>noin 3 000 SKU:ta<\/p><p class=\"theme-wp-block gb-responsive-788481-identifier\"><strong>Toimitukset:\u00a0<\/strong><br>noin 850 \/ kuukausi<\/p><\/div><div class=\"theme-wp-block wp-block-column gb-responsive-41122-identifier is-layout-flow wp-block-column-is-layout-flow\" style=\"flex-basis:50%\"><h3 class=\"theme-wp-block wp-block-heading gb-responsive-34353-identifier\" id=\"block-c06fce04-ef87-4ffc-a3d6-b768ba377d17\">Tausta:<\/h3><p class=\"theme-wp-block gb-responsive-772271-identifier\">Verkkotoimisto UP\u2018NBOOST on onnistuneesti tullut leipomo- ja konditoriamarkkinoille omalla br\u00e4ndill\u00e4\u00e4n &#8220;Univers Cake&#8221;. UP\u2018NBOOST suunnitteli alun perin Univers Cake -konseptin asiakasta varten, joka lopulta ei pystynyt toteuttamaan ideaa ajan puutteen vuoksi. Toimisto, joka uskoi vahvasti luomaansa konseptiin, p\u00e4\u00e4tti toteuttaa Univers Caken itse. Pian k\u00e4vi selv\u00e4ksi, ett\u00e4 br\u00e4ndill\u00e4 oli paljon potentiaalia &#8211; erityisesti Amazonissa. Myynti alkoi kasvaa nopeasti verkkokaupassa.<\/p><h3 class=\"theme-wp-block wp-block-heading gb-responsive-530046-identifier\">Kuinka kaikki alkoi:<\/h3><p class=\"theme-wp-block gb-responsive-266688-identifier\">Jean-Bernard Freymannille, UP\u2018NBOOSTin yhteisjohtajalle, oli alusta alkaen selv\u00e4\u00e4, ett\u00e4 suurin haaste olisi s\u00e4\u00e4st\u00e4\u00e4 mahdollisimman paljon aikaa. Erityisesti kun myyd\u00e4\u00e4n yli 1 500 tuotetta eritt\u00e4in kilpailullisessa ymp\u00e4rist\u00f6ss\u00e4 ilman br\u00e4ndi\u00e4. &#8220;Meid\u00e4n oli yll\u00e4pidett\u00e4v\u00e4 katteitamme huolimatta olosuhteista,&#8221; sanoo Freymann. &#8220;Meill\u00e4 on suuri m\u00e4\u00e4r\u00e4 kilpailijoita Amazonissa, jotka myyv\u00e4t t\u00e4sm\u00e4lleen samaa tuotetta. Siksi p\u00e4\u00e4tekij\u00e4 on hinta. On l\u00e4hes mahdotonta pit\u00e4\u00e4 kilpailua silm\u00e4ll\u00e4 manuaalisesti t\u00e4llaisessa tilanteessa.&#8221;<\/p><p class=\"theme-wp-block gb-responsive-243429-identifier\">N\u00e4iss\u00e4 olosuhteissa seuraava looginen askel oli k\u00e4ytt\u00e4\u00e4 paitsi Amazonin t\u00e4ytt\u00f6palvelua (FBA) my\u00f6s hinnoitteluty\u00f6kalua pysy\u00e4kseen kilpailukykyisin\u00e4 ja pit\u00e4\u00e4kseen Buy Box osuuden korkealla tasolla. Ennen kuin UP\u2018NBOOST l\u00f6ysi SELLERLOGIC, toimisto oli jo k\u00e4ytt\u00e4nyt muita hinnoitteluty\u00f6kaluja, jotka kuitenkin eiv\u00e4t pystyneet vakuuttamaan heit\u00e4 teknisesti tai taloudellisesti.<\/p><h3 class=\"theme-wp-block wp-block-heading gb-responsive-749842-identifier\">Ratkaisu:<\/h3><p class=\"theme-wp-block gb-responsive-190699-identifier\">\u201dAlalla, jossa katteet ovat yleens\u00e4 alhaiset, olemme ottaneet huomioon paitsi Repricer edut my\u00f6s sen kustannukset avaimena menestykseen,\u201d selitt\u00e4\u00e4 Freymann. \u201dEri ratkaisuja tarkasteltuamme SELLERLOGIC vakuutti meid\u00e4t paitsi hinnallaan my\u00f6s erityisominaisuuksillaan, kuten kyvyll\u00e4 soveltaa erilaisia hintas\u00e4\u00e4t\u00f6strategioita tiettyihin tuoteryhmiin.\u201d<\/p><p class=\"theme-wp-block gb-responsive-680671-identifier\">UP\u2018NBOOST on my\u00f6s ottanut k\u00e4ytt\u00f6\u00f6n toisen SELLERLOGIC ty\u00f6kalun: Lost &#038; Found valvoo nyt kaikkia FBA-prosesseja ja raportoi luotettavasti kaikki Amazonin logistiikkakeskuksissa havaitut poikkeamat, mahdollistaen nopeiden ja yksinkertaisten hyvityshakemusten tekemisen.<\/p><div class=\"theme-block-group-wrap\"><div class=\"theme-wp-block wp-block-group gb-responsive-88118-identifier\">\t\t<div  class=\"theme-wp-block theme-block-user-card gb-responsive-799176-identifier is-style-full-width-line\">\n\t\t<div class=\"wrap-inner-content\">\n\t\t\t<div class=\"card-user-head\">\n\t\t\t\t<div class=\"card-user-avatar\">\n\t\t\t\t\t<div class=\"cover-avatar\" style=\"background-image: url(https:\/\/d2bw95mh2ee04s.cloudfront.net\/prod\/content\/wp-content\/uploads\/2020\/12\/23142710\/portrait_univers-cake_raute.png);\"><\/div>\n\t\t\t\t<\/div>\n\t\t\t\t<div class=\"wrap-title\">\n\t\t\t\t\t<div class=\"card-user-name\">\n\t\t\t\t\t\t<div class=\"title\">\n\t\t\t\t\t\t\t<h3 class=\"heading-text\"><strong>Jean-Bernard Freymann<\/strong><\/h3>\n\t\t\t\t\t\t<\/div>\n\t\t\t\t\t\t<div class=\"card-user-position\">\n\t\t\t\t\t\t\t<div class=\"card-text\"><strong>Yhteisjohtaja UP&#8217;NBOOST<\/strong><\/div>\n\t\t\t\t\t\t<\/div>\n\t\t\t\t\t<\/div>\n\t\t\t\t\t<div class=\"card-user-quote-icon\">\n\t\t\t\t\t<\/div>\n\t\t\t\t<\/div>\n\t\t\t<\/div>\n\t\t\t<div class=\"card-user-text\">\n\t\t\t\t<div class=\"card-text\"><p>\u201dToisen SELLERLOGIC ty\u00f6kalun ansiosta saamme FBA-hyvityksen, voimme rahoittaa Repricer!\u201d<\/p><\/div>\n\t\t\t<\/div>\n\t\t<\/div>\n\t<\/div>\n\n<\/div><\/div><h3 class=\"theme-wp-block wp-block-heading gb-responsive-260858-identifier\">Menestys SELLERLOGIC:<\/h3><p class=\"theme-wp-block gb-responsive-566423-identifier\">\u201dAsetus oli melko yksinkertainen: meid\u00e4n piti vain tuoda yksi tiedosto kaikista tuotteistamme ja vastaavista minimist\u00e4 ja maksimihinnasta. Tuonti oli nopeaa ja helppoa. Muutamassa tunnissa SELLERLOGIC Repricer oli toiminnassa,\u201d vahvistaa Freymann. \u201dMolemmat ty\u00f6kalut s\u00e4\u00e4st\u00e4v\u00e4t meille valtavasti aikaa.\u201d<\/p><p class=\"theme-wp-block gb-responsive-468554-identifier desktop-gb-has-no-icon xl-gb-has-no-icon lg-gb-has-no-icon md-gb-has-no-icon sm-gb-has-no-icon\">Lis\u00e4ksi UP\u2018NBOOST pystyi v\u00e4hent\u00e4m\u00e4\u00e4n Repricer k\u00e4yt\u00f6n kustannuksia ja samalla lis\u00e4\u00e4m\u00e4\u00e4n Univers Cake -tuotteiden myynti\u00e4 nostettujen Buy Box osuuksien ja erilaisten SELLERLOGIC Repricer strategioiden avulla. \u201dMutta paras asia on, ett\u00e4 Lost &#038; Found mahdollistaa meille hinnoittelukustannusten kompensoimisen,\u201d sanoo Freymann iloisesti.<\/p><p class=\"theme-wp-block gb-responsive-469189-identifier\">\u201dLis\u00e4ksi SELLERLOGIC asiakaspalvelutiimi on p\u00e4tev\u00e4 ja vastaa nopeasti kyselyihin. Yhteisty\u00f6 hyvin organisoidun ja asiakasl\u00e4ht\u00f6isen saksalaisen yrityksen kanssa on meille eritt\u00e4in rauhoittavaa,\u201d vahvistaa Freymann.<\/p><div class=\"theme-wp-block wp-block-buttons gb-responsive-497426-identifier is-layout-flex wp-block-buttons-is-layout-flex\"><div class=\"theme-wp-block wp-block-button gb-responsive-38220-identifier is-style-theme-transparent-with-arrow\"><a class=\"wp-block-button__link wp-element-button\" href=\"https:\/\/d2bw95mh2ee04s.cloudfront.net\/prod\/content\/files\/SUCCESS-STORIES\/EN\/SELLERLOGIC_SN_Success-Story_Univers-Cake_EN.pdf\" target=\"_blank\" rel=\"noreferrer noopener nofollow\">Lataa nyt!<\/a><\/div><\/div><\/div><div class=\"theme-wp-block wp-block-column gb-responsive-472466-identifier is-layout-flow wp-block-column-is-layout-flow\" style=\"flex-basis:25%\"><\/div><\/div>","protected":false},"excerpt":{"rendered":"<p>Perustettu:2016 Toimiala:Leipomo ja makeiset Tuotteet saatavilla Amazonissa:noin 3 000 SKU:ta Toimitukset:\u00a0noin 850 \/ kuukausi Tausta: Verkkotoimisto UP\u2018NBOOST on onnistuneesti tullut leipomo- ja konditoriamarkkinoille omalla br\u00e4ndill\u00e4\u00e4n &#8220;Univers Cake&#8221;. UP\u2018NBOOST suunnitteli alun perin Univers Cake -konseptin asiakasta varten, joka lopulta ei pystynyt toteuttamaan ideaa ajan puutteen vuoksi. Toimisto, joka uskoi vahvasti luomaansa konseptiin, p\u00e4\u00e4tti toteuttaa Univers Caken<\/p>\n","protected":false},"author":3,"featured_media":5625,"parent":231081,"menu_order":0,"comment_status":"closed","ping_status":"closed","template":"","meta":{"sidebar_recommended_resources":{"data":[]},"sidebar_header_settings":{"hide_buttons":{"register":false}},"_use_new_theme":false,"inline_featured_image":false,"footnotes":""},"class_list":["post-230943","page","type-page","status-publish","has-post-thumbnail","hentry"],"yoast_head":"<!-- This site is optimized with the Yoast SEO plugin v26.8 - https:\/\/yoast.com\/product\/yoast-seo-wordpress\/ -->\n<title>N\u00e4in Repricer ja Lost &amp; Found toimivat yhdess\u00e4! | SELLERLOGIC<\/title>\n<meta name=\"description\" content=\"Kiitos Lost &amp; Found:n, UP&#039;NBOOST maksaa Repricer:n FBA-hyvityksill\u00e4, joita he saavat. Erityinen menestystarina!\" \/>\n<meta name=\"robots\" content=\"index, follow, max-snippet:-1, max-image-preview:large, max-video-preview:-1\" \/>\n<link rel=\"canonical\" href=\"https:\/\/www.sellerlogic.com\/fi\/resources\/success-story-univers-cake\/\" \/>\n<meta property=\"og:locale\" content=\"fi_FI\" \/>\n<meta property=\"og:type\" content=\"article\" \/>\n<meta property=\"og:title\" content=\"N\u00e4in Repricer ja Lost &amp; Found toimivat yhdess\u00e4! | SELLERLOGIC\" \/>\n<meta property=\"og:description\" content=\"Kiitos Lost &amp; Found:n, UP&#039;NBOOST maksaa Repricer:n FBA-hyvityksill\u00e4, joita he saavat. Erityinen menestystarina!\" \/>\n<meta property=\"og:url\" content=\"https:\/\/www.sellerlogic.com\/fi\/resources\/success-story-univers-cake\/\" \/>\n<meta property=\"og:site_name\" content=\"SELLERLOGIC - Smarte Tools f\u00fcr Amazon-Seller\" \/>\n<meta property=\"article:publisher\" content=\"https:\/\/www.facebook.com\/SellerLogic\/\" \/>\n<meta property=\"og:image\" content=\"http:\/\/d2bw95mh2ee04s.cloudfront.net\/prod\/content\/wp-content\/uploads\/2020\/12\/23142710\/success-story-univers-cake-header-scaled.jpeg\" \/>\n\t<meta property=\"og:image:width\" content=\"2560\" \/>\n\t<meta property=\"og:image:height\" content=\"1107\" \/>\n\t<meta property=\"og:image:type\" content=\"image\/jpeg\" \/>\n<meta name=\"twitter:card\" content=\"summary_large_image\" \/>\n<meta name=\"twitter:site\" content=\"@sellerlogic\" \/>\n<meta name=\"twitter:label1\" content=\"Est. reading time\" \/>\n\t<meta name=\"twitter:data1\" content=\"3 minutes\" \/>\n<script type=\"application\/ld+json\" class=\"yoast-schema-graph\">{\"@context\":\"https:\/\/schema.org\",\"@graph\":[{\"@type\":\"WebPage\",\"@id\":\"https:\/\/www.sellerlogic.com\/fi\/resources\/success-story-univers-cake\/\",\"url\":\"https:\/\/www.sellerlogic.com\/fi\/resources\/success-story-univers-cake\/\",\"name\":\"N\u00e4in Repricer ja Lost & Found toimivat yhdess\u00e4! | SELLERLOGIC\",\"isPartOf\":{\"@id\":\"https:\/\/www.sellerlogic.com\/fi\/#website\"},\"primaryImageOfPage\":{\"@id\":\"https:\/\/www.sellerlogic.com\/fi\/resources\/success-story-univers-cake\/#primaryimage\"},\"image\":{\"@id\":\"https:\/\/www.sellerlogic.com\/fi\/resources\/success-story-univers-cake\/#primaryimage\"},\"thumbnailUrl\":\"https:\/\/d2bw95mh2ee04s.cloudfront.net\/prod\/content\/wp-content\/uploads\/2020\/12\/23142710\/success-story-univers-cake-header-scaled.jpeg\",\"datePublished\":\"2020-12-21T10:32:03+00:00\",\"description\":\"Kiitos Lost & Found:n, UP'NBOOST maksaa Repricer:n FBA-hyvityksill\u00e4, joita he saavat. Erityinen menestystarina!\",\"breadcrumb\":{\"@id\":\"https:\/\/www.sellerlogic.com\/fi\/resources\/success-story-univers-cake\/#breadcrumb\"},\"inLanguage\":\"fi\",\"potentialAction\":[{\"@type\":\"ReadAction\",\"target\":[\"https:\/\/www.sellerlogic.com\/fi\/resources\/success-story-univers-cake\/\"]}]},{\"@type\":\"ImageObject\",\"inLanguage\":\"fi\",\"@id\":\"https:\/\/www.sellerlogic.com\/fi\/resources\/success-story-univers-cake\/#primaryimage\",\"url\":\"https:\/\/d2bw95mh2ee04s.cloudfront.net\/prod\/content\/wp-content\/uploads\/2020\/12\/23142710\/success-story-univers-cake-header-scaled.jpeg\",\"contentUrl\":\"https:\/\/d2bw95mh2ee04s.cloudfront.net\/prod\/content\/wp-content\/uploads\/2020\/12\/23142710\/success-story-univers-cake-header-scaled.jpeg\",\"width\":2560,\"height\":1107,\"caption\":\"Valentine day baking background. Ingredients for cooking Valentine's heart cookies. Flour, eggs, sugar, spices on wooden background with red flower roses. Top view copy space.\"},{\"@type\":\"BreadcrumbList\",\"@id\":\"https:\/\/www.sellerlogic.com\/fi\/resources\/success-story-univers-cake\/#breadcrumb\",\"itemListElement\":[{\"@type\":\"ListItem\",\"position\":1,\"name\":\"Home\",\"item\":\"https:\/\/www.sellerlogic.com\/fi\/\"},{\"@type\":\"ListItem\",\"position\":2,\"name\":\"Resurssit EN\",\"item\":\"https:\/\/www.sellerlogic.com\/fi\/resources\/\"},{\"@type\":\"ListItem\",\"position\":3,\"name\":\"Menestystarina: Univers Cake EN\"}]},{\"@type\":\"WebSite\",\"@id\":\"https:\/\/www.sellerlogic.com\/fi\/#website\",\"url\":\"https:\/\/www.sellerlogic.com\/fi\/\",\"name\":\"SELLERLOGIC - Smarte Tools f\u00fcr Amazon-Seller\",\"description\":\"Intelligente Prozessoptimierung und Gewinnmaximierung\",\"publisher\":{\"@id\":\"https:\/\/www.sellerlogic.com\/fi\/#organization\"},\"potentialAction\":[{\"@type\":\"SearchAction\",\"target\":{\"@type\":\"EntryPoint\",\"urlTemplate\":\"https:\/\/www.sellerlogic.com\/fi\/?s={search_term_string}\"},\"query-input\":{\"@type\":\"PropertyValueSpecification\",\"valueRequired\":true,\"valueName\":\"search_term_string\"}}],\"inLanguage\":\"fi\"},{\"@type\":\"Organization\",\"@id\":\"https:\/\/www.sellerlogic.com\/fi\/#organization\",\"name\":\"SELLERLOGIC\",\"url\":\"https:\/\/www.sellerlogic.com\/fi\/\",\"logo\":{\"@type\":\"ImageObject\",\"inLanguage\":\"fi\",\"@id\":\"https:\/\/www.sellerlogic.com\/fi\/#\/schema\/logo\/image\/\",\"url\":\"https:\/\/d2bw95mh2ee04s.cloudfront.net\/prod\/content\/wp-content\/uploads\/2025\/01\/02134814\/Property-Logo-Main.svg\",\"contentUrl\":\"https:\/\/d2bw95mh2ee04s.cloudfront.net\/prod\/content\/wp-content\/uploads\/2025\/01\/02134814\/Property-Logo-Main.svg\",\"width\":184,\"height\":40,\"caption\":\"SELLERLOGIC\"},\"image\":{\"@id\":\"https:\/\/www.sellerlogic.com\/fi\/#\/schema\/logo\/image\/\"},\"sameAs\":[\"https:\/\/www.facebook.com\/SellerLogic\/\",\"https:\/\/x.com\/sellerlogic\",\"https:\/\/www.instagram.com\/sellerlogic\/\",\"https:\/\/www.linkedin.com\/company\/18402037\/\",\"https:\/\/www.youtube.com\/channel\/UC-gULUur-fNj08sprantKsQ\"]}]}<\/script>\n<!-- \/ Yoast SEO plugin. -->","yoast_head_json":{"title":"N\u00e4in Repricer ja Lost & Found toimivat yhdess\u00e4! | SELLERLOGIC","description":"Kiitos Lost & Found:n, UP'NBOOST maksaa Repricer:n FBA-hyvityksill\u00e4, joita he saavat. Erityinen menestystarina!","robots":{"index":"index","follow":"follow","max-snippet":"max-snippet:-1","max-image-preview":"max-image-preview:large","max-video-preview":"max-video-preview:-1"},"canonical":"https:\/\/www.sellerlogic.com\/fi\/resources\/success-story-univers-cake\/","og_locale":"fi_FI","og_type":"article","og_title":"N\u00e4in Repricer ja Lost & Found toimivat yhdess\u00e4! | SELLERLOGIC","og_description":"Kiitos Lost & Found:n, UP'NBOOST maksaa Repricer:n FBA-hyvityksill\u00e4, joita he saavat. Erityinen menestystarina!","og_url":"https:\/\/www.sellerlogic.com\/fi\/resources\/success-story-univers-cake\/","og_site_name":"SELLERLOGIC - Smarte Tools f\u00fcr Amazon-Seller","article_publisher":"https:\/\/www.facebook.com\/SellerLogic\/","og_image":[{"width":2560,"height":1107,"url":"http:\/\/d2bw95mh2ee04s.cloudfront.net\/prod\/content\/wp-content\/uploads\/2020\/12\/23142710\/success-story-univers-cake-header-scaled.jpeg","type":"image\/jpeg"}],"twitter_card":"summary_large_image","twitter_site":"@sellerlogic","twitter_misc":{"Est. reading time":"3 minutes"},"schema":{"@context":"https:\/\/schema.org","@graph":[{"@type":"WebPage","@id":"https:\/\/www.sellerlogic.com\/fi\/resources\/success-story-univers-cake\/","url":"https:\/\/www.sellerlogic.com\/fi\/resources\/success-story-univers-cake\/","name":"N\u00e4in Repricer ja Lost & Found toimivat yhdess\u00e4! | SELLERLOGIC","isPartOf":{"@id":"https:\/\/www.sellerlogic.com\/fi\/#website"},"primaryImageOfPage":{"@id":"https:\/\/www.sellerlogic.com\/fi\/resources\/success-story-univers-cake\/#primaryimage"},"image":{"@id":"https:\/\/www.sellerlogic.com\/fi\/resources\/success-story-univers-cake\/#primaryimage"},"thumbnailUrl":"https:\/\/d2bw95mh2ee04s.cloudfront.net\/prod\/content\/wp-content\/uploads\/2020\/12\/23142710\/success-story-univers-cake-header-scaled.jpeg","datePublished":"2020-12-21T10:32:03+00:00","description":"Kiitos Lost & Found:n, UP'NBOOST maksaa Repricer:n FBA-hyvityksill\u00e4, joita he saavat. Erityinen menestystarina!","breadcrumb":{"@id":"https:\/\/www.sellerlogic.com\/fi\/resources\/success-story-univers-cake\/#breadcrumb"},"inLanguage":"fi","potentialAction":[{"@type":"ReadAction","target":["https:\/\/www.sellerlogic.com\/fi\/resources\/success-story-univers-cake\/"]}]},{"@type":"ImageObject","inLanguage":"fi","@id":"https:\/\/www.sellerlogic.com\/fi\/resources\/success-story-univers-cake\/#primaryimage","url":"https:\/\/d2bw95mh2ee04s.cloudfront.net\/prod\/content\/wp-content\/uploads\/2020\/12\/23142710\/success-story-univers-cake-header-scaled.jpeg","contentUrl":"https:\/\/d2bw95mh2ee04s.cloudfront.net\/prod\/content\/wp-content\/uploads\/2020\/12\/23142710\/success-story-univers-cake-header-scaled.jpeg","width":2560,"height":1107,"caption":"Valentine day baking background. Ingredients for cooking Valentine's heart cookies. Flour, eggs, sugar, spices on wooden background with red flower roses. Top view copy space."},{"@type":"BreadcrumbList","@id":"https:\/\/www.sellerlogic.com\/fi\/resources\/success-story-univers-cake\/#breadcrumb","itemListElement":[{"@type":"ListItem","position":1,"name":"Home","item":"https:\/\/www.sellerlogic.com\/fi\/"},{"@type":"ListItem","position":2,"name":"Resurssit EN","item":"https:\/\/www.sellerlogic.com\/fi\/resources\/"},{"@type":"ListItem","position":3,"name":"Menestystarina: Univers Cake EN"}]},{"@type":"WebSite","@id":"https:\/\/www.sellerlogic.com\/fi\/#website","url":"https:\/\/www.sellerlogic.com\/fi\/","name":"SELLERLOGIC - Smarte Tools f\u00fcr Amazon-Seller","description":"Intelligente Prozessoptimierung und Gewinnmaximierung","publisher":{"@id":"https:\/\/www.sellerlogic.com\/fi\/#organization"},"potentialAction":[{"@type":"SearchAction","target":{"@type":"EntryPoint","urlTemplate":"https:\/\/www.sellerlogic.com\/fi\/?s={search_term_string}"},"query-input":{"@type":"PropertyValueSpecification","valueRequired":true,"valueName":"search_term_string"}}],"inLanguage":"fi"},{"@type":"Organization","@id":"https:\/\/www.sellerlogic.com\/fi\/#organization","name":"SELLERLOGIC","url":"https:\/\/www.sellerlogic.com\/fi\/","logo":{"@type":"ImageObject","inLanguage":"fi","@id":"https:\/\/www.sellerlogic.com\/fi\/#\/schema\/logo\/image\/","url":"https:\/\/d2bw95mh2ee04s.cloudfront.net\/prod\/content\/wp-content\/uploads\/2025\/01\/02134814\/Property-Logo-Main.svg","contentUrl":"https:\/\/d2bw95mh2ee04s.cloudfront.net\/prod\/content\/wp-content\/uploads\/2025\/01\/02134814\/Property-Logo-Main.svg","width":184,"height":40,"caption":"SELLERLOGIC"},"image":{"@id":"https:\/\/www.sellerlogic.com\/fi\/#\/schema\/logo\/image\/"},"sameAs":["https:\/\/www.facebook.com\/SellerLogic\/","https:\/\/x.com\/sellerlogic","https:\/\/www.instagram.com\/sellerlogic\/","https:\/\/www.linkedin.com\/company\/18402037\/","https:\/\/www.youtube.com\/channel\/UC-gULUur-fNj08sprantKsQ"]}]}},"_links":{"self":[{"href":"https:\/\/www.sellerlogic.com\/fi\/wp-json\/wp\/v2\/pages\/230943","targetHints":{"allow":["GET"]}}],"collection":[{"href":"https:\/\/www.sellerlogic.com\/fi\/wp-json\/wp\/v2\/pages"}],"about":[{"href":"https:\/\/www.sellerlogic.com\/fi\/wp-json\/wp\/v2\/types\/page"}],"author":[{"embeddable":true,"href":"https:\/\/www.sellerlogic.com\/fi\/wp-json\/wp\/v2\/users\/3"}],"replies":[{"embeddable":true,"href":"https:\/\/www.sellerlogic.com\/fi\/wp-json\/wp\/v2\/comments?post=230943"}],"version-history":[{"count":0,"href":"https:\/\/www.sellerlogic.com\/fi\/wp-json\/wp\/v2\/pages\/230943\/revisions"}],"up":[{"embeddable":true,"href":"https:\/\/www.sellerlogic.com\/fi\/wp-json\/wp\/v2\/pages\/231081"}],"wp:featuredmedia":[{"embeddable":true,"href":"https:\/\/www.sellerlogic.com\/fi\/wp-json\/wp\/v2\/media\/5625"}],"wp:attachment":[{"href":"https:\/\/www.sellerlogic.com\/fi\/wp-json\/wp\/v2\/media?parent=230943"}],"curies":[{"name":"wp","href":"https:\/\/api.w.org\/{rel}","templated":true}]}}