
{"id":230955,"date":"2022-03-17T08:40:47","date_gmt":"2022-03-17T08:40:47","guid":{"rendered":"https:\/\/127.0.0.1\/registration-for-the-webinar\/"},"modified":"2022-03-17T08:40:47","modified_gmt":"2022-03-17T08:40:47","slug":"registration-for-the-webinar","status":"publish","type":"page","link":"https:\/\/www.sellerlogic.com\/fi\/registration-for-the-webinar\/","title":{"rendered":"Rekister\u00f6inti webinaariin"},"content":{"rendered":"\n\t<div  class=\"theme-wp-block theme-block-main-header desktop-content-align-y-center desktop-content-align-x-center xl-content-align-y-center xl-content-align-x-center lg-content-align-y-center lg-content-align-x-center md-content-align-y-center md-content-align-x-center sm-content-align-y-center sm-content-align-x-center gb-responsive-349165-identifier desktop-align-full xl-align-full lg-align-full md-align-full sm-align-full is-style-default theme-block-cover\">\n\t\t<div class=\"bg-cover theme-lazy-load-bg\"><\/div>\n\t\t<div class=\"wrap-content-main-header\">\n\t\t\t\t\t<div  class=\"theme-wp-block theme-block-text-and-text desktop-align-wide xl-align-wide lg-align-wide md-align-wide sm-align-wide desktop-blockDirection-row xl-blockDirection-row lg-blockDirection-row md-blockDirection-row sm-blockDirection-row gb-responsive-473561-identifier desktop-vertical-center xl-vertical-center lg-vertical-center md-vertical-center sm-vertical-center alignwide\">\n\t\t<div class=\"tat-column-wrap-wrapper\">\n\t\t\t<div class=\"tat-column-wrapper\">\n\t\t\t\t\t<div  class=\"theme-wp-block theme-block-text-and-text-column gb-responsive-667797-identifier desktop-horizontal-center xl-horizontal-center lg-horizontal-center md-horizontal-center sm-horizontal-center\">\n\t\t<div class=\"inner-wrap-column-content\">\n\t\t\t<div class=\"inner-column-content\">\n\t\t\t\t<div class=\"theme-wp-block wp-block-columns are-vertically-aligned-center gb-responsive-685022-identifier is-layout-flex wp-container-core-columns-is-layout-9d6595d7 wp-block-columns-is-layout-flex\"><div class=\"theme-wp-block wp-block-column is-vertically-aligned-center gb-responsive-821359-identifier is-layout-flow wp-block-column-is-layout-flow\"><div class=\"theme-block-group-wrap\"><div class=\"theme-wp-block wp-block-group gb-responsive-395462-identifier has-white-color has-text-color\"><h1 class=\"theme-wp-block wp-block-heading has-text-align-center gb-responsive-181751-identifier desktop-text-center xl-text-center lg-text-center md-text-center sm-text-center\">Haluatko katsoa Amazonin horisontin yli?<\/h1><h2 class=\"theme-wp-block wp-block-heading has-text-align-center gb-responsive-42443-identifier desktop-text-center xl-text-center lg-text-center md-text-center sm-text-center\">Sitten rekister\u00f6idy webinaariimme!<\/h2><hr class=\"theme-wp-block wp-block-separator has-css-opacity\"><\/hr><\/div><\/div><\/div><div class=\"theme-wp-block wp-block-column is-vertically-aligned-center gb-responsive-247885-identifier is-layout-flow wp-block-column-is-layout-flow\"><div class=\"theme-block-group-wrap\"><div class=\"theme-wp-block wp-block-group gb-responsive-539307-identifier has-theme-light-gray-background-color has-background\"><h3 class=\"theme-wp-block wp-block-heading has-text-align-center gb-responsive-488462-identifier desktop-text-center xl-text-center lg-text-center md-text-center sm-text-center\">Ole mukana alusta alkaen!<\/h3><div id=\"webinar-form\" class=\"theme-wp-block webinar-form\" style=\"position: relative;\"><p>Sy\u00f6t\u00e4 nimesi ja s\u00e4hk\u00f6postiosoitteesi rekister\u00f6ity\u00e4ksesi webinaariimme.<br><\/p><form id=\"leadform\" action=\"#\" method=\"post\"><input type=\"text\" name=\"name\" id=\"name\" placeholder=\"Nimesi\" required=\"required\" style=\"padding: 10px; font-size: 18px; width: 100%; margin-bottom: 15px; color: rgb(88, 88, 88);\"><\/input><input type=\"email\" name=\"email\" id=\"email\" placeholder=\"S\u00e4hk\u00f6postiosoitteesi\" required=\"required\" data-com-onepassword-filled=\"light\" style=\"padding: 10px; font-size: 18px; width: 100%; margin-bottom: 15px; color: rgb(88, 88, 88);\"><\/input><input type=\"submit\" value=\"Rekister\u00f6idy ilmaiseksi nyt\" id=\"submit\" style=\"padding: 10px; font-size: 18px; width: 100%; margin-bottom: 15px; color: rgb(255, 255, 255); background-color: rgb(255, 170, 1); cursor: pointer;\"><\/input><p style=\"margin-bottom: 10px; font-size: 12px;\">Tietojen k\u00e4sittely tapahtuu tietosuojak\u00e4yt\u00e4nt\u00f6mme mukaisesti <a href=\"https:\/\/www.sellerlogic.com\/en\/privacy-policy\/\" target=\"_blank\" draggable=\"false\" rel=\"noopener noreferrer\">tietosuojak\u00e4yt\u00e4nn\u00f6n<\/a>. Rekister\u00f6itym\u00e4ll\u00e4 alla hyv\u00e4ksyt, ett\u00e4 SELLERLOGIC GmbH voi k\u00e4ytt\u00e4\u00e4 ja jakaa henkil\u00f6tietojasi markkinointitarkoituksiin. Hyv\u00e4ksyt my\u00f6s, ett\u00e4 SELLERLOGIC GmbH voi v\u00e4litt\u00e4\u00e4 antamasi tiedot osallistuville webinaarikumppaneillemme, jotka tallentavat tiedot omien tietosuojak\u00e4yt\u00e4nt\u00f6jens\u00e4 mukaisesti ja voimassa olevien lakis\u00e4\u00e4teisten vaatimusten mukaisesti GDPR:n alaisena ja k\u00e4sittelev\u00e4t niit\u00e4 markkinointimateriaalin tarjoamiseksi.<\/p><\/form><\/div><hr class=\"theme-wp-block wp-block-separator has-css-opacity\"><\/hr><p class=\"theme-wp-block gb-responsive-658111-identifier\">Rekister\u00f6ity\u00e4ksesi webinaariin, on tarpeen sallia kaikki ev\u00e4steet etuk\u00e4teen. Muuttaaksesi asetuksiasi, napsauta seuraavaa painiketta.<\/p><p class=\"theme-wp-block\"><span class=\"borlabs-cookie-open-dialog-preferences brlbs-cmpnt-container\" data-borlabs-cookie-title=\"Avaa ev\u00e4steasetukset\" data-borlabs-cookie-type=\"button\" ><\/span><\/p><\/div><\/div><\/div><\/div>\t\t\t<\/div>\n\t\t<\/div>\n\t<\/div>\n\t<div  class=\"theme-wp-block theme-block-text-and-text-column gb-responsive-761697-identifier\">\n\t\t<div class=\"inner-wrap-column-content\">\n\t\t\t<div class=\"inner-column-content\">\n\t\t\t\t\t\t\t<\/div>\n\t\t<\/div>\n\t<\/div>\n\t\t\t<\/div>\n\t\t<\/div>\n\t<\/div>\n\n\t\t<\/div>\n\t<\/div>\n\n<div class=\"theme-wp-block wp-block-columns alignfull are-vertically-aligned-center desktop-align-full xl-align-full lg-align-full md-align-full sm-align-full gb-responsive-162396-identifier has-theme-light-gray-background-color has-background is-layout-flex wp-container-core-columns-is-layout-9d6595d7 wp-block-columns-is-layout-flex\"><div class=\"theme-wp-block wp-block-column is-vertically-aligned-center gb-responsive-969772-identifier is-layout-flow wp-block-column-is-layout-flow\" style=\"flex-basis:25%\"><\/div><div class=\"theme-wp-block wp-block-column is-vertically-aligned-center gb-responsive-872757-identifier is-layout-flow wp-block-column-is-layout-flow\" style=\"flex-basis:50%\"><div style=\"height:20px\" aria-hidden=\"true\" class=\"theme-wp-block wp-block-spacer\"><\/div><h2 class=\"theme-wp-block wp-block-heading gb-responsive-995743-identifier\">Monikanava: Itsen\u00e4isyys Amazonista? <br>Vai puhdas utopia?<\/h2><h3 class=\"theme-wp-block wp-block-heading gb-responsive-330077-identifier\">Webinaari podcast-muodossa Annemarie Raluca Schusterin kanssa<\/h3><p class=\"theme-wp-block gb-responsive-312004-identifier\">Amazon hallitsee Saksan verkkokauppamarkkinoita 53 prosentin liikevaihto-osuudella. Noin 94 prosenttia saksalaisista verkkoshoppailijoista on ostanut Amazonista jossain vaiheessa. Pelk\u00e4st\u00e4\u00e4n Saksassa Amazonilla on noin 46,2 miljoonaa asiakasta. T\u00e4m\u00e4 her\u00e4tt\u00e4\u00e4 kysymyksen siit\u00e4, onko Amazon t\u00e4ll\u00e4 hetkell\u00e4 ainoa tapa menesty\u00e4 verkkoliiketoiminnassa. Samalla verkkokauppiaat haluavat merkitt\u00e4v\u00e4sti v\u00e4hent\u00e4\u00e4 riippuvuuttaan Amazonista. Mutta mit\u00e4 esteit\u00e4 myyj\u00e4t kohtaavat matkalla itsen\u00e4isyyteen suurista markkinapaikoista, kuten Amazon?<\/p><p class=\"theme-wp-block gb-responsive-541245-identifier\">Annemarie Raluca Schuster selitt\u00e4\u00e4 webinaarissamme podcast-muodossa &#8220;Monikanava: Itsen\u00e4isyys Amazonista? Vai puhdas utopia?&#8221; kuinka h\u00e4n asemoittaa br\u00e4ndins\u00e4 &#8220;SiAura Materials&#8221; useilla markkinapaikoilla ja kuinka h\u00e4n k\u00e4sittelee muuttuvia haasteita ja innovaatioita voidakseen myyd\u00e4 menestyksekk\u00e4\u00e4sti.<\/p>\t\t<div  class=\"theme-wp-block theme-block-guest-author gb-responsive-122623-identifier\">\n\t\t<div class=\"wrap-inner-content\">\n\t\t\t<div class=\"guest-author-avatar\">\n\t\t\t\t<div class=\"cover-avatar\" style=\"background-image: url(https:\/\/d2bw95mh2ee04s.cloudfront.net\/prod\/content\/wp-content\/uploads\/2022\/02\/23140433\/annemarie-raluca-schuster-siaura-material.png);\"><\/div>\n\t\t\t<\/div>\n\t\t\t<div class=\"guest-author-sign\">\n\t\t\t\t<div class=\"author-sign\">SiAura Materials &#038; Annythinks<\/div>\n\t\t\t<\/div>\n\t\t\t<div class=\"wrap-title\">\n\t\t\t\t<div class=\"guest-author-name\">\n\t\t\t\t\t<div class=\"title\">\n\t\t\t\t\t\t<div class=\"heading-text\">Annemarie Raluca Schuster<\/div>\n\t\t\t\t\t<\/div>\n\t\t\t\t<\/div>\n\t\t\t<\/div>\n\t\t\t<div class=\"guest-author-description\">\n\t\t\t\t<div class=\"description\"><p>\u201dSiAura Materials\u201d -br\u00e4ndin ja E-commerce-toimiston &#8220;Annythinks&#8221; toimitusjohtajana ja perustajana h\u00e4n on toiminut menestyksekk\u00e4\u00e4n\u00e4 verkkokauppiaana br\u00e4ndins\u00e4 kanssa eri markkinapaikoilla, kuten Amazonissa, Etsyss\u00e4 ja eBayss\u00e4 vuodesta 2013. Br\u00e4ndins\u00e4 kautta h\u00e4n hallinnoi yli 3 000 tuotetta, jotka liittyv\u00e4t k\u00e4sit\u00f6ihin ja k\u00e4sintehtyihin tuotteisiin. Vuonna 2018 h\u00e4n perusti oman E-commerce-toimistonsa &#8220;Annythinks&#8221; ja neuvoo verkkokauppiaita verkkokaupassa myymisess\u00e4. Koulutukseltaan tietojenk\u00e4sittelytieteilij\u00e4n\u00e4 h\u00e4n arvostaa suuresti dynaamisten ja \u00e4lykk\u00e4iden ty\u00f6kalujen k\u00e4ytt\u00f6\u00e4 ja keskittyy prosessien automatisointiin.<\/p><\/div>\n\t\t\t<\/div>\n\t\t<\/div>\n\t<\/div>\n\n<\/div><div class=\"theme-wp-block wp-block-column is-vertically-aligned-center gb-responsive-678736-identifier is-layout-flow wp-block-column-is-layout-flow\" style=\"flex-basis:25%\"><\/div><\/div><div class=\"theme-block-group-wrap  desktop-align-full xl-align-full lg-align-full md-align-full sm-align-full\"><div class=\"theme-wp-block wp-block-group alignfull questions desktop-align-full xl-align-full lg-align-full md-align-full sm-align-full gb-responsive-identifier-981778 desktop-gb-has-no-icon xl-gb-has-no-icon lg-gb-has-no-icon md-gb-has-no-icon sm-gb-has-no-icon\">\t\t<h2  class=\"theme-wp-block theme-block-heading  desktop-align-center xl-align-center lg-align-center md-align-center sm-align-center desktop-text-center only-editor-has-text-align-center xl-text-center lg-text-center md-text-center sm-text-center gb-responsive-identifier-408021 aligncenter has-text-align\">\n\t\tOnko sinulla kysymyksi\u00e4?\t<\/h2>\n\n<p class=\"theme-wp-block has-text-align-center gb-responsive-identifier-361793 desktop-text-center xl-text-center lg-text-center md-text-center sm-text-center\">Tukitiimimme on iloinen voidessaan auttaa sinua.<\/p>\t\t<div  class=\"theme-wp-block theme-block-contact-phone gb-responsive-499055-identifier desktop-text-center xl-text-center lg-text-center md-text-center sm-text-center desktop-gb-has-no-icon xl-gb-has-no-icon lg-gb-has-no-icon md-gb-has-no-icon sm-gb-has-no-icon\">\n\t\t\t\t\t<svg class=\"icon\" width=\"24px\" height=\"24px\" viewBox=\"0 0 24 24\" version=\"1.1\" xmlns=\"http:\/\/www.w3.org\/2000\/svg\">\n\t\t\t\t\t\t<g id=\"global--menu-collapsed\" stroke=\"none\" stroke-width=\"1\" fill=\"none\" fill-rule=\"evenodd\" transform=\"translate(-24.000000, -8.000000)\">\n\t\t\t\t\t\t\t<g id=\"menu--2nd-level\">\n\t\t\t\t\t\t\t\t<g id=\"icn--phone-24px--blue\" transform=\"translate(24.000000, 8.000000)\">\n\t\t\t\t\t\t\t\t\t<polygon id=\"Shape\" points=\"0 0 24 0 24 24 0 24\"><\/polygon>\n\t\t\t\t\t\t\t\t\t<path d=\"M7,6 L7,18.6666667 L16.3333333,18.6666667 L16.3333333,6 L7,6 Z M5,4 L18.3333333,4 L18.3333333,20.6666667 L5,20.6666667 L5,4 Z M11.6666667,18.1666667 C12.126904,18.1666667 12.5,17.7935706 12.5,17.3333333 C12.5,16.873096 12.126904,16.5 11.6666667,16.5 C11.2064294,16.5 10.8333333,16.873096 10.8333333,17.3333333 C10.8333333,17.7935706 11.2064294,18.1666667 11.6666667,18.1666667 Z M6.66666667,15.8333333 L6.66666667,13.8333333 L16.6651355,13.8333333 L16.6651355,15.8333333 L6.66666667,15.8333333 Z\" id=\"Rectangle-20\" fill=\"#0055CC\" fill-rule=\"nonzero\"><\/path>\n\t\t\t\t\t\t\t\t<\/g>\n\t\t\t\t\t\t\t<\/g>\n\t\t\t\t\t\t<\/g>\n\t\t\t\t\t<\/svg>\n\t\t<span class=\"phone\">+49 211 900 64 120<\/span>\n\t<\/div>\n\n<\/div><\/div>","protected":false},"excerpt":{"rendered":"<p>Monikanava: Itsen\u00e4isyys Amazonista? Vai puhdas utopia? Webinaari podcast-muodossa Annemarie Raluca Schusterin kanssa Amazon hallitsee Saksan verkkokauppamarkkinoita 53 prosentin liikevaihto-osuudella. Noin 94 prosenttia saksalaisista verkkoshoppailijoista on ostanut Amazonista jossain vaiheessa. Pelk\u00e4st\u00e4\u00e4n Saksassa Amazonilla on noin 46,2 miljoonaa asiakasta. T\u00e4m\u00e4 her\u00e4tt\u00e4\u00e4 kysymyksen siit\u00e4, onko Amazon t\u00e4ll\u00e4 hetkell\u00e4 ainoa tapa menesty\u00e4 verkkoliiketoiminnassa. Samalla verkkokauppiaat haluavat merkitt\u00e4v\u00e4sti v\u00e4hent\u00e4\u00e4 riippuvuuttaan<\/p>\n","protected":false},"author":8,"featured_media":0,"parent":0,"menu_order":0,"comment_status":"closed","ping_status":"closed","template":"","meta":{"sidebar_recommended_resources":{"data":[]},"sidebar_header_settings":{"hide_buttons":{"register":false}},"_use_new_theme":false,"inline_featured_image":false,"footnotes":""},"class_list":["post-230955","page","type-page","status-publish","hentry"],"yoast_head":"<!-- This site is optimized with the Yoast SEO plugin v26.8 - https:\/\/yoast.com\/product\/yoast-seo-wordpress\/ -->\n<title>Rekister\u00f6inti webinaariin | SELLERLOGIC - Smarte Tools f\u00fcr Amazon-Seller<\/title>\n<meta name=\"robots\" content=\"noindex, follow\" \/>\n<meta property=\"og:locale\" content=\"fi_FI\" \/>\n<meta property=\"og:type\" content=\"article\" \/>\n<meta property=\"og:title\" content=\"Rekister\u00f6inti webinaariin | SELLERLOGIC - Smarte Tools f\u00fcr Amazon-Seller\" \/>\n<meta property=\"og:description\" content=\"Monikanava: Itsen\u00e4isyys Amazonista? Vai puhdas utopia? Webinaari podcast-muodossa Annemarie Raluca Schusterin kanssa Amazon hallitsee Saksan verkkokauppamarkkinoita 53 prosentin liikevaihto-osuudella. Noin 94 prosenttia saksalaisista verkkoshoppailijoista on ostanut Amazonista jossain vaiheessa. Pelk\u00e4st\u00e4\u00e4n Saksassa Amazonilla on noin 46,2 miljoonaa asiakasta. T\u00e4m\u00e4 her\u00e4tt\u00e4\u00e4 kysymyksen siit\u00e4, onko Amazon t\u00e4ll\u00e4 hetkell\u00e4 ainoa tapa menesty\u00e4 verkkoliiketoiminnassa. Samalla verkkokauppiaat haluavat merkitt\u00e4v\u00e4sti v\u00e4hent\u00e4\u00e4 riippuvuuttaan\" \/>\n<meta property=\"og:url\" content=\"https:\/\/www.sellerlogic.com\/fi\/registration-for-the-webinar\/\" \/>\n<meta property=\"og:site_name\" content=\"SELLERLOGIC - Smarte Tools f\u00fcr Amazon-Seller\" \/>\n<meta property=\"article:publisher\" content=\"https:\/\/www.facebook.com\/SellerLogic\/\" \/>\n<meta property=\"og:image\" content=\"https:\/\/d2bw95mh2ee04s.cloudfront.net\/prod\/content\/wp-content\/uploads\/2025\/06\/09094621\/Social-OG-Image-Link.jpg\" \/>\n\t<meta property=\"og:image:width\" content=\"2400\" \/>\n\t<meta property=\"og:image:height\" content=\"1270\" \/>\n\t<meta property=\"og:image:type\" content=\"image\/jpeg\" \/>\n<meta name=\"twitter:card\" content=\"summary_large_image\" \/>\n<meta name=\"twitter:site\" content=\"@sellerlogic\" \/>\n<meta name=\"twitter:label1\" content=\"Est. reading time\" \/>\n\t<meta name=\"twitter:data1\" content=\"2 minutes\" \/>\n<script type=\"application\/ld+json\" class=\"yoast-schema-graph\">{\"@context\":\"https:\/\/schema.org\",\"@graph\":[{\"@type\":\"WebPage\",\"@id\":\"https:\/\/www.sellerlogic.com\/fi\/registration-for-the-webinar\/\",\"url\":\"https:\/\/www.sellerlogic.com\/fi\/registration-for-the-webinar\/\",\"name\":\"Rekister\u00f6inti webinaariin | SELLERLOGIC - Smarte Tools f\u00fcr Amazon-Seller\",\"isPartOf\":{\"@id\":\"https:\/\/www.sellerlogic.com\/fi\/#website\"},\"datePublished\":\"2022-03-17T08:40:47+00:00\",\"breadcrumb\":{\"@id\":\"https:\/\/www.sellerlogic.com\/fi\/registration-for-the-webinar\/#breadcrumb\"},\"inLanguage\":\"fi\",\"potentialAction\":[{\"@type\":\"ReadAction\",\"target\":[\"https:\/\/www.sellerlogic.com\/fi\/registration-for-the-webinar\/\"]}]},{\"@type\":\"BreadcrumbList\",\"@id\":\"https:\/\/www.sellerlogic.com\/fi\/registration-for-the-webinar\/#breadcrumb\",\"itemListElement\":[{\"@type\":\"ListItem\",\"position\":1,\"name\":\"Home\",\"item\":\"https:\/\/www.sellerlogic.com\/fi\/\"},{\"@type\":\"ListItem\",\"position\":2,\"name\":\"Rekister\u00f6inti webinaariin\"}]},{\"@type\":\"WebSite\",\"@id\":\"https:\/\/www.sellerlogic.com\/fi\/#website\",\"url\":\"https:\/\/www.sellerlogic.com\/fi\/\",\"name\":\"SELLERLOGIC - Smarte Tools f\u00fcr Amazon-Seller\",\"description\":\"Intelligente Prozessoptimierung und Gewinnmaximierung\",\"publisher\":{\"@id\":\"https:\/\/www.sellerlogic.com\/fi\/#organization\"},\"potentialAction\":[{\"@type\":\"SearchAction\",\"target\":{\"@type\":\"EntryPoint\",\"urlTemplate\":\"https:\/\/www.sellerlogic.com\/fi\/?s={search_term_string}\"},\"query-input\":{\"@type\":\"PropertyValueSpecification\",\"valueRequired\":true,\"valueName\":\"search_term_string\"}}],\"inLanguage\":\"fi\"},{\"@type\":\"Organization\",\"@id\":\"https:\/\/www.sellerlogic.com\/fi\/#organization\",\"name\":\"SELLERLOGIC\",\"url\":\"https:\/\/www.sellerlogic.com\/fi\/\",\"logo\":{\"@type\":\"ImageObject\",\"inLanguage\":\"fi\",\"@id\":\"https:\/\/www.sellerlogic.com\/fi\/#\/schema\/logo\/image\/\",\"url\":\"https:\/\/d2bw95mh2ee04s.cloudfront.net\/prod\/content\/wp-content\/uploads\/2025\/01\/02134814\/Property-Logo-Main.svg\",\"contentUrl\":\"https:\/\/d2bw95mh2ee04s.cloudfront.net\/prod\/content\/wp-content\/uploads\/2025\/01\/02134814\/Property-Logo-Main.svg\",\"width\":184,\"height\":40,\"caption\":\"SELLERLOGIC\"},\"image\":{\"@id\":\"https:\/\/www.sellerlogic.com\/fi\/#\/schema\/logo\/image\/\"},\"sameAs\":[\"https:\/\/www.facebook.com\/SellerLogic\/\",\"https:\/\/x.com\/sellerlogic\",\"https:\/\/www.instagram.com\/sellerlogic\/\",\"https:\/\/www.linkedin.com\/company\/18402037\/\",\"https:\/\/www.youtube.com\/channel\/UC-gULUur-fNj08sprantKsQ\"]}]}<\/script>\n<!-- \/ Yoast SEO plugin. -->","yoast_head_json":{"title":"Rekister\u00f6inti webinaariin | SELLERLOGIC - Smarte Tools f\u00fcr Amazon-Seller","robots":{"index":"noindex","follow":"follow"},"og_locale":"fi_FI","og_type":"article","og_title":"Rekister\u00f6inti webinaariin | SELLERLOGIC - Smarte Tools f\u00fcr Amazon-Seller","og_description":"Monikanava: Itsen\u00e4isyys Amazonista? Vai puhdas utopia? Webinaari podcast-muodossa Annemarie Raluca Schusterin kanssa Amazon hallitsee Saksan verkkokauppamarkkinoita 53 prosentin liikevaihto-osuudella. Noin 94 prosenttia saksalaisista verkkoshoppailijoista on ostanut Amazonista jossain vaiheessa. Pelk\u00e4st\u00e4\u00e4n Saksassa Amazonilla on noin 46,2 miljoonaa asiakasta. T\u00e4m\u00e4 her\u00e4tt\u00e4\u00e4 kysymyksen siit\u00e4, onko Amazon t\u00e4ll\u00e4 hetkell\u00e4 ainoa tapa menesty\u00e4 verkkoliiketoiminnassa. Samalla verkkokauppiaat haluavat merkitt\u00e4v\u00e4sti v\u00e4hent\u00e4\u00e4 riippuvuuttaan","og_url":"https:\/\/www.sellerlogic.com\/fi\/registration-for-the-webinar\/","og_site_name":"SELLERLOGIC - Smarte Tools f\u00fcr Amazon-Seller","article_publisher":"https:\/\/www.facebook.com\/SellerLogic\/","og_image":[{"width":2400,"height":1270,"url":"https:\/\/d2bw95mh2ee04s.cloudfront.net\/prod\/content\/wp-content\/uploads\/2025\/06\/09094621\/Social-OG-Image-Link.jpg","type":"image\/jpeg"}],"twitter_card":"summary_large_image","twitter_site":"@sellerlogic","twitter_misc":{"Est. reading time":"2 minutes"},"schema":{"@context":"https:\/\/schema.org","@graph":[{"@type":"WebPage","@id":"https:\/\/www.sellerlogic.com\/fi\/registration-for-the-webinar\/","url":"https:\/\/www.sellerlogic.com\/fi\/registration-for-the-webinar\/","name":"Rekister\u00f6inti webinaariin | SELLERLOGIC - Smarte Tools f\u00fcr Amazon-Seller","isPartOf":{"@id":"https:\/\/www.sellerlogic.com\/fi\/#website"},"datePublished":"2022-03-17T08:40:47+00:00","breadcrumb":{"@id":"https:\/\/www.sellerlogic.com\/fi\/registration-for-the-webinar\/#breadcrumb"},"inLanguage":"fi","potentialAction":[{"@type":"ReadAction","target":["https:\/\/www.sellerlogic.com\/fi\/registration-for-the-webinar\/"]}]},{"@type":"BreadcrumbList","@id":"https:\/\/www.sellerlogic.com\/fi\/registration-for-the-webinar\/#breadcrumb","itemListElement":[{"@type":"ListItem","position":1,"name":"Home","item":"https:\/\/www.sellerlogic.com\/fi\/"},{"@type":"ListItem","position":2,"name":"Rekister\u00f6inti webinaariin"}]},{"@type":"WebSite","@id":"https:\/\/www.sellerlogic.com\/fi\/#website","url":"https:\/\/www.sellerlogic.com\/fi\/","name":"SELLERLOGIC - Smarte Tools f\u00fcr Amazon-Seller","description":"Intelligente Prozessoptimierung und Gewinnmaximierung","publisher":{"@id":"https:\/\/www.sellerlogic.com\/fi\/#organization"},"potentialAction":[{"@type":"SearchAction","target":{"@type":"EntryPoint","urlTemplate":"https:\/\/www.sellerlogic.com\/fi\/?s={search_term_string}"},"query-input":{"@type":"PropertyValueSpecification","valueRequired":true,"valueName":"search_term_string"}}],"inLanguage":"fi"},{"@type":"Organization","@id":"https:\/\/www.sellerlogic.com\/fi\/#organization","name":"SELLERLOGIC","url":"https:\/\/www.sellerlogic.com\/fi\/","logo":{"@type":"ImageObject","inLanguage":"fi","@id":"https:\/\/www.sellerlogic.com\/fi\/#\/schema\/logo\/image\/","url":"https:\/\/d2bw95mh2ee04s.cloudfront.net\/prod\/content\/wp-content\/uploads\/2025\/01\/02134814\/Property-Logo-Main.svg","contentUrl":"https:\/\/d2bw95mh2ee04s.cloudfront.net\/prod\/content\/wp-content\/uploads\/2025\/01\/02134814\/Property-Logo-Main.svg","width":184,"height":40,"caption":"SELLERLOGIC"},"image":{"@id":"https:\/\/www.sellerlogic.com\/fi\/#\/schema\/logo\/image\/"},"sameAs":["https:\/\/www.facebook.com\/SellerLogic\/","https:\/\/x.com\/sellerlogic","https:\/\/www.instagram.com\/sellerlogic\/","https:\/\/www.linkedin.com\/company\/18402037\/","https:\/\/www.youtube.com\/channel\/UC-gULUur-fNj08sprantKsQ"]}]}},"_links":{"self":[{"href":"https:\/\/www.sellerlogic.com\/fi\/wp-json\/wp\/v2\/pages\/230955","targetHints":{"allow":["GET"]}}],"collection":[{"href":"https:\/\/www.sellerlogic.com\/fi\/wp-json\/wp\/v2\/pages"}],"about":[{"href":"https:\/\/www.sellerlogic.com\/fi\/wp-json\/wp\/v2\/types\/page"}],"author":[{"embeddable":true,"href":"https:\/\/www.sellerlogic.com\/fi\/wp-json\/wp\/v2\/users\/8"}],"replies":[{"embeddable":true,"href":"https:\/\/www.sellerlogic.com\/fi\/wp-json\/wp\/v2\/comments?post=230955"}],"version-history":[{"count":0,"href":"https:\/\/www.sellerlogic.com\/fi\/wp-json\/wp\/v2\/pages\/230955\/revisions"}],"wp:attachment":[{"href":"https:\/\/www.sellerlogic.com\/fi\/wp-json\/wp\/v2\/media?parent=230955"}],"curies":[{"name":"wp","href":"https:\/\/api.w.org\/{rel}","templated":true}]}}