
{"id":231006,"date":"2020-12-18T10:43:41","date_gmt":"2020-12-18T10:43:41","guid":{"rendered":"https:\/\/127.0.0.1\/resources\/success-story-samtige-haut\/"},"modified":"2020-12-18T10:43:41","modified_gmt":"2020-12-18T10:43:41","slug":"success-story-samtige-haut","status":"publish","type":"page","link":"https:\/\/www.sellerlogic.com\/fi\/resources\/success-story-samtige-haut\/","title":{"rendered":"Menestystarina: Samtige Haut EN"},"content":{"rendered":"\n\t<div  class=\"theme-wp-block theme-block-main-header is-style-full-height desktop-align-full xl-align-full lg-align-full md-align-full sm-align-full desktop-content-align-y-center desktop-content-align-x-center xl-content-align-y-center xl-content-align-x-center lg-content-align-y-center lg-content-align-x-center md-content-align-y-center md-content-align-x-center sm-content-align-y-center sm-content-align-x-center gb-responsive-911782-identifier theme-block-cover\">\n\t\t<div class=\"bg-cover theme-lazy-load-bg\"><\/div>\n\t\t<div class=\"wrap-content-main-header\">\n\t\t\t\t\t<div  class=\"theme-wp-block theme-block-text-and-text desktop-blockDirection-row xl-blockDirection-row lg-blockDirection-row md-blockDirection-row sm-blockDirection-row gb-responsive-289238-identifier desktop-align-full xl-align-full lg-align-full md-align-full sm-align-full alignfull\">\n\t\t<div class=\"tat-column-wrap-wrapper\">\n\t\t\t<div class=\"tat-column-wrapper\">\n\t\t\t\t\t<div  class=\"theme-wp-block theme-block-text-and-text-column gb-responsive-421034-identifier desktop-horizontal-center xl-horizontal-center lg-horizontal-center md-horizontal-center sm-horizontal-center\">\n\t\t<div class=\"inner-wrap-column-content\">\n\t\t\t<div class=\"inner-column-content\">\n\t\t\t\t\t\t<h1  class=\"theme-wp-block theme-block-heading is-style-default sm-text-center md-text-center desktop-text-center xl-text-center lg-text-center gb-responsive-292481-identifier desktop-align-full xl-align-full lg-align-full md-align-full sm-align-full alignfull h1 has-text-align\">\n\t\tHyvitykset yhdell\u00e4 napsautuksella\t<\/h1>\n\n\t\t<h2  class=\"theme-wp-block theme-block-heading is-style-default sm-text-center md-text-center desktop-text-center xl-text-center lg-text-center gb-responsive-831018-identifier desktop-align-full xl-align-full lg-align-full md-align-full sm-align-full alignfull h1 has-text-align\">\n\t\t&#8220;Samtige Haut&#8221; saa hyvityksi\u00e4 Amazonilta Lost &amp; Foundin kautta\t<\/h2>\n\n\t\t\t<\/div>\n\t\t<\/div>\n\t<\/div>\n\t<div  class=\"theme-wp-block theme-block-text-and-text-column gb-responsive-929552-identifier\">\n\t\t<div class=\"inner-wrap-column-content\">\n\t\t\t<div class=\"inner-column-content\">\n\t\t\t\t\t\t\t<\/div>\n\t\t<\/div>\n\t<\/div>\n\t\t\t<\/div>\n\t\t<\/div>\n\t<\/div>\n\n\t\t<\/div>\n\t<\/div>\n\n<div style=\"height:50px\" aria-hidden=\"true\" class=\"theme-wp-block wp-block-spacer\"><\/div><div class=\"theme-wp-block wp-block-columns gb-responsive-655645-identifier is-layout-flex wp-container-core-columns-is-layout-9d6595d7 wp-block-columns-is-layout-flex\"><div class=\"theme-wp-block wp-block-column gb-responsive-959393-identifier is-layout-flow wp-block-column-is-layout-flow\" style=\"flex-basis:25%\"><figure class=\"theme-wp-block wp-block-image size-large is-resized gb-responsive-62921-identifier\"><img decoding=\"async\" src=\"https:\/\/d2bw95mh2ee04s.cloudfront.net\/prod\/content\/wp-content\/uploads\/2020\/12\/23142732\/samtige-haut-logo.png\" alt=\"Menestystarina: Samtige Haut EN\" class=\"wp-image-4561\" width=\"300\" height=\"84\" srcset=\"https:\/\/d2bw95mh2ee04s.cloudfront.net\/prod\/content\/wp-content\/uploads\/2020\/12\/23142732\/samtige-haut-logo-407x113.png 407w, https:\/\/d2bw95mh2ee04s.cloudfront.net\/prod\/content\/wp-content\/uploads\/2020\/12\/23142732\/samtige-haut-logo.png 600w\" sizes=\"(max-width: 300px) 100vw, 300px\" \/><\/figure><p class=\"theme-wp-block gb-responsive-312552-identifier\"><strong><strong>Perustaminen<\/strong>:<\/strong><br> Marraskuu 2016<\/p><p class=\"theme-wp-block gb-responsive-353708-identifier\"><strong><strong>Teollisuus<\/strong>:<\/strong><br>Kosmetiikka, ravintolis\u00e4t, luomutuotteet<\/p><p class=\"theme-wp-block gb-responsive-164518-identifier\"><strong><strong>Tuotteet Amazonissa:<\/strong><\/strong><br>1,000<\/p><p class=\"theme-wp-block gb-responsive-888870-identifier\"><strong><strong>Toimitukset<\/strong>:\u00a0<\/strong><br>noin 8,000 kuukaudessa<\/p><\/div><div class=\"theme-wp-block wp-block-column gb-responsive-252265-identifier is-layout-flow wp-block-column-is-layout-flow\" style=\"flex-basis:50%\"><h3 class=\"theme-wp-block wp-block-heading gb-responsive-34353-identifier\" id=\"block-c06fce04-ef87-4ffc-a3d6-b768ba377d17\">Tausta:<\/h3><p class=\"theme-wp-block gb-responsive-620393-identifier\">Vuonna 2018 Amazonin liikevaihto oli 232,9 miljardia Yhdysvaltain dollaria. Noin 45 prosenttia saksalaisista Amazon-myyjist\u00e4 toimittaa tuotteensa Fulfillment by Amazonin (FBA) kautta. Sandra Schriewer \u2013 Amazon-kaupan &#8220;Samtige Haut&#8221; (saksaksi &#8220;Silein iho&#8221;) omistaja \u2013 on yksi heist\u00e4. Huolimatta FBA-ohjelman kaikista eduista, verkkokauppiaiden on mahdotonta en\u00e4\u00e4 seurata FBA-transaktioiden tietovirtaa myynnin kasvaessa. T\u00e4m\u00e4n vuoksi analyysi\u00e4 ei suoriteta lainkaan.<\/p><h3 class=\"theme-wp-block wp-block-heading gb-responsive-182281-identifier\">Haaste:<\/h3><p class=\"theme-wp-block gb-responsive-880667-identifier\">Sandra Schriewer tulee alun perin kosmetiikkateollisuudesta. Ty\u00f6skennelless\u00e4\u00e4n verkkokaupan alalla Berliiniss\u00e4 h\u00e4n suoritti opintonsa verkkomainonnassa ja verkkokaupassa.<\/p><p class=\"theme-wp-block gb-responsive-3897-identifier\">H\u00e4n halusi laittaa hankkimansa tiedot k\u00e4yt\u00e4nt\u00f6\u00f6n ja yhdist\u00e4\u00e4 sen intohimoonsa kosmetiikkaan ja ravitsemukseen. N\u00e4in syntyi Amazon-kauppa &#8220;Samtige Haut&#8221;. Noin 1,000 tuotteen ja noin 8,000 toimituksen kuukausivolyymilla FBA-ohjelman kautta oli l\u00e4hes mahdotonta seurata valtavaa tietovirtaa Amazonissa. H\u00e4n ymm\u00e4rsi pian, ett\u00e4 h\u00e4n tarvitsi palveluntarjoajaa, joka voisi auttaa h\u00e4nt\u00e4 hallitsemaan FBA-ohjelman prosesseja. &#8220;Verkkokauppiaana luot Fulfillment by Amazoniin, koska ohjelma helpottaa logistiikkaprosesseja yrityksess\u00e4 huomattavasti. Kuitenkin kukaan ei ole t\u00e4ydellinen, ja tietenkin my\u00f6s johtavat yritykset kuten Amazon voivat tehd\u00e4 virheit\u00e4.<\/p><p class=\"theme-wp-block gb-responsive-135542-identifier\">Manual virheiden tarkistaminen oli poissuljettua. Ongelmal\u00e4hteiden analysointi on eritt\u00e4in monimutkaista ja vaatii valtavasti aikaa. &#8220;Se ylitt\u00e4isi kaikki taloudelliset raamit,&#8221; Sandra kertoi meille. \u201cLost &#038; Found ratkaisu SELLERLOGIC:lta suositteli minulle mieheni, joka ty\u00f6skentelee jo palveluntarjoajan Repricer kanssa ja on eritt\u00e4in tyytyv\u00e4inen tuotteeseen. Markkinoilla on monia ratkaisuja, joita Amazon-yritys tarvitsee menesty\u00e4kseen omilla markkinoillaan. Uskon, ett\u00e4 Lost &#038; Found on ainutlaatuinen ja korvaamaton FBA-myyjille.\u201d<\/p><h3 class=\"theme-wp-block wp-block-heading gb-responsive-115756-identifier\">Ratkaisu:<\/h3><p class=\"theme-wp-block gb-responsive-907939-identifier\">&#8220;Ty\u00f6kalun k\u00e4ytt\u00e4minen ei ole vaikeaa, ja se voidaan integroida nopeasti ja helposti. Vaiheittaiset ohjeet \u2013 sek\u00e4 tietopankki \u2013 ovat eritt\u00e4in hy\u00f6dyllisi\u00e4 eiv\u00e4tk\u00e4 vaadi tukea SELLERLOGIC:lta. Lost &#038; Found raportoi uusia tapauksia joka p\u00e4iv\u00e4 ja tarjoaa ennalta m\u00e4\u00e4riteltyj\u00e4 tekstimoduuleja, jotka voidaan yksinkertaisesti kopioida ja liitt\u00e4\u00e4 Amazon Seller Centraliin. Minun tarvitsee vain kopioida ja liitt\u00e4\u00e4 ty\u00f6 saadakseni hyvityksen Amazonilta. Koska toimitetut tapaukset hyv\u00e4ksyt\u00e4\u00e4n yleens\u00e4 ilman lis\u00e4kysymyksi\u00e4, koko prosessi pidet\u00e4\u00e4n eritt\u00e4in yksinkertaisena!&#8221;<\/p><div class=\"theme-block-group-wrap\"><div class=\"theme-wp-block wp-block-group gb-responsive-88118-identifier\">\t\t<div  class=\"theme-wp-block theme-block-user-card gb-responsive-799176-identifier is-style-full-width-line\">\n\t\t<div class=\"wrap-inner-content\">\n\t\t\t<div class=\"card-user-head\">\n\t\t\t\t<div class=\"card-user-avatar\">\n\t\t\t\t\t<div class=\"cover-avatar\" style=\"background-image: url(https:\/\/d2bw95mh2ee04s.cloudfront.net\/prod\/content\/wp-content\/uploads\/2020\/12\/23142733\/sandra-schriewer-raute.png);\"><\/div>\n\t\t\t\t<\/div>\n\t\t\t\t<div class=\"wrap-title\">\n\t\t\t\t\t<div class=\"card-user-name\">\n\t\t\t\t\t\t<div class=\"title\">\n\t\t\t\t\t\t\t<h3 class=\"heading-text\"><strong>Sandra Schriewer<\/strong><\/h3>\n\t\t\t\t\t\t<\/div>\n\t\t\t\t\t\t<div class=\"card-user-position\">\n\t\t\t\t\t\t\t<div class=\"card-text\"><strong>Toimitusjohtaja \u201eSamtige Haut\u201c<\/strong><\/div>\n\t\t\t\t\t\t<\/div>\n\t\t\t\t\t<\/div>\n\t\t\t\t\t<div class=\"card-user-quote-icon\">\n\t\t\t\t\t<\/div>\n\t\t\t\t<\/div>\n\t\t\t<\/div>\n\t\t\t<div class=\"card-user-text\">\n\t\t\t\t<div class=\"card-text\"><p>&#8220;Markkinoilla on monia ratkaisuja, joita Amazon-yritys tarvitsee menesty\u00e4kseen omilla markkinoillaan. Uskon, ett\u00e4 Lost &amp; Found on ainutlaatuinen ja korvaamaton FBA-myyjille.\u201d<\/p><\/div>\n\t\t\t<\/div>\n\t\t<\/div>\n\t<\/div>\n\n<\/div><\/div><h3 class=\"theme-wp-block wp-block-heading gb-responsive-595368-identifier\">Onnistuneet tulokset SELLERLOGIC:<\/h3><p class=\"theme-wp-block gb-responsive-414432-identifier\">&#8220;Koska Lost &#038; Found j\u00e4ljitt\u00e4\u00e4 yksitt\u00e4iset tapahtumat jopa 18 kuukauden ajalta, sain noin 1 300 EUR:n korvauksen heti ty\u00f6kalun integroinnin j\u00e4lkeen, jota en olisi koskaan huomannut ilman SELLERLOGIC. Ennen Lost &#038; Found-integraatiota ei ollut selv\u00e4\u00e4, kuinka monta pakettia oli yksinkertaisesti kadonnut sill\u00e4 v\u00e4lin. Et voi tarkistaa tietom\u00e4\u00e4r\u00e4\u00e4 manuaalisesti, ja normaalisti Amazon ei anna sinulle mit\u00e4\u00e4n palautetta puuttuvista tavaroista. Lost &#038; Found:n avulla saat rahasi takaisin ja s\u00e4\u00e4st\u00e4t itselt\u00e4si valtavan m\u00e4\u00e4r\u00e4n aikaa \u2013 kiitos automatisoidun tutkimuksen ja tapausten l\u00e4hett\u00e4misen Copy &#038; Paste -toiminnolla.&#8221;<\/p><p class=\"theme-wp-block gb-responsive-57813-identifier\">\u201cVoin vain suositella kaikille ratkaisun integroimista omaan j\u00e4rjestelm\u00e4\u00e4ns\u00e4. Sinulla ei ole mit\u00e4\u00e4n h\u00e4vitt\u00e4v\u00e4\u00e4! SELLERLOGIC Lost &#038; Found:n kustannukset ovat mielest\u00e4ni eritt\u00e4in kohtuulliset, koska ne lasketaan suhteessa Amazonilta saatuun todelliseen korvaukseen. Jos mit\u00e4\u00e4n ei l\u00f6ydy, maksuja ei perit\u00e4. Jokainen p\u00e4iv\u00e4, joka kuluu ilman Lost &#038; Found:t\u00e4, maksaa rahaa myyjille. Lis\u00e4ksi sinulla on enint\u00e4\u00e4n 18 kuukautta aikaa tehd\u00e4 vaatimuksesi, joissakin tapauksissa jopa v\u00e4hemm\u00e4n\u201d Sandra p\u00e4\u00e4tt\u00e4\u00e4 puolestamme.<a href=\"https:\/\/d2bw95mh2ee04s.cloudfront.net\/prod\/content\/files\/SUCCESS-STORIES\/EN\/NEU_SELLERLOGIC_SN_Success-Story_Samtige-Haut-EN.pdf\" target=\"_blank\" rel=\"noreferrer noopener nofollow\"><\/a><\/p><div class=\"theme-wp-block wp-block-buttons gb-responsive-497426-identifier is-layout-flex wp-block-buttons-is-layout-flex\"><div class=\"theme-wp-block wp-block-button gb-responsive-38220-identifier is-style-theme-transparent-with-arrow\"><a class=\"wp-block-button__link wp-element-button\" href=\"https:\/\/d2bw95mh2ee04s.cloudfront.net\/prod\/content\/files\/SUCCESS-STORIES\/EN\/SELLERLOGIC_SN_Success-Story_Samtige-Haut-EN.pdf\" target=\"_blank\" rel=\"noreferrer noopener nofollow\">Lataa menestystarina!  <\/a><\/div><\/div><\/div><div class=\"theme-wp-block wp-block-column gb-responsive-147753-identifier is-layout-flow wp-block-column-is-layout-flow\" style=\"flex-basis:25%\"><\/div><\/div><p class=\"theme-wp-block gb-responsive-527070-identifier\"><\/p>","protected":false},"excerpt":{"rendered":"<p>Perustaminen: Marraskuu 2016 Teollisuus:Kosmetiikka, ravintolis\u00e4t, luomutuotteet Tuotteet Amazonissa:1,000 Toimitukset:\u00a0noin 8,000 kuukaudessa Tausta: Vuonna 2018 Amazonin liikevaihto oli 232,9 miljardia Yhdysvaltain dollaria. Noin 45 prosenttia saksalaisista Amazon-myyjist\u00e4 toimittaa tuotteensa Fulfillment by Amazonin (FBA) kautta. Sandra Schriewer \u2013 Amazon-kaupan &#8220;Samtige Haut&#8221; (saksaksi &#8220;Silein iho&#8221;) omistaja \u2013 on yksi heist\u00e4. Huolimatta FBA-ohjelman kaikista eduista, verkkokauppiaiden on mahdotonta en\u00e4\u00e4<\/p>\n","protected":false},"author":8,"featured_media":0,"parent":231081,"menu_order":0,"comment_status":"closed","ping_status":"closed","template":"","meta":{"sidebar_recommended_resources":{"data":[]},"sidebar_header_settings":{"hide_buttons":{"register":false}},"_use_new_theme":false,"inline_featured_image":false,"footnotes":""},"class_list":["post-231006","page","type-page","status-publish","hentry"],"yoast_head":"<!-- This site is optimized with the Yoast SEO plugin v26.8 - https:\/\/yoast.com\/product\/yoast-seo-wordpress\/ -->\n<title>&quot;Samtige Haut&quot; saa Amazon-korvauksen SELLERLOGIC Lost &amp; Found:n kautta<\/title>\n<meta name=\"description\" content=\"Korvaukset yhdell\u00e4 napsautuksella: SELLERLOGIC-asiakas &quot;Samtige Haut&quot; saa korvauksensa Amazonilta Lost &amp; Found:n kautta.\" \/>\n<meta name=\"robots\" content=\"index, follow, max-snippet:-1, max-image-preview:large, max-video-preview:-1\" \/>\n<link rel=\"canonical\" href=\"https:\/\/www.sellerlogic.com\/fi\/resources\/success-story-samtige-haut\/\" \/>\n<meta property=\"og:locale\" content=\"fi_FI\" \/>\n<meta property=\"og:type\" content=\"article\" \/>\n<meta property=\"og:title\" content=\"&quot;Samtige Haut&quot; saa Amazon-korvauksen SELLERLOGIC Lost &amp; Found:n kautta\" \/>\n<meta property=\"og:description\" content=\"Korvaukset yhdell\u00e4 napsautuksella: SELLERLOGIC-asiakas &quot;Samtige Haut&quot; saa korvauksensa Amazonilta Lost &amp; Found:n kautta.\" \/>\n<meta property=\"og:url\" content=\"https:\/\/www.sellerlogic.com\/fi\/resources\/success-story-samtige-haut\/\" \/>\n<meta property=\"og:site_name\" content=\"SELLERLOGIC - Smarte Tools f\u00fcr Amazon-Seller\" \/>\n<meta property=\"article:publisher\" content=\"https:\/\/www.facebook.com\/SellerLogic\/\" \/>\n<meta property=\"og:image\" content=\"https:\/\/www.sellerlogic.com\/wp-content\/uploads\/2020\/12\/samtige-haut-logo.png\" \/>\n<meta name=\"twitter:card\" content=\"summary_large_image\" \/>\n<meta name=\"twitter:site\" content=\"@sellerlogic\" \/>\n<meta name=\"twitter:label1\" content=\"Est. reading time\" \/>\n\t<meta name=\"twitter:data1\" content=\"3 minutes\" \/>\n<script type=\"application\/ld+json\" class=\"yoast-schema-graph\">{\"@context\":\"https:\/\/schema.org\",\"@graph\":[{\"@type\":\"WebPage\",\"@id\":\"https:\/\/www.sellerlogic.com\/fi\/resources\/success-story-samtige-haut\/\",\"url\":\"https:\/\/www.sellerlogic.com\/fi\/resources\/success-story-samtige-haut\/\",\"name\":\"\\\"Samtige Haut\\\" saa Amazon-korvauksen SELLERLOGIC Lost & Found:n kautta\",\"isPartOf\":{\"@id\":\"https:\/\/www.sellerlogic.com\/fi\/#website\"},\"primaryImageOfPage\":{\"@id\":\"https:\/\/www.sellerlogic.com\/fi\/resources\/success-story-samtige-haut\/#primaryimage\"},\"image\":{\"@id\":\"https:\/\/www.sellerlogic.com\/fi\/resources\/success-story-samtige-haut\/#primaryimage\"},\"thumbnailUrl\":\"https:\/\/www.sellerlogic.com\/wp-content\/uploads\/2020\/12\/samtige-haut-logo.png\",\"datePublished\":\"2020-12-18T10:43:41+00:00\",\"description\":\"Korvaukset yhdell\u00e4 napsautuksella: SELLERLOGIC-asiakas \\\"Samtige Haut\\\" saa korvauksensa Amazonilta Lost & Found:n kautta.\",\"breadcrumb\":{\"@id\":\"https:\/\/www.sellerlogic.com\/fi\/resources\/success-story-samtige-haut\/#breadcrumb\"},\"inLanguage\":\"fi\",\"potentialAction\":[{\"@type\":\"ReadAction\",\"target\":[\"https:\/\/www.sellerlogic.com\/fi\/resources\/success-story-samtige-haut\/\"]}]},{\"@type\":\"ImageObject\",\"inLanguage\":\"fi\",\"@id\":\"https:\/\/www.sellerlogic.com\/fi\/resources\/success-story-samtige-haut\/#primaryimage\",\"url\":\"https:\/\/www.sellerlogic.com\/wp-content\/uploads\/2020\/12\/samtige-haut-logo.png\",\"contentUrl\":\"https:\/\/www.sellerlogic.com\/wp-content\/uploads\/2020\/12\/samtige-haut-logo.png\"},{\"@type\":\"BreadcrumbList\",\"@id\":\"https:\/\/www.sellerlogic.com\/fi\/resources\/success-story-samtige-haut\/#breadcrumb\",\"itemListElement\":[{\"@type\":\"ListItem\",\"position\":1,\"name\":\"Home\",\"item\":\"https:\/\/www.sellerlogic.com\/fi\/\"},{\"@type\":\"ListItem\",\"position\":2,\"name\":\"Resurssit EN\",\"item\":\"https:\/\/www.sellerlogic.com\/fi\/resources\/\"},{\"@type\":\"ListItem\",\"position\":3,\"name\":\"Menestystarina: Samtige Haut EN\"}]},{\"@type\":\"WebSite\",\"@id\":\"https:\/\/www.sellerlogic.com\/fi\/#website\",\"url\":\"https:\/\/www.sellerlogic.com\/fi\/\",\"name\":\"SELLERLOGIC - Smarte Tools f\u00fcr Amazon-Seller\",\"description\":\"Intelligente Prozessoptimierung und Gewinnmaximierung\",\"publisher\":{\"@id\":\"https:\/\/www.sellerlogic.com\/fi\/#organization\"},\"potentialAction\":[{\"@type\":\"SearchAction\",\"target\":{\"@type\":\"EntryPoint\",\"urlTemplate\":\"https:\/\/www.sellerlogic.com\/fi\/?s={search_term_string}\"},\"query-input\":{\"@type\":\"PropertyValueSpecification\",\"valueRequired\":true,\"valueName\":\"search_term_string\"}}],\"inLanguage\":\"fi\"},{\"@type\":\"Organization\",\"@id\":\"https:\/\/www.sellerlogic.com\/fi\/#organization\",\"name\":\"SELLERLOGIC\",\"url\":\"https:\/\/www.sellerlogic.com\/fi\/\",\"logo\":{\"@type\":\"ImageObject\",\"inLanguage\":\"fi\",\"@id\":\"https:\/\/www.sellerlogic.com\/fi\/#\/schema\/logo\/image\/\",\"url\":\"https:\/\/d2bw95mh2ee04s.cloudfront.net\/prod\/content\/wp-content\/uploads\/2025\/01\/02134814\/Property-Logo-Main.svg\",\"contentUrl\":\"https:\/\/d2bw95mh2ee04s.cloudfront.net\/prod\/content\/wp-content\/uploads\/2025\/01\/02134814\/Property-Logo-Main.svg\",\"width\":184,\"height\":40,\"caption\":\"SELLERLOGIC\"},\"image\":{\"@id\":\"https:\/\/www.sellerlogic.com\/fi\/#\/schema\/logo\/image\/\"},\"sameAs\":[\"https:\/\/www.facebook.com\/SellerLogic\/\",\"https:\/\/x.com\/sellerlogic\",\"https:\/\/www.instagram.com\/sellerlogic\/\",\"https:\/\/www.linkedin.com\/company\/18402037\/\",\"https:\/\/www.youtube.com\/channel\/UC-gULUur-fNj08sprantKsQ\"]}]}<\/script>\n<!-- \/ Yoast SEO plugin. -->","yoast_head_json":{"title":"\"Samtige Haut\" saa Amazon-korvauksen SELLERLOGIC Lost & Found:n kautta","description":"Korvaukset yhdell\u00e4 napsautuksella: SELLERLOGIC-asiakas \"Samtige Haut\" saa korvauksensa Amazonilta Lost & Found:n kautta.","robots":{"index":"index","follow":"follow","max-snippet":"max-snippet:-1","max-image-preview":"max-image-preview:large","max-video-preview":"max-video-preview:-1"},"canonical":"https:\/\/www.sellerlogic.com\/fi\/resources\/success-story-samtige-haut\/","og_locale":"fi_FI","og_type":"article","og_title":"\"Samtige Haut\" saa Amazon-korvauksen SELLERLOGIC Lost & Found:n kautta","og_description":"Korvaukset yhdell\u00e4 napsautuksella: SELLERLOGIC-asiakas \"Samtige Haut\" saa korvauksensa Amazonilta Lost & Found:n kautta.","og_url":"https:\/\/www.sellerlogic.com\/fi\/resources\/success-story-samtige-haut\/","og_site_name":"SELLERLOGIC - Smarte Tools f\u00fcr Amazon-Seller","article_publisher":"https:\/\/www.facebook.com\/SellerLogic\/","og_image":[{"url":"https:\/\/www.sellerlogic.com\/wp-content\/uploads\/2020\/12\/samtige-haut-logo.png","type":"","width":"","height":""}],"twitter_card":"summary_large_image","twitter_site":"@sellerlogic","twitter_misc":{"Est. reading time":"3 minutes"},"schema":{"@context":"https:\/\/schema.org","@graph":[{"@type":"WebPage","@id":"https:\/\/www.sellerlogic.com\/fi\/resources\/success-story-samtige-haut\/","url":"https:\/\/www.sellerlogic.com\/fi\/resources\/success-story-samtige-haut\/","name":"\"Samtige Haut\" saa Amazon-korvauksen SELLERLOGIC Lost & Found:n kautta","isPartOf":{"@id":"https:\/\/www.sellerlogic.com\/fi\/#website"},"primaryImageOfPage":{"@id":"https:\/\/www.sellerlogic.com\/fi\/resources\/success-story-samtige-haut\/#primaryimage"},"image":{"@id":"https:\/\/www.sellerlogic.com\/fi\/resources\/success-story-samtige-haut\/#primaryimage"},"thumbnailUrl":"https:\/\/www.sellerlogic.com\/wp-content\/uploads\/2020\/12\/samtige-haut-logo.png","datePublished":"2020-12-18T10:43:41+00:00","description":"Korvaukset yhdell\u00e4 napsautuksella: SELLERLOGIC-asiakas \"Samtige Haut\" saa korvauksensa Amazonilta Lost & Found:n kautta.","breadcrumb":{"@id":"https:\/\/www.sellerlogic.com\/fi\/resources\/success-story-samtige-haut\/#breadcrumb"},"inLanguage":"fi","potentialAction":[{"@type":"ReadAction","target":["https:\/\/www.sellerlogic.com\/fi\/resources\/success-story-samtige-haut\/"]}]},{"@type":"ImageObject","inLanguage":"fi","@id":"https:\/\/www.sellerlogic.com\/fi\/resources\/success-story-samtige-haut\/#primaryimage","url":"https:\/\/www.sellerlogic.com\/wp-content\/uploads\/2020\/12\/samtige-haut-logo.png","contentUrl":"https:\/\/www.sellerlogic.com\/wp-content\/uploads\/2020\/12\/samtige-haut-logo.png"},{"@type":"BreadcrumbList","@id":"https:\/\/www.sellerlogic.com\/fi\/resources\/success-story-samtige-haut\/#breadcrumb","itemListElement":[{"@type":"ListItem","position":1,"name":"Home","item":"https:\/\/www.sellerlogic.com\/fi\/"},{"@type":"ListItem","position":2,"name":"Resurssit EN","item":"https:\/\/www.sellerlogic.com\/fi\/resources\/"},{"@type":"ListItem","position":3,"name":"Menestystarina: Samtige Haut EN"}]},{"@type":"WebSite","@id":"https:\/\/www.sellerlogic.com\/fi\/#website","url":"https:\/\/www.sellerlogic.com\/fi\/","name":"SELLERLOGIC - Smarte Tools f\u00fcr Amazon-Seller","description":"Intelligente Prozessoptimierung und Gewinnmaximierung","publisher":{"@id":"https:\/\/www.sellerlogic.com\/fi\/#organization"},"potentialAction":[{"@type":"SearchAction","target":{"@type":"EntryPoint","urlTemplate":"https:\/\/www.sellerlogic.com\/fi\/?s={search_term_string}"},"query-input":{"@type":"PropertyValueSpecification","valueRequired":true,"valueName":"search_term_string"}}],"inLanguage":"fi"},{"@type":"Organization","@id":"https:\/\/www.sellerlogic.com\/fi\/#organization","name":"SELLERLOGIC","url":"https:\/\/www.sellerlogic.com\/fi\/","logo":{"@type":"ImageObject","inLanguage":"fi","@id":"https:\/\/www.sellerlogic.com\/fi\/#\/schema\/logo\/image\/","url":"https:\/\/d2bw95mh2ee04s.cloudfront.net\/prod\/content\/wp-content\/uploads\/2025\/01\/02134814\/Property-Logo-Main.svg","contentUrl":"https:\/\/d2bw95mh2ee04s.cloudfront.net\/prod\/content\/wp-content\/uploads\/2025\/01\/02134814\/Property-Logo-Main.svg","width":184,"height":40,"caption":"SELLERLOGIC"},"image":{"@id":"https:\/\/www.sellerlogic.com\/fi\/#\/schema\/logo\/image\/"},"sameAs":["https:\/\/www.facebook.com\/SellerLogic\/","https:\/\/x.com\/sellerlogic","https:\/\/www.instagram.com\/sellerlogic\/","https:\/\/www.linkedin.com\/company\/18402037\/","https:\/\/www.youtube.com\/channel\/UC-gULUur-fNj08sprantKsQ"]}]}},"_links":{"self":[{"href":"https:\/\/www.sellerlogic.com\/fi\/wp-json\/wp\/v2\/pages\/231006","targetHints":{"allow":["GET"]}}],"collection":[{"href":"https:\/\/www.sellerlogic.com\/fi\/wp-json\/wp\/v2\/pages"}],"about":[{"href":"https:\/\/www.sellerlogic.com\/fi\/wp-json\/wp\/v2\/types\/page"}],"author":[{"embeddable":true,"href":"https:\/\/www.sellerlogic.com\/fi\/wp-json\/wp\/v2\/users\/8"}],"replies":[{"embeddable":true,"href":"https:\/\/www.sellerlogic.com\/fi\/wp-json\/wp\/v2\/comments?post=231006"}],"version-history":[{"count":0,"href":"https:\/\/www.sellerlogic.com\/fi\/wp-json\/wp\/v2\/pages\/231006\/revisions"}],"up":[{"embeddable":true,"href":"https:\/\/www.sellerlogic.com\/fi\/wp-json\/wp\/v2\/pages\/231081"}],"wp:attachment":[{"href":"https:\/\/www.sellerlogic.com\/fi\/wp-json\/wp\/v2\/media?parent=231006"}],"curies":[{"name":"wp","href":"https:\/\/api.w.org\/{rel}","templated":true}]}}